{"id":15855,"date":"2025-01-08T17:47:16","date_gmt":"2025-01-08T15:47:16","guid":{"rendered":"https:\/\/skaitytaknyga.lt\/?post_type=product&#038;p=15855"},"modified":"2026-03-18T12:53:40","modified_gmt":"2026-03-18T10:53:40","slug":"kodel-mano-kate-taip-elgiasi","status":"publish","type":"product","link":"https:\/\/skaitytaknyga.lt\/en\/produktas\/kodel-mano-kate-taip-elgiasi\/","title":{"rendered":"Kod\u0117l mano kat\u0117 taip elgiasi?"},"content":{"rendered":"<p>Kiekvienas kat\u0117s \u0161eimininkas \u017eino: tai gyv\u016bnas, su kuriuo susidraugavus u\u017emezgami itin \u0161ilti santykiai. Ta\u010diau nenusp\u0117jamas kat\u0117s elgesys da\u017enai suglumina ir net supykdo savinink\u0105, nes tiesiog ne\u017einoma jo prie\u017eastis. Kod\u0117l kat\u0117 puola, kai j\u0105 glostote? Kod\u0117l nori b\u016bti i\u0161leista, nors k\u0105 tik \u012fleidote \u012f vid\u0173? Kod\u0117l nuolat drasko baldus? \u0160i knyga ne tik leis geriau suprasti savo kat\u0119, bet ir suteiks prog\u0105 \u017evelgti \u012f pasaul\u012f ir save kat\u0117s akimis.<\/p>\n<ul class=\"about-product d-none d-xl-block mt-4\">\n<li><strong>Autorius:<\/strong>\u00a0Catherine Davidson<\/li>\n<li><strong>Leid\u0117jas:<\/strong>\u00a0Obuolys<\/li>\n<li><strong>Metai:<\/strong>\u00a02011<\/li>\n<li><strong>Puslapiai:<\/strong>\u00a0128<\/li>\n<li class=\"toggleable type-new-formats \"><strong>ISBN:<\/strong>\u00a09786094032899<\/li>\n<li class=\"toggleable type-new-formats \"><strong>Formatas:<\/strong>\u00a013,5 x 20 cm, kieti vir\u0161eliai<\/li>\n<li><strong>Kalba:<\/strong>\u00a0Lietuvi\u0173<\/li>\n<li><strong>Vert\u0117jas:<\/strong>\u00a0Lina Juod\u017ebalien\u0117<\/li>\n<li><strong>Knyg\u0173 serija:<\/strong>\u00a0Pom\u0117giai<\/li>\n<\/ul>\n","protected":false},"excerpt":{"rendered":"<p>Kiekvienas kat\u0117s \u0161eimininkas \u017eino: tai gyv\u016bnas, su kuriuo susidraugavus u\u017emezgami itin \u0161ilti santykiai. Ta\u010diau nenusp\u0117jamas kat\u0117s elgesys da\u017enai suglumina ir net supykdo savinink\u0105, nes tiesiog ne\u017einoma jo prie\u017eastis. Kod\u0117l kat\u0117 puola, kai j\u0105 glostote? Kod\u0117l nori b\u016bti i\u0161leista, nors k\u0105 tik \u012fleidote \u012f vid\u0173? Kod\u0117l nuolat drasko baldus? \u0160i knyga ne tik leis geriau suprasti savo kat\u0119, bet ir suteiks prog\u0105 \u017evelgti \u012f pasaul\u012f ir save kat\u0117s akimis. Autorius:\u00a0Catherine Davidson Leid\u0117jas:\u00a0Obuolys Metai:\u00a02011 Puslapiai:\u00a0128 ISBN:\u00a09786094032899 Formatas:\u00a013,5 x 20 cm, kieti vir\u0161eliai Kalba:\u00a0Lietuvi\u0173 Vert\u0117jas:\u00a0Lina Juod\u017ebalien\u0117 Knyg\u0173 serija:\u00a0Pom\u0117giai<\/p>\n","protected":false},"featured_media":15856,"comment_status":"open","ping_status":"closed","template":"","meta":{"_acf_changed":false,"site-sidebar-layout":"default","site-content-layout":"","ast-site-content-layout":"default","site-content-style":"default","site-sidebar-style":"default","ast-global-header-display":"","ast-banner-title-visibility":"","ast-main-header-display":"","ast-hfb-above-header-display":"","ast-hfb-below-header-display":"","ast-hfb-mobile-header-display":"","site-post-title":"","ast-breadcrumbs-content":"","ast-featured-img":"","footer-sml-layout":"","ast-disable-related-posts":"","theme-transparent-header-meta":"default","adv-header-id-meta":"","stick-header-meta":"","header-above-stick-meta":"","header-main-stick-meta":"","header-below-stick-meta":"","astra-migrate-meta-layouts":"set","ast-page-background-enabled":"default","ast-page-background-meta":{"desktop":{"background-color":"","background-image":"","background-repeat":"repeat","background-position":"center center","background-size":"auto","background-attachment":"scroll","background-type":"","background-media":"","overlay-type":"","overlay-color":"","overlay-opacity":"","overlay-gradient":""},"tablet":{"background-color":"","background-image":"","background-repeat":"repeat","background-position":"center center","background-size":"auto","background-attachment":"scroll","background-type":"","background-media":"","overlay-type":"","overlay-color":"","overlay-opacity":"","overlay-gradient":""},"mobile":{"background-color":"","background-image":"","background-repeat":"repeat","background-position":"center center","background-size":"auto","background-attachment":"scroll","background-type":"","background-media":"","overlay-type":"","overlay-color":"","overlay-opacity":"","overlay-gradient":""}},"ast-content-background-meta":{"desktop":{"background-color":"var(--ast-global-color-4)","background-image":"","background-repeat":"repeat","background-position":"center center","background-size":"auto","background-attachment":"scroll","background-type":"","background-media":"","overlay-type":"","overlay-color":"","overlay-opacity":"","overlay-gradient":""},"tablet":{"background-color":"var(--ast-global-color-4)","background-image":"","background-repeat":"repeat","background-position":"center center","background-size":"auto","background-attachment":"scroll","background-type":"","background-media":"","overlay-type":"","overlay-color":"","overlay-opacity":"","overlay-gradient":""},"mobile":{"background-color":"var(--ast-global-color-4)","background-image":"","background-repeat":"repeat","background-position":"center center","background-size":"auto","background-attachment":"scroll","background-type":"","background-media":"","overlay-type":"","overlay-color":"","overlay-opacity":"","overlay-gradient":""}}},"product_brand":[],"product_cat":[9849,269,15],"product_tag":[],"class_list":{"0":"post-15855","1":"product","2":"type-product","3":"status-publish","4":"has-post-thumbnail","6":"product_cat-gyvunai","7":"product_cat-gamtos-mokslai","8":"product_cat-uncategorized","9":"desktop-align-left","10":"tablet-align-left","11":"mobile-align-left","13":"first","14":"outofstock","15":"shipping-taxable","16":"purchasable","17":"product-type-simple"},"acf":[],"yoast_head":"<!-- This site is optimized with the Yoast SEO plugin v27.0 - https:\/\/yoast.com\/product\/yoast-seo-wordpress\/ -->\n<title>Kod\u0117l mano kat\u0117 taip elgiasi?<\/title>\n<meta name=\"description\" content=\"Kiekvienas kat\u0117s \u0161eimininkas \u017eino: tai gyv\u016bnas, su kuriuo susidraugavus u\u017emezgami itin \u0161ilti santykiai. Ta\u010diau nenusp\u0117jamas kat\u0117s elgesys da\u017enai suglumina\" \/>\n<meta name=\"robots\" content=\"index, follow, max-snippet:-1, max-image-preview:large, max-video-preview:-1\" \/>\n<link rel=\"canonical\" href=\"https:\/\/skaitytaknyga.lt\/en\/produktas\/kodel-mano-kate-taip-elgiasi\/\" \/>\n<meta property=\"og:locale\" content=\"en_GB\" \/>\n<meta property=\"og:locale:alternate\" content=\"lt_LT\" \/>\n<meta property=\"og:type\" content=\"article\" \/>\n<meta property=\"og:title\" content=\"Kod\u0117l mano kat\u0117 taip elgiasi?\" \/>\n<meta property=\"og:description\" content=\"Kiekvienas kat\u0117s \u0161eimininkas \u017eino: tai gyv\u016bnas, su kuriuo susidraugavus u\u017emezgami itin \u0161ilti santykiai. Ta\u010diau nenusp\u0117jamas kat\u0117s elgesys da\u017enai suglumina\" \/>\n<meta property=\"og:url\" content=\"https:\/\/skaitytaknyga.lt\/en\/produktas\/kodel-mano-kate-taip-elgiasi\/\" \/>\n<meta property=\"og:site_name\" content=\"Skaitytaknyga\" \/>\n<meta property=\"article:publisher\" content=\"https:\/\/www.facebook.com\/skaitytaknyga\/\" \/>\n<meta property=\"article:modified_time\" content=\"2026-03-18T10:53:40+00:00\" \/>\n<meta property=\"og:image\" content=\"https:\/\/skaitytaknyga.lt\/wp-content\/uploads\/2025\/01\/Kodel-mano-kate-taip-elgiasi.webp\" \/>\n\t<meta property=\"og:image:width\" content=\"535\" \/>\n\t<meta property=\"og:image:height\" content=\"800\" \/>\n\t<meta property=\"og:image:type\" content=\"image\/webp\" \/>\n<meta name=\"twitter:card\" content=\"summary_large_image\" \/>\n<meta name=\"twitter:label1\" content=\"Estimated reading time\" \/>\n\t<meta name=\"twitter:data1\" content=\"1 minute\" \/>\n<script type=\"application\/ld+json\" class=\"yoast-schema-graph\">{\"@context\":\"https:\/\/schema.org\",\"@graph\":[{\"@type\":\"WebPage\",\"@id\":\"https:\/\/skaitytaknyga.lt\/produktas\/kodel-mano-kate-taip-elgiasi\/\",\"url\":\"https:\/\/skaitytaknyga.lt\/produktas\/kodel-mano-kate-taip-elgiasi\/\",\"name\":\"Kod\u0117l mano kat\u0117 taip elgiasi?\",\"isPartOf\":{\"@id\":\"https:\/\/skaitytaknyga.lt\/#website\"},\"primaryImageOfPage\":{\"@id\":\"https:\/\/skaitytaknyga.lt\/produktas\/kodel-mano-kate-taip-elgiasi\/#primaryimage\"},\"image\":{\"@id\":\"https:\/\/skaitytaknyga.lt\/produktas\/kodel-mano-kate-taip-elgiasi\/#primaryimage\"},\"thumbnailUrl\":\"https:\/\/skaitytaknyga.lt\/wp-content\/uploads\/2025\/01\/Kodel-mano-kate-taip-elgiasi.webp\",\"datePublished\":\"2025-01-08T15:47:16+00:00\",\"dateModified\":\"2026-03-18T10:53:40+00:00\",\"description\":\"Kiekvienas kat\u0117s \u0161eimininkas \u017eino: tai gyv\u016bnas, su kuriuo susidraugavus u\u017emezgami itin \u0161ilti santykiai. Ta\u010diau nenusp\u0117jamas kat\u0117s elgesys da\u017enai suglumina\",\"breadcrumb\":{\"@id\":\"https:\/\/skaitytaknyga.lt\/produktas\/kodel-mano-kate-taip-elgiasi\/#breadcrumb\"},\"inLanguage\":\"en-GB\",\"potentialAction\":[{\"@type\":\"ReadAction\",\"target\":[\"https:\/\/skaitytaknyga.lt\/produktas\/kodel-mano-kate-taip-elgiasi\/\"]}]},{\"@type\":\"ImageObject\",\"inLanguage\":\"en-GB\",\"@id\":\"https:\/\/skaitytaknyga.lt\/produktas\/kodel-mano-kate-taip-elgiasi\/#primaryimage\",\"url\":\"https:\/\/skaitytaknyga.lt\/wp-content\/uploads\/2025\/01\/Kodel-mano-kate-taip-elgiasi.webp\",\"contentUrl\":\"https:\/\/skaitytaknyga.lt\/wp-content\/uploads\/2025\/01\/Kodel-mano-kate-taip-elgiasi.webp\",\"width\":535,\"height\":800,\"caption\":\"Kod\u0117l mano kat\u0117 taip elgiasi?\"},{\"@type\":\"BreadcrumbList\",\"@id\":\"https:\/\/skaitytaknyga.lt\/produktas\/kodel-mano-kate-taip-elgiasi\/#breadcrumb\",\"itemListElement\":[{\"@type\":\"ListItem\",\"position\":1,\"name\":\"Home\",\"item\":\"https:\/\/skaitytaknyga.lt\/\"},{\"@type\":\"ListItem\",\"position\":2,\"name\":\"Parduotuv\u0117\",\"item\":\"https:\/\/skaitytaknyga.lt\/knygu-parduotuve\/\"},{\"@type\":\"ListItem\",\"position\":3,\"name\":\"Kod\u0117l mano kat\u0117 taip elgiasi?\"}]},{\"@type\":\"WebSite\",\"@id\":\"https:\/\/skaitytaknyga.lt\/#website\",\"url\":\"https:\/\/skaitytaknyga.lt\/\",\"name\":\"skaitytaknyga.lt\",\"description\":\"Skaitytaknyga.lt \u2013 tai ma\u017eas \u0161eimos verslas, kuris prasid\u0117jo nuo meil\u0117s knygoms ir siekio i\u0161gelb\u0117ti knygas nuo likimo prie konteinerio. Kas vienam nereikalingas daiktas \u2013 kitam lobis, o mes esame tarpininkai, kurie padeda abiems tapti laimingesniems ???? \u017dinome kaip nelengva i\u0161gyventi ma\u017eiems verslams, tad nuo \u0161iol, \u010dia rasite ir kit\u0173, ma\u017e\u0173 \u0161eim\u0173 versl\u0173, rank\u0173 darbo, dovan\u0173 sau ir artimiesiems.\",\"publisher\":{\"@id\":\"https:\/\/skaitytaknyga.lt\/#organization\"},\"potentialAction\":[{\"@type\":\"SearchAction\",\"target\":{\"@type\":\"EntryPoint\",\"urlTemplate\":\"https:\/\/skaitytaknyga.lt\/?s={search_term_string}\"},\"query-input\":{\"@type\":\"PropertyValueSpecification\",\"valueRequired\":true,\"valueName\":\"search_term_string\"}}],\"inLanguage\":\"en-GB\"},{\"@type\":\"Organization\",\"@id\":\"https:\/\/skaitytaknyga.lt\/#organization\",\"name\":\"skaitytaknyga.lt\",\"url\":\"https:\/\/skaitytaknyga.lt\/\",\"logo\":{\"@type\":\"ImageObject\",\"inLanguage\":\"en-GB\",\"@id\":\"https:\/\/skaitytaknyga.lt\/#\/schema\/logo\/image\/\",\"url\":\"https:\/\/skaitytaknyga.lt\/wp-content\/uploads\/2024\/05\/cropped-cropped-cropped-02_00843_jt3bggkj1j3HLc7SyY6rEUpg.jpeg\",\"contentUrl\":\"https:\/\/skaitytaknyga.lt\/wp-content\/uploads\/2024\/05\/cropped-cropped-cropped-02_00843_jt3bggkj1j3HLc7SyY6rEUpg.jpeg\",\"width\":1600,\"height\":1600,\"caption\":\"skaitytaknyga.lt\"},\"image\":{\"@id\":\"https:\/\/skaitytaknyga.lt\/#\/schema\/logo\/image\/\"},\"sameAs\":[\"https:\/\/www.facebook.com\/skaitytaknyga\/\"]}]}<\/script>\n<!-- \/ Yoast SEO plugin. -->","yoast_head_json":{"title":"Kod\u0117l mano kat\u0117 taip elgiasi?","description":"Kiekvienas kat\u0117s \u0161eimininkas \u017eino: tai gyv\u016bnas, su kuriuo susidraugavus u\u017emezgami itin \u0161ilti santykiai. Ta\u010diau nenusp\u0117jamas kat\u0117s elgesys da\u017enai suglumina","robots":{"index":"index","follow":"follow","max-snippet":"max-snippet:-1","max-image-preview":"max-image-preview:large","max-video-preview":"max-video-preview:-1"},"canonical":"https:\/\/skaitytaknyga.lt\/en\/produktas\/kodel-mano-kate-taip-elgiasi\/","og_locale":"en_GB","og_type":"article","og_title":"[:lt]Kod\u0117l mano kat\u0117 taip elgiasi?[:] - Skaitytaknyga","og_description":"Kiekvienas kat\u0117s \u0161eimininkas \u017eino: tai gyv\u016bnas, su kuriuo susidraugavus u\u017emezgami itin \u0161ilti santykiai. Ta\u010diau nenusp\u0117jamas kat\u0117s elgesys da\u017enai suglumina","og_url":"https:\/\/skaitytaknyga.lt\/en\/produktas\/kodel-mano-kate-taip-elgiasi\/","og_site_name":"Skaitytaknyga","article_publisher":"https:\/\/www.facebook.com\/skaitytaknyga\/","article_modified_time":"2026-03-18T10:53:40+00:00","og_image":[{"width":535,"height":800,"url":"https:\/\/skaitytaknyga.lt\/wp-content\/uploads\/2025\/01\/Kodel-mano-kate-taip-elgiasi.webp","type":"image\/webp"}],"twitter_card":"summary_large_image","twitter_misc":{"Estimated reading time":"1 minute"},"schema":{"@context":"https:\/\/schema.org","@graph":[{"@type":"WebPage","@id":"https:\/\/skaitytaknyga.lt\/produktas\/kodel-mano-kate-taip-elgiasi\/","url":"https:\/\/skaitytaknyga.lt\/produktas\/kodel-mano-kate-taip-elgiasi\/","name":"Kod\u0117l mano kat\u0117 taip elgiasi?","isPartOf":{"@id":"https:\/\/skaitytaknyga.lt\/#website"},"primaryImageOfPage":{"@id":"https:\/\/skaitytaknyga.lt\/produktas\/kodel-mano-kate-taip-elgiasi\/#primaryimage"},"image":{"@id":"https:\/\/skaitytaknyga.lt\/produktas\/kodel-mano-kate-taip-elgiasi\/#primaryimage"},"thumbnailUrl":"https:\/\/skaitytaknyga.lt\/wp-content\/uploads\/2025\/01\/Kodel-mano-kate-taip-elgiasi.webp","datePublished":"2025-01-08T15:47:16+00:00","dateModified":"2026-03-18T10:53:40+00:00","description":"Kiekvienas kat\u0117s \u0161eimininkas \u017eino: tai gyv\u016bnas, su kuriuo susidraugavus u\u017emezgami itin \u0161ilti santykiai. Ta\u010diau nenusp\u0117jamas kat\u0117s elgesys da\u017enai suglumina","breadcrumb":{"@id":"https:\/\/skaitytaknyga.lt\/produktas\/kodel-mano-kate-taip-elgiasi\/#breadcrumb"},"inLanguage":"en-GB","potentialAction":[{"@type":"ReadAction","target":["https:\/\/skaitytaknyga.lt\/produktas\/kodel-mano-kate-taip-elgiasi\/"]}]},{"@type":"ImageObject","inLanguage":"en-GB","@id":"https:\/\/skaitytaknyga.lt\/produktas\/kodel-mano-kate-taip-elgiasi\/#primaryimage","url":"https:\/\/skaitytaknyga.lt\/wp-content\/uploads\/2025\/01\/Kodel-mano-kate-taip-elgiasi.webp","contentUrl":"https:\/\/skaitytaknyga.lt\/wp-content\/uploads\/2025\/01\/Kodel-mano-kate-taip-elgiasi.webp","width":535,"height":800,"caption":"Kod\u0117l mano kat\u0117 taip elgiasi?"},{"@type":"BreadcrumbList","@id":"https:\/\/skaitytaknyga.lt\/produktas\/kodel-mano-kate-taip-elgiasi\/#breadcrumb","itemListElement":[{"@type":"ListItem","position":1,"name":"Home","item":"https:\/\/skaitytaknyga.lt\/"},{"@type":"ListItem","position":2,"name":"Parduotuv\u0117","item":"https:\/\/skaitytaknyga.lt\/knygu-parduotuve\/"},{"@type":"ListItem","position":3,"name":"Kod\u0117l mano kat\u0117 taip elgiasi?"}]},{"@type":"WebSite","@id":"https:\/\/skaitytaknyga.lt\/#website","url":"https:\/\/skaitytaknyga.lt\/","name":"skaitytaknyga.lt","description":"Skaitytaknyga.lt \u2013 tai ma\u017eas \u0161eimos verslas, kuris prasid\u0117jo nuo meil\u0117s knygoms ir siekio i\u0161gelb\u0117ti knygas nuo likimo prie konteinerio. Kas vienam nereikalingas daiktas \u2013 kitam lobis, o mes esame tarpininkai, kurie padeda abiems tapti laimingesniems ???? \u017dinome kaip nelengva i\u0161gyventi ma\u017eiems verslams, tad nuo \u0161iol, \u010dia rasite ir kit\u0173, ma\u017e\u0173 \u0161eim\u0173 versl\u0173, rank\u0173 darbo, dovan\u0173 sau ir artimiesiems.","publisher":{"@id":"https:\/\/skaitytaknyga.lt\/#organization"},"potentialAction":[{"@type":"SearchAction","target":{"@type":"EntryPoint","urlTemplate":"https:\/\/skaitytaknyga.lt\/?s={search_term_string}"},"query-input":{"@type":"PropertyValueSpecification","valueRequired":true,"valueName":"search_term_string"}}],"inLanguage":"en-GB"},{"@type":"Organization","@id":"https:\/\/skaitytaknyga.lt\/#organization","name":"skaitytaknyga.lt","url":"https:\/\/skaitytaknyga.lt\/","logo":{"@type":"ImageObject","inLanguage":"en-GB","@id":"https:\/\/skaitytaknyga.lt\/#\/schema\/logo\/image\/","url":"https:\/\/skaitytaknyga.lt\/wp-content\/uploads\/2024\/05\/cropped-cropped-cropped-02_00843_jt3bggkj1j3HLc7SyY6rEUpg.jpeg","contentUrl":"https:\/\/skaitytaknyga.lt\/wp-content\/uploads\/2024\/05\/cropped-cropped-cropped-02_00843_jt3bggkj1j3HLc7SyY6rEUpg.jpeg","width":1600,"height":1600,"caption":"skaitytaknyga.lt"},"image":{"@id":"https:\/\/skaitytaknyga.lt\/#\/schema\/logo\/image\/"},"sameAs":["https:\/\/www.facebook.com\/skaitytaknyga\/"]}]}},"_links":{"self":[{"href":"https:\/\/skaitytaknyga.lt\/en\/wp-json\/wp\/v2\/product\/15855","targetHints":{"allow":["GET"]}}],"collection":[{"href":"https:\/\/skaitytaknyga.lt\/en\/wp-json\/wp\/v2\/product"}],"about":[{"href":"https:\/\/skaitytaknyga.lt\/en\/wp-json\/wp\/v2\/types\/product"}],"replies":[{"embeddable":true,"href":"https:\/\/skaitytaknyga.lt\/en\/wp-json\/wp\/v2\/comments?post=15855"}],"wp:featuredmedia":[{"embeddable":true,"href":"https:\/\/skaitytaknyga.lt\/en\/wp-json\/wp\/v2\/media\/15856"}],"wp:attachment":[{"href":"https:\/\/skaitytaknyga.lt\/en\/wp-json\/wp\/v2\/media?parent=15855"}],"wp:term":[{"taxonomy":"product_brand","embeddable":true,"href":"https:\/\/skaitytaknyga.lt\/en\/wp-json\/wp\/v2\/product_brand?post=15855"},{"taxonomy":"product_cat","embeddable":true,"href":"https:\/\/skaitytaknyga.lt\/en\/wp-json\/wp\/v2\/product_cat?post=15855"},{"taxonomy":"product_tag","embeddable":true,"href":"https:\/\/skaitytaknyga.lt\/en\/wp-json\/wp\/v2\/product_tag?post=15855"}],"curies":[{"name":"wp","href":"https:\/\/api.w.org\/{rel}","templated":true}]}}