{"id":15851,"date":"2025-01-08T15:02:48","date_gmt":"2025-01-08T13:02:48","guid":{"rendered":"https:\/\/skaitytaknyga.lt\/?post_type=product&#038;p=15851"},"modified":"2026-03-10T19:44:15","modified_gmt":"2026-03-10T17:44:15","slug":"ana-frank-dienorastis","status":"publish","type":"product","link":"https:\/\/skaitytaknyga.lt\/en\/produktas\/ana-frank-dienorastis\/","title":{"rendered":"Dienora\u0161tis"},"content":{"rendered":"<p>Jaunimui nuo 13 m.<\/p>\n<p><strong>\u201eStebuklas, kad dar neatsisakiau vis\u0173 savo vil\u010di\u0173 \u2013 juk jos juokingos ir ne\u012fgyvendinamos. Laikausi j\u0173 \u012fsikibusi ir, nepaisydama joki\u0173 aplinkybi\u0173, tikiu, kad \u017emogaus \u0161irdis i\u0161 prigimties gera.&#8221;<\/strong><\/p>\n<p><strong>Anos Frank dienora\u0161tis<\/strong>\u00a0\u2013 vienas i\u0161kalbingiausi\u0173 ir labiausiai jaudinan\u010di\u0173 holokausto liudijim\u0173. Slapstydamasi nuo naci\u0173 su \u0161eima ir draugais Amsterdame, Ana ra\u0161\u0117 dienora\u0161t\u012f nuo 1942 m.. iki 1944 m.<\/p>\n<p>Anos dienora\u0161tis \u2013 ne vien holokausto liudijimas, bet ir mergait\u0117s brendimo, jos nepalau\u017eiamo optimizmo ir tik\u0117jimo pa\u010diu gyvenimu istorija. Jauna mergina steb\u0117jo skeld\u0117jant\u012f pasaul\u012f, did\u017eiausias \u017emonijos nuod\u0117mes, bet neprarado tik\u0117jimo \u017emoni\u0173 gerumu ir vilties, kad vien\u0105 dien\u0105 gyvenimas ir v\u0117l sugr\u012f\u0161 \u012f \u012fprast\u0105. Ana apra\u0161\u0117 gyvenim\u0105 sl\u0117ptuv\u0117je, paaugli\u0161kas problemas, gimstan\u010dius jausmus, sav\u0119s atradim\u0105.<\/p>\n<p>\u0160is dienora\u0161tis \u2013 sukre\u010diantis argumentas, kur veda prietarai, nepakanta ir akla neapykanta, kai neduodamas atsakas, kai elgiamasi be atodairos.<\/p>\n<p>Ana mir\u0117 Bergen-Belzeno koncentracijos stovykloje 1945 metais nesulaukusi \u0161e\u0161ioliktojo gimtadienio. I\u0161gyveno tik Anos t\u0117vas, kuris ir \u012fvykd\u0117 dukters nor\u0105 \u2013 paskelb\u0117 jos dienora\u0161t\u012f. Nuo to laiko dienora\u0161tis i\u0161verstas \u012f 70 kalb\u0173.<\/p>\n<p>\u201eRa\u0161yti dienora\u0161t\u012f \u2013 keistas u\u017esi\u0117mimas tokiai kaip a\u0161. Ir ne vien tod\u0117l, kad anks\u010diau niekuomet nera\u0161iau. Man atrodo, kad v\u0117liau nei man pa\u010diai, nei kam nors kitam nebus \u012fdomios trylikamet\u0117s mokinuk\u0117s i\u0161pa\u017eintys. Nors i\u0161 tikr\u0173j\u0173 tai nelabai svarbu, tiesiog a\u0161 noriu ra\u0161yti, ma\u017ea to \u2013 atvirai pasakoti visk\u0105, kas guli ant \u0161irdies.&#8221;<\/p>\n<ul class=\"about-product d-none d-xl-block mt-4\">\n<li><strong>Autorius:<\/strong>\u00a0Ana Frank<\/li>\n<li><strong>Leid\u0117jas:<\/strong>\u00a0Alma littera<\/li>\n<li><strong>Metai:<\/strong> 2017<\/li>\n<li><strong>Puslapiai:<\/strong>\u00a0344<\/li>\n<li class=\"toggleable type-new-formats \"><strong>ISBN:<\/strong>\u00a09789955388241<\/li>\n<li class=\"toggleable type-new-formats \"><strong>Formatas:<\/strong>\u00a013 x 20,5 cm, kieti vir\u0161eliai<\/li>\n<li><strong>Kalba:<\/strong>\u00a0Lietuvi\u0173<\/li>\n<li><strong>Vert\u0117jas:<\/strong>\u00a0Audra Kalnien\u0117<\/li>\n<\/ul>\n","protected":false},"excerpt":{"rendered":"<p>Jaunimui nuo 13 m. \u201eStebuklas, kad dar neatsisakiau vis\u0173 savo vil\u010di\u0173 \u2013 juk jos juokingos ir ne\u012fgyvendinamos. Laikausi j\u0173 \u012fsikibusi ir, nepaisydama joki\u0173 aplinkybi\u0173, tikiu, kad \u017emogaus \u0161irdis i\u0161 prigimties gera.&#8221; Anos Frank dienora\u0161tis\u00a0\u2013 vienas i\u0161kalbingiausi\u0173 ir labiausiai jaudinan\u010di\u0173 holokausto liudijim\u0173. Slapstydamasi nuo naci\u0173 su \u0161eima ir draugais Amsterdame, Ana ra\u0161\u0117 dienora\u0161t\u012f nuo 1942 m.. iki 1944 m. Anos dienora\u0161tis \u2013 ne vien holokausto liudijimas, bet ir mergait\u0117s brendimo, jos nepalau\u017eiamo optimizmo ir tik\u0117jimo pa\u010diu gyvenimu istorija. Jauna mergina steb\u0117jo skeld\u0117jant\u012f pasaul\u012f, did\u017eiausias \u017emonijos nuod\u0117mes, bet neprarado tik\u0117jimo \u017emoni\u0173 gerumu ir vilties, kad vien\u0105 dien\u0105 gyvenimas ir v\u0117l sugr\u012f\u0161 \u012f \u012fprast\u0105. Ana apra\u0161\u0117 gyvenim\u0105 sl\u0117ptuv\u0117je, paaugli\u0161kas problemas, gimstan\u010dius jausmus, sav\u0119s atradim\u0105. \u0160is dienora\u0161tis \u2013 sukre\u010diantis argumentas, kur veda prietarai, nepakanta ir akla neapykanta, kai neduodamas atsakas, kai elgiamasi be atodairos. Ana mir\u0117 Bergen-Belzeno koncentracijos stovykloje 1945 metais nesulaukusi \u0161e\u0161ioliktojo gimtadienio. I\u0161gyveno tik Anos t\u0117vas, kuris ir \u012fvykd\u0117 dukters nor\u0105 \u2013 paskelb\u0117 jos dienora\u0161t\u012f. Nuo to laiko dienora\u0161tis i\u0161verstas \u012f 70 kalb\u0173. \u201eRa\u0161yti dienora\u0161t\u012f \u2013 keistas u\u017esi\u0117mimas tokiai kaip a\u0161. Ir ne vien tod\u0117l, kad anks\u010diau niekuomet nera\u0161iau. Man atrodo, kad v\u0117liau nei man pa\u010diai, nei kam nors kitam nebus \u012fdomios trylikamet\u0117s mokinuk\u0117s i\u0161pa\u017eintys. Nors i\u0161 tikr\u0173j\u0173 tai nelabai svarbu, tiesiog a\u0161 noriu ra\u0161yti, ma\u017ea to \u2013 atvirai pasakoti visk\u0105, kas guli ant \u0161irdies.&#8221; Autorius:\u00a0Ana Frank Leid\u0117jas:\u00a0Alma littera Metai: 2017 Puslapiai:\u00a0344 ISBN:\u00a09789955388241 Formatas:\u00a013 x 20,5 cm, kieti vir\u0161eliai Kalba:\u00a0Lietuvi\u0173 Vert\u0117jas:\u00a0Audra Kalnien\u0117<\/p>\n","protected":false},"featured_media":15852,"comment_status":"open","ping_status":"closed","template":"","meta":{"_acf_changed":false,"site-sidebar-layout":"default","site-content-layout":"","ast-site-content-layout":"default","site-content-style":"default","site-sidebar-style":"default","ast-global-header-display":"","ast-banner-title-visibility":"","ast-main-header-display":"","ast-hfb-above-header-display":"","ast-hfb-below-header-display":"","ast-hfb-mobile-header-display":"","site-post-title":"","ast-breadcrumbs-content":"","ast-featured-img":"","footer-sml-layout":"","ast-disable-related-posts":"","theme-transparent-header-meta":"default","adv-header-id-meta":"","stick-header-meta":"","header-above-stick-meta":"","header-main-stick-meta":"","header-below-stick-meta":"","astra-migrate-meta-layouts":"set","ast-page-background-enabled":"default","ast-page-background-meta":{"desktop":{"background-color":"","background-image":"","background-repeat":"repeat","background-position":"center center","background-size":"auto","background-attachment":"scroll","background-type":"","background-media":"","overlay-type":"","overlay-color":"","overlay-opacity":"","overlay-gradient":""},"tablet":{"background-color":"","background-image":"","background-repeat":"repeat","background-position":"center center","background-size":"auto","background-attachment":"scroll","background-type":"","background-media":"","overlay-type":"","overlay-color":"","overlay-opacity":"","overlay-gradient":""},"mobile":{"background-color":"","background-image":"","background-repeat":"repeat","background-position":"center center","background-size":"auto","background-attachment":"scroll","background-type":"","background-media":"","overlay-type":"","overlay-color":"","overlay-opacity":"","overlay-gradient":""}},"ast-content-background-meta":{"desktop":{"background-color":"var(--ast-global-color-4)","background-image":"","background-repeat":"repeat","background-position":"center center","background-size":"auto","background-attachment":"scroll","background-type":"","background-media":"","overlay-type":"","overlay-color":"","overlay-opacity":"","overlay-gradient":""},"tablet":{"background-color":"var(--ast-global-color-4)","background-image":"","background-repeat":"repeat","background-position":"center center","background-size":"auto","background-attachment":"scroll","background-type":"","background-media":"","overlay-type":"","overlay-color":"","overlay-opacity":"","overlay-gradient":""},"mobile":{"background-color":"var(--ast-global-color-4)","background-image":"","background-repeat":"repeat","background-position":"center center","background-size":"auto","background-attachment":"scroll","background-type":"","background-media":"","overlay-type":"","overlay-color":"","overlay-opacity":"","overlay-gradient":""}}},"product_brand":[],"product_cat":[9676],"product_tag":[1358,1095,1349],"class_list":{"0":"post-15851","1":"product","2":"type-product","3":"status-publish","4":"has-post-thumbnail","6":"product_cat-paaugliams","7":"product_tag-ana-frank","8":"product_tag-antrasis-pasaulinis-karas","9":"product_tag-atsiminimai","10":"desktop-align-left","11":"tablet-align-left","12":"mobile-align-left","14":"first","15":"outofstock","16":"shipping-taxable","17":"purchasable","18":"product-type-simple"},"acf":[],"yoast_head":"<!-- This site is optimized with the Yoast SEO plugin v27.0 - https:\/\/yoast.com\/product\/yoast-seo-wordpress\/ -->\n<title>Dienora\u0161tis<\/title>\n<meta name=\"description\" content=\"Jaunimui nuo 13 m. \u201eStebuklas, kad dar neatsisakiau vis\u0173 savo vil\u010di\u0173 \u2013 juk jos juokingos ir ne\u012fgyvendinamos. Laikausi j\u0173 \u012fsikibusi ir, nepaisydama joki\u0173\" \/>\n<meta name=\"robots\" content=\"index, follow, max-snippet:-1, max-image-preview:large, max-video-preview:-1\" \/>\n<link rel=\"canonical\" href=\"https:\/\/skaitytaknyga.lt\/en\/produktas\/ana-frank-dienorastis\/\" \/>\n<meta property=\"og:locale\" content=\"en_GB\" \/>\n<meta property=\"og:locale:alternate\" content=\"lt_LT\" \/>\n<meta property=\"og:type\" content=\"article\" \/>\n<meta property=\"og:title\" content=\"Dienora\u0161tis\" \/>\n<meta property=\"og:description\" content=\"Jaunimui nuo 13 m. \u201eStebuklas, kad dar neatsisakiau vis\u0173 savo vil\u010di\u0173 \u2013 juk jos juokingos ir ne\u012fgyvendinamos. Laikausi j\u0173 \u012fsikibusi ir, nepaisydama joki\u0173\" \/>\n<meta property=\"og:url\" content=\"https:\/\/skaitytaknyga.lt\/en\/produktas\/ana-frank-dienorastis\/\" \/>\n<meta property=\"og:site_name\" content=\"Skaitytaknyga\" \/>\n<meta property=\"article:publisher\" content=\"https:\/\/www.facebook.com\/skaitytaknyga\/\" \/>\n<meta property=\"article:modified_time\" content=\"2026-03-10T17:44:15+00:00\" \/>\n<meta property=\"og:image\" content=\"https:\/\/skaitytaknyga.lt\/wp-content\/uploads\/2025\/01\/Ana-Frank.-Dienorastis.webp\" \/>\n\t<meta property=\"og:image:width\" content=\"355\" \/>\n\t<meta property=\"og:image:height\" content=\"570\" \/>\n\t<meta property=\"og:image:type\" content=\"image\/webp\" \/>\n<meta name=\"twitter:card\" content=\"summary_large_image\" \/>\n<meta name=\"twitter:label1\" content=\"Estimated reading time\" \/>\n\t<meta name=\"twitter:data1\" content=\"2 minutes\" \/>\n<script type=\"application\/ld+json\" class=\"yoast-schema-graph\">{\"@context\":\"https:\/\/schema.org\",\"@graph\":[{\"@type\":\"WebPage\",\"@id\":\"https:\/\/skaitytaknyga.lt\/produktas\/ana-frank-dienorastis\/\",\"url\":\"https:\/\/skaitytaknyga.lt\/produktas\/ana-frank-dienorastis\/\",\"name\":\"Dienora\u0161tis\",\"isPartOf\":{\"@id\":\"https:\/\/skaitytaknyga.lt\/#website\"},\"primaryImageOfPage\":{\"@id\":\"https:\/\/skaitytaknyga.lt\/produktas\/ana-frank-dienorastis\/#primaryimage\"},\"image\":{\"@id\":\"https:\/\/skaitytaknyga.lt\/produktas\/ana-frank-dienorastis\/#primaryimage\"},\"thumbnailUrl\":\"https:\/\/skaitytaknyga.lt\/wp-content\/uploads\/2025\/01\/Ana-Frank.-Dienorastis.webp\",\"datePublished\":\"2025-01-08T13:02:48+00:00\",\"dateModified\":\"2026-03-10T17:44:15+00:00\",\"description\":\"Jaunimui nuo 13 m. \u201eStebuklas, kad dar neatsisakiau vis\u0173 savo vil\u010di\u0173 \u2013 juk jos juokingos ir ne\u012fgyvendinamos. Laikausi j\u0173 \u012fsikibusi ir, nepaisydama joki\u0173\",\"breadcrumb\":{\"@id\":\"https:\/\/skaitytaknyga.lt\/produktas\/ana-frank-dienorastis\/#breadcrumb\"},\"inLanguage\":\"en-GB\",\"potentialAction\":[{\"@type\":\"ReadAction\",\"target\":[\"https:\/\/skaitytaknyga.lt\/produktas\/ana-frank-dienorastis\/\"]}]},{\"@type\":\"ImageObject\",\"inLanguage\":\"en-GB\",\"@id\":\"https:\/\/skaitytaknyga.lt\/produktas\/ana-frank-dienorastis\/#primaryimage\",\"url\":\"https:\/\/skaitytaknyga.lt\/wp-content\/uploads\/2025\/01\/Ana-Frank.-Dienorastis.webp\",\"contentUrl\":\"https:\/\/skaitytaknyga.lt\/wp-content\/uploads\/2025\/01\/Ana-Frank.-Dienorastis.webp\",\"width\":355,\"height\":570,\"caption\":\"Ana Frank. Dienora\u0161tis\"},{\"@type\":\"BreadcrumbList\",\"@id\":\"https:\/\/skaitytaknyga.lt\/produktas\/ana-frank-dienorastis\/#breadcrumb\",\"itemListElement\":[{\"@type\":\"ListItem\",\"position\":1,\"name\":\"Home\",\"item\":\"https:\/\/skaitytaknyga.lt\/\"},{\"@type\":\"ListItem\",\"position\":2,\"name\":\"Parduotuv\u0117\",\"item\":\"https:\/\/skaitytaknyga.lt\/knygu-parduotuve\/\"},{\"@type\":\"ListItem\",\"position\":3,\"name\":\"Dienora\u0161tis\"}]},{\"@type\":\"WebSite\",\"@id\":\"https:\/\/skaitytaknyga.lt\/#website\",\"url\":\"https:\/\/skaitytaknyga.lt\/\",\"name\":\"skaitytaknyga.lt\",\"description\":\"Skaitytaknyga.lt \u2013 tai ma\u017eas \u0161eimos verslas, kuris prasid\u0117jo nuo meil\u0117s knygoms ir siekio i\u0161gelb\u0117ti knygas nuo likimo prie konteinerio. Kas vienam nereikalingas daiktas \u2013 kitam lobis, o mes esame tarpininkai, kurie padeda abiems tapti laimingesniems ???? \u017dinome kaip nelengva i\u0161gyventi ma\u017eiems verslams, tad nuo \u0161iol, \u010dia rasite ir kit\u0173, ma\u017e\u0173 \u0161eim\u0173 versl\u0173, rank\u0173 darbo, dovan\u0173 sau ir artimiesiems.\",\"publisher\":{\"@id\":\"https:\/\/skaitytaknyga.lt\/#organization\"},\"potentialAction\":[{\"@type\":\"SearchAction\",\"target\":{\"@type\":\"EntryPoint\",\"urlTemplate\":\"https:\/\/skaitytaknyga.lt\/?s={search_term_string}\"},\"query-input\":{\"@type\":\"PropertyValueSpecification\",\"valueRequired\":true,\"valueName\":\"search_term_string\"}}],\"inLanguage\":\"en-GB\"},{\"@type\":\"Organization\",\"@id\":\"https:\/\/skaitytaknyga.lt\/#organization\",\"name\":\"skaitytaknyga.lt\",\"url\":\"https:\/\/skaitytaknyga.lt\/\",\"logo\":{\"@type\":\"ImageObject\",\"inLanguage\":\"en-GB\",\"@id\":\"https:\/\/skaitytaknyga.lt\/#\/schema\/logo\/image\/\",\"url\":\"https:\/\/skaitytaknyga.lt\/wp-content\/uploads\/2024\/05\/cropped-cropped-cropped-02_00843_jt3bggkj1j3HLc7SyY6rEUpg.jpeg\",\"contentUrl\":\"https:\/\/skaitytaknyga.lt\/wp-content\/uploads\/2024\/05\/cropped-cropped-cropped-02_00843_jt3bggkj1j3HLc7SyY6rEUpg.jpeg\",\"width\":1600,\"height\":1600,\"caption\":\"skaitytaknyga.lt\"},\"image\":{\"@id\":\"https:\/\/skaitytaknyga.lt\/#\/schema\/logo\/image\/\"},\"sameAs\":[\"https:\/\/www.facebook.com\/skaitytaknyga\/\"]}]}<\/script>\n<!-- \/ Yoast SEO plugin. -->","yoast_head_json":{"title":"Dienora\u0161tis","description":"Jaunimui nuo 13 m. \u201eStebuklas, kad dar neatsisakiau vis\u0173 savo vil\u010di\u0173 \u2013 juk jos juokingos ir ne\u012fgyvendinamos. Laikausi j\u0173 \u012fsikibusi ir, nepaisydama joki\u0173","robots":{"index":"index","follow":"follow","max-snippet":"max-snippet:-1","max-image-preview":"max-image-preview:large","max-video-preview":"max-video-preview:-1"},"canonical":"https:\/\/skaitytaknyga.lt\/en\/produktas\/ana-frank-dienorastis\/","og_locale":"en_GB","og_type":"article","og_title":"[:lt]Dienora\u0161tis[:] - Skaitytaknyga","og_description":"Jaunimui nuo 13 m. \u201eStebuklas, kad dar neatsisakiau vis\u0173 savo vil\u010di\u0173 \u2013 juk jos juokingos ir ne\u012fgyvendinamos. Laikausi j\u0173 \u012fsikibusi ir, nepaisydama joki\u0173","og_url":"https:\/\/skaitytaknyga.lt\/en\/produktas\/ana-frank-dienorastis\/","og_site_name":"Skaitytaknyga","article_publisher":"https:\/\/www.facebook.com\/skaitytaknyga\/","article_modified_time":"2026-03-10T17:44:15+00:00","og_image":[{"width":355,"height":570,"url":"https:\/\/skaitytaknyga.lt\/wp-content\/uploads\/2025\/01\/Ana-Frank.-Dienorastis.webp","type":"image\/webp"}],"twitter_card":"summary_large_image","twitter_misc":{"Estimated reading time":"2 minutes"},"schema":{"@context":"https:\/\/schema.org","@graph":[{"@type":"WebPage","@id":"https:\/\/skaitytaknyga.lt\/produktas\/ana-frank-dienorastis\/","url":"https:\/\/skaitytaknyga.lt\/produktas\/ana-frank-dienorastis\/","name":"Dienora\u0161tis","isPartOf":{"@id":"https:\/\/skaitytaknyga.lt\/#website"},"primaryImageOfPage":{"@id":"https:\/\/skaitytaknyga.lt\/produktas\/ana-frank-dienorastis\/#primaryimage"},"image":{"@id":"https:\/\/skaitytaknyga.lt\/produktas\/ana-frank-dienorastis\/#primaryimage"},"thumbnailUrl":"https:\/\/skaitytaknyga.lt\/wp-content\/uploads\/2025\/01\/Ana-Frank.-Dienorastis.webp","datePublished":"2025-01-08T13:02:48+00:00","dateModified":"2026-03-10T17:44:15+00:00","description":"Jaunimui nuo 13 m. \u201eStebuklas, kad dar neatsisakiau vis\u0173 savo vil\u010di\u0173 \u2013 juk jos juokingos ir ne\u012fgyvendinamos. Laikausi j\u0173 \u012fsikibusi ir, nepaisydama joki\u0173","breadcrumb":{"@id":"https:\/\/skaitytaknyga.lt\/produktas\/ana-frank-dienorastis\/#breadcrumb"},"inLanguage":"en-GB","potentialAction":[{"@type":"ReadAction","target":["https:\/\/skaitytaknyga.lt\/produktas\/ana-frank-dienorastis\/"]}]},{"@type":"ImageObject","inLanguage":"en-GB","@id":"https:\/\/skaitytaknyga.lt\/produktas\/ana-frank-dienorastis\/#primaryimage","url":"https:\/\/skaitytaknyga.lt\/wp-content\/uploads\/2025\/01\/Ana-Frank.-Dienorastis.webp","contentUrl":"https:\/\/skaitytaknyga.lt\/wp-content\/uploads\/2025\/01\/Ana-Frank.-Dienorastis.webp","width":355,"height":570,"caption":"Ana Frank. Dienora\u0161tis"},{"@type":"BreadcrumbList","@id":"https:\/\/skaitytaknyga.lt\/produktas\/ana-frank-dienorastis\/#breadcrumb","itemListElement":[{"@type":"ListItem","position":1,"name":"Home","item":"https:\/\/skaitytaknyga.lt\/"},{"@type":"ListItem","position":2,"name":"Parduotuv\u0117","item":"https:\/\/skaitytaknyga.lt\/knygu-parduotuve\/"},{"@type":"ListItem","position":3,"name":"Dienora\u0161tis"}]},{"@type":"WebSite","@id":"https:\/\/skaitytaknyga.lt\/#website","url":"https:\/\/skaitytaknyga.lt\/","name":"skaitytaknyga.lt","description":"Skaitytaknyga.lt \u2013 tai ma\u017eas \u0161eimos verslas, kuris prasid\u0117jo nuo meil\u0117s knygoms ir siekio i\u0161gelb\u0117ti knygas nuo likimo prie konteinerio. Kas vienam nereikalingas daiktas \u2013 kitam lobis, o mes esame tarpininkai, kurie padeda abiems tapti laimingesniems ???? \u017dinome kaip nelengva i\u0161gyventi ma\u017eiems verslams, tad nuo \u0161iol, \u010dia rasite ir kit\u0173, ma\u017e\u0173 \u0161eim\u0173 versl\u0173, rank\u0173 darbo, dovan\u0173 sau ir artimiesiems.","publisher":{"@id":"https:\/\/skaitytaknyga.lt\/#organization"},"potentialAction":[{"@type":"SearchAction","target":{"@type":"EntryPoint","urlTemplate":"https:\/\/skaitytaknyga.lt\/?s={search_term_string}"},"query-input":{"@type":"PropertyValueSpecification","valueRequired":true,"valueName":"search_term_string"}}],"inLanguage":"en-GB"},{"@type":"Organization","@id":"https:\/\/skaitytaknyga.lt\/#organization","name":"skaitytaknyga.lt","url":"https:\/\/skaitytaknyga.lt\/","logo":{"@type":"ImageObject","inLanguage":"en-GB","@id":"https:\/\/skaitytaknyga.lt\/#\/schema\/logo\/image\/","url":"https:\/\/skaitytaknyga.lt\/wp-content\/uploads\/2024\/05\/cropped-cropped-cropped-02_00843_jt3bggkj1j3HLc7SyY6rEUpg.jpeg","contentUrl":"https:\/\/skaitytaknyga.lt\/wp-content\/uploads\/2024\/05\/cropped-cropped-cropped-02_00843_jt3bggkj1j3HLc7SyY6rEUpg.jpeg","width":1600,"height":1600,"caption":"skaitytaknyga.lt"},"image":{"@id":"https:\/\/skaitytaknyga.lt\/#\/schema\/logo\/image\/"},"sameAs":["https:\/\/www.facebook.com\/skaitytaknyga\/"]}]}},"_links":{"self":[{"href":"https:\/\/skaitytaknyga.lt\/en\/wp-json\/wp\/v2\/product\/15851","targetHints":{"allow":["GET"]}}],"collection":[{"href":"https:\/\/skaitytaknyga.lt\/en\/wp-json\/wp\/v2\/product"}],"about":[{"href":"https:\/\/skaitytaknyga.lt\/en\/wp-json\/wp\/v2\/types\/product"}],"replies":[{"embeddable":true,"href":"https:\/\/skaitytaknyga.lt\/en\/wp-json\/wp\/v2\/comments?post=15851"}],"wp:featuredmedia":[{"embeddable":true,"href":"https:\/\/skaitytaknyga.lt\/en\/wp-json\/wp\/v2\/media\/15852"}],"wp:attachment":[{"href":"https:\/\/skaitytaknyga.lt\/en\/wp-json\/wp\/v2\/media?parent=15851"}],"wp:term":[{"taxonomy":"product_brand","embeddable":true,"href":"https:\/\/skaitytaknyga.lt\/en\/wp-json\/wp\/v2\/product_brand?post=15851"},{"taxonomy":"product_cat","embeddable":true,"href":"https:\/\/skaitytaknyga.lt\/en\/wp-json\/wp\/v2\/product_cat?post=15851"},{"taxonomy":"product_tag","embeddable":true,"href":"https:\/\/skaitytaknyga.lt\/en\/wp-json\/wp\/v2\/product_tag?post=15851"}],"curies":[{"name":"wp","href":"https:\/\/api.w.org\/{rel}","templated":true}]}}