{"id":15849,"date":"2025-01-08T15:00:46","date_gmt":"2025-01-08T13:00:46","guid":{"rendered":"https:\/\/skaitytaknyga.lt\/?post_type=product&#038;p=15849"},"modified":"2026-03-05T16:16:37","modified_gmt":"2026-03-05T14:16:37","slug":"kiskis-morkus-didysis","status":"publish","type":"product","link":"https:\/\/skaitytaknyga.lt\/en\/produktas\/kiskis-morkus-didysis\/","title":{"rendered":"Ki\u0161kis Morkus Didysis (yra skaitymo \u017eymi\u0173, palamdym\u0173)"},"content":{"rendered":"<p>Tai jau \u0161e\u0161toji dailininko\u00a0<strong>K\u0119stu\u010dio Kasparavi\u010diaus<\/strong>\u00a0pasaka apie pyragus ir pyragai\u010dius, Ki\u0161kel\u012f Morkut\u012f ir jo tro\u0161kim\u0105 tapti dideliu, storu ir stipriu, apie sumani\u0105j\u0105 Triu\u0161yt\u0119 Prancuk\u0119 ir jos Ypating\u0105 \u0160velni\u0105j\u0105 Da\u017erovi\u0173 Diet\u0105.<\/p>\n<p>Vienu \u017eod\u017eiu, apie \u0161okius, meil\u0119 ir buvim\u0105 savimi.<\/p>\n<p>Ki\u0161kiui Morkui labai \u012fkyr\u0117jo du dalykai \u2013 nuolat grau\u017eti dar\u017eoves ir b\u016bti tokiam ma\u017eam. O, kad jis gal\u0117t\u0173 u\u017eaugti toks didelis, storas ir stiprus kaip Lokys! Pala, o kuo gi \u0161is mil\u017einas maitinasi? Ogi saldumynais. Nutarta: nuo \u0161iol \u2013 joki\u0173 kop\u016bst\u0173. Ki\u0161kis Morkus pusry\u010diams, pietums ir vakarienei m\u0117gausis tortais, pyragais, pyragai\u010diais, bandel\u0117mis, eklerais, sausainiais ir kitais gard\u0117siais.<\/p>\n<p>Ar pavyko Ki\u0161kiui Morkui \u0161itaip smali\u017eiaujant u\u017eaugti? O kaipgi. O ar jam patiko b\u016bti tokiam dideliam? Su\u017einosite perskait\u0119 vis\u0105 istorij\u0105 \u2013 o ji ne tik gardi, bet ir labai \u012fdomi!<\/p>\n<ul class=\"about-product d-none d-xl-block mt-4\">\n<li><strong>Autorius:<\/strong>\u00a0K\u0119stutis Kasparavi\u010dius<\/li>\n<li><strong>Leid\u0117jas:<\/strong>\u00a0Nieko rimto<\/li>\n<li><strong>Metai:<\/strong> 2008<\/li>\n<li><strong>Puslapiai:<\/strong>\u00a060<\/li>\n<li class=\"toggleable type-new-formats \"><strong>ISBN:<\/strong>\u00a09786094416477<\/li>\n<li class=\"toggleable type-new-formats \"><strong>Formatas:<\/strong>\u00a022,1 x 24,7 x 1,1 cm, kieti vir\u0161eliai<\/li>\n<li><strong>Kalba:<\/strong>\u00a0Lietuvi\u0173<\/li>\n<\/ul>\n","protected":false},"excerpt":{"rendered":"<p>Tai jau \u0161e\u0161toji dailininko\u00a0K\u0119stu\u010dio Kasparavi\u010diaus\u00a0pasaka apie pyragus ir pyragai\u010dius, Ki\u0161kel\u012f Morkut\u012f ir jo tro\u0161kim\u0105 tapti dideliu, storu ir stipriu, apie sumani\u0105j\u0105 Triu\u0161yt\u0119 Prancuk\u0119 ir jos Ypating\u0105 \u0160velni\u0105j\u0105 Da\u017erovi\u0173 Diet\u0105. Vienu \u017eod\u017eiu, apie \u0161okius, meil\u0119 ir buvim\u0105 savimi. Ki\u0161kiui Morkui labai \u012fkyr\u0117jo du dalykai \u2013 nuolat grau\u017eti dar\u017eoves ir b\u016bti tokiam ma\u017eam. O, kad jis gal\u0117t\u0173 u\u017eaugti toks didelis, storas ir stiprus kaip Lokys! Pala, o kuo gi \u0161is mil\u017einas maitinasi? Ogi saldumynais. Nutarta: nuo \u0161iol \u2013 joki\u0173 kop\u016bst\u0173. Ki\u0161kis Morkus pusry\u010diams, pietums ir vakarienei m\u0117gausis tortais, pyragais, pyragai\u010diais, bandel\u0117mis, eklerais, sausainiais ir kitais gard\u0117siais. Ar pavyko Ki\u0161kiui Morkui \u0161itaip smali\u017eiaujant u\u017eaugti? O kaipgi. O ar jam patiko b\u016bti tokiam dideliam? Su\u017einosite perskait\u0119 vis\u0105 istorij\u0105 \u2013 o ji ne tik gardi, bet ir labai \u012fdomi! Autorius:\u00a0K\u0119stutis Kasparavi\u010dius Leid\u0117jas:\u00a0Nieko rimto Metai: 2008 Puslapiai:\u00a060 ISBN:\u00a09786094416477 Formatas:\u00a022,1 x 24,7 x 1,1 cm, kieti vir\u0161eliai Kalba:\u00a0Lietuvi\u0173<\/p>\n","protected":false},"featured_media":15850,"comment_status":"open","ping_status":"closed","template":"","meta":{"_acf_changed":false,"site-sidebar-layout":"default","site-content-layout":"","ast-site-content-layout":"default","site-content-style":"default","site-sidebar-style":"default","ast-global-header-display":"","ast-banner-title-visibility":"","ast-main-header-display":"","ast-hfb-above-header-display":"","ast-hfb-below-header-display":"","ast-hfb-mobile-header-display":"","site-post-title":"","ast-breadcrumbs-content":"","ast-featured-img":"","footer-sml-layout":"","ast-disable-related-posts":"","theme-transparent-header-meta":"default","adv-header-id-meta":"","stick-header-meta":"","header-above-stick-meta":"","header-main-stick-meta":"","header-below-stick-meta":"","astra-migrate-meta-layouts":"set","ast-page-background-enabled":"default","ast-page-background-meta":{"desktop":{"background-color":"","background-image":"","background-repeat":"repeat","background-position":"center center","background-size":"auto","background-attachment":"scroll","background-type":"","background-media":"","overlay-type":"","overlay-color":"","overlay-opacity":"","overlay-gradient":""},"tablet":{"background-color":"","background-image":"","background-repeat":"repeat","background-position":"center center","background-size":"auto","background-attachment":"scroll","background-type":"","background-media":"","overlay-type":"","overlay-color":"","overlay-opacity":"","overlay-gradient":""},"mobile":{"background-color":"","background-image":"","background-repeat":"repeat","background-position":"center center","background-size":"auto","background-attachment":"scroll","background-type":"","background-media":"","overlay-type":"","overlay-color":"","overlay-opacity":"","overlay-gradient":""}},"ast-content-background-meta":{"desktop":{"background-color":"var(--ast-global-color-4)","background-image":"","background-repeat":"repeat","background-position":"center center","background-size":"auto","background-attachment":"scroll","background-type":"","background-media":"","overlay-type":"","overlay-color":"","overlay-opacity":"","overlay-gradient":""},"tablet":{"background-color":"var(--ast-global-color-4)","background-image":"","background-repeat":"repeat","background-position":"center center","background-size":"auto","background-attachment":"scroll","background-type":"","background-media":"","overlay-type":"","overlay-color":"","overlay-opacity":"","overlay-gradient":""},"mobile":{"background-color":"var(--ast-global-color-4)","background-image":"","background-repeat":"repeat","background-position":"center center","background-size":"auto","background-attachment":"scroll","background-type":"","background-media":"","overlay-type":"","overlay-color":"","overlay-opacity":"","overlay-gradient":""}}},"product_brand":[],"product_cat":[9674],"product_tag":[1647,2054,1980,3454,4993,4816,4992,1785],"class_list":{"0":"post-15849","1":"product","2":"type-product","3":"status-publish","4":"has-post-thumbnail","6":"product_cat-pradinukams","7":"product_tag-draugyste","8":"product_tag-gyvunai","9":"product_tag-humoras","10":"product_tag-kestutis-kasparavicius","11":"product_tag-kiskiai","12":"product_tag-pasaka","13":"product_tag-saldumynai","14":"product_tag-vaikams","15":"desktop-align-left","16":"tablet-align-left","17":"mobile-align-left","19":"first","20":"instock","21":"shipping-taxable","22":"purchasable","23":"product-type-simple"},"acf":[],"yoast_head":"<!-- This site is optimized with the Yoast SEO plugin v27.0 - https:\/\/yoast.com\/product\/yoast-seo-wordpress\/ -->\n<title>Ki\u0161kis Morkus Didysis (yra skaitymo \u017eymi\u0173, palamdym\u0173)<\/title>\n<meta name=\"description\" content=\"Tai jau \u0161e\u0161toji dailininko\u00a0K\u0119stu\u010dio Kasparavi\u010diaus\u00a0pasaka apie pyragus ir pyragai\u010dius, Ki\u0161kel\u012f Morkut\u012f ir jo tro\u0161kim\u0105 tapti dideliu, storu ir stipriu,\" \/>\n<meta name=\"robots\" content=\"index, follow, max-snippet:-1, max-image-preview:large, max-video-preview:-1\" \/>\n<link rel=\"canonical\" href=\"https:\/\/skaitytaknyga.lt\/en\/produktas\/kiskis-morkus-didysis\/\" \/>\n<meta property=\"og:locale\" content=\"en_GB\" \/>\n<meta property=\"og:locale:alternate\" content=\"lt_LT\" \/>\n<meta property=\"og:type\" content=\"article\" \/>\n<meta property=\"og:title\" content=\"Ki\u0161kis Morkus Didysis (yra skaitymo \u017eymi\u0173, palamdym\u0173)\" \/>\n<meta property=\"og:description\" content=\"Tai jau \u0161e\u0161toji dailininko\u00a0K\u0119stu\u010dio Kasparavi\u010diaus\u00a0pasaka apie pyragus ir pyragai\u010dius, Ki\u0161kel\u012f Morkut\u012f ir jo tro\u0161kim\u0105 tapti dideliu, storu ir stipriu,\" \/>\n<meta property=\"og:url\" content=\"https:\/\/skaitytaknyga.lt\/en\/produktas\/kiskis-morkus-didysis\/\" \/>\n<meta property=\"og:site_name\" content=\"Skaitytaknyga\" \/>\n<meta property=\"article:publisher\" content=\"https:\/\/www.facebook.com\/skaitytaknyga\/\" \/>\n<meta property=\"article:modified_time\" content=\"2026-03-05T14:16:37+00:00\" \/>\n<meta property=\"og:image\" content=\"https:\/\/skaitytaknyga.lt\/wp-content\/uploads\/2025\/01\/Kiskis-Morkus-Didysis.webp\" \/>\n\t<meta property=\"og:image:width\" content=\"740\" \/>\n\t<meta property=\"og:image:height\" content=\"800\" \/>\n\t<meta property=\"og:image:type\" content=\"image\/webp\" \/>\n<meta name=\"twitter:card\" content=\"summary_large_image\" \/>\n<meta name=\"twitter:label1\" content=\"Estimated reading time\" \/>\n\t<meta name=\"twitter:data1\" content=\"1 minute\" \/>\n<script type=\"application\/ld+json\" class=\"yoast-schema-graph\">{\"@context\":\"https:\/\/schema.org\",\"@graph\":[{\"@type\":\"WebPage\",\"@id\":\"https:\/\/skaitytaknyga.lt\/produktas\/kiskis-morkus-didysis\/\",\"url\":\"https:\/\/skaitytaknyga.lt\/produktas\/kiskis-morkus-didysis\/\",\"name\":\"Ki\u0161kis Morkus Didysis (yra skaitymo \u017eymi\u0173, palamdym\u0173)\",\"isPartOf\":{\"@id\":\"https:\/\/skaitytaknyga.lt\/#website\"},\"primaryImageOfPage\":{\"@id\":\"https:\/\/skaitytaknyga.lt\/produktas\/kiskis-morkus-didysis\/#primaryimage\"},\"image\":{\"@id\":\"https:\/\/skaitytaknyga.lt\/produktas\/kiskis-morkus-didysis\/#primaryimage\"},\"thumbnailUrl\":\"https:\/\/skaitytaknyga.lt\/wp-content\/uploads\/2025\/01\/Kiskis-Morkus-Didysis.webp\",\"datePublished\":\"2025-01-08T13:00:46+00:00\",\"dateModified\":\"2026-03-05T14:16:37+00:00\",\"description\":\"Tai jau \u0161e\u0161toji dailininko\u00a0K\u0119stu\u010dio Kasparavi\u010diaus\u00a0pasaka apie pyragus ir pyragai\u010dius, Ki\u0161kel\u012f Morkut\u012f ir jo tro\u0161kim\u0105 tapti dideliu, storu ir stipriu,\",\"breadcrumb\":{\"@id\":\"https:\/\/skaitytaknyga.lt\/produktas\/kiskis-morkus-didysis\/#breadcrumb\"},\"inLanguage\":\"en-GB\",\"potentialAction\":[{\"@type\":\"ReadAction\",\"target\":[\"https:\/\/skaitytaknyga.lt\/produktas\/kiskis-morkus-didysis\/\"]}]},{\"@type\":\"ImageObject\",\"inLanguage\":\"en-GB\",\"@id\":\"https:\/\/skaitytaknyga.lt\/produktas\/kiskis-morkus-didysis\/#primaryimage\",\"url\":\"https:\/\/skaitytaknyga.lt\/wp-content\/uploads\/2025\/01\/Kiskis-Morkus-Didysis.webp\",\"contentUrl\":\"https:\/\/skaitytaknyga.lt\/wp-content\/uploads\/2025\/01\/Kiskis-Morkus-Didysis.webp\",\"width\":740,\"height\":800,\"caption\":\"Ki\u0161kis Morkus Didysis\"},{\"@type\":\"BreadcrumbList\",\"@id\":\"https:\/\/skaitytaknyga.lt\/produktas\/kiskis-morkus-didysis\/#breadcrumb\",\"itemListElement\":[{\"@type\":\"ListItem\",\"position\":1,\"name\":\"Home\",\"item\":\"https:\/\/skaitytaknyga.lt\/\"},{\"@type\":\"ListItem\",\"position\":2,\"name\":\"Parduotuv\u0117\",\"item\":\"https:\/\/skaitytaknyga.lt\/knygu-parduotuve\/\"},{\"@type\":\"ListItem\",\"position\":3,\"name\":\"Ki\u0161kis Morkus Didysis (yra skaitymo \u017eymi\u0173, palamdym\u0173)\"}]},{\"@type\":\"WebSite\",\"@id\":\"https:\/\/skaitytaknyga.lt\/#website\",\"url\":\"https:\/\/skaitytaknyga.lt\/\",\"name\":\"skaitytaknyga.lt\",\"description\":\"Skaitytaknyga.lt \u2013 tai ma\u017eas \u0161eimos verslas, kuris prasid\u0117jo nuo meil\u0117s knygoms ir siekio i\u0161gelb\u0117ti knygas nuo likimo prie konteinerio. Kas vienam nereikalingas daiktas \u2013 kitam lobis, o mes esame tarpininkai, kurie padeda abiems tapti laimingesniems ???? \u017dinome kaip nelengva i\u0161gyventi ma\u017eiems verslams, tad nuo \u0161iol, \u010dia rasite ir kit\u0173, ma\u017e\u0173 \u0161eim\u0173 versl\u0173, rank\u0173 darbo, dovan\u0173 sau ir artimiesiems.\",\"publisher\":{\"@id\":\"https:\/\/skaitytaknyga.lt\/#organization\"},\"potentialAction\":[{\"@type\":\"SearchAction\",\"target\":{\"@type\":\"EntryPoint\",\"urlTemplate\":\"https:\/\/skaitytaknyga.lt\/?s={search_term_string}\"},\"query-input\":{\"@type\":\"PropertyValueSpecification\",\"valueRequired\":true,\"valueName\":\"search_term_string\"}}],\"inLanguage\":\"en-GB\"},{\"@type\":\"Organization\",\"@id\":\"https:\/\/skaitytaknyga.lt\/#organization\",\"name\":\"skaitytaknyga.lt\",\"url\":\"https:\/\/skaitytaknyga.lt\/\",\"logo\":{\"@type\":\"ImageObject\",\"inLanguage\":\"en-GB\",\"@id\":\"https:\/\/skaitytaknyga.lt\/#\/schema\/logo\/image\/\",\"url\":\"https:\/\/skaitytaknyga.lt\/wp-content\/uploads\/2024\/05\/cropped-cropped-cropped-02_00843_jt3bggkj1j3HLc7SyY6rEUpg.jpeg\",\"contentUrl\":\"https:\/\/skaitytaknyga.lt\/wp-content\/uploads\/2024\/05\/cropped-cropped-cropped-02_00843_jt3bggkj1j3HLc7SyY6rEUpg.jpeg\",\"width\":1600,\"height\":1600,\"caption\":\"skaitytaknyga.lt\"},\"image\":{\"@id\":\"https:\/\/skaitytaknyga.lt\/#\/schema\/logo\/image\/\"},\"sameAs\":[\"https:\/\/www.facebook.com\/skaitytaknyga\/\"]}]}<\/script>\n<!-- \/ Yoast SEO plugin. -->","yoast_head_json":{"title":"Ki\u0161kis Morkus Didysis (yra skaitymo \u017eymi\u0173, palamdym\u0173)","description":"Tai jau \u0161e\u0161toji dailininko\u00a0K\u0119stu\u010dio Kasparavi\u010diaus\u00a0pasaka apie pyragus ir pyragai\u010dius, Ki\u0161kel\u012f Morkut\u012f ir jo tro\u0161kim\u0105 tapti dideliu, storu ir stipriu,","robots":{"index":"index","follow":"follow","max-snippet":"max-snippet:-1","max-image-preview":"max-image-preview:large","max-video-preview":"max-video-preview:-1"},"canonical":"https:\/\/skaitytaknyga.lt\/en\/produktas\/kiskis-morkus-didysis\/","og_locale":"en_GB","og_type":"article","og_title":"[:lt]Ki\u0161kis Morkus Didysis (yra skaitymo \u017eymi\u0173, palamdym\u0173)[:] - Skaitytaknyga","og_description":"Tai jau \u0161e\u0161toji dailininko\u00a0K\u0119stu\u010dio Kasparavi\u010diaus\u00a0pasaka apie pyragus ir pyragai\u010dius, Ki\u0161kel\u012f Morkut\u012f ir jo tro\u0161kim\u0105 tapti dideliu, storu ir stipriu,","og_url":"https:\/\/skaitytaknyga.lt\/en\/produktas\/kiskis-morkus-didysis\/","og_site_name":"Skaitytaknyga","article_publisher":"https:\/\/www.facebook.com\/skaitytaknyga\/","article_modified_time":"2026-03-05T14:16:37+00:00","og_image":[{"width":740,"height":800,"url":"https:\/\/skaitytaknyga.lt\/wp-content\/uploads\/2025\/01\/Kiskis-Morkus-Didysis.webp","type":"image\/webp"}],"twitter_card":"summary_large_image","twitter_misc":{"Estimated reading time":"1 minute"},"schema":{"@context":"https:\/\/schema.org","@graph":[{"@type":"WebPage","@id":"https:\/\/skaitytaknyga.lt\/produktas\/kiskis-morkus-didysis\/","url":"https:\/\/skaitytaknyga.lt\/produktas\/kiskis-morkus-didysis\/","name":"Ki\u0161kis Morkus Didysis (yra skaitymo \u017eymi\u0173, palamdym\u0173)","isPartOf":{"@id":"https:\/\/skaitytaknyga.lt\/#website"},"primaryImageOfPage":{"@id":"https:\/\/skaitytaknyga.lt\/produktas\/kiskis-morkus-didysis\/#primaryimage"},"image":{"@id":"https:\/\/skaitytaknyga.lt\/produktas\/kiskis-morkus-didysis\/#primaryimage"},"thumbnailUrl":"https:\/\/skaitytaknyga.lt\/wp-content\/uploads\/2025\/01\/Kiskis-Morkus-Didysis.webp","datePublished":"2025-01-08T13:00:46+00:00","dateModified":"2026-03-05T14:16:37+00:00","description":"Tai jau \u0161e\u0161toji dailininko\u00a0K\u0119stu\u010dio Kasparavi\u010diaus\u00a0pasaka apie pyragus ir pyragai\u010dius, Ki\u0161kel\u012f Morkut\u012f ir jo tro\u0161kim\u0105 tapti dideliu, storu ir stipriu,","breadcrumb":{"@id":"https:\/\/skaitytaknyga.lt\/produktas\/kiskis-morkus-didysis\/#breadcrumb"},"inLanguage":"en-GB","potentialAction":[{"@type":"ReadAction","target":["https:\/\/skaitytaknyga.lt\/produktas\/kiskis-morkus-didysis\/"]}]},{"@type":"ImageObject","inLanguage":"en-GB","@id":"https:\/\/skaitytaknyga.lt\/produktas\/kiskis-morkus-didysis\/#primaryimage","url":"https:\/\/skaitytaknyga.lt\/wp-content\/uploads\/2025\/01\/Kiskis-Morkus-Didysis.webp","contentUrl":"https:\/\/skaitytaknyga.lt\/wp-content\/uploads\/2025\/01\/Kiskis-Morkus-Didysis.webp","width":740,"height":800,"caption":"Ki\u0161kis Morkus Didysis"},{"@type":"BreadcrumbList","@id":"https:\/\/skaitytaknyga.lt\/produktas\/kiskis-morkus-didysis\/#breadcrumb","itemListElement":[{"@type":"ListItem","position":1,"name":"Home","item":"https:\/\/skaitytaknyga.lt\/"},{"@type":"ListItem","position":2,"name":"Parduotuv\u0117","item":"https:\/\/skaitytaknyga.lt\/knygu-parduotuve\/"},{"@type":"ListItem","position":3,"name":"Ki\u0161kis Morkus Didysis (yra skaitymo \u017eymi\u0173, palamdym\u0173)"}]},{"@type":"WebSite","@id":"https:\/\/skaitytaknyga.lt\/#website","url":"https:\/\/skaitytaknyga.lt\/","name":"skaitytaknyga.lt","description":"Skaitytaknyga.lt \u2013 tai ma\u017eas \u0161eimos verslas, kuris prasid\u0117jo nuo meil\u0117s knygoms ir siekio i\u0161gelb\u0117ti knygas nuo likimo prie konteinerio. Kas vienam nereikalingas daiktas \u2013 kitam lobis, o mes esame tarpininkai, kurie padeda abiems tapti laimingesniems ???? \u017dinome kaip nelengva i\u0161gyventi ma\u017eiems verslams, tad nuo \u0161iol, \u010dia rasite ir kit\u0173, ma\u017e\u0173 \u0161eim\u0173 versl\u0173, rank\u0173 darbo, dovan\u0173 sau ir artimiesiems.","publisher":{"@id":"https:\/\/skaitytaknyga.lt\/#organization"},"potentialAction":[{"@type":"SearchAction","target":{"@type":"EntryPoint","urlTemplate":"https:\/\/skaitytaknyga.lt\/?s={search_term_string}"},"query-input":{"@type":"PropertyValueSpecification","valueRequired":true,"valueName":"search_term_string"}}],"inLanguage":"en-GB"},{"@type":"Organization","@id":"https:\/\/skaitytaknyga.lt\/#organization","name":"skaitytaknyga.lt","url":"https:\/\/skaitytaknyga.lt\/","logo":{"@type":"ImageObject","inLanguage":"en-GB","@id":"https:\/\/skaitytaknyga.lt\/#\/schema\/logo\/image\/","url":"https:\/\/skaitytaknyga.lt\/wp-content\/uploads\/2024\/05\/cropped-cropped-cropped-02_00843_jt3bggkj1j3HLc7SyY6rEUpg.jpeg","contentUrl":"https:\/\/skaitytaknyga.lt\/wp-content\/uploads\/2024\/05\/cropped-cropped-cropped-02_00843_jt3bggkj1j3HLc7SyY6rEUpg.jpeg","width":1600,"height":1600,"caption":"skaitytaknyga.lt"},"image":{"@id":"https:\/\/skaitytaknyga.lt\/#\/schema\/logo\/image\/"},"sameAs":["https:\/\/www.facebook.com\/skaitytaknyga\/"]}]}},"_links":{"self":[{"href":"https:\/\/skaitytaknyga.lt\/en\/wp-json\/wp\/v2\/product\/15849","targetHints":{"allow":["GET"]}}],"collection":[{"href":"https:\/\/skaitytaknyga.lt\/en\/wp-json\/wp\/v2\/product"}],"about":[{"href":"https:\/\/skaitytaknyga.lt\/en\/wp-json\/wp\/v2\/types\/product"}],"replies":[{"embeddable":true,"href":"https:\/\/skaitytaknyga.lt\/en\/wp-json\/wp\/v2\/comments?post=15849"}],"wp:featuredmedia":[{"embeddable":true,"href":"https:\/\/skaitytaknyga.lt\/en\/wp-json\/wp\/v2\/media\/15850"}],"wp:attachment":[{"href":"https:\/\/skaitytaknyga.lt\/en\/wp-json\/wp\/v2\/media?parent=15849"}],"wp:term":[{"taxonomy":"product_brand","embeddable":true,"href":"https:\/\/skaitytaknyga.lt\/en\/wp-json\/wp\/v2\/product_brand?post=15849"},{"taxonomy":"product_cat","embeddable":true,"href":"https:\/\/skaitytaknyga.lt\/en\/wp-json\/wp\/v2\/product_cat?post=15849"},{"taxonomy":"product_tag","embeddable":true,"href":"https:\/\/skaitytaknyga.lt\/en\/wp-json\/wp\/v2\/product_tag?post=15849"}],"curies":[{"name":"wp","href":"https:\/\/api.w.org\/{rel}","templated":true}]}}