{"id":15843,"date":"2025-01-08T14:55:33","date_gmt":"2025-01-08T12:55:33","guid":{"rendered":"https:\/\/skaitytaknyga.lt\/?post_type=product&#038;p=15843"},"modified":"2025-05-19T09:47:18","modified_gmt":"2025-05-19T06:47:18","slug":"kaledu-giesme","status":"publish","type":"product","link":"https:\/\/skaitytaknyga.lt\/en\/produktas\/kaledu-giesme\/","title":{"rendered":"Kal\u0117d\u0173 giesm\u0117"},"content":{"rendered":"<p>Ar skait\u0117te garsiausi\u0105 Kal\u0117d\u0173 istorij\u0105, kuri paskatino Walt Disney sukurti antino Skrud\u017eo persona\u017e\u0105 bei \u012fkv\u0117p\u0117 \u201eSimpson\u0173&#8221;, \u201eBarb\u0117s&#8221; ir naujausio filmo su Jim Carey siu\u017eetus?<\/p>\n<p>Ebinizeris Skrud\u017eas nemato jokios prasm\u0117s d\u017eiaugtis Kal\u0117domis. Jis ver\u010dia savo ra\u0161tinink\u0105 Bob\u0105 Kre\u010dit\u0105 dirbti \u017evarbioje kamar\u0117l\u0117je gail\u0117damas keli\u0173 anglies gabal\u0117li\u0173 ir tik paskutin\u0119 minut\u0119 sutinka duoti varg\u0161ui vien\u0105 laisv\u0105 dien\u0105. Kre\u010ditas gr\u012f\u017eta \u012f kuklius, bet laimingus namus. O t\u0105 ypating\u0105 K\u016b\u010di\u0173 vakar\u0105 kieta\u0161irdis turtuolis gauna nepaprast\u0105 ir \u0161iurpi\u0105 dovan\u0105: beproti\u0161k\u0105 kelion\u0119 po praeities, dabarties ir ateities Kal\u0117das. Trys dvasios lydi apgail\u0117tin\u0105 \u0161yk\u0161tuol\u012f reg\u0117jimuose, kurie pakei\u010dia j\u012f visiems laikams &#8211; atveria akis ir \u0161ird\u012f, padaro geresniu \u017emogumi.<\/p>\n<p>Pati tapusi Kal\u0117d\u0173 tradicija, \u0161iandien garsaus angl\u0173 ra\u0161ytojo Charleso Dickenso \u201eKal\u0117d\u0173 giesm\u0117&#8221; jaudina sen\u0105 ir jaun\u0105, varg\u0161\u0105 ir turting\u0105 tiek pat, kiek ir 1843 m., kai pasirod\u0117 pirm\u0105 kart\u0105. Tai viena i\u0161 geriausi\u0173 vis\u0173 laik\u0173 kal\u0117dini\u0173 istorij\u0173 ir&#8230; pati pirmoji. Pagal knyg\u0105 pastatyta \u0161imtai spektakli\u0173 ir film\u0173, i\u0161leista galyb\u0117 pakartotini\u0173 leidim\u0173, o Ch. Dickensas Skrud\u017eo balsu teberagina \u0161v\u0119sti Kal\u0117das \u0161irdyje ir saugoti j\u0173 dvasi\u0105 visus metus.<\/p>\n<ul class=\"about-product d-none d-xl-block mt-4\">\n<li><strong>Autorius:<\/strong>\u00a0\u010carlzas Dikensas<\/li>\n<li><strong>Leid\u0117jas:<\/strong>\u00a0Alka<\/li>\n<li><strong>Metai:<\/strong>\u00a01997<\/li>\n<li><strong>Puslapiai:<\/strong>\u00a0239<\/li>\n<li class=\"toggleable type-new-formats \"><strong>ISBN-10:<\/strong>\u00a09986459265<\/li>\n<li class=\"toggleable type-new-formats \"><strong>ISBN-13:<\/strong>\u00a09789986459262<\/li>\n<li class=\"toggleable type-new-formats \"><strong>Formatas:<\/strong>\u00a014 x 20 cm, kieti vir\u0161eliai<\/li>\n<li><strong>Kalba:<\/strong>\u00a0Lietuvi\u0173<\/li>\n<li><strong>Vert\u0117jas:<\/strong>\u00a0Elena Stasiulevi\u010di\u016bt\u0117<\/li>\n<\/ul>\n","protected":false},"excerpt":{"rendered":"<p>Ar skait\u0117te garsiausi\u0105 Kal\u0117d\u0173 istorij\u0105, kuri paskatino Walt Disney sukurti antino Skrud\u017eo persona\u017e\u0105 bei \u012fkv\u0117p\u0117 \u201eSimpson\u0173&#8221;, \u201eBarb\u0117s&#8221; ir naujausio filmo su Jim Carey siu\u017eetus? Ebinizeris Skrud\u017eas nemato jokios prasm\u0117s d\u017eiaugtis Kal\u0117domis. Jis ver\u010dia savo ra\u0161tinink\u0105 Bob\u0105 Kre\u010dit\u0105 dirbti \u017evarbioje kamar\u0117l\u0117je gail\u0117damas keli\u0173 anglies gabal\u0117li\u0173 ir tik paskutin\u0119 minut\u0119 sutinka duoti varg\u0161ui vien\u0105 laisv\u0105 dien\u0105. Kre\u010ditas gr\u012f\u017eta \u012f kuklius, bet laimingus namus. O t\u0105 ypating\u0105 K\u016b\u010di\u0173 vakar\u0105 kieta\u0161irdis turtuolis gauna nepaprast\u0105 ir \u0161iurpi\u0105 dovan\u0105: beproti\u0161k\u0105 kelion\u0119 po praeities, dabarties ir ateities Kal\u0117das. Trys dvasios lydi apgail\u0117tin\u0105 \u0161yk\u0161tuol\u012f reg\u0117jimuose, kurie pakei\u010dia j\u012f visiems laikams &#8211; atveria akis ir \u0161ird\u012f, padaro geresniu \u017emogumi. Pati tapusi Kal\u0117d\u0173 tradicija, \u0161iandien garsaus angl\u0173 ra\u0161ytojo Charleso Dickenso \u201eKal\u0117d\u0173 giesm\u0117&#8221; jaudina sen\u0105 ir jaun\u0105, varg\u0161\u0105 ir turting\u0105 tiek pat, kiek ir 1843 m., kai pasirod\u0117 pirm\u0105 kart\u0105. Tai viena i\u0161 geriausi\u0173 vis\u0173 laik\u0173 kal\u0117dini\u0173 istorij\u0173 ir&#8230; pati pirmoji. Pagal knyg\u0105 pastatyta \u0161imtai spektakli\u0173 ir film\u0173, i\u0161leista galyb\u0117 pakartotini\u0173 leidim\u0173, o Ch. Dickensas Skrud\u017eo balsu teberagina \u0161v\u0119sti Kal\u0117das \u0161irdyje ir saugoti j\u0173 dvasi\u0105 visus metus. Autorius:\u00a0\u010carlzas Dikensas Leid\u0117jas:\u00a0Alka Metai:\u00a01997 Puslapiai:\u00a0239 ISBN-10:\u00a09986459265 ISBN-13:\u00a09789986459262 Formatas:\u00a014 x 20 cm, kieti vir\u0161eliai Kalba:\u00a0Lietuvi\u0173 Vert\u0117jas:\u00a0Elena Stasiulevi\u010di\u016bt\u0117<\/p>\n","protected":false},"featured_media":15844,"comment_status":"open","ping_status":"closed","template":"","meta":{"_acf_changed":false,"site-sidebar-layout":"default","site-content-layout":"","ast-site-content-layout":"default","site-content-style":"default","site-sidebar-style":"default","ast-global-header-display":"","ast-banner-title-visibility":"","ast-main-header-display":"","ast-hfb-above-header-display":"","ast-hfb-below-header-display":"","ast-hfb-mobile-header-display":"","site-post-title":"","ast-breadcrumbs-content":"","ast-featured-img":"","footer-sml-layout":"","ast-disable-related-posts":"","theme-transparent-header-meta":"default","adv-header-id-meta":"","stick-header-meta":"","header-above-stick-meta":"","header-main-stick-meta":"","header-below-stick-meta":"","astra-migrate-meta-layouts":"set","ast-page-background-enabled":"default","ast-page-background-meta":{"desktop":{"background-color":"","background-image":"","background-repeat":"repeat","background-position":"center center","background-size":"auto","background-attachment":"scroll","background-type":"","background-media":"","overlay-type":"","overlay-color":"","overlay-opacity":"","overlay-gradient":""},"tablet":{"background-color":"","background-image":"","background-repeat":"repeat","background-position":"center center","background-size":"auto","background-attachment":"scroll","background-type":"","background-media":"","overlay-type":"","overlay-color":"","overlay-opacity":"","overlay-gradient":""},"mobile":{"background-color":"","background-image":"","background-repeat":"repeat","background-position":"center center","background-size":"auto","background-attachment":"scroll","background-type":"","background-media":"","overlay-type":"","overlay-color":"","overlay-opacity":"","overlay-gradient":""}},"ast-content-background-meta":{"desktop":{"background-color":"var(--ast-global-color-4)","background-image":"","background-repeat":"repeat","background-position":"center center","background-size":"auto","background-attachment":"scroll","background-type":"","background-media":"","overlay-type":"","overlay-color":"","overlay-opacity":"","overlay-gradient":""},"tablet":{"background-color":"var(--ast-global-color-4)","background-image":"","background-repeat":"repeat","background-position":"center center","background-size":"auto","background-attachment":"scroll","background-type":"","background-media":"","overlay-type":"","overlay-color":"","overlay-opacity":"","overlay-gradient":""},"mobile":{"background-color":"var(--ast-global-color-4)","background-image":"","background-repeat":"repeat","background-position":"center center","background-size":"auto","background-attachment":"scroll","background-type":"","background-media":"","overlay-type":"","overlay-color":"","overlay-opacity":"","overlay-gradient":""}}},"product_brand":[],"product_cat":[15,35],"product_tag":[],"class_list":{"0":"post-15843","1":"product","2":"type-product","3":"status-publish","4":"has-post-thumbnail","6":"product_cat-uncategorized","7":"product_cat-vaikams-ir-paaugliams","8":"desktop-align-left","9":"tablet-align-left","10":"mobile-align-left","12":"first","13":"outofstock","14":"shipping-taxable","15":"purchasable","16":"product-type-simple"},"acf":[],"yoast_head":"<!-- This site is optimized with the Yoast SEO plugin v27.0 - https:\/\/yoast.com\/product\/yoast-seo-wordpress\/ -->\n<title>Kal\u0117d\u0173 giesm\u0117<\/title>\n<meta name=\"description\" content=\"Ar skait\u0117te garsiausi\u0105 Kal\u0117d\u0173 istorij\u0105, kuri paskatino Walt Disney sukurti antino Skrud\u017eo persona\u017e\u0105 bei \u012fkv\u0117p\u0117 \u201eSimpson\u0173&quot;, \u201eBarb\u0117s&quot; ir naujausio filmo su\" \/>\n<meta name=\"robots\" content=\"index, follow, max-snippet:-1, max-image-preview:large, max-video-preview:-1\" \/>\n<link rel=\"canonical\" href=\"https:\/\/skaitytaknyga.lt\/en\/produktas\/kaledu-giesme\/\" \/>\n<meta property=\"og:locale\" content=\"en_GB\" \/>\n<meta property=\"og:locale:alternate\" content=\"lt_LT\" \/>\n<meta property=\"og:type\" content=\"article\" \/>\n<meta property=\"og:title\" content=\"Kal\u0117d\u0173 giesm\u0117\" \/>\n<meta property=\"og:description\" content=\"Ar skait\u0117te garsiausi\u0105 Kal\u0117d\u0173 istorij\u0105, kuri paskatino Walt Disney sukurti antino Skrud\u017eo persona\u017e\u0105 bei \u012fkv\u0117p\u0117 \u201eSimpson\u0173&quot;, \u201eBarb\u0117s&quot; ir naujausio filmo su\" \/>\n<meta property=\"og:url\" content=\"https:\/\/skaitytaknyga.lt\/en\/produktas\/kaledu-giesme\/\" \/>\n<meta property=\"og:site_name\" content=\"Skaitytaknyga\" \/>\n<meta property=\"article:publisher\" content=\"https:\/\/www.facebook.com\/skaitytaknyga\/\" \/>\n<meta property=\"article:modified_time\" content=\"2025-05-19T06:47:18+00:00\" \/>\n<meta property=\"og:image\" content=\"https:\/\/skaitytaknyga.lt\/wp-content\/uploads\/2025\/01\/kaledu-giesme.webp\" \/>\n\t<meta property=\"og:image:width\" content=\"540\" \/>\n\t<meta property=\"og:image:height\" content=\"800\" \/>\n\t<meta property=\"og:image:type\" content=\"image\/webp\" \/>\n<meta name=\"twitter:card\" content=\"summary_large_image\" \/>\n<meta name=\"twitter:label1\" content=\"Estimated reading time\" \/>\n\t<meta name=\"twitter:data1\" content=\"2 minutes\" \/>\n<script type=\"application\/ld+json\" class=\"yoast-schema-graph\">{\"@context\":\"https:\/\/schema.org\",\"@graph\":[{\"@type\":\"WebPage\",\"@id\":\"https:\/\/skaitytaknyga.lt\/produktas\/kaledu-giesme\/\",\"url\":\"https:\/\/skaitytaknyga.lt\/produktas\/kaledu-giesme\/\",\"name\":\"Kal\u0117d\u0173 giesm\u0117\",\"isPartOf\":{\"@id\":\"https:\/\/skaitytaknyga.lt\/#website\"},\"primaryImageOfPage\":{\"@id\":\"https:\/\/skaitytaknyga.lt\/produktas\/kaledu-giesme\/#primaryimage\"},\"image\":{\"@id\":\"https:\/\/skaitytaknyga.lt\/produktas\/kaledu-giesme\/#primaryimage\"},\"thumbnailUrl\":\"https:\/\/skaitytaknyga.lt\/wp-content\/uploads\/2025\/01\/kaledu-giesme.webp\",\"datePublished\":\"2025-01-08T12:55:33+00:00\",\"dateModified\":\"2025-05-19T06:47:18+00:00\",\"description\":\"Ar skait\u0117te garsiausi\u0105 Kal\u0117d\u0173 istorij\u0105, kuri paskatino Walt Disney sukurti antino Skrud\u017eo persona\u017e\u0105 bei \u012fkv\u0117p\u0117 \u201eSimpson\u0173\\\", \u201eBarb\u0117s\\\" ir naujausio filmo su\",\"breadcrumb\":{\"@id\":\"https:\/\/skaitytaknyga.lt\/produktas\/kaledu-giesme\/#breadcrumb\"},\"inLanguage\":\"en-GB\",\"potentialAction\":[{\"@type\":\"ReadAction\",\"target\":[\"https:\/\/skaitytaknyga.lt\/produktas\/kaledu-giesme\/\"]}]},{\"@type\":\"ImageObject\",\"inLanguage\":\"en-GB\",\"@id\":\"https:\/\/skaitytaknyga.lt\/produktas\/kaledu-giesme\/#primaryimage\",\"url\":\"https:\/\/skaitytaknyga.lt\/wp-content\/uploads\/2025\/01\/kaledu-giesme.webp\",\"contentUrl\":\"https:\/\/skaitytaknyga.lt\/wp-content\/uploads\/2025\/01\/kaledu-giesme.webp\",\"width\":540,\"height\":800,\"caption\":\"kal\u0117d\u0173 giesm\u0117\"},{\"@type\":\"BreadcrumbList\",\"@id\":\"https:\/\/skaitytaknyga.lt\/produktas\/kaledu-giesme\/#breadcrumb\",\"itemListElement\":[{\"@type\":\"ListItem\",\"position\":1,\"name\":\"Home\",\"item\":\"https:\/\/skaitytaknyga.lt\/\"},{\"@type\":\"ListItem\",\"position\":2,\"name\":\"Parduotuv\u0117\",\"item\":\"https:\/\/skaitytaknyga.lt\/knygu-parduotuve\/\"},{\"@type\":\"ListItem\",\"position\":3,\"name\":\"Kal\u0117d\u0173 giesm\u0117\"}]},{\"@type\":\"WebSite\",\"@id\":\"https:\/\/skaitytaknyga.lt\/#website\",\"url\":\"https:\/\/skaitytaknyga.lt\/\",\"name\":\"skaitytaknyga.lt\",\"description\":\"Skaitytaknyga.lt \u2013 tai ma\u017eas \u0161eimos verslas, kuris prasid\u0117jo nuo meil\u0117s knygoms ir siekio i\u0161gelb\u0117ti knygas nuo likimo prie konteinerio. Kas vienam nereikalingas daiktas \u2013 kitam lobis, o mes esame tarpininkai, kurie padeda abiems tapti laimingesniems ???? \u017dinome kaip nelengva i\u0161gyventi ma\u017eiems verslams, tad nuo \u0161iol, \u010dia rasite ir kit\u0173, ma\u017e\u0173 \u0161eim\u0173 versl\u0173, rank\u0173 darbo, dovan\u0173 sau ir artimiesiems.\",\"publisher\":{\"@id\":\"https:\/\/skaitytaknyga.lt\/#organization\"},\"potentialAction\":[{\"@type\":\"SearchAction\",\"target\":{\"@type\":\"EntryPoint\",\"urlTemplate\":\"https:\/\/skaitytaknyga.lt\/?s={search_term_string}\"},\"query-input\":{\"@type\":\"PropertyValueSpecification\",\"valueRequired\":true,\"valueName\":\"search_term_string\"}}],\"inLanguage\":\"en-GB\"},{\"@type\":\"Organization\",\"@id\":\"https:\/\/skaitytaknyga.lt\/#organization\",\"name\":\"skaitytaknyga.lt\",\"url\":\"https:\/\/skaitytaknyga.lt\/\",\"logo\":{\"@type\":\"ImageObject\",\"inLanguage\":\"en-GB\",\"@id\":\"https:\/\/skaitytaknyga.lt\/#\/schema\/logo\/image\/\",\"url\":\"https:\/\/skaitytaknyga.lt\/wp-content\/uploads\/2024\/05\/cropped-cropped-cropped-02_00843_jt3bggkj1j3HLc7SyY6rEUpg.jpeg\",\"contentUrl\":\"https:\/\/skaitytaknyga.lt\/wp-content\/uploads\/2024\/05\/cropped-cropped-cropped-02_00843_jt3bggkj1j3HLc7SyY6rEUpg.jpeg\",\"width\":1600,\"height\":1600,\"caption\":\"skaitytaknyga.lt\"},\"image\":{\"@id\":\"https:\/\/skaitytaknyga.lt\/#\/schema\/logo\/image\/\"},\"sameAs\":[\"https:\/\/www.facebook.com\/skaitytaknyga\/\"]}]}<\/script>\n<!-- \/ Yoast SEO plugin. -->","yoast_head_json":{"title":"Kal\u0117d\u0173 giesm\u0117","description":"Ar skait\u0117te garsiausi\u0105 Kal\u0117d\u0173 istorij\u0105, kuri paskatino Walt Disney sukurti antino Skrud\u017eo persona\u017e\u0105 bei \u012fkv\u0117p\u0117 \u201eSimpson\u0173\", \u201eBarb\u0117s\" ir naujausio filmo su","robots":{"index":"index","follow":"follow","max-snippet":"max-snippet:-1","max-image-preview":"max-image-preview:large","max-video-preview":"max-video-preview:-1"},"canonical":"https:\/\/skaitytaknyga.lt\/en\/produktas\/kaledu-giesme\/","og_locale":"en_GB","og_type":"article","og_title":"[:lt]Kal\u0117d\u0173 giesm\u0117[:] - Skaitytaknyga","og_description":"Ar skait\u0117te garsiausi\u0105 Kal\u0117d\u0173 istorij\u0105, kuri paskatino Walt Disney sukurti antino Skrud\u017eo persona\u017e\u0105 bei \u012fkv\u0117p\u0117 \u201eSimpson\u0173\", \u201eBarb\u0117s\" ir naujausio filmo su","og_url":"https:\/\/skaitytaknyga.lt\/en\/produktas\/kaledu-giesme\/","og_site_name":"Skaitytaknyga","article_publisher":"https:\/\/www.facebook.com\/skaitytaknyga\/","article_modified_time":"2025-05-19T06:47:18+00:00","og_image":[{"width":540,"height":800,"url":"https:\/\/skaitytaknyga.lt\/wp-content\/uploads\/2025\/01\/kaledu-giesme.webp","type":"image\/webp"}],"twitter_card":"summary_large_image","twitter_misc":{"Estimated reading time":"2 minutes"},"schema":{"@context":"https:\/\/schema.org","@graph":[{"@type":"WebPage","@id":"https:\/\/skaitytaknyga.lt\/produktas\/kaledu-giesme\/","url":"https:\/\/skaitytaknyga.lt\/produktas\/kaledu-giesme\/","name":"Kal\u0117d\u0173 giesm\u0117","isPartOf":{"@id":"https:\/\/skaitytaknyga.lt\/#website"},"primaryImageOfPage":{"@id":"https:\/\/skaitytaknyga.lt\/produktas\/kaledu-giesme\/#primaryimage"},"image":{"@id":"https:\/\/skaitytaknyga.lt\/produktas\/kaledu-giesme\/#primaryimage"},"thumbnailUrl":"https:\/\/skaitytaknyga.lt\/wp-content\/uploads\/2025\/01\/kaledu-giesme.webp","datePublished":"2025-01-08T12:55:33+00:00","dateModified":"2025-05-19T06:47:18+00:00","description":"Ar skait\u0117te garsiausi\u0105 Kal\u0117d\u0173 istorij\u0105, kuri paskatino Walt Disney sukurti antino Skrud\u017eo persona\u017e\u0105 bei \u012fkv\u0117p\u0117 \u201eSimpson\u0173\", \u201eBarb\u0117s\" ir naujausio filmo su","breadcrumb":{"@id":"https:\/\/skaitytaknyga.lt\/produktas\/kaledu-giesme\/#breadcrumb"},"inLanguage":"en-GB","potentialAction":[{"@type":"ReadAction","target":["https:\/\/skaitytaknyga.lt\/produktas\/kaledu-giesme\/"]}]},{"@type":"ImageObject","inLanguage":"en-GB","@id":"https:\/\/skaitytaknyga.lt\/produktas\/kaledu-giesme\/#primaryimage","url":"https:\/\/skaitytaknyga.lt\/wp-content\/uploads\/2025\/01\/kaledu-giesme.webp","contentUrl":"https:\/\/skaitytaknyga.lt\/wp-content\/uploads\/2025\/01\/kaledu-giesme.webp","width":540,"height":800,"caption":"kal\u0117d\u0173 giesm\u0117"},{"@type":"BreadcrumbList","@id":"https:\/\/skaitytaknyga.lt\/produktas\/kaledu-giesme\/#breadcrumb","itemListElement":[{"@type":"ListItem","position":1,"name":"Home","item":"https:\/\/skaitytaknyga.lt\/"},{"@type":"ListItem","position":2,"name":"Parduotuv\u0117","item":"https:\/\/skaitytaknyga.lt\/knygu-parduotuve\/"},{"@type":"ListItem","position":3,"name":"Kal\u0117d\u0173 giesm\u0117"}]},{"@type":"WebSite","@id":"https:\/\/skaitytaknyga.lt\/#website","url":"https:\/\/skaitytaknyga.lt\/","name":"skaitytaknyga.lt","description":"Skaitytaknyga.lt \u2013 tai ma\u017eas \u0161eimos verslas, kuris prasid\u0117jo nuo meil\u0117s knygoms ir siekio i\u0161gelb\u0117ti knygas nuo likimo prie konteinerio. Kas vienam nereikalingas daiktas \u2013 kitam lobis, o mes esame tarpininkai, kurie padeda abiems tapti laimingesniems ???? \u017dinome kaip nelengva i\u0161gyventi ma\u017eiems verslams, tad nuo \u0161iol, \u010dia rasite ir kit\u0173, ma\u017e\u0173 \u0161eim\u0173 versl\u0173, rank\u0173 darbo, dovan\u0173 sau ir artimiesiems.","publisher":{"@id":"https:\/\/skaitytaknyga.lt\/#organization"},"potentialAction":[{"@type":"SearchAction","target":{"@type":"EntryPoint","urlTemplate":"https:\/\/skaitytaknyga.lt\/?s={search_term_string}"},"query-input":{"@type":"PropertyValueSpecification","valueRequired":true,"valueName":"search_term_string"}}],"inLanguage":"en-GB"},{"@type":"Organization","@id":"https:\/\/skaitytaknyga.lt\/#organization","name":"skaitytaknyga.lt","url":"https:\/\/skaitytaknyga.lt\/","logo":{"@type":"ImageObject","inLanguage":"en-GB","@id":"https:\/\/skaitytaknyga.lt\/#\/schema\/logo\/image\/","url":"https:\/\/skaitytaknyga.lt\/wp-content\/uploads\/2024\/05\/cropped-cropped-cropped-02_00843_jt3bggkj1j3HLc7SyY6rEUpg.jpeg","contentUrl":"https:\/\/skaitytaknyga.lt\/wp-content\/uploads\/2024\/05\/cropped-cropped-cropped-02_00843_jt3bggkj1j3HLc7SyY6rEUpg.jpeg","width":1600,"height":1600,"caption":"skaitytaknyga.lt"},"image":{"@id":"https:\/\/skaitytaknyga.lt\/#\/schema\/logo\/image\/"},"sameAs":["https:\/\/www.facebook.com\/skaitytaknyga\/"]}]}},"_links":{"self":[{"href":"https:\/\/skaitytaknyga.lt\/en\/wp-json\/wp\/v2\/product\/15843","targetHints":{"allow":["GET"]}}],"collection":[{"href":"https:\/\/skaitytaknyga.lt\/en\/wp-json\/wp\/v2\/product"}],"about":[{"href":"https:\/\/skaitytaknyga.lt\/en\/wp-json\/wp\/v2\/types\/product"}],"replies":[{"embeddable":true,"href":"https:\/\/skaitytaknyga.lt\/en\/wp-json\/wp\/v2\/comments?post=15843"}],"wp:featuredmedia":[{"embeddable":true,"href":"https:\/\/skaitytaknyga.lt\/en\/wp-json\/wp\/v2\/media\/15844"}],"wp:attachment":[{"href":"https:\/\/skaitytaknyga.lt\/en\/wp-json\/wp\/v2\/media?parent=15843"}],"wp:term":[{"taxonomy":"product_brand","embeddable":true,"href":"https:\/\/skaitytaknyga.lt\/en\/wp-json\/wp\/v2\/product_brand?post=15843"},{"taxonomy":"product_cat","embeddable":true,"href":"https:\/\/skaitytaknyga.lt\/en\/wp-json\/wp\/v2\/product_cat?post=15843"},{"taxonomy":"product_tag","embeddable":true,"href":"https:\/\/skaitytaknyga.lt\/en\/wp-json\/wp\/v2\/product_tag?post=15843"}],"curies":[{"name":"wp","href":"https:\/\/api.w.org\/{rel}","templated":true}]}}