{"id":15838,"date":"2025-01-05T14:19:58","date_gmt":"2025-01-05T12:19:58","guid":{"rendered":"https:\/\/skaitytaknyga.lt\/?post_type=product&#038;p=15838"},"modified":"2025-11-29T13:23:57","modified_gmt":"2025-11-29T11:23:57","slug":"draugyste-su-piene","status":"publish","type":"product","link":"https:\/\/skaitytaknyga.lt\/en\/produktas\/draugyste-su-piene\/","title":{"rendered":"Draugyst\u0117 su piene"},"content":{"rendered":"<p>Kart\u0105 Rudutis pamat\u0117 nuostabi\u0105 g\u0117l\u0119 ir j\u0105 pamilo. G\u0117l\u0117 ir Rudutis vis\u0105 pavasar\u012f d\u017eiaug\u0117si vienas kitu ir jaut\u0117si nepaprastai laimingi.<\/p>\n<p>Art\u0117jant vasarai g\u0117l\u0117 paklaus\u0117 Rudu\u010dio:<\/p>\n<p>\u2013 Ar tu pasitiki manimi?<\/p>\n<p>\u2013 \u017dinoma, \u2013 atsak\u0117 Rudutis.<\/p>\n<p>Ta\u010diau nutiko keistas dalykas, d\u0117l kurio Rudutis paskui ilgai lau\u017e\u0117 galv\u0105.<\/p>\n<p>Tai pasakojimas apie \u0161velni\u0105 kaip pien\u0117s p\u016bkas meil\u0119 ir pasitik\u0117jim\u0105.<\/p>\n<ul class=\"about-product d-none d-xl-block mt-4\">\n<li><strong>Originalus pavadinimas:<\/strong>\u00a0Das Verspreche Ich Dir<\/li>\n<li><strong>Autorius:<\/strong>\u00a0Knister<\/li>\n<li><strong>Leid\u0117jas:<\/strong>\u00a0Alma littera<\/li>\n<li><strong>Metai:<\/strong>\u00a02013<\/li>\n<li><strong>Puslapiai:<\/strong>\u00a040<\/li>\n<li class=\"toggleable type-new-formats \"><strong>ISBN:<\/strong>\u00a09786090110911<\/li>\n<li><strong>Versijos kodas:<\/strong>\u00a0PT.<\/li>\n<li class=\"toggleable type-new-formats \"><strong>Formatas:<\/strong>\u00a024 x 29 cm, kieti vir\u0161eliai<\/li>\n<li><strong>Kalba:<\/strong>\u00a0Lietuvi\u0173<\/li>\n<li><strong>Vert\u0117jas:<\/strong>\u00a0Loreta Kavol\u0117<\/li>\n<\/ul>\n","protected":false},"excerpt":{"rendered":"<p>Kart\u0105 Rudutis pamat\u0117 nuostabi\u0105 g\u0117l\u0119 ir j\u0105 pamilo. G\u0117l\u0117 ir Rudutis vis\u0105 pavasar\u012f d\u017eiaug\u0117si vienas kitu ir jaut\u0117si nepaprastai laimingi. Art\u0117jant vasarai g\u0117l\u0117 paklaus\u0117 Rudu\u010dio: \u2013 Ar tu pasitiki manimi? \u2013 \u017dinoma, \u2013 atsak\u0117 Rudutis. Ta\u010diau nutiko keistas dalykas, d\u0117l kurio Rudutis paskui ilgai lau\u017e\u0117 galv\u0105. Tai pasakojimas apie \u0161velni\u0105 kaip pien\u0117s p\u016bkas meil\u0119 ir pasitik\u0117jim\u0105. Originalus pavadinimas:\u00a0Das Verspreche Ich Dir Autorius:\u00a0Knister Leid\u0117jas:\u00a0Alma littera Metai:\u00a02013 Puslapiai:\u00a040 ISBN:\u00a09786090110911 Versijos kodas:\u00a0PT. Formatas:\u00a024 x 29 cm, kieti vir\u0161eliai Kalba:\u00a0Lietuvi\u0173 Vert\u0117jas:\u00a0Loreta Kavol\u0117<\/p>\n","protected":false},"featured_media":15839,"comment_status":"open","ping_status":"closed","template":"","meta":{"_acf_changed":false,"site-sidebar-layout":"default","site-content-layout":"","ast-site-content-layout":"default","site-content-style":"default","site-sidebar-style":"default","ast-global-header-display":"","ast-banner-title-visibility":"","ast-main-header-display":"","ast-hfb-above-header-display":"","ast-hfb-below-header-display":"","ast-hfb-mobile-header-display":"","site-post-title":"","ast-breadcrumbs-content":"","ast-featured-img":"","footer-sml-layout":"","ast-disable-related-posts":"","theme-transparent-header-meta":"default","adv-header-id-meta":"","stick-header-meta":"","header-above-stick-meta":"","header-main-stick-meta":"","header-below-stick-meta":"","astra-migrate-meta-layouts":"set","ast-page-background-enabled":"default","ast-page-background-meta":{"desktop":{"background-color":"","background-image":"","background-repeat":"repeat","background-position":"center center","background-size":"auto","background-attachment":"scroll","background-type":"","background-media":"","overlay-type":"","overlay-color":"","overlay-opacity":"","overlay-gradient":""},"tablet":{"background-color":"","background-image":"","background-repeat":"repeat","background-position":"center center","background-size":"auto","background-attachment":"scroll","background-type":"","background-media":"","overlay-type":"","overlay-color":"","overlay-opacity":"","overlay-gradient":""},"mobile":{"background-color":"","background-image":"","background-repeat":"repeat","background-position":"center center","background-size":"auto","background-attachment":"scroll","background-type":"","background-media":"","overlay-type":"","overlay-color":"","overlay-opacity":"","overlay-gradient":""}},"ast-content-background-meta":{"desktop":{"background-color":"var(--ast-global-color-4)","background-image":"","background-repeat":"repeat","background-position":"center center","background-size":"auto","background-attachment":"scroll","background-type":"","background-media":"","overlay-type":"","overlay-color":"","overlay-opacity":"","overlay-gradient":""},"tablet":{"background-color":"var(--ast-global-color-4)","background-image":"","background-repeat":"repeat","background-position":"center center","background-size":"auto","background-attachment":"scroll","background-type":"","background-media":"","overlay-type":"","overlay-color":"","overlay-opacity":"","overlay-gradient":""},"mobile":{"background-color":"var(--ast-global-color-4)","background-image":"","background-repeat":"repeat","background-position":"center center","background-size":"auto","background-attachment":"scroll","background-type":"","background-media":"","overlay-type":"","overlay-color":"","overlay-opacity":"","overlay-gradient":""}}},"product_brand":[],"product_cat":[15,35],"product_tag":[4990,4991,1790,2542,1796,4988,4989,1785],"class_list":{"0":"post-15838","1":"product","2":"type-product","3":"status-publish","4":"has-post-thumbnail","6":"product_cat-uncategorized","7":"product_cat-vaikams-ir-paaugliams","8":"product_tag-geles","9":"product_tag-iliustruota-pasaka","10":"product_tag-jausmai","11":"product_tag-knister","12":"product_tag-meile","13":"product_tag-pasitikejimas","14":"product_tag-pavasaris","15":"product_tag-vaikams","16":"desktop-align-left","17":"tablet-align-left","18":"mobile-align-left","20":"first","21":"outofstock","22":"shipping-taxable","23":"purchasable","24":"product-type-simple"},"acf":[],"yoast_head":"<!-- This site is optimized with the Yoast SEO plugin v27.0 - https:\/\/yoast.com\/product\/yoast-seo-wordpress\/ -->\n<title>Draugyst\u0117 su piene<\/title>\n<meta name=\"description\" content=\"Kart\u0105 Rudutis pamat\u0117 nuostabi\u0105 g\u0117l\u0119 ir j\u0105 pamilo. G\u0117l\u0117 ir Rudutis vis\u0105 pavasar\u012f d\u017eiaug\u0117si vienas kitu ir jaut\u0117si nepaprastai laimingi. Art\u0117jant vasarai\" \/>\n<meta name=\"robots\" content=\"index, follow, max-snippet:-1, max-image-preview:large, max-video-preview:-1\" \/>\n<link rel=\"canonical\" href=\"https:\/\/skaitytaknyga.lt\/en\/produktas\/draugyste-su-piene\/\" \/>\n<meta property=\"og:locale\" content=\"en_GB\" \/>\n<meta property=\"og:locale:alternate\" content=\"lt_LT\" \/>\n<meta property=\"og:type\" content=\"article\" \/>\n<meta property=\"og:title\" content=\"Draugyst\u0117 su piene\" \/>\n<meta property=\"og:description\" content=\"Kart\u0105 Rudutis pamat\u0117 nuostabi\u0105 g\u0117l\u0119 ir j\u0105 pamilo. G\u0117l\u0117 ir Rudutis vis\u0105 pavasar\u012f d\u017eiaug\u0117si vienas kitu ir jaut\u0117si nepaprastai laimingi. Art\u0117jant vasarai\" \/>\n<meta property=\"og:url\" content=\"https:\/\/skaitytaknyga.lt\/en\/produktas\/draugyste-su-piene\/\" \/>\n<meta property=\"og:site_name\" content=\"Skaitytaknyga\" \/>\n<meta property=\"article:publisher\" content=\"https:\/\/www.facebook.com\/skaitytaknyga\/\" \/>\n<meta property=\"article:modified_time\" content=\"2025-11-29T11:23:57+00:00\" \/>\n<meta property=\"og:image\" content=\"https:\/\/skaitytaknyga.lt\/wp-content\/uploads\/2025\/01\/Draugyste-su-piene.webp\" \/>\n\t<meta property=\"og:image:width\" content=\"589\" \/>\n\t<meta property=\"og:image:height\" content=\"800\" \/>\n\t<meta property=\"og:image:type\" content=\"image\/webp\" \/>\n<meta name=\"twitter:card\" content=\"summary_large_image\" \/>\n<meta name=\"twitter:label1\" content=\"Estimated reading time\" \/>\n\t<meta name=\"twitter:data1\" content=\"1 minute\" \/>\n<script type=\"application\/ld+json\" class=\"yoast-schema-graph\">{\"@context\":\"https:\/\/schema.org\",\"@graph\":[{\"@type\":\"WebPage\",\"@id\":\"https:\/\/skaitytaknyga.lt\/produktas\/draugyste-su-piene\/\",\"url\":\"https:\/\/skaitytaknyga.lt\/produktas\/draugyste-su-piene\/\",\"name\":\"Draugyst\u0117 su piene\",\"isPartOf\":{\"@id\":\"https:\/\/skaitytaknyga.lt\/#website\"},\"primaryImageOfPage\":{\"@id\":\"https:\/\/skaitytaknyga.lt\/produktas\/draugyste-su-piene\/#primaryimage\"},\"image\":{\"@id\":\"https:\/\/skaitytaknyga.lt\/produktas\/draugyste-su-piene\/#primaryimage\"},\"thumbnailUrl\":\"https:\/\/skaitytaknyga.lt\/wp-content\/uploads\/2025\/01\/Draugyste-su-piene.webp\",\"datePublished\":\"2025-01-05T12:19:58+00:00\",\"dateModified\":\"2025-11-29T11:23:57+00:00\",\"description\":\"Kart\u0105 Rudutis pamat\u0117 nuostabi\u0105 g\u0117l\u0119 ir j\u0105 pamilo. G\u0117l\u0117 ir Rudutis vis\u0105 pavasar\u012f d\u017eiaug\u0117si vienas kitu ir jaut\u0117si nepaprastai laimingi. Art\u0117jant vasarai\",\"breadcrumb\":{\"@id\":\"https:\/\/skaitytaknyga.lt\/produktas\/draugyste-su-piene\/#breadcrumb\"},\"inLanguage\":\"en-GB\",\"potentialAction\":[{\"@type\":\"ReadAction\",\"target\":[\"https:\/\/skaitytaknyga.lt\/produktas\/draugyste-su-piene\/\"]}]},{\"@type\":\"ImageObject\",\"inLanguage\":\"en-GB\",\"@id\":\"https:\/\/skaitytaknyga.lt\/produktas\/draugyste-su-piene\/#primaryimage\",\"url\":\"https:\/\/skaitytaknyga.lt\/wp-content\/uploads\/2025\/01\/Draugyste-su-piene.webp\",\"contentUrl\":\"https:\/\/skaitytaknyga.lt\/wp-content\/uploads\/2025\/01\/Draugyste-su-piene.webp\",\"width\":589,\"height\":800,\"caption\":\"Draugyst\u0117 su piene\"},{\"@type\":\"BreadcrumbList\",\"@id\":\"https:\/\/skaitytaknyga.lt\/produktas\/draugyste-su-piene\/#breadcrumb\",\"itemListElement\":[{\"@type\":\"ListItem\",\"position\":1,\"name\":\"Home\",\"item\":\"https:\/\/skaitytaknyga.lt\/\"},{\"@type\":\"ListItem\",\"position\":2,\"name\":\"Parduotuv\u0117\",\"item\":\"https:\/\/skaitytaknyga.lt\/knygu-parduotuve\/\"},{\"@type\":\"ListItem\",\"position\":3,\"name\":\"Draugyst\u0117 su piene\"}]},{\"@type\":\"WebSite\",\"@id\":\"https:\/\/skaitytaknyga.lt\/#website\",\"url\":\"https:\/\/skaitytaknyga.lt\/\",\"name\":\"skaitytaknyga.lt\",\"description\":\"Skaitytaknyga.lt \u2013 tai ma\u017eas \u0161eimos verslas, kuris prasid\u0117jo nuo meil\u0117s knygoms ir siekio i\u0161gelb\u0117ti knygas nuo likimo prie konteinerio. Kas vienam nereikalingas daiktas \u2013 kitam lobis, o mes esame tarpininkai, kurie padeda abiems tapti laimingesniems ???? \u017dinome kaip nelengva i\u0161gyventi ma\u017eiems verslams, tad nuo \u0161iol, \u010dia rasite ir kit\u0173, ma\u017e\u0173 \u0161eim\u0173 versl\u0173, rank\u0173 darbo, dovan\u0173 sau ir artimiesiems.\",\"publisher\":{\"@id\":\"https:\/\/skaitytaknyga.lt\/#organization\"},\"potentialAction\":[{\"@type\":\"SearchAction\",\"target\":{\"@type\":\"EntryPoint\",\"urlTemplate\":\"https:\/\/skaitytaknyga.lt\/?s={search_term_string}\"},\"query-input\":{\"@type\":\"PropertyValueSpecification\",\"valueRequired\":true,\"valueName\":\"search_term_string\"}}],\"inLanguage\":\"en-GB\"},{\"@type\":\"Organization\",\"@id\":\"https:\/\/skaitytaknyga.lt\/#organization\",\"name\":\"skaitytaknyga.lt\",\"url\":\"https:\/\/skaitytaknyga.lt\/\",\"logo\":{\"@type\":\"ImageObject\",\"inLanguage\":\"en-GB\",\"@id\":\"https:\/\/skaitytaknyga.lt\/#\/schema\/logo\/image\/\",\"url\":\"https:\/\/skaitytaknyga.lt\/wp-content\/uploads\/2024\/05\/cropped-cropped-cropped-02_00843_jt3bggkj1j3HLc7SyY6rEUpg.jpeg\",\"contentUrl\":\"https:\/\/skaitytaknyga.lt\/wp-content\/uploads\/2024\/05\/cropped-cropped-cropped-02_00843_jt3bggkj1j3HLc7SyY6rEUpg.jpeg\",\"width\":1600,\"height\":1600,\"caption\":\"skaitytaknyga.lt\"},\"image\":{\"@id\":\"https:\/\/skaitytaknyga.lt\/#\/schema\/logo\/image\/\"},\"sameAs\":[\"https:\/\/www.facebook.com\/skaitytaknyga\/\"]}]}<\/script>\n<!-- \/ Yoast SEO plugin. -->","yoast_head_json":{"title":"Draugyst\u0117 su piene","description":"Kart\u0105 Rudutis pamat\u0117 nuostabi\u0105 g\u0117l\u0119 ir j\u0105 pamilo. G\u0117l\u0117 ir Rudutis vis\u0105 pavasar\u012f d\u017eiaug\u0117si vienas kitu ir jaut\u0117si nepaprastai laimingi. Art\u0117jant vasarai","robots":{"index":"index","follow":"follow","max-snippet":"max-snippet:-1","max-image-preview":"max-image-preview:large","max-video-preview":"max-video-preview:-1"},"canonical":"https:\/\/skaitytaknyga.lt\/en\/produktas\/draugyste-su-piene\/","og_locale":"en_GB","og_type":"article","og_title":"[:lt]Draugyst\u0117 su piene[:] - Skaitytaknyga","og_description":"Kart\u0105 Rudutis pamat\u0117 nuostabi\u0105 g\u0117l\u0119 ir j\u0105 pamilo. G\u0117l\u0117 ir Rudutis vis\u0105 pavasar\u012f d\u017eiaug\u0117si vienas kitu ir jaut\u0117si nepaprastai laimingi. Art\u0117jant vasarai","og_url":"https:\/\/skaitytaknyga.lt\/en\/produktas\/draugyste-su-piene\/","og_site_name":"Skaitytaknyga","article_publisher":"https:\/\/www.facebook.com\/skaitytaknyga\/","article_modified_time":"2025-11-29T11:23:57+00:00","og_image":[{"width":589,"height":800,"url":"https:\/\/skaitytaknyga.lt\/wp-content\/uploads\/2025\/01\/Draugyste-su-piene.webp","type":"image\/webp"}],"twitter_card":"summary_large_image","twitter_misc":{"Estimated reading time":"1 minute"},"schema":{"@context":"https:\/\/schema.org","@graph":[{"@type":"WebPage","@id":"https:\/\/skaitytaknyga.lt\/produktas\/draugyste-su-piene\/","url":"https:\/\/skaitytaknyga.lt\/produktas\/draugyste-su-piene\/","name":"Draugyst\u0117 su piene","isPartOf":{"@id":"https:\/\/skaitytaknyga.lt\/#website"},"primaryImageOfPage":{"@id":"https:\/\/skaitytaknyga.lt\/produktas\/draugyste-su-piene\/#primaryimage"},"image":{"@id":"https:\/\/skaitytaknyga.lt\/produktas\/draugyste-su-piene\/#primaryimage"},"thumbnailUrl":"https:\/\/skaitytaknyga.lt\/wp-content\/uploads\/2025\/01\/Draugyste-su-piene.webp","datePublished":"2025-01-05T12:19:58+00:00","dateModified":"2025-11-29T11:23:57+00:00","description":"Kart\u0105 Rudutis pamat\u0117 nuostabi\u0105 g\u0117l\u0119 ir j\u0105 pamilo. G\u0117l\u0117 ir Rudutis vis\u0105 pavasar\u012f d\u017eiaug\u0117si vienas kitu ir jaut\u0117si nepaprastai laimingi. Art\u0117jant vasarai","breadcrumb":{"@id":"https:\/\/skaitytaknyga.lt\/produktas\/draugyste-su-piene\/#breadcrumb"},"inLanguage":"en-GB","potentialAction":[{"@type":"ReadAction","target":["https:\/\/skaitytaknyga.lt\/produktas\/draugyste-su-piene\/"]}]},{"@type":"ImageObject","inLanguage":"en-GB","@id":"https:\/\/skaitytaknyga.lt\/produktas\/draugyste-su-piene\/#primaryimage","url":"https:\/\/skaitytaknyga.lt\/wp-content\/uploads\/2025\/01\/Draugyste-su-piene.webp","contentUrl":"https:\/\/skaitytaknyga.lt\/wp-content\/uploads\/2025\/01\/Draugyste-su-piene.webp","width":589,"height":800,"caption":"Draugyst\u0117 su piene"},{"@type":"BreadcrumbList","@id":"https:\/\/skaitytaknyga.lt\/produktas\/draugyste-su-piene\/#breadcrumb","itemListElement":[{"@type":"ListItem","position":1,"name":"Home","item":"https:\/\/skaitytaknyga.lt\/"},{"@type":"ListItem","position":2,"name":"Parduotuv\u0117","item":"https:\/\/skaitytaknyga.lt\/knygu-parduotuve\/"},{"@type":"ListItem","position":3,"name":"Draugyst\u0117 su piene"}]},{"@type":"WebSite","@id":"https:\/\/skaitytaknyga.lt\/#website","url":"https:\/\/skaitytaknyga.lt\/","name":"skaitytaknyga.lt","description":"Skaitytaknyga.lt \u2013 tai ma\u017eas \u0161eimos verslas, kuris prasid\u0117jo nuo meil\u0117s knygoms ir siekio i\u0161gelb\u0117ti knygas nuo likimo prie konteinerio. Kas vienam nereikalingas daiktas \u2013 kitam lobis, o mes esame tarpininkai, kurie padeda abiems tapti laimingesniems ???? \u017dinome kaip nelengva i\u0161gyventi ma\u017eiems verslams, tad nuo \u0161iol, \u010dia rasite ir kit\u0173, ma\u017e\u0173 \u0161eim\u0173 versl\u0173, rank\u0173 darbo, dovan\u0173 sau ir artimiesiems.","publisher":{"@id":"https:\/\/skaitytaknyga.lt\/#organization"},"potentialAction":[{"@type":"SearchAction","target":{"@type":"EntryPoint","urlTemplate":"https:\/\/skaitytaknyga.lt\/?s={search_term_string}"},"query-input":{"@type":"PropertyValueSpecification","valueRequired":true,"valueName":"search_term_string"}}],"inLanguage":"en-GB"},{"@type":"Organization","@id":"https:\/\/skaitytaknyga.lt\/#organization","name":"skaitytaknyga.lt","url":"https:\/\/skaitytaknyga.lt\/","logo":{"@type":"ImageObject","inLanguage":"en-GB","@id":"https:\/\/skaitytaknyga.lt\/#\/schema\/logo\/image\/","url":"https:\/\/skaitytaknyga.lt\/wp-content\/uploads\/2024\/05\/cropped-cropped-cropped-02_00843_jt3bggkj1j3HLc7SyY6rEUpg.jpeg","contentUrl":"https:\/\/skaitytaknyga.lt\/wp-content\/uploads\/2024\/05\/cropped-cropped-cropped-02_00843_jt3bggkj1j3HLc7SyY6rEUpg.jpeg","width":1600,"height":1600,"caption":"skaitytaknyga.lt"},"image":{"@id":"https:\/\/skaitytaknyga.lt\/#\/schema\/logo\/image\/"},"sameAs":["https:\/\/www.facebook.com\/skaitytaknyga\/"]}]}},"_links":{"self":[{"href":"https:\/\/skaitytaknyga.lt\/en\/wp-json\/wp\/v2\/product\/15838","targetHints":{"allow":["GET"]}}],"collection":[{"href":"https:\/\/skaitytaknyga.lt\/en\/wp-json\/wp\/v2\/product"}],"about":[{"href":"https:\/\/skaitytaknyga.lt\/en\/wp-json\/wp\/v2\/types\/product"}],"replies":[{"embeddable":true,"href":"https:\/\/skaitytaknyga.lt\/en\/wp-json\/wp\/v2\/comments?post=15838"}],"wp:featuredmedia":[{"embeddable":true,"href":"https:\/\/skaitytaknyga.lt\/en\/wp-json\/wp\/v2\/media\/15839"}],"wp:attachment":[{"href":"https:\/\/skaitytaknyga.lt\/en\/wp-json\/wp\/v2\/media?parent=15838"}],"wp:term":[{"taxonomy":"product_brand","embeddable":true,"href":"https:\/\/skaitytaknyga.lt\/en\/wp-json\/wp\/v2\/product_brand?post=15838"},{"taxonomy":"product_cat","embeddable":true,"href":"https:\/\/skaitytaknyga.lt\/en\/wp-json\/wp\/v2\/product_cat?post=15838"},{"taxonomy":"product_tag","embeddable":true,"href":"https:\/\/skaitytaknyga.lt\/en\/wp-json\/wp\/v2\/product_tag?post=15838"}],"curies":[{"name":"wp","href":"https:\/\/api.w.org\/{rel}","templated":true}]}}