{"id":15836,"date":"2025-01-05T14:17:19","date_gmt":"2025-01-05T12:17:19","guid":{"rendered":"https:\/\/skaitytaknyga.lt\/?post_type=product&#038;p=15836"},"modified":"2025-05-12T09:48:59","modified_gmt":"2025-05-12T06:48:59","slug":"oi-tas-pukis","status":"publish","type":"product","link":"https:\/\/skaitytaknyga.lt\/en\/produktas\/oi-tas-pukis\/","title":{"rendered":"Oi, tas P\u016bkis!"},"content":{"rendered":"<p>\u201eOi, tas P\u016bkis!\u201c \u2013 antroji knygeli\u0173 apie lapiuk\u0105 P\u016bk\u012f rinktin\u0117. Joje sud\u0117tos penkios pasakait\u0117s: \u201eP\u016bkis karalius\u201c, \u201eP\u016bkis ir Migla\u201c, \u201eP\u016bkis ir kadagys\u201c, \u201eP\u016bkis ir traktorius\u201c, \u201eP\u016bkis ir p\u016bkutis\u201c.<\/p>\n<p>\u201eP\u016bkio pasakos\u201c \u2013 tai knygeli\u0173 serija 2\u20137 met\u0173 vaikams, kuriose paprasta ir linksma forma pasakojama apie bendraam\u017eio lapiuko pasaulio pa\u017einim\u0105, draugus, pramogas, skaud\u017eias ir linksmas gyvenimo pamokas.<\/p>\n<ul class=\"about-product d-none d-xl-block mt-4\">\n<li><strong>Autorius:<\/strong>\u00a0Vytautas V. Landsbergis<\/li>\n<li><strong>Leid\u0117jas:<\/strong>\u00a0Dominicus Lituanus<\/li>\n<li><strong>Metai:<\/strong>\u00a02021<\/li>\n<li><strong>Puslapiai:<\/strong>\u00a0112<\/li>\n<li class=\"toggleable type-new-formats \"><strong>ISBN:<\/strong>\u00a09786098227260<\/li>\n<li><strong>Versijos kodas:<\/strong>\u00a0PT.<\/li>\n<li class=\"toggleable type-new-formats \"><strong>Formatas:<\/strong>\u00a022 x 25 x 1,8 cm, kieti vir\u0161eliai<\/li>\n<li><strong>Kalba:<\/strong>\u00a0Lietuvi\u0173<\/li>\n<li><strong>Knyg\u0173 serija:<\/strong>\u00a0P\u016bkio pasakos<\/li>\n<\/ul>\n","protected":false},"excerpt":{"rendered":"<p>\u201eOi, tas P\u016bkis!\u201c \u2013 antroji knygeli\u0173 apie lapiuk\u0105 P\u016bk\u012f rinktin\u0117. Joje sud\u0117tos penkios pasakait\u0117s: \u201eP\u016bkis karalius\u201c, \u201eP\u016bkis ir Migla\u201c, \u201eP\u016bkis ir kadagys\u201c, \u201eP\u016bkis ir traktorius\u201c, \u201eP\u016bkis ir p\u016bkutis\u201c. \u201eP\u016bkio pasakos\u201c \u2013 tai knygeli\u0173 serija 2\u20137 met\u0173 vaikams, kuriose paprasta ir linksma forma pasakojama apie bendraam\u017eio lapiuko pasaulio pa\u017einim\u0105, draugus, pramogas, skaud\u017eias ir linksmas gyvenimo pamokas. Autorius:\u00a0Vytautas V. Landsbergis Leid\u0117jas:\u00a0Dominicus Lituanus Metai:\u00a02021 Puslapiai:\u00a0112 ISBN:\u00a09786098227260 Versijos kodas:\u00a0PT. Formatas:\u00a022 x 25 x 1,8 cm, kieti vir\u0161eliai Kalba:\u00a0Lietuvi\u0173 Knyg\u0173 serija:\u00a0P\u016bkio pasakos<\/p>\n","protected":false},"featured_media":15837,"comment_status":"open","ping_status":"closed","template":"","meta":{"_acf_changed":false,"site-sidebar-layout":"default","site-content-layout":"","ast-site-content-layout":"default","site-content-style":"default","site-sidebar-style":"default","ast-global-header-display":"","ast-banner-title-visibility":"","ast-main-header-display":"","ast-hfb-above-header-display":"","ast-hfb-below-header-display":"","ast-hfb-mobile-header-display":"","site-post-title":"","ast-breadcrumbs-content":"","ast-featured-img":"","footer-sml-layout":"","ast-disable-related-posts":"","theme-transparent-header-meta":"default","adv-header-id-meta":"","stick-header-meta":"","header-above-stick-meta":"","header-main-stick-meta":"","header-below-stick-meta":"","astra-migrate-meta-layouts":"set","ast-page-background-enabled":"default","ast-page-background-meta":{"desktop":{"background-color":"","background-image":"","background-repeat":"repeat","background-position":"center center","background-size":"auto","background-attachment":"scroll","background-type":"","background-media":"","overlay-type":"","overlay-color":"","overlay-opacity":"","overlay-gradient":""},"tablet":{"background-color":"","background-image":"","background-repeat":"repeat","background-position":"center center","background-size":"auto","background-attachment":"scroll","background-type":"","background-media":"","overlay-type":"","overlay-color":"","overlay-opacity":"","overlay-gradient":""},"mobile":{"background-color":"","background-image":"","background-repeat":"repeat","background-position":"center center","background-size":"auto","background-attachment":"scroll","background-type":"","background-media":"","overlay-type":"","overlay-color":"","overlay-opacity":"","overlay-gradient":""}},"ast-content-background-meta":{"desktop":{"background-color":"var(--ast-global-color-4)","background-image":"","background-repeat":"repeat","background-position":"center center","background-size":"auto","background-attachment":"scroll","background-type":"","background-media":"","overlay-type":"","overlay-color":"","overlay-opacity":"","overlay-gradient":""},"tablet":{"background-color":"var(--ast-global-color-4)","background-image":"","background-repeat":"repeat","background-position":"center center","background-size":"auto","background-attachment":"scroll","background-type":"","background-media":"","overlay-type":"","overlay-color":"","overlay-opacity":"","overlay-gradient":""},"mobile":{"background-color":"var(--ast-global-color-4)","background-image":"","background-repeat":"repeat","background-position":"center center","background-size":"auto","background-attachment":"scroll","background-type":"","background-media":"","overlay-type":"","overlay-color":"","overlay-opacity":"","overlay-gradient":""}}},"product_brand":[],"product_cat":[15,35],"product_tag":[1783,1782,1784,1785,1645,1781],"class_list":{"0":"post-15836","1":"product","2":"type-product","3":"status-publish","4":"has-post-thumbnail","6":"product_cat-uncategorized","7":"product_cat-vaikams-ir-paaugliams","8":"product_tag-lapiukas","9":"product_tag-pukis","10":"product_tag-seimos-knyga","11":"product_tag-vaikams","12":"product_tag-vaiku-literatura","13":"product_tag-vytautas-v-landsbergis","14":"desktop-align-left","15":"tablet-align-left","16":"mobile-align-left","18":"first","19":"outofstock","20":"shipping-taxable","21":"purchasable","22":"product-type-simple"},"acf":[],"yoast_head":"<!-- This site is optimized with the Yoast SEO plugin v27.0 - https:\/\/yoast.com\/product\/yoast-seo-wordpress\/ -->\n<title>Oi, tas P\u016bkis!<\/title>\n<meta name=\"description\" content=\"\u201eOi, tas P\u016bkis!\u201c \u2013 antroji knygeli\u0173 apie lapiuk\u0105 P\u016bk\u012f rinktin\u0117. Joje sud\u0117tos penkios pasakait\u0117s: \u201eP\u016bkis karalius\u201c, \u201eP\u016bkis ir Migla\u201c, \u201eP\u016bkis ir kadagys\u201c,\" \/>\n<meta name=\"robots\" content=\"index, follow, max-snippet:-1, max-image-preview:large, max-video-preview:-1\" \/>\n<link rel=\"canonical\" href=\"https:\/\/skaitytaknyga.lt\/en\/produktas\/oi-tas-pukis\/\" \/>\n<meta property=\"og:locale\" content=\"en_GB\" \/>\n<meta property=\"og:locale:alternate\" content=\"lt_LT\" \/>\n<meta property=\"og:type\" content=\"article\" \/>\n<meta property=\"og:title\" content=\"Oi, tas P\u016bkis!\" \/>\n<meta property=\"og:description\" content=\"\u201eOi, tas P\u016bkis!\u201c \u2013 antroji knygeli\u0173 apie lapiuk\u0105 P\u016bk\u012f rinktin\u0117. Joje sud\u0117tos penkios pasakait\u0117s: \u201eP\u016bkis karalius\u201c, \u201eP\u016bkis ir Migla\u201c, \u201eP\u016bkis ir kadagys\u201c,\" \/>\n<meta property=\"og:url\" content=\"https:\/\/skaitytaknyga.lt\/en\/produktas\/oi-tas-pukis\/\" \/>\n<meta property=\"og:site_name\" content=\"Skaitytaknyga\" \/>\n<meta property=\"article:publisher\" content=\"https:\/\/www.facebook.com\/skaitytaknyga\/\" \/>\n<meta property=\"article:modified_time\" content=\"2025-05-12T06:48:59+00:00\" \/>\n<meta property=\"og:image\" content=\"https:\/\/skaitytaknyga.lt\/wp-content\/uploads\/2025\/01\/Oi-tas-Pukis-e1736079471682.webp\" \/>\n\t<meta property=\"og:image:width\" content=\"376\" \/>\n\t<meta property=\"og:image:height\" content=\"458\" \/>\n\t<meta property=\"og:image:type\" content=\"image\/webp\" \/>\n<meta name=\"twitter:card\" content=\"summary_large_image\" \/>\n<meta name=\"twitter:label1\" content=\"Estimated reading time\" \/>\n\t<meta name=\"twitter:data1\" content=\"1 minute\" \/>\n<script type=\"application\/ld+json\" class=\"yoast-schema-graph\">{\"@context\":\"https:\/\/schema.org\",\"@graph\":[{\"@type\":\"WebPage\",\"@id\":\"https:\/\/skaitytaknyga.lt\/produktas\/oi-tas-pukis\/\",\"url\":\"https:\/\/skaitytaknyga.lt\/produktas\/oi-tas-pukis\/\",\"name\":\"Oi, tas P\u016bkis!\",\"isPartOf\":{\"@id\":\"https:\/\/skaitytaknyga.lt\/#website\"},\"primaryImageOfPage\":{\"@id\":\"https:\/\/skaitytaknyga.lt\/produktas\/oi-tas-pukis\/#primaryimage\"},\"image\":{\"@id\":\"https:\/\/skaitytaknyga.lt\/produktas\/oi-tas-pukis\/#primaryimage\"},\"thumbnailUrl\":\"https:\/\/skaitytaknyga.lt\/wp-content\/uploads\/2025\/01\/Oi-tas-Pukis-e1736079471682.webp\",\"datePublished\":\"2025-01-05T12:17:19+00:00\",\"dateModified\":\"2025-05-12T06:48:59+00:00\",\"description\":\"\u201eOi, tas P\u016bkis!\u201c \u2013 antroji knygeli\u0173 apie lapiuk\u0105 P\u016bk\u012f rinktin\u0117. Joje sud\u0117tos penkios pasakait\u0117s: \u201eP\u016bkis karalius\u201c, \u201eP\u016bkis ir Migla\u201c, \u201eP\u016bkis ir kadagys\u201c,\",\"breadcrumb\":{\"@id\":\"https:\/\/skaitytaknyga.lt\/produktas\/oi-tas-pukis\/#breadcrumb\"},\"inLanguage\":\"en-GB\",\"potentialAction\":[{\"@type\":\"ReadAction\",\"target\":[\"https:\/\/skaitytaknyga.lt\/produktas\/oi-tas-pukis\/\"]}]},{\"@type\":\"ImageObject\",\"inLanguage\":\"en-GB\",\"@id\":\"https:\/\/skaitytaknyga.lt\/produktas\/oi-tas-pukis\/#primaryimage\",\"url\":\"https:\/\/skaitytaknyga.lt\/wp-content\/uploads\/2025\/01\/Oi-tas-Pukis-e1736079471682.webp\",\"contentUrl\":\"https:\/\/skaitytaknyga.lt\/wp-content\/uploads\/2025\/01\/Oi-tas-Pukis-e1736079471682.webp\",\"width\":376,\"height\":458,\"caption\":\"Oi, tas P\u016bkis!\"},{\"@type\":\"BreadcrumbList\",\"@id\":\"https:\/\/skaitytaknyga.lt\/produktas\/oi-tas-pukis\/#breadcrumb\",\"itemListElement\":[{\"@type\":\"ListItem\",\"position\":1,\"name\":\"Home\",\"item\":\"https:\/\/skaitytaknyga.lt\/\"},{\"@type\":\"ListItem\",\"position\":2,\"name\":\"Parduotuv\u0117\",\"item\":\"https:\/\/skaitytaknyga.lt\/knygu-parduotuve\/\"},{\"@type\":\"ListItem\",\"position\":3,\"name\":\"Oi, tas P\u016bkis!\"}]},{\"@type\":\"WebSite\",\"@id\":\"https:\/\/skaitytaknyga.lt\/#website\",\"url\":\"https:\/\/skaitytaknyga.lt\/\",\"name\":\"skaitytaknyga.lt\",\"description\":\"Skaitytaknyga.lt \u2013 tai ma\u017eas \u0161eimos verslas, kuris prasid\u0117jo nuo meil\u0117s knygoms ir siekio i\u0161gelb\u0117ti knygas nuo likimo prie konteinerio. Kas vienam nereikalingas daiktas \u2013 kitam lobis, o mes esame tarpininkai, kurie padeda abiems tapti laimingesniems ???? \u017dinome kaip nelengva i\u0161gyventi ma\u017eiems verslams, tad nuo \u0161iol, \u010dia rasite ir kit\u0173, ma\u017e\u0173 \u0161eim\u0173 versl\u0173, rank\u0173 darbo, dovan\u0173 sau ir artimiesiems.\",\"publisher\":{\"@id\":\"https:\/\/skaitytaknyga.lt\/#organization\"},\"potentialAction\":[{\"@type\":\"SearchAction\",\"target\":{\"@type\":\"EntryPoint\",\"urlTemplate\":\"https:\/\/skaitytaknyga.lt\/?s={search_term_string}\"},\"query-input\":{\"@type\":\"PropertyValueSpecification\",\"valueRequired\":true,\"valueName\":\"search_term_string\"}}],\"inLanguage\":\"en-GB\"},{\"@type\":\"Organization\",\"@id\":\"https:\/\/skaitytaknyga.lt\/#organization\",\"name\":\"skaitytaknyga.lt\",\"url\":\"https:\/\/skaitytaknyga.lt\/\",\"logo\":{\"@type\":\"ImageObject\",\"inLanguage\":\"en-GB\",\"@id\":\"https:\/\/skaitytaknyga.lt\/#\/schema\/logo\/image\/\",\"url\":\"https:\/\/skaitytaknyga.lt\/wp-content\/uploads\/2024\/05\/cropped-cropped-cropped-02_00843_jt3bggkj1j3HLc7SyY6rEUpg.jpeg\",\"contentUrl\":\"https:\/\/skaitytaknyga.lt\/wp-content\/uploads\/2024\/05\/cropped-cropped-cropped-02_00843_jt3bggkj1j3HLc7SyY6rEUpg.jpeg\",\"width\":1600,\"height\":1600,\"caption\":\"skaitytaknyga.lt\"},\"image\":{\"@id\":\"https:\/\/skaitytaknyga.lt\/#\/schema\/logo\/image\/\"},\"sameAs\":[\"https:\/\/www.facebook.com\/skaitytaknyga\/\"]}]}<\/script>\n<!-- \/ Yoast SEO plugin. -->","yoast_head_json":{"title":"Oi, tas P\u016bkis!","description":"\u201eOi, tas P\u016bkis!\u201c \u2013 antroji knygeli\u0173 apie lapiuk\u0105 P\u016bk\u012f rinktin\u0117. Joje sud\u0117tos penkios pasakait\u0117s: \u201eP\u016bkis karalius\u201c, \u201eP\u016bkis ir Migla\u201c, \u201eP\u016bkis ir kadagys\u201c,","robots":{"index":"index","follow":"follow","max-snippet":"max-snippet:-1","max-image-preview":"max-image-preview:large","max-video-preview":"max-video-preview:-1"},"canonical":"https:\/\/skaitytaknyga.lt\/en\/produktas\/oi-tas-pukis\/","og_locale":"en_GB","og_type":"article","og_title":"[:en]Oi, tas P\u016bkis![:lt]Oi, tas P\u016bkis![:] - Skaitytaknyga","og_description":"\u201eOi, tas P\u016bkis!\u201c \u2013 antroji knygeli\u0173 apie lapiuk\u0105 P\u016bk\u012f rinktin\u0117. Joje sud\u0117tos penkios pasakait\u0117s: \u201eP\u016bkis karalius\u201c, \u201eP\u016bkis ir Migla\u201c, \u201eP\u016bkis ir kadagys\u201c,","og_url":"https:\/\/skaitytaknyga.lt\/en\/produktas\/oi-tas-pukis\/","og_site_name":"Skaitytaknyga","article_publisher":"https:\/\/www.facebook.com\/skaitytaknyga\/","article_modified_time":"2025-05-12T06:48:59+00:00","og_image":[{"width":376,"height":458,"url":"https:\/\/skaitytaknyga.lt\/wp-content\/uploads\/2025\/01\/Oi-tas-Pukis-e1736079471682.webp","type":"image\/webp"}],"twitter_card":"summary_large_image","twitter_misc":{"Estimated reading time":"1 minute"},"schema":{"@context":"https:\/\/schema.org","@graph":[{"@type":"WebPage","@id":"https:\/\/skaitytaknyga.lt\/produktas\/oi-tas-pukis\/","url":"https:\/\/skaitytaknyga.lt\/produktas\/oi-tas-pukis\/","name":"Oi, tas P\u016bkis!","isPartOf":{"@id":"https:\/\/skaitytaknyga.lt\/#website"},"primaryImageOfPage":{"@id":"https:\/\/skaitytaknyga.lt\/produktas\/oi-tas-pukis\/#primaryimage"},"image":{"@id":"https:\/\/skaitytaknyga.lt\/produktas\/oi-tas-pukis\/#primaryimage"},"thumbnailUrl":"https:\/\/skaitytaknyga.lt\/wp-content\/uploads\/2025\/01\/Oi-tas-Pukis-e1736079471682.webp","datePublished":"2025-01-05T12:17:19+00:00","dateModified":"2025-05-12T06:48:59+00:00","description":"\u201eOi, tas P\u016bkis!\u201c \u2013 antroji knygeli\u0173 apie lapiuk\u0105 P\u016bk\u012f rinktin\u0117. Joje sud\u0117tos penkios pasakait\u0117s: \u201eP\u016bkis karalius\u201c, \u201eP\u016bkis ir Migla\u201c, \u201eP\u016bkis ir kadagys\u201c,","breadcrumb":{"@id":"https:\/\/skaitytaknyga.lt\/produktas\/oi-tas-pukis\/#breadcrumb"},"inLanguage":"en-GB","potentialAction":[{"@type":"ReadAction","target":["https:\/\/skaitytaknyga.lt\/produktas\/oi-tas-pukis\/"]}]},{"@type":"ImageObject","inLanguage":"en-GB","@id":"https:\/\/skaitytaknyga.lt\/produktas\/oi-tas-pukis\/#primaryimage","url":"https:\/\/skaitytaknyga.lt\/wp-content\/uploads\/2025\/01\/Oi-tas-Pukis-e1736079471682.webp","contentUrl":"https:\/\/skaitytaknyga.lt\/wp-content\/uploads\/2025\/01\/Oi-tas-Pukis-e1736079471682.webp","width":376,"height":458,"caption":"Oi, tas P\u016bkis!"},{"@type":"BreadcrumbList","@id":"https:\/\/skaitytaknyga.lt\/produktas\/oi-tas-pukis\/#breadcrumb","itemListElement":[{"@type":"ListItem","position":1,"name":"Home","item":"https:\/\/skaitytaknyga.lt\/"},{"@type":"ListItem","position":2,"name":"Parduotuv\u0117","item":"https:\/\/skaitytaknyga.lt\/knygu-parduotuve\/"},{"@type":"ListItem","position":3,"name":"Oi, tas P\u016bkis!"}]},{"@type":"WebSite","@id":"https:\/\/skaitytaknyga.lt\/#website","url":"https:\/\/skaitytaknyga.lt\/","name":"skaitytaknyga.lt","description":"Skaitytaknyga.lt \u2013 tai ma\u017eas \u0161eimos verslas, kuris prasid\u0117jo nuo meil\u0117s knygoms ir siekio i\u0161gelb\u0117ti knygas nuo likimo prie konteinerio. Kas vienam nereikalingas daiktas \u2013 kitam lobis, o mes esame tarpininkai, kurie padeda abiems tapti laimingesniems ???? \u017dinome kaip nelengva i\u0161gyventi ma\u017eiems verslams, tad nuo \u0161iol, \u010dia rasite ir kit\u0173, ma\u017e\u0173 \u0161eim\u0173 versl\u0173, rank\u0173 darbo, dovan\u0173 sau ir artimiesiems.","publisher":{"@id":"https:\/\/skaitytaknyga.lt\/#organization"},"potentialAction":[{"@type":"SearchAction","target":{"@type":"EntryPoint","urlTemplate":"https:\/\/skaitytaknyga.lt\/?s={search_term_string}"},"query-input":{"@type":"PropertyValueSpecification","valueRequired":true,"valueName":"search_term_string"}}],"inLanguage":"en-GB"},{"@type":"Organization","@id":"https:\/\/skaitytaknyga.lt\/#organization","name":"skaitytaknyga.lt","url":"https:\/\/skaitytaknyga.lt\/","logo":{"@type":"ImageObject","inLanguage":"en-GB","@id":"https:\/\/skaitytaknyga.lt\/#\/schema\/logo\/image\/","url":"https:\/\/skaitytaknyga.lt\/wp-content\/uploads\/2024\/05\/cropped-cropped-cropped-02_00843_jt3bggkj1j3HLc7SyY6rEUpg.jpeg","contentUrl":"https:\/\/skaitytaknyga.lt\/wp-content\/uploads\/2024\/05\/cropped-cropped-cropped-02_00843_jt3bggkj1j3HLc7SyY6rEUpg.jpeg","width":1600,"height":1600,"caption":"skaitytaknyga.lt"},"image":{"@id":"https:\/\/skaitytaknyga.lt\/#\/schema\/logo\/image\/"},"sameAs":["https:\/\/www.facebook.com\/skaitytaknyga\/"]}]}},"_links":{"self":[{"href":"https:\/\/skaitytaknyga.lt\/en\/wp-json\/wp\/v2\/product\/15836","targetHints":{"allow":["GET"]}}],"collection":[{"href":"https:\/\/skaitytaknyga.lt\/en\/wp-json\/wp\/v2\/product"}],"about":[{"href":"https:\/\/skaitytaknyga.lt\/en\/wp-json\/wp\/v2\/types\/product"}],"replies":[{"embeddable":true,"href":"https:\/\/skaitytaknyga.lt\/en\/wp-json\/wp\/v2\/comments?post=15836"}],"wp:featuredmedia":[{"embeddable":true,"href":"https:\/\/skaitytaknyga.lt\/en\/wp-json\/wp\/v2\/media\/15837"}],"wp:attachment":[{"href":"https:\/\/skaitytaknyga.lt\/en\/wp-json\/wp\/v2\/media?parent=15836"}],"wp:term":[{"taxonomy":"product_brand","embeddable":true,"href":"https:\/\/skaitytaknyga.lt\/en\/wp-json\/wp\/v2\/product_brand?post=15836"},{"taxonomy":"product_cat","embeddable":true,"href":"https:\/\/skaitytaknyga.lt\/en\/wp-json\/wp\/v2\/product_cat?post=15836"},{"taxonomy":"product_tag","embeddable":true,"href":"https:\/\/skaitytaknyga.lt\/en\/wp-json\/wp\/v2\/product_tag?post=15836"}],"curies":[{"name":"wp","href":"https:\/\/api.w.org\/{rel}","templated":true}]}}