{"id":15834,"date":"2025-01-05T14:16:04","date_gmt":"2025-01-05T12:16:04","guid":{"rendered":"https:\/\/skaitytaknyga.lt\/?post_type=product&#038;p=15834"},"modified":"2025-02-16T10:26:10","modified_gmt":"2025-02-16T08:26:10","slug":"dykumos-ismintis-apoftegmos","status":"publish","type":"product","link":"https:\/\/skaitytaknyga.lt\/en\/produktas\/dykumos-ismintis-apoftegmos\/","title":{"rendered":"Dykumos i\u0161mintis: apoftegmos"},"content":{"rendered":"<p>IV a. po Kr. Egipto, Palestinos, Arabijos ir Persijos dykumose apsigyveno \u017emon\u0117s, gars\u0117j\u0119 savoti\u0161ka reputacija. Tai buvo pirmieji krik\u0161\u010dionys eremitai, apsigyven\u0119 vienumoje ir \u201eie\u0161koj\u0119 i\u0161ganymo\u201c.<\/p>\n<p>\u0160iuo apoftegm\u0173 i\u0161 Verba Seniorum rinkiniu nepretenduojama \u012f pavyzdin\u0119 erudicij\u0105. Prie\u0161ingai, tai laisvas ir paprastas i\u0161 \u012fvairi\u0173 lotyni\u0161k\u0173 original\u0173 parinkt\u0173 istorij\u0173 i\u0161d\u0117stymas, nesiekiant jas susisteminti ar nustatyti j\u0173 \u0161altinius, i\u0161laikant j\u0173 pirmyk\u0161t\u012f spontani\u0161kum\u0105, paprastum\u0105 ir asmeni\u0161kum\u0105.<\/p>\n<p>Jau\u010diantys \u0161i\u0173 apoftegm\u0173 poreik\u012f ir m\u0117gstantys tyro vandens skon\u012f primenant\u012f padr\u0105sinim\u0105, tepaj\u0117gia sekti srove iki pat jos \u0161altinio.<\/p>\n<ul class=\"about-product d-none d-xl-block mt-4\">\n<li><strong>Autorius:<\/strong>\u00a0Thomas Merton<\/li>\n<li><strong>Leid\u0117jas:<\/strong>\u00a0Katalik\u0173 pasaulio leidiniai<\/li>\n<li><strong>Metai:<\/strong>\u00a02009<\/li>\n<li><strong>Puslapiai:<\/strong>\u00a094<\/li>\n<li class=\"toggleable type-new-formats \"><strong>ISBN:<\/strong>\u00a09789955290940<\/li>\n<li><strong>Versijos kodas:<\/strong>\u00a0PT.<\/li>\n<li class=\"toggleable type-new-formats \"><strong>Formatas:<\/strong>\u00a012,5 x 20 cm, mink\u0161ti vir\u0161eliai<\/li>\n<li><strong>Kalba:<\/strong>\u00a0Lietuvi\u0173<\/li>\n<li><strong>Vert\u0117jas:<\/strong>\u00a0R\u016bta Minelgien\u0117<\/li>\n<\/ul>\n","protected":false},"excerpt":{"rendered":"<p>IV a. po Kr. Egipto, Palestinos, Arabijos ir Persijos dykumose apsigyveno \u017emon\u0117s, gars\u0117j\u0119 savoti\u0161ka reputacija. Tai buvo pirmieji krik\u0161\u010dionys eremitai, apsigyven\u0119 vienumoje ir \u201eie\u0161koj\u0119 i\u0161ganymo\u201c. \u0160iuo apoftegm\u0173 i\u0161 Verba Seniorum rinkiniu nepretenduojama \u012f pavyzdin\u0119 erudicij\u0105. Prie\u0161ingai, tai laisvas ir paprastas i\u0161 \u012fvairi\u0173 lotyni\u0161k\u0173 original\u0173 parinkt\u0173 istorij\u0173 i\u0161d\u0117stymas, nesiekiant jas susisteminti ar nustatyti j\u0173 \u0161altinius, i\u0161laikant j\u0173 pirmyk\u0161t\u012f spontani\u0161kum\u0105, paprastum\u0105 ir asmeni\u0161kum\u0105. Jau\u010diantys \u0161i\u0173 apoftegm\u0173 poreik\u012f ir m\u0117gstantys tyro vandens skon\u012f primenant\u012f padr\u0105sinim\u0105, tepaj\u0117gia sekti srove iki pat jos \u0161altinio. Autorius:\u00a0Thomas Merton Leid\u0117jas:\u00a0Katalik\u0173 pasaulio leidiniai Metai:\u00a02009 Puslapiai:\u00a094 ISBN:\u00a09789955290940 Versijos kodas:\u00a0PT. Formatas:\u00a012,5 x 20 cm, mink\u0161ti vir\u0161eliai Kalba:\u00a0Lietuvi\u0173 Vert\u0117jas:\u00a0R\u016bta Minelgien\u0117<\/p>\n","protected":false},"featured_media":15835,"comment_status":"open","ping_status":"closed","template":"","meta":{"_acf_changed":false,"site-sidebar-layout":"default","site-content-layout":"","ast-site-content-layout":"default","site-content-style":"default","site-sidebar-style":"default","ast-global-header-display":"","ast-banner-title-visibility":"","ast-main-header-display":"","ast-hfb-above-header-display":"","ast-hfb-below-header-display":"","ast-hfb-mobile-header-display":"","site-post-title":"","ast-breadcrumbs-content":"","ast-featured-img":"","footer-sml-layout":"","ast-disable-related-posts":"","theme-transparent-header-meta":"default","adv-header-id-meta":"","stick-header-meta":"","header-above-stick-meta":"","header-main-stick-meta":"","header-below-stick-meta":"","astra-migrate-meta-layouts":"set","ast-page-background-enabled":"default","ast-page-background-meta":{"desktop":{"background-color":"","background-image":"","background-repeat":"repeat","background-position":"center center","background-size":"auto","background-attachment":"scroll","background-type":"","background-media":"","overlay-type":"","overlay-color":"","overlay-opacity":"","overlay-gradient":""},"tablet":{"background-color":"","background-image":"","background-repeat":"repeat","background-position":"center center","background-size":"auto","background-attachment":"scroll","background-type":"","background-media":"","overlay-type":"","overlay-color":"","overlay-opacity":"","overlay-gradient":""},"mobile":{"background-color":"","background-image":"","background-repeat":"repeat","background-position":"center center","background-size":"auto","background-attachment":"scroll","background-type":"","background-media":"","overlay-type":"","overlay-color":"","overlay-opacity":"","overlay-gradient":""}},"ast-content-background-meta":{"desktop":{"background-color":"var(--ast-global-color-4)","background-image":"","background-repeat":"repeat","background-position":"center center","background-size":"auto","background-attachment":"scroll","background-type":"","background-media":"","overlay-type":"","overlay-color":"","overlay-opacity":"","overlay-gradient":""},"tablet":{"background-color":"var(--ast-global-color-4)","background-image":"","background-repeat":"repeat","background-position":"center center","background-size":"auto","background-attachment":"scroll","background-type":"","background-media":"","overlay-type":"","overlay-color":"","overlay-opacity":"","overlay-gradient":""},"mobile":{"background-color":"var(--ast-global-color-4)","background-image":"","background-repeat":"repeat","background-position":"center center","background-size":"auto","background-attachment":"scroll","background-type":"","background-media":"","overlay-type":"","overlay-color":"","overlay-opacity":"","overlay-gradient":""}}},"product_brand":[],"product_cat":[15,165],"product_tag":[],"class_list":{"0":"post-15834","1":"product","2":"type-product","3":"status-publish","4":"has-post-thumbnail","6":"product_cat-uncategorized","7":"product_cat-religija-filosofija-ir-ezoterika","8":"desktop-align-left","9":"tablet-align-left","10":"mobile-align-left","12":"first","13":"outofstock","14":"shipping-taxable","15":"purchasable","16":"product-type-simple"},"acf":[],"yoast_head":"<!-- This site is optimized with the Yoast SEO plugin v27.0 - https:\/\/yoast.com\/product\/yoast-seo-wordpress\/ -->\n<title>Dykumos i\u0161mintis: apoftegmos<\/title>\n<meta name=\"description\" content=\"IV a. po Kr. Egipto, Palestinos, Arabijos ir Persijos dykumose apsigyveno \u017emon\u0117s, gars\u0117j\u0119 savoti\u0161ka reputacija. Tai buvo pirmieji krik\u0161\u010dionys eremitai,\" \/>\n<meta name=\"robots\" content=\"index, follow, max-snippet:-1, max-image-preview:large, max-video-preview:-1\" \/>\n<link rel=\"canonical\" href=\"https:\/\/skaitytaknyga.lt\/en\/produktas\/dykumos-ismintis-apoftegmos\/\" \/>\n<meta property=\"og:locale\" content=\"en_GB\" \/>\n<meta property=\"og:locale:alternate\" content=\"lt_LT\" \/>\n<meta property=\"og:type\" content=\"article\" \/>\n<meta property=\"og:title\" content=\"Dykumos i\u0161mintis: apoftegmos\" \/>\n<meta property=\"og:description\" content=\"IV a. po Kr. Egipto, Palestinos, Arabijos ir Persijos dykumose apsigyveno \u017emon\u0117s, gars\u0117j\u0119 savoti\u0161ka reputacija. Tai buvo pirmieji krik\u0161\u010dionys eremitai,\" \/>\n<meta property=\"og:url\" content=\"https:\/\/skaitytaknyga.lt\/en\/produktas\/dykumos-ismintis-apoftegmos\/\" \/>\n<meta property=\"og:site_name\" content=\"Skaitytaknyga\" \/>\n<meta property=\"article:publisher\" content=\"https:\/\/www.facebook.com\/skaitytaknyga\/\" \/>\n<meta property=\"article:modified_time\" content=\"2025-02-16T08:26:10+00:00\" \/>\n<meta property=\"og:image\" content=\"https:\/\/skaitytaknyga.lt\/wp-content\/uploads\/2025\/01\/Dykumos-ismintis-apoftegmos.webp\" \/>\n\t<meta property=\"og:image:width\" content=\"539\" \/>\n\t<meta property=\"og:image:height\" content=\"800\" \/>\n\t<meta property=\"og:image:type\" content=\"image\/webp\" \/>\n<meta name=\"twitter:card\" content=\"summary_large_image\" \/>\n<meta name=\"twitter:label1\" content=\"Estimated reading time\" \/>\n\t<meta name=\"twitter:data1\" content=\"1 minute\" \/>\n<script type=\"application\/ld+json\" class=\"yoast-schema-graph\">{\"@context\":\"https:\/\/schema.org\",\"@graph\":[{\"@type\":\"WebPage\",\"@id\":\"https:\/\/skaitytaknyga.lt\/produktas\/dykumos-ismintis-apoftegmos\/\",\"url\":\"https:\/\/skaitytaknyga.lt\/produktas\/dykumos-ismintis-apoftegmos\/\",\"name\":\"Dykumos i\u0161mintis: apoftegmos\",\"isPartOf\":{\"@id\":\"https:\/\/skaitytaknyga.lt\/#website\"},\"primaryImageOfPage\":{\"@id\":\"https:\/\/skaitytaknyga.lt\/produktas\/dykumos-ismintis-apoftegmos\/#primaryimage\"},\"image\":{\"@id\":\"https:\/\/skaitytaknyga.lt\/produktas\/dykumos-ismintis-apoftegmos\/#primaryimage\"},\"thumbnailUrl\":\"https:\/\/skaitytaknyga.lt\/wp-content\/uploads\/2025\/01\/Dykumos-ismintis-apoftegmos.webp\",\"datePublished\":\"2025-01-05T12:16:04+00:00\",\"dateModified\":\"2025-02-16T08:26:10+00:00\",\"description\":\"IV a. po Kr. Egipto, Palestinos, Arabijos ir Persijos dykumose apsigyveno \u017emon\u0117s, gars\u0117j\u0119 savoti\u0161ka reputacija. Tai buvo pirmieji krik\u0161\u010dionys eremitai,\",\"breadcrumb\":{\"@id\":\"https:\/\/skaitytaknyga.lt\/produktas\/dykumos-ismintis-apoftegmos\/#breadcrumb\"},\"inLanguage\":\"en-GB\",\"potentialAction\":[{\"@type\":\"ReadAction\",\"target\":[\"https:\/\/skaitytaknyga.lt\/produktas\/dykumos-ismintis-apoftegmos\/\"]}]},{\"@type\":\"ImageObject\",\"inLanguage\":\"en-GB\",\"@id\":\"https:\/\/skaitytaknyga.lt\/produktas\/dykumos-ismintis-apoftegmos\/#primaryimage\",\"url\":\"https:\/\/skaitytaknyga.lt\/wp-content\/uploads\/2025\/01\/Dykumos-ismintis-apoftegmos.webp\",\"contentUrl\":\"https:\/\/skaitytaknyga.lt\/wp-content\/uploads\/2025\/01\/Dykumos-ismintis-apoftegmos.webp\",\"width\":539,\"height\":800,\"caption\":\"Dykumos i\u0161mintis: apoftegmos\"},{\"@type\":\"BreadcrumbList\",\"@id\":\"https:\/\/skaitytaknyga.lt\/produktas\/dykumos-ismintis-apoftegmos\/#breadcrumb\",\"itemListElement\":[{\"@type\":\"ListItem\",\"position\":1,\"name\":\"Home\",\"item\":\"https:\/\/skaitytaknyga.lt\/\"},{\"@type\":\"ListItem\",\"position\":2,\"name\":\"Parduotuv\u0117\",\"item\":\"https:\/\/skaitytaknyga.lt\/knygu-parduotuve\/\"},{\"@type\":\"ListItem\",\"position\":3,\"name\":\"Dykumos i\u0161mintis: apoftegmos\"}]},{\"@type\":\"WebSite\",\"@id\":\"https:\/\/skaitytaknyga.lt\/#website\",\"url\":\"https:\/\/skaitytaknyga.lt\/\",\"name\":\"skaitytaknyga.lt\",\"description\":\"Skaitytaknyga.lt \u2013 tai ma\u017eas \u0161eimos verslas, kuris prasid\u0117jo nuo meil\u0117s knygoms ir siekio i\u0161gelb\u0117ti knygas nuo likimo prie konteinerio. Kas vienam nereikalingas daiktas \u2013 kitam lobis, o mes esame tarpininkai, kurie padeda abiems tapti laimingesniems ???? \u017dinome kaip nelengva i\u0161gyventi ma\u017eiems verslams, tad nuo \u0161iol, \u010dia rasite ir kit\u0173, ma\u017e\u0173 \u0161eim\u0173 versl\u0173, rank\u0173 darbo, dovan\u0173 sau ir artimiesiems.\",\"publisher\":{\"@id\":\"https:\/\/skaitytaknyga.lt\/#organization\"},\"potentialAction\":[{\"@type\":\"SearchAction\",\"target\":{\"@type\":\"EntryPoint\",\"urlTemplate\":\"https:\/\/skaitytaknyga.lt\/?s={search_term_string}\"},\"query-input\":{\"@type\":\"PropertyValueSpecification\",\"valueRequired\":true,\"valueName\":\"search_term_string\"}}],\"inLanguage\":\"en-GB\"},{\"@type\":\"Organization\",\"@id\":\"https:\/\/skaitytaknyga.lt\/#organization\",\"name\":\"skaitytaknyga.lt\",\"url\":\"https:\/\/skaitytaknyga.lt\/\",\"logo\":{\"@type\":\"ImageObject\",\"inLanguage\":\"en-GB\",\"@id\":\"https:\/\/skaitytaknyga.lt\/#\/schema\/logo\/image\/\",\"url\":\"https:\/\/skaitytaknyga.lt\/wp-content\/uploads\/2024\/05\/cropped-cropped-cropped-02_00843_jt3bggkj1j3HLc7SyY6rEUpg.jpeg\",\"contentUrl\":\"https:\/\/skaitytaknyga.lt\/wp-content\/uploads\/2024\/05\/cropped-cropped-cropped-02_00843_jt3bggkj1j3HLc7SyY6rEUpg.jpeg\",\"width\":1600,\"height\":1600,\"caption\":\"skaitytaknyga.lt\"},\"image\":{\"@id\":\"https:\/\/skaitytaknyga.lt\/#\/schema\/logo\/image\/\"},\"sameAs\":[\"https:\/\/www.facebook.com\/skaitytaknyga\/\"]}]}<\/script>\n<!-- \/ Yoast SEO plugin. -->","yoast_head_json":{"title":"Dykumos i\u0161mintis: apoftegmos","description":"IV a. po Kr. Egipto, Palestinos, Arabijos ir Persijos dykumose apsigyveno \u017emon\u0117s, gars\u0117j\u0119 savoti\u0161ka reputacija. Tai buvo pirmieji krik\u0161\u010dionys eremitai,","robots":{"index":"index","follow":"follow","max-snippet":"max-snippet:-1","max-image-preview":"max-image-preview:large","max-video-preview":"max-video-preview:-1"},"canonical":"https:\/\/skaitytaknyga.lt\/en\/produktas\/dykumos-ismintis-apoftegmos\/","og_locale":"en_GB","og_type":"article","og_title":"[:lt]Dykumos i\u0161mintis: apoftegmos[:] - Skaitytaknyga","og_description":"IV a. po Kr. Egipto, Palestinos, Arabijos ir Persijos dykumose apsigyveno \u017emon\u0117s, gars\u0117j\u0119 savoti\u0161ka reputacija. Tai buvo pirmieji krik\u0161\u010dionys eremitai,","og_url":"https:\/\/skaitytaknyga.lt\/en\/produktas\/dykumos-ismintis-apoftegmos\/","og_site_name":"Skaitytaknyga","article_publisher":"https:\/\/www.facebook.com\/skaitytaknyga\/","article_modified_time":"2025-02-16T08:26:10+00:00","og_image":[{"width":539,"height":800,"url":"https:\/\/skaitytaknyga.lt\/wp-content\/uploads\/2025\/01\/Dykumos-ismintis-apoftegmos.webp","type":"image\/webp"}],"twitter_card":"summary_large_image","twitter_misc":{"Estimated reading time":"1 minute"},"schema":{"@context":"https:\/\/schema.org","@graph":[{"@type":"WebPage","@id":"https:\/\/skaitytaknyga.lt\/produktas\/dykumos-ismintis-apoftegmos\/","url":"https:\/\/skaitytaknyga.lt\/produktas\/dykumos-ismintis-apoftegmos\/","name":"Dykumos i\u0161mintis: apoftegmos","isPartOf":{"@id":"https:\/\/skaitytaknyga.lt\/#website"},"primaryImageOfPage":{"@id":"https:\/\/skaitytaknyga.lt\/produktas\/dykumos-ismintis-apoftegmos\/#primaryimage"},"image":{"@id":"https:\/\/skaitytaknyga.lt\/produktas\/dykumos-ismintis-apoftegmos\/#primaryimage"},"thumbnailUrl":"https:\/\/skaitytaknyga.lt\/wp-content\/uploads\/2025\/01\/Dykumos-ismintis-apoftegmos.webp","datePublished":"2025-01-05T12:16:04+00:00","dateModified":"2025-02-16T08:26:10+00:00","description":"IV a. po Kr. Egipto, Palestinos, Arabijos ir Persijos dykumose apsigyveno \u017emon\u0117s, gars\u0117j\u0119 savoti\u0161ka reputacija. Tai buvo pirmieji krik\u0161\u010dionys eremitai,","breadcrumb":{"@id":"https:\/\/skaitytaknyga.lt\/produktas\/dykumos-ismintis-apoftegmos\/#breadcrumb"},"inLanguage":"en-GB","potentialAction":[{"@type":"ReadAction","target":["https:\/\/skaitytaknyga.lt\/produktas\/dykumos-ismintis-apoftegmos\/"]}]},{"@type":"ImageObject","inLanguage":"en-GB","@id":"https:\/\/skaitytaknyga.lt\/produktas\/dykumos-ismintis-apoftegmos\/#primaryimage","url":"https:\/\/skaitytaknyga.lt\/wp-content\/uploads\/2025\/01\/Dykumos-ismintis-apoftegmos.webp","contentUrl":"https:\/\/skaitytaknyga.lt\/wp-content\/uploads\/2025\/01\/Dykumos-ismintis-apoftegmos.webp","width":539,"height":800,"caption":"Dykumos i\u0161mintis: apoftegmos"},{"@type":"BreadcrumbList","@id":"https:\/\/skaitytaknyga.lt\/produktas\/dykumos-ismintis-apoftegmos\/#breadcrumb","itemListElement":[{"@type":"ListItem","position":1,"name":"Home","item":"https:\/\/skaitytaknyga.lt\/"},{"@type":"ListItem","position":2,"name":"Parduotuv\u0117","item":"https:\/\/skaitytaknyga.lt\/knygu-parduotuve\/"},{"@type":"ListItem","position":3,"name":"Dykumos i\u0161mintis: apoftegmos"}]},{"@type":"WebSite","@id":"https:\/\/skaitytaknyga.lt\/#website","url":"https:\/\/skaitytaknyga.lt\/","name":"skaitytaknyga.lt","description":"Skaitytaknyga.lt \u2013 tai ma\u017eas \u0161eimos verslas, kuris prasid\u0117jo nuo meil\u0117s knygoms ir siekio i\u0161gelb\u0117ti knygas nuo likimo prie konteinerio. Kas vienam nereikalingas daiktas \u2013 kitam lobis, o mes esame tarpininkai, kurie padeda abiems tapti laimingesniems ???? \u017dinome kaip nelengva i\u0161gyventi ma\u017eiems verslams, tad nuo \u0161iol, \u010dia rasite ir kit\u0173, ma\u017e\u0173 \u0161eim\u0173 versl\u0173, rank\u0173 darbo, dovan\u0173 sau ir artimiesiems.","publisher":{"@id":"https:\/\/skaitytaknyga.lt\/#organization"},"potentialAction":[{"@type":"SearchAction","target":{"@type":"EntryPoint","urlTemplate":"https:\/\/skaitytaknyga.lt\/?s={search_term_string}"},"query-input":{"@type":"PropertyValueSpecification","valueRequired":true,"valueName":"search_term_string"}}],"inLanguage":"en-GB"},{"@type":"Organization","@id":"https:\/\/skaitytaknyga.lt\/#organization","name":"skaitytaknyga.lt","url":"https:\/\/skaitytaknyga.lt\/","logo":{"@type":"ImageObject","inLanguage":"en-GB","@id":"https:\/\/skaitytaknyga.lt\/#\/schema\/logo\/image\/","url":"https:\/\/skaitytaknyga.lt\/wp-content\/uploads\/2024\/05\/cropped-cropped-cropped-02_00843_jt3bggkj1j3HLc7SyY6rEUpg.jpeg","contentUrl":"https:\/\/skaitytaknyga.lt\/wp-content\/uploads\/2024\/05\/cropped-cropped-cropped-02_00843_jt3bggkj1j3HLc7SyY6rEUpg.jpeg","width":1600,"height":1600,"caption":"skaitytaknyga.lt"},"image":{"@id":"https:\/\/skaitytaknyga.lt\/#\/schema\/logo\/image\/"},"sameAs":["https:\/\/www.facebook.com\/skaitytaknyga\/"]}]}},"_links":{"self":[{"href":"https:\/\/skaitytaknyga.lt\/en\/wp-json\/wp\/v2\/product\/15834","targetHints":{"allow":["GET"]}}],"collection":[{"href":"https:\/\/skaitytaknyga.lt\/en\/wp-json\/wp\/v2\/product"}],"about":[{"href":"https:\/\/skaitytaknyga.lt\/en\/wp-json\/wp\/v2\/types\/product"}],"replies":[{"embeddable":true,"href":"https:\/\/skaitytaknyga.lt\/en\/wp-json\/wp\/v2\/comments?post=15834"}],"wp:featuredmedia":[{"embeddable":true,"href":"https:\/\/skaitytaknyga.lt\/en\/wp-json\/wp\/v2\/media\/15835"}],"wp:attachment":[{"href":"https:\/\/skaitytaknyga.lt\/en\/wp-json\/wp\/v2\/media?parent=15834"}],"wp:term":[{"taxonomy":"product_brand","embeddable":true,"href":"https:\/\/skaitytaknyga.lt\/en\/wp-json\/wp\/v2\/product_brand?post=15834"},{"taxonomy":"product_cat","embeddable":true,"href":"https:\/\/skaitytaknyga.lt\/en\/wp-json\/wp\/v2\/product_cat?post=15834"},{"taxonomy":"product_tag","embeddable":true,"href":"https:\/\/skaitytaknyga.lt\/en\/wp-json\/wp\/v2\/product_tag?post=15834"}],"curies":[{"name":"wp","href":"https:\/\/api.w.org\/{rel}","templated":true}]}}