{"id":15832,"date":"2025-01-05T14:13:48","date_gmt":"2025-01-05T12:13:48","guid":{"rendered":"https:\/\/skaitytaknyga.lt\/?post_type=product&#038;p=15832"},"modified":"2025-01-05T14:14:46","modified_gmt":"2025-01-05T12:14:46","slug":"ciucia-ir-piratas-laukiniai-nuotykiai","status":"publish","type":"product","link":"https:\/\/skaitytaknyga.lt\/en\/produktas\/ciucia-ir-piratas-laukiniai-nuotykiai\/","title":{"rendered":"\u010ci\u016b\u010dia ir Piratas. Laukiniai nuotykiai"},"content":{"rendered":"<p>2 \u2013 6 met\u0173 vaikams.<\/p>\n<p>Katinui Piratui nusibodo tup\u0117ti namie. Nelengva b\u016bti naminiu katinu, kai u\u017e miesto plyti tikros d\u017eiungl\u0117s, viliojan\u010dios kvap\u0105 gniau\u017eian\u010diais laukiniais nuotykiais.<\/p>\n<p>Tod\u0117l progai pasitaikius jie su \u0161uneliu \u010ci\u016b\u010dia leid\u017eiasi \u012f rimt\u0105 i\u0161vyk\u0105. Draugai pasiruo\u0161\u0119 smagiai praleisti laik\u0105 ir \u012fveikti visus netik\u0117tumus. O jeigu ir ne, svarbiausia nusiteikimas! Juk kartais taip smagu pab\u016bti laukiniam.<\/p>\n<p><strong>Benas B\u0117rantas<\/strong>\u00a0\u2013 mylimas paveiksl\u0117li\u0173 knyg\u0173 autorius, kurio knygos ver\u010diamos daugiau nei \u012f de\u0161imt u\u017esienio kalb\u0173. Benas daug keliauja po Lietuv\u0105 ir pasaul\u012f, bet neabejoja, kad vien\u0105 dien\u0105 tur\u0117s geriausi\u0105 keturkoj\u012f draug\u0105, su kuriuo da\u017enai leisis \u012f laukinius nuotykius.<\/p>\n<p><strong>Olga Degtiarova<\/strong>\u00a0\u2013 ukrainie\u010di\u0173 dailinink\u0117, iliustravusi daugiau nei de\u0161imt knyg\u0173 vaikams. \u0160iuo metu pab\u0117gusi nuo karo gyvena Vilniuje. Olga turi Meino me\u0161k\u0117no veisl\u0117s kat\u0119 Zeld\u0105, kuri liko pas t\u0117vus Lvive.<\/p>\n<ul class=\"about-product d-none d-xl-block mt-4\">\n<li><strong>Autorius:<\/strong>\u00a0Benas B\u0117rantas<\/li>\n<li><strong>Leid\u0117jas:<\/strong>\u00a0Alma littera<\/li>\n<li><strong>Metai:<\/strong>\u00a02022<\/li>\n<li><strong>Puslapiai:<\/strong>\u00a032<\/li>\n<li class=\"toggleable type-new-formats \"><strong>ISBN:<\/strong>\u00a09786090151839<\/li>\n<li class=\"toggleable type-new-formats \"><strong>Formatas:<\/strong>\u00a024,5 x 24,5 x 0,7 cm, kieti vir\u0161eliai<\/li>\n<li><strong>Kalba:<\/strong>\u00a0Lietuvi\u0173<\/li>\n<\/ul>\n","protected":false},"excerpt":{"rendered":"<p>2 \u2013 6 met\u0173 vaikams. Katinui Piratui nusibodo tup\u0117ti namie. Nelengva b\u016bti naminiu katinu, kai u\u017e miesto plyti tikros d\u017eiungl\u0117s, viliojan\u010dios kvap\u0105 gniau\u017eian\u010diais laukiniais nuotykiais. Tod\u0117l progai pasitaikius jie su \u0161uneliu \u010ci\u016b\u010dia leid\u017eiasi \u012f rimt\u0105 i\u0161vyk\u0105. Draugai pasiruo\u0161\u0119 smagiai praleisti laik\u0105 ir \u012fveikti visus netik\u0117tumus. O jeigu ir ne, svarbiausia nusiteikimas! Juk kartais taip smagu pab\u016bti laukiniam. Benas B\u0117rantas\u00a0\u2013 mylimas paveiksl\u0117li\u0173 knyg\u0173 autorius, kurio knygos ver\u010diamos daugiau nei \u012f de\u0161imt u\u017esienio kalb\u0173. Benas daug keliauja po Lietuv\u0105 ir pasaul\u012f, bet neabejoja, kad vien\u0105 dien\u0105 tur\u0117s geriausi\u0105 keturkoj\u012f draug\u0105, su kuriuo da\u017enai leisis \u012f laukinius nuotykius. Olga Degtiarova\u00a0\u2013 ukrainie\u010di\u0173 dailinink\u0117, iliustravusi daugiau nei de\u0161imt knyg\u0173 vaikams. \u0160iuo metu pab\u0117gusi nuo karo gyvena Vilniuje. Olga turi Meino me\u0161k\u0117no veisl\u0117s kat\u0119 Zeld\u0105, kuri liko pas t\u0117vus Lvive. Autorius:\u00a0Benas B\u0117rantas Leid\u0117jas:\u00a0Alma littera Metai:\u00a02022 Puslapiai:\u00a032 ISBN:\u00a09786090151839 Formatas:\u00a024,5 x 24,5 x 0,7 cm, kieti vir\u0161eliai Kalba:\u00a0Lietuvi\u0173<\/p>\n","protected":false},"featured_media":15833,"comment_status":"open","ping_status":"closed","template":"","meta":{"_acf_changed":false,"site-sidebar-layout":"default","site-content-layout":"","ast-site-content-layout":"default","site-content-style":"default","site-sidebar-style":"default","ast-global-header-display":"","ast-banner-title-visibility":"","ast-main-header-display":"","ast-hfb-above-header-display":"","ast-hfb-below-header-display":"","ast-hfb-mobile-header-display":"","site-post-title":"","ast-breadcrumbs-content":"","ast-featured-img":"","footer-sml-layout":"","ast-disable-related-posts":"","theme-transparent-header-meta":"default","adv-header-id-meta":"","stick-header-meta":"","header-above-stick-meta":"","header-main-stick-meta":"","header-below-stick-meta":"","astra-migrate-meta-layouts":"set","ast-page-background-enabled":"default","ast-page-background-meta":{"desktop":{"background-color":"","background-image":"","background-repeat":"repeat","background-position":"center center","background-size":"auto","background-attachment":"scroll","background-type":"","background-media":"","overlay-type":"","overlay-color":"","overlay-opacity":"","overlay-gradient":""},"tablet":{"background-color":"","background-image":"","background-repeat":"repeat","background-position":"center center","background-size":"auto","background-attachment":"scroll","background-type":"","background-media":"","overlay-type":"","overlay-color":"","overlay-opacity":"","overlay-gradient":""},"mobile":{"background-color":"","background-image":"","background-repeat":"repeat","background-position":"center center","background-size":"auto","background-attachment":"scroll","background-type":"","background-media":"","overlay-type":"","overlay-color":"","overlay-opacity":"","overlay-gradient":""}},"ast-content-background-meta":{"desktop":{"background-color":"var(--ast-global-color-4)","background-image":"","background-repeat":"repeat","background-position":"center center","background-size":"auto","background-attachment":"scroll","background-type":"","background-media":"","overlay-type":"","overlay-color":"","overlay-opacity":"","overlay-gradient":""},"tablet":{"background-color":"var(--ast-global-color-4)","background-image":"","background-repeat":"repeat","background-position":"center center","background-size":"auto","background-attachment":"scroll","background-type":"","background-media":"","overlay-type":"","overlay-color":"","overlay-opacity":"","overlay-gradient":""},"mobile":{"background-color":"var(--ast-global-color-4)","background-image":"","background-repeat":"repeat","background-position":"center center","background-size":"auto","background-attachment":"scroll","background-type":"","background-media":"","overlay-type":"","overlay-color":"","overlay-opacity":"","overlay-gradient":""}}},"product_brand":[],"product_cat":[15,35],"product_tag":[],"class_list":{"0":"post-15832","1":"product","2":"type-product","3":"status-publish","4":"has-post-thumbnail","6":"product_cat-uncategorized","7":"product_cat-vaikams-ir-paaugliams","8":"desktop-align-left","9":"tablet-align-left","10":"mobile-align-left","12":"first","13":"instock","14":"shipping-taxable","15":"purchasable","16":"product-type-simple"},"acf":[],"yoast_head":"<!-- This site is optimized with the Yoast SEO plugin v27.0 - https:\/\/yoast.com\/product\/yoast-seo-wordpress\/ -->\n<title>\u010ci\u016b\u010dia ir Piratas. Laukiniai nuotykiai<\/title>\n<meta name=\"description\" content=\"2 \u2013 6 met\u0173 vaikams. Katinui Piratui nusibodo tup\u0117ti namie. Nelengva b\u016bti naminiu katinu, kai u\u017e miesto plyti tikros d\u017eiungl\u0117s, viliojan\u010dios kvap\u0105\" \/>\n<meta name=\"robots\" content=\"index, follow, max-snippet:-1, max-image-preview:large, max-video-preview:-1\" \/>\n<link rel=\"canonical\" href=\"https:\/\/skaitytaknyga.lt\/en\/produktas\/ciucia-ir-piratas-laukiniai-nuotykiai\/\" \/>\n<meta property=\"og:locale\" content=\"en_GB\" \/>\n<meta property=\"og:locale:alternate\" content=\"lt_LT\" \/>\n<meta property=\"og:type\" content=\"article\" \/>\n<meta property=\"og:title\" content=\"\u010ci\u016b\u010dia ir Piratas. Laukiniai nuotykiai\" \/>\n<meta property=\"og:description\" content=\"2 \u2013 6 met\u0173 vaikams. Katinui Piratui nusibodo tup\u0117ti namie. Nelengva b\u016bti naminiu katinu, kai u\u017e miesto plyti tikros d\u017eiungl\u0117s, viliojan\u010dios kvap\u0105\" \/>\n<meta property=\"og:url\" content=\"https:\/\/skaitytaknyga.lt\/en\/produktas\/ciucia-ir-piratas-laukiniai-nuotykiai\/\" \/>\n<meta property=\"og:site_name\" content=\"Skaitytaknyga\" \/>\n<meta property=\"article:publisher\" content=\"https:\/\/www.facebook.com\/skaitytaknyga\/\" \/>\n<meta property=\"article:modified_time\" content=\"2025-01-05T12:14:46+00:00\" \/>\n<meta property=\"og:image\" content=\"https:\/\/skaitytaknyga.lt\/wp-content\/uploads\/2025\/01\/Ciucia-ir-Piratas.-Laukiniai-nuotykiai.webp\" \/>\n\t<meta property=\"og:image:width\" content=\"595\" \/>\n\t<meta property=\"og:image:height\" content=\"600\" \/>\n\t<meta property=\"og:image:type\" content=\"image\/webp\" \/>\n<meta name=\"twitter:card\" content=\"summary_large_image\" \/>\n<meta name=\"twitter:label1\" content=\"Estimated reading time\" \/>\n\t<meta name=\"twitter:data1\" content=\"1 minute\" \/>\n<script type=\"application\/ld+json\" class=\"yoast-schema-graph\">{\"@context\":\"https:\/\/schema.org\",\"@graph\":[{\"@type\":\"WebPage\",\"@id\":\"https:\/\/skaitytaknyga.lt\/produktas\/ciucia-ir-piratas-laukiniai-nuotykiai\/\",\"url\":\"https:\/\/skaitytaknyga.lt\/produktas\/ciucia-ir-piratas-laukiniai-nuotykiai\/\",\"name\":\"\u010ci\u016b\u010dia ir Piratas. Laukiniai nuotykiai\",\"isPartOf\":{\"@id\":\"https:\/\/skaitytaknyga.lt\/#website\"},\"primaryImageOfPage\":{\"@id\":\"https:\/\/skaitytaknyga.lt\/produktas\/ciucia-ir-piratas-laukiniai-nuotykiai\/#primaryimage\"},\"image\":{\"@id\":\"https:\/\/skaitytaknyga.lt\/produktas\/ciucia-ir-piratas-laukiniai-nuotykiai\/#primaryimage\"},\"thumbnailUrl\":\"https:\/\/skaitytaknyga.lt\/wp-content\/uploads\/2025\/01\/Ciucia-ir-Piratas.-Laukiniai-nuotykiai.webp\",\"datePublished\":\"2025-01-05T12:13:48+00:00\",\"dateModified\":\"2025-01-05T12:14:46+00:00\",\"description\":\"2 \u2013 6 met\u0173 vaikams. Katinui Piratui nusibodo tup\u0117ti namie. Nelengva b\u016bti naminiu katinu, kai u\u017e miesto plyti tikros d\u017eiungl\u0117s, viliojan\u010dios kvap\u0105\",\"breadcrumb\":{\"@id\":\"https:\/\/skaitytaknyga.lt\/produktas\/ciucia-ir-piratas-laukiniai-nuotykiai\/#breadcrumb\"},\"inLanguage\":\"en-GB\",\"potentialAction\":[{\"@type\":\"ReadAction\",\"target\":[\"https:\/\/skaitytaknyga.lt\/produktas\/ciucia-ir-piratas-laukiniai-nuotykiai\/\"]}]},{\"@type\":\"ImageObject\",\"inLanguage\":\"en-GB\",\"@id\":\"https:\/\/skaitytaknyga.lt\/produktas\/ciucia-ir-piratas-laukiniai-nuotykiai\/#primaryimage\",\"url\":\"https:\/\/skaitytaknyga.lt\/wp-content\/uploads\/2025\/01\/Ciucia-ir-Piratas.-Laukiniai-nuotykiai.webp\",\"contentUrl\":\"https:\/\/skaitytaknyga.lt\/wp-content\/uploads\/2025\/01\/Ciucia-ir-Piratas.-Laukiniai-nuotykiai.webp\",\"width\":595,\"height\":600,\"caption\":\"\u010ci\u016b\u010dia ir Piratas. Laukiniai nuotykiai\"},{\"@type\":\"BreadcrumbList\",\"@id\":\"https:\/\/skaitytaknyga.lt\/produktas\/ciucia-ir-piratas-laukiniai-nuotykiai\/#breadcrumb\",\"itemListElement\":[{\"@type\":\"ListItem\",\"position\":1,\"name\":\"Home\",\"item\":\"https:\/\/skaitytaknyga.lt\/\"},{\"@type\":\"ListItem\",\"position\":2,\"name\":\"Parduotuv\u0117\",\"item\":\"https:\/\/skaitytaknyga.lt\/knygu-parduotuve\/\"},{\"@type\":\"ListItem\",\"position\":3,\"name\":\"\u010ci\u016b\u010dia ir Piratas. Laukiniai nuotykiai\"}]},{\"@type\":\"WebSite\",\"@id\":\"https:\/\/skaitytaknyga.lt\/#website\",\"url\":\"https:\/\/skaitytaknyga.lt\/\",\"name\":\"skaitytaknyga.lt\",\"description\":\"Skaitytaknyga.lt \u2013 tai ma\u017eas \u0161eimos verslas, kuris prasid\u0117jo nuo meil\u0117s knygoms ir siekio i\u0161gelb\u0117ti knygas nuo likimo prie konteinerio. Kas vienam nereikalingas daiktas \u2013 kitam lobis, o mes esame tarpininkai, kurie padeda abiems tapti laimingesniems ???? \u017dinome kaip nelengva i\u0161gyventi ma\u017eiems verslams, tad nuo \u0161iol, \u010dia rasite ir kit\u0173, ma\u017e\u0173 \u0161eim\u0173 versl\u0173, rank\u0173 darbo, dovan\u0173 sau ir artimiesiems.\",\"publisher\":{\"@id\":\"https:\/\/skaitytaknyga.lt\/#organization\"},\"potentialAction\":[{\"@type\":\"SearchAction\",\"target\":{\"@type\":\"EntryPoint\",\"urlTemplate\":\"https:\/\/skaitytaknyga.lt\/?s={search_term_string}\"},\"query-input\":{\"@type\":\"PropertyValueSpecification\",\"valueRequired\":true,\"valueName\":\"search_term_string\"}}],\"inLanguage\":\"en-GB\"},{\"@type\":\"Organization\",\"@id\":\"https:\/\/skaitytaknyga.lt\/#organization\",\"name\":\"skaitytaknyga.lt\",\"url\":\"https:\/\/skaitytaknyga.lt\/\",\"logo\":{\"@type\":\"ImageObject\",\"inLanguage\":\"en-GB\",\"@id\":\"https:\/\/skaitytaknyga.lt\/#\/schema\/logo\/image\/\",\"url\":\"https:\/\/skaitytaknyga.lt\/wp-content\/uploads\/2024\/05\/cropped-cropped-cropped-02_00843_jt3bggkj1j3HLc7SyY6rEUpg.jpeg\",\"contentUrl\":\"https:\/\/skaitytaknyga.lt\/wp-content\/uploads\/2024\/05\/cropped-cropped-cropped-02_00843_jt3bggkj1j3HLc7SyY6rEUpg.jpeg\",\"width\":1600,\"height\":1600,\"caption\":\"skaitytaknyga.lt\"},\"image\":{\"@id\":\"https:\/\/skaitytaknyga.lt\/#\/schema\/logo\/image\/\"},\"sameAs\":[\"https:\/\/www.facebook.com\/skaitytaknyga\/\"]}]}<\/script>\n<!-- \/ Yoast SEO plugin. -->","yoast_head_json":{"title":"\u010ci\u016b\u010dia ir Piratas. Laukiniai nuotykiai","description":"2 \u2013 6 met\u0173 vaikams. Katinui Piratui nusibodo tup\u0117ti namie. Nelengva b\u016bti naminiu katinu, kai u\u017e miesto plyti tikros d\u017eiungl\u0117s, viliojan\u010dios kvap\u0105","robots":{"index":"index","follow":"follow","max-snippet":"max-snippet:-1","max-image-preview":"max-image-preview:large","max-video-preview":"max-video-preview:-1"},"canonical":"https:\/\/skaitytaknyga.lt\/en\/produktas\/ciucia-ir-piratas-laukiniai-nuotykiai\/","og_locale":"en_GB","og_type":"article","og_title":"[:lt]\u010ci\u016b\u010dia ir Piratas. Laukiniai nuotykiai[:] - Skaitytaknyga","og_description":"2 \u2013 6 met\u0173 vaikams. Katinui Piratui nusibodo tup\u0117ti namie. Nelengva b\u016bti naminiu katinu, kai u\u017e miesto plyti tikros d\u017eiungl\u0117s, viliojan\u010dios kvap\u0105","og_url":"https:\/\/skaitytaknyga.lt\/en\/produktas\/ciucia-ir-piratas-laukiniai-nuotykiai\/","og_site_name":"Skaitytaknyga","article_publisher":"https:\/\/www.facebook.com\/skaitytaknyga\/","article_modified_time":"2025-01-05T12:14:46+00:00","og_image":[{"width":595,"height":600,"url":"https:\/\/skaitytaknyga.lt\/wp-content\/uploads\/2025\/01\/Ciucia-ir-Piratas.-Laukiniai-nuotykiai.webp","type":"image\/webp"}],"twitter_card":"summary_large_image","twitter_misc":{"Estimated reading time":"1 minute"},"schema":{"@context":"https:\/\/schema.org","@graph":[{"@type":"WebPage","@id":"https:\/\/skaitytaknyga.lt\/produktas\/ciucia-ir-piratas-laukiniai-nuotykiai\/","url":"https:\/\/skaitytaknyga.lt\/produktas\/ciucia-ir-piratas-laukiniai-nuotykiai\/","name":"\u010ci\u016b\u010dia ir Piratas. Laukiniai nuotykiai","isPartOf":{"@id":"https:\/\/skaitytaknyga.lt\/#website"},"primaryImageOfPage":{"@id":"https:\/\/skaitytaknyga.lt\/produktas\/ciucia-ir-piratas-laukiniai-nuotykiai\/#primaryimage"},"image":{"@id":"https:\/\/skaitytaknyga.lt\/produktas\/ciucia-ir-piratas-laukiniai-nuotykiai\/#primaryimage"},"thumbnailUrl":"https:\/\/skaitytaknyga.lt\/wp-content\/uploads\/2025\/01\/Ciucia-ir-Piratas.-Laukiniai-nuotykiai.webp","datePublished":"2025-01-05T12:13:48+00:00","dateModified":"2025-01-05T12:14:46+00:00","description":"2 \u2013 6 met\u0173 vaikams. Katinui Piratui nusibodo tup\u0117ti namie. Nelengva b\u016bti naminiu katinu, kai u\u017e miesto plyti tikros d\u017eiungl\u0117s, viliojan\u010dios kvap\u0105","breadcrumb":{"@id":"https:\/\/skaitytaknyga.lt\/produktas\/ciucia-ir-piratas-laukiniai-nuotykiai\/#breadcrumb"},"inLanguage":"en-GB","potentialAction":[{"@type":"ReadAction","target":["https:\/\/skaitytaknyga.lt\/produktas\/ciucia-ir-piratas-laukiniai-nuotykiai\/"]}]},{"@type":"ImageObject","inLanguage":"en-GB","@id":"https:\/\/skaitytaknyga.lt\/produktas\/ciucia-ir-piratas-laukiniai-nuotykiai\/#primaryimage","url":"https:\/\/skaitytaknyga.lt\/wp-content\/uploads\/2025\/01\/Ciucia-ir-Piratas.-Laukiniai-nuotykiai.webp","contentUrl":"https:\/\/skaitytaknyga.lt\/wp-content\/uploads\/2025\/01\/Ciucia-ir-Piratas.-Laukiniai-nuotykiai.webp","width":595,"height":600,"caption":"\u010ci\u016b\u010dia ir Piratas. Laukiniai nuotykiai"},{"@type":"BreadcrumbList","@id":"https:\/\/skaitytaknyga.lt\/produktas\/ciucia-ir-piratas-laukiniai-nuotykiai\/#breadcrumb","itemListElement":[{"@type":"ListItem","position":1,"name":"Home","item":"https:\/\/skaitytaknyga.lt\/"},{"@type":"ListItem","position":2,"name":"Parduotuv\u0117","item":"https:\/\/skaitytaknyga.lt\/knygu-parduotuve\/"},{"@type":"ListItem","position":3,"name":"\u010ci\u016b\u010dia ir Piratas. Laukiniai nuotykiai"}]},{"@type":"WebSite","@id":"https:\/\/skaitytaknyga.lt\/#website","url":"https:\/\/skaitytaknyga.lt\/","name":"skaitytaknyga.lt","description":"Skaitytaknyga.lt \u2013 tai ma\u017eas \u0161eimos verslas, kuris prasid\u0117jo nuo meil\u0117s knygoms ir siekio i\u0161gelb\u0117ti knygas nuo likimo prie konteinerio. Kas vienam nereikalingas daiktas \u2013 kitam lobis, o mes esame tarpininkai, kurie padeda abiems tapti laimingesniems ???? \u017dinome kaip nelengva i\u0161gyventi ma\u017eiems verslams, tad nuo \u0161iol, \u010dia rasite ir kit\u0173, ma\u017e\u0173 \u0161eim\u0173 versl\u0173, rank\u0173 darbo, dovan\u0173 sau ir artimiesiems.","publisher":{"@id":"https:\/\/skaitytaknyga.lt\/#organization"},"potentialAction":[{"@type":"SearchAction","target":{"@type":"EntryPoint","urlTemplate":"https:\/\/skaitytaknyga.lt\/?s={search_term_string}"},"query-input":{"@type":"PropertyValueSpecification","valueRequired":true,"valueName":"search_term_string"}}],"inLanguage":"en-GB"},{"@type":"Organization","@id":"https:\/\/skaitytaknyga.lt\/#organization","name":"skaitytaknyga.lt","url":"https:\/\/skaitytaknyga.lt\/","logo":{"@type":"ImageObject","inLanguage":"en-GB","@id":"https:\/\/skaitytaknyga.lt\/#\/schema\/logo\/image\/","url":"https:\/\/skaitytaknyga.lt\/wp-content\/uploads\/2024\/05\/cropped-cropped-cropped-02_00843_jt3bggkj1j3HLc7SyY6rEUpg.jpeg","contentUrl":"https:\/\/skaitytaknyga.lt\/wp-content\/uploads\/2024\/05\/cropped-cropped-cropped-02_00843_jt3bggkj1j3HLc7SyY6rEUpg.jpeg","width":1600,"height":1600,"caption":"skaitytaknyga.lt"},"image":{"@id":"https:\/\/skaitytaknyga.lt\/#\/schema\/logo\/image\/"},"sameAs":["https:\/\/www.facebook.com\/skaitytaknyga\/"]}]}},"_links":{"self":[{"href":"https:\/\/skaitytaknyga.lt\/en\/wp-json\/wp\/v2\/product\/15832","targetHints":{"allow":["GET"]}}],"collection":[{"href":"https:\/\/skaitytaknyga.lt\/en\/wp-json\/wp\/v2\/product"}],"about":[{"href":"https:\/\/skaitytaknyga.lt\/en\/wp-json\/wp\/v2\/types\/product"}],"replies":[{"embeddable":true,"href":"https:\/\/skaitytaknyga.lt\/en\/wp-json\/wp\/v2\/comments?post=15832"}],"wp:featuredmedia":[{"embeddable":true,"href":"https:\/\/skaitytaknyga.lt\/en\/wp-json\/wp\/v2\/media\/15833"}],"wp:attachment":[{"href":"https:\/\/skaitytaknyga.lt\/en\/wp-json\/wp\/v2\/media?parent=15832"}],"wp:term":[{"taxonomy":"product_brand","embeddable":true,"href":"https:\/\/skaitytaknyga.lt\/en\/wp-json\/wp\/v2\/product_brand?post=15832"},{"taxonomy":"product_cat","embeddable":true,"href":"https:\/\/skaitytaknyga.lt\/en\/wp-json\/wp\/v2\/product_cat?post=15832"},{"taxonomy":"product_tag","embeddable":true,"href":"https:\/\/skaitytaknyga.lt\/en\/wp-json\/wp\/v2\/product_tag?post=15832"}],"curies":[{"name":"wp","href":"https:\/\/api.w.org\/{rel}","templated":true}]}}