{"id":15828,"date":"2025-01-05T14:09:58","date_gmt":"2025-01-05T12:09:58","guid":{"rendered":"https:\/\/skaitytaknyga.lt\/?post_type=product&#038;p=15828"},"modified":"2025-01-05T14:12:15","modified_gmt":"2025-01-05T12:12:15","slug":"jogos-pasakaite-trys-parsiukai-mokomes-atsipalaiduoti-ir-pasitiketi-savimi","status":"publish","type":"product","link":"https:\/\/skaitytaknyga.lt\/en\/produktas\/jogos-pasakaite-trys-parsiukai-mokomes-atsipalaiduoti-ir-pasitiketi-savimi\/","title":{"rendered":"Jogos pasakait\u0117. Trys par\u0161iukai: mokom\u0117s atsipalaiduoti ir pasitik\u0117ti savimi"},"content":{"rendered":"<p><strong>\u201eDarbeliai vaikams&#8221;<\/strong>\u00a0\u2013 tai paprast\u0173, originali\u0173, lengvai ir greitai pagaminam\u0173 vaik\u0173 rankdarbi\u0173 knyga. Joje rasite daugiau kaip 100 darbeli\u0173 id\u0117j\u0173. Su\u017einosite, kaip panaudoti, atrodo, niekam nereikalingas med\u017eiagas \u2013 ka\u0161tonus, med\u017ei\u0173 lapus, \u012fvairias pakuotes, senus stiklainius ar \u017eurnalus, nebene\u0161iojam\u0105 kaklarai\u0161t\u012f, bat\u0173 d\u0117\u017e\u0119, kompaktinius diskus ir kitas med\u017eiagas. I\u0161 j\u0173 galima sukurti daug reikaling\u0173, nauding\u0173 ir \u012fdomi\u0173 dalyk\u0173: pie\u0161tukin\u0119, taupykl\u0119, \u017eibint\u0105, lesykl\u0117l\u0119, mal\u016bnsparn\u012f, l\u0117li\u0173 teatr\u0105&#8230;<\/p>\n<ul class=\"about-product d-none d-xl-block mt-4\">\n<li><strong>Leid\u0117jas:<\/strong>\u00a0Debes\u0173 ganyklos<\/li>\n<li><strong>Metai:<\/strong>\u00a02019<\/li>\n<li><strong>Puslapiai:<\/strong>\u00a0192<\/li>\n<li class=\"toggleable type-new-formats \"><strong>ISBN:<\/strong>\u00a09786094731198<\/li>\n<li><strong>Versijos kodas:<\/strong>\u00a0PT.<\/li>\n<li class=\"toggleable type-new-formats \"><strong>Formatas:<\/strong>\u00a020,2 x 26,2 x 2 cm, kieti vir\u0161eliai<\/li>\n<li><strong>Kalba:<\/strong>\u00a0Lietuvi\u0173<\/li>\n<\/ul>\n","protected":false},"excerpt":{"rendered":"<p>\u201eDarbeliai vaikams&#8221;\u00a0\u2013 tai paprast\u0173, originali\u0173, lengvai ir greitai pagaminam\u0173 vaik\u0173 rankdarbi\u0173 knyga. Joje rasite daugiau kaip 100 darbeli\u0173 id\u0117j\u0173. Su\u017einosite, kaip panaudoti, atrodo, niekam nereikalingas med\u017eiagas \u2013 ka\u0161tonus, med\u017ei\u0173 lapus, \u012fvairias pakuotes, senus stiklainius ar \u017eurnalus, nebene\u0161iojam\u0105 kaklarai\u0161t\u012f, bat\u0173 d\u0117\u017e\u0119, kompaktinius diskus ir kitas med\u017eiagas. I\u0161 j\u0173 galima sukurti daug reikaling\u0173, nauding\u0173 ir \u012fdomi\u0173 dalyk\u0173: pie\u0161tukin\u0119, taupykl\u0119, \u017eibint\u0105, lesykl\u0117l\u0119, mal\u016bnsparn\u012f, l\u0117li\u0173 teatr\u0105&#8230; Leid\u0117jas:\u00a0Debes\u0173 ganyklos Metai:\u00a02019 Puslapiai:\u00a0192 ISBN:\u00a09786094731198 Versijos kodas:\u00a0PT. Formatas:\u00a020,2 x 26,2 x 2 cm, kieti vir\u0161eliai Kalba:\u00a0Lietuvi\u0173<\/p>\n","protected":false},"featured_media":15809,"comment_status":"open","ping_status":"closed","template":"","meta":{"_acf_changed":false,"site-sidebar-layout":"default","site-content-layout":"","ast-site-content-layout":"default","site-content-style":"default","site-sidebar-style":"default","ast-global-header-display":"","ast-banner-title-visibility":"","ast-main-header-display":"","ast-hfb-above-header-display":"","ast-hfb-below-header-display":"","ast-hfb-mobile-header-display":"","site-post-title":"","ast-breadcrumbs-content":"","ast-featured-img":"","footer-sml-layout":"","ast-disable-related-posts":"","theme-transparent-header-meta":"default","adv-header-id-meta":"","stick-header-meta":"","header-above-stick-meta":"","header-main-stick-meta":"","header-below-stick-meta":"","astra-migrate-meta-layouts":"set","ast-page-background-enabled":"default","ast-page-background-meta":{"desktop":{"background-color":"","background-image":"","background-repeat":"repeat","background-position":"center center","background-size":"auto","background-attachment":"scroll","background-type":"","background-media":"","overlay-type":"","overlay-color":"","overlay-opacity":"","overlay-gradient":""},"tablet":{"background-color":"","background-image":"","background-repeat":"repeat","background-position":"center center","background-size":"auto","background-attachment":"scroll","background-type":"","background-media":"","overlay-type":"","overlay-color":"","overlay-opacity":"","overlay-gradient":""},"mobile":{"background-color":"","background-image":"","background-repeat":"repeat","background-position":"center center","background-size":"auto","background-attachment":"scroll","background-type":"","background-media":"","overlay-type":"","overlay-color":"","overlay-opacity":"","overlay-gradient":""}},"ast-content-background-meta":{"desktop":{"background-color":"var(--ast-global-color-4)","background-image":"","background-repeat":"repeat","background-position":"center center","background-size":"auto","background-attachment":"scroll","background-type":"","background-media":"","overlay-type":"","overlay-color":"","overlay-opacity":"","overlay-gradient":""},"tablet":{"background-color":"var(--ast-global-color-4)","background-image":"","background-repeat":"repeat","background-position":"center center","background-size":"auto","background-attachment":"scroll","background-type":"","background-media":"","overlay-type":"","overlay-color":"","overlay-opacity":"","overlay-gradient":""},"mobile":{"background-color":"var(--ast-global-color-4)","background-image":"","background-repeat":"repeat","background-position":"center center","background-size":"auto","background-attachment":"scroll","background-type":"","background-media":"","overlay-type":"","overlay-color":"","overlay-opacity":"","overlay-gradient":""}}},"product_brand":[],"product_cat":[15,35],"product_tag":[],"class_list":{"0":"post-15828","1":"product","2":"type-product","3":"status-publish","4":"has-post-thumbnail","6":"product_cat-uncategorized","7":"product_cat-vaikams-ir-paaugliams","8":"desktop-align-left","9":"tablet-align-left","10":"mobile-align-left","12":"first","13":"instock","14":"shipping-taxable","15":"purchasable","16":"product-type-simple"},"acf":[],"yoast_head":"<!-- This site is optimized with the Yoast SEO plugin v27.0 - https:\/\/yoast.com\/product\/yoast-seo-wordpress\/ -->\n<title>Jogos pasakait\u0117. Trys par\u0161iukai: mokom\u0117s atsipalaiduoti ir pasitik\u0117ti savimi<\/title>\n<meta name=\"description\" content=\"\u201eDarbeliai vaikams&quot;\u00a0\u2013 tai paprast\u0173, originali\u0173, lengvai ir greitai pagaminam\u0173 vaik\u0173 rankdarbi\u0173 knyga. Joje rasite daugiau kaip 100 darbeli\u0173 id\u0117j\u0173.\" \/>\n<meta name=\"robots\" content=\"index, follow, max-snippet:-1, max-image-preview:large, max-video-preview:-1\" \/>\n<link rel=\"canonical\" href=\"https:\/\/skaitytaknyga.lt\/en\/produktas\/jogos-pasakaite-trys-parsiukai-mokomes-atsipalaiduoti-ir-pasitiketi-savimi\/\" \/>\n<meta property=\"og:locale\" content=\"en_GB\" \/>\n<meta property=\"og:locale:alternate\" content=\"lt_LT\" \/>\n<meta property=\"og:type\" content=\"article\" \/>\n<meta property=\"og:title\" content=\"Jogos pasakait\u0117. Trys par\u0161iukai: mokom\u0117s atsipalaiduoti ir pasitik\u0117ti savimi\" \/>\n<meta property=\"og:description\" content=\"\u201eDarbeliai vaikams&quot;\u00a0\u2013 tai paprast\u0173, originali\u0173, lengvai ir greitai pagaminam\u0173 vaik\u0173 rankdarbi\u0173 knyga. Joje rasite daugiau kaip 100 darbeli\u0173 id\u0117j\u0173.\" \/>\n<meta property=\"og:url\" content=\"https:\/\/skaitytaknyga.lt\/en\/produktas\/jogos-pasakaite-trys-parsiukai-mokomes-atsipalaiduoti-ir-pasitiketi-savimi\/\" \/>\n<meta property=\"og:site_name\" content=\"Skaitytaknyga\" \/>\n<meta property=\"article:publisher\" content=\"https:\/\/www.facebook.com\/skaitytaknyga\/\" \/>\n<meta property=\"article:modified_time\" content=\"2025-01-05T12:12:15+00:00\" \/>\n<meta property=\"og:image\" content=\"https:\/\/skaitytaknyga.lt\/wp-content\/uploads\/2025\/01\/darbeliai-vaikamas.webp\" \/>\n\t<meta property=\"og:image:width\" content=\"613\" \/>\n\t<meta property=\"og:image:height\" content=\"800\" \/>\n\t<meta property=\"og:image:type\" content=\"image\/webp\" \/>\n<meta name=\"twitter:card\" content=\"summary_large_image\" \/>\n<meta name=\"twitter:label1\" content=\"Estimated reading time\" \/>\n\t<meta name=\"twitter:data1\" content=\"1 minute\" \/>\n<script type=\"application\/ld+json\" class=\"yoast-schema-graph\">{\"@context\":\"https:\/\/schema.org\",\"@graph\":[{\"@type\":\"WebPage\",\"@id\":\"https:\/\/skaitytaknyga.lt\/produktas\/jogos-pasakaite-trys-parsiukai-mokomes-atsipalaiduoti-ir-pasitiketi-savimi\/\",\"url\":\"https:\/\/skaitytaknyga.lt\/produktas\/jogos-pasakaite-trys-parsiukai-mokomes-atsipalaiduoti-ir-pasitiketi-savimi\/\",\"name\":\"Jogos pasakait\u0117. Trys par\u0161iukai: mokom\u0117s atsipalaiduoti ir pasitik\u0117ti savimi\",\"isPartOf\":{\"@id\":\"https:\/\/skaitytaknyga.lt\/#website\"},\"primaryImageOfPage\":{\"@id\":\"https:\/\/skaitytaknyga.lt\/produktas\/jogos-pasakaite-trys-parsiukai-mokomes-atsipalaiduoti-ir-pasitiketi-savimi\/#primaryimage\"},\"image\":{\"@id\":\"https:\/\/skaitytaknyga.lt\/produktas\/jogos-pasakaite-trys-parsiukai-mokomes-atsipalaiduoti-ir-pasitiketi-savimi\/#primaryimage\"},\"thumbnailUrl\":\"https:\/\/skaitytaknyga.lt\/wp-content\/uploads\/2025\/01\/darbeliai-vaikamas.webp\",\"datePublished\":\"2025-01-05T12:09:58+00:00\",\"dateModified\":\"2025-01-05T12:12:15+00:00\",\"description\":\"\u201eDarbeliai vaikams\\\"\u00a0\u2013 tai paprast\u0173, originali\u0173, lengvai ir greitai pagaminam\u0173 vaik\u0173 rankdarbi\u0173 knyga. Joje rasite daugiau kaip 100 darbeli\u0173 id\u0117j\u0173.\",\"breadcrumb\":{\"@id\":\"https:\/\/skaitytaknyga.lt\/produktas\/jogos-pasakaite-trys-parsiukai-mokomes-atsipalaiduoti-ir-pasitiketi-savimi\/#breadcrumb\"},\"inLanguage\":\"en-GB\",\"potentialAction\":[{\"@type\":\"ReadAction\",\"target\":[\"https:\/\/skaitytaknyga.lt\/produktas\/jogos-pasakaite-trys-parsiukai-mokomes-atsipalaiduoti-ir-pasitiketi-savimi\/\"]}]},{\"@type\":\"ImageObject\",\"inLanguage\":\"en-GB\",\"@id\":\"https:\/\/skaitytaknyga.lt\/produktas\/jogos-pasakaite-trys-parsiukai-mokomes-atsipalaiduoti-ir-pasitiketi-savimi\/#primaryimage\",\"url\":\"https:\/\/skaitytaknyga.lt\/wp-content\/uploads\/2025\/01\/darbeliai-vaikamas.webp\",\"contentUrl\":\"https:\/\/skaitytaknyga.lt\/wp-content\/uploads\/2025\/01\/darbeliai-vaikamas.webp\",\"width\":613,\"height\":800,\"caption\":\"darbeliai vaikamas\"},{\"@type\":\"BreadcrumbList\",\"@id\":\"https:\/\/skaitytaknyga.lt\/produktas\/jogos-pasakaite-trys-parsiukai-mokomes-atsipalaiduoti-ir-pasitiketi-savimi\/#breadcrumb\",\"itemListElement\":[{\"@type\":\"ListItem\",\"position\":1,\"name\":\"Home\",\"item\":\"https:\/\/skaitytaknyga.lt\/\"},{\"@type\":\"ListItem\",\"position\":2,\"name\":\"Parduotuv\u0117\",\"item\":\"https:\/\/skaitytaknyga.lt\/knygu-parduotuve\/\"},{\"@type\":\"ListItem\",\"position\":3,\"name\":\"Jogos pasakait\u0117. Trys par\u0161iukai: mokom\u0117s atsipalaiduoti ir pasitik\u0117ti savimi\"}]},{\"@type\":\"WebSite\",\"@id\":\"https:\/\/skaitytaknyga.lt\/#website\",\"url\":\"https:\/\/skaitytaknyga.lt\/\",\"name\":\"skaitytaknyga.lt\",\"description\":\"Skaitytaknyga.lt \u2013 tai ma\u017eas \u0161eimos verslas, kuris prasid\u0117jo nuo meil\u0117s knygoms ir siekio i\u0161gelb\u0117ti knygas nuo likimo prie konteinerio. Kas vienam nereikalingas daiktas \u2013 kitam lobis, o mes esame tarpininkai, kurie padeda abiems tapti laimingesniems ???? \u017dinome kaip nelengva i\u0161gyventi ma\u017eiems verslams, tad nuo \u0161iol, \u010dia rasite ir kit\u0173, ma\u017e\u0173 \u0161eim\u0173 versl\u0173, rank\u0173 darbo, dovan\u0173 sau ir artimiesiems.\",\"publisher\":{\"@id\":\"https:\/\/skaitytaknyga.lt\/#organization\"},\"potentialAction\":[{\"@type\":\"SearchAction\",\"target\":{\"@type\":\"EntryPoint\",\"urlTemplate\":\"https:\/\/skaitytaknyga.lt\/?s={search_term_string}\"},\"query-input\":{\"@type\":\"PropertyValueSpecification\",\"valueRequired\":true,\"valueName\":\"search_term_string\"}}],\"inLanguage\":\"en-GB\"},{\"@type\":\"Organization\",\"@id\":\"https:\/\/skaitytaknyga.lt\/#organization\",\"name\":\"skaitytaknyga.lt\",\"url\":\"https:\/\/skaitytaknyga.lt\/\",\"logo\":{\"@type\":\"ImageObject\",\"inLanguage\":\"en-GB\",\"@id\":\"https:\/\/skaitytaknyga.lt\/#\/schema\/logo\/image\/\",\"url\":\"https:\/\/skaitytaknyga.lt\/wp-content\/uploads\/2024\/05\/cropped-cropped-cropped-02_00843_jt3bggkj1j3HLc7SyY6rEUpg.jpeg\",\"contentUrl\":\"https:\/\/skaitytaknyga.lt\/wp-content\/uploads\/2024\/05\/cropped-cropped-cropped-02_00843_jt3bggkj1j3HLc7SyY6rEUpg.jpeg\",\"width\":1600,\"height\":1600,\"caption\":\"skaitytaknyga.lt\"},\"image\":{\"@id\":\"https:\/\/skaitytaknyga.lt\/#\/schema\/logo\/image\/\"},\"sameAs\":[\"https:\/\/www.facebook.com\/skaitytaknyga\/\"]}]}<\/script>\n<!-- \/ Yoast SEO plugin. -->","yoast_head_json":{"title":"Jogos pasakait\u0117. Trys par\u0161iukai: mokom\u0117s atsipalaiduoti ir pasitik\u0117ti savimi","description":"\u201eDarbeliai vaikams\"\u00a0\u2013 tai paprast\u0173, originali\u0173, lengvai ir greitai pagaminam\u0173 vaik\u0173 rankdarbi\u0173 knyga. Joje rasite daugiau kaip 100 darbeli\u0173 id\u0117j\u0173.","robots":{"index":"index","follow":"follow","max-snippet":"max-snippet:-1","max-image-preview":"max-image-preview:large","max-video-preview":"max-video-preview:-1"},"canonical":"https:\/\/skaitytaknyga.lt\/en\/produktas\/jogos-pasakaite-trys-parsiukai-mokomes-atsipalaiduoti-ir-pasitiketi-savimi\/","og_locale":"en_GB","og_type":"article","og_title":"[:lt]Jogos pasakait\u0117. Trys par\u0161iukai: mokom\u0117s atsipalaiduoti ir pasitik\u0117ti savimi[:] - Skaitytaknyga","og_description":"\u201eDarbeliai vaikams\"\u00a0\u2013 tai paprast\u0173, originali\u0173, lengvai ir greitai pagaminam\u0173 vaik\u0173 rankdarbi\u0173 knyga. Joje rasite daugiau kaip 100 darbeli\u0173 id\u0117j\u0173.","og_url":"https:\/\/skaitytaknyga.lt\/en\/produktas\/jogos-pasakaite-trys-parsiukai-mokomes-atsipalaiduoti-ir-pasitiketi-savimi\/","og_site_name":"Skaitytaknyga","article_publisher":"https:\/\/www.facebook.com\/skaitytaknyga\/","article_modified_time":"2025-01-05T12:12:15+00:00","og_image":[{"width":613,"height":800,"url":"https:\/\/skaitytaknyga.lt\/wp-content\/uploads\/2025\/01\/darbeliai-vaikamas.webp","type":"image\/webp"}],"twitter_card":"summary_large_image","twitter_misc":{"Estimated reading time":"1 minute"},"schema":{"@context":"https:\/\/schema.org","@graph":[{"@type":"WebPage","@id":"https:\/\/skaitytaknyga.lt\/produktas\/jogos-pasakaite-trys-parsiukai-mokomes-atsipalaiduoti-ir-pasitiketi-savimi\/","url":"https:\/\/skaitytaknyga.lt\/produktas\/jogos-pasakaite-trys-parsiukai-mokomes-atsipalaiduoti-ir-pasitiketi-savimi\/","name":"Jogos pasakait\u0117. Trys par\u0161iukai: mokom\u0117s atsipalaiduoti ir pasitik\u0117ti savimi","isPartOf":{"@id":"https:\/\/skaitytaknyga.lt\/#website"},"primaryImageOfPage":{"@id":"https:\/\/skaitytaknyga.lt\/produktas\/jogos-pasakaite-trys-parsiukai-mokomes-atsipalaiduoti-ir-pasitiketi-savimi\/#primaryimage"},"image":{"@id":"https:\/\/skaitytaknyga.lt\/produktas\/jogos-pasakaite-trys-parsiukai-mokomes-atsipalaiduoti-ir-pasitiketi-savimi\/#primaryimage"},"thumbnailUrl":"https:\/\/skaitytaknyga.lt\/wp-content\/uploads\/2025\/01\/darbeliai-vaikamas.webp","datePublished":"2025-01-05T12:09:58+00:00","dateModified":"2025-01-05T12:12:15+00:00","description":"\u201eDarbeliai vaikams\"\u00a0\u2013 tai paprast\u0173, originali\u0173, lengvai ir greitai pagaminam\u0173 vaik\u0173 rankdarbi\u0173 knyga. Joje rasite daugiau kaip 100 darbeli\u0173 id\u0117j\u0173.","breadcrumb":{"@id":"https:\/\/skaitytaknyga.lt\/produktas\/jogos-pasakaite-trys-parsiukai-mokomes-atsipalaiduoti-ir-pasitiketi-savimi\/#breadcrumb"},"inLanguage":"en-GB","potentialAction":[{"@type":"ReadAction","target":["https:\/\/skaitytaknyga.lt\/produktas\/jogos-pasakaite-trys-parsiukai-mokomes-atsipalaiduoti-ir-pasitiketi-savimi\/"]}]},{"@type":"ImageObject","inLanguage":"en-GB","@id":"https:\/\/skaitytaknyga.lt\/produktas\/jogos-pasakaite-trys-parsiukai-mokomes-atsipalaiduoti-ir-pasitiketi-savimi\/#primaryimage","url":"https:\/\/skaitytaknyga.lt\/wp-content\/uploads\/2025\/01\/darbeliai-vaikamas.webp","contentUrl":"https:\/\/skaitytaknyga.lt\/wp-content\/uploads\/2025\/01\/darbeliai-vaikamas.webp","width":613,"height":800,"caption":"darbeliai vaikamas"},{"@type":"BreadcrumbList","@id":"https:\/\/skaitytaknyga.lt\/produktas\/jogos-pasakaite-trys-parsiukai-mokomes-atsipalaiduoti-ir-pasitiketi-savimi\/#breadcrumb","itemListElement":[{"@type":"ListItem","position":1,"name":"Home","item":"https:\/\/skaitytaknyga.lt\/"},{"@type":"ListItem","position":2,"name":"Parduotuv\u0117","item":"https:\/\/skaitytaknyga.lt\/knygu-parduotuve\/"},{"@type":"ListItem","position":3,"name":"Jogos pasakait\u0117. Trys par\u0161iukai: mokom\u0117s atsipalaiduoti ir pasitik\u0117ti savimi"}]},{"@type":"WebSite","@id":"https:\/\/skaitytaknyga.lt\/#website","url":"https:\/\/skaitytaknyga.lt\/","name":"skaitytaknyga.lt","description":"Skaitytaknyga.lt \u2013 tai ma\u017eas \u0161eimos verslas, kuris prasid\u0117jo nuo meil\u0117s knygoms ir siekio i\u0161gelb\u0117ti knygas nuo likimo prie konteinerio. Kas vienam nereikalingas daiktas \u2013 kitam lobis, o mes esame tarpininkai, kurie padeda abiems tapti laimingesniems ???? \u017dinome kaip nelengva i\u0161gyventi ma\u017eiems verslams, tad nuo \u0161iol, \u010dia rasite ir kit\u0173, ma\u017e\u0173 \u0161eim\u0173 versl\u0173, rank\u0173 darbo, dovan\u0173 sau ir artimiesiems.","publisher":{"@id":"https:\/\/skaitytaknyga.lt\/#organization"},"potentialAction":[{"@type":"SearchAction","target":{"@type":"EntryPoint","urlTemplate":"https:\/\/skaitytaknyga.lt\/?s={search_term_string}"},"query-input":{"@type":"PropertyValueSpecification","valueRequired":true,"valueName":"search_term_string"}}],"inLanguage":"en-GB"},{"@type":"Organization","@id":"https:\/\/skaitytaknyga.lt\/#organization","name":"skaitytaknyga.lt","url":"https:\/\/skaitytaknyga.lt\/","logo":{"@type":"ImageObject","inLanguage":"en-GB","@id":"https:\/\/skaitytaknyga.lt\/#\/schema\/logo\/image\/","url":"https:\/\/skaitytaknyga.lt\/wp-content\/uploads\/2024\/05\/cropped-cropped-cropped-02_00843_jt3bggkj1j3HLc7SyY6rEUpg.jpeg","contentUrl":"https:\/\/skaitytaknyga.lt\/wp-content\/uploads\/2024\/05\/cropped-cropped-cropped-02_00843_jt3bggkj1j3HLc7SyY6rEUpg.jpeg","width":1600,"height":1600,"caption":"skaitytaknyga.lt"},"image":{"@id":"https:\/\/skaitytaknyga.lt\/#\/schema\/logo\/image\/"},"sameAs":["https:\/\/www.facebook.com\/skaitytaknyga\/"]}]}},"_links":{"self":[{"href":"https:\/\/skaitytaknyga.lt\/en\/wp-json\/wp\/v2\/product\/15828","targetHints":{"allow":["GET"]}}],"collection":[{"href":"https:\/\/skaitytaknyga.lt\/en\/wp-json\/wp\/v2\/product"}],"about":[{"href":"https:\/\/skaitytaknyga.lt\/en\/wp-json\/wp\/v2\/types\/product"}],"replies":[{"embeddable":true,"href":"https:\/\/skaitytaknyga.lt\/en\/wp-json\/wp\/v2\/comments?post=15828"}],"wp:featuredmedia":[{"embeddable":true,"href":"https:\/\/skaitytaknyga.lt\/en\/wp-json\/wp\/v2\/media\/15809"}],"wp:attachment":[{"href":"https:\/\/skaitytaknyga.lt\/en\/wp-json\/wp\/v2\/media?parent=15828"}],"wp:term":[{"taxonomy":"product_brand","embeddable":true,"href":"https:\/\/skaitytaknyga.lt\/en\/wp-json\/wp\/v2\/product_brand?post=15828"},{"taxonomy":"product_cat","embeddable":true,"href":"https:\/\/skaitytaknyga.lt\/en\/wp-json\/wp\/v2\/product_cat?post=15828"},{"taxonomy":"product_tag","embeddable":true,"href":"https:\/\/skaitytaknyga.lt\/en\/wp-json\/wp\/v2\/product_tag?post=15828"}],"curies":[{"name":"wp","href":"https:\/\/api.w.org\/{rel}","templated":true}]}}