{"id":15826,"date":"2025-01-05T14:07:25","date_gmt":"2025-01-05T12:07:25","guid":{"rendered":"https:\/\/skaitytaknyga.lt\/?post_type=product&#038;p=15826"},"modified":"2025-01-05T14:12:25","modified_gmt":"2025-01-05T12:12:25","slug":"garsiausios-siaubu-ir-paslapciu-istorijos","status":"publish","type":"product","link":"https:\/\/skaitytaknyga.lt\/en\/produktas\/garsiausios-siaubu-ir-paslapciu-istorijos\/","title":{"rendered":"Garsiausios siaub\u0173 ir paslap\u010di\u0173 istorijos"},"content":{"rendered":"<p>Vaikams nuo 4 met\u0173 ir visai \u0161eimai.<\/p>\n<p>MOKOM\u0116S ATSIPALAIDUOTI IR PASITIK\u0116TI SAVIMI.<\/p>\n<p>\u0160i knyga skirta pad\u0117ti vaikui pasijusti geriau, atrasti jog\u0105 ir atpa\u017einti savo emocijas.<\/p>\n<p>Pamokanti klasikin\u0117 pasaka talenting\u0173 pranc\u016bzi\u0173 k\u016br\u0117j\u0173 d\u0117ka atgimsta nauju interaktyviu pavidalu. Skaitykite, darykite jogos pratimus, maloniai leiskite laik\u0105 kartu su vaiku ir pad\u0117kite jam tobul\u0117ti.<\/p>\n<p>Skaitant pasak\u0105 vaikas kvie\u010diamas atkartoti pasakos persona\u017e\u0173 veiksmus ir patirti tai, k\u0105 jau\u010dia jie, atlikdamas nesud\u0117tingas jogos pozas.<\/p>\n<p>Prie pasakos siu\u017eeto pritaikytos dinamin\u0117s jogos pozos leid\u017eia vaikui puikiai pasijusti, pamank\u0161tinti k\u016bn\u0105 ir tobul\u0117ti.<\/p>\n<p>Steb\u0117damas, kaip trys par\u0161iukai trok\u0161ta nuotyki\u0173 ir susiduria su i\u0161\u0161\u016bkiais, vaikas mokysis vertinti s\u0105\u017eining\u0105 darb\u0105, kruop\u0161tum\u0105 ir labiau pasitik\u0117ti savimi.<\/p>\n<p>Knygoje rasite: 1 pasak\u0105; 8 jogos pozas su iliustracijomis ir j\u0173 naudos paai\u0161kinimais; kv\u0117pavimo, atsipalaidavimo ir meditacijos pratimus; patarimus, kaip atlikti pratimus.<\/p>\n<p><strong>\u201eJogos pasakait\u0117s. Trys par\u0161iukai&#8221;:<\/strong><\/p>\n<p>\u2022 lavina k\u016bn\u0105 ir prot\u0105;<br \/>\n\u2022 supa\u017eindina su nesud\u0117tingomis jogos pozomis;<br \/>\n\u2022 moko atsipalaiduoti ir \u012fsijausti \u012f istorij\u0105;<br \/>\n\u2022 stiprina j\u016bs\u0173 ir vaiko ry\u0161\u012f;<br \/>\n\u2022 meni\u0161kai vertingos iliustracijos ugdo estetikos poj\u016bt\u012f.<\/p>\n<p>Istorijos pasakotoja ir ra\u0161ytoja\u00a0<strong>Marie Tanneux<\/strong>\u00a0baig\u0117 Vakar\u0173 Pranc\u016bzijos jogos mokykl\u0105 (EFYO) ir yra Jogos pritaikymo edukacijai tyrim\u0173 asociacijos (RYE) nar\u0117. Ji daug dirba su vaikais ir paaugliais.<\/p>\n<p>Knygos iliustruotoja\u00a0<strong>Lili la Baleine<\/strong>\u00a0kadaise dirbo mokytoja, ta\u010diau tapo savamoksle iliustruotoja, kuri\u0105 netruko pasteb\u0117ti ir pakviet\u0117 bendradarbiauti Pranc\u016bzijos ir Jungtin\u0117s Karalyst\u0117s leidyklos.<\/p>\n<ul class=\"about-product d-none d-xl-block mt-4\">\n<li><strong>Originalus pavadinimas:<\/strong>\u00a0Les trois petits cochons<\/li>\n<li><strong>Autorius:<\/strong>\u00a0Marie Tanneux<\/li>\n<li><strong>Leid\u0117jas:<\/strong>\u00a0Alma littera<\/li>\n<li><strong>Metai:<\/strong>\u00a02021<\/li>\n<li><strong>Puslapiai:<\/strong>\u00a036<\/li>\n<li class=\"toggleable type-new-formats \"><strong>ISBN:<\/strong>\u00a09786090145654<\/li>\n<li><strong>Versijos kodas:<\/strong>\u00a0PT.<\/li>\n<li class=\"toggleable type-new-formats \"><strong>Formatas:<\/strong>\u00a021 x 22,2 x 0,7 cm, kieti vir\u0161eliai<\/li>\n<li><strong>Kalba:<\/strong>\u00a0Lietuvi\u0173<\/li>\n<li><strong>Vert\u0117jas:<\/strong>\u00a0Greta \u0160tikelyt\u0117<\/li>\n<\/ul>\n","protected":false},"excerpt":{"rendered":"<p>Vaikams nuo 4 met\u0173 ir visai \u0161eimai. MOKOM\u0116S ATSIPALAIDUOTI IR PASITIK\u0116TI SAVIMI. \u0160i knyga skirta pad\u0117ti vaikui pasijusti geriau, atrasti jog\u0105 ir atpa\u017einti savo emocijas. Pamokanti klasikin\u0117 pasaka talenting\u0173 pranc\u016bzi\u0173 k\u016br\u0117j\u0173 d\u0117ka atgimsta nauju interaktyviu pavidalu. Skaitykite, darykite jogos pratimus, maloniai leiskite laik\u0105 kartu su vaiku ir pad\u0117kite jam tobul\u0117ti. Skaitant pasak\u0105 vaikas kvie\u010diamas atkartoti pasakos persona\u017e\u0173 veiksmus ir patirti tai, k\u0105 jau\u010dia jie, atlikdamas nesud\u0117tingas jogos pozas. Prie pasakos siu\u017eeto pritaikytos dinamin\u0117s jogos pozos leid\u017eia vaikui puikiai pasijusti, pamank\u0161tinti k\u016bn\u0105 ir tobul\u0117ti. Steb\u0117damas, kaip trys par\u0161iukai trok\u0161ta nuotyki\u0173 ir susiduria su i\u0161\u0161\u016bkiais, vaikas mokysis vertinti s\u0105\u017eining\u0105 darb\u0105, kruop\u0161tum\u0105 ir labiau pasitik\u0117ti savimi. Knygoje rasite: 1 pasak\u0105; 8 jogos pozas su iliustracijomis ir j\u0173 naudos paai\u0161kinimais; kv\u0117pavimo, atsipalaidavimo ir meditacijos pratimus; patarimus, kaip atlikti pratimus. \u201eJogos pasakait\u0117s. Trys par\u0161iukai&#8221;: \u2022 lavina k\u016bn\u0105 ir prot\u0105; \u2022 supa\u017eindina su nesud\u0117tingomis jogos pozomis; \u2022 moko atsipalaiduoti ir \u012fsijausti \u012f istorij\u0105; \u2022 stiprina j\u016bs\u0173 ir vaiko ry\u0161\u012f; \u2022 meni\u0161kai vertingos iliustracijos ugdo estetikos poj\u016bt\u012f. Istorijos pasakotoja ir ra\u0161ytoja\u00a0Marie Tanneux\u00a0baig\u0117 Vakar\u0173 Pranc\u016bzijos jogos mokykl\u0105 (EFYO) ir yra Jogos pritaikymo edukacijai tyrim\u0173 asociacijos (RYE) nar\u0117. Ji daug dirba su vaikais ir paaugliais. Knygos iliustruotoja\u00a0Lili la Baleine\u00a0kadaise dirbo mokytoja, ta\u010diau tapo savamoksle iliustruotoja, kuri\u0105 netruko pasteb\u0117ti ir pakviet\u0117 bendradarbiauti Pranc\u016bzijos ir Jungtin\u0117s Karalyst\u0117s leidyklos. Originalus pavadinimas:\u00a0Les trois petits cochons Autorius:\u00a0Marie Tanneux Leid\u0117jas:\u00a0Alma littera Metai:\u00a02021 Puslapiai:\u00a036 ISBN:\u00a09786090145654 Versijos kodas:\u00a0PT. Formatas:\u00a021 x 22,2 x 0,7 cm, kieti vir\u0161eliai Kalba:\u00a0Lietuvi\u0173 Vert\u0117jas:\u00a0Greta \u0160tikelyt\u0117<\/p>\n","protected":false},"featured_media":15829,"comment_status":"open","ping_status":"closed","template":"","meta":{"_acf_changed":false,"site-sidebar-layout":"default","site-content-layout":"","ast-site-content-layout":"default","site-content-style":"default","site-sidebar-style":"default","ast-global-header-display":"","ast-banner-title-visibility":"","ast-main-header-display":"","ast-hfb-above-header-display":"","ast-hfb-below-header-display":"","ast-hfb-mobile-header-display":"","site-post-title":"","ast-breadcrumbs-content":"","ast-featured-img":"","footer-sml-layout":"","ast-disable-related-posts":"","theme-transparent-header-meta":"default","adv-header-id-meta":"","stick-header-meta":"","header-above-stick-meta":"","header-main-stick-meta":"","header-below-stick-meta":"","astra-migrate-meta-layouts":"set","ast-page-background-enabled":"default","ast-page-background-meta":{"desktop":{"background-color":"","background-image":"","background-repeat":"repeat","background-position":"center center","background-size":"auto","background-attachment":"scroll","background-type":"","background-media":"","overlay-type":"","overlay-color":"","overlay-opacity":"","overlay-gradient":""},"tablet":{"background-color":"","background-image":"","background-repeat":"repeat","background-position":"center center","background-size":"auto","background-attachment":"scroll","background-type":"","background-media":"","overlay-type":"","overlay-color":"","overlay-opacity":"","overlay-gradient":""},"mobile":{"background-color":"","background-image":"","background-repeat":"repeat","background-position":"center center","background-size":"auto","background-attachment":"scroll","background-type":"","background-media":"","overlay-type":"","overlay-color":"","overlay-opacity":"","overlay-gradient":""}},"ast-content-background-meta":{"desktop":{"background-color":"var(--ast-global-color-4)","background-image":"","background-repeat":"repeat","background-position":"center center","background-size":"auto","background-attachment":"scroll","background-type":"","background-media":"","overlay-type":"","overlay-color":"","overlay-opacity":"","overlay-gradient":""},"tablet":{"background-color":"var(--ast-global-color-4)","background-image":"","background-repeat":"repeat","background-position":"center center","background-size":"auto","background-attachment":"scroll","background-type":"","background-media":"","overlay-type":"","overlay-color":"","overlay-opacity":"","overlay-gradient":""},"mobile":{"background-color":"var(--ast-global-color-4)","background-image":"","background-repeat":"repeat","background-position":"center center","background-size":"auto","background-attachment":"scroll","background-type":"","background-media":"","overlay-type":"","overlay-color":"","overlay-opacity":"","overlay-gradient":""}}},"product_brand":[],"product_cat":[15,35],"product_tag":[],"class_list":{"0":"post-15826","1":"product","2":"type-product","3":"status-publish","4":"has-post-thumbnail","6":"product_cat-uncategorized","7":"product_cat-vaikams-ir-paaugliams","8":"desktop-align-left","9":"tablet-align-left","10":"mobile-align-left","12":"first","13":"instock","14":"shipping-taxable","15":"purchasable","16":"product-type-simple"},"acf":[],"yoast_head":"<!-- This site is optimized with the Yoast SEO plugin v27.0 - https:\/\/yoast.com\/product\/yoast-seo-wordpress\/ -->\n<title>Garsiausios siaub\u0173 ir paslap\u010di\u0173 istorijos<\/title>\n<meta name=\"description\" content=\"Vaikams nuo 4 met\u0173 ir visai \u0161eimai. MOKOM\u0116S ATSIPALAIDUOTI IR PASITIK\u0116TI SAVIMI. \u0160i knyga skirta pad\u0117ti vaikui pasijusti geriau, atrasti jog\u0105 ir atpa\u017einti\" \/>\n<meta name=\"robots\" content=\"index, follow, max-snippet:-1, max-image-preview:large, max-video-preview:-1\" \/>\n<link rel=\"canonical\" href=\"https:\/\/skaitytaknyga.lt\/en\/produktas\/garsiausios-siaubu-ir-paslapciu-istorijos\/\" \/>\n<meta property=\"og:locale\" content=\"en_GB\" \/>\n<meta property=\"og:locale:alternate\" content=\"lt_LT\" \/>\n<meta property=\"og:type\" content=\"article\" \/>\n<meta property=\"og:title\" content=\"Garsiausios siaub\u0173 ir paslap\u010di\u0173 istorijos\" \/>\n<meta property=\"og:description\" content=\"Vaikams nuo 4 met\u0173 ir visai \u0161eimai. MOKOM\u0116S ATSIPALAIDUOTI IR PASITIK\u0116TI SAVIMI. \u0160i knyga skirta pad\u0117ti vaikui pasijusti geriau, atrasti jog\u0105 ir atpa\u017einti\" \/>\n<meta property=\"og:url\" content=\"https:\/\/skaitytaknyga.lt\/en\/produktas\/garsiausios-siaubu-ir-paslapciu-istorijos\/\" \/>\n<meta property=\"og:site_name\" content=\"Skaitytaknyga\" \/>\n<meta property=\"article:publisher\" content=\"https:\/\/www.facebook.com\/skaitytaknyga\/\" \/>\n<meta property=\"article:modified_time\" content=\"2025-01-05T12:12:25+00:00\" \/>\n<meta property=\"og:image\" content=\"https:\/\/skaitytaknyga.lt\/wp-content\/uploads\/2025\/01\/Jogos-pasakaite.-Trys-parsiukai-mokomes-atsipalaiduoti-ir-pasitiketi-savimi.webp\" \/>\n\t<meta property=\"og:image:width\" content=\"563\" \/>\n\t<meta property=\"og:image:height\" content=\"600\" \/>\n\t<meta property=\"og:image:type\" content=\"image\/webp\" \/>\n<meta name=\"twitter:card\" content=\"summary_large_image\" \/>\n<meta name=\"twitter:label1\" content=\"Estimated reading time\" \/>\n\t<meta name=\"twitter:data1\" content=\"2 minutes\" \/>\n<script type=\"application\/ld+json\" class=\"yoast-schema-graph\">{\"@context\":\"https:\/\/schema.org\",\"@graph\":[{\"@type\":\"WebPage\",\"@id\":\"https:\/\/skaitytaknyga.lt\/produktas\/garsiausios-siaubu-ir-paslapciu-istorijos\/\",\"url\":\"https:\/\/skaitytaknyga.lt\/produktas\/garsiausios-siaubu-ir-paslapciu-istorijos\/\",\"name\":\"Garsiausios siaub\u0173 ir paslap\u010di\u0173 istorijos\",\"isPartOf\":{\"@id\":\"https:\/\/skaitytaknyga.lt\/#website\"},\"primaryImageOfPage\":{\"@id\":\"https:\/\/skaitytaknyga.lt\/produktas\/garsiausios-siaubu-ir-paslapciu-istorijos\/#primaryimage\"},\"image\":{\"@id\":\"https:\/\/skaitytaknyga.lt\/produktas\/garsiausios-siaubu-ir-paslapciu-istorijos\/#primaryimage\"},\"thumbnailUrl\":\"https:\/\/skaitytaknyga.lt\/wp-content\/uploads\/2025\/01\/Jogos-pasakaite.-Trys-parsiukai-mokomes-atsipalaiduoti-ir-pasitiketi-savimi.webp\",\"datePublished\":\"2025-01-05T12:07:25+00:00\",\"dateModified\":\"2025-01-05T12:12:25+00:00\",\"description\":\"Vaikams nuo 4 met\u0173 ir visai \u0161eimai. MOKOM\u0116S ATSIPALAIDUOTI IR PASITIK\u0116TI SAVIMI. \u0160i knyga skirta pad\u0117ti vaikui pasijusti geriau, atrasti jog\u0105 ir atpa\u017einti\",\"breadcrumb\":{\"@id\":\"https:\/\/skaitytaknyga.lt\/produktas\/garsiausios-siaubu-ir-paslapciu-istorijos\/#breadcrumb\"},\"inLanguage\":\"en-GB\",\"potentialAction\":[{\"@type\":\"ReadAction\",\"target\":[\"https:\/\/skaitytaknyga.lt\/produktas\/garsiausios-siaubu-ir-paslapciu-istorijos\/\"]}]},{\"@type\":\"ImageObject\",\"inLanguage\":\"en-GB\",\"@id\":\"https:\/\/skaitytaknyga.lt\/produktas\/garsiausios-siaubu-ir-paslapciu-istorijos\/#primaryimage\",\"url\":\"https:\/\/skaitytaknyga.lt\/wp-content\/uploads\/2025\/01\/Jogos-pasakaite.-Trys-parsiukai-mokomes-atsipalaiduoti-ir-pasitiketi-savimi.webp\",\"contentUrl\":\"https:\/\/skaitytaknyga.lt\/wp-content\/uploads\/2025\/01\/Jogos-pasakaite.-Trys-parsiukai-mokomes-atsipalaiduoti-ir-pasitiketi-savimi.webp\",\"width\":563,\"height\":600,\"caption\":\"Jogos pasakait\u0117. Trys par\u0161iukai: mokom\u0117s atsipalaiduoti ir pasitik\u0117ti savimi\"},{\"@type\":\"BreadcrumbList\",\"@id\":\"https:\/\/skaitytaknyga.lt\/produktas\/garsiausios-siaubu-ir-paslapciu-istorijos\/#breadcrumb\",\"itemListElement\":[{\"@type\":\"ListItem\",\"position\":1,\"name\":\"Home\",\"item\":\"https:\/\/skaitytaknyga.lt\/\"},{\"@type\":\"ListItem\",\"position\":2,\"name\":\"Parduotuv\u0117\",\"item\":\"https:\/\/skaitytaknyga.lt\/knygu-parduotuve\/\"},{\"@type\":\"ListItem\",\"position\":3,\"name\":\"Garsiausios siaub\u0173 ir paslap\u010di\u0173 istorijos\"}]},{\"@type\":\"WebSite\",\"@id\":\"https:\/\/skaitytaknyga.lt\/#website\",\"url\":\"https:\/\/skaitytaknyga.lt\/\",\"name\":\"skaitytaknyga.lt\",\"description\":\"Skaitytaknyga.lt \u2013 tai ma\u017eas \u0161eimos verslas, kuris prasid\u0117jo nuo meil\u0117s knygoms ir siekio i\u0161gelb\u0117ti knygas nuo likimo prie konteinerio. Kas vienam nereikalingas daiktas \u2013 kitam lobis, o mes esame tarpininkai, kurie padeda abiems tapti laimingesniems ???? \u017dinome kaip nelengva i\u0161gyventi ma\u017eiems verslams, tad nuo \u0161iol, \u010dia rasite ir kit\u0173, ma\u017e\u0173 \u0161eim\u0173 versl\u0173, rank\u0173 darbo, dovan\u0173 sau ir artimiesiems.\",\"publisher\":{\"@id\":\"https:\/\/skaitytaknyga.lt\/#organization\"},\"potentialAction\":[{\"@type\":\"SearchAction\",\"target\":{\"@type\":\"EntryPoint\",\"urlTemplate\":\"https:\/\/skaitytaknyga.lt\/?s={search_term_string}\"},\"query-input\":{\"@type\":\"PropertyValueSpecification\",\"valueRequired\":true,\"valueName\":\"search_term_string\"}}],\"inLanguage\":\"en-GB\"},{\"@type\":\"Organization\",\"@id\":\"https:\/\/skaitytaknyga.lt\/#organization\",\"name\":\"skaitytaknyga.lt\",\"url\":\"https:\/\/skaitytaknyga.lt\/\",\"logo\":{\"@type\":\"ImageObject\",\"inLanguage\":\"en-GB\",\"@id\":\"https:\/\/skaitytaknyga.lt\/#\/schema\/logo\/image\/\",\"url\":\"https:\/\/skaitytaknyga.lt\/wp-content\/uploads\/2024\/05\/cropped-cropped-cropped-02_00843_jt3bggkj1j3HLc7SyY6rEUpg.jpeg\",\"contentUrl\":\"https:\/\/skaitytaknyga.lt\/wp-content\/uploads\/2024\/05\/cropped-cropped-cropped-02_00843_jt3bggkj1j3HLc7SyY6rEUpg.jpeg\",\"width\":1600,\"height\":1600,\"caption\":\"skaitytaknyga.lt\"},\"image\":{\"@id\":\"https:\/\/skaitytaknyga.lt\/#\/schema\/logo\/image\/\"},\"sameAs\":[\"https:\/\/www.facebook.com\/skaitytaknyga\/\"]}]}<\/script>\n<!-- \/ Yoast SEO plugin. -->","yoast_head_json":{"title":"Garsiausios siaub\u0173 ir paslap\u010di\u0173 istorijos","description":"Vaikams nuo 4 met\u0173 ir visai \u0161eimai. MOKOM\u0116S ATSIPALAIDUOTI IR PASITIK\u0116TI SAVIMI. \u0160i knyga skirta pad\u0117ti vaikui pasijusti geriau, atrasti jog\u0105 ir atpa\u017einti","robots":{"index":"index","follow":"follow","max-snippet":"max-snippet:-1","max-image-preview":"max-image-preview:large","max-video-preview":"max-video-preview:-1"},"canonical":"https:\/\/skaitytaknyga.lt\/en\/produktas\/garsiausios-siaubu-ir-paslapciu-istorijos\/","og_locale":"en_GB","og_type":"article","og_title":"[:lt]Garsiausios siaub\u0173 ir paslap\u010di\u0173 istorijos[:] - Skaitytaknyga","og_description":"Vaikams nuo 4 met\u0173 ir visai \u0161eimai. MOKOM\u0116S ATSIPALAIDUOTI IR PASITIK\u0116TI SAVIMI. \u0160i knyga skirta pad\u0117ti vaikui pasijusti geriau, atrasti jog\u0105 ir atpa\u017einti","og_url":"https:\/\/skaitytaknyga.lt\/en\/produktas\/garsiausios-siaubu-ir-paslapciu-istorijos\/","og_site_name":"Skaitytaknyga","article_publisher":"https:\/\/www.facebook.com\/skaitytaknyga\/","article_modified_time":"2025-01-05T12:12:25+00:00","og_image":[{"width":563,"height":600,"url":"https:\/\/skaitytaknyga.lt\/wp-content\/uploads\/2025\/01\/Jogos-pasakaite.-Trys-parsiukai-mokomes-atsipalaiduoti-ir-pasitiketi-savimi.webp","type":"image\/webp"}],"twitter_card":"summary_large_image","twitter_misc":{"Estimated reading time":"2 minutes"},"schema":{"@context":"https:\/\/schema.org","@graph":[{"@type":"WebPage","@id":"https:\/\/skaitytaknyga.lt\/produktas\/garsiausios-siaubu-ir-paslapciu-istorijos\/","url":"https:\/\/skaitytaknyga.lt\/produktas\/garsiausios-siaubu-ir-paslapciu-istorijos\/","name":"Garsiausios siaub\u0173 ir paslap\u010di\u0173 istorijos","isPartOf":{"@id":"https:\/\/skaitytaknyga.lt\/#website"},"primaryImageOfPage":{"@id":"https:\/\/skaitytaknyga.lt\/produktas\/garsiausios-siaubu-ir-paslapciu-istorijos\/#primaryimage"},"image":{"@id":"https:\/\/skaitytaknyga.lt\/produktas\/garsiausios-siaubu-ir-paslapciu-istorijos\/#primaryimage"},"thumbnailUrl":"https:\/\/skaitytaknyga.lt\/wp-content\/uploads\/2025\/01\/Jogos-pasakaite.-Trys-parsiukai-mokomes-atsipalaiduoti-ir-pasitiketi-savimi.webp","datePublished":"2025-01-05T12:07:25+00:00","dateModified":"2025-01-05T12:12:25+00:00","description":"Vaikams nuo 4 met\u0173 ir visai \u0161eimai. MOKOM\u0116S ATSIPALAIDUOTI IR PASITIK\u0116TI SAVIMI. \u0160i knyga skirta pad\u0117ti vaikui pasijusti geriau, atrasti jog\u0105 ir atpa\u017einti","breadcrumb":{"@id":"https:\/\/skaitytaknyga.lt\/produktas\/garsiausios-siaubu-ir-paslapciu-istorijos\/#breadcrumb"},"inLanguage":"en-GB","potentialAction":[{"@type":"ReadAction","target":["https:\/\/skaitytaknyga.lt\/produktas\/garsiausios-siaubu-ir-paslapciu-istorijos\/"]}]},{"@type":"ImageObject","inLanguage":"en-GB","@id":"https:\/\/skaitytaknyga.lt\/produktas\/garsiausios-siaubu-ir-paslapciu-istorijos\/#primaryimage","url":"https:\/\/skaitytaknyga.lt\/wp-content\/uploads\/2025\/01\/Jogos-pasakaite.-Trys-parsiukai-mokomes-atsipalaiduoti-ir-pasitiketi-savimi.webp","contentUrl":"https:\/\/skaitytaknyga.lt\/wp-content\/uploads\/2025\/01\/Jogos-pasakaite.-Trys-parsiukai-mokomes-atsipalaiduoti-ir-pasitiketi-savimi.webp","width":563,"height":600,"caption":"Jogos pasakait\u0117. Trys par\u0161iukai: mokom\u0117s atsipalaiduoti ir pasitik\u0117ti savimi"},{"@type":"BreadcrumbList","@id":"https:\/\/skaitytaknyga.lt\/produktas\/garsiausios-siaubu-ir-paslapciu-istorijos\/#breadcrumb","itemListElement":[{"@type":"ListItem","position":1,"name":"Home","item":"https:\/\/skaitytaknyga.lt\/"},{"@type":"ListItem","position":2,"name":"Parduotuv\u0117","item":"https:\/\/skaitytaknyga.lt\/knygu-parduotuve\/"},{"@type":"ListItem","position":3,"name":"Garsiausios siaub\u0173 ir paslap\u010di\u0173 istorijos"}]},{"@type":"WebSite","@id":"https:\/\/skaitytaknyga.lt\/#website","url":"https:\/\/skaitytaknyga.lt\/","name":"skaitytaknyga.lt","description":"Skaitytaknyga.lt \u2013 tai ma\u017eas \u0161eimos verslas, kuris prasid\u0117jo nuo meil\u0117s knygoms ir siekio i\u0161gelb\u0117ti knygas nuo likimo prie konteinerio. Kas vienam nereikalingas daiktas \u2013 kitam lobis, o mes esame tarpininkai, kurie padeda abiems tapti laimingesniems ???? \u017dinome kaip nelengva i\u0161gyventi ma\u017eiems verslams, tad nuo \u0161iol, \u010dia rasite ir kit\u0173, ma\u017e\u0173 \u0161eim\u0173 versl\u0173, rank\u0173 darbo, dovan\u0173 sau ir artimiesiems.","publisher":{"@id":"https:\/\/skaitytaknyga.lt\/#organization"},"potentialAction":[{"@type":"SearchAction","target":{"@type":"EntryPoint","urlTemplate":"https:\/\/skaitytaknyga.lt\/?s={search_term_string}"},"query-input":{"@type":"PropertyValueSpecification","valueRequired":true,"valueName":"search_term_string"}}],"inLanguage":"en-GB"},{"@type":"Organization","@id":"https:\/\/skaitytaknyga.lt\/#organization","name":"skaitytaknyga.lt","url":"https:\/\/skaitytaknyga.lt\/","logo":{"@type":"ImageObject","inLanguage":"en-GB","@id":"https:\/\/skaitytaknyga.lt\/#\/schema\/logo\/image\/","url":"https:\/\/skaitytaknyga.lt\/wp-content\/uploads\/2024\/05\/cropped-cropped-cropped-02_00843_jt3bggkj1j3HLc7SyY6rEUpg.jpeg","contentUrl":"https:\/\/skaitytaknyga.lt\/wp-content\/uploads\/2024\/05\/cropped-cropped-cropped-02_00843_jt3bggkj1j3HLc7SyY6rEUpg.jpeg","width":1600,"height":1600,"caption":"skaitytaknyga.lt"},"image":{"@id":"https:\/\/skaitytaknyga.lt\/#\/schema\/logo\/image\/"},"sameAs":["https:\/\/www.facebook.com\/skaitytaknyga\/"]}]}},"_links":{"self":[{"href":"https:\/\/skaitytaknyga.lt\/en\/wp-json\/wp\/v2\/product\/15826","targetHints":{"allow":["GET"]}}],"collection":[{"href":"https:\/\/skaitytaknyga.lt\/en\/wp-json\/wp\/v2\/product"}],"about":[{"href":"https:\/\/skaitytaknyga.lt\/en\/wp-json\/wp\/v2\/types\/product"}],"replies":[{"embeddable":true,"href":"https:\/\/skaitytaknyga.lt\/en\/wp-json\/wp\/v2\/comments?post=15826"}],"wp:featuredmedia":[{"embeddable":true,"href":"https:\/\/skaitytaknyga.lt\/en\/wp-json\/wp\/v2\/media\/15829"}],"wp:attachment":[{"href":"https:\/\/skaitytaknyga.lt\/en\/wp-json\/wp\/v2\/media?parent=15826"}],"wp:term":[{"taxonomy":"product_brand","embeddable":true,"href":"https:\/\/skaitytaknyga.lt\/en\/wp-json\/wp\/v2\/product_brand?post=15826"},{"taxonomy":"product_cat","embeddable":true,"href":"https:\/\/skaitytaknyga.lt\/en\/wp-json\/wp\/v2\/product_cat?post=15826"},{"taxonomy":"product_tag","embeddable":true,"href":"https:\/\/skaitytaknyga.lt\/en\/wp-json\/wp\/v2\/product_tag?post=15826"}],"curies":[{"name":"wp","href":"https:\/\/api.w.org\/{rel}","templated":true}]}}