{"id":15815,"date":"2025-01-05T13:49:37","date_gmt":"2025-01-05T11:49:37","guid":{"rendered":"https:\/\/skaitytaknyga.lt\/?post_type=product&#038;p=15815"},"modified":"2025-06-11T10:50:27","modified_gmt":"2025-06-11T07:50:27","slug":"kavine-freak-city","status":"publish","type":"product","link":"https:\/\/skaitytaknyga.lt\/en\/produktas\/kavine-freak-city\/","title":{"rendered":"Kavin\u0117 Freak City (d\u0117mel\u0117 apa\u010dioje, kamputyje)"},"content":{"rendered":"<p><strong>\u201eKavin\u0117 Freak City\u201c<\/strong>\u00a0\u2013 ra\u0161ytojos<strong>\u00a0Kathrin Schrocke<\/strong>\u00a0\u017eaismingai ir labai jautriai papasakota ne\u012fprastos meil\u0117s istorija. Meil\u0117s, kuriai ry\u017et\u0173si ne kiekvienas.<\/p>\n<p>L\u0117ja gra\u017ei, guvi, energinga \u2013 ir i\u0161 prigimties kur\u010dia. Kart\u0105 i\u0161vyd\u0119s \u0161i\u0105 nenuoram\u0105 garban\u0119 gatv\u0117je, Mika nebegali atsispirti jos \u017eavesiui. Vaikinas net nusprend\u017eia lankyti gest\u0173 kalbos kursus. \u0160eima ir draugai nusiteik\u0119 skepti\u0161kai, netrukus ir j\u012f pat\u012f apninka abejon\u0117s. Mika n\u0117 nenuman\u0117, kad kur\u010di\u0173j\u0173 pasaulis be galo skiriasi nuo to, kuriame gyvena jis pats su draugais. O \u010dia staiga v\u0117l atsiranda Sandra, buvusi draug\u0117, kurios vaikinas iki \u0161iol negali pamir\u0161ti. Vis d\u0117lto jo \u0161irdyje jau \u012fsik\u016br\u0117 L\u0117ja&#8230;<\/p>\n<p><strong>Kathrin Schrocke<\/strong>\u00a0yra vokie\u010di\u0173 kilm\u0117s autor\u0117, vis\u0105 gyvenim\u0105 svajojusi ra\u0161yti. I\u0161leidusi kelias knygas paaugliams ji neliko nepasteb\u0117ta. Ra\u0161ytoja \u012fvertinta de\u0161imtimi apdovanojim\u0173 ir jaunimo knyg\u0173 nominacij\u0173.<\/p>\n<ul class=\"about-product d-none d-xl-block mt-4\">\n<li><strong>Originalus pavadinimas:<\/strong>\u00a0Freak City<\/li>\n<li><strong>Autorius:<\/strong>\u00a0Kathrin Schrocke<\/li>\n<li><strong>Leid\u0117jas:<\/strong>\u00a0Alma littera<\/li>\n<li><strong>Metai:<\/strong>\u00a02014<\/li>\n<li><strong>Puslapiai:<\/strong>\u00a0240<\/li>\n<li class=\"toggleable type-new-formats \"><strong>ISBN:<\/strong>\u00a09786090113400<\/li>\n<li><strong>Versijos kodas:<\/strong>\u00a0PT.<\/li>\n<li class=\"toggleable type-new-formats \"><strong>Formatas:<\/strong>\u00a014,3 x 21,3 cm, kieti vir\u0161eliai<\/li>\n<li><strong>Kalba:<\/strong>\u00a0Lietuvi\u0173<\/li>\n<li><strong>Vert\u0117jas:<\/strong>\u00a0R\u016bta Jonynait\u0117<\/li>\n<\/ul>\n","protected":false},"excerpt":{"rendered":"<p>\u201eKavin\u0117 Freak City\u201c\u00a0\u2013 ra\u0161ytojos\u00a0Kathrin Schrocke\u00a0\u017eaismingai ir labai jautriai papasakota ne\u012fprastos meil\u0117s istorija. Meil\u0117s, kuriai ry\u017et\u0173si ne kiekvienas. L\u0117ja gra\u017ei, guvi, energinga \u2013 ir i\u0161 prigimties kur\u010dia. Kart\u0105 i\u0161vyd\u0119s \u0161i\u0105 nenuoram\u0105 garban\u0119 gatv\u0117je, Mika nebegali atsispirti jos \u017eavesiui. Vaikinas net nusprend\u017eia lankyti gest\u0173 kalbos kursus. \u0160eima ir draugai nusiteik\u0119 skepti\u0161kai, netrukus ir j\u012f pat\u012f apninka abejon\u0117s. Mika n\u0117 nenuman\u0117, kad kur\u010di\u0173j\u0173 pasaulis be galo skiriasi nuo to, kuriame gyvena jis pats su draugais. O \u010dia staiga v\u0117l atsiranda Sandra, buvusi draug\u0117, kurios vaikinas iki \u0161iol negali pamir\u0161ti. Vis d\u0117lto jo \u0161irdyje jau \u012fsik\u016br\u0117 L\u0117ja&#8230; Kathrin Schrocke\u00a0yra vokie\u010di\u0173 kilm\u0117s autor\u0117, vis\u0105 gyvenim\u0105 svajojusi ra\u0161yti. I\u0161leidusi kelias knygas paaugliams ji neliko nepasteb\u0117ta. Ra\u0161ytoja \u012fvertinta de\u0161imtimi apdovanojim\u0173 ir jaunimo knyg\u0173 nominacij\u0173. Originalus pavadinimas:\u00a0Freak City Autorius:\u00a0Kathrin Schrocke Leid\u0117jas:\u00a0Alma littera Metai:\u00a02014 Puslapiai:\u00a0240 ISBN:\u00a09786090113400 Versijos kodas:\u00a0PT. Formatas:\u00a014,3 x 21,3 cm, kieti vir\u0161eliai Kalba:\u00a0Lietuvi\u0173 Vert\u0117jas:\u00a0R\u016bta Jonynait\u0117<\/p>\n","protected":false},"featured_media":15816,"comment_status":"open","ping_status":"closed","template":"","meta":{"_acf_changed":false,"site-sidebar-layout":"default","site-content-layout":"","ast-site-content-layout":"default","site-content-style":"default","site-sidebar-style":"default","ast-global-header-display":"","ast-banner-title-visibility":"","ast-main-header-display":"","ast-hfb-above-header-display":"","ast-hfb-below-header-display":"","ast-hfb-mobile-header-display":"","site-post-title":"","ast-breadcrumbs-content":"","ast-featured-img":"","footer-sml-layout":"","ast-disable-related-posts":"","theme-transparent-header-meta":"default","adv-header-id-meta":"","stick-header-meta":"","header-above-stick-meta":"","header-main-stick-meta":"","header-below-stick-meta":"","astra-migrate-meta-layouts":"set","ast-page-background-enabled":"default","ast-page-background-meta":{"desktop":{"background-color":"","background-image":"","background-repeat":"repeat","background-position":"center center","background-size":"auto","background-attachment":"scroll","background-type":"","background-media":"","overlay-type":"","overlay-color":"","overlay-opacity":"","overlay-gradient":""},"tablet":{"background-color":"","background-image":"","background-repeat":"repeat","background-position":"center center","background-size":"auto","background-attachment":"scroll","background-type":"","background-media":"","overlay-type":"","overlay-color":"","overlay-opacity":"","overlay-gradient":""},"mobile":{"background-color":"","background-image":"","background-repeat":"repeat","background-position":"center center","background-size":"auto","background-attachment":"scroll","background-type":"","background-media":"","overlay-type":"","overlay-color":"","overlay-opacity":"","overlay-gradient":""}},"ast-content-background-meta":{"desktop":{"background-color":"var(--ast-global-color-4)","background-image":"","background-repeat":"repeat","background-position":"center center","background-size":"auto","background-attachment":"scroll","background-type":"","background-media":"","overlay-type":"","overlay-color":"","overlay-opacity":"","overlay-gradient":""},"tablet":{"background-color":"var(--ast-global-color-4)","background-image":"","background-repeat":"repeat","background-position":"center center","background-size":"auto","background-attachment":"scroll","background-type":"","background-media":"","overlay-type":"","overlay-color":"","overlay-opacity":"","overlay-gradient":""},"mobile":{"background-color":"var(--ast-global-color-4)","background-image":"","background-repeat":"repeat","background-position":"center center","background-size":"auto","background-attachment":"scroll","background-type":"","background-media":"","overlay-type":"","overlay-color":"","overlay-opacity":"","overlay-gradient":""}}},"product_brand":[],"product_cat":[35,15],"product_tag":[1647,1790,4985,4986,1796,4046,4987,3551],"class_list":{"0":"post-15815","1":"product","2":"type-product","3":"status-publish","4":"has-post-thumbnail","6":"product_cat-vaikams-ir-paaugliams","7":"product_cat-uncategorized","8":"product_tag-draugyste","9":"product_tag-jausmai","10":"product_tag-kathrin-schrocke","11":"product_tag-kurtieji","12":"product_tag-meile","13":"product_tag-paaugliams","14":"product_tag-skirtumai","15":"product_tag-vokieciu-autore","16":"desktop-align-left","17":"tablet-align-left","18":"mobile-align-left","20":"first","21":"instock","22":"shipping-taxable","23":"purchasable","24":"product-type-simple"},"acf":[],"yoast_head":"<!-- This site is optimized with the Yoast SEO plugin v27.4 - https:\/\/yoast.com\/product\/yoast-seo-wordpress\/ -->\n<title>Kavin\u0117 Freak City (d\u0117mel\u0117 apa\u010dioje, kamputyje)<\/title>\n<meta name=\"description\" content=\"\u201eKavin\u0117 Freak City\u201c\u00a0\u2013 ra\u0161ytojos\u00a0Kathrin Schrocke\u00a0\u017eaismingai ir labai jautriai papasakota ne\u012fprastos meil\u0117s istorija. Meil\u0117s, kuriai ry\u017et\u0173si ne kiekvienas.\" \/>\n<meta name=\"robots\" content=\"index, follow, max-snippet:-1, max-image-preview:large, max-video-preview:-1\" \/>\n<link rel=\"canonical\" href=\"https:\/\/skaitytaknyga.lt\/en\/produktas\/kavine-freak-city\/\" \/>\n<meta property=\"og:locale\" content=\"en_GB\" \/>\n<meta property=\"og:locale:alternate\" content=\"lt_LT\" \/>\n<meta property=\"og:type\" content=\"article\" \/>\n<meta property=\"og:title\" content=\"Kavin\u0117 Freak City (d\u0117mel\u0117 apa\u010dioje, kamputyje)\" \/>\n<meta property=\"og:description\" content=\"\u201eKavin\u0117 Freak City\u201c\u00a0\u2013 ra\u0161ytojos\u00a0Kathrin Schrocke\u00a0\u017eaismingai ir labai jautriai papasakota ne\u012fprastos meil\u0117s istorija. Meil\u0117s, kuriai ry\u017et\u0173si ne kiekvienas.\" \/>\n<meta property=\"og:url\" content=\"https:\/\/skaitytaknyga.lt\/en\/produktas\/kavine-freak-city\/\" \/>\n<meta property=\"og:site_name\" content=\"Skaitytaknyga\" \/>\n<meta property=\"article:publisher\" content=\"https:\/\/www.facebook.com\/skaitytaknyga\/\" \/>\n<meta property=\"article:modified_time\" content=\"2025-06-11T07:50:27+00:00\" \/>\n<meta property=\"og:image\" content=\"https:\/\/skaitytaknyga.lt\/wp-content\/uploads\/2025\/01\/Kavine-Freak-City.webp\" \/>\n\t<meta property=\"og:image:width\" content=\"500\" \/>\n\t<meta property=\"og:image:height\" content=\"745\" \/>\n\t<meta property=\"og:image:type\" content=\"image\/webp\" \/>\n<meta name=\"twitter:card\" content=\"summary_large_image\" \/>\n<meta name=\"twitter:label1\" content=\"Estimated reading time\" \/>\n\t<meta name=\"twitter:data1\" content=\"2 minutes\" \/>\n<script type=\"application\/ld+json\" class=\"yoast-schema-graph\">{\"@context\":\"https:\\\/\\\/schema.org\",\"@graph\":[{\"@type\":\"WebPage\",\"@id\":\"https:\\\/\\\/skaitytaknyga.lt\\\/produktas\\\/kavine-freak-city\\\/\",\"url\":\"https:\\\/\\\/skaitytaknyga.lt\\\/produktas\\\/kavine-freak-city\\\/\",\"name\":\"Kavin\u0117 Freak City (d\u0117mel\u0117 apa\u010dioje, kamputyje)\",\"isPartOf\":{\"@id\":\"https:\\\/\\\/skaitytaknyga.lt\\\/#website\"},\"primaryImageOfPage\":{\"@id\":\"https:\\\/\\\/skaitytaknyga.lt\\\/produktas\\\/kavine-freak-city\\\/#primaryimage\"},\"image\":{\"@id\":\"https:\\\/\\\/skaitytaknyga.lt\\\/produktas\\\/kavine-freak-city\\\/#primaryimage\"},\"thumbnailUrl\":\"https:\\\/\\\/skaitytaknyga.lt\\\/wp-content\\\/uploads\\\/2025\\\/01\\\/Kavine-Freak-City.webp\",\"datePublished\":\"2025-01-05T11:49:37+00:00\",\"dateModified\":\"2025-06-11T07:50:27+00:00\",\"description\":\"\u201eKavin\u0117 Freak City\u201c\u00a0\u2013 ra\u0161ytojos\u00a0Kathrin Schrocke\u00a0\u017eaismingai ir labai jautriai papasakota ne\u012fprastos meil\u0117s istorija. Meil\u0117s, kuriai ry\u017et\u0173si ne kiekvienas.\",\"breadcrumb\":{\"@id\":\"https:\\\/\\\/skaitytaknyga.lt\\\/produktas\\\/kavine-freak-city\\\/#breadcrumb\"},\"inLanguage\":\"en-GB\",\"potentialAction\":[{\"@type\":\"ReadAction\",\"target\":[\"https:\\\/\\\/skaitytaknyga.lt\\\/produktas\\\/kavine-freak-city\\\/\"]}]},{\"@type\":\"ImageObject\",\"inLanguage\":\"en-GB\",\"@id\":\"https:\\\/\\\/skaitytaknyga.lt\\\/produktas\\\/kavine-freak-city\\\/#primaryimage\",\"url\":\"https:\\\/\\\/skaitytaknyga.lt\\\/wp-content\\\/uploads\\\/2025\\\/01\\\/Kavine-Freak-City.webp\",\"contentUrl\":\"https:\\\/\\\/skaitytaknyga.lt\\\/wp-content\\\/uploads\\\/2025\\\/01\\\/Kavine-Freak-City.webp\",\"width\":500,\"height\":745,\"caption\":\"Kavin\u0117 Freak City\"},{\"@type\":\"BreadcrumbList\",\"@id\":\"https:\\\/\\\/skaitytaknyga.lt\\\/produktas\\\/kavine-freak-city\\\/#breadcrumb\",\"itemListElement\":[{\"@type\":\"ListItem\",\"position\":1,\"name\":\"Home\",\"item\":\"https:\\\/\\\/skaitytaknyga.lt\\\/\"},{\"@type\":\"ListItem\",\"position\":2,\"name\":\"Parduotuv\u0117\",\"item\":\"https:\\\/\\\/skaitytaknyga.lt\\\/knygu-parduotuve\\\/\"},{\"@type\":\"ListItem\",\"position\":3,\"name\":\"Kavin\u0117 Freak City (d\u0117mel\u0117 apa\u010dioje, kamputyje)\"}]},{\"@type\":\"WebSite\",\"@id\":\"https:\\\/\\\/skaitytaknyga.lt\\\/#website\",\"url\":\"https:\\\/\\\/skaitytaknyga.lt\\\/\",\"name\":\"skaitytaknyga.lt\",\"description\":\"Skaitytaknyga.lt \u2013 tai ma\u017eas \u0161eimos verslas, kuris prasid\u0117jo nuo meil\u0117s knygoms ir siekio i\u0161gelb\u0117ti knygas nuo likimo prie konteinerio. Kas vienam nereikalingas daiktas \u2013 kitam lobis, o mes esame tarpininkai, kurie padeda abiems tapti laimingesniems ???? \u017dinome kaip nelengva i\u0161gyventi ma\u017eiems verslams, tad nuo \u0161iol, \u010dia rasite ir kit\u0173, ma\u017e\u0173 \u0161eim\u0173 versl\u0173, rank\u0173 darbo, dovan\u0173 sau ir artimiesiems.\",\"publisher\":{\"@id\":\"https:\\\/\\\/skaitytaknyga.lt\\\/#organization\"},\"potentialAction\":[{\"@type\":\"SearchAction\",\"target\":{\"@type\":\"EntryPoint\",\"urlTemplate\":\"https:\\\/\\\/skaitytaknyga.lt\\\/?s={search_term_string}\"},\"query-input\":{\"@type\":\"PropertyValueSpecification\",\"valueRequired\":true,\"valueName\":\"search_term_string\"}}],\"inLanguage\":\"en-GB\"},{\"@type\":\"Organization\",\"@id\":\"https:\\\/\\\/skaitytaknyga.lt\\\/#organization\",\"name\":\"skaitytaknyga.lt\",\"url\":\"https:\\\/\\\/skaitytaknyga.lt\\\/\",\"logo\":{\"@type\":\"ImageObject\",\"inLanguage\":\"en-GB\",\"@id\":\"https:\\\/\\\/skaitytaknyga.lt\\\/#\\\/schema\\\/logo\\\/image\\\/\",\"url\":\"https:\\\/\\\/skaitytaknyga.lt\\\/wp-content\\\/uploads\\\/2024\\\/05\\\/cropped-cropped-cropped-02_00843_jt3bggkj1j3HLc7SyY6rEUpg.jpeg\",\"contentUrl\":\"https:\\\/\\\/skaitytaknyga.lt\\\/wp-content\\\/uploads\\\/2024\\\/05\\\/cropped-cropped-cropped-02_00843_jt3bggkj1j3HLc7SyY6rEUpg.jpeg\",\"width\":1600,\"height\":1600,\"caption\":\"skaitytaknyga.lt\"},\"image\":{\"@id\":\"https:\\\/\\\/skaitytaknyga.lt\\\/#\\\/schema\\\/logo\\\/image\\\/\"},\"sameAs\":[\"https:\\\/\\\/www.facebook.com\\\/skaitytaknyga\\\/\"]}]}<\/script>\n<!-- \/ Yoast SEO plugin. -->","yoast_head_json":{"title":"Kavin\u0117 Freak City (d\u0117mel\u0117 apa\u010dioje, kamputyje)","description":"\u201eKavin\u0117 Freak City\u201c\u00a0\u2013 ra\u0161ytojos\u00a0Kathrin Schrocke\u00a0\u017eaismingai ir labai jautriai papasakota ne\u012fprastos meil\u0117s istorija. Meil\u0117s, kuriai ry\u017et\u0173si ne kiekvienas.","robots":{"index":"index","follow":"follow","max-snippet":"max-snippet:-1","max-image-preview":"max-image-preview:large","max-video-preview":"max-video-preview:-1"},"canonical":"https:\/\/skaitytaknyga.lt\/en\/produktas\/kavine-freak-city\/","og_locale":"en_GB","og_type":"article","og_title":"[:lt]Kavin\u0117 Freak City (d\u0117mel\u0117 apa\u010dioje, kamputyje)[:] - Skaitytaknyga","og_description":"\u201eKavin\u0117 Freak City\u201c\u00a0\u2013 ra\u0161ytojos\u00a0Kathrin Schrocke\u00a0\u017eaismingai ir labai jautriai papasakota ne\u012fprastos meil\u0117s istorija. Meil\u0117s, kuriai ry\u017et\u0173si ne kiekvienas.","og_url":"https:\/\/skaitytaknyga.lt\/en\/produktas\/kavine-freak-city\/","og_site_name":"Skaitytaknyga","article_publisher":"https:\/\/www.facebook.com\/skaitytaknyga\/","article_modified_time":"2025-06-11T07:50:27+00:00","og_image":[{"width":500,"height":745,"url":"https:\/\/skaitytaknyga.lt\/wp-content\/uploads\/2025\/01\/Kavine-Freak-City.webp","type":"image\/webp"}],"twitter_card":"summary_large_image","twitter_misc":{"Estimated reading time":"2 minutes"},"schema":{"@context":"https:\/\/schema.org","@graph":[{"@type":"WebPage","@id":"https:\/\/skaitytaknyga.lt\/produktas\/kavine-freak-city\/","url":"https:\/\/skaitytaknyga.lt\/produktas\/kavine-freak-city\/","name":"Kavin\u0117 Freak City (d\u0117mel\u0117 apa\u010dioje, kamputyje)","isPartOf":{"@id":"https:\/\/skaitytaknyga.lt\/#website"},"primaryImageOfPage":{"@id":"https:\/\/skaitytaknyga.lt\/produktas\/kavine-freak-city\/#primaryimage"},"image":{"@id":"https:\/\/skaitytaknyga.lt\/produktas\/kavine-freak-city\/#primaryimage"},"thumbnailUrl":"https:\/\/skaitytaknyga.lt\/wp-content\/uploads\/2025\/01\/Kavine-Freak-City.webp","datePublished":"2025-01-05T11:49:37+00:00","dateModified":"2025-06-11T07:50:27+00:00","description":"\u201eKavin\u0117 Freak City\u201c\u00a0\u2013 ra\u0161ytojos\u00a0Kathrin Schrocke\u00a0\u017eaismingai ir labai jautriai papasakota ne\u012fprastos meil\u0117s istorija. Meil\u0117s, kuriai ry\u017et\u0173si ne kiekvienas.","breadcrumb":{"@id":"https:\/\/skaitytaknyga.lt\/produktas\/kavine-freak-city\/#breadcrumb"},"inLanguage":"en-GB","potentialAction":[{"@type":"ReadAction","target":["https:\/\/skaitytaknyga.lt\/produktas\/kavine-freak-city\/"]}]},{"@type":"ImageObject","inLanguage":"en-GB","@id":"https:\/\/skaitytaknyga.lt\/produktas\/kavine-freak-city\/#primaryimage","url":"https:\/\/skaitytaknyga.lt\/wp-content\/uploads\/2025\/01\/Kavine-Freak-City.webp","contentUrl":"https:\/\/skaitytaknyga.lt\/wp-content\/uploads\/2025\/01\/Kavine-Freak-City.webp","width":500,"height":745,"caption":"Kavin\u0117 Freak City"},{"@type":"BreadcrumbList","@id":"https:\/\/skaitytaknyga.lt\/produktas\/kavine-freak-city\/#breadcrumb","itemListElement":[{"@type":"ListItem","position":1,"name":"Home","item":"https:\/\/skaitytaknyga.lt\/"},{"@type":"ListItem","position":2,"name":"Parduotuv\u0117","item":"https:\/\/skaitytaknyga.lt\/knygu-parduotuve\/"},{"@type":"ListItem","position":3,"name":"Kavin\u0117 Freak City (d\u0117mel\u0117 apa\u010dioje, kamputyje)"}]},{"@type":"WebSite","@id":"https:\/\/skaitytaknyga.lt\/#website","url":"https:\/\/skaitytaknyga.lt\/","name":"skaitytaknyga.lt","description":"Skaitytaknyga.lt \u2013 tai ma\u017eas \u0161eimos verslas, kuris prasid\u0117jo nuo meil\u0117s knygoms ir siekio i\u0161gelb\u0117ti knygas nuo likimo prie konteinerio. Kas vienam nereikalingas daiktas \u2013 kitam lobis, o mes esame tarpininkai, kurie padeda abiems tapti laimingesniems ???? \u017dinome kaip nelengva i\u0161gyventi ma\u017eiems verslams, tad nuo \u0161iol, \u010dia rasite ir kit\u0173, ma\u017e\u0173 \u0161eim\u0173 versl\u0173, rank\u0173 darbo, dovan\u0173 sau ir artimiesiems.","publisher":{"@id":"https:\/\/skaitytaknyga.lt\/#organization"},"potentialAction":[{"@type":"SearchAction","target":{"@type":"EntryPoint","urlTemplate":"https:\/\/skaitytaknyga.lt\/?s={search_term_string}"},"query-input":{"@type":"PropertyValueSpecification","valueRequired":true,"valueName":"search_term_string"}}],"inLanguage":"en-GB"},{"@type":"Organization","@id":"https:\/\/skaitytaknyga.lt\/#organization","name":"skaitytaknyga.lt","url":"https:\/\/skaitytaknyga.lt\/","logo":{"@type":"ImageObject","inLanguage":"en-GB","@id":"https:\/\/skaitytaknyga.lt\/#\/schema\/logo\/image\/","url":"https:\/\/skaitytaknyga.lt\/wp-content\/uploads\/2024\/05\/cropped-cropped-cropped-02_00843_jt3bggkj1j3HLc7SyY6rEUpg.jpeg","contentUrl":"https:\/\/skaitytaknyga.lt\/wp-content\/uploads\/2024\/05\/cropped-cropped-cropped-02_00843_jt3bggkj1j3HLc7SyY6rEUpg.jpeg","width":1600,"height":1600,"caption":"skaitytaknyga.lt"},"image":{"@id":"https:\/\/skaitytaknyga.lt\/#\/schema\/logo\/image\/"},"sameAs":["https:\/\/www.facebook.com\/skaitytaknyga\/"]}]}},"_links":{"self":[{"href":"https:\/\/skaitytaknyga.lt\/en\/wp-json\/wp\/v2\/product\/15815","targetHints":{"allow":["GET"]}}],"collection":[{"href":"https:\/\/skaitytaknyga.lt\/en\/wp-json\/wp\/v2\/product"}],"about":[{"href":"https:\/\/skaitytaknyga.lt\/en\/wp-json\/wp\/v2\/types\/product"}],"replies":[{"embeddable":true,"href":"https:\/\/skaitytaknyga.lt\/en\/wp-json\/wp\/v2\/comments?post=15815"}],"wp:featuredmedia":[{"embeddable":true,"href":"https:\/\/skaitytaknyga.lt\/en\/wp-json\/wp\/v2\/media\/15816"}],"wp:attachment":[{"href":"https:\/\/skaitytaknyga.lt\/en\/wp-json\/wp\/v2\/media?parent=15815"}],"wp:term":[{"taxonomy":"product_brand","embeddable":true,"href":"https:\/\/skaitytaknyga.lt\/en\/wp-json\/wp\/v2\/product_brand?post=15815"},{"taxonomy":"product_cat","embeddable":true,"href":"https:\/\/skaitytaknyga.lt\/en\/wp-json\/wp\/v2\/product_cat?post=15815"},{"taxonomy":"product_tag","embeddable":true,"href":"https:\/\/skaitytaknyga.lt\/en\/wp-json\/wp\/v2\/product_tag?post=15815"}],"curies":[{"name":"wp","href":"https:\/\/api.w.org\/{rel}","templated":true}]}}