{"id":15813,"date":"2025-01-05T13:47:26","date_gmt":"2025-01-05T11:47:26","guid":{"rendered":"https:\/\/skaitytaknyga.lt\/?post_type=product&#038;p=15813"},"modified":"2025-07-23T12:16:59","modified_gmt":"2025-07-23T09:16:59","slug":"vavuseliai-su-zaliais-plaukais","status":"publish","type":"product","link":"https:\/\/skaitytaknyga.lt\/en\/produktas\/vavuseliai-su-zaliais-plaukais\/","title":{"rendered":"Vavu\u0161eliai su \u017ealiais plaukais"},"content":{"rendered":"<div>Kalno gelm\u0117je, dailiai sutvarkytoje oloje, gyvena darni vavu\u0161eli\u0173 \u0161eima. Kas tie vavu\u0161eliai? Jie ma\u017ei ir \u017ealiaplaukiai, bet labai \u012fsi\u017eeid\u017eia pavadinti nyk\u0161tukais. M\u0117gsta marmelad\u0105, ypa\u010d i\u0161 egli\u0173 kankor\u0117\u017ei\u0173.<\/div>\n<div>\n<p>Vien\u0105 dien\u0105 j\u0173 kalnas ima dreb\u0117ti. Kas bus? J\u0173 ramiam gyvenimui ateina galas? Vavu\u0161eli\u0173 vaikai, Vu\u0161elis ir Vi\u0161el\u0117, leid\u017eiasi \u012f kelion\u0119, nor\u0117dami su\u017einoti, kas kalne dedasi. J\u0173 nuotykiai mums gniau\u017eia kvap\u0105&#8230;<\/p>\n<ul class=\"Description-primary-2kF\">\n<li>\n<div class=\"Description-key-2Yw\">Autorius: <span style=\"font-size: 16px;\">Irina Korschunow<\/span><\/div>\n<\/li>\n<li>\n<div class=\"Description-key-2Yw\">Leidykla: Alma littera<\/div>\n<\/li>\n<li>\n<div class=\"Description-key-2Yw\">Vert\u0117jas: Adomas Druktenis<\/div>\n<\/li>\n<li>\n<div class=\"Description-key-2Yw\">Vir\u0161elio tipas: Kietas<\/div>\n<\/li>\n<li>\n<div class=\"Description-key-2Yw\">Puslapi\u0173 skai\u010dius: 144<\/div>\n<\/li>\n<li>\n<div class=\"Description-key-2Yw\">Matmenys: 15&#215;20<\/div>\n<\/li>\n<\/ul>\n<\/div>\n","protected":false},"excerpt":{"rendered":"<p>Kalno gelm\u0117je, dailiai sutvarkytoje oloje, gyvena darni vavu\u0161eli\u0173 \u0161eima. Kas tie vavu\u0161eliai? Jie ma\u017ei ir \u017ealiaplaukiai, bet labai \u012fsi\u017eeid\u017eia pavadinti nyk\u0161tukais. M\u0117gsta marmelad\u0105, ypa\u010d i\u0161 egli\u0173 kankor\u0117\u017ei\u0173. Vien\u0105 dien\u0105 j\u0173 kalnas ima dreb\u0117ti. Kas bus? J\u0173 ramiam gyvenimui ateina galas? Vavu\u0161eli\u0173 vaikai, Vu\u0161elis ir Vi\u0161el\u0117, leid\u017eiasi \u012f kelion\u0119, nor\u0117dami su\u017einoti, kas kalne dedasi. J\u0173 nuotykiai mums gniau\u017eia kvap\u0105&#8230; Autorius: Irina Korschunow Leidykla: Alma littera Vert\u0117jas: Adomas Druktenis Vir\u0161elio tipas: Kietas Puslapi\u0173 skai\u010dius: 144 Matmenys: 15&#215;20<\/p>\n","protected":false},"featured_media":15814,"comment_status":"open","ping_status":"closed","template":"","meta":{"_acf_changed":false,"site-sidebar-layout":"default","site-content-layout":"","ast-site-content-layout":"default","site-content-style":"default","site-sidebar-style":"default","ast-global-header-display":"","ast-banner-title-visibility":"","ast-main-header-display":"","ast-hfb-above-header-display":"","ast-hfb-below-header-display":"","ast-hfb-mobile-header-display":"","site-post-title":"","ast-breadcrumbs-content":"","ast-featured-img":"","footer-sml-layout":"","ast-disable-related-posts":"","theme-transparent-header-meta":"default","adv-header-id-meta":"","stick-header-meta":"","header-above-stick-meta":"","header-main-stick-meta":"","header-below-stick-meta":"","astra-migrate-meta-layouts":"set","ast-page-background-enabled":"default","ast-page-background-meta":{"desktop":{"background-color":"","background-image":"","background-repeat":"repeat","background-position":"center center","background-size":"auto","background-attachment":"scroll","background-type":"","background-media":"","overlay-type":"","overlay-color":"","overlay-opacity":"","overlay-gradient":""},"tablet":{"background-color":"","background-image":"","background-repeat":"repeat","background-position":"center center","background-size":"auto","background-attachment":"scroll","background-type":"","background-media":"","overlay-type":"","overlay-color":"","overlay-opacity":"","overlay-gradient":""},"mobile":{"background-color":"","background-image":"","background-repeat":"repeat","background-position":"center center","background-size":"auto","background-attachment":"scroll","background-type":"","background-media":"","overlay-type":"","overlay-color":"","overlay-opacity":"","overlay-gradient":""}},"ast-content-background-meta":{"desktop":{"background-color":"var(--ast-global-color-4)","background-image":"","background-repeat":"repeat","background-position":"center center","background-size":"auto","background-attachment":"scroll","background-type":"","background-media":"","overlay-type":"","overlay-color":"","overlay-opacity":"","overlay-gradient":""},"tablet":{"background-color":"var(--ast-global-color-4)","background-image":"","background-repeat":"repeat","background-position":"center center","background-size":"auto","background-attachment":"scroll","background-type":"","background-media":"","overlay-type":"","overlay-color":"","overlay-opacity":"","overlay-gradient":""},"mobile":{"background-color":"var(--ast-global-color-4)","background-image":"","background-repeat":"repeat","background-position":"center center","background-size":"auto","background-attachment":"scroll","background-type":"","background-media":"","overlay-type":"","overlay-color":"","overlay-opacity":"","overlay-gradient":""}}},"product_brand":[],"product_cat":[15,35],"product_tag":[],"class_list":{"0":"post-15813","1":"product","2":"type-product","3":"status-publish","4":"has-post-thumbnail","6":"product_cat-uncategorized","7":"product_cat-vaikams-ir-paaugliams","8":"desktop-align-left","9":"tablet-align-left","10":"mobile-align-left","12":"first","13":"instock","14":"shipping-taxable","15":"purchasable","16":"product-type-simple"},"acf":[],"yoast_head":"<!-- This site is optimized with the Yoast SEO plugin v27.0 - https:\/\/yoast.com\/product\/yoast-seo-wordpress\/ -->\n<title>Vavu\u0161eliai su \u017ealiais plaukais<\/title>\n<meta name=\"description\" content=\"Kalno gelm\u0117je, dailiai sutvarkytoje oloje, gyvena darni vavu\u0161eli\u0173 \u0161eima. Kas tie vavu\u0161eliai? Jie ma\u017ei ir \u017ealiaplaukiai, bet labai \u012fsi\u017eeid\u017eia pavadinti\" \/>\n<meta name=\"robots\" content=\"index, follow, max-snippet:-1, max-image-preview:large, max-video-preview:-1\" \/>\n<link rel=\"canonical\" href=\"https:\/\/skaitytaknyga.lt\/en\/produktas\/vavuseliai-su-zaliais-plaukais\/\" \/>\n<meta property=\"og:locale\" content=\"en_GB\" \/>\n<meta property=\"og:locale:alternate\" content=\"lt_LT\" \/>\n<meta property=\"og:type\" content=\"article\" \/>\n<meta property=\"og:title\" content=\"Vavu\u0161eliai su \u017ealiais plaukais\" \/>\n<meta property=\"og:description\" content=\"Kalno gelm\u0117je, dailiai sutvarkytoje oloje, gyvena darni vavu\u0161eli\u0173 \u0161eima. Kas tie vavu\u0161eliai? Jie ma\u017ei ir \u017ealiaplaukiai, bet labai \u012fsi\u017eeid\u017eia pavadinti\" \/>\n<meta property=\"og:url\" content=\"https:\/\/skaitytaknyga.lt\/en\/produktas\/vavuseliai-su-zaliais-plaukais\/\" \/>\n<meta property=\"og:site_name\" content=\"Skaitytaknyga\" \/>\n<meta property=\"article:publisher\" content=\"https:\/\/www.facebook.com\/skaitytaknyga\/\" \/>\n<meta property=\"article:modified_time\" content=\"2025-07-23T09:16:59+00:00\" \/>\n<meta property=\"og:image\" content=\"https:\/\/skaitytaknyga.lt\/wp-content\/uploads\/2025\/01\/Vavuseliai-su-zaliais-plaukais-e1736077740522.jpg\" \/>\n\t<meta property=\"og:image:width\" content=\"549\" \/>\n\t<meta property=\"og:image:height\" content=\"794\" \/>\n\t<meta property=\"og:image:type\" content=\"image\/jpeg\" \/>\n<meta name=\"twitter:card\" content=\"summary_large_image\" \/>\n<meta name=\"twitter:label1\" content=\"Estimated reading time\" \/>\n\t<meta name=\"twitter:data1\" content=\"1 minute\" \/>\n<script type=\"application\/ld+json\" class=\"yoast-schema-graph\">{\"@context\":\"https:\/\/schema.org\",\"@graph\":[{\"@type\":\"WebPage\",\"@id\":\"https:\/\/skaitytaknyga.lt\/produktas\/vavuseliai-su-zaliais-plaukais\/\",\"url\":\"https:\/\/skaitytaknyga.lt\/produktas\/vavuseliai-su-zaliais-plaukais\/\",\"name\":\"Vavu\u0161eliai su \u017ealiais plaukais\",\"isPartOf\":{\"@id\":\"https:\/\/skaitytaknyga.lt\/#website\"},\"primaryImageOfPage\":{\"@id\":\"https:\/\/skaitytaknyga.lt\/produktas\/vavuseliai-su-zaliais-plaukais\/#primaryimage\"},\"image\":{\"@id\":\"https:\/\/skaitytaknyga.lt\/produktas\/vavuseliai-su-zaliais-plaukais\/#primaryimage\"},\"thumbnailUrl\":\"https:\/\/skaitytaknyga.lt\/wp-content\/uploads\/2025\/01\/Vavuseliai-su-zaliais-plaukais-e1736077740522.jpg\",\"datePublished\":\"2025-01-05T11:47:26+00:00\",\"dateModified\":\"2025-07-23T09:16:59+00:00\",\"description\":\"Kalno gelm\u0117je, dailiai sutvarkytoje oloje, gyvena darni vavu\u0161eli\u0173 \u0161eima. Kas tie vavu\u0161eliai? Jie ma\u017ei ir \u017ealiaplaukiai, bet labai \u012fsi\u017eeid\u017eia pavadinti\",\"breadcrumb\":{\"@id\":\"https:\/\/skaitytaknyga.lt\/produktas\/vavuseliai-su-zaliais-plaukais\/#breadcrumb\"},\"inLanguage\":\"en-GB\",\"potentialAction\":[{\"@type\":\"ReadAction\",\"target\":[\"https:\/\/skaitytaknyga.lt\/produktas\/vavuseliai-su-zaliais-plaukais\/\"]}]},{\"@type\":\"ImageObject\",\"inLanguage\":\"en-GB\",\"@id\":\"https:\/\/skaitytaknyga.lt\/produktas\/vavuseliai-su-zaliais-plaukais\/#primaryimage\",\"url\":\"https:\/\/skaitytaknyga.lt\/wp-content\/uploads\/2025\/01\/Vavuseliai-su-zaliais-plaukais-e1736077740522.jpg\",\"contentUrl\":\"https:\/\/skaitytaknyga.lt\/wp-content\/uploads\/2025\/01\/Vavuseliai-su-zaliais-plaukais-e1736077740522.jpg\",\"width\":549,\"height\":794,\"caption\":\"Vavu\u0161eliai su \u017ealiais plaukais\"},{\"@type\":\"BreadcrumbList\",\"@id\":\"https:\/\/skaitytaknyga.lt\/produktas\/vavuseliai-su-zaliais-plaukais\/#breadcrumb\",\"itemListElement\":[{\"@type\":\"ListItem\",\"position\":1,\"name\":\"Home\",\"item\":\"https:\/\/skaitytaknyga.lt\/\"},{\"@type\":\"ListItem\",\"position\":2,\"name\":\"Parduotuv\u0117\",\"item\":\"https:\/\/skaitytaknyga.lt\/knygu-parduotuve\/\"},{\"@type\":\"ListItem\",\"position\":3,\"name\":\"Vavu\u0161eliai su \u017ealiais plaukais\"}]},{\"@type\":\"WebSite\",\"@id\":\"https:\/\/skaitytaknyga.lt\/#website\",\"url\":\"https:\/\/skaitytaknyga.lt\/\",\"name\":\"skaitytaknyga.lt\",\"description\":\"Skaitytaknyga.lt \u2013 tai ma\u017eas \u0161eimos verslas, kuris prasid\u0117jo nuo meil\u0117s knygoms ir siekio i\u0161gelb\u0117ti knygas nuo likimo prie konteinerio. Kas vienam nereikalingas daiktas \u2013 kitam lobis, o mes esame tarpininkai, kurie padeda abiems tapti laimingesniems ???? \u017dinome kaip nelengva i\u0161gyventi ma\u017eiems verslams, tad nuo \u0161iol, \u010dia rasite ir kit\u0173, ma\u017e\u0173 \u0161eim\u0173 versl\u0173, rank\u0173 darbo, dovan\u0173 sau ir artimiesiems.\",\"publisher\":{\"@id\":\"https:\/\/skaitytaknyga.lt\/#organization\"},\"potentialAction\":[{\"@type\":\"SearchAction\",\"target\":{\"@type\":\"EntryPoint\",\"urlTemplate\":\"https:\/\/skaitytaknyga.lt\/?s={search_term_string}\"},\"query-input\":{\"@type\":\"PropertyValueSpecification\",\"valueRequired\":true,\"valueName\":\"search_term_string\"}}],\"inLanguage\":\"en-GB\"},{\"@type\":\"Organization\",\"@id\":\"https:\/\/skaitytaknyga.lt\/#organization\",\"name\":\"skaitytaknyga.lt\",\"url\":\"https:\/\/skaitytaknyga.lt\/\",\"logo\":{\"@type\":\"ImageObject\",\"inLanguage\":\"en-GB\",\"@id\":\"https:\/\/skaitytaknyga.lt\/#\/schema\/logo\/image\/\",\"url\":\"https:\/\/skaitytaknyga.lt\/wp-content\/uploads\/2024\/05\/cropped-cropped-cropped-02_00843_jt3bggkj1j3HLc7SyY6rEUpg.jpeg\",\"contentUrl\":\"https:\/\/skaitytaknyga.lt\/wp-content\/uploads\/2024\/05\/cropped-cropped-cropped-02_00843_jt3bggkj1j3HLc7SyY6rEUpg.jpeg\",\"width\":1600,\"height\":1600,\"caption\":\"skaitytaknyga.lt\"},\"image\":{\"@id\":\"https:\/\/skaitytaknyga.lt\/#\/schema\/logo\/image\/\"},\"sameAs\":[\"https:\/\/www.facebook.com\/skaitytaknyga\/\"]}]}<\/script>\n<!-- \/ Yoast SEO plugin. -->","yoast_head_json":{"title":"Vavu\u0161eliai su \u017ealiais plaukais","description":"Kalno gelm\u0117je, dailiai sutvarkytoje oloje, gyvena darni vavu\u0161eli\u0173 \u0161eima. Kas tie vavu\u0161eliai? Jie ma\u017ei ir \u017ealiaplaukiai, bet labai \u012fsi\u017eeid\u017eia pavadinti","robots":{"index":"index","follow":"follow","max-snippet":"max-snippet:-1","max-image-preview":"max-image-preview:large","max-video-preview":"max-video-preview:-1"},"canonical":"https:\/\/skaitytaknyga.lt\/en\/produktas\/vavuseliai-su-zaliais-plaukais\/","og_locale":"en_GB","og_type":"article","og_title":"[:lt]Vavu\u0161eliai su \u017ealiais plaukais[:] - Skaitytaknyga","og_description":"Kalno gelm\u0117je, dailiai sutvarkytoje oloje, gyvena darni vavu\u0161eli\u0173 \u0161eima. Kas tie vavu\u0161eliai? Jie ma\u017ei ir \u017ealiaplaukiai, bet labai \u012fsi\u017eeid\u017eia pavadinti","og_url":"https:\/\/skaitytaknyga.lt\/en\/produktas\/vavuseliai-su-zaliais-plaukais\/","og_site_name":"Skaitytaknyga","article_publisher":"https:\/\/www.facebook.com\/skaitytaknyga\/","article_modified_time":"2025-07-23T09:16:59+00:00","og_image":[{"width":549,"height":794,"url":"https:\/\/skaitytaknyga.lt\/wp-content\/uploads\/2025\/01\/Vavuseliai-su-zaliais-plaukais-e1736077740522.jpg","type":"image\/jpeg"}],"twitter_card":"summary_large_image","twitter_misc":{"Estimated reading time":"1 minute"},"schema":{"@context":"https:\/\/schema.org","@graph":[{"@type":"WebPage","@id":"https:\/\/skaitytaknyga.lt\/produktas\/vavuseliai-su-zaliais-plaukais\/","url":"https:\/\/skaitytaknyga.lt\/produktas\/vavuseliai-su-zaliais-plaukais\/","name":"Vavu\u0161eliai su \u017ealiais plaukais","isPartOf":{"@id":"https:\/\/skaitytaknyga.lt\/#website"},"primaryImageOfPage":{"@id":"https:\/\/skaitytaknyga.lt\/produktas\/vavuseliai-su-zaliais-plaukais\/#primaryimage"},"image":{"@id":"https:\/\/skaitytaknyga.lt\/produktas\/vavuseliai-su-zaliais-plaukais\/#primaryimage"},"thumbnailUrl":"https:\/\/skaitytaknyga.lt\/wp-content\/uploads\/2025\/01\/Vavuseliai-su-zaliais-plaukais-e1736077740522.jpg","datePublished":"2025-01-05T11:47:26+00:00","dateModified":"2025-07-23T09:16:59+00:00","description":"Kalno gelm\u0117je, dailiai sutvarkytoje oloje, gyvena darni vavu\u0161eli\u0173 \u0161eima. Kas tie vavu\u0161eliai? Jie ma\u017ei ir \u017ealiaplaukiai, bet labai \u012fsi\u017eeid\u017eia pavadinti","breadcrumb":{"@id":"https:\/\/skaitytaknyga.lt\/produktas\/vavuseliai-su-zaliais-plaukais\/#breadcrumb"},"inLanguage":"en-GB","potentialAction":[{"@type":"ReadAction","target":["https:\/\/skaitytaknyga.lt\/produktas\/vavuseliai-su-zaliais-plaukais\/"]}]},{"@type":"ImageObject","inLanguage":"en-GB","@id":"https:\/\/skaitytaknyga.lt\/produktas\/vavuseliai-su-zaliais-plaukais\/#primaryimage","url":"https:\/\/skaitytaknyga.lt\/wp-content\/uploads\/2025\/01\/Vavuseliai-su-zaliais-plaukais-e1736077740522.jpg","contentUrl":"https:\/\/skaitytaknyga.lt\/wp-content\/uploads\/2025\/01\/Vavuseliai-su-zaliais-plaukais-e1736077740522.jpg","width":549,"height":794,"caption":"Vavu\u0161eliai su \u017ealiais plaukais"},{"@type":"BreadcrumbList","@id":"https:\/\/skaitytaknyga.lt\/produktas\/vavuseliai-su-zaliais-plaukais\/#breadcrumb","itemListElement":[{"@type":"ListItem","position":1,"name":"Home","item":"https:\/\/skaitytaknyga.lt\/"},{"@type":"ListItem","position":2,"name":"Parduotuv\u0117","item":"https:\/\/skaitytaknyga.lt\/knygu-parduotuve\/"},{"@type":"ListItem","position":3,"name":"Vavu\u0161eliai su \u017ealiais plaukais"}]},{"@type":"WebSite","@id":"https:\/\/skaitytaknyga.lt\/#website","url":"https:\/\/skaitytaknyga.lt\/","name":"skaitytaknyga.lt","description":"Skaitytaknyga.lt \u2013 tai ma\u017eas \u0161eimos verslas, kuris prasid\u0117jo nuo meil\u0117s knygoms ir siekio i\u0161gelb\u0117ti knygas nuo likimo prie konteinerio. Kas vienam nereikalingas daiktas \u2013 kitam lobis, o mes esame tarpininkai, kurie padeda abiems tapti laimingesniems ???? \u017dinome kaip nelengva i\u0161gyventi ma\u017eiems verslams, tad nuo \u0161iol, \u010dia rasite ir kit\u0173, ma\u017e\u0173 \u0161eim\u0173 versl\u0173, rank\u0173 darbo, dovan\u0173 sau ir artimiesiems.","publisher":{"@id":"https:\/\/skaitytaknyga.lt\/#organization"},"potentialAction":[{"@type":"SearchAction","target":{"@type":"EntryPoint","urlTemplate":"https:\/\/skaitytaknyga.lt\/?s={search_term_string}"},"query-input":{"@type":"PropertyValueSpecification","valueRequired":true,"valueName":"search_term_string"}}],"inLanguage":"en-GB"},{"@type":"Organization","@id":"https:\/\/skaitytaknyga.lt\/#organization","name":"skaitytaknyga.lt","url":"https:\/\/skaitytaknyga.lt\/","logo":{"@type":"ImageObject","inLanguage":"en-GB","@id":"https:\/\/skaitytaknyga.lt\/#\/schema\/logo\/image\/","url":"https:\/\/skaitytaknyga.lt\/wp-content\/uploads\/2024\/05\/cropped-cropped-cropped-02_00843_jt3bggkj1j3HLc7SyY6rEUpg.jpeg","contentUrl":"https:\/\/skaitytaknyga.lt\/wp-content\/uploads\/2024\/05\/cropped-cropped-cropped-02_00843_jt3bggkj1j3HLc7SyY6rEUpg.jpeg","width":1600,"height":1600,"caption":"skaitytaknyga.lt"},"image":{"@id":"https:\/\/skaitytaknyga.lt\/#\/schema\/logo\/image\/"},"sameAs":["https:\/\/www.facebook.com\/skaitytaknyga\/"]}]}},"_links":{"self":[{"href":"https:\/\/skaitytaknyga.lt\/en\/wp-json\/wp\/v2\/product\/15813","targetHints":{"allow":["GET"]}}],"collection":[{"href":"https:\/\/skaitytaknyga.lt\/en\/wp-json\/wp\/v2\/product"}],"about":[{"href":"https:\/\/skaitytaknyga.lt\/en\/wp-json\/wp\/v2\/types\/product"}],"replies":[{"embeddable":true,"href":"https:\/\/skaitytaknyga.lt\/en\/wp-json\/wp\/v2\/comments?post=15813"}],"wp:featuredmedia":[{"embeddable":true,"href":"https:\/\/skaitytaknyga.lt\/en\/wp-json\/wp\/v2\/media\/15814"}],"wp:attachment":[{"href":"https:\/\/skaitytaknyga.lt\/en\/wp-json\/wp\/v2\/media?parent=15813"}],"wp:term":[{"taxonomy":"product_brand","embeddable":true,"href":"https:\/\/skaitytaknyga.lt\/en\/wp-json\/wp\/v2\/product_brand?post=15813"},{"taxonomy":"product_cat","embeddable":true,"href":"https:\/\/skaitytaknyga.lt\/en\/wp-json\/wp\/v2\/product_cat?post=15813"},{"taxonomy":"product_tag","embeddable":true,"href":"https:\/\/skaitytaknyga.lt\/en\/wp-json\/wp\/v2\/product_tag?post=15813"}],"curies":[{"name":"wp","href":"https:\/\/api.w.org\/{rel}","templated":true}]}}