{"id":15805,"date":"2025-01-05T13:19:16","date_gmt":"2025-01-05T11:19:16","guid":{"rendered":"https:\/\/skaitytaknyga.lt\/?post_type=product&#038;p=15805"},"modified":"2025-01-05T13:20:28","modified_gmt":"2025-01-05T11:20:28","slug":"urvuose-ir-olose","status":"publish","type":"product","link":"https:\/\/skaitytaknyga.lt\/en\/produktas\/urvuose-ir-olose\/","title":{"rendered":"Urvuose ir olose (viduje kiek paklijuota)"},"content":{"rendered":"<p>Ar \u017einojote, kad rudosios lap\u0117s labai netvarkingos, o barsukai taip m\u0117gsta \u0161var\u0105, kad net \u012fsirengia smeninius tualetus? Ir kad \u0161ie gyv\u016bnai \u2013 kaimynai, da\u017enai \u012fsitaisantys tame pa\u010diame guolyje? Sunku patik\u0117ti?<\/p>\n<p>Eime ap\u017ei\u016br\u0117ti paslapting\u0173 b\u016bst\u0173 \u2013 juos rasime po kelmais ir nukirstais med\u017eiais. Pasieksime po\u017eeminius labirintus ir pamatysime linksm\u0105 triu\u0161i\u0173 \u0161eim\u0105, miegan\u010dius lokius ir i\u0161dykusius ma\u017euosius \u0161ermuon\u0117lius.<\/p>\n<p>\u0160ioje gra\u017eiai iliustruotoje enciklopedijoje rasite daug \u012fdomi\u0173 smulkmen\u0173 apie gyv\u016bn\u0173 karalyst\u0119. Pavyzd\u017eiui, kad \u0161iurpusis grizlis i\u0161 tolo lenkiasi vieno nedidelio gyv\u016bn\u0117lio&#8230;<\/p>\n<ul class=\"about-product d-none d-xl-block mt-4\">\n<li><strong>Originalus pavadinimas:<\/strong>\u00a0IN THE BURROWS AND DENS<\/li>\n<li><strong>Autorius:<\/strong>\u00a0Mark\u00e9ta \u0160pa\u010dkov\u00e1<\/li>\n<li><strong>Leid\u0117jas:<\/strong>\u00a0Nieko rimto<\/li>\n<li><strong>Metai:<\/strong>\u00a02018<\/li>\n<li><strong>Puslapiai:<\/strong>\u00a024<\/li>\n<li class=\"toggleable type-new-formats \"><strong>ISBN:<\/strong>\u00a09786094415210<\/li>\n<li><strong>Versijos kodas:<\/strong>\u00a0PT.<\/li>\n<li class=\"toggleable type-new-formats \"><strong>Formatas:<\/strong>\u00a025,7 x 25,8 x 1,7 cm, kieti vir\u0161eliai<\/li>\n<li><strong>Kalba:<\/strong>\u00a0Lietuvi\u0173<\/li>\n<li><strong>Vert\u0117jas:<\/strong>\u00a0Saulen\u0117 I\u0161ganaityt\u0117<\/li>\n<\/ul>\n","protected":false},"excerpt":{"rendered":"<p>Ar \u017einojote, kad rudosios lap\u0117s labai netvarkingos, o barsukai taip m\u0117gsta \u0161var\u0105, kad net \u012fsirengia smeninius tualetus? Ir kad \u0161ie gyv\u016bnai \u2013 kaimynai, da\u017enai \u012fsitaisantys tame pa\u010diame guolyje? Sunku patik\u0117ti? Eime ap\u017ei\u016br\u0117ti paslapting\u0173 b\u016bst\u0173 \u2013 juos rasime po kelmais ir nukirstais med\u017eiais. Pasieksime po\u017eeminius labirintus ir pamatysime linksm\u0105 triu\u0161i\u0173 \u0161eim\u0105, miegan\u010dius lokius ir i\u0161dykusius ma\u017euosius \u0161ermuon\u0117lius. \u0160ioje gra\u017eiai iliustruotoje enciklopedijoje rasite daug \u012fdomi\u0173 smulkmen\u0173 apie gyv\u016bn\u0173 karalyst\u0119. Pavyzd\u017eiui, kad \u0161iurpusis grizlis i\u0161 tolo lenkiasi vieno nedidelio gyv\u016bn\u0117lio&#8230; Originalus pavadinimas:\u00a0IN THE BURROWS AND DENS Autorius:\u00a0Mark\u00e9ta \u0160pa\u010dkov\u00e1 Leid\u0117jas:\u00a0Nieko rimto Metai:\u00a02018 Puslapiai:\u00a024 ISBN:\u00a09786094415210 Versijos kodas:\u00a0PT. Formatas:\u00a025,7 x 25,8 x 1,7 cm, kieti vir\u0161eliai Kalba:\u00a0Lietuvi\u0173 Vert\u0117jas:\u00a0Saulen\u0117 I\u0161ganaityt\u0117<\/p>\n","protected":false},"featured_media":15806,"comment_status":"open","ping_status":"closed","template":"","meta":{"_acf_changed":false,"site-sidebar-layout":"default","site-content-layout":"","ast-site-content-layout":"default","site-content-style":"default","site-sidebar-style":"default","ast-global-header-display":"","ast-banner-title-visibility":"","ast-main-header-display":"","ast-hfb-above-header-display":"","ast-hfb-below-header-display":"","ast-hfb-mobile-header-display":"","site-post-title":"","ast-breadcrumbs-content":"","ast-featured-img":"","footer-sml-layout":"","ast-disable-related-posts":"","theme-transparent-header-meta":"default","adv-header-id-meta":"","stick-header-meta":"","header-above-stick-meta":"","header-main-stick-meta":"","header-below-stick-meta":"","astra-migrate-meta-layouts":"set","ast-page-background-enabled":"default","ast-page-background-meta":{"desktop":{"background-color":"","background-image":"","background-repeat":"repeat","background-position":"center center","background-size":"auto","background-attachment":"scroll","background-type":"","background-media":"","overlay-type":"","overlay-color":"","overlay-opacity":"","overlay-gradient":""},"tablet":{"background-color":"","background-image":"","background-repeat":"repeat","background-position":"center center","background-size":"auto","background-attachment":"scroll","background-type":"","background-media":"","overlay-type":"","overlay-color":"","overlay-opacity":"","overlay-gradient":""},"mobile":{"background-color":"","background-image":"","background-repeat":"repeat","background-position":"center center","background-size":"auto","background-attachment":"scroll","background-type":"","background-media":"","overlay-type":"","overlay-color":"","overlay-opacity":"","overlay-gradient":""}},"ast-content-background-meta":{"desktop":{"background-color":"var(--ast-global-color-4)","background-image":"","background-repeat":"repeat","background-position":"center center","background-size":"auto","background-attachment":"scroll","background-type":"","background-media":"","overlay-type":"","overlay-color":"","overlay-opacity":"","overlay-gradient":""},"tablet":{"background-color":"var(--ast-global-color-4)","background-image":"","background-repeat":"repeat","background-position":"center center","background-size":"auto","background-attachment":"scroll","background-type":"","background-media":"","overlay-type":"","overlay-color":"","overlay-opacity":"","overlay-gradient":""},"mobile":{"background-color":"var(--ast-global-color-4)","background-image":"","background-repeat":"repeat","background-position":"center center","background-size":"auto","background-attachment":"scroll","background-type":"","background-media":"","overlay-type":"","overlay-color":"","overlay-opacity":"","overlay-gradient":""}}},"product_brand":[],"product_cat":[15,35],"product_tag":[],"class_list":{"0":"post-15805","1":"product","2":"type-product","3":"status-publish","4":"has-post-thumbnail","6":"product_cat-uncategorized","7":"product_cat-vaikams-ir-paaugliams","8":"desktop-align-left","9":"tablet-align-left","10":"mobile-align-left","12":"first","13":"instock","14":"shipping-taxable","15":"purchasable","16":"product-type-simple"},"acf":[],"yoast_head":"<!-- This site is optimized with the Yoast SEO plugin v27.0 - https:\/\/yoast.com\/product\/yoast-seo-wordpress\/ -->\n<title>Urvuose ir olose (viduje kiek paklijuota)<\/title>\n<meta name=\"description\" content=\"Ar \u017einojote, kad rudosios lap\u0117s labai netvarkingos, o barsukai taip m\u0117gsta \u0161var\u0105, kad net \u012fsirengia smeninius tualetus? Ir kad \u0161ie gyv\u016bnai \u2013 kaimynai,\" \/>\n<meta name=\"robots\" content=\"index, follow, max-snippet:-1, max-image-preview:large, max-video-preview:-1\" \/>\n<link rel=\"canonical\" href=\"https:\/\/skaitytaknyga.lt\/en\/produktas\/urvuose-ir-olose\/\" \/>\n<meta property=\"og:locale\" content=\"en_GB\" \/>\n<meta property=\"og:locale:alternate\" content=\"lt_LT\" \/>\n<meta property=\"og:type\" content=\"article\" \/>\n<meta property=\"og:title\" content=\"Urvuose ir olose (viduje kiek paklijuota)\" \/>\n<meta property=\"og:description\" content=\"Ar \u017einojote, kad rudosios lap\u0117s labai netvarkingos, o barsukai taip m\u0117gsta \u0161var\u0105, kad net \u012fsirengia smeninius tualetus? Ir kad \u0161ie gyv\u016bnai \u2013 kaimynai,\" \/>\n<meta property=\"og:url\" content=\"https:\/\/skaitytaknyga.lt\/en\/produktas\/urvuose-ir-olose\/\" \/>\n<meta property=\"og:site_name\" content=\"Skaitytaknyga\" \/>\n<meta property=\"article:publisher\" content=\"https:\/\/www.facebook.com\/skaitytaknyga\/\" \/>\n<meta property=\"article:modified_time\" content=\"2025-01-05T11:20:28+00:00\" \/>\n<meta property=\"og:image\" content=\"https:\/\/skaitytaknyga.lt\/wp-content\/uploads\/2025\/01\/Urvuose-ir-olose.webp\" \/>\n\t<meta property=\"og:image:width\" content=\"793\" \/>\n\t<meta property=\"og:image:height\" content=\"800\" \/>\n\t<meta property=\"og:image:type\" content=\"image\/webp\" \/>\n<meta name=\"twitter:card\" content=\"summary_large_image\" \/>\n<meta name=\"twitter:label1\" content=\"Estimated reading time\" \/>\n\t<meta name=\"twitter:data1\" content=\"1 minute\" \/>\n<script type=\"application\/ld+json\" class=\"yoast-schema-graph\">{\"@context\":\"https:\/\/schema.org\",\"@graph\":[{\"@type\":\"WebPage\",\"@id\":\"https:\/\/skaitytaknyga.lt\/produktas\/urvuose-ir-olose\/\",\"url\":\"https:\/\/skaitytaknyga.lt\/produktas\/urvuose-ir-olose\/\",\"name\":\"Urvuose ir olose (viduje kiek paklijuota)\",\"isPartOf\":{\"@id\":\"https:\/\/skaitytaknyga.lt\/#website\"},\"primaryImageOfPage\":{\"@id\":\"https:\/\/skaitytaknyga.lt\/produktas\/urvuose-ir-olose\/#primaryimage\"},\"image\":{\"@id\":\"https:\/\/skaitytaknyga.lt\/produktas\/urvuose-ir-olose\/#primaryimage\"},\"thumbnailUrl\":\"https:\/\/skaitytaknyga.lt\/wp-content\/uploads\/2025\/01\/Urvuose-ir-olose.webp\",\"datePublished\":\"2025-01-05T11:19:16+00:00\",\"dateModified\":\"2025-01-05T11:20:28+00:00\",\"description\":\"Ar \u017einojote, kad rudosios lap\u0117s labai netvarkingos, o barsukai taip m\u0117gsta \u0161var\u0105, kad net \u012fsirengia smeninius tualetus? Ir kad \u0161ie gyv\u016bnai \u2013 kaimynai,\",\"breadcrumb\":{\"@id\":\"https:\/\/skaitytaknyga.lt\/produktas\/urvuose-ir-olose\/#breadcrumb\"},\"inLanguage\":\"en-GB\",\"potentialAction\":[{\"@type\":\"ReadAction\",\"target\":[\"https:\/\/skaitytaknyga.lt\/produktas\/urvuose-ir-olose\/\"]}]},{\"@type\":\"ImageObject\",\"inLanguage\":\"en-GB\",\"@id\":\"https:\/\/skaitytaknyga.lt\/produktas\/urvuose-ir-olose\/#primaryimage\",\"url\":\"https:\/\/skaitytaknyga.lt\/wp-content\/uploads\/2025\/01\/Urvuose-ir-olose.webp\",\"contentUrl\":\"https:\/\/skaitytaknyga.lt\/wp-content\/uploads\/2025\/01\/Urvuose-ir-olose.webp\",\"width\":793,\"height\":800,\"caption\":\"Urvuose ir olose\"},{\"@type\":\"BreadcrumbList\",\"@id\":\"https:\/\/skaitytaknyga.lt\/produktas\/urvuose-ir-olose\/#breadcrumb\",\"itemListElement\":[{\"@type\":\"ListItem\",\"position\":1,\"name\":\"Home\",\"item\":\"https:\/\/skaitytaknyga.lt\/\"},{\"@type\":\"ListItem\",\"position\":2,\"name\":\"Parduotuv\u0117\",\"item\":\"https:\/\/skaitytaknyga.lt\/knygu-parduotuve\/\"},{\"@type\":\"ListItem\",\"position\":3,\"name\":\"Urvuose ir olose (viduje kiek paklijuota)\"}]},{\"@type\":\"WebSite\",\"@id\":\"https:\/\/skaitytaknyga.lt\/#website\",\"url\":\"https:\/\/skaitytaknyga.lt\/\",\"name\":\"skaitytaknyga.lt\",\"description\":\"Skaitytaknyga.lt \u2013 tai ma\u017eas \u0161eimos verslas, kuris prasid\u0117jo nuo meil\u0117s knygoms ir siekio i\u0161gelb\u0117ti knygas nuo likimo prie konteinerio. Kas vienam nereikalingas daiktas \u2013 kitam lobis, o mes esame tarpininkai, kurie padeda abiems tapti laimingesniems ???? \u017dinome kaip nelengva i\u0161gyventi ma\u017eiems verslams, tad nuo \u0161iol, \u010dia rasite ir kit\u0173, ma\u017e\u0173 \u0161eim\u0173 versl\u0173, rank\u0173 darbo, dovan\u0173 sau ir artimiesiems.\",\"publisher\":{\"@id\":\"https:\/\/skaitytaknyga.lt\/#organization\"},\"potentialAction\":[{\"@type\":\"SearchAction\",\"target\":{\"@type\":\"EntryPoint\",\"urlTemplate\":\"https:\/\/skaitytaknyga.lt\/?s={search_term_string}\"},\"query-input\":{\"@type\":\"PropertyValueSpecification\",\"valueRequired\":true,\"valueName\":\"search_term_string\"}}],\"inLanguage\":\"en-GB\"},{\"@type\":\"Organization\",\"@id\":\"https:\/\/skaitytaknyga.lt\/#organization\",\"name\":\"skaitytaknyga.lt\",\"url\":\"https:\/\/skaitytaknyga.lt\/\",\"logo\":{\"@type\":\"ImageObject\",\"inLanguage\":\"en-GB\",\"@id\":\"https:\/\/skaitytaknyga.lt\/#\/schema\/logo\/image\/\",\"url\":\"https:\/\/skaitytaknyga.lt\/wp-content\/uploads\/2024\/05\/cropped-cropped-cropped-02_00843_jt3bggkj1j3HLc7SyY6rEUpg.jpeg\",\"contentUrl\":\"https:\/\/skaitytaknyga.lt\/wp-content\/uploads\/2024\/05\/cropped-cropped-cropped-02_00843_jt3bggkj1j3HLc7SyY6rEUpg.jpeg\",\"width\":1600,\"height\":1600,\"caption\":\"skaitytaknyga.lt\"},\"image\":{\"@id\":\"https:\/\/skaitytaknyga.lt\/#\/schema\/logo\/image\/\"},\"sameAs\":[\"https:\/\/www.facebook.com\/skaitytaknyga\/\"]}]}<\/script>\n<!-- \/ Yoast SEO plugin. -->","yoast_head_json":{"title":"Urvuose ir olose (viduje kiek paklijuota)","description":"Ar \u017einojote, kad rudosios lap\u0117s labai netvarkingos, o barsukai taip m\u0117gsta \u0161var\u0105, kad net \u012fsirengia smeninius tualetus? Ir kad \u0161ie gyv\u016bnai \u2013 kaimynai,","robots":{"index":"index","follow":"follow","max-snippet":"max-snippet:-1","max-image-preview":"max-image-preview:large","max-video-preview":"max-video-preview:-1"},"canonical":"https:\/\/skaitytaknyga.lt\/en\/produktas\/urvuose-ir-olose\/","og_locale":"en_GB","og_type":"article","og_title":"[:lt]Urvuose ir olose (viduje kiek paklijuota)[:] - Skaitytaknyga","og_description":"Ar \u017einojote, kad rudosios lap\u0117s labai netvarkingos, o barsukai taip m\u0117gsta \u0161var\u0105, kad net \u012fsirengia smeninius tualetus? Ir kad \u0161ie gyv\u016bnai \u2013 kaimynai,","og_url":"https:\/\/skaitytaknyga.lt\/en\/produktas\/urvuose-ir-olose\/","og_site_name":"Skaitytaknyga","article_publisher":"https:\/\/www.facebook.com\/skaitytaknyga\/","article_modified_time":"2025-01-05T11:20:28+00:00","og_image":[{"width":793,"height":800,"url":"https:\/\/skaitytaknyga.lt\/wp-content\/uploads\/2025\/01\/Urvuose-ir-olose.webp","type":"image\/webp"}],"twitter_card":"summary_large_image","twitter_misc":{"Estimated reading time":"1 minute"},"schema":{"@context":"https:\/\/schema.org","@graph":[{"@type":"WebPage","@id":"https:\/\/skaitytaknyga.lt\/produktas\/urvuose-ir-olose\/","url":"https:\/\/skaitytaknyga.lt\/produktas\/urvuose-ir-olose\/","name":"Urvuose ir olose (viduje kiek paklijuota)","isPartOf":{"@id":"https:\/\/skaitytaknyga.lt\/#website"},"primaryImageOfPage":{"@id":"https:\/\/skaitytaknyga.lt\/produktas\/urvuose-ir-olose\/#primaryimage"},"image":{"@id":"https:\/\/skaitytaknyga.lt\/produktas\/urvuose-ir-olose\/#primaryimage"},"thumbnailUrl":"https:\/\/skaitytaknyga.lt\/wp-content\/uploads\/2025\/01\/Urvuose-ir-olose.webp","datePublished":"2025-01-05T11:19:16+00:00","dateModified":"2025-01-05T11:20:28+00:00","description":"Ar \u017einojote, kad rudosios lap\u0117s labai netvarkingos, o barsukai taip m\u0117gsta \u0161var\u0105, kad net \u012fsirengia smeninius tualetus? Ir kad \u0161ie gyv\u016bnai \u2013 kaimynai,","breadcrumb":{"@id":"https:\/\/skaitytaknyga.lt\/produktas\/urvuose-ir-olose\/#breadcrumb"},"inLanguage":"en-GB","potentialAction":[{"@type":"ReadAction","target":["https:\/\/skaitytaknyga.lt\/produktas\/urvuose-ir-olose\/"]}]},{"@type":"ImageObject","inLanguage":"en-GB","@id":"https:\/\/skaitytaknyga.lt\/produktas\/urvuose-ir-olose\/#primaryimage","url":"https:\/\/skaitytaknyga.lt\/wp-content\/uploads\/2025\/01\/Urvuose-ir-olose.webp","contentUrl":"https:\/\/skaitytaknyga.lt\/wp-content\/uploads\/2025\/01\/Urvuose-ir-olose.webp","width":793,"height":800,"caption":"Urvuose ir olose"},{"@type":"BreadcrumbList","@id":"https:\/\/skaitytaknyga.lt\/produktas\/urvuose-ir-olose\/#breadcrumb","itemListElement":[{"@type":"ListItem","position":1,"name":"Home","item":"https:\/\/skaitytaknyga.lt\/"},{"@type":"ListItem","position":2,"name":"Parduotuv\u0117","item":"https:\/\/skaitytaknyga.lt\/knygu-parduotuve\/"},{"@type":"ListItem","position":3,"name":"Urvuose ir olose (viduje kiek paklijuota)"}]},{"@type":"WebSite","@id":"https:\/\/skaitytaknyga.lt\/#website","url":"https:\/\/skaitytaknyga.lt\/","name":"skaitytaknyga.lt","description":"Skaitytaknyga.lt \u2013 tai ma\u017eas \u0161eimos verslas, kuris prasid\u0117jo nuo meil\u0117s knygoms ir siekio i\u0161gelb\u0117ti knygas nuo likimo prie konteinerio. Kas vienam nereikalingas daiktas \u2013 kitam lobis, o mes esame tarpininkai, kurie padeda abiems tapti laimingesniems ???? \u017dinome kaip nelengva i\u0161gyventi ma\u017eiems verslams, tad nuo \u0161iol, \u010dia rasite ir kit\u0173, ma\u017e\u0173 \u0161eim\u0173 versl\u0173, rank\u0173 darbo, dovan\u0173 sau ir artimiesiems.","publisher":{"@id":"https:\/\/skaitytaknyga.lt\/#organization"},"potentialAction":[{"@type":"SearchAction","target":{"@type":"EntryPoint","urlTemplate":"https:\/\/skaitytaknyga.lt\/?s={search_term_string}"},"query-input":{"@type":"PropertyValueSpecification","valueRequired":true,"valueName":"search_term_string"}}],"inLanguage":"en-GB"},{"@type":"Organization","@id":"https:\/\/skaitytaknyga.lt\/#organization","name":"skaitytaknyga.lt","url":"https:\/\/skaitytaknyga.lt\/","logo":{"@type":"ImageObject","inLanguage":"en-GB","@id":"https:\/\/skaitytaknyga.lt\/#\/schema\/logo\/image\/","url":"https:\/\/skaitytaknyga.lt\/wp-content\/uploads\/2024\/05\/cropped-cropped-cropped-02_00843_jt3bggkj1j3HLc7SyY6rEUpg.jpeg","contentUrl":"https:\/\/skaitytaknyga.lt\/wp-content\/uploads\/2024\/05\/cropped-cropped-cropped-02_00843_jt3bggkj1j3HLc7SyY6rEUpg.jpeg","width":1600,"height":1600,"caption":"skaitytaknyga.lt"},"image":{"@id":"https:\/\/skaitytaknyga.lt\/#\/schema\/logo\/image\/"},"sameAs":["https:\/\/www.facebook.com\/skaitytaknyga\/"]}]}},"_links":{"self":[{"href":"https:\/\/skaitytaknyga.lt\/en\/wp-json\/wp\/v2\/product\/15805","targetHints":{"allow":["GET"]}}],"collection":[{"href":"https:\/\/skaitytaknyga.lt\/en\/wp-json\/wp\/v2\/product"}],"about":[{"href":"https:\/\/skaitytaknyga.lt\/en\/wp-json\/wp\/v2\/types\/product"}],"replies":[{"embeddable":true,"href":"https:\/\/skaitytaknyga.lt\/en\/wp-json\/wp\/v2\/comments?post=15805"}],"wp:featuredmedia":[{"embeddable":true,"href":"https:\/\/skaitytaknyga.lt\/en\/wp-json\/wp\/v2\/media\/15806"}],"wp:attachment":[{"href":"https:\/\/skaitytaknyga.lt\/en\/wp-json\/wp\/v2\/media?parent=15805"}],"wp:term":[{"taxonomy":"product_brand","embeddable":true,"href":"https:\/\/skaitytaknyga.lt\/en\/wp-json\/wp\/v2\/product_brand?post=15805"},{"taxonomy":"product_cat","embeddable":true,"href":"https:\/\/skaitytaknyga.lt\/en\/wp-json\/wp\/v2\/product_cat?post=15805"},{"taxonomy":"product_tag","embeddable":true,"href":"https:\/\/skaitytaknyga.lt\/en\/wp-json\/wp\/v2\/product_tag?post=15805"}],"curies":[{"name":"wp","href":"https:\/\/api.w.org\/{rel}","templated":true}]}}