{"id":15803,"date":"2025-01-05T13:17:15","date_gmt":"2025-01-05T11:17:15","guid":{"rendered":"https:\/\/skaitytaknyga.lt\/?post_type=product&#038;p=15803"},"modified":"2025-03-20T20:28:50","modified_gmt":"2025-03-20T18:28:50","slug":"ieskomas-knygu-vagis-triusis-ralfis","status":"publish","type":"product","link":"https:\/\/skaitytaknyga.lt\/en\/produktas\/ieskomas-knygu-vagis-triusis-ralfis\/","title":{"rendered":"IE\u0160KOMAS knyg\u0173 vagis &#8211; triu\u0161is Ralfis"},"content":{"rendered":"<p><strong>\u201eIE\u0160KOMAS knyg\u0173 vagis \u2013 triu\u0161is Ralfis&#8221;<\/strong>\u00a0\u2013 tai pasakojimas apie triu\u0161\u012f Ralf\u012f, kuris, kaip ir visi triu\u0161iai, m\u0117gsta morkas ir kop\u016bstus. Ta\u010diau jis turi ir vien\u0105 i\u0161skirtin\u0119 silpnyb\u0119 \u2013 u\u017e visk\u0105 labiausiai jis dievina&#8230; knygas! Jam patinka skaityti visk\u0105: nuotaikingus pasakojimus, romanus, komiksus ir net recept\u0173 knygas. Ta\u010diau vien\u0105 dien\u0105, perskait\u0119s visas savo knygas, Ralfis pradeda sli\u016bkinti \u012f kit\u0173 \u017emoni\u0173 namus, skaityti j\u0173 knygas ir net jas vogti! Ar pavyks sustabdyti Ralfio knyg\u0173 vagystes i\u0161siai\u0161kinsite perskait\u0119 \u0161\u012f intriguojant\u012f pasakojim\u0105. O galb\u016bt ir patys leisit\u0117s ie\u0161koti Ralfio?<\/p>\n<ul class=\"about-product d-none d-xl-block mt-4\">\n<li><strong>Autorius:<\/strong>\u00a0Emily MacKenzie<\/li>\n<li><strong>Leid\u0117jas:<\/strong>\u00a0Debes\u0173 ganyklos<\/li>\n<li><strong>Metai:<\/strong>\u00a02016<\/li>\n<li><strong>Puslapiai:<\/strong>\u00a032<\/li>\n<li class=\"toggleable type-new-formats \"><strong>ISBN:<\/strong>\u00a09786098090956<\/li>\n<li><strong>Versijos kodas:<\/strong>\u00a0PT.<\/li>\n<li class=\"toggleable type-new-formats \"><strong>Formatas:<\/strong>\u00a025 x 25 x 0,7 cm, kieti vir\u0161eliai<\/li>\n<li><strong>Kalba:<\/strong>\u00a0Lietuvi\u0173<\/li>\n<\/ul>\n<p>&nbsp;<\/p>\n","protected":false},"excerpt":{"rendered":"<p>\u201eIE\u0160KOMAS knyg\u0173 vagis \u2013 triu\u0161is Ralfis&#8221;\u00a0\u2013 tai pasakojimas apie triu\u0161\u012f Ralf\u012f, kuris, kaip ir visi triu\u0161iai, m\u0117gsta morkas ir kop\u016bstus. Ta\u010diau jis turi ir vien\u0105 i\u0161skirtin\u0119 silpnyb\u0119 \u2013 u\u017e visk\u0105 labiausiai jis dievina&#8230; knygas! Jam patinka skaityti visk\u0105: nuotaikingus pasakojimus, romanus, komiksus ir net recept\u0173 knygas. Ta\u010diau vien\u0105 dien\u0105, perskait\u0119s visas savo knygas, Ralfis pradeda sli\u016bkinti \u012f kit\u0173 \u017emoni\u0173 namus, skaityti j\u0173 knygas ir net jas vogti! Ar pavyks sustabdyti Ralfio knyg\u0173 vagystes i\u0161siai\u0161kinsite perskait\u0119 \u0161\u012f intriguojant\u012f pasakojim\u0105. O galb\u016bt ir patys leisit\u0117s ie\u0161koti Ralfio? Autorius:\u00a0Emily MacKenzie Leid\u0117jas:\u00a0Debes\u0173 ganyklos Metai:\u00a02016 Puslapiai:\u00a032 ISBN:\u00a09786098090956 Versijos kodas:\u00a0PT. Formatas:\u00a025 x 25 x 0,7 cm, kieti vir\u0161eliai Kalba:\u00a0Lietuvi\u0173 &nbsp;<\/p>\n","protected":false},"featured_media":15804,"comment_status":"open","ping_status":"closed","template":"","meta":{"_acf_changed":false,"site-sidebar-layout":"default","site-content-layout":"","ast-site-content-layout":"default","site-content-style":"default","site-sidebar-style":"default","ast-global-header-display":"","ast-banner-title-visibility":"","ast-main-header-display":"","ast-hfb-above-header-display":"","ast-hfb-below-header-display":"","ast-hfb-mobile-header-display":"","site-post-title":"","ast-breadcrumbs-content":"","ast-featured-img":"","footer-sml-layout":"","ast-disable-related-posts":"","theme-transparent-header-meta":"default","adv-header-id-meta":"","stick-header-meta":"","header-above-stick-meta":"","header-main-stick-meta":"","header-below-stick-meta":"","astra-migrate-meta-layouts":"set","ast-page-background-enabled":"default","ast-page-background-meta":{"desktop":{"background-color":"","background-image":"","background-repeat":"repeat","background-position":"center center","background-size":"auto","background-attachment":"scroll","background-type":"","background-media":"","overlay-type":"","overlay-color":"","overlay-opacity":"","overlay-gradient":""},"tablet":{"background-color":"","background-image":"","background-repeat":"repeat","background-position":"center center","background-size":"auto","background-attachment":"scroll","background-type":"","background-media":"","overlay-type":"","overlay-color":"","overlay-opacity":"","overlay-gradient":""},"mobile":{"background-color":"","background-image":"","background-repeat":"repeat","background-position":"center center","background-size":"auto","background-attachment":"scroll","background-type":"","background-media":"","overlay-type":"","overlay-color":"","overlay-opacity":"","overlay-gradient":""}},"ast-content-background-meta":{"desktop":{"background-color":"var(--ast-global-color-4)","background-image":"","background-repeat":"repeat","background-position":"center center","background-size":"auto","background-attachment":"scroll","background-type":"","background-media":"","overlay-type":"","overlay-color":"","overlay-opacity":"","overlay-gradient":""},"tablet":{"background-color":"var(--ast-global-color-4)","background-image":"","background-repeat":"repeat","background-position":"center center","background-size":"auto","background-attachment":"scroll","background-type":"","background-media":"","overlay-type":"","overlay-color":"","overlay-opacity":"","overlay-gradient":""},"mobile":{"background-color":"var(--ast-global-color-4)","background-image":"","background-repeat":"repeat","background-position":"center center","background-size":"auto","background-attachment":"scroll","background-type":"","background-media":"","overlay-type":"","overlay-color":"","overlay-opacity":"","overlay-gradient":""}}},"product_brand":[],"product_cat":[15,35],"product_tag":[],"class_list":{"0":"post-15803","1":"product","2":"type-product","3":"status-publish","4":"has-post-thumbnail","6":"product_cat-uncategorized","7":"product_cat-vaikams-ir-paaugliams","8":"desktop-align-left","9":"tablet-align-left","10":"mobile-align-left","12":"first","13":"outofstock","14":"shipping-taxable","15":"purchasable","16":"product-type-simple"},"acf":[],"yoast_head":"<!-- This site is optimized with the Yoast SEO plugin v27.0 - https:\/\/yoast.com\/product\/yoast-seo-wordpress\/ -->\n<title>IE\u0160KOMAS knyg\u0173 vagis - triu\u0161is Ralfis<\/title>\n<meta name=\"description\" content=\"\u201eIE\u0160KOMAS knyg\u0173 vagis \u2013 triu\u0161is Ralfis&quot;\u00a0\u2013 tai pasakojimas apie triu\u0161\u012f Ralf\u012f, kuris, kaip ir visi triu\u0161iai, m\u0117gsta morkas ir kop\u016bstus. Ta\u010diau jis turi ir\" \/>\n<meta name=\"robots\" content=\"index, follow, max-snippet:-1, max-image-preview:large, max-video-preview:-1\" \/>\n<link rel=\"canonical\" href=\"https:\/\/skaitytaknyga.lt\/en\/produktas\/ieskomas-knygu-vagis-triusis-ralfis\/\" \/>\n<meta property=\"og:locale\" content=\"en_GB\" \/>\n<meta property=\"og:locale:alternate\" content=\"lt_LT\" \/>\n<meta property=\"og:type\" content=\"article\" \/>\n<meta property=\"og:title\" content=\"IE\u0160KOMAS knyg\u0173 vagis - triu\u0161is Ralfis\" \/>\n<meta property=\"og:description\" content=\"\u201eIE\u0160KOMAS knyg\u0173 vagis \u2013 triu\u0161is Ralfis&quot;\u00a0\u2013 tai pasakojimas apie triu\u0161\u012f Ralf\u012f, kuris, kaip ir visi triu\u0161iai, m\u0117gsta morkas ir kop\u016bstus. Ta\u010diau jis turi ir\" \/>\n<meta property=\"og:url\" content=\"https:\/\/skaitytaknyga.lt\/en\/produktas\/ieskomas-knygu-vagis-triusis-ralfis\/\" \/>\n<meta property=\"og:site_name\" content=\"Skaitytaknyga\" \/>\n<meta property=\"article:publisher\" content=\"https:\/\/www.facebook.com\/skaitytaknyga\/\" \/>\n<meta property=\"article:modified_time\" content=\"2025-03-20T18:28:50+00:00\" \/>\n<meta property=\"og:image\" content=\"https:\/\/skaitytaknyga.lt\/wp-content\/uploads\/2025\/01\/IESKOMAS-knygu-vagis-triusis-Ralfis-e1736075892660.webp\" \/>\n\t<meta property=\"og:image:width\" content=\"327\" \/>\n\t<meta property=\"og:image:height\" content=\"336\" \/>\n\t<meta property=\"og:image:type\" content=\"image\/webp\" \/>\n<meta name=\"twitter:card\" content=\"summary_large_image\" \/>\n<meta name=\"twitter:label1\" content=\"Estimated reading time\" \/>\n\t<meta name=\"twitter:data1\" content=\"1 minute\" \/>\n<script type=\"application\/ld+json\" class=\"yoast-schema-graph\">{\"@context\":\"https:\/\/schema.org\",\"@graph\":[{\"@type\":\"WebPage\",\"@id\":\"https:\/\/skaitytaknyga.lt\/produktas\/ieskomas-knygu-vagis-triusis-ralfis\/\",\"url\":\"https:\/\/skaitytaknyga.lt\/produktas\/ieskomas-knygu-vagis-triusis-ralfis\/\",\"name\":\"IE\u0160KOMAS knyg\u0173 vagis - triu\u0161is Ralfis\",\"isPartOf\":{\"@id\":\"https:\/\/skaitytaknyga.lt\/#website\"},\"primaryImageOfPage\":{\"@id\":\"https:\/\/skaitytaknyga.lt\/produktas\/ieskomas-knygu-vagis-triusis-ralfis\/#primaryimage\"},\"image\":{\"@id\":\"https:\/\/skaitytaknyga.lt\/produktas\/ieskomas-knygu-vagis-triusis-ralfis\/#primaryimage\"},\"thumbnailUrl\":\"https:\/\/skaitytaknyga.lt\/wp-content\/uploads\/2025\/01\/IESKOMAS-knygu-vagis-triusis-Ralfis-e1736075892660.webp\",\"datePublished\":\"2025-01-05T11:17:15+00:00\",\"dateModified\":\"2025-03-20T18:28:50+00:00\",\"description\":\"\u201eIE\u0160KOMAS knyg\u0173 vagis \u2013 triu\u0161is Ralfis\\\"\u00a0\u2013 tai pasakojimas apie triu\u0161\u012f Ralf\u012f, kuris, kaip ir visi triu\u0161iai, m\u0117gsta morkas ir kop\u016bstus. Ta\u010diau jis turi ir\",\"breadcrumb\":{\"@id\":\"https:\/\/skaitytaknyga.lt\/produktas\/ieskomas-knygu-vagis-triusis-ralfis\/#breadcrumb\"},\"inLanguage\":\"en-GB\",\"potentialAction\":[{\"@type\":\"ReadAction\",\"target\":[\"https:\/\/skaitytaknyga.lt\/produktas\/ieskomas-knygu-vagis-triusis-ralfis\/\"]}]},{\"@type\":\"ImageObject\",\"inLanguage\":\"en-GB\",\"@id\":\"https:\/\/skaitytaknyga.lt\/produktas\/ieskomas-knygu-vagis-triusis-ralfis\/#primaryimage\",\"url\":\"https:\/\/skaitytaknyga.lt\/wp-content\/uploads\/2025\/01\/IESKOMAS-knygu-vagis-triusis-Ralfis-e1736075892660.webp\",\"contentUrl\":\"https:\/\/skaitytaknyga.lt\/wp-content\/uploads\/2025\/01\/IESKOMAS-knygu-vagis-triusis-Ralfis-e1736075892660.webp\",\"width\":327,\"height\":336,\"caption\":\"IE\u0160KOMAS knyg\u0173 vagis \u2013 triu\u0161is Ralfis\"},{\"@type\":\"BreadcrumbList\",\"@id\":\"https:\/\/skaitytaknyga.lt\/produktas\/ieskomas-knygu-vagis-triusis-ralfis\/#breadcrumb\",\"itemListElement\":[{\"@type\":\"ListItem\",\"position\":1,\"name\":\"Home\",\"item\":\"https:\/\/skaitytaknyga.lt\/\"},{\"@type\":\"ListItem\",\"position\":2,\"name\":\"Parduotuv\u0117\",\"item\":\"https:\/\/skaitytaknyga.lt\/knygu-parduotuve\/\"},{\"@type\":\"ListItem\",\"position\":3,\"name\":\"IE\u0160KOMAS knyg\u0173 vagis &#8211; triu\u0161is Ralfis\"}]},{\"@type\":\"WebSite\",\"@id\":\"https:\/\/skaitytaknyga.lt\/#website\",\"url\":\"https:\/\/skaitytaknyga.lt\/\",\"name\":\"skaitytaknyga.lt\",\"description\":\"Skaitytaknyga.lt \u2013 tai ma\u017eas \u0161eimos verslas, kuris prasid\u0117jo nuo meil\u0117s knygoms ir siekio i\u0161gelb\u0117ti knygas nuo likimo prie konteinerio. Kas vienam nereikalingas daiktas \u2013 kitam lobis, o mes esame tarpininkai, kurie padeda abiems tapti laimingesniems ???? \u017dinome kaip nelengva i\u0161gyventi ma\u017eiems verslams, tad nuo \u0161iol, \u010dia rasite ir kit\u0173, ma\u017e\u0173 \u0161eim\u0173 versl\u0173, rank\u0173 darbo, dovan\u0173 sau ir artimiesiems.\",\"publisher\":{\"@id\":\"https:\/\/skaitytaknyga.lt\/#organization\"},\"potentialAction\":[{\"@type\":\"SearchAction\",\"target\":{\"@type\":\"EntryPoint\",\"urlTemplate\":\"https:\/\/skaitytaknyga.lt\/?s={search_term_string}\"},\"query-input\":{\"@type\":\"PropertyValueSpecification\",\"valueRequired\":true,\"valueName\":\"search_term_string\"}}],\"inLanguage\":\"en-GB\"},{\"@type\":\"Organization\",\"@id\":\"https:\/\/skaitytaknyga.lt\/#organization\",\"name\":\"skaitytaknyga.lt\",\"url\":\"https:\/\/skaitytaknyga.lt\/\",\"logo\":{\"@type\":\"ImageObject\",\"inLanguage\":\"en-GB\",\"@id\":\"https:\/\/skaitytaknyga.lt\/#\/schema\/logo\/image\/\",\"url\":\"https:\/\/skaitytaknyga.lt\/wp-content\/uploads\/2024\/05\/cropped-cropped-cropped-02_00843_jt3bggkj1j3HLc7SyY6rEUpg.jpeg\",\"contentUrl\":\"https:\/\/skaitytaknyga.lt\/wp-content\/uploads\/2024\/05\/cropped-cropped-cropped-02_00843_jt3bggkj1j3HLc7SyY6rEUpg.jpeg\",\"width\":1600,\"height\":1600,\"caption\":\"skaitytaknyga.lt\"},\"image\":{\"@id\":\"https:\/\/skaitytaknyga.lt\/#\/schema\/logo\/image\/\"},\"sameAs\":[\"https:\/\/www.facebook.com\/skaitytaknyga\/\"]}]}<\/script>\n<!-- \/ Yoast SEO plugin. -->","yoast_head_json":{"title":"IE\u0160KOMAS knyg\u0173 vagis - triu\u0161is Ralfis","description":"\u201eIE\u0160KOMAS knyg\u0173 vagis \u2013 triu\u0161is Ralfis\"\u00a0\u2013 tai pasakojimas apie triu\u0161\u012f Ralf\u012f, kuris, kaip ir visi triu\u0161iai, m\u0117gsta morkas ir kop\u016bstus. Ta\u010diau jis turi ir","robots":{"index":"index","follow":"follow","max-snippet":"max-snippet:-1","max-image-preview":"max-image-preview:large","max-video-preview":"max-video-preview:-1"},"canonical":"https:\/\/skaitytaknyga.lt\/en\/produktas\/ieskomas-knygu-vagis-triusis-ralfis\/","og_locale":"en_GB","og_type":"article","og_title":"[:lt]IE\u0160KOMAS knyg\u0173 vagis - triu\u0161is Ralfis[:] - Skaitytaknyga","og_description":"\u201eIE\u0160KOMAS knyg\u0173 vagis \u2013 triu\u0161is Ralfis\"\u00a0\u2013 tai pasakojimas apie triu\u0161\u012f Ralf\u012f, kuris, kaip ir visi triu\u0161iai, m\u0117gsta morkas ir kop\u016bstus. Ta\u010diau jis turi ir","og_url":"https:\/\/skaitytaknyga.lt\/en\/produktas\/ieskomas-knygu-vagis-triusis-ralfis\/","og_site_name":"Skaitytaknyga","article_publisher":"https:\/\/www.facebook.com\/skaitytaknyga\/","article_modified_time":"2025-03-20T18:28:50+00:00","og_image":[{"width":327,"height":336,"url":"https:\/\/skaitytaknyga.lt\/wp-content\/uploads\/2025\/01\/IESKOMAS-knygu-vagis-triusis-Ralfis-e1736075892660.webp","type":"image\/webp"}],"twitter_card":"summary_large_image","twitter_misc":{"Estimated reading time":"1 minute"},"schema":{"@context":"https:\/\/schema.org","@graph":[{"@type":"WebPage","@id":"https:\/\/skaitytaknyga.lt\/produktas\/ieskomas-knygu-vagis-triusis-ralfis\/","url":"https:\/\/skaitytaknyga.lt\/produktas\/ieskomas-knygu-vagis-triusis-ralfis\/","name":"IE\u0160KOMAS knyg\u0173 vagis - triu\u0161is Ralfis","isPartOf":{"@id":"https:\/\/skaitytaknyga.lt\/#website"},"primaryImageOfPage":{"@id":"https:\/\/skaitytaknyga.lt\/produktas\/ieskomas-knygu-vagis-triusis-ralfis\/#primaryimage"},"image":{"@id":"https:\/\/skaitytaknyga.lt\/produktas\/ieskomas-knygu-vagis-triusis-ralfis\/#primaryimage"},"thumbnailUrl":"https:\/\/skaitytaknyga.lt\/wp-content\/uploads\/2025\/01\/IESKOMAS-knygu-vagis-triusis-Ralfis-e1736075892660.webp","datePublished":"2025-01-05T11:17:15+00:00","dateModified":"2025-03-20T18:28:50+00:00","description":"\u201eIE\u0160KOMAS knyg\u0173 vagis \u2013 triu\u0161is Ralfis\"\u00a0\u2013 tai pasakojimas apie triu\u0161\u012f Ralf\u012f, kuris, kaip ir visi triu\u0161iai, m\u0117gsta morkas ir kop\u016bstus. Ta\u010diau jis turi ir","breadcrumb":{"@id":"https:\/\/skaitytaknyga.lt\/produktas\/ieskomas-knygu-vagis-triusis-ralfis\/#breadcrumb"},"inLanguage":"en-GB","potentialAction":[{"@type":"ReadAction","target":["https:\/\/skaitytaknyga.lt\/produktas\/ieskomas-knygu-vagis-triusis-ralfis\/"]}]},{"@type":"ImageObject","inLanguage":"en-GB","@id":"https:\/\/skaitytaknyga.lt\/produktas\/ieskomas-knygu-vagis-triusis-ralfis\/#primaryimage","url":"https:\/\/skaitytaknyga.lt\/wp-content\/uploads\/2025\/01\/IESKOMAS-knygu-vagis-triusis-Ralfis-e1736075892660.webp","contentUrl":"https:\/\/skaitytaknyga.lt\/wp-content\/uploads\/2025\/01\/IESKOMAS-knygu-vagis-triusis-Ralfis-e1736075892660.webp","width":327,"height":336,"caption":"IE\u0160KOMAS knyg\u0173 vagis \u2013 triu\u0161is Ralfis"},{"@type":"BreadcrumbList","@id":"https:\/\/skaitytaknyga.lt\/produktas\/ieskomas-knygu-vagis-triusis-ralfis\/#breadcrumb","itemListElement":[{"@type":"ListItem","position":1,"name":"Home","item":"https:\/\/skaitytaknyga.lt\/"},{"@type":"ListItem","position":2,"name":"Parduotuv\u0117","item":"https:\/\/skaitytaknyga.lt\/knygu-parduotuve\/"},{"@type":"ListItem","position":3,"name":"IE\u0160KOMAS knyg\u0173 vagis &#8211; triu\u0161is Ralfis"}]},{"@type":"WebSite","@id":"https:\/\/skaitytaknyga.lt\/#website","url":"https:\/\/skaitytaknyga.lt\/","name":"skaitytaknyga.lt","description":"Skaitytaknyga.lt \u2013 tai ma\u017eas \u0161eimos verslas, kuris prasid\u0117jo nuo meil\u0117s knygoms ir siekio i\u0161gelb\u0117ti knygas nuo likimo prie konteinerio. Kas vienam nereikalingas daiktas \u2013 kitam lobis, o mes esame tarpininkai, kurie padeda abiems tapti laimingesniems ???? \u017dinome kaip nelengva i\u0161gyventi ma\u017eiems verslams, tad nuo \u0161iol, \u010dia rasite ir kit\u0173, ma\u017e\u0173 \u0161eim\u0173 versl\u0173, rank\u0173 darbo, dovan\u0173 sau ir artimiesiems.","publisher":{"@id":"https:\/\/skaitytaknyga.lt\/#organization"},"potentialAction":[{"@type":"SearchAction","target":{"@type":"EntryPoint","urlTemplate":"https:\/\/skaitytaknyga.lt\/?s={search_term_string}"},"query-input":{"@type":"PropertyValueSpecification","valueRequired":true,"valueName":"search_term_string"}}],"inLanguage":"en-GB"},{"@type":"Organization","@id":"https:\/\/skaitytaknyga.lt\/#organization","name":"skaitytaknyga.lt","url":"https:\/\/skaitytaknyga.lt\/","logo":{"@type":"ImageObject","inLanguage":"en-GB","@id":"https:\/\/skaitytaknyga.lt\/#\/schema\/logo\/image\/","url":"https:\/\/skaitytaknyga.lt\/wp-content\/uploads\/2024\/05\/cropped-cropped-cropped-02_00843_jt3bggkj1j3HLc7SyY6rEUpg.jpeg","contentUrl":"https:\/\/skaitytaknyga.lt\/wp-content\/uploads\/2024\/05\/cropped-cropped-cropped-02_00843_jt3bggkj1j3HLc7SyY6rEUpg.jpeg","width":1600,"height":1600,"caption":"skaitytaknyga.lt"},"image":{"@id":"https:\/\/skaitytaknyga.lt\/#\/schema\/logo\/image\/"},"sameAs":["https:\/\/www.facebook.com\/skaitytaknyga\/"]}]}},"_links":{"self":[{"href":"https:\/\/skaitytaknyga.lt\/en\/wp-json\/wp\/v2\/product\/15803","targetHints":{"allow":["GET"]}}],"collection":[{"href":"https:\/\/skaitytaknyga.lt\/en\/wp-json\/wp\/v2\/product"}],"about":[{"href":"https:\/\/skaitytaknyga.lt\/en\/wp-json\/wp\/v2\/types\/product"}],"replies":[{"embeddable":true,"href":"https:\/\/skaitytaknyga.lt\/en\/wp-json\/wp\/v2\/comments?post=15803"}],"wp:featuredmedia":[{"embeddable":true,"href":"https:\/\/skaitytaknyga.lt\/en\/wp-json\/wp\/v2\/media\/15804"}],"wp:attachment":[{"href":"https:\/\/skaitytaknyga.lt\/en\/wp-json\/wp\/v2\/media?parent=15803"}],"wp:term":[{"taxonomy":"product_brand","embeddable":true,"href":"https:\/\/skaitytaknyga.lt\/en\/wp-json\/wp\/v2\/product_brand?post=15803"},{"taxonomy":"product_cat","embeddable":true,"href":"https:\/\/skaitytaknyga.lt\/en\/wp-json\/wp\/v2\/product_cat?post=15803"},{"taxonomy":"product_tag","embeddable":true,"href":"https:\/\/skaitytaknyga.lt\/en\/wp-json\/wp\/v2\/product_tag?post=15803"}],"curies":[{"name":"wp","href":"https:\/\/api.w.org\/{rel}","templated":true}]}}