{"id":15801,"date":"2025-01-05T13:15:22","date_gmt":"2025-01-05T11:15:22","guid":{"rendered":"https:\/\/skaitytaknyga.lt\/?post_type=product&#038;p=15801"},"modified":"2025-01-09T21:50:33","modified_gmt":"2025-01-09T19:50:33","slug":"ikyrus-triusiukai","status":"publish","type":"product","link":"https:\/\/skaitytaknyga.lt\/en\/produktas\/ikyrus-triusiukai\/","title":{"rendered":"\u012ekyr\u016bs triu\u0161iukai"},"content":{"rendered":"<p><strong>\u201e\u012ekyr\u016bs triu\u0161iukai&#8221;<\/strong>\u00a0\u2013 tai pasakojimas apie me\u0161kin\u0105, kuris vis\u0105 laik\u0105 vienui vienas gyveno mi\u0161k\u0173 gl\u016bdumoje. Ir gyventi vienam jam labai patiko. Ta\u010diau vien\u0105 dien\u0105 me\u0161kino kaimynyst\u0117je apsigyveno triu\u0161iuk\u0173 \u0161eimyna. Ir nuo tada, kai pasigirdo pirmasis \u201eTuk tuk!&#8221; \u012f me\u0161kino namelio duris, viskas apsivert\u0117 auk\u0161tyn kojomis. Su\u017einokite, kaip \u012fkyr\u016bs, ta\u010diau be galo mieli triu\u0161iukai pakeit\u0117 me\u0161kino gyvenim\u0105!<\/p>\n<p><strong>\u201e\u012ekyr\u016bs triu\u0161iukai&#8221;<\/strong>\u00a0\u2013 tai istorija apie draugyst\u0119 ir did\u017eiul\u012f d\u017eiaugsm\u0105 atradus tikrus draugus!<\/p>\n<ul class=\"about-product d-none d-xl-block mt-4\">\n<li><strong>Originalus pavadinimas:<\/strong>\u00a0Those Pesky Rabbits<\/li>\n<li><strong>Autorius:<\/strong>\u00a0Ciara Flood<\/li>\n<li><strong>Leid\u0117jas:<\/strong>\u00a0Debes\u0173 ganyklos<\/li>\n<li><strong>Metai:<\/strong>\u00a02016<\/li>\n<li><strong>Puslapiai:<\/strong>\u00a034<\/li>\n<li class=\"toggleable type-new-formats \"><strong>ISBN:<\/strong>\u00a09786094730023<\/li>\n<li><strong>Versijos kodas:<\/strong>\u00a0PT.<\/li>\n<li class=\"toggleable type-new-formats \"><strong>Formatas:<\/strong>\u00a021,8 x 27,4 x 1 cm, kieti vir\u0161eliai<\/li>\n<li><strong>Kalba:<\/strong>\u00a0Lietuvi\u0173<\/li>\n<li><strong>Vert\u0117jas:<\/strong>\u00a0Viktorija Poderskyt\u0117<\/li>\n<\/ul>\n","protected":false},"excerpt":{"rendered":"<p>\u201e\u012ekyr\u016bs triu\u0161iukai&#8221;\u00a0\u2013 tai pasakojimas apie me\u0161kin\u0105, kuris vis\u0105 laik\u0105 vienui vienas gyveno mi\u0161k\u0173 gl\u016bdumoje. Ir gyventi vienam jam labai patiko. Ta\u010diau vien\u0105 dien\u0105 me\u0161kino kaimynyst\u0117je apsigyveno triu\u0161iuk\u0173 \u0161eimyna. Ir nuo tada, kai pasigirdo pirmasis \u201eTuk tuk!&#8221; \u012f me\u0161kino namelio duris, viskas apsivert\u0117 auk\u0161tyn kojomis. Su\u017einokite, kaip \u012fkyr\u016bs, ta\u010diau be galo mieli triu\u0161iukai pakeit\u0117 me\u0161kino gyvenim\u0105! \u201e\u012ekyr\u016bs triu\u0161iukai&#8221;\u00a0\u2013 tai istorija apie draugyst\u0119 ir did\u017eiul\u012f d\u017eiaugsm\u0105 atradus tikrus draugus! Originalus pavadinimas:\u00a0Those Pesky Rabbits Autorius:\u00a0Ciara Flood Leid\u0117jas:\u00a0Debes\u0173 ganyklos Metai:\u00a02016 Puslapiai:\u00a034 ISBN:\u00a09786094730023 Versijos kodas:\u00a0PT. Formatas:\u00a021,8 x 27,4 x 1 cm, kieti vir\u0161eliai Kalba:\u00a0Lietuvi\u0173 Vert\u0117jas:\u00a0Viktorija Poderskyt\u0117<\/p>\n","protected":false},"featured_media":15802,"comment_status":"open","ping_status":"closed","template":"","meta":{"_acf_changed":false,"site-sidebar-layout":"default","site-content-layout":"","ast-site-content-layout":"default","site-content-style":"default","site-sidebar-style":"default","ast-global-header-display":"","ast-banner-title-visibility":"","ast-main-header-display":"","ast-hfb-above-header-display":"","ast-hfb-below-header-display":"","ast-hfb-mobile-header-display":"","site-post-title":"","ast-breadcrumbs-content":"","ast-featured-img":"","footer-sml-layout":"","ast-disable-related-posts":"","theme-transparent-header-meta":"default","adv-header-id-meta":"","stick-header-meta":"","header-above-stick-meta":"","header-main-stick-meta":"","header-below-stick-meta":"","astra-migrate-meta-layouts":"set","ast-page-background-enabled":"default","ast-page-background-meta":{"desktop":{"background-color":"","background-image":"","background-repeat":"repeat","background-position":"center center","background-size":"auto","background-attachment":"scroll","background-type":"","background-media":"","overlay-type":"","overlay-color":"","overlay-opacity":"","overlay-gradient":""},"tablet":{"background-color":"","background-image":"","background-repeat":"repeat","background-position":"center center","background-size":"auto","background-attachment":"scroll","background-type":"","background-media":"","overlay-type":"","overlay-color":"","overlay-opacity":"","overlay-gradient":""},"mobile":{"background-color":"","background-image":"","background-repeat":"repeat","background-position":"center center","background-size":"auto","background-attachment":"scroll","background-type":"","background-media":"","overlay-type":"","overlay-color":"","overlay-opacity":"","overlay-gradient":""}},"ast-content-background-meta":{"desktop":{"background-color":"var(--ast-global-color-4)","background-image":"","background-repeat":"repeat","background-position":"center center","background-size":"auto","background-attachment":"scroll","background-type":"","background-media":"","overlay-type":"","overlay-color":"","overlay-opacity":"","overlay-gradient":""},"tablet":{"background-color":"var(--ast-global-color-4)","background-image":"","background-repeat":"repeat","background-position":"center center","background-size":"auto","background-attachment":"scroll","background-type":"","background-media":"","overlay-type":"","overlay-color":"","overlay-opacity":"","overlay-gradient":""},"mobile":{"background-color":"var(--ast-global-color-4)","background-image":"","background-repeat":"repeat","background-position":"center center","background-size":"auto","background-attachment":"scroll","background-type":"","background-media":"","overlay-type":"","overlay-color":"","overlay-opacity":"","overlay-gradient":""}}},"product_brand":[],"product_cat":[15,35],"product_tag":[],"class_list":{"0":"post-15801","1":"product","2":"type-product","3":"status-publish","4":"has-post-thumbnail","6":"product_cat-uncategorized","7":"product_cat-vaikams-ir-paaugliams","8":"desktop-align-left","9":"tablet-align-left","10":"mobile-align-left","12":"first","13":"outofstock","14":"shipping-taxable","15":"purchasable","16":"product-type-simple"},"acf":[],"yoast_head":"<!-- This site is optimized with the Yoast SEO plugin v27.0 - https:\/\/yoast.com\/product\/yoast-seo-wordpress\/ -->\n<title>\u012ekyr\u016bs triu\u0161iukai<\/title>\n<meta name=\"description\" content=\"\u201e\u012ekyr\u016bs triu\u0161iukai&quot;\u00a0\u2013 tai pasakojimas apie me\u0161kin\u0105, kuris vis\u0105 laik\u0105 vienui vienas gyveno mi\u0161k\u0173 gl\u016bdumoje. Ir gyventi vienam jam labai patiko. Ta\u010diau\" \/>\n<meta name=\"robots\" content=\"index, follow, max-snippet:-1, max-image-preview:large, max-video-preview:-1\" \/>\n<link rel=\"canonical\" href=\"https:\/\/skaitytaknyga.lt\/en\/produktas\/ikyrus-triusiukai\/\" \/>\n<meta property=\"og:locale\" content=\"en_GB\" \/>\n<meta property=\"og:locale:alternate\" content=\"lt_LT\" \/>\n<meta property=\"og:type\" content=\"article\" \/>\n<meta property=\"og:title\" content=\"\u012ekyr\u016bs triu\u0161iukai\" \/>\n<meta property=\"og:description\" content=\"\u201e\u012ekyr\u016bs triu\u0161iukai&quot;\u00a0\u2013 tai pasakojimas apie me\u0161kin\u0105, kuris vis\u0105 laik\u0105 vienui vienas gyveno mi\u0161k\u0173 gl\u016bdumoje. Ir gyventi vienam jam labai patiko. Ta\u010diau\" \/>\n<meta property=\"og:url\" content=\"https:\/\/skaitytaknyga.lt\/en\/produktas\/ikyrus-triusiukai\/\" \/>\n<meta property=\"og:site_name\" content=\"Skaitytaknyga\" \/>\n<meta property=\"article:publisher\" content=\"https:\/\/www.facebook.com\/skaitytaknyga\/\" \/>\n<meta property=\"article:modified_time\" content=\"2025-01-09T19:50:33+00:00\" \/>\n<meta property=\"og:image\" content=\"https:\/\/skaitytaknyga.lt\/wp-content\/uploads\/2025\/01\/Ikyrus-triusiukai.webp\" \/>\n\t<meta property=\"og:image:width\" content=\"617\" \/>\n\t<meta property=\"og:image:height\" content=\"799\" \/>\n\t<meta property=\"og:image:type\" content=\"image\/webp\" \/>\n<meta name=\"twitter:card\" content=\"summary_large_image\" \/>\n<meta name=\"twitter:label1\" content=\"Estimated reading time\" \/>\n\t<meta name=\"twitter:data1\" content=\"1 minute\" \/>\n<script type=\"application\/ld+json\" class=\"yoast-schema-graph\">{\"@context\":\"https:\/\/schema.org\",\"@graph\":[{\"@type\":\"WebPage\",\"@id\":\"https:\/\/skaitytaknyga.lt\/produktas\/ikyrus-triusiukai\/\",\"url\":\"https:\/\/skaitytaknyga.lt\/produktas\/ikyrus-triusiukai\/\",\"name\":\"\u012ekyr\u016bs triu\u0161iukai\",\"isPartOf\":{\"@id\":\"https:\/\/skaitytaknyga.lt\/#website\"},\"primaryImageOfPage\":{\"@id\":\"https:\/\/skaitytaknyga.lt\/produktas\/ikyrus-triusiukai\/#primaryimage\"},\"image\":{\"@id\":\"https:\/\/skaitytaknyga.lt\/produktas\/ikyrus-triusiukai\/#primaryimage\"},\"thumbnailUrl\":\"https:\/\/skaitytaknyga.lt\/wp-content\/uploads\/2025\/01\/Ikyrus-triusiukai.webp\",\"datePublished\":\"2025-01-05T11:15:22+00:00\",\"dateModified\":\"2025-01-09T19:50:33+00:00\",\"description\":\"\u201e\u012ekyr\u016bs triu\u0161iukai\\\"\u00a0\u2013 tai pasakojimas apie me\u0161kin\u0105, kuris vis\u0105 laik\u0105 vienui vienas gyveno mi\u0161k\u0173 gl\u016bdumoje. Ir gyventi vienam jam labai patiko. Ta\u010diau\",\"breadcrumb\":{\"@id\":\"https:\/\/skaitytaknyga.lt\/produktas\/ikyrus-triusiukai\/#breadcrumb\"},\"inLanguage\":\"en-GB\",\"potentialAction\":[{\"@type\":\"ReadAction\",\"target\":[\"https:\/\/skaitytaknyga.lt\/produktas\/ikyrus-triusiukai\/\"]}]},{\"@type\":\"ImageObject\",\"inLanguage\":\"en-GB\",\"@id\":\"https:\/\/skaitytaknyga.lt\/produktas\/ikyrus-triusiukai\/#primaryimage\",\"url\":\"https:\/\/skaitytaknyga.lt\/wp-content\/uploads\/2025\/01\/Ikyrus-triusiukai.webp\",\"contentUrl\":\"https:\/\/skaitytaknyga.lt\/wp-content\/uploads\/2025\/01\/Ikyrus-triusiukai.webp\",\"width\":617,\"height\":799,\"caption\":\"\u012ekyr\u016bs triu\u0161iukai\"},{\"@type\":\"BreadcrumbList\",\"@id\":\"https:\/\/skaitytaknyga.lt\/produktas\/ikyrus-triusiukai\/#breadcrumb\",\"itemListElement\":[{\"@type\":\"ListItem\",\"position\":1,\"name\":\"Home\",\"item\":\"https:\/\/skaitytaknyga.lt\/\"},{\"@type\":\"ListItem\",\"position\":2,\"name\":\"Parduotuv\u0117\",\"item\":\"https:\/\/skaitytaknyga.lt\/knygu-parduotuve\/\"},{\"@type\":\"ListItem\",\"position\":3,\"name\":\"\u012ekyr\u016bs triu\u0161iukai\"}]},{\"@type\":\"WebSite\",\"@id\":\"https:\/\/skaitytaknyga.lt\/#website\",\"url\":\"https:\/\/skaitytaknyga.lt\/\",\"name\":\"skaitytaknyga.lt\",\"description\":\"Skaitytaknyga.lt \u2013 tai ma\u017eas \u0161eimos verslas, kuris prasid\u0117jo nuo meil\u0117s knygoms ir siekio i\u0161gelb\u0117ti knygas nuo likimo prie konteinerio. Kas vienam nereikalingas daiktas \u2013 kitam lobis, o mes esame tarpininkai, kurie padeda abiems tapti laimingesniems ???? \u017dinome kaip nelengva i\u0161gyventi ma\u017eiems verslams, tad nuo \u0161iol, \u010dia rasite ir kit\u0173, ma\u017e\u0173 \u0161eim\u0173 versl\u0173, rank\u0173 darbo, dovan\u0173 sau ir artimiesiems.\",\"publisher\":{\"@id\":\"https:\/\/skaitytaknyga.lt\/#organization\"},\"potentialAction\":[{\"@type\":\"SearchAction\",\"target\":{\"@type\":\"EntryPoint\",\"urlTemplate\":\"https:\/\/skaitytaknyga.lt\/?s={search_term_string}\"},\"query-input\":{\"@type\":\"PropertyValueSpecification\",\"valueRequired\":true,\"valueName\":\"search_term_string\"}}],\"inLanguage\":\"en-GB\"},{\"@type\":\"Organization\",\"@id\":\"https:\/\/skaitytaknyga.lt\/#organization\",\"name\":\"skaitytaknyga.lt\",\"url\":\"https:\/\/skaitytaknyga.lt\/\",\"logo\":{\"@type\":\"ImageObject\",\"inLanguage\":\"en-GB\",\"@id\":\"https:\/\/skaitytaknyga.lt\/#\/schema\/logo\/image\/\",\"url\":\"https:\/\/skaitytaknyga.lt\/wp-content\/uploads\/2024\/05\/cropped-cropped-cropped-02_00843_jt3bggkj1j3HLc7SyY6rEUpg.jpeg\",\"contentUrl\":\"https:\/\/skaitytaknyga.lt\/wp-content\/uploads\/2024\/05\/cropped-cropped-cropped-02_00843_jt3bggkj1j3HLc7SyY6rEUpg.jpeg\",\"width\":1600,\"height\":1600,\"caption\":\"skaitytaknyga.lt\"},\"image\":{\"@id\":\"https:\/\/skaitytaknyga.lt\/#\/schema\/logo\/image\/\"},\"sameAs\":[\"https:\/\/www.facebook.com\/skaitytaknyga\/\"]}]}<\/script>\n<!-- \/ Yoast SEO plugin. -->","yoast_head_json":{"title":"\u012ekyr\u016bs triu\u0161iukai","description":"\u201e\u012ekyr\u016bs triu\u0161iukai\"\u00a0\u2013 tai pasakojimas apie me\u0161kin\u0105, kuris vis\u0105 laik\u0105 vienui vienas gyveno mi\u0161k\u0173 gl\u016bdumoje. Ir gyventi vienam jam labai patiko. Ta\u010diau","robots":{"index":"index","follow":"follow","max-snippet":"max-snippet:-1","max-image-preview":"max-image-preview:large","max-video-preview":"max-video-preview:-1"},"canonical":"https:\/\/skaitytaknyga.lt\/en\/produktas\/ikyrus-triusiukai\/","og_locale":"en_GB","og_type":"article","og_title":"[:lt]\u012ekyr\u016bs triu\u0161iukai[:] - Skaitytaknyga","og_description":"\u201e\u012ekyr\u016bs triu\u0161iukai\"\u00a0\u2013 tai pasakojimas apie me\u0161kin\u0105, kuris vis\u0105 laik\u0105 vienui vienas gyveno mi\u0161k\u0173 gl\u016bdumoje. Ir gyventi vienam jam labai patiko. Ta\u010diau","og_url":"https:\/\/skaitytaknyga.lt\/en\/produktas\/ikyrus-triusiukai\/","og_site_name":"Skaitytaknyga","article_publisher":"https:\/\/www.facebook.com\/skaitytaknyga\/","article_modified_time":"2025-01-09T19:50:33+00:00","og_image":[{"width":617,"height":799,"url":"https:\/\/skaitytaknyga.lt\/wp-content\/uploads\/2025\/01\/Ikyrus-triusiukai.webp","type":"image\/webp"}],"twitter_card":"summary_large_image","twitter_misc":{"Estimated reading time":"1 minute"},"schema":{"@context":"https:\/\/schema.org","@graph":[{"@type":"WebPage","@id":"https:\/\/skaitytaknyga.lt\/produktas\/ikyrus-triusiukai\/","url":"https:\/\/skaitytaknyga.lt\/produktas\/ikyrus-triusiukai\/","name":"\u012ekyr\u016bs triu\u0161iukai","isPartOf":{"@id":"https:\/\/skaitytaknyga.lt\/#website"},"primaryImageOfPage":{"@id":"https:\/\/skaitytaknyga.lt\/produktas\/ikyrus-triusiukai\/#primaryimage"},"image":{"@id":"https:\/\/skaitytaknyga.lt\/produktas\/ikyrus-triusiukai\/#primaryimage"},"thumbnailUrl":"https:\/\/skaitytaknyga.lt\/wp-content\/uploads\/2025\/01\/Ikyrus-triusiukai.webp","datePublished":"2025-01-05T11:15:22+00:00","dateModified":"2025-01-09T19:50:33+00:00","description":"\u201e\u012ekyr\u016bs triu\u0161iukai\"\u00a0\u2013 tai pasakojimas apie me\u0161kin\u0105, kuris vis\u0105 laik\u0105 vienui vienas gyveno mi\u0161k\u0173 gl\u016bdumoje. Ir gyventi vienam jam labai patiko. Ta\u010diau","breadcrumb":{"@id":"https:\/\/skaitytaknyga.lt\/produktas\/ikyrus-triusiukai\/#breadcrumb"},"inLanguage":"en-GB","potentialAction":[{"@type":"ReadAction","target":["https:\/\/skaitytaknyga.lt\/produktas\/ikyrus-triusiukai\/"]}]},{"@type":"ImageObject","inLanguage":"en-GB","@id":"https:\/\/skaitytaknyga.lt\/produktas\/ikyrus-triusiukai\/#primaryimage","url":"https:\/\/skaitytaknyga.lt\/wp-content\/uploads\/2025\/01\/Ikyrus-triusiukai.webp","contentUrl":"https:\/\/skaitytaknyga.lt\/wp-content\/uploads\/2025\/01\/Ikyrus-triusiukai.webp","width":617,"height":799,"caption":"\u012ekyr\u016bs triu\u0161iukai"},{"@type":"BreadcrumbList","@id":"https:\/\/skaitytaknyga.lt\/produktas\/ikyrus-triusiukai\/#breadcrumb","itemListElement":[{"@type":"ListItem","position":1,"name":"Home","item":"https:\/\/skaitytaknyga.lt\/"},{"@type":"ListItem","position":2,"name":"Parduotuv\u0117","item":"https:\/\/skaitytaknyga.lt\/knygu-parduotuve\/"},{"@type":"ListItem","position":3,"name":"\u012ekyr\u016bs triu\u0161iukai"}]},{"@type":"WebSite","@id":"https:\/\/skaitytaknyga.lt\/#website","url":"https:\/\/skaitytaknyga.lt\/","name":"skaitytaknyga.lt","description":"Skaitytaknyga.lt \u2013 tai ma\u017eas \u0161eimos verslas, kuris prasid\u0117jo nuo meil\u0117s knygoms ir siekio i\u0161gelb\u0117ti knygas nuo likimo prie konteinerio. Kas vienam nereikalingas daiktas \u2013 kitam lobis, o mes esame tarpininkai, kurie padeda abiems tapti laimingesniems ???? \u017dinome kaip nelengva i\u0161gyventi ma\u017eiems verslams, tad nuo \u0161iol, \u010dia rasite ir kit\u0173, ma\u017e\u0173 \u0161eim\u0173 versl\u0173, rank\u0173 darbo, dovan\u0173 sau ir artimiesiems.","publisher":{"@id":"https:\/\/skaitytaknyga.lt\/#organization"},"potentialAction":[{"@type":"SearchAction","target":{"@type":"EntryPoint","urlTemplate":"https:\/\/skaitytaknyga.lt\/?s={search_term_string}"},"query-input":{"@type":"PropertyValueSpecification","valueRequired":true,"valueName":"search_term_string"}}],"inLanguage":"en-GB"},{"@type":"Organization","@id":"https:\/\/skaitytaknyga.lt\/#organization","name":"skaitytaknyga.lt","url":"https:\/\/skaitytaknyga.lt\/","logo":{"@type":"ImageObject","inLanguage":"en-GB","@id":"https:\/\/skaitytaknyga.lt\/#\/schema\/logo\/image\/","url":"https:\/\/skaitytaknyga.lt\/wp-content\/uploads\/2024\/05\/cropped-cropped-cropped-02_00843_jt3bggkj1j3HLc7SyY6rEUpg.jpeg","contentUrl":"https:\/\/skaitytaknyga.lt\/wp-content\/uploads\/2024\/05\/cropped-cropped-cropped-02_00843_jt3bggkj1j3HLc7SyY6rEUpg.jpeg","width":1600,"height":1600,"caption":"skaitytaknyga.lt"},"image":{"@id":"https:\/\/skaitytaknyga.lt\/#\/schema\/logo\/image\/"},"sameAs":["https:\/\/www.facebook.com\/skaitytaknyga\/"]}]}},"_links":{"self":[{"href":"https:\/\/skaitytaknyga.lt\/en\/wp-json\/wp\/v2\/product\/15801","targetHints":{"allow":["GET"]}}],"collection":[{"href":"https:\/\/skaitytaknyga.lt\/en\/wp-json\/wp\/v2\/product"}],"about":[{"href":"https:\/\/skaitytaknyga.lt\/en\/wp-json\/wp\/v2\/types\/product"}],"replies":[{"embeddable":true,"href":"https:\/\/skaitytaknyga.lt\/en\/wp-json\/wp\/v2\/comments?post=15801"}],"wp:featuredmedia":[{"embeddable":true,"href":"https:\/\/skaitytaknyga.lt\/en\/wp-json\/wp\/v2\/media\/15802"}],"wp:attachment":[{"href":"https:\/\/skaitytaknyga.lt\/en\/wp-json\/wp\/v2\/media?parent=15801"}],"wp:term":[{"taxonomy":"product_brand","embeddable":true,"href":"https:\/\/skaitytaknyga.lt\/en\/wp-json\/wp\/v2\/product_brand?post=15801"},{"taxonomy":"product_cat","embeddable":true,"href":"https:\/\/skaitytaknyga.lt\/en\/wp-json\/wp\/v2\/product_cat?post=15801"},{"taxonomy":"product_tag","embeddable":true,"href":"https:\/\/skaitytaknyga.lt\/en\/wp-json\/wp\/v2\/product_tag?post=15801"}],"curies":[{"name":"wp","href":"https:\/\/api.w.org\/{rel}","templated":true}]}}