{"id":15794,"date":"2025-01-05T13:08:14","date_gmt":"2025-01-05T11:08:14","guid":{"rendered":"https:\/\/skaitytaknyga.lt\/?post_type=product&#038;p=15794"},"modified":"2025-01-05T13:09:21","modified_gmt":"2025-01-05T11:09:21","slug":"kariai-garsiausi-pasaulio-kariai-ju-kovos-budai-ir-pergales","status":"publish","type":"product","link":"https:\/\/skaitytaknyga.lt\/en\/produktas\/kariai-garsiausi-pasaulio-kariai-ju-kovos-budai-ir-pergales\/","title":{"rendered":"Kariai: garsiausi pasaulio kariai, j\u0173 kovos b\u016bdai ir pergal\u0117s (pa\u017eeisti kra\u0161teliai)"},"content":{"rendered":"<p>Ar grumt\u0173si vienas prie\u0161 vien\u0105, ar glaud\u017eioje rikiuot\u0117je, kariai visada guld\u0117 galvas, siekdami u\u017ekariauti \u017eemes, miestus ir imperijas.<\/p>\n<p>\u0160ioje knygoje pasakojama pasaulio kari\u0173 \u2013 nuo ar\u0161i\u0173j\u0173 asir\u0173 iki nuo\u017emi\u0173j\u0173 zulus\u0173 \u2013 istorija, priminsianti garsius karved\u017eius ir legendinius karius, lemtingus m\u016b\u0161ius ir didvyri\u0161kus \u017eygius, ginklus ir kovos taktik\u0105. Su\u017einosite, kaip nuo ma\u017eens buvo ugdomi ir treniruojami bebaimiai spartie\u010di\u0173 kariai, kaip narsioji kar\u017eyg\u0117 \u017dana d&#8217;Ark \u012fkv\u0117p\u0117 pranc\u016bzus pakilti \u012f kov\u0105, perskaitysite apie kruvinus actek\u0173 papro\u010dius aukoti dievams \u017emones ir apie paslaptingus nindzi\u0173 kovos b\u016bdus!<\/p>\n<ul class=\"about-product d-none d-xl-block mt-4\">\n<li><strong>Autorius:<\/strong>\u00a0James Harpur<\/li>\n<li><strong>Leid\u0117jas:<\/strong>\u00a0Presvika<\/li>\n<li><strong>Metai:<\/strong>\u00a02008<\/li>\n<li><strong>Puslapiai:<\/strong>\u00a026<\/li>\n<li class=\"toggleable type-new-formats \"><strong>ISBN:<\/strong>\u00a09789955222002<\/li>\n<li class=\"toggleable type-new-formats \"><strong>Formatas:<\/strong>\u00a030 x 27 x 1 cm, kieti vir\u0161eliai<\/li>\n<li><strong>Kalba:<\/strong>\u00a0Lietuvi\u0173<\/li>\n<\/ul>\n","protected":false},"excerpt":{"rendered":"<p>Ar grumt\u0173si vienas prie\u0161 vien\u0105, ar glaud\u017eioje rikiuot\u0117je, kariai visada guld\u0117 galvas, siekdami u\u017ekariauti \u017eemes, miestus ir imperijas. \u0160ioje knygoje pasakojama pasaulio kari\u0173 \u2013 nuo ar\u0161i\u0173j\u0173 asir\u0173 iki nuo\u017emi\u0173j\u0173 zulus\u0173 \u2013 istorija, priminsianti garsius karved\u017eius ir legendinius karius, lemtingus m\u016b\u0161ius ir didvyri\u0161kus \u017eygius, ginklus ir kovos taktik\u0105. Su\u017einosite, kaip nuo ma\u017eens buvo ugdomi ir treniruojami bebaimiai spartie\u010di\u0173 kariai, kaip narsioji kar\u017eyg\u0117 \u017dana d&#8217;Ark \u012fkv\u0117p\u0117 pranc\u016bzus pakilti \u012f kov\u0105, perskaitysite apie kruvinus actek\u0173 papro\u010dius aukoti dievams \u017emones ir apie paslaptingus nindzi\u0173 kovos b\u016bdus! Autorius:\u00a0James Harpur Leid\u0117jas:\u00a0Presvika Metai:\u00a02008 Puslapiai:\u00a026 ISBN:\u00a09789955222002 Formatas:\u00a030 x 27 x 1 cm, kieti vir\u0161eliai Kalba:\u00a0Lietuvi\u0173<\/p>\n","protected":false},"featured_media":15796,"comment_status":"open","ping_status":"closed","template":"","meta":{"_acf_changed":false,"site-sidebar-layout":"default","site-content-layout":"","ast-site-content-layout":"default","site-content-style":"default","site-sidebar-style":"default","ast-global-header-display":"","ast-banner-title-visibility":"","ast-main-header-display":"","ast-hfb-above-header-display":"","ast-hfb-below-header-display":"","ast-hfb-mobile-header-display":"","site-post-title":"","ast-breadcrumbs-content":"","ast-featured-img":"","footer-sml-layout":"","ast-disable-related-posts":"","theme-transparent-header-meta":"default","adv-header-id-meta":"","stick-header-meta":"","header-above-stick-meta":"","header-main-stick-meta":"","header-below-stick-meta":"","astra-migrate-meta-layouts":"set","ast-page-background-enabled":"default","ast-page-background-meta":{"desktop":{"background-color":"","background-image":"","background-repeat":"repeat","background-position":"center center","background-size":"auto","background-attachment":"scroll","background-type":"","background-media":"","overlay-type":"","overlay-color":"","overlay-opacity":"","overlay-gradient":""},"tablet":{"background-color":"","background-image":"","background-repeat":"repeat","background-position":"center center","background-size":"auto","background-attachment":"scroll","background-type":"","background-media":"","overlay-type":"","overlay-color":"","overlay-opacity":"","overlay-gradient":""},"mobile":{"background-color":"","background-image":"","background-repeat":"repeat","background-position":"center center","background-size":"auto","background-attachment":"scroll","background-type":"","background-media":"","overlay-type":"","overlay-color":"","overlay-opacity":"","overlay-gradient":""}},"ast-content-background-meta":{"desktop":{"background-color":"var(--ast-global-color-4)","background-image":"","background-repeat":"repeat","background-position":"center center","background-size":"auto","background-attachment":"scroll","background-type":"","background-media":"","overlay-type":"","overlay-color":"","overlay-opacity":"","overlay-gradient":""},"tablet":{"background-color":"var(--ast-global-color-4)","background-image":"","background-repeat":"repeat","background-position":"center center","background-size":"auto","background-attachment":"scroll","background-type":"","background-media":"","overlay-type":"","overlay-color":"","overlay-opacity":"","overlay-gradient":""},"mobile":{"background-color":"var(--ast-global-color-4)","background-image":"","background-repeat":"repeat","background-position":"center center","background-size":"auto","background-attachment":"scroll","background-type":"","background-media":"","overlay-type":"","overlay-color":"","overlay-opacity":"","overlay-gradient":""}}},"product_brand":[],"product_cat":[15,35],"product_tag":[],"class_list":{"0":"post-15794","1":"product","2":"type-product","3":"status-publish","4":"has-post-thumbnail","6":"product_cat-uncategorized","7":"product_cat-vaikams-ir-paaugliams","8":"desktop-align-left","9":"tablet-align-left","10":"mobile-align-left","12":"first","13":"instock","14":"shipping-taxable","15":"purchasable","16":"product-type-simple"},"acf":[],"yoast_head":"<!-- This site is optimized with the Yoast SEO plugin v27.0 - https:\/\/yoast.com\/product\/yoast-seo-wordpress\/ -->\n<title>Kariai: garsiausi pasaulio kariai, j\u0173 kovos b\u016bdai ir pergal\u0117s (pa\u017eeisti kra\u0161teliai)<\/title>\n<meta name=\"description\" content=\"Ar grumt\u0173si vienas prie\u0161 vien\u0105, ar glaud\u017eioje rikiuot\u0117je, kariai visada guld\u0117 galvas, siekdami u\u017ekariauti \u017eemes, miestus ir imperijas. \u0160ioje knygoje\" \/>\n<meta name=\"robots\" content=\"index, follow, max-snippet:-1, max-image-preview:large, max-video-preview:-1\" \/>\n<link rel=\"canonical\" href=\"https:\/\/skaitytaknyga.lt\/en\/produktas\/kariai-garsiausi-pasaulio-kariai-ju-kovos-budai-ir-pergales\/\" \/>\n<meta property=\"og:locale\" content=\"en_GB\" \/>\n<meta property=\"og:locale:alternate\" content=\"lt_LT\" \/>\n<meta property=\"og:type\" content=\"article\" \/>\n<meta property=\"og:title\" content=\"Kariai: garsiausi pasaulio kariai, j\u0173 kovos b\u016bdai ir pergal\u0117s (pa\u017eeisti kra\u0161teliai)\" \/>\n<meta property=\"og:description\" content=\"Ar grumt\u0173si vienas prie\u0161 vien\u0105, ar glaud\u017eioje rikiuot\u0117je, kariai visada guld\u0117 galvas, siekdami u\u017ekariauti \u017eemes, miestus ir imperijas. \u0160ioje knygoje\" \/>\n<meta property=\"og:url\" content=\"https:\/\/skaitytaknyga.lt\/en\/produktas\/kariai-garsiausi-pasaulio-kariai-ju-kovos-budai-ir-pergales\/\" \/>\n<meta property=\"og:site_name\" content=\"Skaitytaknyga\" \/>\n<meta property=\"article:publisher\" content=\"https:\/\/www.facebook.com\/skaitytaknyga\/\" \/>\n<meta property=\"article:modified_time\" content=\"2025-01-05T11:09:21+00:00\" \/>\n<meta property=\"og:image\" content=\"https:\/\/skaitytaknyga.lt\/wp-content\/uploads\/2025\/01\/Kariai-garsiausi-pasaulio-kariai-ju-kovos-budai-ir-pergales.webp\" \/>\n\t<meta property=\"og:image:width\" content=\"1107\" \/>\n\t<meta property=\"og:image:height\" content=\"800\" \/>\n\t<meta property=\"og:image:type\" content=\"image\/webp\" \/>\n<meta name=\"twitter:card\" content=\"summary_large_image\" \/>\n<meta name=\"twitter:label1\" content=\"Estimated reading time\" \/>\n\t<meta name=\"twitter:data1\" content=\"1 minute\" \/>\n<script type=\"application\/ld+json\" class=\"yoast-schema-graph\">{\"@context\":\"https:\/\/schema.org\",\"@graph\":[{\"@type\":\"WebPage\",\"@id\":\"https:\/\/skaitytaknyga.lt\/produktas\/kariai-garsiausi-pasaulio-kariai-ju-kovos-budai-ir-pergales\/\",\"url\":\"https:\/\/skaitytaknyga.lt\/produktas\/kariai-garsiausi-pasaulio-kariai-ju-kovos-budai-ir-pergales\/\",\"name\":\"Kariai: garsiausi pasaulio kariai, j\u0173 kovos b\u016bdai ir pergal\u0117s (pa\u017eeisti kra\u0161teliai)\",\"isPartOf\":{\"@id\":\"https:\/\/skaitytaknyga.lt\/#website\"},\"primaryImageOfPage\":{\"@id\":\"https:\/\/skaitytaknyga.lt\/produktas\/kariai-garsiausi-pasaulio-kariai-ju-kovos-budai-ir-pergales\/#primaryimage\"},\"image\":{\"@id\":\"https:\/\/skaitytaknyga.lt\/produktas\/kariai-garsiausi-pasaulio-kariai-ju-kovos-budai-ir-pergales\/#primaryimage\"},\"thumbnailUrl\":\"https:\/\/skaitytaknyga.lt\/wp-content\/uploads\/2025\/01\/Kariai-garsiausi-pasaulio-kariai-ju-kovos-budai-ir-pergales.webp\",\"datePublished\":\"2025-01-05T11:08:14+00:00\",\"dateModified\":\"2025-01-05T11:09:21+00:00\",\"description\":\"Ar grumt\u0173si vienas prie\u0161 vien\u0105, ar glaud\u017eioje rikiuot\u0117je, kariai visada guld\u0117 galvas, siekdami u\u017ekariauti \u017eemes, miestus ir imperijas. \u0160ioje knygoje\",\"breadcrumb\":{\"@id\":\"https:\/\/skaitytaknyga.lt\/produktas\/kariai-garsiausi-pasaulio-kariai-ju-kovos-budai-ir-pergales\/#breadcrumb\"},\"inLanguage\":\"en-GB\",\"potentialAction\":[{\"@type\":\"ReadAction\",\"target\":[\"https:\/\/skaitytaknyga.lt\/produktas\/kariai-garsiausi-pasaulio-kariai-ju-kovos-budai-ir-pergales\/\"]}]},{\"@type\":\"ImageObject\",\"inLanguage\":\"en-GB\",\"@id\":\"https:\/\/skaitytaknyga.lt\/produktas\/kariai-garsiausi-pasaulio-kariai-ju-kovos-budai-ir-pergales\/#primaryimage\",\"url\":\"https:\/\/skaitytaknyga.lt\/wp-content\/uploads\/2025\/01\/Kariai-garsiausi-pasaulio-kariai-ju-kovos-budai-ir-pergales.webp\",\"contentUrl\":\"https:\/\/skaitytaknyga.lt\/wp-content\/uploads\/2025\/01\/Kariai-garsiausi-pasaulio-kariai-ju-kovos-budai-ir-pergales.webp\",\"width\":1107,\"height\":800,\"caption\":\"Kariai: garsiausi pasaulio kariai, j\u0173 kovos b\u016bdai ir pergal\u0117s\"},{\"@type\":\"BreadcrumbList\",\"@id\":\"https:\/\/skaitytaknyga.lt\/produktas\/kariai-garsiausi-pasaulio-kariai-ju-kovos-budai-ir-pergales\/#breadcrumb\",\"itemListElement\":[{\"@type\":\"ListItem\",\"position\":1,\"name\":\"Home\",\"item\":\"https:\/\/skaitytaknyga.lt\/\"},{\"@type\":\"ListItem\",\"position\":2,\"name\":\"Parduotuv\u0117\",\"item\":\"https:\/\/skaitytaknyga.lt\/knygu-parduotuve\/\"},{\"@type\":\"ListItem\",\"position\":3,\"name\":\"Kariai: garsiausi pasaulio kariai, j\u0173 kovos b\u016bdai ir pergal\u0117s (pa\u017eeisti kra\u0161teliai)\"}]},{\"@type\":\"WebSite\",\"@id\":\"https:\/\/skaitytaknyga.lt\/#website\",\"url\":\"https:\/\/skaitytaknyga.lt\/\",\"name\":\"skaitytaknyga.lt\",\"description\":\"Skaitytaknyga.lt \u2013 tai ma\u017eas \u0161eimos verslas, kuris prasid\u0117jo nuo meil\u0117s knygoms ir siekio i\u0161gelb\u0117ti knygas nuo likimo prie konteinerio. Kas vienam nereikalingas daiktas \u2013 kitam lobis, o mes esame tarpininkai, kurie padeda abiems tapti laimingesniems ???? \u017dinome kaip nelengva i\u0161gyventi ma\u017eiems verslams, tad nuo \u0161iol, \u010dia rasite ir kit\u0173, ma\u017e\u0173 \u0161eim\u0173 versl\u0173, rank\u0173 darbo, dovan\u0173 sau ir artimiesiems.\",\"publisher\":{\"@id\":\"https:\/\/skaitytaknyga.lt\/#organization\"},\"potentialAction\":[{\"@type\":\"SearchAction\",\"target\":{\"@type\":\"EntryPoint\",\"urlTemplate\":\"https:\/\/skaitytaknyga.lt\/?s={search_term_string}\"},\"query-input\":{\"@type\":\"PropertyValueSpecification\",\"valueRequired\":true,\"valueName\":\"search_term_string\"}}],\"inLanguage\":\"en-GB\"},{\"@type\":\"Organization\",\"@id\":\"https:\/\/skaitytaknyga.lt\/#organization\",\"name\":\"skaitytaknyga.lt\",\"url\":\"https:\/\/skaitytaknyga.lt\/\",\"logo\":{\"@type\":\"ImageObject\",\"inLanguage\":\"en-GB\",\"@id\":\"https:\/\/skaitytaknyga.lt\/#\/schema\/logo\/image\/\",\"url\":\"https:\/\/skaitytaknyga.lt\/wp-content\/uploads\/2024\/05\/cropped-cropped-cropped-02_00843_jt3bggkj1j3HLc7SyY6rEUpg.jpeg\",\"contentUrl\":\"https:\/\/skaitytaknyga.lt\/wp-content\/uploads\/2024\/05\/cropped-cropped-cropped-02_00843_jt3bggkj1j3HLc7SyY6rEUpg.jpeg\",\"width\":1600,\"height\":1600,\"caption\":\"skaitytaknyga.lt\"},\"image\":{\"@id\":\"https:\/\/skaitytaknyga.lt\/#\/schema\/logo\/image\/\"},\"sameAs\":[\"https:\/\/www.facebook.com\/skaitytaknyga\/\"]}]}<\/script>\n<!-- \/ Yoast SEO plugin. -->","yoast_head_json":{"title":"Kariai: garsiausi pasaulio kariai, j\u0173 kovos b\u016bdai ir pergal\u0117s (pa\u017eeisti kra\u0161teliai)","description":"Ar grumt\u0173si vienas prie\u0161 vien\u0105, ar glaud\u017eioje rikiuot\u0117je, kariai visada guld\u0117 galvas, siekdami u\u017ekariauti \u017eemes, miestus ir imperijas. \u0160ioje knygoje","robots":{"index":"index","follow":"follow","max-snippet":"max-snippet:-1","max-image-preview":"max-image-preview:large","max-video-preview":"max-video-preview:-1"},"canonical":"https:\/\/skaitytaknyga.lt\/en\/produktas\/kariai-garsiausi-pasaulio-kariai-ju-kovos-budai-ir-pergales\/","og_locale":"en_GB","og_type":"article","og_title":"[:lt]Kariai: garsiausi pasaulio kariai, j\u0173 kovos b\u016bdai ir pergal\u0117s (pa\u017eeisti kra\u0161teliai)[:] - Skaitytaknyga","og_description":"Ar grumt\u0173si vienas prie\u0161 vien\u0105, ar glaud\u017eioje rikiuot\u0117je, kariai visada guld\u0117 galvas, siekdami u\u017ekariauti \u017eemes, miestus ir imperijas. \u0160ioje knygoje","og_url":"https:\/\/skaitytaknyga.lt\/en\/produktas\/kariai-garsiausi-pasaulio-kariai-ju-kovos-budai-ir-pergales\/","og_site_name":"Skaitytaknyga","article_publisher":"https:\/\/www.facebook.com\/skaitytaknyga\/","article_modified_time":"2025-01-05T11:09:21+00:00","og_image":[{"width":1107,"height":800,"url":"https:\/\/skaitytaknyga.lt\/wp-content\/uploads\/2025\/01\/Kariai-garsiausi-pasaulio-kariai-ju-kovos-budai-ir-pergales.webp","type":"image\/webp"}],"twitter_card":"summary_large_image","twitter_misc":{"Estimated reading time":"1 minute"},"schema":{"@context":"https:\/\/schema.org","@graph":[{"@type":"WebPage","@id":"https:\/\/skaitytaknyga.lt\/produktas\/kariai-garsiausi-pasaulio-kariai-ju-kovos-budai-ir-pergales\/","url":"https:\/\/skaitytaknyga.lt\/produktas\/kariai-garsiausi-pasaulio-kariai-ju-kovos-budai-ir-pergales\/","name":"Kariai: garsiausi pasaulio kariai, j\u0173 kovos b\u016bdai ir pergal\u0117s (pa\u017eeisti kra\u0161teliai)","isPartOf":{"@id":"https:\/\/skaitytaknyga.lt\/#website"},"primaryImageOfPage":{"@id":"https:\/\/skaitytaknyga.lt\/produktas\/kariai-garsiausi-pasaulio-kariai-ju-kovos-budai-ir-pergales\/#primaryimage"},"image":{"@id":"https:\/\/skaitytaknyga.lt\/produktas\/kariai-garsiausi-pasaulio-kariai-ju-kovos-budai-ir-pergales\/#primaryimage"},"thumbnailUrl":"https:\/\/skaitytaknyga.lt\/wp-content\/uploads\/2025\/01\/Kariai-garsiausi-pasaulio-kariai-ju-kovos-budai-ir-pergales.webp","datePublished":"2025-01-05T11:08:14+00:00","dateModified":"2025-01-05T11:09:21+00:00","description":"Ar grumt\u0173si vienas prie\u0161 vien\u0105, ar glaud\u017eioje rikiuot\u0117je, kariai visada guld\u0117 galvas, siekdami u\u017ekariauti \u017eemes, miestus ir imperijas. \u0160ioje knygoje","breadcrumb":{"@id":"https:\/\/skaitytaknyga.lt\/produktas\/kariai-garsiausi-pasaulio-kariai-ju-kovos-budai-ir-pergales\/#breadcrumb"},"inLanguage":"en-GB","potentialAction":[{"@type":"ReadAction","target":["https:\/\/skaitytaknyga.lt\/produktas\/kariai-garsiausi-pasaulio-kariai-ju-kovos-budai-ir-pergales\/"]}]},{"@type":"ImageObject","inLanguage":"en-GB","@id":"https:\/\/skaitytaknyga.lt\/produktas\/kariai-garsiausi-pasaulio-kariai-ju-kovos-budai-ir-pergales\/#primaryimage","url":"https:\/\/skaitytaknyga.lt\/wp-content\/uploads\/2025\/01\/Kariai-garsiausi-pasaulio-kariai-ju-kovos-budai-ir-pergales.webp","contentUrl":"https:\/\/skaitytaknyga.lt\/wp-content\/uploads\/2025\/01\/Kariai-garsiausi-pasaulio-kariai-ju-kovos-budai-ir-pergales.webp","width":1107,"height":800,"caption":"Kariai: garsiausi pasaulio kariai, j\u0173 kovos b\u016bdai ir pergal\u0117s"},{"@type":"BreadcrumbList","@id":"https:\/\/skaitytaknyga.lt\/produktas\/kariai-garsiausi-pasaulio-kariai-ju-kovos-budai-ir-pergales\/#breadcrumb","itemListElement":[{"@type":"ListItem","position":1,"name":"Home","item":"https:\/\/skaitytaknyga.lt\/"},{"@type":"ListItem","position":2,"name":"Parduotuv\u0117","item":"https:\/\/skaitytaknyga.lt\/knygu-parduotuve\/"},{"@type":"ListItem","position":3,"name":"Kariai: garsiausi pasaulio kariai, j\u0173 kovos b\u016bdai ir pergal\u0117s (pa\u017eeisti kra\u0161teliai)"}]},{"@type":"WebSite","@id":"https:\/\/skaitytaknyga.lt\/#website","url":"https:\/\/skaitytaknyga.lt\/","name":"skaitytaknyga.lt","description":"Skaitytaknyga.lt \u2013 tai ma\u017eas \u0161eimos verslas, kuris prasid\u0117jo nuo meil\u0117s knygoms ir siekio i\u0161gelb\u0117ti knygas nuo likimo prie konteinerio. Kas vienam nereikalingas daiktas \u2013 kitam lobis, o mes esame tarpininkai, kurie padeda abiems tapti laimingesniems ???? \u017dinome kaip nelengva i\u0161gyventi ma\u017eiems verslams, tad nuo \u0161iol, \u010dia rasite ir kit\u0173, ma\u017e\u0173 \u0161eim\u0173 versl\u0173, rank\u0173 darbo, dovan\u0173 sau ir artimiesiems.","publisher":{"@id":"https:\/\/skaitytaknyga.lt\/#organization"},"potentialAction":[{"@type":"SearchAction","target":{"@type":"EntryPoint","urlTemplate":"https:\/\/skaitytaknyga.lt\/?s={search_term_string}"},"query-input":{"@type":"PropertyValueSpecification","valueRequired":true,"valueName":"search_term_string"}}],"inLanguage":"en-GB"},{"@type":"Organization","@id":"https:\/\/skaitytaknyga.lt\/#organization","name":"skaitytaknyga.lt","url":"https:\/\/skaitytaknyga.lt\/","logo":{"@type":"ImageObject","inLanguage":"en-GB","@id":"https:\/\/skaitytaknyga.lt\/#\/schema\/logo\/image\/","url":"https:\/\/skaitytaknyga.lt\/wp-content\/uploads\/2024\/05\/cropped-cropped-cropped-02_00843_jt3bggkj1j3HLc7SyY6rEUpg.jpeg","contentUrl":"https:\/\/skaitytaknyga.lt\/wp-content\/uploads\/2024\/05\/cropped-cropped-cropped-02_00843_jt3bggkj1j3HLc7SyY6rEUpg.jpeg","width":1600,"height":1600,"caption":"skaitytaknyga.lt"},"image":{"@id":"https:\/\/skaitytaknyga.lt\/#\/schema\/logo\/image\/"},"sameAs":["https:\/\/www.facebook.com\/skaitytaknyga\/"]}]}},"_links":{"self":[{"href":"https:\/\/skaitytaknyga.lt\/en\/wp-json\/wp\/v2\/product\/15794","targetHints":{"allow":["GET"]}}],"collection":[{"href":"https:\/\/skaitytaknyga.lt\/en\/wp-json\/wp\/v2\/product"}],"about":[{"href":"https:\/\/skaitytaknyga.lt\/en\/wp-json\/wp\/v2\/types\/product"}],"replies":[{"embeddable":true,"href":"https:\/\/skaitytaknyga.lt\/en\/wp-json\/wp\/v2\/comments?post=15794"}],"wp:featuredmedia":[{"embeddable":true,"href":"https:\/\/skaitytaknyga.lt\/en\/wp-json\/wp\/v2\/media\/15796"}],"wp:attachment":[{"href":"https:\/\/skaitytaknyga.lt\/en\/wp-json\/wp\/v2\/media?parent=15794"}],"wp:term":[{"taxonomy":"product_brand","embeddable":true,"href":"https:\/\/skaitytaknyga.lt\/en\/wp-json\/wp\/v2\/product_brand?post=15794"},{"taxonomy":"product_cat","embeddable":true,"href":"https:\/\/skaitytaknyga.lt\/en\/wp-json\/wp\/v2\/product_cat?post=15794"},{"taxonomy":"product_tag","embeddable":true,"href":"https:\/\/skaitytaknyga.lt\/en\/wp-json\/wp\/v2\/product_tag?post=15794"}],"curies":[{"name":"wp","href":"https:\/\/api.w.org\/{rel}","templated":true}]}}