{"id":15792,"date":"2025-01-05T13:06:16","date_gmt":"2025-01-05T11:06:16","guid":{"rendered":"https:\/\/skaitytaknyga.lt\/?post_type=product&#038;p=15792"},"modified":"2025-09-16T17:32:48","modified_gmt":"2025-09-16T14:32:48","slug":"mamule-mu-skaito","status":"publish","type":"product","link":"https:\/\/skaitytaknyga.lt\/en\/produktas\/mamule-mu-skaito\/","title":{"rendered":"Mamul\u0117 M\u016b skaito"},"content":{"rendered":"<p><em>\u2013 MMM ir \u016a\u016a\u016a. Bus M\u016a, \u2013 kartoja Mamul\u0117 M\u016b i\u0161 l\u0117to.Kaip sakoma, gera prad\u017eia \u2013 pus\u0117 darbo. O paskui galimaimtis ir rimtesni\u0173 skaitini\u0173. Juk knygose para\u0161yta VISKAS!<\/em><\/p>\n<p><em>\u2013 O, pavyzd\u017eiui, ar para\u0161yta&#8230; kod\u0117l pienas baltas, nors tu \u0117di \u017eali\u0105 \u017eol\u0119! Ar apie tai knygose para\u0161yta? \u2013 klausia Varna ir jai \u012f galv\u0105 topteli mintis \u2013 para\u0161yti savo knyg\u0105. Toki\u0105, kuri tapt\u0173 sensacija ir kuri\u0105 skaityt\u0173 visi vaikai.<\/em><\/p>\n<ul class=\"about-product d-none d-xl-block mt-4\">\n<li><strong>Originalus pavadinimas:<\/strong>\u00a0Mamma Mu l\u00e4ser<\/li>\n<li><strong>Autorius:<\/strong>\u00a0Jujja Wieslander<\/li>\n<li><strong>Leid\u0117jas:<\/strong>\u00a0Nieko rimto<\/li>\n<li><strong>Metai:<\/strong>\u00a02013<\/li>\n<li><strong>Puslapiai:<\/strong>\u00a028<\/li>\n<li class=\"toggleable type-new-formats \"><strong>ISBN:<\/strong>\u00a09786094410611<\/li>\n<li><strong>Versijos kodas:<\/strong>\u00a0PT.<\/li>\n<li class=\"toggleable type-new-formats \"><strong>Formatas:<\/strong>\u00a021 x 27,5 cm, kieti vir\u0161eliai<\/li>\n<li><strong>Kalba:<\/strong>\u00a0Lietuvi\u0173<\/li>\n<li><strong>Vert\u0117jas:<\/strong>\u00a0Raimonda Jonkut\u0117<\/li>\n<li><strong>Knyg\u0173 serija:<\/strong>\u00a0Mamul\u0117 M\u016b<\/li>\n<\/ul>\n","protected":false},"excerpt":{"rendered":"<p>\u2013 MMM ir \u016a\u016a\u016a. Bus M\u016a, \u2013 kartoja Mamul\u0117 M\u016b i\u0161 l\u0117to.Kaip sakoma, gera prad\u017eia \u2013 pus\u0117 darbo. O paskui galimaimtis ir rimtesni\u0173 skaitini\u0173. Juk knygose para\u0161yta VISKAS! \u2013 O, pavyzd\u017eiui, ar para\u0161yta&#8230; kod\u0117l pienas baltas, nors tu \u0117di \u017eali\u0105 \u017eol\u0119! Ar apie tai knygose para\u0161yta? \u2013 klausia Varna ir jai \u012f galv\u0105 topteli mintis \u2013 para\u0161yti savo knyg\u0105. Toki\u0105, kuri tapt\u0173 sensacija ir kuri\u0105 skaityt\u0173 visi vaikai. Originalus pavadinimas:\u00a0Mamma Mu l\u00e4ser Autorius:\u00a0Jujja Wieslander Leid\u0117jas:\u00a0Nieko rimto Metai:\u00a02013 Puslapiai:\u00a028 ISBN:\u00a09786094410611 Versijos kodas:\u00a0PT. Formatas:\u00a021 x 27,5 cm, kieti vir\u0161eliai Kalba:\u00a0Lietuvi\u0173 Vert\u0117jas:\u00a0Raimonda Jonkut\u0117 Knyg\u0173 serija:\u00a0Mamul\u0117 M\u016b<\/p>\n","protected":false},"featured_media":15793,"comment_status":"open","ping_status":"closed","template":"","meta":{"_acf_changed":false,"site-sidebar-layout":"default","site-content-layout":"","ast-site-content-layout":"default","site-content-style":"default","site-sidebar-style":"default","ast-global-header-display":"","ast-banner-title-visibility":"","ast-main-header-display":"","ast-hfb-above-header-display":"","ast-hfb-below-header-display":"","ast-hfb-mobile-header-display":"","site-post-title":"","ast-breadcrumbs-content":"","ast-featured-img":"","footer-sml-layout":"","ast-disable-related-posts":"","theme-transparent-header-meta":"default","adv-header-id-meta":"","stick-header-meta":"","header-above-stick-meta":"","header-main-stick-meta":"","header-below-stick-meta":"","astra-migrate-meta-layouts":"set","ast-page-background-enabled":"default","ast-page-background-meta":{"desktop":{"background-color":"","background-image":"","background-repeat":"repeat","background-position":"center center","background-size":"auto","background-attachment":"scroll","background-type":"","background-media":"","overlay-type":"","overlay-color":"","overlay-opacity":"","overlay-gradient":""},"tablet":{"background-color":"","background-image":"","background-repeat":"repeat","background-position":"center center","background-size":"auto","background-attachment":"scroll","background-type":"","background-media":"","overlay-type":"","overlay-color":"","overlay-opacity":"","overlay-gradient":""},"mobile":{"background-color":"","background-image":"","background-repeat":"repeat","background-position":"center center","background-size":"auto","background-attachment":"scroll","background-type":"","background-media":"","overlay-type":"","overlay-color":"","overlay-opacity":"","overlay-gradient":""}},"ast-content-background-meta":{"desktop":{"background-color":"var(--ast-global-color-4)","background-image":"","background-repeat":"repeat","background-position":"center center","background-size":"auto","background-attachment":"scroll","background-type":"","background-media":"","overlay-type":"","overlay-color":"","overlay-opacity":"","overlay-gradient":""},"tablet":{"background-color":"var(--ast-global-color-4)","background-image":"","background-repeat":"repeat","background-position":"center center","background-size":"auto","background-attachment":"scroll","background-type":"","background-media":"","overlay-type":"","overlay-color":"","overlay-opacity":"","overlay-gradient":""},"mobile":{"background-color":"var(--ast-global-color-4)","background-image":"","background-repeat":"repeat","background-position":"center center","background-size":"auto","background-attachment":"scroll","background-type":"","background-media":"","overlay-type":"","overlay-color":"","overlay-opacity":"","overlay-gradient":""}}},"product_brand":[],"product_cat":[15,35],"product_tag":[],"class_list":{"0":"post-15792","1":"product","2":"type-product","3":"status-publish","4":"has-post-thumbnail","6":"product_cat-uncategorized","7":"product_cat-vaikams-ir-paaugliams","8":"desktop-align-left","9":"tablet-align-left","10":"mobile-align-left","12":"first","13":"outofstock","14":"shipping-taxable","15":"purchasable","16":"product-type-simple"},"acf":[],"yoast_head":"<!-- This site is optimized with the Yoast SEO plugin v27.0 - https:\/\/yoast.com\/product\/yoast-seo-wordpress\/ -->\n<title>Mamul\u0117 M\u016b skaito<\/title>\n<meta name=\"description\" content=\"\u2013 MMM ir \u016a\u016a\u016a. Bus M\u016a, \u2013 kartoja Mamul\u0117 M\u016b i\u0161 l\u0117to.Kaip sakoma, gera prad\u017eia \u2013 pus\u0117 darbo. O paskui galimaimtis ir rimtesni\u0173 skaitini\u0173. Juk knygose\" \/>\n<meta name=\"robots\" content=\"index, follow, max-snippet:-1, max-image-preview:large, max-video-preview:-1\" \/>\n<link rel=\"canonical\" href=\"https:\/\/skaitytaknyga.lt\/en\/produktas\/mamule-mu-skaito\/\" \/>\n<meta property=\"og:locale\" content=\"en_GB\" \/>\n<meta property=\"og:locale:alternate\" content=\"lt_LT\" \/>\n<meta property=\"og:type\" content=\"article\" \/>\n<meta property=\"og:title\" content=\"Mamul\u0117 M\u016b skaito\" \/>\n<meta property=\"og:description\" content=\"\u2013 MMM ir \u016a\u016a\u016a. Bus M\u016a, \u2013 kartoja Mamul\u0117 M\u016b i\u0161 l\u0117to.Kaip sakoma, gera prad\u017eia \u2013 pus\u0117 darbo. O paskui galimaimtis ir rimtesni\u0173 skaitini\u0173. Juk knygose\" \/>\n<meta property=\"og:url\" content=\"https:\/\/skaitytaknyga.lt\/en\/produktas\/mamule-mu-skaito\/\" \/>\n<meta property=\"og:site_name\" content=\"Skaitytaknyga\" \/>\n<meta property=\"article:publisher\" content=\"https:\/\/www.facebook.com\/skaitytaknyga\/\" \/>\n<meta property=\"article:modified_time\" content=\"2025-09-16T14:32:48+00:00\" \/>\n<meta property=\"og:image\" content=\"https:\/\/skaitytaknyga.lt\/wp-content\/uploads\/2025\/01\/Mamule-Mu-skaito.webp\" \/>\n\t<meta property=\"og:image:width\" content=\"389\" \/>\n\t<meta property=\"og:image:height\" content=\"496\" \/>\n\t<meta property=\"og:image:type\" content=\"image\/webp\" \/>\n<meta name=\"twitter:card\" content=\"summary_large_image\" \/>\n<meta name=\"twitter:label1\" content=\"Estimated reading time\" \/>\n\t<meta name=\"twitter:data1\" content=\"1 minute\" \/>\n<script type=\"application\/ld+json\" class=\"yoast-schema-graph\">{\"@context\":\"https:\/\/schema.org\",\"@graph\":[{\"@type\":\"WebPage\",\"@id\":\"https:\/\/skaitytaknyga.lt\/produktas\/mamule-mu-skaito\/\",\"url\":\"https:\/\/skaitytaknyga.lt\/produktas\/mamule-mu-skaito\/\",\"name\":\"Mamul\u0117 M\u016b skaito\",\"isPartOf\":{\"@id\":\"https:\/\/skaitytaknyga.lt\/#website\"},\"primaryImageOfPage\":{\"@id\":\"https:\/\/skaitytaknyga.lt\/produktas\/mamule-mu-skaito\/#primaryimage\"},\"image\":{\"@id\":\"https:\/\/skaitytaknyga.lt\/produktas\/mamule-mu-skaito\/#primaryimage\"},\"thumbnailUrl\":\"https:\/\/skaitytaknyga.lt\/wp-content\/uploads\/2025\/01\/Mamule-Mu-skaito.webp\",\"datePublished\":\"2025-01-05T11:06:16+00:00\",\"dateModified\":\"2025-09-16T14:32:48+00:00\",\"description\":\"\u2013 MMM ir \u016a\u016a\u016a. Bus M\u016a, \u2013 kartoja Mamul\u0117 M\u016b i\u0161 l\u0117to.Kaip sakoma, gera prad\u017eia \u2013 pus\u0117 darbo. O paskui galimaimtis ir rimtesni\u0173 skaitini\u0173. Juk knygose\",\"breadcrumb\":{\"@id\":\"https:\/\/skaitytaknyga.lt\/produktas\/mamule-mu-skaito\/#breadcrumb\"},\"inLanguage\":\"en-GB\",\"potentialAction\":[{\"@type\":\"ReadAction\",\"target\":[\"https:\/\/skaitytaknyga.lt\/produktas\/mamule-mu-skaito\/\"]}]},{\"@type\":\"ImageObject\",\"inLanguage\":\"en-GB\",\"@id\":\"https:\/\/skaitytaknyga.lt\/produktas\/mamule-mu-skaito\/#primaryimage\",\"url\":\"https:\/\/skaitytaknyga.lt\/wp-content\/uploads\/2025\/01\/Mamule-Mu-skaito.webp\",\"contentUrl\":\"https:\/\/skaitytaknyga.lt\/wp-content\/uploads\/2025\/01\/Mamule-Mu-skaito.webp\",\"width\":389,\"height\":496,\"caption\":\"Mamul\u0117 M\u016b skaito\"},{\"@type\":\"BreadcrumbList\",\"@id\":\"https:\/\/skaitytaknyga.lt\/produktas\/mamule-mu-skaito\/#breadcrumb\",\"itemListElement\":[{\"@type\":\"ListItem\",\"position\":1,\"name\":\"Home\",\"item\":\"https:\/\/skaitytaknyga.lt\/\"},{\"@type\":\"ListItem\",\"position\":2,\"name\":\"Parduotuv\u0117\",\"item\":\"https:\/\/skaitytaknyga.lt\/knygu-parduotuve\/\"},{\"@type\":\"ListItem\",\"position\":3,\"name\":\"Mamul\u0117 M\u016b skaito\"}]},{\"@type\":\"WebSite\",\"@id\":\"https:\/\/skaitytaknyga.lt\/#website\",\"url\":\"https:\/\/skaitytaknyga.lt\/\",\"name\":\"skaitytaknyga.lt\",\"description\":\"Skaitytaknyga.lt \u2013 tai ma\u017eas \u0161eimos verslas, kuris prasid\u0117jo nuo meil\u0117s knygoms ir siekio i\u0161gelb\u0117ti knygas nuo likimo prie konteinerio. Kas vienam nereikalingas daiktas \u2013 kitam lobis, o mes esame tarpininkai, kurie padeda abiems tapti laimingesniems ???? \u017dinome kaip nelengva i\u0161gyventi ma\u017eiems verslams, tad nuo \u0161iol, \u010dia rasite ir kit\u0173, ma\u017e\u0173 \u0161eim\u0173 versl\u0173, rank\u0173 darbo, dovan\u0173 sau ir artimiesiems.\",\"publisher\":{\"@id\":\"https:\/\/skaitytaknyga.lt\/#organization\"},\"potentialAction\":[{\"@type\":\"SearchAction\",\"target\":{\"@type\":\"EntryPoint\",\"urlTemplate\":\"https:\/\/skaitytaknyga.lt\/?s={search_term_string}\"},\"query-input\":{\"@type\":\"PropertyValueSpecification\",\"valueRequired\":true,\"valueName\":\"search_term_string\"}}],\"inLanguage\":\"en-GB\"},{\"@type\":\"Organization\",\"@id\":\"https:\/\/skaitytaknyga.lt\/#organization\",\"name\":\"skaitytaknyga.lt\",\"url\":\"https:\/\/skaitytaknyga.lt\/\",\"logo\":{\"@type\":\"ImageObject\",\"inLanguage\":\"en-GB\",\"@id\":\"https:\/\/skaitytaknyga.lt\/#\/schema\/logo\/image\/\",\"url\":\"https:\/\/skaitytaknyga.lt\/wp-content\/uploads\/2024\/05\/cropped-cropped-cropped-02_00843_jt3bggkj1j3HLc7SyY6rEUpg.jpeg\",\"contentUrl\":\"https:\/\/skaitytaknyga.lt\/wp-content\/uploads\/2024\/05\/cropped-cropped-cropped-02_00843_jt3bggkj1j3HLc7SyY6rEUpg.jpeg\",\"width\":1600,\"height\":1600,\"caption\":\"skaitytaknyga.lt\"},\"image\":{\"@id\":\"https:\/\/skaitytaknyga.lt\/#\/schema\/logo\/image\/\"},\"sameAs\":[\"https:\/\/www.facebook.com\/skaitytaknyga\/\"]}]}<\/script>\n<!-- \/ Yoast SEO plugin. -->","yoast_head_json":{"title":"Mamul\u0117 M\u016b skaito","description":"\u2013 MMM ir \u016a\u016a\u016a. Bus M\u016a, \u2013 kartoja Mamul\u0117 M\u016b i\u0161 l\u0117to.Kaip sakoma, gera prad\u017eia \u2013 pus\u0117 darbo. O paskui galimaimtis ir rimtesni\u0173 skaitini\u0173. Juk knygose","robots":{"index":"index","follow":"follow","max-snippet":"max-snippet:-1","max-image-preview":"max-image-preview:large","max-video-preview":"max-video-preview:-1"},"canonical":"https:\/\/skaitytaknyga.lt\/en\/produktas\/mamule-mu-skaito\/","og_locale":"en_GB","og_type":"article","og_title":"[:lt]Mamul\u0117 M\u016b skaito[:] - Skaitytaknyga","og_description":"\u2013 MMM ir \u016a\u016a\u016a. Bus M\u016a, \u2013 kartoja Mamul\u0117 M\u016b i\u0161 l\u0117to.Kaip sakoma, gera prad\u017eia \u2013 pus\u0117 darbo. O paskui galimaimtis ir rimtesni\u0173 skaitini\u0173. Juk knygose","og_url":"https:\/\/skaitytaknyga.lt\/en\/produktas\/mamule-mu-skaito\/","og_site_name":"Skaitytaknyga","article_publisher":"https:\/\/www.facebook.com\/skaitytaknyga\/","article_modified_time":"2025-09-16T14:32:48+00:00","og_image":[{"width":389,"height":496,"url":"https:\/\/skaitytaknyga.lt\/wp-content\/uploads\/2025\/01\/Mamule-Mu-skaito.webp","type":"image\/webp"}],"twitter_card":"summary_large_image","twitter_misc":{"Estimated reading time":"1 minute"},"schema":{"@context":"https:\/\/schema.org","@graph":[{"@type":"WebPage","@id":"https:\/\/skaitytaknyga.lt\/produktas\/mamule-mu-skaito\/","url":"https:\/\/skaitytaknyga.lt\/produktas\/mamule-mu-skaito\/","name":"Mamul\u0117 M\u016b skaito","isPartOf":{"@id":"https:\/\/skaitytaknyga.lt\/#website"},"primaryImageOfPage":{"@id":"https:\/\/skaitytaknyga.lt\/produktas\/mamule-mu-skaito\/#primaryimage"},"image":{"@id":"https:\/\/skaitytaknyga.lt\/produktas\/mamule-mu-skaito\/#primaryimage"},"thumbnailUrl":"https:\/\/skaitytaknyga.lt\/wp-content\/uploads\/2025\/01\/Mamule-Mu-skaito.webp","datePublished":"2025-01-05T11:06:16+00:00","dateModified":"2025-09-16T14:32:48+00:00","description":"\u2013 MMM ir \u016a\u016a\u016a. Bus M\u016a, \u2013 kartoja Mamul\u0117 M\u016b i\u0161 l\u0117to.Kaip sakoma, gera prad\u017eia \u2013 pus\u0117 darbo. O paskui galimaimtis ir rimtesni\u0173 skaitini\u0173. Juk knygose","breadcrumb":{"@id":"https:\/\/skaitytaknyga.lt\/produktas\/mamule-mu-skaito\/#breadcrumb"},"inLanguage":"en-GB","potentialAction":[{"@type":"ReadAction","target":["https:\/\/skaitytaknyga.lt\/produktas\/mamule-mu-skaito\/"]}]},{"@type":"ImageObject","inLanguage":"en-GB","@id":"https:\/\/skaitytaknyga.lt\/produktas\/mamule-mu-skaito\/#primaryimage","url":"https:\/\/skaitytaknyga.lt\/wp-content\/uploads\/2025\/01\/Mamule-Mu-skaito.webp","contentUrl":"https:\/\/skaitytaknyga.lt\/wp-content\/uploads\/2025\/01\/Mamule-Mu-skaito.webp","width":389,"height":496,"caption":"Mamul\u0117 M\u016b skaito"},{"@type":"BreadcrumbList","@id":"https:\/\/skaitytaknyga.lt\/produktas\/mamule-mu-skaito\/#breadcrumb","itemListElement":[{"@type":"ListItem","position":1,"name":"Home","item":"https:\/\/skaitytaknyga.lt\/"},{"@type":"ListItem","position":2,"name":"Parduotuv\u0117","item":"https:\/\/skaitytaknyga.lt\/knygu-parduotuve\/"},{"@type":"ListItem","position":3,"name":"Mamul\u0117 M\u016b skaito"}]},{"@type":"WebSite","@id":"https:\/\/skaitytaknyga.lt\/#website","url":"https:\/\/skaitytaknyga.lt\/","name":"skaitytaknyga.lt","description":"Skaitytaknyga.lt \u2013 tai ma\u017eas \u0161eimos verslas, kuris prasid\u0117jo nuo meil\u0117s knygoms ir siekio i\u0161gelb\u0117ti knygas nuo likimo prie konteinerio. Kas vienam nereikalingas daiktas \u2013 kitam lobis, o mes esame tarpininkai, kurie padeda abiems tapti laimingesniems ???? \u017dinome kaip nelengva i\u0161gyventi ma\u017eiems verslams, tad nuo \u0161iol, \u010dia rasite ir kit\u0173, ma\u017e\u0173 \u0161eim\u0173 versl\u0173, rank\u0173 darbo, dovan\u0173 sau ir artimiesiems.","publisher":{"@id":"https:\/\/skaitytaknyga.lt\/#organization"},"potentialAction":[{"@type":"SearchAction","target":{"@type":"EntryPoint","urlTemplate":"https:\/\/skaitytaknyga.lt\/?s={search_term_string}"},"query-input":{"@type":"PropertyValueSpecification","valueRequired":true,"valueName":"search_term_string"}}],"inLanguage":"en-GB"},{"@type":"Organization","@id":"https:\/\/skaitytaknyga.lt\/#organization","name":"skaitytaknyga.lt","url":"https:\/\/skaitytaknyga.lt\/","logo":{"@type":"ImageObject","inLanguage":"en-GB","@id":"https:\/\/skaitytaknyga.lt\/#\/schema\/logo\/image\/","url":"https:\/\/skaitytaknyga.lt\/wp-content\/uploads\/2024\/05\/cropped-cropped-cropped-02_00843_jt3bggkj1j3HLc7SyY6rEUpg.jpeg","contentUrl":"https:\/\/skaitytaknyga.lt\/wp-content\/uploads\/2024\/05\/cropped-cropped-cropped-02_00843_jt3bggkj1j3HLc7SyY6rEUpg.jpeg","width":1600,"height":1600,"caption":"skaitytaknyga.lt"},"image":{"@id":"https:\/\/skaitytaknyga.lt\/#\/schema\/logo\/image\/"},"sameAs":["https:\/\/www.facebook.com\/skaitytaknyga\/"]}]}},"_links":{"self":[{"href":"https:\/\/skaitytaknyga.lt\/en\/wp-json\/wp\/v2\/product\/15792","targetHints":{"allow":["GET"]}}],"collection":[{"href":"https:\/\/skaitytaknyga.lt\/en\/wp-json\/wp\/v2\/product"}],"about":[{"href":"https:\/\/skaitytaknyga.lt\/en\/wp-json\/wp\/v2\/types\/product"}],"replies":[{"embeddable":true,"href":"https:\/\/skaitytaknyga.lt\/en\/wp-json\/wp\/v2\/comments?post=15792"}],"wp:featuredmedia":[{"embeddable":true,"href":"https:\/\/skaitytaknyga.lt\/en\/wp-json\/wp\/v2\/media\/15793"}],"wp:attachment":[{"href":"https:\/\/skaitytaknyga.lt\/en\/wp-json\/wp\/v2\/media?parent=15792"}],"wp:term":[{"taxonomy":"product_brand","embeddable":true,"href":"https:\/\/skaitytaknyga.lt\/en\/wp-json\/wp\/v2\/product_brand?post=15792"},{"taxonomy":"product_cat","embeddable":true,"href":"https:\/\/skaitytaknyga.lt\/en\/wp-json\/wp\/v2\/product_cat?post=15792"},{"taxonomy":"product_tag","embeddable":true,"href":"https:\/\/skaitytaknyga.lt\/en\/wp-json\/wp\/v2\/product_tag?post=15792"}],"curies":[{"name":"wp","href":"https:\/\/api.w.org\/{rel}","templated":true}]}}