{"id":15787,"date":"2025-01-05T13:01:21","date_gmt":"2025-01-05T11:01:21","guid":{"rendered":"https:\/\/skaitytaknyga.lt\/?post_type=product&#038;p=15787"},"modified":"2025-01-05T13:06:07","modified_gmt":"2025-01-05T11:06:07","slug":"ka-daryti-kilus-idejai","status":"publish","type":"product","link":"https:\/\/skaitytaknyga.lt\/en\/produktas\/ka-daryti-kilus-idejai\/","title":{"rendered":"K\u0105 daryti kilus id\u0117jai?"},"content":{"rendered":"<p>Vaikams nuolat kyla id\u0117j\u0173 &#8211; dr\u0105si\u0173, i\u0161rading\u0173, linksm\u0173, keistok\u0173, gera\u0161irdi\u0161k\u0173. Deja, aplinkiniai neretai \u0161ias id\u0117jas nuslopina, kartu nugesindami ir vaiko k\u016brybi\u0161kum\u0105, iniciatyv\u0105, potencial\u0105 ar net pasitik\u0117jim\u0105 savimi.<\/p>\n<p><em>New York Times<\/em>\u00a0bestseleriu tapusi knyga<strong>\u00a0\u201eK\u0105 daryti kilus id\u0117jai?\u201c<\/strong>\u00a0moko vaikus ir mus suaugusiuosius klausyti savo vidinio balso, pa\u0161aukimo, daryti tai, kas ne\u0161a daugiausia d\u017eiaugsmo ir tik\u0117ti savimi nepaisant kit\u0173 nuomon\u0117s, kritikos ar abejingumo. Kai tik\u0117jimas savo id\u0117ja auga, ji auga kartu su mumis, vien\u0105 dien\u0105 virsdama ka\u017ekuo dideliu ir gra\u017eiu, o gal net tuo, kas pakeis pasaul\u012f.<\/p>\n<p>Visk\u0105, k\u0105 matome aplinkui, ka\u017ekada buvo id\u0117ja. Kuo pavirs j\u016bs\u0173 id\u0117ja? Spr\u0119sti jums.<\/p>\n<p>Knyga laim\u0117jo kelis aukso medalius, tarp j\u0173 \u201eIndependent Publishers Award&#8221;, \u201eWashington State Book Award&#8221; ir \u201eMoonbeam&#8221; geriausi\u0173 vaiki\u0161k\u0173 knyg\u0173 apdovanojimuose.<\/p>\n<ul class=\"about-product d-none d-xl-block mt-4\">\n<li><strong>Autorius:<\/strong>\u00a0Kobi Yamada<\/li>\n<li><strong>Leid\u0117jas:<\/strong>\u00a0Apkabink m\u0117nul\u012f<\/li>\n<li><strong>Metai:<\/strong>\u00a02017<\/li>\n<li><strong>Puslapiai:<\/strong>\u00a036<\/li>\n<li class=\"toggleable type-new-formats \"><strong>ISBN:<\/strong>\u00a09786099587141<\/li>\n<li><strong>Versijos kodas:<\/strong>\u00a0PT.<\/li>\n<li class=\"toggleable type-new-formats \"><strong>Formatas:<\/strong>\u00a023,5 x 27,5 x 0,7 cm, kieti vir\u0161eliai<\/li>\n<li><strong>Kalba:<\/strong>\u00a0Lietuvi\u0173<\/li>\n<\/ul>\n","protected":false},"excerpt":{"rendered":"<p>Vaikams nuolat kyla id\u0117j\u0173 &#8211; dr\u0105si\u0173, i\u0161rading\u0173, linksm\u0173, keistok\u0173, gera\u0161irdi\u0161k\u0173. Deja, aplinkiniai neretai \u0161ias id\u0117jas nuslopina, kartu nugesindami ir vaiko k\u016brybi\u0161kum\u0105, iniciatyv\u0105, potencial\u0105 ar net pasitik\u0117jim\u0105 savimi. New York Times\u00a0bestseleriu tapusi knyga\u00a0\u201eK\u0105 daryti kilus id\u0117jai?\u201c\u00a0moko vaikus ir mus suaugusiuosius klausyti savo vidinio balso, pa\u0161aukimo, daryti tai, kas ne\u0161a daugiausia d\u017eiaugsmo ir tik\u0117ti savimi nepaisant kit\u0173 nuomon\u0117s, kritikos ar abejingumo. Kai tik\u0117jimas savo id\u0117ja auga, ji auga kartu su mumis, vien\u0105 dien\u0105 virsdama ka\u017ekuo dideliu ir gra\u017eiu, o gal net tuo, kas pakeis pasaul\u012f. Visk\u0105, k\u0105 matome aplinkui, ka\u017ekada buvo id\u0117ja. Kuo pavirs j\u016bs\u0173 id\u0117ja? Spr\u0119sti jums. Knyga laim\u0117jo kelis aukso medalius, tarp j\u0173 \u201eIndependent Publishers Award&#8221;, \u201eWashington State Book Award&#8221; ir \u201eMoonbeam&#8221; geriausi\u0173 vaiki\u0161k\u0173 knyg\u0173 apdovanojimuose. Autorius:\u00a0Kobi Yamada Leid\u0117jas:\u00a0Apkabink m\u0117nul\u012f Metai:\u00a02017 Puslapiai:\u00a036 ISBN:\u00a09786099587141 Versijos kodas:\u00a0PT. Formatas:\u00a023,5 x 27,5 x 0,7 cm, kieti vir\u0161eliai Kalba:\u00a0Lietuvi\u0173<\/p>\n","protected":false},"featured_media":15788,"comment_status":"open","ping_status":"closed","template":"","meta":{"_acf_changed":false,"site-sidebar-layout":"default","site-content-layout":"","ast-site-content-layout":"default","site-content-style":"default","site-sidebar-style":"default","ast-global-header-display":"","ast-banner-title-visibility":"","ast-main-header-display":"","ast-hfb-above-header-display":"","ast-hfb-below-header-display":"","ast-hfb-mobile-header-display":"","site-post-title":"","ast-breadcrumbs-content":"","ast-featured-img":"","footer-sml-layout":"","ast-disable-related-posts":"","theme-transparent-header-meta":"default","adv-header-id-meta":"","stick-header-meta":"","header-above-stick-meta":"","header-main-stick-meta":"","header-below-stick-meta":"","astra-migrate-meta-layouts":"set","ast-page-background-enabled":"default","ast-page-background-meta":{"desktop":{"background-color":"","background-image":"","background-repeat":"repeat","background-position":"center center","background-size":"auto","background-attachment":"scroll","background-type":"","background-media":"","overlay-type":"","overlay-color":"","overlay-opacity":"","overlay-gradient":""},"tablet":{"background-color":"","background-image":"","background-repeat":"repeat","background-position":"center center","background-size":"auto","background-attachment":"scroll","background-type":"","background-media":"","overlay-type":"","overlay-color":"","overlay-opacity":"","overlay-gradient":""},"mobile":{"background-color":"","background-image":"","background-repeat":"repeat","background-position":"center center","background-size":"auto","background-attachment":"scroll","background-type":"","background-media":"","overlay-type":"","overlay-color":"","overlay-opacity":"","overlay-gradient":""}},"ast-content-background-meta":{"desktop":{"background-color":"var(--ast-global-color-4)","background-image":"","background-repeat":"repeat","background-position":"center center","background-size":"auto","background-attachment":"scroll","background-type":"","background-media":"","overlay-type":"","overlay-color":"","overlay-opacity":"","overlay-gradient":""},"tablet":{"background-color":"var(--ast-global-color-4)","background-image":"","background-repeat":"repeat","background-position":"center center","background-size":"auto","background-attachment":"scroll","background-type":"","background-media":"","overlay-type":"","overlay-color":"","overlay-opacity":"","overlay-gradient":""},"mobile":{"background-color":"var(--ast-global-color-4)","background-image":"","background-repeat":"repeat","background-position":"center center","background-size":"auto","background-attachment":"scroll","background-type":"","background-media":"","overlay-type":"","overlay-color":"","overlay-opacity":"","overlay-gradient":""}}},"product_brand":[],"product_cat":[15,35],"product_tag":[],"class_list":{"0":"post-15787","1":"product","2":"type-product","3":"status-publish","4":"has-post-thumbnail","6":"product_cat-uncategorized","7":"product_cat-vaikams-ir-paaugliams","8":"desktop-align-left","9":"tablet-align-left","10":"mobile-align-left","12":"first","13":"instock","14":"shipping-taxable","15":"purchasable","16":"product-type-simple"},"acf":[],"yoast_head":"<!-- This site is optimized with the Yoast SEO plugin v27.0 - https:\/\/yoast.com\/product\/yoast-seo-wordpress\/ -->\n<title>K\u0105 daryti kilus id\u0117jai?<\/title>\n<meta name=\"description\" content=\"Vaikams nuolat kyla id\u0117j\u0173 - dr\u0105si\u0173, i\u0161rading\u0173, linksm\u0173, keistok\u0173, gera\u0161irdi\u0161k\u0173. Deja, aplinkiniai neretai \u0161ias id\u0117jas nuslopina, kartu nugesindami ir\" \/>\n<meta name=\"robots\" content=\"index, follow, max-snippet:-1, max-image-preview:large, max-video-preview:-1\" \/>\n<link rel=\"canonical\" href=\"https:\/\/skaitytaknyga.lt\/en\/produktas\/ka-daryti-kilus-idejai\/\" \/>\n<meta property=\"og:locale\" content=\"en_GB\" \/>\n<meta property=\"og:locale:alternate\" content=\"lt_LT\" \/>\n<meta property=\"og:type\" content=\"article\" \/>\n<meta property=\"og:title\" content=\"K\u0105 daryti kilus id\u0117jai?\" \/>\n<meta property=\"og:description\" content=\"Vaikams nuolat kyla id\u0117j\u0173 - dr\u0105si\u0173, i\u0161rading\u0173, linksm\u0173, keistok\u0173, gera\u0161irdi\u0161k\u0173. Deja, aplinkiniai neretai \u0161ias id\u0117jas nuslopina, kartu nugesindami ir\" \/>\n<meta property=\"og:url\" content=\"https:\/\/skaitytaknyga.lt\/en\/produktas\/ka-daryti-kilus-idejai\/\" \/>\n<meta property=\"og:site_name\" content=\"Skaitytaknyga\" \/>\n<meta property=\"article:publisher\" content=\"https:\/\/www.facebook.com\/skaitytaknyga\/\" \/>\n<meta property=\"article:modified_time\" content=\"2025-01-05T11:06:07+00:00\" \/>\n<meta property=\"og:image\" content=\"https:\/\/skaitytaknyga.lt\/wp-content\/uploads\/2025\/01\/Ka-daryti-kilus-idejai.webp\" \/>\n\t<meta property=\"og:image:width\" content=\"478\" \/>\n\t<meta property=\"og:image:height\" content=\"599\" \/>\n\t<meta property=\"og:image:type\" content=\"image\/webp\" \/>\n<meta name=\"twitter:card\" content=\"summary_large_image\" \/>\n<meta name=\"twitter:label1\" content=\"Estimated reading time\" \/>\n\t<meta name=\"twitter:data1\" content=\"1 minute\" \/>\n<script type=\"application\/ld+json\" class=\"yoast-schema-graph\">{\"@context\":\"https:\/\/schema.org\",\"@graph\":[{\"@type\":\"WebPage\",\"@id\":\"https:\/\/skaitytaknyga.lt\/produktas\/ka-daryti-kilus-idejai\/\",\"url\":\"https:\/\/skaitytaknyga.lt\/produktas\/ka-daryti-kilus-idejai\/\",\"name\":\"K\u0105 daryti kilus id\u0117jai?\",\"isPartOf\":{\"@id\":\"https:\/\/skaitytaknyga.lt\/#website\"},\"primaryImageOfPage\":{\"@id\":\"https:\/\/skaitytaknyga.lt\/produktas\/ka-daryti-kilus-idejai\/#primaryimage\"},\"image\":{\"@id\":\"https:\/\/skaitytaknyga.lt\/produktas\/ka-daryti-kilus-idejai\/#primaryimage\"},\"thumbnailUrl\":\"https:\/\/skaitytaknyga.lt\/wp-content\/uploads\/2025\/01\/Ka-daryti-kilus-idejai.webp\",\"datePublished\":\"2025-01-05T11:01:21+00:00\",\"dateModified\":\"2025-01-05T11:06:07+00:00\",\"description\":\"Vaikams nuolat kyla id\u0117j\u0173 - dr\u0105si\u0173, i\u0161rading\u0173, linksm\u0173, keistok\u0173, gera\u0161irdi\u0161k\u0173. Deja, aplinkiniai neretai \u0161ias id\u0117jas nuslopina, kartu nugesindami ir\",\"breadcrumb\":{\"@id\":\"https:\/\/skaitytaknyga.lt\/produktas\/ka-daryti-kilus-idejai\/#breadcrumb\"},\"inLanguage\":\"en-GB\",\"potentialAction\":[{\"@type\":\"ReadAction\",\"target\":[\"https:\/\/skaitytaknyga.lt\/produktas\/ka-daryti-kilus-idejai\/\"]}]},{\"@type\":\"ImageObject\",\"inLanguage\":\"en-GB\",\"@id\":\"https:\/\/skaitytaknyga.lt\/produktas\/ka-daryti-kilus-idejai\/#primaryimage\",\"url\":\"https:\/\/skaitytaknyga.lt\/wp-content\/uploads\/2025\/01\/Ka-daryti-kilus-idejai.webp\",\"contentUrl\":\"https:\/\/skaitytaknyga.lt\/wp-content\/uploads\/2025\/01\/Ka-daryti-kilus-idejai.webp\",\"width\":478,\"height\":599,\"caption\":\"K\u0105 daryti kilus id\u0117jai?\"},{\"@type\":\"BreadcrumbList\",\"@id\":\"https:\/\/skaitytaknyga.lt\/produktas\/ka-daryti-kilus-idejai\/#breadcrumb\",\"itemListElement\":[{\"@type\":\"ListItem\",\"position\":1,\"name\":\"Home\",\"item\":\"https:\/\/skaitytaknyga.lt\/\"},{\"@type\":\"ListItem\",\"position\":2,\"name\":\"Parduotuv\u0117\",\"item\":\"https:\/\/skaitytaknyga.lt\/knygu-parduotuve\/\"},{\"@type\":\"ListItem\",\"position\":3,\"name\":\"K\u0105 daryti kilus id\u0117jai?\"}]},{\"@type\":\"WebSite\",\"@id\":\"https:\/\/skaitytaknyga.lt\/#website\",\"url\":\"https:\/\/skaitytaknyga.lt\/\",\"name\":\"skaitytaknyga.lt\",\"description\":\"Skaitytaknyga.lt \u2013 tai ma\u017eas \u0161eimos verslas, kuris prasid\u0117jo nuo meil\u0117s knygoms ir siekio i\u0161gelb\u0117ti knygas nuo likimo prie konteinerio. Kas vienam nereikalingas daiktas \u2013 kitam lobis, o mes esame tarpininkai, kurie padeda abiems tapti laimingesniems ???? \u017dinome kaip nelengva i\u0161gyventi ma\u017eiems verslams, tad nuo \u0161iol, \u010dia rasite ir kit\u0173, ma\u017e\u0173 \u0161eim\u0173 versl\u0173, rank\u0173 darbo, dovan\u0173 sau ir artimiesiems.\",\"publisher\":{\"@id\":\"https:\/\/skaitytaknyga.lt\/#organization\"},\"potentialAction\":[{\"@type\":\"SearchAction\",\"target\":{\"@type\":\"EntryPoint\",\"urlTemplate\":\"https:\/\/skaitytaknyga.lt\/?s={search_term_string}\"},\"query-input\":{\"@type\":\"PropertyValueSpecification\",\"valueRequired\":true,\"valueName\":\"search_term_string\"}}],\"inLanguage\":\"en-GB\"},{\"@type\":\"Organization\",\"@id\":\"https:\/\/skaitytaknyga.lt\/#organization\",\"name\":\"skaitytaknyga.lt\",\"url\":\"https:\/\/skaitytaknyga.lt\/\",\"logo\":{\"@type\":\"ImageObject\",\"inLanguage\":\"en-GB\",\"@id\":\"https:\/\/skaitytaknyga.lt\/#\/schema\/logo\/image\/\",\"url\":\"https:\/\/skaitytaknyga.lt\/wp-content\/uploads\/2024\/05\/cropped-cropped-cropped-02_00843_jt3bggkj1j3HLc7SyY6rEUpg.jpeg\",\"contentUrl\":\"https:\/\/skaitytaknyga.lt\/wp-content\/uploads\/2024\/05\/cropped-cropped-cropped-02_00843_jt3bggkj1j3HLc7SyY6rEUpg.jpeg\",\"width\":1600,\"height\":1600,\"caption\":\"skaitytaknyga.lt\"},\"image\":{\"@id\":\"https:\/\/skaitytaknyga.lt\/#\/schema\/logo\/image\/\"},\"sameAs\":[\"https:\/\/www.facebook.com\/skaitytaknyga\/\"]}]}<\/script>\n<!-- \/ Yoast SEO plugin. -->","yoast_head_json":{"title":"K\u0105 daryti kilus id\u0117jai?","description":"Vaikams nuolat kyla id\u0117j\u0173 - dr\u0105si\u0173, i\u0161rading\u0173, linksm\u0173, keistok\u0173, gera\u0161irdi\u0161k\u0173. Deja, aplinkiniai neretai \u0161ias id\u0117jas nuslopina, kartu nugesindami ir","robots":{"index":"index","follow":"follow","max-snippet":"max-snippet:-1","max-image-preview":"max-image-preview:large","max-video-preview":"max-video-preview:-1"},"canonical":"https:\/\/skaitytaknyga.lt\/en\/produktas\/ka-daryti-kilus-idejai\/","og_locale":"en_GB","og_type":"article","og_title":"[:lt]K\u0105 daryti kilus id\u0117jai?[:] - Skaitytaknyga","og_description":"Vaikams nuolat kyla id\u0117j\u0173 - dr\u0105si\u0173, i\u0161rading\u0173, linksm\u0173, keistok\u0173, gera\u0161irdi\u0161k\u0173. Deja, aplinkiniai neretai \u0161ias id\u0117jas nuslopina, kartu nugesindami ir","og_url":"https:\/\/skaitytaknyga.lt\/en\/produktas\/ka-daryti-kilus-idejai\/","og_site_name":"Skaitytaknyga","article_publisher":"https:\/\/www.facebook.com\/skaitytaknyga\/","article_modified_time":"2025-01-05T11:06:07+00:00","og_image":[{"width":478,"height":599,"url":"https:\/\/skaitytaknyga.lt\/wp-content\/uploads\/2025\/01\/Ka-daryti-kilus-idejai.webp","type":"image\/webp"}],"twitter_card":"summary_large_image","twitter_misc":{"Estimated reading time":"1 minute"},"schema":{"@context":"https:\/\/schema.org","@graph":[{"@type":"WebPage","@id":"https:\/\/skaitytaknyga.lt\/produktas\/ka-daryti-kilus-idejai\/","url":"https:\/\/skaitytaknyga.lt\/produktas\/ka-daryti-kilus-idejai\/","name":"K\u0105 daryti kilus id\u0117jai?","isPartOf":{"@id":"https:\/\/skaitytaknyga.lt\/#website"},"primaryImageOfPage":{"@id":"https:\/\/skaitytaknyga.lt\/produktas\/ka-daryti-kilus-idejai\/#primaryimage"},"image":{"@id":"https:\/\/skaitytaknyga.lt\/produktas\/ka-daryti-kilus-idejai\/#primaryimage"},"thumbnailUrl":"https:\/\/skaitytaknyga.lt\/wp-content\/uploads\/2025\/01\/Ka-daryti-kilus-idejai.webp","datePublished":"2025-01-05T11:01:21+00:00","dateModified":"2025-01-05T11:06:07+00:00","description":"Vaikams nuolat kyla id\u0117j\u0173 - dr\u0105si\u0173, i\u0161rading\u0173, linksm\u0173, keistok\u0173, gera\u0161irdi\u0161k\u0173. Deja, aplinkiniai neretai \u0161ias id\u0117jas nuslopina, kartu nugesindami ir","breadcrumb":{"@id":"https:\/\/skaitytaknyga.lt\/produktas\/ka-daryti-kilus-idejai\/#breadcrumb"},"inLanguage":"en-GB","potentialAction":[{"@type":"ReadAction","target":["https:\/\/skaitytaknyga.lt\/produktas\/ka-daryti-kilus-idejai\/"]}]},{"@type":"ImageObject","inLanguage":"en-GB","@id":"https:\/\/skaitytaknyga.lt\/produktas\/ka-daryti-kilus-idejai\/#primaryimage","url":"https:\/\/skaitytaknyga.lt\/wp-content\/uploads\/2025\/01\/Ka-daryti-kilus-idejai.webp","contentUrl":"https:\/\/skaitytaknyga.lt\/wp-content\/uploads\/2025\/01\/Ka-daryti-kilus-idejai.webp","width":478,"height":599,"caption":"K\u0105 daryti kilus id\u0117jai?"},{"@type":"BreadcrumbList","@id":"https:\/\/skaitytaknyga.lt\/produktas\/ka-daryti-kilus-idejai\/#breadcrumb","itemListElement":[{"@type":"ListItem","position":1,"name":"Home","item":"https:\/\/skaitytaknyga.lt\/"},{"@type":"ListItem","position":2,"name":"Parduotuv\u0117","item":"https:\/\/skaitytaknyga.lt\/knygu-parduotuve\/"},{"@type":"ListItem","position":3,"name":"K\u0105 daryti kilus id\u0117jai?"}]},{"@type":"WebSite","@id":"https:\/\/skaitytaknyga.lt\/#website","url":"https:\/\/skaitytaknyga.lt\/","name":"skaitytaknyga.lt","description":"Skaitytaknyga.lt \u2013 tai ma\u017eas \u0161eimos verslas, kuris prasid\u0117jo nuo meil\u0117s knygoms ir siekio i\u0161gelb\u0117ti knygas nuo likimo prie konteinerio. Kas vienam nereikalingas daiktas \u2013 kitam lobis, o mes esame tarpininkai, kurie padeda abiems tapti laimingesniems ???? \u017dinome kaip nelengva i\u0161gyventi ma\u017eiems verslams, tad nuo \u0161iol, \u010dia rasite ir kit\u0173, ma\u017e\u0173 \u0161eim\u0173 versl\u0173, rank\u0173 darbo, dovan\u0173 sau ir artimiesiems.","publisher":{"@id":"https:\/\/skaitytaknyga.lt\/#organization"},"potentialAction":[{"@type":"SearchAction","target":{"@type":"EntryPoint","urlTemplate":"https:\/\/skaitytaknyga.lt\/?s={search_term_string}"},"query-input":{"@type":"PropertyValueSpecification","valueRequired":true,"valueName":"search_term_string"}}],"inLanguage":"en-GB"},{"@type":"Organization","@id":"https:\/\/skaitytaknyga.lt\/#organization","name":"skaitytaknyga.lt","url":"https:\/\/skaitytaknyga.lt\/","logo":{"@type":"ImageObject","inLanguage":"en-GB","@id":"https:\/\/skaitytaknyga.lt\/#\/schema\/logo\/image\/","url":"https:\/\/skaitytaknyga.lt\/wp-content\/uploads\/2024\/05\/cropped-cropped-cropped-02_00843_jt3bggkj1j3HLc7SyY6rEUpg.jpeg","contentUrl":"https:\/\/skaitytaknyga.lt\/wp-content\/uploads\/2024\/05\/cropped-cropped-cropped-02_00843_jt3bggkj1j3HLc7SyY6rEUpg.jpeg","width":1600,"height":1600,"caption":"skaitytaknyga.lt"},"image":{"@id":"https:\/\/skaitytaknyga.lt\/#\/schema\/logo\/image\/"},"sameAs":["https:\/\/www.facebook.com\/skaitytaknyga\/"]}]}},"_links":{"self":[{"href":"https:\/\/skaitytaknyga.lt\/en\/wp-json\/wp\/v2\/product\/15787","targetHints":{"allow":["GET"]}}],"collection":[{"href":"https:\/\/skaitytaknyga.lt\/en\/wp-json\/wp\/v2\/product"}],"about":[{"href":"https:\/\/skaitytaknyga.lt\/en\/wp-json\/wp\/v2\/types\/product"}],"replies":[{"embeddable":true,"href":"https:\/\/skaitytaknyga.lt\/en\/wp-json\/wp\/v2\/comments?post=15787"}],"wp:featuredmedia":[{"embeddable":true,"href":"https:\/\/skaitytaknyga.lt\/en\/wp-json\/wp\/v2\/media\/15788"}],"wp:attachment":[{"href":"https:\/\/skaitytaknyga.lt\/en\/wp-json\/wp\/v2\/media?parent=15787"}],"wp:term":[{"taxonomy":"product_brand","embeddable":true,"href":"https:\/\/skaitytaknyga.lt\/en\/wp-json\/wp\/v2\/product_brand?post=15787"},{"taxonomy":"product_cat","embeddable":true,"href":"https:\/\/skaitytaknyga.lt\/en\/wp-json\/wp\/v2\/product_cat?post=15787"},{"taxonomy":"product_tag","embeddable":true,"href":"https:\/\/skaitytaknyga.lt\/en\/wp-json\/wp\/v2\/product_tag?post=15787"}],"curies":[{"name":"wp","href":"https:\/\/api.w.org\/{rel}","templated":true}]}}