{"id":15782,"date":"2025-01-05T12:45:45","date_gmt":"2025-01-05T10:45:45","guid":{"rendered":"https:\/\/skaitytaknyga.lt\/?post_type=product&#038;p=15782"},"modified":"2025-05-28T11:12:16","modified_gmt":"2025-05-28T08:12:16","slug":"mazi-eziuko-sapnai","status":"publish","type":"product","link":"https:\/\/skaitytaknyga.lt\/en\/produktas\/mazi-eziuko-sapnai\/","title":{"rendered":"Ma\u017ei e\u017eiuko sapnai"},"content":{"rendered":"<p>Ar \u017einai, kuo kvepia sapnas? O ar numanai, kokios jis spalvos? Ma\u017easis e\u017eiukas mielai pad\u0117s su\u017einoti.<\/p>\n<p>Kiekvien\u0105 ryt\u0105 nuvarg\u0119s po nakties \u017eygi\u0173 jis u\u017emerkia akis ir snaudulys nuplukdo j\u012f \u012f kit\u0105, stebukling\u0105 sapn\u0173 pasaul\u012f, kur viskas klostosi kitaip. Ten e\u017eiukas verda arbat\u0105 e\u017ei\u0173 saulei, traukia dainas vaiduokliukui, ruo\u0161ia bi\u010diuliams dovan\u0117les, plaukioja upelyje, skraido balion\u0117liu&#8230; Verskis ant \u0161ono ir sapnuok kartu!<\/p>\n<p><strong>Selemonas Paltanavi\u010dius<\/strong>\u00a0(g. 1956 m.) \u2013 ne tik \u017einomas gamtininkas ir fotografas, bet ir daugelio knygeli\u0173 vaikams autorius. Jose ra\u0161ytojas atskleid\u017eia stebuklingo gamtos pasaulio paslaptis ir supa\u017eindina su jo gyventojais. \u0160\u012fkart leiskim\u0117s \u012f keliones po sapnus su svajokliu e\u017eiuku. Juk sapnuose pasaulis visai kitoks&#8230; O kartais teks susim\u0105styti \u2013 ar \u010dia sapnas, ar tikrov\u0117?<\/p>\n<p>Jaukias knygos iliustracijas susapnavo ir nupie\u0161\u0117 dailinink\u0117 Lina Eitmantyt\u0117-Valu\u017eien\u0117.<\/p>\n<ul class=\"about-product d-none d-xl-block mt-4\">\n<li><strong>Autorius:<\/strong>\u00a0Selemonas Paltanavi\u010dius<\/li>\n<li><strong>Leid\u0117jas:<\/strong>\u00a0Nieko rimto<\/li>\n<li><strong>Metai:<\/strong>\u00a02015<\/li>\n<li><strong>Puslapiai:<\/strong>\u00a056<\/li>\n<li class=\"toggleable type-new-formats \"><strong>ISBN:<\/strong>\u00a09786094413421<\/li>\n<li><strong>Versijos kodas:<\/strong>\u00a0PT.<\/li>\n<li class=\"toggleable type-new-formats \"><strong>Formatas:<\/strong>\u00a021,9 x 24,6 cm, kieti vir\u0161eliai<\/li>\n<li><strong>Kalba:<\/strong>\u00a0Lietuvi\u0173<\/li>\n<\/ul>\n","protected":false},"excerpt":{"rendered":"<p>Ar \u017einai, kuo kvepia sapnas? O ar numanai, kokios jis spalvos? Ma\u017easis e\u017eiukas mielai pad\u0117s su\u017einoti. Kiekvien\u0105 ryt\u0105 nuvarg\u0119s po nakties \u017eygi\u0173 jis u\u017emerkia akis ir snaudulys nuplukdo j\u012f \u012f kit\u0105, stebukling\u0105 sapn\u0173 pasaul\u012f, kur viskas klostosi kitaip. Ten e\u017eiukas verda arbat\u0105 e\u017ei\u0173 saulei, traukia dainas vaiduokliukui, ruo\u0161ia bi\u010diuliams dovan\u0117les, plaukioja upelyje, skraido balion\u0117liu&#8230; Verskis ant \u0161ono ir sapnuok kartu! Selemonas Paltanavi\u010dius\u00a0(g. 1956 m.) \u2013 ne tik \u017einomas gamtininkas ir fotografas, bet ir daugelio knygeli\u0173 vaikams autorius. Jose ra\u0161ytojas atskleid\u017eia stebuklingo gamtos pasaulio paslaptis ir supa\u017eindina su jo gyventojais. \u0160\u012fkart leiskim\u0117s \u012f keliones po sapnus su svajokliu e\u017eiuku. Juk sapnuose pasaulis visai kitoks&#8230; O kartais teks susim\u0105styti \u2013 ar \u010dia sapnas, ar tikrov\u0117? Jaukias knygos iliustracijas susapnavo ir nupie\u0161\u0117 dailinink\u0117 Lina Eitmantyt\u0117-Valu\u017eien\u0117. Autorius:\u00a0Selemonas Paltanavi\u010dius Leid\u0117jas:\u00a0Nieko rimto Metai:\u00a02015 Puslapiai:\u00a056 ISBN:\u00a09786094413421 Versijos kodas:\u00a0PT. Formatas:\u00a021,9 x 24,6 cm, kieti vir\u0161eliai Kalba:\u00a0Lietuvi\u0173<\/p>\n","protected":false},"featured_media":15783,"comment_status":"open","ping_status":"closed","template":"","meta":{"_acf_changed":false,"site-sidebar-layout":"default","site-content-layout":"","ast-site-content-layout":"default","site-content-style":"default","site-sidebar-style":"default","ast-global-header-display":"","ast-banner-title-visibility":"","ast-main-header-display":"","ast-hfb-above-header-display":"","ast-hfb-below-header-display":"","ast-hfb-mobile-header-display":"","site-post-title":"","ast-breadcrumbs-content":"","ast-featured-img":"","footer-sml-layout":"","ast-disable-related-posts":"","theme-transparent-header-meta":"default","adv-header-id-meta":"","stick-header-meta":"","header-above-stick-meta":"","header-main-stick-meta":"","header-below-stick-meta":"","astra-migrate-meta-layouts":"set","ast-page-background-enabled":"default","ast-page-background-meta":{"desktop":{"background-color":"","background-image":"","background-repeat":"repeat","background-position":"center center","background-size":"auto","background-attachment":"scroll","background-type":"","background-media":"","overlay-type":"","overlay-color":"","overlay-opacity":"","overlay-gradient":""},"tablet":{"background-color":"","background-image":"","background-repeat":"repeat","background-position":"center center","background-size":"auto","background-attachment":"scroll","background-type":"","background-media":"","overlay-type":"","overlay-color":"","overlay-opacity":"","overlay-gradient":""},"mobile":{"background-color":"","background-image":"","background-repeat":"repeat","background-position":"center center","background-size":"auto","background-attachment":"scroll","background-type":"","background-media":"","overlay-type":"","overlay-color":"","overlay-opacity":"","overlay-gradient":""}},"ast-content-background-meta":{"desktop":{"background-color":"var(--ast-global-color-4)","background-image":"","background-repeat":"repeat","background-position":"center center","background-size":"auto","background-attachment":"scroll","background-type":"","background-media":"","overlay-type":"","overlay-color":"","overlay-opacity":"","overlay-gradient":""},"tablet":{"background-color":"var(--ast-global-color-4)","background-image":"","background-repeat":"repeat","background-position":"center center","background-size":"auto","background-attachment":"scroll","background-type":"","background-media":"","overlay-type":"","overlay-color":"","overlay-opacity":"","overlay-gradient":""},"mobile":{"background-color":"var(--ast-global-color-4)","background-image":"","background-repeat":"repeat","background-position":"center center","background-size":"auto","background-attachment":"scroll","background-type":"","background-media":"","overlay-type":"","overlay-color":"","overlay-opacity":"","overlay-gradient":""}}},"product_brand":[],"product_cat":[15,35],"product_tag":[3629,4589,1785],"class_list":{"0":"post-15782","1":"product","2":"type-product","3":"status-publish","4":"has-post-thumbnail","6":"product_cat-uncategorized","7":"product_cat-vaikams-ir-paaugliams","8":"product_tag-sapnai","9":"product_tag-selemonas-paltanavicius","10":"product_tag-vaikams","11":"desktop-align-left","12":"tablet-align-left","13":"mobile-align-left","15":"first","16":"outofstock","17":"shipping-taxable","18":"purchasable","19":"product-type-simple"},"acf":[],"yoast_head":"<!-- This site is optimized with the Yoast SEO plugin v27.0 - https:\/\/yoast.com\/product\/yoast-seo-wordpress\/ -->\n<title>Ma\u017ei e\u017eiuko sapnai<\/title>\n<meta name=\"description\" content=\"Ar \u017einai, kuo kvepia sapnas? O ar numanai, kokios jis spalvos? Ma\u017easis e\u017eiukas mielai pad\u0117s su\u017einoti. Kiekvien\u0105 ryt\u0105 nuvarg\u0119s po nakties \u017eygi\u0173 jis\" \/>\n<meta name=\"robots\" content=\"index, follow, max-snippet:-1, max-image-preview:large, max-video-preview:-1\" \/>\n<link rel=\"canonical\" href=\"https:\/\/skaitytaknyga.lt\/en\/produktas\/mazi-eziuko-sapnai\/\" \/>\n<meta property=\"og:locale\" content=\"en_GB\" \/>\n<meta property=\"og:locale:alternate\" content=\"lt_LT\" \/>\n<meta property=\"og:type\" content=\"article\" \/>\n<meta property=\"og:title\" content=\"Ma\u017ei e\u017eiuko sapnai\" \/>\n<meta property=\"og:description\" content=\"Ar \u017einai, kuo kvepia sapnas? O ar numanai, kokios jis spalvos? Ma\u017easis e\u017eiukas mielai pad\u0117s su\u017einoti. Kiekvien\u0105 ryt\u0105 nuvarg\u0119s po nakties \u017eygi\u0173 jis\" \/>\n<meta property=\"og:url\" content=\"https:\/\/skaitytaknyga.lt\/en\/produktas\/mazi-eziuko-sapnai\/\" \/>\n<meta property=\"og:site_name\" content=\"Skaitytaknyga\" \/>\n<meta property=\"article:publisher\" content=\"https:\/\/www.facebook.com\/skaitytaknyga\/\" \/>\n<meta property=\"article:modified_time\" content=\"2025-05-28T08:12:16+00:00\" \/>\n<meta property=\"og:image\" content=\"https:\/\/skaitytaknyga.lt\/wp-content\/uploads\/2025\/01\/Mazi-eziuko-sapnai.webp\" \/>\n\t<meta property=\"og:image:width\" content=\"356\" \/>\n\t<meta property=\"og:image:height\" content=\"400\" \/>\n\t<meta property=\"og:image:type\" content=\"image\/webp\" \/>\n<meta name=\"twitter:card\" content=\"summary_large_image\" \/>\n<meta name=\"twitter:label1\" content=\"Estimated reading time\" \/>\n\t<meta name=\"twitter:data1\" content=\"1 minute\" \/>\n<script type=\"application\/ld+json\" class=\"yoast-schema-graph\">{\"@context\":\"https:\/\/schema.org\",\"@graph\":[{\"@type\":\"WebPage\",\"@id\":\"https:\/\/skaitytaknyga.lt\/produktas\/mazi-eziuko-sapnai\/\",\"url\":\"https:\/\/skaitytaknyga.lt\/produktas\/mazi-eziuko-sapnai\/\",\"name\":\"Ma\u017ei e\u017eiuko sapnai\",\"isPartOf\":{\"@id\":\"https:\/\/skaitytaknyga.lt\/#website\"},\"primaryImageOfPage\":{\"@id\":\"https:\/\/skaitytaknyga.lt\/produktas\/mazi-eziuko-sapnai\/#primaryimage\"},\"image\":{\"@id\":\"https:\/\/skaitytaknyga.lt\/produktas\/mazi-eziuko-sapnai\/#primaryimage\"},\"thumbnailUrl\":\"https:\/\/skaitytaknyga.lt\/wp-content\/uploads\/2025\/01\/Mazi-eziuko-sapnai.webp\",\"datePublished\":\"2025-01-05T10:45:45+00:00\",\"dateModified\":\"2025-05-28T08:12:16+00:00\",\"description\":\"Ar \u017einai, kuo kvepia sapnas? O ar numanai, kokios jis spalvos? Ma\u017easis e\u017eiukas mielai pad\u0117s su\u017einoti. Kiekvien\u0105 ryt\u0105 nuvarg\u0119s po nakties \u017eygi\u0173 jis\",\"breadcrumb\":{\"@id\":\"https:\/\/skaitytaknyga.lt\/produktas\/mazi-eziuko-sapnai\/#breadcrumb\"},\"inLanguage\":\"en-GB\",\"potentialAction\":[{\"@type\":\"ReadAction\",\"target\":[\"https:\/\/skaitytaknyga.lt\/produktas\/mazi-eziuko-sapnai\/\"]}]},{\"@type\":\"ImageObject\",\"inLanguage\":\"en-GB\",\"@id\":\"https:\/\/skaitytaknyga.lt\/produktas\/mazi-eziuko-sapnai\/#primaryimage\",\"url\":\"https:\/\/skaitytaknyga.lt\/wp-content\/uploads\/2025\/01\/Mazi-eziuko-sapnai.webp\",\"contentUrl\":\"https:\/\/skaitytaknyga.lt\/wp-content\/uploads\/2025\/01\/Mazi-eziuko-sapnai.webp\",\"width\":356,\"height\":400,\"caption\":\"Ma\u017ei e\u017eiuko sapnai\"},{\"@type\":\"BreadcrumbList\",\"@id\":\"https:\/\/skaitytaknyga.lt\/produktas\/mazi-eziuko-sapnai\/#breadcrumb\",\"itemListElement\":[{\"@type\":\"ListItem\",\"position\":1,\"name\":\"Home\",\"item\":\"https:\/\/skaitytaknyga.lt\/\"},{\"@type\":\"ListItem\",\"position\":2,\"name\":\"Parduotuv\u0117\",\"item\":\"https:\/\/skaitytaknyga.lt\/knygu-parduotuve\/\"},{\"@type\":\"ListItem\",\"position\":3,\"name\":\"Ma\u017ei e\u017eiuko sapnai\"}]},{\"@type\":\"WebSite\",\"@id\":\"https:\/\/skaitytaknyga.lt\/#website\",\"url\":\"https:\/\/skaitytaknyga.lt\/\",\"name\":\"skaitytaknyga.lt\",\"description\":\"Skaitytaknyga.lt \u2013 tai ma\u017eas \u0161eimos verslas, kuris prasid\u0117jo nuo meil\u0117s knygoms ir siekio i\u0161gelb\u0117ti knygas nuo likimo prie konteinerio. Kas vienam nereikalingas daiktas \u2013 kitam lobis, o mes esame tarpininkai, kurie padeda abiems tapti laimingesniems ???? \u017dinome kaip nelengva i\u0161gyventi ma\u017eiems verslams, tad nuo \u0161iol, \u010dia rasite ir kit\u0173, ma\u017e\u0173 \u0161eim\u0173 versl\u0173, rank\u0173 darbo, dovan\u0173 sau ir artimiesiems.\",\"publisher\":{\"@id\":\"https:\/\/skaitytaknyga.lt\/#organization\"},\"potentialAction\":[{\"@type\":\"SearchAction\",\"target\":{\"@type\":\"EntryPoint\",\"urlTemplate\":\"https:\/\/skaitytaknyga.lt\/?s={search_term_string}\"},\"query-input\":{\"@type\":\"PropertyValueSpecification\",\"valueRequired\":true,\"valueName\":\"search_term_string\"}}],\"inLanguage\":\"en-GB\"},{\"@type\":\"Organization\",\"@id\":\"https:\/\/skaitytaknyga.lt\/#organization\",\"name\":\"skaitytaknyga.lt\",\"url\":\"https:\/\/skaitytaknyga.lt\/\",\"logo\":{\"@type\":\"ImageObject\",\"inLanguage\":\"en-GB\",\"@id\":\"https:\/\/skaitytaknyga.lt\/#\/schema\/logo\/image\/\",\"url\":\"https:\/\/skaitytaknyga.lt\/wp-content\/uploads\/2024\/05\/cropped-cropped-cropped-02_00843_jt3bggkj1j3HLc7SyY6rEUpg.jpeg\",\"contentUrl\":\"https:\/\/skaitytaknyga.lt\/wp-content\/uploads\/2024\/05\/cropped-cropped-cropped-02_00843_jt3bggkj1j3HLc7SyY6rEUpg.jpeg\",\"width\":1600,\"height\":1600,\"caption\":\"skaitytaknyga.lt\"},\"image\":{\"@id\":\"https:\/\/skaitytaknyga.lt\/#\/schema\/logo\/image\/\"},\"sameAs\":[\"https:\/\/www.facebook.com\/skaitytaknyga\/\"]}]}<\/script>\n<!-- \/ Yoast SEO plugin. -->","yoast_head_json":{"title":"Ma\u017ei e\u017eiuko sapnai","description":"Ar \u017einai, kuo kvepia sapnas? O ar numanai, kokios jis spalvos? Ma\u017easis e\u017eiukas mielai pad\u0117s su\u017einoti. Kiekvien\u0105 ryt\u0105 nuvarg\u0119s po nakties \u017eygi\u0173 jis","robots":{"index":"index","follow":"follow","max-snippet":"max-snippet:-1","max-image-preview":"max-image-preview:large","max-video-preview":"max-video-preview:-1"},"canonical":"https:\/\/skaitytaknyga.lt\/en\/produktas\/mazi-eziuko-sapnai\/","og_locale":"en_GB","og_type":"article","og_title":"[:lt]Ma\u017ei e\u017eiuko sapnai[:] - Skaitytaknyga","og_description":"Ar \u017einai, kuo kvepia sapnas? O ar numanai, kokios jis spalvos? Ma\u017easis e\u017eiukas mielai pad\u0117s su\u017einoti. Kiekvien\u0105 ryt\u0105 nuvarg\u0119s po nakties \u017eygi\u0173 jis","og_url":"https:\/\/skaitytaknyga.lt\/en\/produktas\/mazi-eziuko-sapnai\/","og_site_name":"Skaitytaknyga","article_publisher":"https:\/\/www.facebook.com\/skaitytaknyga\/","article_modified_time":"2025-05-28T08:12:16+00:00","og_image":[{"width":356,"height":400,"url":"https:\/\/skaitytaknyga.lt\/wp-content\/uploads\/2025\/01\/Mazi-eziuko-sapnai.webp","type":"image\/webp"}],"twitter_card":"summary_large_image","twitter_misc":{"Estimated reading time":"1 minute"},"schema":{"@context":"https:\/\/schema.org","@graph":[{"@type":"WebPage","@id":"https:\/\/skaitytaknyga.lt\/produktas\/mazi-eziuko-sapnai\/","url":"https:\/\/skaitytaknyga.lt\/produktas\/mazi-eziuko-sapnai\/","name":"Ma\u017ei e\u017eiuko sapnai","isPartOf":{"@id":"https:\/\/skaitytaknyga.lt\/#website"},"primaryImageOfPage":{"@id":"https:\/\/skaitytaknyga.lt\/produktas\/mazi-eziuko-sapnai\/#primaryimage"},"image":{"@id":"https:\/\/skaitytaknyga.lt\/produktas\/mazi-eziuko-sapnai\/#primaryimage"},"thumbnailUrl":"https:\/\/skaitytaknyga.lt\/wp-content\/uploads\/2025\/01\/Mazi-eziuko-sapnai.webp","datePublished":"2025-01-05T10:45:45+00:00","dateModified":"2025-05-28T08:12:16+00:00","description":"Ar \u017einai, kuo kvepia sapnas? O ar numanai, kokios jis spalvos? Ma\u017easis e\u017eiukas mielai pad\u0117s su\u017einoti. Kiekvien\u0105 ryt\u0105 nuvarg\u0119s po nakties \u017eygi\u0173 jis","breadcrumb":{"@id":"https:\/\/skaitytaknyga.lt\/produktas\/mazi-eziuko-sapnai\/#breadcrumb"},"inLanguage":"en-GB","potentialAction":[{"@type":"ReadAction","target":["https:\/\/skaitytaknyga.lt\/produktas\/mazi-eziuko-sapnai\/"]}]},{"@type":"ImageObject","inLanguage":"en-GB","@id":"https:\/\/skaitytaknyga.lt\/produktas\/mazi-eziuko-sapnai\/#primaryimage","url":"https:\/\/skaitytaknyga.lt\/wp-content\/uploads\/2025\/01\/Mazi-eziuko-sapnai.webp","contentUrl":"https:\/\/skaitytaknyga.lt\/wp-content\/uploads\/2025\/01\/Mazi-eziuko-sapnai.webp","width":356,"height":400,"caption":"Ma\u017ei e\u017eiuko sapnai"},{"@type":"BreadcrumbList","@id":"https:\/\/skaitytaknyga.lt\/produktas\/mazi-eziuko-sapnai\/#breadcrumb","itemListElement":[{"@type":"ListItem","position":1,"name":"Home","item":"https:\/\/skaitytaknyga.lt\/"},{"@type":"ListItem","position":2,"name":"Parduotuv\u0117","item":"https:\/\/skaitytaknyga.lt\/knygu-parduotuve\/"},{"@type":"ListItem","position":3,"name":"Ma\u017ei e\u017eiuko sapnai"}]},{"@type":"WebSite","@id":"https:\/\/skaitytaknyga.lt\/#website","url":"https:\/\/skaitytaknyga.lt\/","name":"skaitytaknyga.lt","description":"Skaitytaknyga.lt \u2013 tai ma\u017eas \u0161eimos verslas, kuris prasid\u0117jo nuo meil\u0117s knygoms ir siekio i\u0161gelb\u0117ti knygas nuo likimo prie konteinerio. Kas vienam nereikalingas daiktas \u2013 kitam lobis, o mes esame tarpininkai, kurie padeda abiems tapti laimingesniems ???? \u017dinome kaip nelengva i\u0161gyventi ma\u017eiems verslams, tad nuo \u0161iol, \u010dia rasite ir kit\u0173, ma\u017e\u0173 \u0161eim\u0173 versl\u0173, rank\u0173 darbo, dovan\u0173 sau ir artimiesiems.","publisher":{"@id":"https:\/\/skaitytaknyga.lt\/#organization"},"potentialAction":[{"@type":"SearchAction","target":{"@type":"EntryPoint","urlTemplate":"https:\/\/skaitytaknyga.lt\/?s={search_term_string}"},"query-input":{"@type":"PropertyValueSpecification","valueRequired":true,"valueName":"search_term_string"}}],"inLanguage":"en-GB"},{"@type":"Organization","@id":"https:\/\/skaitytaknyga.lt\/#organization","name":"skaitytaknyga.lt","url":"https:\/\/skaitytaknyga.lt\/","logo":{"@type":"ImageObject","inLanguage":"en-GB","@id":"https:\/\/skaitytaknyga.lt\/#\/schema\/logo\/image\/","url":"https:\/\/skaitytaknyga.lt\/wp-content\/uploads\/2024\/05\/cropped-cropped-cropped-02_00843_jt3bggkj1j3HLc7SyY6rEUpg.jpeg","contentUrl":"https:\/\/skaitytaknyga.lt\/wp-content\/uploads\/2024\/05\/cropped-cropped-cropped-02_00843_jt3bggkj1j3HLc7SyY6rEUpg.jpeg","width":1600,"height":1600,"caption":"skaitytaknyga.lt"},"image":{"@id":"https:\/\/skaitytaknyga.lt\/#\/schema\/logo\/image\/"},"sameAs":["https:\/\/www.facebook.com\/skaitytaknyga\/"]}]}},"_links":{"self":[{"href":"https:\/\/skaitytaknyga.lt\/en\/wp-json\/wp\/v2\/product\/15782","targetHints":{"allow":["GET"]}}],"collection":[{"href":"https:\/\/skaitytaknyga.lt\/en\/wp-json\/wp\/v2\/product"}],"about":[{"href":"https:\/\/skaitytaknyga.lt\/en\/wp-json\/wp\/v2\/types\/product"}],"replies":[{"embeddable":true,"href":"https:\/\/skaitytaknyga.lt\/en\/wp-json\/wp\/v2\/comments?post=15782"}],"wp:featuredmedia":[{"embeddable":true,"href":"https:\/\/skaitytaknyga.lt\/en\/wp-json\/wp\/v2\/media\/15783"}],"wp:attachment":[{"href":"https:\/\/skaitytaknyga.lt\/en\/wp-json\/wp\/v2\/media?parent=15782"}],"wp:term":[{"taxonomy":"product_brand","embeddable":true,"href":"https:\/\/skaitytaknyga.lt\/en\/wp-json\/wp\/v2\/product_brand?post=15782"},{"taxonomy":"product_cat","embeddable":true,"href":"https:\/\/skaitytaknyga.lt\/en\/wp-json\/wp\/v2\/product_cat?post=15782"},{"taxonomy":"product_tag","embeddable":true,"href":"https:\/\/skaitytaknyga.lt\/en\/wp-json\/wp\/v2\/product_tag?post=15782"}],"curies":[{"name":"wp","href":"https:\/\/api.w.org\/{rel}","templated":true}]}}