{"id":15780,"date":"2025-01-05T12:43:18","date_gmt":"2025-01-05T10:43:18","guid":{"rendered":"https:\/\/skaitytaknyga.lt\/?post_type=product&#038;p=15780"},"modified":"2026-03-18T11:09:41","modified_gmt":"2026-03-18T09:09:41","slug":"voveriuko-metai","status":"publish","type":"product","link":"https:\/\/skaitytaknyga.lt\/en\/produktas\/voveriuko-metai\/","title":{"rendered":"Voveriuko metai"},"content":{"rendered":"<p>4\u20138 m. vaikams.<\/p>\n<p>K\u0105 voveriukas veikia girioje, kas jo kaimynai, kaip jiems sekasi \u012fsikurti, rasti maisto ir auginti vaikus, pasakoja gamtos \u017einovas Selemonas Paltanavi\u010dius. Tai pa\u017eintin\u0117 knyga, kurioje rasite fakt\u0173, skai\u010di\u0173 ir \u012fdomybi\u0173 apie voveriuk\u0105 ir kitus girios gyventojus, ta\u010diau para\u0161yta ne tik gamtininko, bet ir talentingo pasakininko, tod\u0117l knyga \u012ftrauks nuo pat pirm\u0173j\u0173 puslapi\u0173.<\/p>\n<p>\u201eVoveriuko metai&#8221;:<\/p>\n<p>\u2022Skatina pa\u017einti ir pamilti gamt\u0105<br \/>\n\u2022Supa\u017eindina su met\u0173 laik\u0173 kaita gamtoje<br \/>\n\u2022Pateikiama fakt\u0173 ir \u012fdomybi\u0173 apie voveriukus ir kitus girios gyventojus<br \/>\n\u2022Gausiai iliustruota meni\u0161komis ir \u017eaismingomis iliustracijomis<\/p>\n<p>Ie\u0161kokite ir kit\u0173 serijos knyg\u0173: \u201eGandriuko metai&#8221;, \u201eBebriuk\u0173 metai&#8221; ir \u201e\u0160uniuko metai kaime&#8221;<\/p>\n<p>Selemonas Paltanavi\u010dius \u2013 garsus ir mylimas pasak\u0173 bei pa\u017eintini\u0173 knyg\u0173 vaikams apie gamt\u0105 ir gyv\u016bnus autorius. U\u017e savo k\u016bryb\u0105 jis yra apdovanotas \u0160vietimo, mokslo ir sporto ministerijos \u012fsteigta Vaik\u0173 literat\u016bros premija, o jo knyga \u201eSniego \u017emogeli\u0173 \u017eiema&#8221; apdovanota Prano Ma\u0161ioto premija kaip geriausia 2019 m. knyga vaikams.<\/p>\n<p>Visas \u0161ios serijos knygas iliustravo Reda Tomingas, kuri taip pat suk\u016br\u0117 nuostabius paveiksl\u0117lius pasakai \u201eEgl\u0117 \u017eal\u010di\u0173 karalien\u0117&#8221; bei Selemono Paltanavi\u010diaus knygai \u201eTie namai namu\u010diai&#8221;.<\/p>\n<ul class=\"about-product d-none d-xl-block mt-4\">\n<li><strong>Autorius:<\/strong>\u00a0Selemonas Paltanavi\u010dius<\/li>\n<li><strong>Leid\u0117jas:<\/strong>\u00a0Alma littera<\/li>\n<li><strong>Metai:<\/strong>\u00a02018<\/li>\n<li><strong>Puslapiai:<\/strong>\u00a060<\/li>\n<li class=\"toggleable type-new-formats \"><strong>ISBN:<\/strong>\u00a09786090134115<\/li>\n<li><strong>Versijos kodas:<\/strong>\u00a0PT.<\/li>\n<li class=\"toggleable type-new-formats \"><strong>Formatas:<\/strong>\u00a024,5 x 22 x 0,9 cm, kieti vir\u0161eliai<\/li>\n<li><strong>Kalba:<\/strong>\u00a0Lietuvi\u0173<\/li>\n<\/ul>\n","protected":false},"excerpt":{"rendered":"<p>4\u20138 m. vaikams. K\u0105 voveriukas veikia girioje, kas jo kaimynai, kaip jiems sekasi \u012fsikurti, rasti maisto ir auginti vaikus, pasakoja gamtos \u017einovas Selemonas Paltanavi\u010dius. Tai pa\u017eintin\u0117 knyga, kurioje rasite fakt\u0173, skai\u010di\u0173 ir \u012fdomybi\u0173 apie voveriuk\u0105 ir kitus girios gyventojus, ta\u010diau para\u0161yta ne tik gamtininko, bet ir talentingo pasakininko, tod\u0117l knyga \u012ftrauks nuo pat pirm\u0173j\u0173 puslapi\u0173. \u201eVoveriuko metai&#8221;: \u2022Skatina pa\u017einti ir pamilti gamt\u0105 \u2022Supa\u017eindina su met\u0173 laik\u0173 kaita gamtoje \u2022Pateikiama fakt\u0173 ir \u012fdomybi\u0173 apie voveriukus ir kitus girios gyventojus \u2022Gausiai iliustruota meni\u0161komis ir \u017eaismingomis iliustracijomis Ie\u0161kokite ir kit\u0173 serijos knyg\u0173: \u201eGandriuko metai&#8221;, \u201eBebriuk\u0173 metai&#8221; ir \u201e\u0160uniuko metai kaime&#8221; Selemonas Paltanavi\u010dius \u2013 garsus ir mylimas pasak\u0173 bei pa\u017eintini\u0173 knyg\u0173 vaikams apie gamt\u0105 ir gyv\u016bnus autorius. U\u017e savo k\u016bryb\u0105 jis yra apdovanotas \u0160vietimo, mokslo ir sporto ministerijos \u012fsteigta Vaik\u0173 literat\u016bros premija, o jo knyga \u201eSniego \u017emogeli\u0173 \u017eiema&#8221; apdovanota Prano Ma\u0161ioto premija kaip geriausia 2019 m. knyga vaikams. Visas \u0161ios serijos knygas iliustravo Reda Tomingas, kuri taip pat suk\u016br\u0117 nuostabius paveiksl\u0117lius pasakai \u201eEgl\u0117 \u017eal\u010di\u0173 karalien\u0117&#8221; bei Selemono Paltanavi\u010diaus knygai \u201eTie namai namu\u010diai&#8221;. Autorius:\u00a0Selemonas Paltanavi\u010dius Leid\u0117jas:\u00a0Alma littera Metai:\u00a02018 Puslapiai:\u00a060 ISBN:\u00a09786090134115 Versijos kodas:\u00a0PT. Formatas:\u00a024,5 x 22 x 0,9 cm, kieti vir\u0161eliai Kalba:\u00a0Lietuvi\u0173<\/p>\n","protected":false},"featured_media":15781,"comment_status":"open","ping_status":"closed","template":"","meta":{"_acf_changed":false,"site-sidebar-layout":"default","site-content-layout":"","ast-site-content-layout":"default","site-content-style":"default","site-sidebar-style":"default","ast-global-header-display":"","ast-banner-title-visibility":"","ast-main-header-display":"","ast-hfb-above-header-display":"","ast-hfb-below-header-display":"","ast-hfb-mobile-header-display":"","site-post-title":"","ast-breadcrumbs-content":"","ast-featured-img":"","footer-sml-layout":"","ast-disable-related-posts":"","theme-transparent-header-meta":"default","adv-header-id-meta":"","stick-header-meta":"","header-above-stick-meta":"","header-main-stick-meta":"","header-below-stick-meta":"","astra-migrate-meta-layouts":"set","ast-page-background-enabled":"default","ast-page-background-meta":{"desktop":{"background-color":"","background-image":"","background-repeat":"repeat","background-position":"center center","background-size":"auto","background-attachment":"scroll","background-type":"","background-media":"","overlay-type":"","overlay-color":"","overlay-opacity":"","overlay-gradient":""},"tablet":{"background-color":"","background-image":"","background-repeat":"repeat","background-position":"center center","background-size":"auto","background-attachment":"scroll","background-type":"","background-media":"","overlay-type":"","overlay-color":"","overlay-opacity":"","overlay-gradient":""},"mobile":{"background-color":"","background-image":"","background-repeat":"repeat","background-position":"center center","background-size":"auto","background-attachment":"scroll","background-type":"","background-media":"","overlay-type":"","overlay-color":"","overlay-opacity":"","overlay-gradient":""}},"ast-content-background-meta":{"desktop":{"background-color":"var(--ast-global-color-4)","background-image":"","background-repeat":"repeat","background-position":"center center","background-size":"auto","background-attachment":"scroll","background-type":"","background-media":"","overlay-type":"","overlay-color":"","overlay-opacity":"","overlay-gradient":""},"tablet":{"background-color":"var(--ast-global-color-4)","background-image":"","background-repeat":"repeat","background-position":"center center","background-size":"auto","background-attachment":"scroll","background-type":"","background-media":"","overlay-type":"","overlay-color":"","overlay-opacity":"","overlay-gradient":""},"mobile":{"background-color":"var(--ast-global-color-4)","background-image":"","background-repeat":"repeat","background-position":"center center","background-size":"auto","background-attachment":"scroll","background-type":"","background-media":"","overlay-type":"","overlay-color":"","overlay-opacity":"","overlay-gradient":""}}},"product_brand":[],"product_cat":[9677],"product_tag":[1802,4343,4589,1785,4595],"class_list":{"0":"post-15780","1":"product","2":"type-product","3":"status-publish","4":"has-post-thumbnail","6":"product_cat-ikimokyklinukams","7":"product_tag-gamta","8":"product_tag-pazintine-literatura","9":"product_tag-selemonas-paltanavicius","10":"product_tag-vaikams","11":"product_tag-voveres","12":"desktop-align-left","13":"tablet-align-left","14":"mobile-align-left","16":"first","17":"outofstock","18":"shipping-taxable","19":"purchasable","20":"product-type-simple"},"acf":[],"yoast_head":"<!-- This site is optimized with the Yoast SEO plugin v27.0 - https:\/\/yoast.com\/product\/yoast-seo-wordpress\/ -->\n<title>Voveriuko metai<\/title>\n<meta name=\"description\" content=\"4\u20138 m. vaikams. K\u0105 voveriukas veikia girioje, kas jo kaimynai, kaip jiems sekasi \u012fsikurti, rasti maisto ir auginti vaikus, pasakoja gamtos \u017einovas\" \/>\n<meta name=\"robots\" content=\"index, follow, max-snippet:-1, max-image-preview:large, max-video-preview:-1\" \/>\n<link rel=\"canonical\" href=\"https:\/\/skaitytaknyga.lt\/en\/produktas\/voveriuko-metai\/\" \/>\n<meta property=\"og:locale\" content=\"en_GB\" \/>\n<meta property=\"og:locale:alternate\" content=\"lt_LT\" \/>\n<meta property=\"og:type\" content=\"article\" \/>\n<meta property=\"og:title\" content=\"Voveriuko metai\" \/>\n<meta property=\"og:description\" content=\"4\u20138 m. vaikams. K\u0105 voveriukas veikia girioje, kas jo kaimynai, kaip jiems sekasi \u012fsikurti, rasti maisto ir auginti vaikus, pasakoja gamtos \u017einovas\" \/>\n<meta property=\"og:url\" content=\"https:\/\/skaitytaknyga.lt\/en\/produktas\/voveriuko-metai\/\" \/>\n<meta property=\"og:site_name\" content=\"Skaitytaknyga\" \/>\n<meta property=\"article:publisher\" content=\"https:\/\/www.facebook.com\/skaitytaknyga\/\" \/>\n<meta property=\"article:modified_time\" content=\"2026-03-18T09:09:41+00:00\" \/>\n<meta property=\"og:image\" content=\"https:\/\/skaitytaknyga.lt\/wp-content\/uploads\/2025\/01\/Voveriuko-metai.webp\" \/>\n\t<meta property=\"og:image:width\" content=\"661\" \/>\n\t<meta property=\"og:image:height\" content=\"600\" \/>\n\t<meta property=\"og:image:type\" content=\"image\/webp\" \/>\n<meta name=\"twitter:card\" content=\"summary_large_image\" \/>\n<meta name=\"twitter:label1\" content=\"Estimated reading time\" \/>\n\t<meta name=\"twitter:data1\" content=\"2 minutes\" \/>\n<script type=\"application\/ld+json\" class=\"yoast-schema-graph\">{\"@context\":\"https:\/\/schema.org\",\"@graph\":[{\"@type\":\"WebPage\",\"@id\":\"https:\/\/skaitytaknyga.lt\/produktas\/voveriuko-metai\/\",\"url\":\"https:\/\/skaitytaknyga.lt\/produktas\/voveriuko-metai\/\",\"name\":\"Voveriuko metai\",\"isPartOf\":{\"@id\":\"https:\/\/skaitytaknyga.lt\/#website\"},\"primaryImageOfPage\":{\"@id\":\"https:\/\/skaitytaknyga.lt\/produktas\/voveriuko-metai\/#primaryimage\"},\"image\":{\"@id\":\"https:\/\/skaitytaknyga.lt\/produktas\/voveriuko-metai\/#primaryimage\"},\"thumbnailUrl\":\"https:\/\/skaitytaknyga.lt\/wp-content\/uploads\/2025\/01\/Voveriuko-metai.webp\",\"datePublished\":\"2025-01-05T10:43:18+00:00\",\"dateModified\":\"2026-03-18T09:09:41+00:00\",\"description\":\"4\u20138 m. vaikams. K\u0105 voveriukas veikia girioje, kas jo kaimynai, kaip jiems sekasi \u012fsikurti, rasti maisto ir auginti vaikus, pasakoja gamtos \u017einovas\",\"breadcrumb\":{\"@id\":\"https:\/\/skaitytaknyga.lt\/produktas\/voveriuko-metai\/#breadcrumb\"},\"inLanguage\":\"en-GB\",\"potentialAction\":[{\"@type\":\"ReadAction\",\"target\":[\"https:\/\/skaitytaknyga.lt\/produktas\/voveriuko-metai\/\"]}]},{\"@type\":\"ImageObject\",\"inLanguage\":\"en-GB\",\"@id\":\"https:\/\/skaitytaknyga.lt\/produktas\/voveriuko-metai\/#primaryimage\",\"url\":\"https:\/\/skaitytaknyga.lt\/wp-content\/uploads\/2025\/01\/Voveriuko-metai.webp\",\"contentUrl\":\"https:\/\/skaitytaknyga.lt\/wp-content\/uploads\/2025\/01\/Voveriuko-metai.webp\",\"width\":661,\"height\":600,\"caption\":\"Voveriuko metai\"},{\"@type\":\"BreadcrumbList\",\"@id\":\"https:\/\/skaitytaknyga.lt\/produktas\/voveriuko-metai\/#breadcrumb\",\"itemListElement\":[{\"@type\":\"ListItem\",\"position\":1,\"name\":\"Home\",\"item\":\"https:\/\/skaitytaknyga.lt\/\"},{\"@type\":\"ListItem\",\"position\":2,\"name\":\"Parduotuv\u0117\",\"item\":\"https:\/\/skaitytaknyga.lt\/knygu-parduotuve\/\"},{\"@type\":\"ListItem\",\"position\":3,\"name\":\"Voveriuko metai\"}]},{\"@type\":\"WebSite\",\"@id\":\"https:\/\/skaitytaknyga.lt\/#website\",\"url\":\"https:\/\/skaitytaknyga.lt\/\",\"name\":\"skaitytaknyga.lt\",\"description\":\"Skaitytaknyga.lt \u2013 tai ma\u017eas \u0161eimos verslas, kuris prasid\u0117jo nuo meil\u0117s knygoms ir siekio i\u0161gelb\u0117ti knygas nuo likimo prie konteinerio. Kas vienam nereikalingas daiktas \u2013 kitam lobis, o mes esame tarpininkai, kurie padeda abiems tapti laimingesniems ???? \u017dinome kaip nelengva i\u0161gyventi ma\u017eiems verslams, tad nuo \u0161iol, \u010dia rasite ir kit\u0173, ma\u017e\u0173 \u0161eim\u0173 versl\u0173, rank\u0173 darbo, dovan\u0173 sau ir artimiesiems.\",\"publisher\":{\"@id\":\"https:\/\/skaitytaknyga.lt\/#organization\"},\"potentialAction\":[{\"@type\":\"SearchAction\",\"target\":{\"@type\":\"EntryPoint\",\"urlTemplate\":\"https:\/\/skaitytaknyga.lt\/?s={search_term_string}\"},\"query-input\":{\"@type\":\"PropertyValueSpecification\",\"valueRequired\":true,\"valueName\":\"search_term_string\"}}],\"inLanguage\":\"en-GB\"},{\"@type\":\"Organization\",\"@id\":\"https:\/\/skaitytaknyga.lt\/#organization\",\"name\":\"skaitytaknyga.lt\",\"url\":\"https:\/\/skaitytaknyga.lt\/\",\"logo\":{\"@type\":\"ImageObject\",\"inLanguage\":\"en-GB\",\"@id\":\"https:\/\/skaitytaknyga.lt\/#\/schema\/logo\/image\/\",\"url\":\"https:\/\/skaitytaknyga.lt\/wp-content\/uploads\/2024\/05\/cropped-cropped-cropped-02_00843_jt3bggkj1j3HLc7SyY6rEUpg.jpeg\",\"contentUrl\":\"https:\/\/skaitytaknyga.lt\/wp-content\/uploads\/2024\/05\/cropped-cropped-cropped-02_00843_jt3bggkj1j3HLc7SyY6rEUpg.jpeg\",\"width\":1600,\"height\":1600,\"caption\":\"skaitytaknyga.lt\"},\"image\":{\"@id\":\"https:\/\/skaitytaknyga.lt\/#\/schema\/logo\/image\/\"},\"sameAs\":[\"https:\/\/www.facebook.com\/skaitytaknyga\/\"]}]}<\/script>\n<!-- \/ Yoast SEO plugin. -->","yoast_head_json":{"title":"Voveriuko metai","description":"4\u20138 m. vaikams. K\u0105 voveriukas veikia girioje, kas jo kaimynai, kaip jiems sekasi \u012fsikurti, rasti maisto ir auginti vaikus, pasakoja gamtos \u017einovas","robots":{"index":"index","follow":"follow","max-snippet":"max-snippet:-1","max-image-preview":"max-image-preview:large","max-video-preview":"max-video-preview:-1"},"canonical":"https:\/\/skaitytaknyga.lt\/en\/produktas\/voveriuko-metai\/","og_locale":"en_GB","og_type":"article","og_title":"[:lt]Voveriuko metai[:] - Skaitytaknyga","og_description":"4\u20138 m. vaikams. K\u0105 voveriukas veikia girioje, kas jo kaimynai, kaip jiems sekasi \u012fsikurti, rasti maisto ir auginti vaikus, pasakoja gamtos \u017einovas","og_url":"https:\/\/skaitytaknyga.lt\/en\/produktas\/voveriuko-metai\/","og_site_name":"Skaitytaknyga","article_publisher":"https:\/\/www.facebook.com\/skaitytaknyga\/","article_modified_time":"2026-03-18T09:09:41+00:00","og_image":[{"width":661,"height":600,"url":"https:\/\/skaitytaknyga.lt\/wp-content\/uploads\/2025\/01\/Voveriuko-metai.webp","type":"image\/webp"}],"twitter_card":"summary_large_image","twitter_misc":{"Estimated reading time":"2 minutes"},"schema":{"@context":"https:\/\/schema.org","@graph":[{"@type":"WebPage","@id":"https:\/\/skaitytaknyga.lt\/produktas\/voveriuko-metai\/","url":"https:\/\/skaitytaknyga.lt\/produktas\/voveriuko-metai\/","name":"Voveriuko metai","isPartOf":{"@id":"https:\/\/skaitytaknyga.lt\/#website"},"primaryImageOfPage":{"@id":"https:\/\/skaitytaknyga.lt\/produktas\/voveriuko-metai\/#primaryimage"},"image":{"@id":"https:\/\/skaitytaknyga.lt\/produktas\/voveriuko-metai\/#primaryimage"},"thumbnailUrl":"https:\/\/skaitytaknyga.lt\/wp-content\/uploads\/2025\/01\/Voveriuko-metai.webp","datePublished":"2025-01-05T10:43:18+00:00","dateModified":"2026-03-18T09:09:41+00:00","description":"4\u20138 m. vaikams. K\u0105 voveriukas veikia girioje, kas jo kaimynai, kaip jiems sekasi \u012fsikurti, rasti maisto ir auginti vaikus, pasakoja gamtos \u017einovas","breadcrumb":{"@id":"https:\/\/skaitytaknyga.lt\/produktas\/voveriuko-metai\/#breadcrumb"},"inLanguage":"en-GB","potentialAction":[{"@type":"ReadAction","target":["https:\/\/skaitytaknyga.lt\/produktas\/voveriuko-metai\/"]}]},{"@type":"ImageObject","inLanguage":"en-GB","@id":"https:\/\/skaitytaknyga.lt\/produktas\/voveriuko-metai\/#primaryimage","url":"https:\/\/skaitytaknyga.lt\/wp-content\/uploads\/2025\/01\/Voveriuko-metai.webp","contentUrl":"https:\/\/skaitytaknyga.lt\/wp-content\/uploads\/2025\/01\/Voveriuko-metai.webp","width":661,"height":600,"caption":"Voveriuko metai"},{"@type":"BreadcrumbList","@id":"https:\/\/skaitytaknyga.lt\/produktas\/voveriuko-metai\/#breadcrumb","itemListElement":[{"@type":"ListItem","position":1,"name":"Home","item":"https:\/\/skaitytaknyga.lt\/"},{"@type":"ListItem","position":2,"name":"Parduotuv\u0117","item":"https:\/\/skaitytaknyga.lt\/knygu-parduotuve\/"},{"@type":"ListItem","position":3,"name":"Voveriuko metai"}]},{"@type":"WebSite","@id":"https:\/\/skaitytaknyga.lt\/#website","url":"https:\/\/skaitytaknyga.lt\/","name":"skaitytaknyga.lt","description":"Skaitytaknyga.lt \u2013 tai ma\u017eas \u0161eimos verslas, kuris prasid\u0117jo nuo meil\u0117s knygoms ir siekio i\u0161gelb\u0117ti knygas nuo likimo prie konteinerio. Kas vienam nereikalingas daiktas \u2013 kitam lobis, o mes esame tarpininkai, kurie padeda abiems tapti laimingesniems ???? \u017dinome kaip nelengva i\u0161gyventi ma\u017eiems verslams, tad nuo \u0161iol, \u010dia rasite ir kit\u0173, ma\u017e\u0173 \u0161eim\u0173 versl\u0173, rank\u0173 darbo, dovan\u0173 sau ir artimiesiems.","publisher":{"@id":"https:\/\/skaitytaknyga.lt\/#organization"},"potentialAction":[{"@type":"SearchAction","target":{"@type":"EntryPoint","urlTemplate":"https:\/\/skaitytaknyga.lt\/?s={search_term_string}"},"query-input":{"@type":"PropertyValueSpecification","valueRequired":true,"valueName":"search_term_string"}}],"inLanguage":"en-GB"},{"@type":"Organization","@id":"https:\/\/skaitytaknyga.lt\/#organization","name":"skaitytaknyga.lt","url":"https:\/\/skaitytaknyga.lt\/","logo":{"@type":"ImageObject","inLanguage":"en-GB","@id":"https:\/\/skaitytaknyga.lt\/#\/schema\/logo\/image\/","url":"https:\/\/skaitytaknyga.lt\/wp-content\/uploads\/2024\/05\/cropped-cropped-cropped-02_00843_jt3bggkj1j3HLc7SyY6rEUpg.jpeg","contentUrl":"https:\/\/skaitytaknyga.lt\/wp-content\/uploads\/2024\/05\/cropped-cropped-cropped-02_00843_jt3bggkj1j3HLc7SyY6rEUpg.jpeg","width":1600,"height":1600,"caption":"skaitytaknyga.lt"},"image":{"@id":"https:\/\/skaitytaknyga.lt\/#\/schema\/logo\/image\/"},"sameAs":["https:\/\/www.facebook.com\/skaitytaknyga\/"]}]}},"_links":{"self":[{"href":"https:\/\/skaitytaknyga.lt\/en\/wp-json\/wp\/v2\/product\/15780","targetHints":{"allow":["GET"]}}],"collection":[{"href":"https:\/\/skaitytaknyga.lt\/en\/wp-json\/wp\/v2\/product"}],"about":[{"href":"https:\/\/skaitytaknyga.lt\/en\/wp-json\/wp\/v2\/types\/product"}],"replies":[{"embeddable":true,"href":"https:\/\/skaitytaknyga.lt\/en\/wp-json\/wp\/v2\/comments?post=15780"}],"wp:featuredmedia":[{"embeddable":true,"href":"https:\/\/skaitytaknyga.lt\/en\/wp-json\/wp\/v2\/media\/15781"}],"wp:attachment":[{"href":"https:\/\/skaitytaknyga.lt\/en\/wp-json\/wp\/v2\/media?parent=15780"}],"wp:term":[{"taxonomy":"product_brand","embeddable":true,"href":"https:\/\/skaitytaknyga.lt\/en\/wp-json\/wp\/v2\/product_brand?post=15780"},{"taxonomy":"product_cat","embeddable":true,"href":"https:\/\/skaitytaknyga.lt\/en\/wp-json\/wp\/v2\/product_cat?post=15780"},{"taxonomy":"product_tag","embeddable":true,"href":"https:\/\/skaitytaknyga.lt\/en\/wp-json\/wp\/v2\/product_tag?post=15780"}],"curies":[{"name":"wp","href":"https:\/\/api.w.org\/{rel}","templated":true}]}}