{"id":15778,"date":"2025-01-05T12:40:34","date_gmt":"2025-01-05T10:40:34","guid":{"rendered":"https:\/\/skaitytaknyga.lt\/?post_type=product&#038;p=15778"},"modified":"2025-01-05T12:42:56","modified_gmt":"2025-01-05T10:42:56","slug":"o-ka-tu-moki-petsonai","status":"publish","type":"product","link":"https:\/\/skaitytaknyga.lt\/en\/produktas\/o-ka-tu-moki-petsonai\/","title":{"rendered":"O k\u0105 tu moki, Petsonai?"},"content":{"rendered":"<p>Petsono ir Finduso \u016bkyje \u0161iandien \u2013 \u012fprasta diena.<br \/>\nO tai rei\u0161kia, kad laukia daugyb\u0117 smagi\u0173 dalyk\u0173!<br \/>\nVis\u0173 pirma Findusui labai r\u016bpi, ar Petsonas moka taip greit b\u0117gti ir taip gerai baidyti vi\u0161tas, kaip pats katin\u0117lis. Ta\u010diau Petsonas nemoka.<br \/>\nIr net \u012f obel\u012f \u012flipti nesugeba.<br \/>\nTai k\u0105 tu moki, Petsonai?<\/p>\n<p><strong>Svenas Nordkvistas<\/strong>\u00a0(g. 1946 m.) \u2013 vienas m\u0117gstamiausi\u0173 \u0161ved\u0173 vaik\u0173 ra\u0161ytoj\u0173 ir dailinink\u0173, o jo sukurti senelio Petsono bei katino Finduso persona\u017eai su\u017eav\u0117jo skaitytojus ne tik \u0160vedijoje bei Lietuvoje, bet ir kitose \u0161alyse. \u0160ioje knygel\u0117je Findusas nenustygsta vietoje ir vis klausin\u0117ja Petsono, ar \u0161is gali taip greitai b\u0117gti, taip puikiai \u0161okin\u0117ti ar rop\u0161tis \u012f obel\u012f kaip pats katin\u0117lis. Paai\u0161k\u0117jus, kad Petsonas taip nesugeba, Findusas ima dom\u0117tis, o k\u0105 gi Petsonas moka?<\/p>\n<p>Spalvingi Sveno Nordkvisto pie\u0161iniai \u017eavi ne tik i\u0161rai\u0161kingais persona\u017eais, bet ir detali\u0173 gausa. Kiekviena iliustracija tarsi atskiras pasaulis, kupinas smulki\u0173 detali\u0173, kurios savaip papildo istorij\u0105 \u2013 net tyrin\u0117jant jas ilgesn\u012f laik\u0105, galima vis aptikti nauj\u0173, anks\u010diau nepasteb\u0117t\u0173 dalyk\u0173. Gal tod\u0117l jas m\u0117gsta ir vertina tiek daug skaitytoj\u0173 \u2013 nuo ma\u017e\u0173j\u0173 iki suaugusi\u0173j\u0173, kuriems paveiksl\u0117li\u0173 knygos jau toli praeityje.<\/p>\n<ul class=\"about-product d-none d-xl-block mt-4\">\n<li><strong>Originalus pavadinimas:<\/strong>\u00a0KAN DU INGENTING, PETTSON?<\/li>\n<li><strong>Autorius:<\/strong>\u00a0Sven Nordqvist<\/li>\n<li><strong>Leid\u0117jas:<\/strong>\u00a0Nieko rimto<\/li>\n<li><strong>Metai:<\/strong>\u00a02020<\/li>\n<li><strong>Puslapiai:<\/strong>\u00a022<\/li>\n<li class=\"toggleable type-new-formats \"><strong>ISBN:<\/strong>\u00a09786094416613<\/li>\n<li class=\"toggleable type-new-formats \"><strong>Formatas:<\/strong>\u00a021 x 26 x 0,7 cm, kieti vir\u0161eliai<\/li>\n<li><strong>Kalba:<\/strong>\u00a0Lietuvi\u0173<\/li>\n<li><strong>Vert\u0117jas:<\/strong>\u00a0El\u017ebieta Kmitait\u0117<\/li>\n<li><strong>Knyg\u0173 serija:<\/strong>\u00a0Petsonas ir Findusas<\/li>\n<\/ul>\n","protected":false},"excerpt":{"rendered":"<p>Petsono ir Finduso \u016bkyje \u0161iandien \u2013 \u012fprasta diena. O tai rei\u0161kia, kad laukia daugyb\u0117 smagi\u0173 dalyk\u0173! Vis\u0173 pirma Findusui labai r\u016bpi, ar Petsonas moka taip greit b\u0117gti ir taip gerai baidyti vi\u0161tas, kaip pats katin\u0117lis. Ta\u010diau Petsonas nemoka. Ir net \u012f obel\u012f \u012flipti nesugeba. Tai k\u0105 tu moki, Petsonai? Svenas Nordkvistas\u00a0(g. 1946 m.) \u2013 vienas m\u0117gstamiausi\u0173 \u0161ved\u0173 vaik\u0173 ra\u0161ytoj\u0173 ir dailinink\u0173, o jo sukurti senelio Petsono bei katino Finduso persona\u017eai su\u017eav\u0117jo skaitytojus ne tik \u0160vedijoje bei Lietuvoje, bet ir kitose \u0161alyse. \u0160ioje knygel\u0117je Findusas nenustygsta vietoje ir vis klausin\u0117ja Petsono, ar \u0161is gali taip greitai b\u0117gti, taip puikiai \u0161okin\u0117ti ar rop\u0161tis \u012f obel\u012f kaip pats katin\u0117lis. Paai\u0161k\u0117jus, kad Petsonas taip nesugeba, Findusas ima dom\u0117tis, o k\u0105 gi Petsonas moka? Spalvingi Sveno Nordkvisto pie\u0161iniai \u017eavi ne tik i\u0161rai\u0161kingais persona\u017eais, bet ir detali\u0173 gausa. Kiekviena iliustracija tarsi atskiras pasaulis, kupinas smulki\u0173 detali\u0173, kurios savaip papildo istorij\u0105 \u2013 net tyrin\u0117jant jas ilgesn\u012f laik\u0105, galima vis aptikti nauj\u0173, anks\u010diau nepasteb\u0117t\u0173 dalyk\u0173. Gal tod\u0117l jas m\u0117gsta ir vertina tiek daug skaitytoj\u0173 \u2013 nuo ma\u017e\u0173j\u0173 iki suaugusi\u0173j\u0173, kuriems paveiksl\u0117li\u0173 knygos jau toli praeityje. Originalus pavadinimas:\u00a0KAN DU INGENTING, PETTSON? Autorius:\u00a0Sven Nordqvist Leid\u0117jas:\u00a0Nieko rimto Metai:\u00a02020 Puslapiai:\u00a022 ISBN:\u00a09786094416613 Formatas:\u00a021 x 26 x 0,7 cm, kieti vir\u0161eliai Kalba:\u00a0Lietuvi\u0173 Vert\u0117jas:\u00a0El\u017ebieta Kmitait\u0117 Knyg\u0173 serija:\u00a0Petsonas ir Findusas<\/p>\n","protected":false},"featured_media":15779,"comment_status":"open","ping_status":"closed","template":"","meta":{"_acf_changed":false,"site-sidebar-layout":"default","site-content-layout":"","ast-site-content-layout":"default","site-content-style":"default","site-sidebar-style":"default","ast-global-header-display":"","ast-banner-title-visibility":"","ast-main-header-display":"","ast-hfb-above-header-display":"","ast-hfb-below-header-display":"","ast-hfb-mobile-header-display":"","site-post-title":"","ast-breadcrumbs-content":"","ast-featured-img":"","footer-sml-layout":"","ast-disable-related-posts":"","theme-transparent-header-meta":"default","adv-header-id-meta":"","stick-header-meta":"","header-above-stick-meta":"","header-main-stick-meta":"","header-below-stick-meta":"","astra-migrate-meta-layouts":"set","ast-page-background-enabled":"default","ast-page-background-meta":{"desktop":{"background-color":"","background-image":"","background-repeat":"repeat","background-position":"center center","background-size":"auto","background-attachment":"scroll","background-type":"","background-media":"","overlay-type":"","overlay-color":"","overlay-opacity":"","overlay-gradient":""},"tablet":{"background-color":"","background-image":"","background-repeat":"repeat","background-position":"center center","background-size":"auto","background-attachment":"scroll","background-type":"","background-media":"","overlay-type":"","overlay-color":"","overlay-opacity":"","overlay-gradient":""},"mobile":{"background-color":"","background-image":"","background-repeat":"repeat","background-position":"center center","background-size":"auto","background-attachment":"scroll","background-type":"","background-media":"","overlay-type":"","overlay-color":"","overlay-opacity":"","overlay-gradient":""}},"ast-content-background-meta":{"desktop":{"background-color":"var(--ast-global-color-4)","background-image":"","background-repeat":"repeat","background-position":"center center","background-size":"auto","background-attachment":"scroll","background-type":"","background-media":"","overlay-type":"","overlay-color":"","overlay-opacity":"","overlay-gradient":""},"tablet":{"background-color":"var(--ast-global-color-4)","background-image":"","background-repeat":"repeat","background-position":"center center","background-size":"auto","background-attachment":"scroll","background-type":"","background-media":"","overlay-type":"","overlay-color":"","overlay-opacity":"","overlay-gradient":""},"mobile":{"background-color":"var(--ast-global-color-4)","background-image":"","background-repeat":"repeat","background-position":"center center","background-size":"auto","background-attachment":"scroll","background-type":"","background-media":"","overlay-type":"","overlay-color":"","overlay-opacity":"","overlay-gradient":""}}},"product_brand":[],"product_cat":[15,35],"product_tag":[],"class_list":{"0":"post-15778","1":"product","2":"type-product","3":"status-publish","4":"has-post-thumbnail","6":"product_cat-uncategorized","7":"product_cat-vaikams-ir-paaugliams","8":"desktop-align-left","9":"tablet-align-left","10":"mobile-align-left","12":"first","13":"instock","14":"shipping-taxable","15":"purchasable","16":"product-type-simple"},"acf":[],"yoast_head":"<!-- This site is optimized with the Yoast SEO plugin v27.0 - https:\/\/yoast.com\/product\/yoast-seo-wordpress\/ -->\n<title>O k\u0105 tu moki, Petsonai?<\/title>\n<meta name=\"description\" content=\"Petsono ir Finduso \u016bkyje \u0161iandien \u2013 \u012fprasta diena. O tai rei\u0161kia, kad laukia daugyb\u0117 smagi\u0173 dalyk\u0173! Vis\u0173 pirma Findusui labai r\u016bpi, ar Petsonas moka taip\" \/>\n<meta name=\"robots\" content=\"index, follow, max-snippet:-1, max-image-preview:large, max-video-preview:-1\" \/>\n<link rel=\"canonical\" href=\"https:\/\/skaitytaknyga.lt\/en\/produktas\/o-ka-tu-moki-petsonai\/\" \/>\n<meta property=\"og:locale\" content=\"en_GB\" \/>\n<meta property=\"og:locale:alternate\" content=\"lt_LT\" \/>\n<meta property=\"og:type\" content=\"article\" \/>\n<meta property=\"og:title\" content=\"O k\u0105 tu moki, Petsonai?\" \/>\n<meta property=\"og:description\" content=\"Petsono ir Finduso \u016bkyje \u0161iandien \u2013 \u012fprasta diena. O tai rei\u0161kia, kad laukia daugyb\u0117 smagi\u0173 dalyk\u0173! Vis\u0173 pirma Findusui labai r\u016bpi, ar Petsonas moka taip\" \/>\n<meta property=\"og:url\" content=\"https:\/\/skaitytaknyga.lt\/en\/produktas\/o-ka-tu-moki-petsonai\/\" \/>\n<meta property=\"og:site_name\" content=\"Skaitytaknyga\" \/>\n<meta property=\"article:publisher\" content=\"https:\/\/www.facebook.com\/skaitytaknyga\/\" \/>\n<meta property=\"article:modified_time\" content=\"2025-01-05T10:42:56+00:00\" \/>\n<meta property=\"og:image\" content=\"https:\/\/skaitytaknyga.lt\/wp-content\/uploads\/2025\/01\/O-ka-tu-moki-Petsonai.webp\" \/>\n\t<meta property=\"og:image:width\" content=\"672\" \/>\n\t<meta property=\"og:image:height\" content=\"800\" \/>\n\t<meta property=\"og:image:type\" content=\"image\/webp\" \/>\n<meta name=\"twitter:card\" content=\"summary_large_image\" \/>\n<meta name=\"twitter:label1\" content=\"Estimated reading time\" \/>\n\t<meta name=\"twitter:data1\" content=\"2 minutes\" \/>\n<script type=\"application\/ld+json\" class=\"yoast-schema-graph\">{\"@context\":\"https:\/\/schema.org\",\"@graph\":[{\"@type\":\"WebPage\",\"@id\":\"https:\/\/skaitytaknyga.lt\/produktas\/o-ka-tu-moki-petsonai\/\",\"url\":\"https:\/\/skaitytaknyga.lt\/produktas\/o-ka-tu-moki-petsonai\/\",\"name\":\"O k\u0105 tu moki, Petsonai?\",\"isPartOf\":{\"@id\":\"https:\/\/skaitytaknyga.lt\/#website\"},\"primaryImageOfPage\":{\"@id\":\"https:\/\/skaitytaknyga.lt\/produktas\/o-ka-tu-moki-petsonai\/#primaryimage\"},\"image\":{\"@id\":\"https:\/\/skaitytaknyga.lt\/produktas\/o-ka-tu-moki-petsonai\/#primaryimage\"},\"thumbnailUrl\":\"https:\/\/skaitytaknyga.lt\/wp-content\/uploads\/2025\/01\/O-ka-tu-moki-Petsonai.webp\",\"datePublished\":\"2025-01-05T10:40:34+00:00\",\"dateModified\":\"2025-01-05T10:42:56+00:00\",\"description\":\"Petsono ir Finduso \u016bkyje \u0161iandien \u2013 \u012fprasta diena. O tai rei\u0161kia, kad laukia daugyb\u0117 smagi\u0173 dalyk\u0173! Vis\u0173 pirma Findusui labai r\u016bpi, ar Petsonas moka taip\",\"breadcrumb\":{\"@id\":\"https:\/\/skaitytaknyga.lt\/produktas\/o-ka-tu-moki-petsonai\/#breadcrumb\"},\"inLanguage\":\"en-GB\",\"potentialAction\":[{\"@type\":\"ReadAction\",\"target\":[\"https:\/\/skaitytaknyga.lt\/produktas\/o-ka-tu-moki-petsonai\/\"]}]},{\"@type\":\"ImageObject\",\"inLanguage\":\"en-GB\",\"@id\":\"https:\/\/skaitytaknyga.lt\/produktas\/o-ka-tu-moki-petsonai\/#primaryimage\",\"url\":\"https:\/\/skaitytaknyga.lt\/wp-content\/uploads\/2025\/01\/O-ka-tu-moki-Petsonai.webp\",\"contentUrl\":\"https:\/\/skaitytaknyga.lt\/wp-content\/uploads\/2025\/01\/O-ka-tu-moki-Petsonai.webp\",\"width\":672,\"height\":800,\"caption\":\"O k\u0105 tu moki, Petsonai?\"},{\"@type\":\"BreadcrumbList\",\"@id\":\"https:\/\/skaitytaknyga.lt\/produktas\/o-ka-tu-moki-petsonai\/#breadcrumb\",\"itemListElement\":[{\"@type\":\"ListItem\",\"position\":1,\"name\":\"Home\",\"item\":\"https:\/\/skaitytaknyga.lt\/\"},{\"@type\":\"ListItem\",\"position\":2,\"name\":\"Parduotuv\u0117\",\"item\":\"https:\/\/skaitytaknyga.lt\/knygu-parduotuve\/\"},{\"@type\":\"ListItem\",\"position\":3,\"name\":\"O k\u0105 tu moki, Petsonai?\"}]},{\"@type\":\"WebSite\",\"@id\":\"https:\/\/skaitytaknyga.lt\/#website\",\"url\":\"https:\/\/skaitytaknyga.lt\/\",\"name\":\"skaitytaknyga.lt\",\"description\":\"Skaitytaknyga.lt \u2013 tai ma\u017eas \u0161eimos verslas, kuris prasid\u0117jo nuo meil\u0117s knygoms ir siekio i\u0161gelb\u0117ti knygas nuo likimo prie konteinerio. Kas vienam nereikalingas daiktas \u2013 kitam lobis, o mes esame tarpininkai, kurie padeda abiems tapti laimingesniems ???? \u017dinome kaip nelengva i\u0161gyventi ma\u017eiems verslams, tad nuo \u0161iol, \u010dia rasite ir kit\u0173, ma\u017e\u0173 \u0161eim\u0173 versl\u0173, rank\u0173 darbo, dovan\u0173 sau ir artimiesiems.\",\"publisher\":{\"@id\":\"https:\/\/skaitytaknyga.lt\/#organization\"},\"potentialAction\":[{\"@type\":\"SearchAction\",\"target\":{\"@type\":\"EntryPoint\",\"urlTemplate\":\"https:\/\/skaitytaknyga.lt\/?s={search_term_string}\"},\"query-input\":{\"@type\":\"PropertyValueSpecification\",\"valueRequired\":true,\"valueName\":\"search_term_string\"}}],\"inLanguage\":\"en-GB\"},{\"@type\":\"Organization\",\"@id\":\"https:\/\/skaitytaknyga.lt\/#organization\",\"name\":\"skaitytaknyga.lt\",\"url\":\"https:\/\/skaitytaknyga.lt\/\",\"logo\":{\"@type\":\"ImageObject\",\"inLanguage\":\"en-GB\",\"@id\":\"https:\/\/skaitytaknyga.lt\/#\/schema\/logo\/image\/\",\"url\":\"https:\/\/skaitytaknyga.lt\/wp-content\/uploads\/2024\/05\/cropped-cropped-cropped-02_00843_jt3bggkj1j3HLc7SyY6rEUpg.jpeg\",\"contentUrl\":\"https:\/\/skaitytaknyga.lt\/wp-content\/uploads\/2024\/05\/cropped-cropped-cropped-02_00843_jt3bggkj1j3HLc7SyY6rEUpg.jpeg\",\"width\":1600,\"height\":1600,\"caption\":\"skaitytaknyga.lt\"},\"image\":{\"@id\":\"https:\/\/skaitytaknyga.lt\/#\/schema\/logo\/image\/\"},\"sameAs\":[\"https:\/\/www.facebook.com\/skaitytaknyga\/\"]}]}<\/script>\n<!-- \/ Yoast SEO plugin. -->","yoast_head_json":{"title":"O k\u0105 tu moki, Petsonai?","description":"Petsono ir Finduso \u016bkyje \u0161iandien \u2013 \u012fprasta diena. O tai rei\u0161kia, kad laukia daugyb\u0117 smagi\u0173 dalyk\u0173! Vis\u0173 pirma Findusui labai r\u016bpi, ar Petsonas moka taip","robots":{"index":"index","follow":"follow","max-snippet":"max-snippet:-1","max-image-preview":"max-image-preview:large","max-video-preview":"max-video-preview:-1"},"canonical":"https:\/\/skaitytaknyga.lt\/en\/produktas\/o-ka-tu-moki-petsonai\/","og_locale":"en_GB","og_type":"article","og_title":"[:lt]O k\u0105 tu moki, Petsonai?[:] - Skaitytaknyga","og_description":"Petsono ir Finduso \u016bkyje \u0161iandien \u2013 \u012fprasta diena. O tai rei\u0161kia, kad laukia daugyb\u0117 smagi\u0173 dalyk\u0173! Vis\u0173 pirma Findusui labai r\u016bpi, ar Petsonas moka taip","og_url":"https:\/\/skaitytaknyga.lt\/en\/produktas\/o-ka-tu-moki-petsonai\/","og_site_name":"Skaitytaknyga","article_publisher":"https:\/\/www.facebook.com\/skaitytaknyga\/","article_modified_time":"2025-01-05T10:42:56+00:00","og_image":[{"width":672,"height":800,"url":"https:\/\/skaitytaknyga.lt\/wp-content\/uploads\/2025\/01\/O-ka-tu-moki-Petsonai.webp","type":"image\/webp"}],"twitter_card":"summary_large_image","twitter_misc":{"Estimated reading time":"2 minutes"},"schema":{"@context":"https:\/\/schema.org","@graph":[{"@type":"WebPage","@id":"https:\/\/skaitytaknyga.lt\/produktas\/o-ka-tu-moki-petsonai\/","url":"https:\/\/skaitytaknyga.lt\/produktas\/o-ka-tu-moki-petsonai\/","name":"O k\u0105 tu moki, Petsonai?","isPartOf":{"@id":"https:\/\/skaitytaknyga.lt\/#website"},"primaryImageOfPage":{"@id":"https:\/\/skaitytaknyga.lt\/produktas\/o-ka-tu-moki-petsonai\/#primaryimage"},"image":{"@id":"https:\/\/skaitytaknyga.lt\/produktas\/o-ka-tu-moki-petsonai\/#primaryimage"},"thumbnailUrl":"https:\/\/skaitytaknyga.lt\/wp-content\/uploads\/2025\/01\/O-ka-tu-moki-Petsonai.webp","datePublished":"2025-01-05T10:40:34+00:00","dateModified":"2025-01-05T10:42:56+00:00","description":"Petsono ir Finduso \u016bkyje \u0161iandien \u2013 \u012fprasta diena. O tai rei\u0161kia, kad laukia daugyb\u0117 smagi\u0173 dalyk\u0173! Vis\u0173 pirma Findusui labai r\u016bpi, ar Petsonas moka taip","breadcrumb":{"@id":"https:\/\/skaitytaknyga.lt\/produktas\/o-ka-tu-moki-petsonai\/#breadcrumb"},"inLanguage":"en-GB","potentialAction":[{"@type":"ReadAction","target":["https:\/\/skaitytaknyga.lt\/produktas\/o-ka-tu-moki-petsonai\/"]}]},{"@type":"ImageObject","inLanguage":"en-GB","@id":"https:\/\/skaitytaknyga.lt\/produktas\/o-ka-tu-moki-petsonai\/#primaryimage","url":"https:\/\/skaitytaknyga.lt\/wp-content\/uploads\/2025\/01\/O-ka-tu-moki-Petsonai.webp","contentUrl":"https:\/\/skaitytaknyga.lt\/wp-content\/uploads\/2025\/01\/O-ka-tu-moki-Petsonai.webp","width":672,"height":800,"caption":"O k\u0105 tu moki, Petsonai?"},{"@type":"BreadcrumbList","@id":"https:\/\/skaitytaknyga.lt\/produktas\/o-ka-tu-moki-petsonai\/#breadcrumb","itemListElement":[{"@type":"ListItem","position":1,"name":"Home","item":"https:\/\/skaitytaknyga.lt\/"},{"@type":"ListItem","position":2,"name":"Parduotuv\u0117","item":"https:\/\/skaitytaknyga.lt\/knygu-parduotuve\/"},{"@type":"ListItem","position":3,"name":"O k\u0105 tu moki, Petsonai?"}]},{"@type":"WebSite","@id":"https:\/\/skaitytaknyga.lt\/#website","url":"https:\/\/skaitytaknyga.lt\/","name":"skaitytaknyga.lt","description":"Skaitytaknyga.lt \u2013 tai ma\u017eas \u0161eimos verslas, kuris prasid\u0117jo nuo meil\u0117s knygoms ir siekio i\u0161gelb\u0117ti knygas nuo likimo prie konteinerio. Kas vienam nereikalingas daiktas \u2013 kitam lobis, o mes esame tarpininkai, kurie padeda abiems tapti laimingesniems ???? \u017dinome kaip nelengva i\u0161gyventi ma\u017eiems verslams, tad nuo \u0161iol, \u010dia rasite ir kit\u0173, ma\u017e\u0173 \u0161eim\u0173 versl\u0173, rank\u0173 darbo, dovan\u0173 sau ir artimiesiems.","publisher":{"@id":"https:\/\/skaitytaknyga.lt\/#organization"},"potentialAction":[{"@type":"SearchAction","target":{"@type":"EntryPoint","urlTemplate":"https:\/\/skaitytaknyga.lt\/?s={search_term_string}"},"query-input":{"@type":"PropertyValueSpecification","valueRequired":true,"valueName":"search_term_string"}}],"inLanguage":"en-GB"},{"@type":"Organization","@id":"https:\/\/skaitytaknyga.lt\/#organization","name":"skaitytaknyga.lt","url":"https:\/\/skaitytaknyga.lt\/","logo":{"@type":"ImageObject","inLanguage":"en-GB","@id":"https:\/\/skaitytaknyga.lt\/#\/schema\/logo\/image\/","url":"https:\/\/skaitytaknyga.lt\/wp-content\/uploads\/2024\/05\/cropped-cropped-cropped-02_00843_jt3bggkj1j3HLc7SyY6rEUpg.jpeg","contentUrl":"https:\/\/skaitytaknyga.lt\/wp-content\/uploads\/2024\/05\/cropped-cropped-cropped-02_00843_jt3bggkj1j3HLc7SyY6rEUpg.jpeg","width":1600,"height":1600,"caption":"skaitytaknyga.lt"},"image":{"@id":"https:\/\/skaitytaknyga.lt\/#\/schema\/logo\/image\/"},"sameAs":["https:\/\/www.facebook.com\/skaitytaknyga\/"]}]}},"_links":{"self":[{"href":"https:\/\/skaitytaknyga.lt\/en\/wp-json\/wp\/v2\/product\/15778","targetHints":{"allow":["GET"]}}],"collection":[{"href":"https:\/\/skaitytaknyga.lt\/en\/wp-json\/wp\/v2\/product"}],"about":[{"href":"https:\/\/skaitytaknyga.lt\/en\/wp-json\/wp\/v2\/types\/product"}],"replies":[{"embeddable":true,"href":"https:\/\/skaitytaknyga.lt\/en\/wp-json\/wp\/v2\/comments?post=15778"}],"wp:featuredmedia":[{"embeddable":true,"href":"https:\/\/skaitytaknyga.lt\/en\/wp-json\/wp\/v2\/media\/15779"}],"wp:attachment":[{"href":"https:\/\/skaitytaknyga.lt\/en\/wp-json\/wp\/v2\/media?parent=15778"}],"wp:term":[{"taxonomy":"product_brand","embeddable":true,"href":"https:\/\/skaitytaknyga.lt\/en\/wp-json\/wp\/v2\/product_brand?post=15778"},{"taxonomy":"product_cat","embeddable":true,"href":"https:\/\/skaitytaknyga.lt\/en\/wp-json\/wp\/v2\/product_cat?post=15778"},{"taxonomy":"product_tag","embeddable":true,"href":"https:\/\/skaitytaknyga.lt\/en\/wp-json\/wp\/v2\/product_tag?post=15778"}],"curies":[{"name":"wp","href":"https:\/\/api.w.org\/{rel}","templated":true}]}}