{"id":15772,"date":"2025-01-05T12:35:37","date_gmt":"2025-01-05T10:35:37","guid":{"rendered":"https:\/\/skaitytaknyga.lt\/?post_type=product&#038;p=15772"},"modified":"2025-03-02T20:55:45","modified_gmt":"2025-03-02T18:55:45","slug":"broliai-ir-seses","status":"publish","type":"product","link":"https:\/\/skaitytaknyga.lt\/en\/produktas\/broliai-ir-seses\/","title":{"rendered":"Broliai ir ses\u0117s"},"content":{"rendered":"<p>Broliai ir ses\u0117s kartu \u017eaid\u017eia, susipe\u0161a ir apsikabina, vienas kit\u0105 prajuokina ar pravirkdo. Bet svarbiausia \u2013 juos vis\u0105 gyvenim\u0105 sieja nematomas ry\u0161ys.<\/p>\n<p>Mums jau pa\u017e\u012fstami\u00a0<strong>\u201eDukryt\u0117s&#8221;<\/strong>\u00a0ir\u00a0<strong>\u201eS\u016bnelio&#8221;<\/strong>\u00a0autoriai, \u0161\u012fkart nutar\u0119 para\u0161yti apie brolyst\u0119 ir seseryst\u0119, neabejoja: tokie saitai \u2013 didel\u0117 likimo dovana.<\/p>\n<p><strong>Ariel Andr\u00e9s Almada<\/strong>\u00a0(g. 1976 m. Buenos Air\u0117se) \u2013 Argentinos vaik\u0173 ra\u0161ytojas, \u0161iuo metu gyvenantis Ispanijoje. Prie\u0161 tapdamas ra\u0161ytoju, studijavo ekonomik\u0105. Yra peln\u0119s daug apdovanojim\u0173, jo knygos ver\u010diamos \u012f daugel\u012f kalb\u0173.<\/p>\n<p><strong>Sonja Wimmer<\/strong>\u00a0gim\u0117 Miunchene 1974 m. Studijavo grafin\u012f dizain\u0105 Miunchene ir iliustravim\u0105 Barselonoje. Kaip laisvai samdoma iliustrator\u0117 dirba su viso pasaulio leid\u0117jais. Daugelis jos knyg\u0173 pastaraisiais metais peln\u0117 apdovanojimus JAV.<\/p>\n<p>\u201eMan iliustravimas yra nuostabi galimyb\u0117 atiduoti \u0161iek tiek \u0161viesos ir paskatinti \u017emones svajoti, m\u0105styti arba juoktis,&#8221; \u2013 teigia dailinink\u0117.<\/p>\n<ul class=\"about-product d-none d-xl-block mt-4\">\n<li><strong>Autorius:<\/strong>\u00a0Ariel Andr\u00e9s Almada,\u00a0Sonja Wimmer<\/li>\n<li><strong>Leid\u0117jas:<\/strong>\u00a0Odil\u0117<\/li>\n<li><strong>Metai:<\/strong>\u00a02022<\/li>\n<li><strong>Puslapiai:<\/strong>\u00a036<\/li>\n<li class=\"toggleable type-new-formats \"><strong>ISBN:<\/strong>\u00a09786098222494<\/li>\n<li class=\"toggleable type-new-formats \"><strong>Formatas:<\/strong>\u00a021 x 26 x 0,8 cm, kieti vir\u0161eliai<\/li>\n<li><strong>Kalba:<\/strong>\u00a0Lietuvi\u0173<\/li>\n<li><strong>Vert\u0117jas:<\/strong>\u00a0Audrius Musteikis<\/li>\n<\/ul>\n","protected":false},"excerpt":{"rendered":"<p>Broliai ir ses\u0117s kartu \u017eaid\u017eia, susipe\u0161a ir apsikabina, vienas kit\u0105 prajuokina ar pravirkdo. Bet svarbiausia \u2013 juos vis\u0105 gyvenim\u0105 sieja nematomas ry\u0161ys. Mums jau pa\u017e\u012fstami\u00a0\u201eDukryt\u0117s&#8221;\u00a0ir\u00a0\u201eS\u016bnelio&#8221;\u00a0autoriai, \u0161\u012fkart nutar\u0119 para\u0161yti apie brolyst\u0119 ir seseryst\u0119, neabejoja: tokie saitai \u2013 didel\u0117 likimo dovana. Ariel Andr\u00e9s Almada\u00a0(g. 1976 m. Buenos Air\u0117se) \u2013 Argentinos vaik\u0173 ra\u0161ytojas, \u0161iuo metu gyvenantis Ispanijoje. Prie\u0161 tapdamas ra\u0161ytoju, studijavo ekonomik\u0105. Yra peln\u0119s daug apdovanojim\u0173, jo knygos ver\u010diamos \u012f daugel\u012f kalb\u0173. Sonja Wimmer\u00a0gim\u0117 Miunchene 1974 m. Studijavo grafin\u012f dizain\u0105 Miunchene ir iliustravim\u0105 Barselonoje. Kaip laisvai samdoma iliustrator\u0117 dirba su viso pasaulio leid\u0117jais. Daugelis jos knyg\u0173 pastaraisiais metais peln\u0117 apdovanojimus JAV. \u201eMan iliustravimas yra nuostabi galimyb\u0117 atiduoti \u0161iek tiek \u0161viesos ir paskatinti \u017emones svajoti, m\u0105styti arba juoktis,&#8221; \u2013 teigia dailinink\u0117. Autorius:\u00a0Ariel Andr\u00e9s Almada,\u00a0Sonja Wimmer Leid\u0117jas:\u00a0Odil\u0117 Metai:\u00a02022 Puslapiai:\u00a036 ISBN:\u00a09786098222494 Formatas:\u00a021 x 26 x 0,8 cm, kieti vir\u0161eliai Kalba:\u00a0Lietuvi\u0173 Vert\u0117jas:\u00a0Audrius Musteikis<\/p>\n","protected":false},"featured_media":15773,"comment_status":"open","ping_status":"closed","template":"","meta":{"_acf_changed":false,"site-sidebar-layout":"default","site-content-layout":"","ast-site-content-layout":"default","site-content-style":"default","site-sidebar-style":"default","ast-global-header-display":"","ast-banner-title-visibility":"","ast-main-header-display":"","ast-hfb-above-header-display":"","ast-hfb-below-header-display":"","ast-hfb-mobile-header-display":"","site-post-title":"","ast-breadcrumbs-content":"","ast-featured-img":"","footer-sml-layout":"","ast-disable-related-posts":"","theme-transparent-header-meta":"default","adv-header-id-meta":"","stick-header-meta":"","header-above-stick-meta":"","header-main-stick-meta":"","header-below-stick-meta":"","astra-migrate-meta-layouts":"set","ast-page-background-enabled":"default","ast-page-background-meta":{"desktop":{"background-color":"","background-image":"","background-repeat":"repeat","background-position":"center center","background-size":"auto","background-attachment":"scroll","background-type":"","background-media":"","overlay-type":"","overlay-color":"","overlay-opacity":"","overlay-gradient":""},"tablet":{"background-color":"","background-image":"","background-repeat":"repeat","background-position":"center center","background-size":"auto","background-attachment":"scroll","background-type":"","background-media":"","overlay-type":"","overlay-color":"","overlay-opacity":"","overlay-gradient":""},"mobile":{"background-color":"","background-image":"","background-repeat":"repeat","background-position":"center center","background-size":"auto","background-attachment":"scroll","background-type":"","background-media":"","overlay-type":"","overlay-color":"","overlay-opacity":"","overlay-gradient":""}},"ast-content-background-meta":{"desktop":{"background-color":"var(--ast-global-color-4)","background-image":"","background-repeat":"repeat","background-position":"center center","background-size":"auto","background-attachment":"scroll","background-type":"","background-media":"","overlay-type":"","overlay-color":"","overlay-opacity":"","overlay-gradient":""},"tablet":{"background-color":"var(--ast-global-color-4)","background-image":"","background-repeat":"repeat","background-position":"center center","background-size":"auto","background-attachment":"scroll","background-type":"","background-media":"","overlay-type":"","overlay-color":"","overlay-opacity":"","overlay-gradient":""},"mobile":{"background-color":"var(--ast-global-color-4)","background-image":"","background-repeat":"repeat","background-position":"center center","background-size":"auto","background-attachment":"scroll","background-type":"","background-media":"","overlay-type":"","overlay-color":"","overlay-opacity":"","overlay-gradient":""}}},"product_brand":[],"product_cat":[15,35],"product_tag":[],"class_list":{"0":"post-15772","1":"product","2":"type-product","3":"status-publish","4":"has-post-thumbnail","6":"product_cat-uncategorized","7":"product_cat-vaikams-ir-paaugliams","8":"desktop-align-left","9":"tablet-align-left","10":"mobile-align-left","12":"first","13":"outofstock","14":"shipping-taxable","15":"purchasable","16":"product-type-simple"},"acf":[],"yoast_head":"<!-- This site is optimized with the Yoast SEO plugin v27.0 - https:\/\/yoast.com\/product\/yoast-seo-wordpress\/ -->\n<title>Broliai ir ses\u0117s<\/title>\n<meta name=\"description\" content=\"Broliai ir ses\u0117s kartu \u017eaid\u017eia, susipe\u0161a ir apsikabina, vienas kit\u0105 prajuokina ar pravirkdo. Bet svarbiausia \u2013 juos vis\u0105 gyvenim\u0105 sieja nematomas ry\u0161ys.\" \/>\n<meta name=\"robots\" content=\"index, follow, max-snippet:-1, max-image-preview:large, max-video-preview:-1\" \/>\n<link rel=\"canonical\" href=\"https:\/\/skaitytaknyga.lt\/en\/produktas\/broliai-ir-seses\/\" \/>\n<meta property=\"og:locale\" content=\"en_GB\" \/>\n<meta property=\"og:locale:alternate\" content=\"lt_LT\" \/>\n<meta property=\"og:type\" content=\"article\" \/>\n<meta property=\"og:title\" content=\"Broliai ir ses\u0117s\" \/>\n<meta property=\"og:description\" content=\"Broliai ir ses\u0117s kartu \u017eaid\u017eia, susipe\u0161a ir apsikabina, vienas kit\u0105 prajuokina ar pravirkdo. Bet svarbiausia \u2013 juos vis\u0105 gyvenim\u0105 sieja nematomas ry\u0161ys.\" \/>\n<meta property=\"og:url\" content=\"https:\/\/skaitytaknyga.lt\/en\/produktas\/broliai-ir-seses\/\" \/>\n<meta property=\"og:site_name\" content=\"Skaitytaknyga\" \/>\n<meta property=\"article:publisher\" content=\"https:\/\/www.facebook.com\/skaitytaknyga\/\" \/>\n<meta property=\"article:modified_time\" content=\"2025-03-02T18:55:45+00:00\" \/>\n<meta property=\"og:image\" content=\"https:\/\/skaitytaknyga.lt\/wp-content\/uploads\/2025\/01\/Broliai-ir-seses.webp\" \/>\n\t<meta property=\"og:image:width\" content=\"599\" \/>\n\t<meta property=\"og:image:height\" content=\"800\" \/>\n\t<meta property=\"og:image:type\" content=\"image\/webp\" \/>\n<meta name=\"twitter:card\" content=\"summary_large_image\" \/>\n<meta name=\"twitter:label1\" content=\"Estimated reading time\" \/>\n\t<meta name=\"twitter:data1\" content=\"2 minutes\" \/>\n<script type=\"application\/ld+json\" class=\"yoast-schema-graph\">{\"@context\":\"https:\/\/schema.org\",\"@graph\":[{\"@type\":\"WebPage\",\"@id\":\"https:\/\/skaitytaknyga.lt\/produktas\/broliai-ir-seses\/\",\"url\":\"https:\/\/skaitytaknyga.lt\/produktas\/broliai-ir-seses\/\",\"name\":\"Broliai ir ses\u0117s\",\"isPartOf\":{\"@id\":\"https:\/\/skaitytaknyga.lt\/#website\"},\"primaryImageOfPage\":{\"@id\":\"https:\/\/skaitytaknyga.lt\/produktas\/broliai-ir-seses\/#primaryimage\"},\"image\":{\"@id\":\"https:\/\/skaitytaknyga.lt\/produktas\/broliai-ir-seses\/#primaryimage\"},\"thumbnailUrl\":\"https:\/\/skaitytaknyga.lt\/wp-content\/uploads\/2025\/01\/Broliai-ir-seses.webp\",\"datePublished\":\"2025-01-05T10:35:37+00:00\",\"dateModified\":\"2025-03-02T18:55:45+00:00\",\"description\":\"Broliai ir ses\u0117s kartu \u017eaid\u017eia, susipe\u0161a ir apsikabina, vienas kit\u0105 prajuokina ar pravirkdo. Bet svarbiausia \u2013 juos vis\u0105 gyvenim\u0105 sieja nematomas ry\u0161ys.\",\"breadcrumb\":{\"@id\":\"https:\/\/skaitytaknyga.lt\/produktas\/broliai-ir-seses\/#breadcrumb\"},\"inLanguage\":\"en-GB\",\"potentialAction\":[{\"@type\":\"ReadAction\",\"target\":[\"https:\/\/skaitytaknyga.lt\/produktas\/broliai-ir-seses\/\"]}]},{\"@type\":\"ImageObject\",\"inLanguage\":\"en-GB\",\"@id\":\"https:\/\/skaitytaknyga.lt\/produktas\/broliai-ir-seses\/#primaryimage\",\"url\":\"https:\/\/skaitytaknyga.lt\/wp-content\/uploads\/2025\/01\/Broliai-ir-seses.webp\",\"contentUrl\":\"https:\/\/skaitytaknyga.lt\/wp-content\/uploads\/2025\/01\/Broliai-ir-seses.webp\",\"width\":599,\"height\":800,\"caption\":\"Broliai ir ses\u0117s\"},{\"@type\":\"BreadcrumbList\",\"@id\":\"https:\/\/skaitytaknyga.lt\/produktas\/broliai-ir-seses\/#breadcrumb\",\"itemListElement\":[{\"@type\":\"ListItem\",\"position\":1,\"name\":\"Home\",\"item\":\"https:\/\/skaitytaknyga.lt\/\"},{\"@type\":\"ListItem\",\"position\":2,\"name\":\"Parduotuv\u0117\",\"item\":\"https:\/\/skaitytaknyga.lt\/knygu-parduotuve\/\"},{\"@type\":\"ListItem\",\"position\":3,\"name\":\"Broliai ir ses\u0117s\"}]},{\"@type\":\"WebSite\",\"@id\":\"https:\/\/skaitytaknyga.lt\/#website\",\"url\":\"https:\/\/skaitytaknyga.lt\/\",\"name\":\"skaitytaknyga.lt\",\"description\":\"Skaitytaknyga.lt \u2013 tai ma\u017eas \u0161eimos verslas, kuris prasid\u0117jo nuo meil\u0117s knygoms ir siekio i\u0161gelb\u0117ti knygas nuo likimo prie konteinerio. Kas vienam nereikalingas daiktas \u2013 kitam lobis, o mes esame tarpininkai, kurie padeda abiems tapti laimingesniems ???? \u017dinome kaip nelengva i\u0161gyventi ma\u017eiems verslams, tad nuo \u0161iol, \u010dia rasite ir kit\u0173, ma\u017e\u0173 \u0161eim\u0173 versl\u0173, rank\u0173 darbo, dovan\u0173 sau ir artimiesiems.\",\"publisher\":{\"@id\":\"https:\/\/skaitytaknyga.lt\/#organization\"},\"potentialAction\":[{\"@type\":\"SearchAction\",\"target\":{\"@type\":\"EntryPoint\",\"urlTemplate\":\"https:\/\/skaitytaknyga.lt\/?s={search_term_string}\"},\"query-input\":{\"@type\":\"PropertyValueSpecification\",\"valueRequired\":true,\"valueName\":\"search_term_string\"}}],\"inLanguage\":\"en-GB\"},{\"@type\":\"Organization\",\"@id\":\"https:\/\/skaitytaknyga.lt\/#organization\",\"name\":\"skaitytaknyga.lt\",\"url\":\"https:\/\/skaitytaknyga.lt\/\",\"logo\":{\"@type\":\"ImageObject\",\"inLanguage\":\"en-GB\",\"@id\":\"https:\/\/skaitytaknyga.lt\/#\/schema\/logo\/image\/\",\"url\":\"https:\/\/skaitytaknyga.lt\/wp-content\/uploads\/2024\/05\/cropped-cropped-cropped-02_00843_jt3bggkj1j3HLc7SyY6rEUpg.jpeg\",\"contentUrl\":\"https:\/\/skaitytaknyga.lt\/wp-content\/uploads\/2024\/05\/cropped-cropped-cropped-02_00843_jt3bggkj1j3HLc7SyY6rEUpg.jpeg\",\"width\":1600,\"height\":1600,\"caption\":\"skaitytaknyga.lt\"},\"image\":{\"@id\":\"https:\/\/skaitytaknyga.lt\/#\/schema\/logo\/image\/\"},\"sameAs\":[\"https:\/\/www.facebook.com\/skaitytaknyga\/\"]}]}<\/script>\n<!-- \/ Yoast SEO plugin. -->","yoast_head_json":{"title":"Broliai ir ses\u0117s","description":"Broliai ir ses\u0117s kartu \u017eaid\u017eia, susipe\u0161a ir apsikabina, vienas kit\u0105 prajuokina ar pravirkdo. Bet svarbiausia \u2013 juos vis\u0105 gyvenim\u0105 sieja nematomas ry\u0161ys.","robots":{"index":"index","follow":"follow","max-snippet":"max-snippet:-1","max-image-preview":"max-image-preview:large","max-video-preview":"max-video-preview:-1"},"canonical":"https:\/\/skaitytaknyga.lt\/en\/produktas\/broliai-ir-seses\/","og_locale":"en_GB","og_type":"article","og_title":"[:lt]Broliai ir ses\u0117s[:] - Skaitytaknyga","og_description":"Broliai ir ses\u0117s kartu \u017eaid\u017eia, susipe\u0161a ir apsikabina, vienas kit\u0105 prajuokina ar pravirkdo. Bet svarbiausia \u2013 juos vis\u0105 gyvenim\u0105 sieja nematomas ry\u0161ys.","og_url":"https:\/\/skaitytaknyga.lt\/en\/produktas\/broliai-ir-seses\/","og_site_name":"Skaitytaknyga","article_publisher":"https:\/\/www.facebook.com\/skaitytaknyga\/","article_modified_time":"2025-03-02T18:55:45+00:00","og_image":[{"width":599,"height":800,"url":"https:\/\/skaitytaknyga.lt\/wp-content\/uploads\/2025\/01\/Broliai-ir-seses.webp","type":"image\/webp"}],"twitter_card":"summary_large_image","twitter_misc":{"Estimated reading time":"2 minutes"},"schema":{"@context":"https:\/\/schema.org","@graph":[{"@type":"WebPage","@id":"https:\/\/skaitytaknyga.lt\/produktas\/broliai-ir-seses\/","url":"https:\/\/skaitytaknyga.lt\/produktas\/broliai-ir-seses\/","name":"Broliai ir ses\u0117s","isPartOf":{"@id":"https:\/\/skaitytaknyga.lt\/#website"},"primaryImageOfPage":{"@id":"https:\/\/skaitytaknyga.lt\/produktas\/broliai-ir-seses\/#primaryimage"},"image":{"@id":"https:\/\/skaitytaknyga.lt\/produktas\/broliai-ir-seses\/#primaryimage"},"thumbnailUrl":"https:\/\/skaitytaknyga.lt\/wp-content\/uploads\/2025\/01\/Broliai-ir-seses.webp","datePublished":"2025-01-05T10:35:37+00:00","dateModified":"2025-03-02T18:55:45+00:00","description":"Broliai ir ses\u0117s kartu \u017eaid\u017eia, susipe\u0161a ir apsikabina, vienas kit\u0105 prajuokina ar pravirkdo. Bet svarbiausia \u2013 juos vis\u0105 gyvenim\u0105 sieja nematomas ry\u0161ys.","breadcrumb":{"@id":"https:\/\/skaitytaknyga.lt\/produktas\/broliai-ir-seses\/#breadcrumb"},"inLanguage":"en-GB","potentialAction":[{"@type":"ReadAction","target":["https:\/\/skaitytaknyga.lt\/produktas\/broliai-ir-seses\/"]}]},{"@type":"ImageObject","inLanguage":"en-GB","@id":"https:\/\/skaitytaknyga.lt\/produktas\/broliai-ir-seses\/#primaryimage","url":"https:\/\/skaitytaknyga.lt\/wp-content\/uploads\/2025\/01\/Broliai-ir-seses.webp","contentUrl":"https:\/\/skaitytaknyga.lt\/wp-content\/uploads\/2025\/01\/Broliai-ir-seses.webp","width":599,"height":800,"caption":"Broliai ir ses\u0117s"},{"@type":"BreadcrumbList","@id":"https:\/\/skaitytaknyga.lt\/produktas\/broliai-ir-seses\/#breadcrumb","itemListElement":[{"@type":"ListItem","position":1,"name":"Home","item":"https:\/\/skaitytaknyga.lt\/"},{"@type":"ListItem","position":2,"name":"Parduotuv\u0117","item":"https:\/\/skaitytaknyga.lt\/knygu-parduotuve\/"},{"@type":"ListItem","position":3,"name":"Broliai ir ses\u0117s"}]},{"@type":"WebSite","@id":"https:\/\/skaitytaknyga.lt\/#website","url":"https:\/\/skaitytaknyga.lt\/","name":"skaitytaknyga.lt","description":"Skaitytaknyga.lt \u2013 tai ma\u017eas \u0161eimos verslas, kuris prasid\u0117jo nuo meil\u0117s knygoms ir siekio i\u0161gelb\u0117ti knygas nuo likimo prie konteinerio. Kas vienam nereikalingas daiktas \u2013 kitam lobis, o mes esame tarpininkai, kurie padeda abiems tapti laimingesniems ???? \u017dinome kaip nelengva i\u0161gyventi ma\u017eiems verslams, tad nuo \u0161iol, \u010dia rasite ir kit\u0173, ma\u017e\u0173 \u0161eim\u0173 versl\u0173, rank\u0173 darbo, dovan\u0173 sau ir artimiesiems.","publisher":{"@id":"https:\/\/skaitytaknyga.lt\/#organization"},"potentialAction":[{"@type":"SearchAction","target":{"@type":"EntryPoint","urlTemplate":"https:\/\/skaitytaknyga.lt\/?s={search_term_string}"},"query-input":{"@type":"PropertyValueSpecification","valueRequired":true,"valueName":"search_term_string"}}],"inLanguage":"en-GB"},{"@type":"Organization","@id":"https:\/\/skaitytaknyga.lt\/#organization","name":"skaitytaknyga.lt","url":"https:\/\/skaitytaknyga.lt\/","logo":{"@type":"ImageObject","inLanguage":"en-GB","@id":"https:\/\/skaitytaknyga.lt\/#\/schema\/logo\/image\/","url":"https:\/\/skaitytaknyga.lt\/wp-content\/uploads\/2024\/05\/cropped-cropped-cropped-02_00843_jt3bggkj1j3HLc7SyY6rEUpg.jpeg","contentUrl":"https:\/\/skaitytaknyga.lt\/wp-content\/uploads\/2024\/05\/cropped-cropped-cropped-02_00843_jt3bggkj1j3HLc7SyY6rEUpg.jpeg","width":1600,"height":1600,"caption":"skaitytaknyga.lt"},"image":{"@id":"https:\/\/skaitytaknyga.lt\/#\/schema\/logo\/image\/"},"sameAs":["https:\/\/www.facebook.com\/skaitytaknyga\/"]}]}},"_links":{"self":[{"href":"https:\/\/skaitytaknyga.lt\/en\/wp-json\/wp\/v2\/product\/15772","targetHints":{"allow":["GET"]}}],"collection":[{"href":"https:\/\/skaitytaknyga.lt\/en\/wp-json\/wp\/v2\/product"}],"about":[{"href":"https:\/\/skaitytaknyga.lt\/en\/wp-json\/wp\/v2\/types\/product"}],"replies":[{"embeddable":true,"href":"https:\/\/skaitytaknyga.lt\/en\/wp-json\/wp\/v2\/comments?post=15772"}],"wp:featuredmedia":[{"embeddable":true,"href":"https:\/\/skaitytaknyga.lt\/en\/wp-json\/wp\/v2\/media\/15773"}],"wp:attachment":[{"href":"https:\/\/skaitytaknyga.lt\/en\/wp-json\/wp\/v2\/media?parent=15772"}],"wp:term":[{"taxonomy":"product_brand","embeddable":true,"href":"https:\/\/skaitytaknyga.lt\/en\/wp-json\/wp\/v2\/product_brand?post=15772"},{"taxonomy":"product_cat","embeddable":true,"href":"https:\/\/skaitytaknyga.lt\/en\/wp-json\/wp\/v2\/product_cat?post=15772"},{"taxonomy":"product_tag","embeddable":true,"href":"https:\/\/skaitytaknyga.lt\/en\/wp-json\/wp\/v2\/product_tag?post=15772"}],"curies":[{"name":"wp","href":"https:\/\/api.w.org\/{rel}","templated":true}]}}