{"id":15768,"date":"2025-01-05T12:32:27","date_gmt":"2025-01-05T10:32:27","guid":{"rendered":"https:\/\/skaitytaknyga.lt\/?post_type=product&#038;p=15768"},"modified":"2026-03-05T16:17:48","modified_gmt":"2026-03-05T14:17:48","slug":"netvarkos-nykstukas-ir-netiketas-svecias","status":"publish","type":"product","link":"https:\/\/skaitytaknyga.lt\/en\/produktas\/netvarkos-nykstukas-ir-netiketas-svecias\/","title":{"rendered":"Netvarkos nyk\u0161tukas ir netik\u0117tas sve\u010dias"},"content":{"rendered":"<p>Jaukiame namelyje, m\u0117nulyje, ramiai gyveno Netvarkos nyk\u0161tukas. SAVO lovel\u0117je sapnavo sald\u017eiausius sapnus, labai m\u0117go maudytis SAVO vonioje, gaminti SAU pusry\u010dius ir pri\u017ei\u016br\u0117ti SAVO pabais\u0105 Tingiu N\u0117 Krust. Bet vien\u0105 dien\u0105 \u012f jo namus atklydo mucis ir sujauk\u0117 \u012fprast\u0105 Netvarkos nyk\u0161tuko gyvenim\u0105. Dabar jau perpus teko DALYTIS ne tik vonia, virtuve ar lovele, bet ir SAVO geriausiais draugais.<\/p>\n<p>Nauja \u2013 linksma ir \u012fkvepianti \u2013 Netvarkos nyk\u0161tuko istorija apie tai, kad DALYTIS yra daug smagiau, nei visk\u0105 tur\u0117ti vienam. Kartu skaitoma pasaka tampa \u012fdomesn\u0117, o kramsnojamos bandel\u0117s \u2013 gerokai skanesn\u0117s&#8230;<\/p>\n<p>Lina \u017dutaut\u0117 \u2013 dailinink\u0117 ir paveiksl\u0117li\u0173 knygeli\u0173 ma\u017eiausiems skaitytojams autor\u0117, geriausiai \u017einoma i\u0161 istorij\u0173 apie Kak\u0119 Mak\u0119: \u201eKak\u0117 Mak\u0117 ir Netvarkos nyk\u0161tukas&#8221; (2011 m. baland\u012f \u0161i knyga buvo i\u0161rinkta Geriausia knyga ma\u017eiausiam skaitytojui), \u201eKak\u0117 Mak\u0117 ir pab\u0117gusios ausys&#8221; , \u201eKak\u0117 Mak\u0117 ir didel\u0117 tamsa&#8221; bei \u201eKak\u0117 Mak\u0117 ir svajoni\u0173 gimtadienis&#8221; ir kt. Nuo tada, kai istorijos apie Kak\u0119 Mak\u0119 buvo u\u017era\u0161ytos, \u0161is persona\u017eas jau sp\u0117jo tapti savoti\u0161ku prek\u0117s \u017eenklu. O autor\u0117, pasakodama apie tai, kaip gim\u0117 pa\u0161\u0117lusios mergait\u0117s persona\u017eas ir jos nuotykiai, sako, jog ji nenor\u0117jusi b\u016bti teta, kuri gr\u016bmoja vaikams pir\u0161tu, tod\u0117l nusprend\u0117 tiesiog kurti pamokomas, linksmas istorijas, kurias pati ir iliustruoja. \u0160iuo metu apie Kak\u0117s Mak\u0117s nuotykius jau skaito ne tik Lietuvos, bet ir Rusijos, Danijos, Latvijos ir Piet\u0173 Kor\u0117jos vaikai. Na o L. \u017dutaut\u0117 2014 m. baland\u012f buvo apdovanota Vaik\u0173 literat\u016bros premija.<\/p>\n<ul class=\"about-product d-none d-xl-block mt-4\">\n<li><strong>Autorius:<\/strong>\u00a0Lina \u017dutaut\u0117<\/li>\n<li><strong>Leid\u0117jas:<\/strong>\u00a0Alma littera<\/li>\n<li><strong>Metai:<\/strong>\u00a02018<\/li>\n<li><strong>Puslapiai:<\/strong>\u00a032<\/li>\n<li class=\"toggleable type-new-formats \"><strong>ISBN:<\/strong>\u00a09786090134375<\/li>\n<li><strong>Versijos kodas:<\/strong>\u00a0PT.<\/li>\n<li class=\"toggleable type-new-formats \"><strong>Formatas:<\/strong>\u00a024,5 x 24,5 x 0,7 cm, kieti vir\u0161eliai<\/li>\n<li><strong>Kalba:<\/strong>\u00a0Lietuvi\u0173<\/li>\n<\/ul>\n","protected":false},"excerpt":{"rendered":"<p>Jaukiame namelyje, m\u0117nulyje, ramiai gyveno Netvarkos nyk\u0161tukas. SAVO lovel\u0117je sapnavo sald\u017eiausius sapnus, labai m\u0117go maudytis SAVO vonioje, gaminti SAU pusry\u010dius ir pri\u017ei\u016br\u0117ti SAVO pabais\u0105 Tingiu N\u0117 Krust. Bet vien\u0105 dien\u0105 \u012f jo namus atklydo mucis ir sujauk\u0117 \u012fprast\u0105 Netvarkos nyk\u0161tuko gyvenim\u0105. Dabar jau perpus teko DALYTIS ne tik vonia, virtuve ar lovele, bet ir SAVO geriausiais draugais. Nauja \u2013 linksma ir \u012fkvepianti \u2013 Netvarkos nyk\u0161tuko istorija apie tai, kad DALYTIS yra daug smagiau, nei visk\u0105 tur\u0117ti vienam. Kartu skaitoma pasaka tampa \u012fdomesn\u0117, o kramsnojamos bandel\u0117s \u2013 gerokai skanesn\u0117s&#8230; Lina \u017dutaut\u0117 \u2013 dailinink\u0117 ir paveiksl\u0117li\u0173 knygeli\u0173 ma\u017eiausiems skaitytojams autor\u0117, geriausiai \u017einoma i\u0161 istorij\u0173 apie Kak\u0119 Mak\u0119: \u201eKak\u0117 Mak\u0117 ir Netvarkos nyk\u0161tukas&#8221; (2011 m. baland\u012f \u0161i knyga buvo i\u0161rinkta Geriausia knyga ma\u017eiausiam skaitytojui), \u201eKak\u0117 Mak\u0117 ir pab\u0117gusios ausys&#8221; , \u201eKak\u0117 Mak\u0117 ir didel\u0117 tamsa&#8221; bei \u201eKak\u0117 Mak\u0117 ir svajoni\u0173 gimtadienis&#8221; ir kt. Nuo tada, kai istorijos apie Kak\u0119 Mak\u0119 buvo u\u017era\u0161ytos, \u0161is persona\u017eas jau sp\u0117jo tapti savoti\u0161ku prek\u0117s \u017eenklu. O autor\u0117, pasakodama apie tai, kaip gim\u0117 pa\u0161\u0117lusios mergait\u0117s persona\u017eas ir jos nuotykiai, sako, jog ji nenor\u0117jusi b\u016bti teta, kuri gr\u016bmoja vaikams pir\u0161tu, tod\u0117l nusprend\u0117 tiesiog kurti pamokomas, linksmas istorijas, kurias pati ir iliustruoja. \u0160iuo metu apie Kak\u0117s Mak\u0117s nuotykius jau skaito ne tik Lietuvos, bet ir Rusijos, Danijos, Latvijos ir Piet\u0173 Kor\u0117jos vaikai. Na o L. \u017dutaut\u0117 2014 m. baland\u012f buvo apdovanota Vaik\u0173 literat\u016bros premija. Autorius:\u00a0Lina \u017dutaut\u0117 Leid\u0117jas:\u00a0Alma littera Metai:\u00a02018 Puslapiai:\u00a032 ISBN:\u00a09786090134375 Versijos kodas:\u00a0PT. Formatas:\u00a024,5 x 24,5 x 0,7 cm, kieti vir\u0161eliai Kalba:\u00a0Lietuvi\u0173<\/p>\n","protected":false},"featured_media":15769,"comment_status":"open","ping_status":"closed","template":"","meta":{"_acf_changed":false,"site-sidebar-layout":"default","site-content-layout":"","ast-site-content-layout":"default","site-content-style":"default","site-sidebar-style":"default","ast-global-header-display":"","ast-banner-title-visibility":"","ast-main-header-display":"","ast-hfb-above-header-display":"","ast-hfb-below-header-display":"","ast-hfb-mobile-header-display":"","site-post-title":"","ast-breadcrumbs-content":"","ast-featured-img":"","footer-sml-layout":"","ast-disable-related-posts":"","theme-transparent-header-meta":"default","adv-header-id-meta":"","stick-header-meta":"","header-above-stick-meta":"","header-main-stick-meta":"","header-below-stick-meta":"","astra-migrate-meta-layouts":"set","ast-page-background-enabled":"default","ast-page-background-meta":{"desktop":{"background-color":"","background-image":"","background-repeat":"repeat","background-position":"center center","background-size":"auto","background-attachment":"scroll","background-type":"","background-media":"","overlay-type":"","overlay-color":"","overlay-opacity":"","overlay-gradient":""},"tablet":{"background-color":"","background-image":"","background-repeat":"repeat","background-position":"center center","background-size":"auto","background-attachment":"scroll","background-type":"","background-media":"","overlay-type":"","overlay-color":"","overlay-opacity":"","overlay-gradient":""},"mobile":{"background-color":"","background-image":"","background-repeat":"repeat","background-position":"center center","background-size":"auto","background-attachment":"scroll","background-type":"","background-media":"","overlay-type":"","overlay-color":"","overlay-opacity":"","overlay-gradient":""}},"ast-content-background-meta":{"desktop":{"background-color":"var(--ast-global-color-4)","background-image":"","background-repeat":"repeat","background-position":"center center","background-size":"auto","background-attachment":"scroll","background-type":"","background-media":"","overlay-type":"","overlay-color":"","overlay-opacity":"","overlay-gradient":""},"tablet":{"background-color":"var(--ast-global-color-4)","background-image":"","background-repeat":"repeat","background-position":"center center","background-size":"auto","background-attachment":"scroll","background-type":"","background-media":"","overlay-type":"","overlay-color":"","overlay-opacity":"","overlay-gradient":""},"mobile":{"background-color":"var(--ast-global-color-4)","background-image":"","background-repeat":"repeat","background-position":"center center","background-size":"auto","background-attachment":"scroll","background-type":"","background-media":"","overlay-type":"","overlay-color":"","overlay-opacity":"","overlay-gradient":""}}},"product_brand":[],"product_cat":[9677],"product_tag":[2080,2081,2082],"class_list":{"0":"post-15768","1":"product","2":"type-product","3":"status-publish","4":"has-post-thumbnail","6":"product_cat-ikimokyklinukams","7":"product_tag-ltkake-make","8":"product_tag-ltnuotykiai","9":"product_tag-ltvaiku-knyga","10":"desktop-align-left","11":"tablet-align-left","12":"mobile-align-left","14":"first","15":"outofstock","16":"shipping-taxable","17":"purchasable","18":"product-type-simple"},"acf":[],"yoast_head":"<!-- This site is optimized with the Yoast SEO plugin v27.0 - https:\/\/yoast.com\/product\/yoast-seo-wordpress\/ -->\n<title>Netvarkos nyk\u0161tukas ir netik\u0117tas sve\u010dias<\/title>\n<meta name=\"description\" content=\"Jaukiame namelyje, m\u0117nulyje, ramiai gyveno Netvarkos nyk\u0161tukas. SAVO lovel\u0117je sapnavo sald\u017eiausius sapnus, labai m\u0117go maudytis SAVO vonioje, gaminti SAU\" \/>\n<meta name=\"robots\" content=\"index, follow, max-snippet:-1, max-image-preview:large, max-video-preview:-1\" \/>\n<link rel=\"canonical\" href=\"https:\/\/skaitytaknyga.lt\/en\/produktas\/netvarkos-nykstukas-ir-netiketas-svecias\/\" \/>\n<meta property=\"og:locale\" content=\"en_GB\" \/>\n<meta property=\"og:locale:alternate\" content=\"lt_LT\" \/>\n<meta property=\"og:type\" content=\"article\" \/>\n<meta property=\"og:title\" content=\"Netvarkos nyk\u0161tukas ir netik\u0117tas sve\u010dias\" \/>\n<meta property=\"og:description\" content=\"Jaukiame namelyje, m\u0117nulyje, ramiai gyveno Netvarkos nyk\u0161tukas. SAVO lovel\u0117je sapnavo sald\u017eiausius sapnus, labai m\u0117go maudytis SAVO vonioje, gaminti SAU\" \/>\n<meta property=\"og:url\" content=\"https:\/\/skaitytaknyga.lt\/en\/produktas\/netvarkos-nykstukas-ir-netiketas-svecias\/\" \/>\n<meta property=\"og:site_name\" content=\"Skaitytaknyga\" \/>\n<meta property=\"article:publisher\" content=\"https:\/\/www.facebook.com\/skaitytaknyga\/\" \/>\n<meta property=\"article:modified_time\" content=\"2026-03-05T14:17:48+00:00\" \/>\n<meta property=\"og:image\" content=\"https:\/\/skaitytaknyga.lt\/wp-content\/uploads\/2025\/01\/Netvarkos-nykstukas-ir-netiketas-svecias.webp\" \/>\n\t<meta property=\"og:image:width\" content=\"600\" \/>\n\t<meta property=\"og:image:height\" content=\"600\" \/>\n\t<meta property=\"og:image:type\" content=\"image\/webp\" \/>\n<meta name=\"twitter:card\" content=\"summary_large_image\" \/>\n<meta name=\"twitter:label1\" content=\"Estimated reading time\" \/>\n\t<meta name=\"twitter:data1\" content=\"2 minutes\" \/>\n<script type=\"application\/ld+json\" class=\"yoast-schema-graph\">{\"@context\":\"https:\/\/schema.org\",\"@graph\":[{\"@type\":\"WebPage\",\"@id\":\"https:\/\/skaitytaknyga.lt\/produktas\/netvarkos-nykstukas-ir-netiketas-svecias\/\",\"url\":\"https:\/\/skaitytaknyga.lt\/produktas\/netvarkos-nykstukas-ir-netiketas-svecias\/\",\"name\":\"Netvarkos nyk\u0161tukas ir netik\u0117tas sve\u010dias\",\"isPartOf\":{\"@id\":\"https:\/\/skaitytaknyga.lt\/#website\"},\"primaryImageOfPage\":{\"@id\":\"https:\/\/skaitytaknyga.lt\/produktas\/netvarkos-nykstukas-ir-netiketas-svecias\/#primaryimage\"},\"image\":{\"@id\":\"https:\/\/skaitytaknyga.lt\/produktas\/netvarkos-nykstukas-ir-netiketas-svecias\/#primaryimage\"},\"thumbnailUrl\":\"https:\/\/skaitytaknyga.lt\/wp-content\/uploads\/2025\/01\/Netvarkos-nykstukas-ir-netiketas-svecias.webp\",\"datePublished\":\"2025-01-05T10:32:27+00:00\",\"dateModified\":\"2026-03-05T14:17:48+00:00\",\"description\":\"Jaukiame namelyje, m\u0117nulyje, ramiai gyveno Netvarkos nyk\u0161tukas. SAVO lovel\u0117je sapnavo sald\u017eiausius sapnus, labai m\u0117go maudytis SAVO vonioje, gaminti SAU\",\"breadcrumb\":{\"@id\":\"https:\/\/skaitytaknyga.lt\/produktas\/netvarkos-nykstukas-ir-netiketas-svecias\/#breadcrumb\"},\"inLanguage\":\"en-GB\",\"potentialAction\":[{\"@type\":\"ReadAction\",\"target\":[\"https:\/\/skaitytaknyga.lt\/produktas\/netvarkos-nykstukas-ir-netiketas-svecias\/\"]}]},{\"@type\":\"ImageObject\",\"inLanguage\":\"en-GB\",\"@id\":\"https:\/\/skaitytaknyga.lt\/produktas\/netvarkos-nykstukas-ir-netiketas-svecias\/#primaryimage\",\"url\":\"https:\/\/skaitytaknyga.lt\/wp-content\/uploads\/2025\/01\/Netvarkos-nykstukas-ir-netiketas-svecias.webp\",\"contentUrl\":\"https:\/\/skaitytaknyga.lt\/wp-content\/uploads\/2025\/01\/Netvarkos-nykstukas-ir-netiketas-svecias.webp\",\"width\":600,\"height\":600,\"caption\":\"Netvarkos nyk\u0161tukas ir netik\u0117tas sve\u010dias\"},{\"@type\":\"BreadcrumbList\",\"@id\":\"https:\/\/skaitytaknyga.lt\/produktas\/netvarkos-nykstukas-ir-netiketas-svecias\/#breadcrumb\",\"itemListElement\":[{\"@type\":\"ListItem\",\"position\":1,\"name\":\"Home\",\"item\":\"https:\/\/skaitytaknyga.lt\/\"},{\"@type\":\"ListItem\",\"position\":2,\"name\":\"Parduotuv\u0117\",\"item\":\"https:\/\/skaitytaknyga.lt\/knygu-parduotuve\/\"},{\"@type\":\"ListItem\",\"position\":3,\"name\":\"Netvarkos nyk\u0161tukas ir netik\u0117tas sve\u010dias\"}]},{\"@type\":\"WebSite\",\"@id\":\"https:\/\/skaitytaknyga.lt\/#website\",\"url\":\"https:\/\/skaitytaknyga.lt\/\",\"name\":\"skaitytaknyga.lt\",\"description\":\"Skaitytaknyga.lt \u2013 tai ma\u017eas \u0161eimos verslas, kuris prasid\u0117jo nuo meil\u0117s knygoms ir siekio i\u0161gelb\u0117ti knygas nuo likimo prie konteinerio. Kas vienam nereikalingas daiktas \u2013 kitam lobis, o mes esame tarpininkai, kurie padeda abiems tapti laimingesniems ???? \u017dinome kaip nelengva i\u0161gyventi ma\u017eiems verslams, tad nuo \u0161iol, \u010dia rasite ir kit\u0173, ma\u017e\u0173 \u0161eim\u0173 versl\u0173, rank\u0173 darbo, dovan\u0173 sau ir artimiesiems.\",\"publisher\":{\"@id\":\"https:\/\/skaitytaknyga.lt\/#organization\"},\"potentialAction\":[{\"@type\":\"SearchAction\",\"target\":{\"@type\":\"EntryPoint\",\"urlTemplate\":\"https:\/\/skaitytaknyga.lt\/?s={search_term_string}\"},\"query-input\":{\"@type\":\"PropertyValueSpecification\",\"valueRequired\":true,\"valueName\":\"search_term_string\"}}],\"inLanguage\":\"en-GB\"},{\"@type\":\"Organization\",\"@id\":\"https:\/\/skaitytaknyga.lt\/#organization\",\"name\":\"skaitytaknyga.lt\",\"url\":\"https:\/\/skaitytaknyga.lt\/\",\"logo\":{\"@type\":\"ImageObject\",\"inLanguage\":\"en-GB\",\"@id\":\"https:\/\/skaitytaknyga.lt\/#\/schema\/logo\/image\/\",\"url\":\"https:\/\/skaitytaknyga.lt\/wp-content\/uploads\/2024\/05\/cropped-cropped-cropped-02_00843_jt3bggkj1j3HLc7SyY6rEUpg.jpeg\",\"contentUrl\":\"https:\/\/skaitytaknyga.lt\/wp-content\/uploads\/2024\/05\/cropped-cropped-cropped-02_00843_jt3bggkj1j3HLc7SyY6rEUpg.jpeg\",\"width\":1600,\"height\":1600,\"caption\":\"skaitytaknyga.lt\"},\"image\":{\"@id\":\"https:\/\/skaitytaknyga.lt\/#\/schema\/logo\/image\/\"},\"sameAs\":[\"https:\/\/www.facebook.com\/skaitytaknyga\/\"]}]}<\/script>\n<!-- \/ Yoast SEO plugin. -->","yoast_head_json":{"title":"Netvarkos nyk\u0161tukas ir netik\u0117tas sve\u010dias","description":"Jaukiame namelyje, m\u0117nulyje, ramiai gyveno Netvarkos nyk\u0161tukas. SAVO lovel\u0117je sapnavo sald\u017eiausius sapnus, labai m\u0117go maudytis SAVO vonioje, gaminti SAU","robots":{"index":"index","follow":"follow","max-snippet":"max-snippet:-1","max-image-preview":"max-image-preview:large","max-video-preview":"max-video-preview:-1"},"canonical":"https:\/\/skaitytaknyga.lt\/en\/produktas\/netvarkos-nykstukas-ir-netiketas-svecias\/","og_locale":"en_GB","og_type":"article","og_title":"[:lt]Netvarkos nyk\u0161tukas ir netik\u0117tas sve\u010dias[:] - Skaitytaknyga","og_description":"Jaukiame namelyje, m\u0117nulyje, ramiai gyveno Netvarkos nyk\u0161tukas. SAVO lovel\u0117je sapnavo sald\u017eiausius sapnus, labai m\u0117go maudytis SAVO vonioje, gaminti SAU","og_url":"https:\/\/skaitytaknyga.lt\/en\/produktas\/netvarkos-nykstukas-ir-netiketas-svecias\/","og_site_name":"Skaitytaknyga","article_publisher":"https:\/\/www.facebook.com\/skaitytaknyga\/","article_modified_time":"2026-03-05T14:17:48+00:00","og_image":[{"width":600,"height":600,"url":"https:\/\/skaitytaknyga.lt\/wp-content\/uploads\/2025\/01\/Netvarkos-nykstukas-ir-netiketas-svecias.webp","type":"image\/webp"}],"twitter_card":"summary_large_image","twitter_misc":{"Estimated reading time":"2 minutes"},"schema":{"@context":"https:\/\/schema.org","@graph":[{"@type":"WebPage","@id":"https:\/\/skaitytaknyga.lt\/produktas\/netvarkos-nykstukas-ir-netiketas-svecias\/","url":"https:\/\/skaitytaknyga.lt\/produktas\/netvarkos-nykstukas-ir-netiketas-svecias\/","name":"Netvarkos nyk\u0161tukas ir netik\u0117tas sve\u010dias","isPartOf":{"@id":"https:\/\/skaitytaknyga.lt\/#website"},"primaryImageOfPage":{"@id":"https:\/\/skaitytaknyga.lt\/produktas\/netvarkos-nykstukas-ir-netiketas-svecias\/#primaryimage"},"image":{"@id":"https:\/\/skaitytaknyga.lt\/produktas\/netvarkos-nykstukas-ir-netiketas-svecias\/#primaryimage"},"thumbnailUrl":"https:\/\/skaitytaknyga.lt\/wp-content\/uploads\/2025\/01\/Netvarkos-nykstukas-ir-netiketas-svecias.webp","datePublished":"2025-01-05T10:32:27+00:00","dateModified":"2026-03-05T14:17:48+00:00","description":"Jaukiame namelyje, m\u0117nulyje, ramiai gyveno Netvarkos nyk\u0161tukas. SAVO lovel\u0117je sapnavo sald\u017eiausius sapnus, labai m\u0117go maudytis SAVO vonioje, gaminti SAU","breadcrumb":{"@id":"https:\/\/skaitytaknyga.lt\/produktas\/netvarkos-nykstukas-ir-netiketas-svecias\/#breadcrumb"},"inLanguage":"en-GB","potentialAction":[{"@type":"ReadAction","target":["https:\/\/skaitytaknyga.lt\/produktas\/netvarkos-nykstukas-ir-netiketas-svecias\/"]}]},{"@type":"ImageObject","inLanguage":"en-GB","@id":"https:\/\/skaitytaknyga.lt\/produktas\/netvarkos-nykstukas-ir-netiketas-svecias\/#primaryimage","url":"https:\/\/skaitytaknyga.lt\/wp-content\/uploads\/2025\/01\/Netvarkos-nykstukas-ir-netiketas-svecias.webp","contentUrl":"https:\/\/skaitytaknyga.lt\/wp-content\/uploads\/2025\/01\/Netvarkos-nykstukas-ir-netiketas-svecias.webp","width":600,"height":600,"caption":"Netvarkos nyk\u0161tukas ir netik\u0117tas sve\u010dias"},{"@type":"BreadcrumbList","@id":"https:\/\/skaitytaknyga.lt\/produktas\/netvarkos-nykstukas-ir-netiketas-svecias\/#breadcrumb","itemListElement":[{"@type":"ListItem","position":1,"name":"Home","item":"https:\/\/skaitytaknyga.lt\/"},{"@type":"ListItem","position":2,"name":"Parduotuv\u0117","item":"https:\/\/skaitytaknyga.lt\/knygu-parduotuve\/"},{"@type":"ListItem","position":3,"name":"Netvarkos nyk\u0161tukas ir netik\u0117tas sve\u010dias"}]},{"@type":"WebSite","@id":"https:\/\/skaitytaknyga.lt\/#website","url":"https:\/\/skaitytaknyga.lt\/","name":"skaitytaknyga.lt","description":"Skaitytaknyga.lt \u2013 tai ma\u017eas \u0161eimos verslas, kuris prasid\u0117jo nuo meil\u0117s knygoms ir siekio i\u0161gelb\u0117ti knygas nuo likimo prie konteinerio. Kas vienam nereikalingas daiktas \u2013 kitam lobis, o mes esame tarpininkai, kurie padeda abiems tapti laimingesniems ???? \u017dinome kaip nelengva i\u0161gyventi ma\u017eiems verslams, tad nuo \u0161iol, \u010dia rasite ir kit\u0173, ma\u017e\u0173 \u0161eim\u0173 versl\u0173, rank\u0173 darbo, dovan\u0173 sau ir artimiesiems.","publisher":{"@id":"https:\/\/skaitytaknyga.lt\/#organization"},"potentialAction":[{"@type":"SearchAction","target":{"@type":"EntryPoint","urlTemplate":"https:\/\/skaitytaknyga.lt\/?s={search_term_string}"},"query-input":{"@type":"PropertyValueSpecification","valueRequired":true,"valueName":"search_term_string"}}],"inLanguage":"en-GB"},{"@type":"Organization","@id":"https:\/\/skaitytaknyga.lt\/#organization","name":"skaitytaknyga.lt","url":"https:\/\/skaitytaknyga.lt\/","logo":{"@type":"ImageObject","inLanguage":"en-GB","@id":"https:\/\/skaitytaknyga.lt\/#\/schema\/logo\/image\/","url":"https:\/\/skaitytaknyga.lt\/wp-content\/uploads\/2024\/05\/cropped-cropped-cropped-02_00843_jt3bggkj1j3HLc7SyY6rEUpg.jpeg","contentUrl":"https:\/\/skaitytaknyga.lt\/wp-content\/uploads\/2024\/05\/cropped-cropped-cropped-02_00843_jt3bggkj1j3HLc7SyY6rEUpg.jpeg","width":1600,"height":1600,"caption":"skaitytaknyga.lt"},"image":{"@id":"https:\/\/skaitytaknyga.lt\/#\/schema\/logo\/image\/"},"sameAs":["https:\/\/www.facebook.com\/skaitytaknyga\/"]}]}},"_links":{"self":[{"href":"https:\/\/skaitytaknyga.lt\/en\/wp-json\/wp\/v2\/product\/15768","targetHints":{"allow":["GET"]}}],"collection":[{"href":"https:\/\/skaitytaknyga.lt\/en\/wp-json\/wp\/v2\/product"}],"about":[{"href":"https:\/\/skaitytaknyga.lt\/en\/wp-json\/wp\/v2\/types\/product"}],"replies":[{"embeddable":true,"href":"https:\/\/skaitytaknyga.lt\/en\/wp-json\/wp\/v2\/comments?post=15768"}],"wp:featuredmedia":[{"embeddable":true,"href":"https:\/\/skaitytaknyga.lt\/en\/wp-json\/wp\/v2\/media\/15769"}],"wp:attachment":[{"href":"https:\/\/skaitytaknyga.lt\/en\/wp-json\/wp\/v2\/media?parent=15768"}],"wp:term":[{"taxonomy":"product_brand","embeddable":true,"href":"https:\/\/skaitytaknyga.lt\/en\/wp-json\/wp\/v2\/product_brand?post=15768"},{"taxonomy":"product_cat","embeddable":true,"href":"https:\/\/skaitytaknyga.lt\/en\/wp-json\/wp\/v2\/product_cat?post=15768"},{"taxonomy":"product_tag","embeddable":true,"href":"https:\/\/skaitytaknyga.lt\/en\/wp-json\/wp\/v2\/product_tag?post=15768"}],"curies":[{"name":"wp","href":"https:\/\/api.w.org\/{rel}","templated":true}]}}