{"id":15760,"date":"2025-01-02T19:51:07","date_gmt":"2025-01-02T17:51:07","guid":{"rendered":"https:\/\/skaitytaknyga.lt\/?post_type=product&#038;p=15760"},"modified":"2026-03-18T14:59:51","modified_gmt":"2026-03-18T12:59:51","slug":"gulago-istorija","status":"publish","type":"product","link":"https:\/\/skaitytaknyga.lt\/en\/produktas\/gulago-istorija\/","title":{"rendered":"Gulago istorija (yra skaitymo \u017eymi\u0173)"},"content":{"rendered":"<p><strong>Anne Applebaum<\/strong>\u00a0(En Eplbaum, g. 1964), amerikiet\u0117 publicist\u0117 (\u0161iuo metu dirba \u201eWashington Post\u201c ir \u201eSlate\u201c), savo darbuose Vakar\u0173 skaitytoj\u0105 supa\u017eindina su Lietuvos ir kit\u0173 Ryt\u0173 bei Vidurio Europos taut\u0173 istorine patirtimi. A. Applebaum para\u0161\u0117 dvi plataus atgarsio sulaukusias knygas: \u201eTarp Ryt\u0173 ir Vakar\u0173: per Europos paribio kra\u0161tus\u201c (&#8220;Between East and West: Across the Borderlands of Europe&#8221;, 1995) ir \u201eGulago istorija\u201c (&#8220;Gulag: a History&#8221;, 2003).<\/p>\n<p>2008-aisiais u\u017e nuopelnus skleid\u017eiant istorin\u012f teisingum\u0105 ir transatlantini\u0173 ry\u0161i\u0173 pl\u0117tojim\u0105 A. Applebaum buvo apdovanota Lietuvos Respublikos u\u017esienio reikal\u0173 ministerijos garb\u0117s \u017eenklu \u2013 Lietuvos t\u016bkstantme\u010dio \u017evaig\u017ede.<\/p>\n<p>\u201eGulago istorija\u201c \u2013 tai plati studija, kurioje pristatoma mil\u017eini\u0161ka soviet\u0173 koncentracijos lageri\u0173 sistema. Knygoje pirm\u0105 kart\u0105 pateikiamas i\u0161samus dokumentais, naujausiais tyrimais, kan\u010dias i\u0161gyvenusi\u0173 \u017emoni\u0173 patirtimi ir liudijimais gr\u012fstas gulago vaizdas: i\u0161takos Rusijos revoliucijoje, Josifo Stalino skatinta pl\u0117tra ir galiausiai \u017elugimas glasnost laikais.<\/p>\n<p>Studijoje atkuriamos lageri\u0173 kasdienyb\u0117s detal\u0117s, gulago sistema ap\u017evelgiama pla\u010diame visos Soviet\u0173 S\u0105jungos istorijos kontekste, atskleid\u017eiama tikroji gulago vieta sovietin\u0117je ekonomikos ir politin\u0117je sistemoje. Kai kuri\u0173 istorik\u0173 nuomone, \u201eGulago istorija\u201c tokia pat reik\u0161minga kaip ir Aleksandro Sol\u017eenicyno knyga \u201eGulago archipelagas\u201c.<\/p>\n<ul class=\"about-product d-none d-xl-block mt-4\">\n<li><strong>Autorius:<\/strong>\u00a0Anne Applebaum<\/li>\n<li><strong>Leid\u0117jas:<\/strong>\u00a0Baltos lankos<\/li>\n<li><strong>Metai:<\/strong>\u00a02009<\/li>\n<li><strong>Puslapiai:<\/strong>\u00a0671<\/li>\n<li class=\"toggleable type-new-formats \"><strong>ISBN:<\/strong>\u00a09789955232889<\/li>\n<li class=\"toggleable type-new-formats \"><strong>Formatas:<\/strong>\u00a016 x 24 cm, mink\u0161ti vir\u0161eliai<\/li>\n<li><strong>Kalba:<\/strong>\u00a0Lietuvi\u0173<\/li>\n<li><strong>Vert\u0117jas:<\/strong>\u00a0Rasa Drazdauskien\u0117<\/li>\n<\/ul>\n","protected":false},"excerpt":{"rendered":"<p>Anne Applebaum\u00a0(En Eplbaum, g. 1964), amerikiet\u0117 publicist\u0117 (\u0161iuo metu dirba \u201eWashington Post\u201c ir \u201eSlate\u201c), savo darbuose Vakar\u0173 skaitytoj\u0105 supa\u017eindina su Lietuvos ir kit\u0173 Ryt\u0173 bei Vidurio Europos taut\u0173 istorine patirtimi. A. Applebaum para\u0161\u0117 dvi plataus atgarsio sulaukusias knygas: \u201eTarp Ryt\u0173 ir Vakar\u0173: per Europos paribio kra\u0161tus\u201c (&#8220;Between East and West: Across the Borderlands of Europe&#8221;, 1995) ir \u201eGulago istorija\u201c (&#8220;Gulag: a History&#8221;, 2003). 2008-aisiais u\u017e nuopelnus skleid\u017eiant istorin\u012f teisingum\u0105 ir transatlantini\u0173 ry\u0161i\u0173 pl\u0117tojim\u0105 A. Applebaum buvo apdovanota Lietuvos Respublikos u\u017esienio reikal\u0173 ministerijos garb\u0117s \u017eenklu \u2013 Lietuvos t\u016bkstantme\u010dio \u017evaig\u017ede. \u201eGulago istorija\u201c \u2013 tai plati studija, kurioje pristatoma mil\u017eini\u0161ka soviet\u0173 koncentracijos lageri\u0173 sistema. Knygoje pirm\u0105 kart\u0105 pateikiamas i\u0161samus dokumentais, naujausiais tyrimais, kan\u010dias i\u0161gyvenusi\u0173 \u017emoni\u0173 patirtimi ir liudijimais gr\u012fstas gulago vaizdas: i\u0161takos Rusijos revoliucijoje, Josifo Stalino skatinta pl\u0117tra ir galiausiai \u017elugimas glasnost laikais. Studijoje atkuriamos lageri\u0173 kasdienyb\u0117s detal\u0117s, gulago sistema ap\u017evelgiama pla\u010diame visos Soviet\u0173 S\u0105jungos istorijos kontekste, atskleid\u017eiama tikroji gulago vieta sovietin\u0117je ekonomikos ir politin\u0117je sistemoje. Kai kuri\u0173 istorik\u0173 nuomone, \u201eGulago istorija\u201c tokia pat reik\u0161minga kaip ir Aleksandro Sol\u017eenicyno knyga \u201eGulago archipelagas\u201c. Autorius:\u00a0Anne Applebaum Leid\u0117jas:\u00a0Baltos lankos Metai:\u00a02009 Puslapiai:\u00a0671 ISBN:\u00a09789955232889 Formatas:\u00a016 x 24 cm, mink\u0161ti vir\u0161eliai Kalba:\u00a0Lietuvi\u0173 Vert\u0117jas:\u00a0Rasa Drazdauskien\u0117<\/p>\n","protected":false},"featured_media":15761,"comment_status":"closed","ping_status":"closed","template":"","meta":{"_acf_changed":false,"site-sidebar-layout":"default","site-content-layout":"","ast-site-content-layout":"default","site-content-style":"default","site-sidebar-style":"default","ast-global-header-display":"","ast-banner-title-visibility":"","ast-main-header-display":"","ast-hfb-above-header-display":"","ast-hfb-below-header-display":"","ast-hfb-mobile-header-display":"","site-post-title":"","ast-breadcrumbs-content":"","ast-featured-img":"","footer-sml-layout":"","ast-disable-related-posts":"","theme-transparent-header-meta":"default","adv-header-id-meta":"","stick-header-meta":"","header-above-stick-meta":"","header-main-stick-meta":"","header-below-stick-meta":"","astra-migrate-meta-layouts":"set","ast-page-background-enabled":"default","ast-page-background-meta":{"desktop":{"background-color":"","background-image":"","background-repeat":"repeat","background-position":"center center","background-size":"auto","background-attachment":"scroll","background-type":"","background-media":"","overlay-type":"","overlay-color":"","overlay-opacity":"","overlay-gradient":""},"tablet":{"background-color":"","background-image":"","background-repeat":"repeat","background-position":"center center","background-size":"auto","background-attachment":"scroll","background-type":"","background-media":"","overlay-type":"","overlay-color":"","overlay-opacity":"","overlay-gradient":""},"mobile":{"background-color":"","background-image":"","background-repeat":"repeat","background-position":"center center","background-size":"auto","background-attachment":"scroll","background-type":"","background-media":"","overlay-type":"","overlay-color":"","overlay-opacity":"","overlay-gradient":""}},"ast-content-background-meta":{"desktop":{"background-color":"var(--ast-global-color-4)","background-image":"","background-repeat":"repeat","background-position":"center center","background-size":"auto","background-attachment":"scroll","background-type":"","background-media":"","overlay-type":"","overlay-color":"","overlay-opacity":"","overlay-gradient":""},"tablet":{"background-color":"var(--ast-global-color-4)","background-image":"","background-repeat":"repeat","background-position":"center center","background-size":"auto","background-attachment":"scroll","background-type":"","background-media":"","overlay-type":"","overlay-color":"","overlay-opacity":"","overlay-gradient":""},"mobile":{"background-color":"var(--ast-global-color-4)","background-image":"","background-repeat":"repeat","background-position":"center center","background-size":"auto","background-attachment":"scroll","background-type":"","background-media":"","overlay-type":"","overlay-color":"","overlay-opacity":"","overlay-gradient":""}}},"product_brand":[],"product_cat":[9864,9862,174],"product_tag":[],"class_list":{"0":"post-15760","1":"product","2":"type-product","3":"status-publish","4":"has-post-thumbnail","6":"product_cat-karo-istorija","7":"product_cat-lietuvos-istorija","8":"product_cat-istorija-ir-politologija","9":"desktop-align-left","10":"tablet-align-left","11":"mobile-align-left","13":"first","14":"outofstock","15":"shipping-taxable","16":"purchasable","17":"product-type-simple"},"acf":[],"yoast_head":"<!-- This site is optimized with the Yoast SEO plugin v27.0 - https:\/\/yoast.com\/product\/yoast-seo-wordpress\/ -->\n<title>Gulago istorija (yra skaitymo \u017eymi\u0173)<\/title>\n<meta name=\"description\" content=\"Anne Applebaum\u00a0(En Eplbaum, g. 1964), amerikiet\u0117 publicist\u0117 (\u0161iuo metu dirba \u201eWashington Post\u201c ir \u201eSlate\u201c), savo darbuose Vakar\u0173 skaitytoj\u0105 supa\u017eindina su\" \/>\n<meta name=\"robots\" content=\"index, follow, max-snippet:-1, max-image-preview:large, max-video-preview:-1\" \/>\n<link rel=\"canonical\" href=\"https:\/\/skaitytaknyga.lt\/en\/produktas\/gulago-istorija\/\" \/>\n<meta property=\"og:locale\" content=\"en_GB\" \/>\n<meta property=\"og:locale:alternate\" content=\"lt_LT\" \/>\n<meta property=\"og:type\" content=\"article\" \/>\n<meta property=\"og:title\" content=\"Gulago istorija (yra skaitymo \u017eymi\u0173)\" \/>\n<meta property=\"og:description\" content=\"Anne Applebaum\u00a0(En Eplbaum, g. 1964), amerikiet\u0117 publicist\u0117 (\u0161iuo metu dirba \u201eWashington Post\u201c ir \u201eSlate\u201c), savo darbuose Vakar\u0173 skaitytoj\u0105 supa\u017eindina su\" \/>\n<meta property=\"og:url\" content=\"https:\/\/skaitytaknyga.lt\/en\/produktas\/gulago-istorija\/\" \/>\n<meta property=\"og:site_name\" content=\"Skaitytaknyga\" \/>\n<meta property=\"article:publisher\" content=\"https:\/\/www.facebook.com\/skaitytaknyga\/\" \/>\n<meta property=\"article:modified_time\" content=\"2026-03-18T12:59:51+00:00\" \/>\n<meta property=\"og:image\" content=\"https:\/\/skaitytaknyga.lt\/wp-content\/uploads\/2025\/01\/Gulago-istorija.webp\" \/>\n\t<meta property=\"og:image:width\" content=\"544\" \/>\n\t<meta property=\"og:image:height\" content=\"800\" \/>\n\t<meta property=\"og:image:type\" content=\"image\/webp\" \/>\n<meta name=\"twitter:card\" content=\"summary_large_image\" \/>\n<meta name=\"twitter:label1\" content=\"Estimated reading time\" \/>\n\t<meta name=\"twitter:data1\" content=\"2 minutes\" \/>\n<script type=\"application\/ld+json\" class=\"yoast-schema-graph\">{\"@context\":\"https:\/\/schema.org\",\"@graph\":[{\"@type\":\"WebPage\",\"@id\":\"https:\/\/skaitytaknyga.lt\/produktas\/gulago-istorija\/\",\"url\":\"https:\/\/skaitytaknyga.lt\/produktas\/gulago-istorija\/\",\"name\":\"Gulago istorija (yra skaitymo \u017eymi\u0173)\",\"isPartOf\":{\"@id\":\"https:\/\/skaitytaknyga.lt\/#website\"},\"primaryImageOfPage\":{\"@id\":\"https:\/\/skaitytaknyga.lt\/produktas\/gulago-istorija\/#primaryimage\"},\"image\":{\"@id\":\"https:\/\/skaitytaknyga.lt\/produktas\/gulago-istorija\/#primaryimage\"},\"thumbnailUrl\":\"https:\/\/skaitytaknyga.lt\/wp-content\/uploads\/2025\/01\/Gulago-istorija.webp\",\"datePublished\":\"2025-01-02T17:51:07+00:00\",\"dateModified\":\"2026-03-18T12:59:51+00:00\",\"description\":\"Anne Applebaum\u00a0(En Eplbaum, g. 1964), amerikiet\u0117 publicist\u0117 (\u0161iuo metu dirba \u201eWashington Post\u201c ir \u201eSlate\u201c), savo darbuose Vakar\u0173 skaitytoj\u0105 supa\u017eindina su\",\"breadcrumb\":{\"@id\":\"https:\/\/skaitytaknyga.lt\/produktas\/gulago-istorija\/#breadcrumb\"},\"inLanguage\":\"en-GB\",\"potentialAction\":[{\"@type\":\"ReadAction\",\"target\":[\"https:\/\/skaitytaknyga.lt\/produktas\/gulago-istorija\/\"]}]},{\"@type\":\"ImageObject\",\"inLanguage\":\"en-GB\",\"@id\":\"https:\/\/skaitytaknyga.lt\/produktas\/gulago-istorija\/#primaryimage\",\"url\":\"https:\/\/skaitytaknyga.lt\/wp-content\/uploads\/2025\/01\/Gulago-istorija.webp\",\"contentUrl\":\"https:\/\/skaitytaknyga.lt\/wp-content\/uploads\/2025\/01\/Gulago-istorija.webp\",\"width\":544,\"height\":800,\"caption\":\"Gulago istorija\"},{\"@type\":\"BreadcrumbList\",\"@id\":\"https:\/\/skaitytaknyga.lt\/produktas\/gulago-istorija\/#breadcrumb\",\"itemListElement\":[{\"@type\":\"ListItem\",\"position\":1,\"name\":\"Home\",\"item\":\"https:\/\/skaitytaknyga.lt\/\"},{\"@type\":\"ListItem\",\"position\":2,\"name\":\"Parduotuv\u0117\",\"item\":\"https:\/\/skaitytaknyga.lt\/knygu-parduotuve\/\"},{\"@type\":\"ListItem\",\"position\":3,\"name\":\"Gulago istorija (yra skaitymo \u017eymi\u0173)\"}]},{\"@type\":\"WebSite\",\"@id\":\"https:\/\/skaitytaknyga.lt\/#website\",\"url\":\"https:\/\/skaitytaknyga.lt\/\",\"name\":\"skaitytaknyga.lt\",\"description\":\"Skaitytaknyga.lt \u2013 tai ma\u017eas \u0161eimos verslas, kuris prasid\u0117jo nuo meil\u0117s knygoms ir siekio i\u0161gelb\u0117ti knygas nuo likimo prie konteinerio. Kas vienam nereikalingas daiktas \u2013 kitam lobis, o mes esame tarpininkai, kurie padeda abiems tapti laimingesniems ???? \u017dinome kaip nelengva i\u0161gyventi ma\u017eiems verslams, tad nuo \u0161iol, \u010dia rasite ir kit\u0173, ma\u017e\u0173 \u0161eim\u0173 versl\u0173, rank\u0173 darbo, dovan\u0173 sau ir artimiesiems.\",\"publisher\":{\"@id\":\"https:\/\/skaitytaknyga.lt\/#organization\"},\"potentialAction\":[{\"@type\":\"SearchAction\",\"target\":{\"@type\":\"EntryPoint\",\"urlTemplate\":\"https:\/\/skaitytaknyga.lt\/?s={search_term_string}\"},\"query-input\":{\"@type\":\"PropertyValueSpecification\",\"valueRequired\":true,\"valueName\":\"search_term_string\"}}],\"inLanguage\":\"en-GB\"},{\"@type\":\"Organization\",\"@id\":\"https:\/\/skaitytaknyga.lt\/#organization\",\"name\":\"skaitytaknyga.lt\",\"url\":\"https:\/\/skaitytaknyga.lt\/\",\"logo\":{\"@type\":\"ImageObject\",\"inLanguage\":\"en-GB\",\"@id\":\"https:\/\/skaitytaknyga.lt\/#\/schema\/logo\/image\/\",\"url\":\"https:\/\/skaitytaknyga.lt\/wp-content\/uploads\/2024\/05\/cropped-cropped-cropped-02_00843_jt3bggkj1j3HLc7SyY6rEUpg.jpeg\",\"contentUrl\":\"https:\/\/skaitytaknyga.lt\/wp-content\/uploads\/2024\/05\/cropped-cropped-cropped-02_00843_jt3bggkj1j3HLc7SyY6rEUpg.jpeg\",\"width\":1600,\"height\":1600,\"caption\":\"skaitytaknyga.lt\"},\"image\":{\"@id\":\"https:\/\/skaitytaknyga.lt\/#\/schema\/logo\/image\/\"},\"sameAs\":[\"https:\/\/www.facebook.com\/skaitytaknyga\/\"]}]}<\/script>\n<!-- \/ Yoast SEO plugin. -->","yoast_head_json":{"title":"Gulago istorija (yra skaitymo \u017eymi\u0173)","description":"Anne Applebaum\u00a0(En Eplbaum, g. 1964), amerikiet\u0117 publicist\u0117 (\u0161iuo metu dirba \u201eWashington Post\u201c ir \u201eSlate\u201c), savo darbuose Vakar\u0173 skaitytoj\u0105 supa\u017eindina su","robots":{"index":"index","follow":"follow","max-snippet":"max-snippet:-1","max-image-preview":"max-image-preview:large","max-video-preview":"max-video-preview:-1"},"canonical":"https:\/\/skaitytaknyga.lt\/en\/produktas\/gulago-istorija\/","og_locale":"en_GB","og_type":"article","og_title":"[:lt]Gulago istorija (yra skaitymo \u017eymi\u0173)[:] - Skaitytaknyga","og_description":"Anne Applebaum\u00a0(En Eplbaum, g. 1964), amerikiet\u0117 publicist\u0117 (\u0161iuo metu dirba \u201eWashington Post\u201c ir \u201eSlate\u201c), savo darbuose Vakar\u0173 skaitytoj\u0105 supa\u017eindina su","og_url":"https:\/\/skaitytaknyga.lt\/en\/produktas\/gulago-istorija\/","og_site_name":"Skaitytaknyga","article_publisher":"https:\/\/www.facebook.com\/skaitytaknyga\/","article_modified_time":"2026-03-18T12:59:51+00:00","og_image":[{"width":544,"height":800,"url":"https:\/\/skaitytaknyga.lt\/wp-content\/uploads\/2025\/01\/Gulago-istorija.webp","type":"image\/webp"}],"twitter_card":"summary_large_image","twitter_misc":{"Estimated reading time":"2 minutes"},"schema":{"@context":"https:\/\/schema.org","@graph":[{"@type":"WebPage","@id":"https:\/\/skaitytaknyga.lt\/produktas\/gulago-istorija\/","url":"https:\/\/skaitytaknyga.lt\/produktas\/gulago-istorija\/","name":"Gulago istorija (yra skaitymo \u017eymi\u0173)","isPartOf":{"@id":"https:\/\/skaitytaknyga.lt\/#website"},"primaryImageOfPage":{"@id":"https:\/\/skaitytaknyga.lt\/produktas\/gulago-istorija\/#primaryimage"},"image":{"@id":"https:\/\/skaitytaknyga.lt\/produktas\/gulago-istorija\/#primaryimage"},"thumbnailUrl":"https:\/\/skaitytaknyga.lt\/wp-content\/uploads\/2025\/01\/Gulago-istorija.webp","datePublished":"2025-01-02T17:51:07+00:00","dateModified":"2026-03-18T12:59:51+00:00","description":"Anne Applebaum\u00a0(En Eplbaum, g. 1964), amerikiet\u0117 publicist\u0117 (\u0161iuo metu dirba \u201eWashington Post\u201c ir \u201eSlate\u201c), savo darbuose Vakar\u0173 skaitytoj\u0105 supa\u017eindina su","breadcrumb":{"@id":"https:\/\/skaitytaknyga.lt\/produktas\/gulago-istorija\/#breadcrumb"},"inLanguage":"en-GB","potentialAction":[{"@type":"ReadAction","target":["https:\/\/skaitytaknyga.lt\/produktas\/gulago-istorija\/"]}]},{"@type":"ImageObject","inLanguage":"en-GB","@id":"https:\/\/skaitytaknyga.lt\/produktas\/gulago-istorija\/#primaryimage","url":"https:\/\/skaitytaknyga.lt\/wp-content\/uploads\/2025\/01\/Gulago-istorija.webp","contentUrl":"https:\/\/skaitytaknyga.lt\/wp-content\/uploads\/2025\/01\/Gulago-istorija.webp","width":544,"height":800,"caption":"Gulago istorija"},{"@type":"BreadcrumbList","@id":"https:\/\/skaitytaknyga.lt\/produktas\/gulago-istorija\/#breadcrumb","itemListElement":[{"@type":"ListItem","position":1,"name":"Home","item":"https:\/\/skaitytaknyga.lt\/"},{"@type":"ListItem","position":2,"name":"Parduotuv\u0117","item":"https:\/\/skaitytaknyga.lt\/knygu-parduotuve\/"},{"@type":"ListItem","position":3,"name":"Gulago istorija (yra skaitymo \u017eymi\u0173)"}]},{"@type":"WebSite","@id":"https:\/\/skaitytaknyga.lt\/#website","url":"https:\/\/skaitytaknyga.lt\/","name":"skaitytaknyga.lt","description":"Skaitytaknyga.lt \u2013 tai ma\u017eas \u0161eimos verslas, kuris prasid\u0117jo nuo meil\u0117s knygoms ir siekio i\u0161gelb\u0117ti knygas nuo likimo prie konteinerio. Kas vienam nereikalingas daiktas \u2013 kitam lobis, o mes esame tarpininkai, kurie padeda abiems tapti laimingesniems ???? \u017dinome kaip nelengva i\u0161gyventi ma\u017eiems verslams, tad nuo \u0161iol, \u010dia rasite ir kit\u0173, ma\u017e\u0173 \u0161eim\u0173 versl\u0173, rank\u0173 darbo, dovan\u0173 sau ir artimiesiems.","publisher":{"@id":"https:\/\/skaitytaknyga.lt\/#organization"},"potentialAction":[{"@type":"SearchAction","target":{"@type":"EntryPoint","urlTemplate":"https:\/\/skaitytaknyga.lt\/?s={search_term_string}"},"query-input":{"@type":"PropertyValueSpecification","valueRequired":true,"valueName":"search_term_string"}}],"inLanguage":"en-GB"},{"@type":"Organization","@id":"https:\/\/skaitytaknyga.lt\/#organization","name":"skaitytaknyga.lt","url":"https:\/\/skaitytaknyga.lt\/","logo":{"@type":"ImageObject","inLanguage":"en-GB","@id":"https:\/\/skaitytaknyga.lt\/#\/schema\/logo\/image\/","url":"https:\/\/skaitytaknyga.lt\/wp-content\/uploads\/2024\/05\/cropped-cropped-cropped-02_00843_jt3bggkj1j3HLc7SyY6rEUpg.jpeg","contentUrl":"https:\/\/skaitytaknyga.lt\/wp-content\/uploads\/2024\/05\/cropped-cropped-cropped-02_00843_jt3bggkj1j3HLc7SyY6rEUpg.jpeg","width":1600,"height":1600,"caption":"skaitytaknyga.lt"},"image":{"@id":"https:\/\/skaitytaknyga.lt\/#\/schema\/logo\/image\/"},"sameAs":["https:\/\/www.facebook.com\/skaitytaknyga\/"]}]}},"_links":{"self":[{"href":"https:\/\/skaitytaknyga.lt\/en\/wp-json\/wp\/v2\/product\/15760","targetHints":{"allow":["GET"]}}],"collection":[{"href":"https:\/\/skaitytaknyga.lt\/en\/wp-json\/wp\/v2\/product"}],"about":[{"href":"https:\/\/skaitytaknyga.lt\/en\/wp-json\/wp\/v2\/types\/product"}],"replies":[{"embeddable":true,"href":"https:\/\/skaitytaknyga.lt\/en\/wp-json\/wp\/v2\/comments?post=15760"}],"wp:featuredmedia":[{"embeddable":true,"href":"https:\/\/skaitytaknyga.lt\/en\/wp-json\/wp\/v2\/media\/15761"}],"wp:attachment":[{"href":"https:\/\/skaitytaknyga.lt\/en\/wp-json\/wp\/v2\/media?parent=15760"}],"wp:term":[{"taxonomy":"product_brand","embeddable":true,"href":"https:\/\/skaitytaknyga.lt\/en\/wp-json\/wp\/v2\/product_brand?post=15760"},{"taxonomy":"product_cat","embeddable":true,"href":"https:\/\/skaitytaknyga.lt\/en\/wp-json\/wp\/v2\/product_cat?post=15760"},{"taxonomy":"product_tag","embeddable":true,"href":"https:\/\/skaitytaknyga.lt\/en\/wp-json\/wp\/v2\/product_tag?post=15760"}],"curies":[{"name":"wp","href":"https:\/\/api.w.org\/{rel}","templated":true}]}}