{"id":15661,"date":"2024-12-20T20:10:19","date_gmt":"2024-12-20T18:10:19","guid":{"rendered":"https:\/\/skaitytaknyga.lt\/?post_type=product&#038;p=15661"},"modified":"2025-06-11T10:50:27","modified_gmt":"2025-06-11T07:50:27","slug":"panikos-priepuoliai","status":"publish","type":"product","link":"https:\/\/skaitytaknyga.lt\/en\/produktas\/panikos-priepuoliai\/","title":{"rendered":"Panikos priepuoliai"},"content":{"rendered":"<p>Knyga\u00a0<strong>\u201ePanikos priepuoliai&#8221;<\/strong>\u00a0\u2013 tai kruop\u0161taus, sistemingo ir nuo\u0161irdaus \u017eurnalistinio darbo rezultatas, kuris aktualus bent kart\u0105 patyrusiems panikos priepuol\u012f ar juos patirian\u010di\u0173j\u0173 artimiesiems, taip pat tiems, kurie nori su\u017einoti, kaip \u0161i\u0173 priepuoli\u0173 i\u0161vengti.<\/p>\n<p>Gauti daug svarbios informacijos ir geriau suprasti panikos priepuoli\u0173 prie\u017eastis, eig\u0105 ir pagalbos sau bei artimui b\u016bdus pad\u0117s knygoje\u00a0<strong>\u201ePanikos priepuoliai&#8221;<\/strong>\u00a0pateikiami psichoterapeut\u0173 komentarai, pokalbiai su specialistais, atviros asmenin\u0117s patirtys ir prakti\u0161ki patarimai. Knygoje taip pat aptariami 90 aktualiausi\u0173 klausim\u0173, \u012f kuriuos detalius atsakymus pateikia de\u0161imt sveikatos prie\u017ei\u016bros ir nat\u016bralios gyvensenos specialist\u0173:<\/p>\n<ul>\n<li>Kaip suprasti, kad i\u0161tiko panikos priepuolis?<\/li>\n<li>Kaip organizmas reaguoja \u012f panikos priepuol\u012f?<\/li>\n<li>Ar \u0161is nerimo sutrikimas perduodamas i\u0161 kartos \u012f kart\u0105?<\/li>\n<li>Ar esama ry\u0161io tarp nerimo sutrikim\u0173 ir nemigos?<\/li>\n<li>Kaip nesupainioti \u0161irdies infarkto su itin intensyviu nerimu?<\/li>\n<li>Kaip kokybi\u0161kai pailsinti i\u0161sekusi\u0105 psichik\u0105 ir pavargus\u012f k\u016bn\u0105?<\/li>\n<li>Kaip pad\u0117ti sau atrasti l\u0117to gyvenimo teikiam\u0105 d\u017eiaugsm\u0105?<\/li>\n<li>Kaip elgtis t\u0117vams, norintiems u\u017eauginti stiprios psichikos vaik\u0105?<\/li>\n<li>Kod\u0117l vienas i\u0161 svarbiausi\u0173 prioritet\u0173 tur\u0117t\u0173 b\u016bti psichologin\u0117 \u0161eimos gerov\u0117?<\/li>\n<\/ul>\n<p>Staiga u\u017eklup\u0119s intensyvus nerimas i\u0161g\u0105sdina \u017emones. Ta\u010diau panikos priepuolis \u2013 ne nuosprendis visam gyvenimui. Tai reik\u0161mingas k\u016bno prane\u0161imas, kad laikas pasir\u016bpinti savo fizine bei psichine sveikata. Tinkamai gydantis da\u017eniausiai pasiekiama ger\u0173 rezultat\u0173 ir sutrikimai i\u0161nyksta. Svarbu suprasti, kad geriausiai gydo laiku lankomos psichoterapeuto konsultacijos, meil\u0117 ir d\u0117mesys sau, subalansuotas darbo ir poilsio re\u017eimas, o esant b\u016btinybei ir medikamentinis gydymas.<\/p>\n<p>\u017dinodami, kaip pad\u0117ti sau ar panikos priepuolius patiriantiems artimiesiems jausim\u0117s ramesni, skirsime d\u0117mesio profilaktikai, o prireikus gal\u0117sime panaudoti sukauptas \u017einias ir lengviau atrasti b\u016bd\u0173 kaip atsikratyti nerimo ir baim\u0117s.<\/p>\n<ul class=\"about-product d-none d-xl-block mt-4\">\n<li><strong>Autorius:<\/strong>\u00a0Gintar\u0117 Jankauskien\u0117<\/li>\n<li><strong>Leid\u0117jas:<\/strong>\u00a0Tyto alba<\/li>\n<li><strong>Metai:<\/strong>\u00a02018<\/li>\n<li><strong>Puslapiai:<\/strong>\u00a0184<\/li>\n<li class=\"toggleable type-new-formats \"><strong>ISBN:<\/strong>\u00a09786094663147<\/li>\n<li><strong>Versijos kodas:<\/strong>\u00a0PT.<\/li>\n<li class=\"toggleable type-new-formats \"><strong>Formatas:<\/strong>\u00a015,5 x 21,5 x 1,2 cm, mink\u0161ti vir\u0161eliai<\/li>\n<li><strong>Kalba:<\/strong>\u00a0Lietuvi\u0173<\/li>\n<\/ul>\n","protected":false},"excerpt":{"rendered":"<p>Knyga\u00a0\u201ePanikos priepuoliai&#8221;\u00a0\u2013 tai kruop\u0161taus, sistemingo ir nuo\u0161irdaus \u017eurnalistinio darbo rezultatas, kuris aktualus bent kart\u0105 patyrusiems panikos priepuol\u012f ar juos patirian\u010di\u0173j\u0173 artimiesiems, taip pat tiems, kurie nori su\u017einoti, kaip \u0161i\u0173 priepuoli\u0173 i\u0161vengti. Gauti daug svarbios informacijos ir geriau suprasti panikos priepuoli\u0173 prie\u017eastis, eig\u0105 ir pagalbos sau bei artimui b\u016bdus pad\u0117s knygoje\u00a0\u201ePanikos priepuoliai&#8221;\u00a0pateikiami psichoterapeut\u0173 komentarai, pokalbiai su specialistais, atviros asmenin\u0117s patirtys ir prakti\u0161ki patarimai. Knygoje taip pat aptariami 90 aktualiausi\u0173 klausim\u0173, \u012f kuriuos detalius atsakymus pateikia de\u0161imt sveikatos prie\u017ei\u016bros ir nat\u016bralios gyvensenos specialist\u0173: Kaip suprasti, kad i\u0161tiko panikos priepuolis? Kaip organizmas reaguoja \u012f panikos priepuol\u012f? Ar \u0161is nerimo sutrikimas perduodamas i\u0161 kartos \u012f kart\u0105? Ar esama ry\u0161io tarp nerimo sutrikim\u0173 ir nemigos? Kaip nesupainioti \u0161irdies infarkto su itin intensyviu nerimu? Kaip kokybi\u0161kai pailsinti i\u0161sekusi\u0105 psichik\u0105 ir pavargus\u012f k\u016bn\u0105? Kaip pad\u0117ti sau atrasti l\u0117to gyvenimo teikiam\u0105 d\u017eiaugsm\u0105? Kaip elgtis t\u0117vams, norintiems u\u017eauginti stiprios psichikos vaik\u0105? Kod\u0117l vienas i\u0161 svarbiausi\u0173 prioritet\u0173 tur\u0117t\u0173 b\u016bti psichologin\u0117 \u0161eimos gerov\u0117? Staiga u\u017eklup\u0119s intensyvus nerimas i\u0161g\u0105sdina \u017emones. Ta\u010diau panikos priepuolis \u2013 ne nuosprendis visam gyvenimui. Tai reik\u0161mingas k\u016bno prane\u0161imas, kad laikas pasir\u016bpinti savo fizine bei psichine sveikata. Tinkamai gydantis da\u017eniausiai pasiekiama ger\u0173 rezultat\u0173 ir sutrikimai i\u0161nyksta. Svarbu suprasti, kad geriausiai gydo laiku lankomos psichoterapeuto konsultacijos, meil\u0117 ir d\u0117mesys sau, subalansuotas darbo ir poilsio re\u017eimas, o esant b\u016btinybei ir medikamentinis gydymas. \u017dinodami, kaip pad\u0117ti sau ar panikos priepuolius patiriantiems artimiesiems jausim\u0117s ramesni, skirsime d\u0117mesio profilaktikai, o prireikus gal\u0117sime panaudoti sukauptas \u017einias ir lengviau atrasti b\u016bd\u0173 kaip atsikratyti nerimo ir baim\u0117s. Autorius:\u00a0Gintar\u0117 Jankauskien\u0117 Leid\u0117jas:\u00a0Tyto alba Metai:\u00a02018 Puslapiai:\u00a0184 ISBN:\u00a09786094663147 Versijos kodas:\u00a0PT. Formatas:\u00a015,5 x 21,5 x 1,2 cm, mink\u0161ti vir\u0161eliai Kalba:\u00a0Lietuvi\u0173<\/p>\n","protected":false},"featured_media":15953,"comment_status":"open","ping_status":"closed","template":"","meta":{"_acf_changed":false,"site-sidebar-layout":"default","site-content-layout":"","ast-site-content-layout":"default","site-content-style":"default","site-sidebar-style":"default","ast-global-header-display":"","ast-banner-title-visibility":"","ast-main-header-display":"","ast-hfb-above-header-display":"","ast-hfb-below-header-display":"","ast-hfb-mobile-header-display":"","site-post-title":"","ast-breadcrumbs-content":"","ast-featured-img":"","footer-sml-layout":"","ast-disable-related-posts":"","theme-transparent-header-meta":"default","adv-header-id-meta":"","stick-header-meta":"","header-above-stick-meta":"","header-main-stick-meta":"","header-below-stick-meta":"","astra-migrate-meta-layouts":"set","ast-page-background-enabled":"default","ast-page-background-meta":{"desktop":{"background-color":"","background-image":"","background-repeat":"repeat","background-position":"center center","background-size":"auto","background-attachment":"scroll","background-type":"","background-media":"","overlay-type":"","overlay-color":"","overlay-opacity":"","overlay-gradient":""},"tablet":{"background-color":"","background-image":"","background-repeat":"repeat","background-position":"center center","background-size":"auto","background-attachment":"scroll","background-type":"","background-media":"","overlay-type":"","overlay-color":"","overlay-opacity":"","overlay-gradient":""},"mobile":{"background-color":"","background-image":"","background-repeat":"repeat","background-position":"center center","background-size":"auto","background-attachment":"scroll","background-type":"","background-media":"","overlay-type":"","overlay-color":"","overlay-opacity":"","overlay-gradient":""}},"ast-content-background-meta":{"desktop":{"background-color":"var(--ast-global-color-4)","background-image":"","background-repeat":"repeat","background-position":"center center","background-size":"auto","background-attachment":"scroll","background-type":"","background-media":"","overlay-type":"","overlay-color":"","overlay-opacity":"","overlay-gradient":""},"tablet":{"background-color":"var(--ast-global-color-4)","background-image":"","background-repeat":"repeat","background-position":"center center","background-size":"auto","background-attachment":"scroll","background-type":"","background-media":"","overlay-type":"","overlay-color":"","overlay-opacity":"","overlay-gradient":""},"mobile":{"background-color":"var(--ast-global-color-4)","background-image":"","background-repeat":"repeat","background-position":"center center","background-size":"auto","background-attachment":"scroll","background-type":"","background-media":"","overlay-type":"","overlay-color":"","overlay-opacity":"","overlay-gradient":""}}},"product_brand":[],"product_cat":[15,30],"product_tag":[5008,5011,5012,5010,5009,4166,3429,2027],"class_list":{"0":"post-15661","1":"product","2":"type-product","3":"status-publish","4":"has-post-thumbnail","6":"product_cat-uncategorized","7":"product_cat-psichologija-ir-saviugda","8":"product_tag-gintare-jankauskiene","9":"product_tag-naturali-gyvensena","10":"product_tag-nerimo-sutrikimai","11":"product_tag-pagalba-sau","12":"product_tag-panikos-sutrikimas","13":"product_tag-psichologine-sveikata","14":"product_tag-psichoterapija","15":"product_tag-savipagalba","16":"desktop-align-left","17":"tablet-align-left","18":"mobile-align-left","20":"first","21":"instock","22":"shipping-taxable","23":"purchasable","24":"product-type-simple"},"acf":[],"yoast_head":"<!-- This site is optimized with the Yoast SEO plugin v27.0 - https:\/\/yoast.com\/product\/yoast-seo-wordpress\/ -->\n<title>Panikos priepuoliai<\/title>\n<meta name=\"description\" content=\"Knyga\u00a0\u201ePanikos priepuoliai&quot;\u00a0\u2013 tai kruop\u0161taus, sistemingo ir nuo\u0161irdaus \u017eurnalistinio darbo rezultatas, kuris aktualus bent kart\u0105 patyrusiems panikos\" \/>\n<meta name=\"robots\" content=\"index, follow, max-snippet:-1, max-image-preview:large, max-video-preview:-1\" \/>\n<link rel=\"canonical\" href=\"https:\/\/skaitytaknyga.lt\/en\/produktas\/panikos-priepuoliai\/\" \/>\n<meta property=\"og:locale\" content=\"en_GB\" \/>\n<meta property=\"og:locale:alternate\" content=\"lt_LT\" \/>\n<meta property=\"og:type\" content=\"article\" \/>\n<meta property=\"og:title\" content=\"Panikos priepuoliai\" \/>\n<meta property=\"og:description\" content=\"Knyga\u00a0\u201ePanikos priepuoliai&quot;\u00a0\u2013 tai kruop\u0161taus, sistemingo ir nuo\u0161irdaus \u017eurnalistinio darbo rezultatas, kuris aktualus bent kart\u0105 patyrusiems panikos\" \/>\n<meta property=\"og:url\" content=\"https:\/\/skaitytaknyga.lt\/en\/produktas\/panikos-priepuoliai\/\" \/>\n<meta property=\"og:site_name\" content=\"Skaitytaknyga\" \/>\n<meta property=\"article:publisher\" content=\"https:\/\/www.facebook.com\/skaitytaknyga\/\" \/>\n<meta property=\"article:modified_time\" content=\"2025-06-11T07:50:27+00:00\" \/>\n<meta property=\"og:image\" content=\"https:\/\/skaitytaknyga.lt\/wp-content\/uploads\/2024\/12\/Panikos-priepuoliai.webp\" \/>\n\t<meta property=\"og:image:width\" content=\"533\" \/>\n\t<meta property=\"og:image:height\" content=\"800\" \/>\n\t<meta property=\"og:image:type\" content=\"image\/webp\" \/>\n<meta name=\"twitter:card\" content=\"summary_large_image\" \/>\n<meta name=\"twitter:label1\" content=\"Estimated reading time\" \/>\n\t<meta name=\"twitter:data1\" content=\"3 minutes\" \/>\n<script type=\"application\/ld+json\" class=\"yoast-schema-graph\">{\"@context\":\"https:\/\/schema.org\",\"@graph\":[{\"@type\":\"WebPage\",\"@id\":\"https:\/\/skaitytaknyga.lt\/produktas\/panikos-priepuoliai\/\",\"url\":\"https:\/\/skaitytaknyga.lt\/produktas\/panikos-priepuoliai\/\",\"name\":\"Panikos priepuoliai\",\"isPartOf\":{\"@id\":\"https:\/\/skaitytaknyga.lt\/#website\"},\"primaryImageOfPage\":{\"@id\":\"https:\/\/skaitytaknyga.lt\/produktas\/panikos-priepuoliai\/#primaryimage\"},\"image\":{\"@id\":\"https:\/\/skaitytaknyga.lt\/produktas\/panikos-priepuoliai\/#primaryimage\"},\"thumbnailUrl\":\"https:\/\/skaitytaknyga.lt\/wp-content\/uploads\/2024\/12\/Panikos-priepuoliai.webp\",\"datePublished\":\"2024-12-20T18:10:19+00:00\",\"dateModified\":\"2025-06-11T07:50:27+00:00\",\"description\":\"Knyga\u00a0\u201ePanikos priepuoliai\\\"\u00a0\u2013 tai kruop\u0161taus, sistemingo ir nuo\u0161irdaus \u017eurnalistinio darbo rezultatas, kuris aktualus bent kart\u0105 patyrusiems panikos\",\"breadcrumb\":{\"@id\":\"https:\/\/skaitytaknyga.lt\/produktas\/panikos-priepuoliai\/#breadcrumb\"},\"inLanguage\":\"en-GB\",\"potentialAction\":[{\"@type\":\"ReadAction\",\"target\":[\"https:\/\/skaitytaknyga.lt\/produktas\/panikos-priepuoliai\/\"]}]},{\"@type\":\"ImageObject\",\"inLanguage\":\"en-GB\",\"@id\":\"https:\/\/skaitytaknyga.lt\/produktas\/panikos-priepuoliai\/#primaryimage\",\"url\":\"https:\/\/skaitytaknyga.lt\/wp-content\/uploads\/2024\/12\/Panikos-priepuoliai.webp\",\"contentUrl\":\"https:\/\/skaitytaknyga.lt\/wp-content\/uploads\/2024\/12\/Panikos-priepuoliai.webp\",\"width\":533,\"height\":800,\"caption\":\"Panikos priepuoliai\"},{\"@type\":\"BreadcrumbList\",\"@id\":\"https:\/\/skaitytaknyga.lt\/produktas\/panikos-priepuoliai\/#breadcrumb\",\"itemListElement\":[{\"@type\":\"ListItem\",\"position\":1,\"name\":\"Home\",\"item\":\"https:\/\/skaitytaknyga.lt\/\"},{\"@type\":\"ListItem\",\"position\":2,\"name\":\"Parduotuv\u0117\",\"item\":\"https:\/\/skaitytaknyga.lt\/knygu-parduotuve\/\"},{\"@type\":\"ListItem\",\"position\":3,\"name\":\"Panikos priepuoliai\"}]},{\"@type\":\"WebSite\",\"@id\":\"https:\/\/skaitytaknyga.lt\/#website\",\"url\":\"https:\/\/skaitytaknyga.lt\/\",\"name\":\"skaitytaknyga.lt\",\"description\":\"Skaitytaknyga.lt \u2013 tai ma\u017eas \u0161eimos verslas, kuris prasid\u0117jo nuo meil\u0117s knygoms ir siekio i\u0161gelb\u0117ti knygas nuo likimo prie konteinerio. Kas vienam nereikalingas daiktas \u2013 kitam lobis, o mes esame tarpininkai, kurie padeda abiems tapti laimingesniems ???? \u017dinome kaip nelengva i\u0161gyventi ma\u017eiems verslams, tad nuo \u0161iol, \u010dia rasite ir kit\u0173, ma\u017e\u0173 \u0161eim\u0173 versl\u0173, rank\u0173 darbo, dovan\u0173 sau ir artimiesiems.\",\"publisher\":{\"@id\":\"https:\/\/skaitytaknyga.lt\/#organization\"},\"potentialAction\":[{\"@type\":\"SearchAction\",\"target\":{\"@type\":\"EntryPoint\",\"urlTemplate\":\"https:\/\/skaitytaknyga.lt\/?s={search_term_string}\"},\"query-input\":{\"@type\":\"PropertyValueSpecification\",\"valueRequired\":true,\"valueName\":\"search_term_string\"}}],\"inLanguage\":\"en-GB\"},{\"@type\":\"Organization\",\"@id\":\"https:\/\/skaitytaknyga.lt\/#organization\",\"name\":\"skaitytaknyga.lt\",\"url\":\"https:\/\/skaitytaknyga.lt\/\",\"logo\":{\"@type\":\"ImageObject\",\"inLanguage\":\"en-GB\",\"@id\":\"https:\/\/skaitytaknyga.lt\/#\/schema\/logo\/image\/\",\"url\":\"https:\/\/skaitytaknyga.lt\/wp-content\/uploads\/2024\/05\/cropped-cropped-cropped-02_00843_jt3bggkj1j3HLc7SyY6rEUpg.jpeg\",\"contentUrl\":\"https:\/\/skaitytaknyga.lt\/wp-content\/uploads\/2024\/05\/cropped-cropped-cropped-02_00843_jt3bggkj1j3HLc7SyY6rEUpg.jpeg\",\"width\":1600,\"height\":1600,\"caption\":\"skaitytaknyga.lt\"},\"image\":{\"@id\":\"https:\/\/skaitytaknyga.lt\/#\/schema\/logo\/image\/\"},\"sameAs\":[\"https:\/\/www.facebook.com\/skaitytaknyga\/\"]}]}<\/script>\n<!-- \/ Yoast SEO plugin. -->","yoast_head_json":{"title":"Panikos priepuoliai","description":"Knyga\u00a0\u201ePanikos priepuoliai\"\u00a0\u2013 tai kruop\u0161taus, sistemingo ir nuo\u0161irdaus \u017eurnalistinio darbo rezultatas, kuris aktualus bent kart\u0105 patyrusiems panikos","robots":{"index":"index","follow":"follow","max-snippet":"max-snippet:-1","max-image-preview":"max-image-preview:large","max-video-preview":"max-video-preview:-1"},"canonical":"https:\/\/skaitytaknyga.lt\/en\/produktas\/panikos-priepuoliai\/","og_locale":"en_GB","og_type":"article","og_title":"[:en]Panikos priepuoliai[:lt]Panikos priepuoliai[:] - Skaitytaknyga","og_description":"Knyga\u00a0\u201ePanikos priepuoliai\"\u00a0\u2013 tai kruop\u0161taus, sistemingo ir nuo\u0161irdaus \u017eurnalistinio darbo rezultatas, kuris aktualus bent kart\u0105 patyrusiems panikos","og_url":"https:\/\/skaitytaknyga.lt\/en\/produktas\/panikos-priepuoliai\/","og_site_name":"Skaitytaknyga","article_publisher":"https:\/\/www.facebook.com\/skaitytaknyga\/","article_modified_time":"2025-06-11T07:50:27+00:00","og_image":[{"width":533,"height":800,"url":"https:\/\/skaitytaknyga.lt\/wp-content\/uploads\/2024\/12\/Panikos-priepuoliai.webp","type":"image\/webp"}],"twitter_card":"summary_large_image","twitter_misc":{"Estimated reading time":"3 minutes"},"schema":{"@context":"https:\/\/schema.org","@graph":[{"@type":"WebPage","@id":"https:\/\/skaitytaknyga.lt\/produktas\/panikos-priepuoliai\/","url":"https:\/\/skaitytaknyga.lt\/produktas\/panikos-priepuoliai\/","name":"Panikos priepuoliai","isPartOf":{"@id":"https:\/\/skaitytaknyga.lt\/#website"},"primaryImageOfPage":{"@id":"https:\/\/skaitytaknyga.lt\/produktas\/panikos-priepuoliai\/#primaryimage"},"image":{"@id":"https:\/\/skaitytaknyga.lt\/produktas\/panikos-priepuoliai\/#primaryimage"},"thumbnailUrl":"https:\/\/skaitytaknyga.lt\/wp-content\/uploads\/2024\/12\/Panikos-priepuoliai.webp","datePublished":"2024-12-20T18:10:19+00:00","dateModified":"2025-06-11T07:50:27+00:00","description":"Knyga\u00a0\u201ePanikos priepuoliai\"\u00a0\u2013 tai kruop\u0161taus, sistemingo ir nuo\u0161irdaus \u017eurnalistinio darbo rezultatas, kuris aktualus bent kart\u0105 patyrusiems panikos","breadcrumb":{"@id":"https:\/\/skaitytaknyga.lt\/produktas\/panikos-priepuoliai\/#breadcrumb"},"inLanguage":"en-GB","potentialAction":[{"@type":"ReadAction","target":["https:\/\/skaitytaknyga.lt\/produktas\/panikos-priepuoliai\/"]}]},{"@type":"ImageObject","inLanguage":"en-GB","@id":"https:\/\/skaitytaknyga.lt\/produktas\/panikos-priepuoliai\/#primaryimage","url":"https:\/\/skaitytaknyga.lt\/wp-content\/uploads\/2024\/12\/Panikos-priepuoliai.webp","contentUrl":"https:\/\/skaitytaknyga.lt\/wp-content\/uploads\/2024\/12\/Panikos-priepuoliai.webp","width":533,"height":800,"caption":"Panikos priepuoliai"},{"@type":"BreadcrumbList","@id":"https:\/\/skaitytaknyga.lt\/produktas\/panikos-priepuoliai\/#breadcrumb","itemListElement":[{"@type":"ListItem","position":1,"name":"Home","item":"https:\/\/skaitytaknyga.lt\/"},{"@type":"ListItem","position":2,"name":"Parduotuv\u0117","item":"https:\/\/skaitytaknyga.lt\/knygu-parduotuve\/"},{"@type":"ListItem","position":3,"name":"Panikos priepuoliai"}]},{"@type":"WebSite","@id":"https:\/\/skaitytaknyga.lt\/#website","url":"https:\/\/skaitytaknyga.lt\/","name":"skaitytaknyga.lt","description":"Skaitytaknyga.lt \u2013 tai ma\u017eas \u0161eimos verslas, kuris prasid\u0117jo nuo meil\u0117s knygoms ir siekio i\u0161gelb\u0117ti knygas nuo likimo prie konteinerio. Kas vienam nereikalingas daiktas \u2013 kitam lobis, o mes esame tarpininkai, kurie padeda abiems tapti laimingesniems ???? \u017dinome kaip nelengva i\u0161gyventi ma\u017eiems verslams, tad nuo \u0161iol, \u010dia rasite ir kit\u0173, ma\u017e\u0173 \u0161eim\u0173 versl\u0173, rank\u0173 darbo, dovan\u0173 sau ir artimiesiems.","publisher":{"@id":"https:\/\/skaitytaknyga.lt\/#organization"},"potentialAction":[{"@type":"SearchAction","target":{"@type":"EntryPoint","urlTemplate":"https:\/\/skaitytaknyga.lt\/?s={search_term_string}"},"query-input":{"@type":"PropertyValueSpecification","valueRequired":true,"valueName":"search_term_string"}}],"inLanguage":"en-GB"},{"@type":"Organization","@id":"https:\/\/skaitytaknyga.lt\/#organization","name":"skaitytaknyga.lt","url":"https:\/\/skaitytaknyga.lt\/","logo":{"@type":"ImageObject","inLanguage":"en-GB","@id":"https:\/\/skaitytaknyga.lt\/#\/schema\/logo\/image\/","url":"https:\/\/skaitytaknyga.lt\/wp-content\/uploads\/2024\/05\/cropped-cropped-cropped-02_00843_jt3bggkj1j3HLc7SyY6rEUpg.jpeg","contentUrl":"https:\/\/skaitytaknyga.lt\/wp-content\/uploads\/2024\/05\/cropped-cropped-cropped-02_00843_jt3bggkj1j3HLc7SyY6rEUpg.jpeg","width":1600,"height":1600,"caption":"skaitytaknyga.lt"},"image":{"@id":"https:\/\/skaitytaknyga.lt\/#\/schema\/logo\/image\/"},"sameAs":["https:\/\/www.facebook.com\/skaitytaknyga\/"]}]}},"_links":{"self":[{"href":"https:\/\/skaitytaknyga.lt\/en\/wp-json\/wp\/v2\/product\/15661","targetHints":{"allow":["GET"]}}],"collection":[{"href":"https:\/\/skaitytaknyga.lt\/en\/wp-json\/wp\/v2\/product"}],"about":[{"href":"https:\/\/skaitytaknyga.lt\/en\/wp-json\/wp\/v2\/types\/product"}],"replies":[{"embeddable":true,"href":"https:\/\/skaitytaknyga.lt\/en\/wp-json\/wp\/v2\/comments?post=15661"}],"wp:featuredmedia":[{"embeddable":true,"href":"https:\/\/skaitytaknyga.lt\/en\/wp-json\/wp\/v2\/media\/15953"}],"wp:attachment":[{"href":"https:\/\/skaitytaknyga.lt\/en\/wp-json\/wp\/v2\/media?parent=15661"}],"wp:term":[{"taxonomy":"product_brand","embeddable":true,"href":"https:\/\/skaitytaknyga.lt\/en\/wp-json\/wp\/v2\/product_brand?post=15661"},{"taxonomy":"product_cat","embeddable":true,"href":"https:\/\/skaitytaknyga.lt\/en\/wp-json\/wp\/v2\/product_cat?post=15661"},{"taxonomy":"product_tag","embeddable":true,"href":"https:\/\/skaitytaknyga.lt\/en\/wp-json\/wp\/v2\/product_tag?post=15661"}],"curies":[{"name":"wp","href":"https:\/\/api.w.org\/{rel}","templated":true}]}}