{"id":15660,"date":"2024-12-20T20:10:19","date_gmt":"2024-12-20T18:10:19","guid":{"rendered":"https:\/\/skaitytaknyga.lt\/?post_type=product&#038;p=15660"},"modified":"2025-01-15T06:50:16","modified_gmt":"2025-01-15T04:50:16","slug":"500-dalyku-kuriuos-turetum-zinoti-apie-gyvunus","status":"publish","type":"product","link":"https:\/\/skaitytaknyga.lt\/en\/produktas\/500-dalyku-kuriuos-turetum-zinoti-apie-gyvunus\/","title":{"rendered":"500 dalyk\u0173, kuriuos tur\u0117tum \u017einoti apie gyv\u016bnus"},"content":{"rendered":"<p>\u0160i knyga atvers duris \u012f kerint\u012f gyv\u016bn\u0173 pasaul\u012f. Susitiksite su dinozaurais, kurie po m\u016bs\u0173 planet\u0105 vaik\u0161tin\u0117jo prie\u0161 milijonus met\u0173: su\u017einosite apie ramius ir taikius \u017eol\u0117d\u017eius bei \u017eiaurius ir gr\u0117smingus pl\u0117\u0161r\u016bnus, tarp kuri\u0173 \u017eiauriausi karali\u0161kieji tiranozaurai.<\/p>\n<p>\u0160ios knygos puslapiuose gausu \u012fdomi\u0173 dalyk\u0173 apie nepaprast\u0105 dabar gyvenan\u010di\u0173 padar\u0173 \u012fvairov\u0119: pa\u017evelgsite \u012f smulki\u0173, bet \u0161iurp\u0105 kelian\u010di\u0173 vabzd\u017ei\u0173 ir vor\u0173 pasaul\u012f, praskleisite sl\u0117pining\u0173 ropli\u0173 ir varliagyvi\u0173 paslap\u010di\u0173 skraist\u0119, steb\u0117sit\u0117s \u012fsp\u016bdingais ir spalvingais \u017einduoliais bei pauk\u0161\u010diais.<\/p>\n<p>Specialiuose skyreliuose j\u016bs\u0173 laukia juokingi pasakojimai, m\u012fsl\u0117s, galvos\u016bkiai ir \u012fdomios u\u017eduotys. Kad jas atliktum\u0117te, tur\u0117site truput\u012f pasukti galv\u0105.<br \/>\nPuikios iliustracijos su suprantamais paai\u0161kinimais ir i\u0161sami rodykl\u0117 pad\u0117s lengvai susirasti bet koki\u0105 dominan\u010di\u0105 informacij\u0105.<br \/>\n\u0160ioje knygoje:<br \/>\n&#8211; 500 sunumeruot\u0173 teigini\u0173<br \/>\n&#8211; Specialist\u0173 parengti tekstai<br \/>\n&#8211; \u012esp\u016bdingos ir tikslios iliustracijos<br \/>\n&#8211; Viktorinos ir u\u017eduotys<br \/>\n&#8211; Juokingi pasakojimai ir karikat\u016bros<\/p>\n","protected":false},"excerpt":{"rendered":"<p>\u0160i knyga atvers duris \u012f kerint\u012f gyv\u016bn\u0173 pasaul\u012f. Susitiksite su dinozaurais, kurie po m\u016bs\u0173 planet\u0105 vaik\u0161tin\u0117jo prie\u0161 milijonus met\u0173: su\u017einosite apie ramius ir taikius \u017eol\u0117d\u017eius bei \u017eiaurius ir gr\u0117smingus pl\u0117\u0161r\u016bnus, tarp kuri\u0173 \u017eiauriausi karali\u0161kieji tiranozaurai. \u0160ios knygos puslapiuose gausu \u012fdomi\u0173 dalyk\u0173 apie nepaprast\u0105 dabar gyvenan\u010di\u0173 padar\u0173 \u012fvairov\u0119: pa\u017evelgsite \u012f smulki\u0173, bet \u0161iurp\u0105 kelian\u010di\u0173 vabzd\u017ei\u0173 ir vor\u0173 pasaul\u012f, praskleisite sl\u0117pining\u0173 ropli\u0173 ir varliagyvi\u0173 paslap\u010di\u0173 skraist\u0119, steb\u0117sit\u0117s \u012fsp\u016bdingais ir spalvingais \u017einduoliais bei pauk\u0161\u010diais. Specialiuose skyreliuose j\u016bs\u0173 laukia juokingi pasakojimai, m\u012fsl\u0117s, galvos\u016bkiai ir \u012fdomios u\u017eduotys. Kad jas atliktum\u0117te, tur\u0117site truput\u012f pasukti galv\u0105. Puikios iliustracijos su suprantamais paai\u0161kinimais ir i\u0161sami rodykl\u0117 pad\u0117s lengvai susirasti bet koki\u0105 dominan\u010di\u0105 informacij\u0105. \u0160ioje knygoje: &#8211; 500 sunumeruot\u0173 teigini\u0173 &#8211; Specialist\u0173 parengti tekstai &#8211; \u012esp\u016bdingos ir tikslios iliustracijos &#8211; Viktorinos ir u\u017eduotys &#8211; Juokingi pasakojimai ir karikat\u016bros<\/p>\n","protected":false},"featured_media":15729,"comment_status":"open","ping_status":"closed","template":"","meta":{"_acf_changed":false,"site-sidebar-layout":"default","site-content-layout":"","ast-site-content-layout":"default","site-content-style":"default","site-sidebar-style":"default","ast-global-header-display":"","ast-banner-title-visibility":"","ast-main-header-display":"","ast-hfb-above-header-display":"","ast-hfb-below-header-display":"","ast-hfb-mobile-header-display":"","site-post-title":"","ast-breadcrumbs-content":"","ast-featured-img":"","footer-sml-layout":"","ast-disable-related-posts":"","theme-transparent-header-meta":"default","adv-header-id-meta":"","stick-header-meta":"","header-above-stick-meta":"","header-main-stick-meta":"","header-below-stick-meta":"","astra-migrate-meta-layouts":"set","ast-page-background-enabled":"default","ast-page-background-meta":{"desktop":{"background-color":"","background-image":"","background-repeat":"repeat","background-position":"center center","background-size":"auto","background-attachment":"scroll","background-type":"","background-media":"","overlay-type":"","overlay-color":"","overlay-opacity":"","overlay-gradient":""},"tablet":{"background-color":"","background-image":"","background-repeat":"repeat","background-position":"center center","background-size":"auto","background-attachment":"scroll","background-type":"","background-media":"","overlay-type":"","overlay-color":"","overlay-opacity":"","overlay-gradient":""},"mobile":{"background-color":"","background-image":"","background-repeat":"repeat","background-position":"center center","background-size":"auto","background-attachment":"scroll","background-type":"","background-media":"","overlay-type":"","overlay-color":"","overlay-opacity":"","overlay-gradient":""}},"ast-content-background-meta":{"desktop":{"background-color":"var(--ast-global-color-4)","background-image":"","background-repeat":"repeat","background-position":"center center","background-size":"auto","background-attachment":"scroll","background-type":"","background-media":"","overlay-type":"","overlay-color":"","overlay-opacity":"","overlay-gradient":""},"tablet":{"background-color":"var(--ast-global-color-4)","background-image":"","background-repeat":"repeat","background-position":"center center","background-size":"auto","background-attachment":"scroll","background-type":"","background-media":"","overlay-type":"","overlay-color":"","overlay-opacity":"","overlay-gradient":""},"mobile":{"background-color":"var(--ast-global-color-4)","background-image":"","background-repeat":"repeat","background-position":"center center","background-size":"auto","background-attachment":"scroll","background-type":"","background-media":"","overlay-type":"","overlay-color":"","overlay-opacity":"","overlay-gradient":""}}},"product_brand":[],"product_cat":[15,35],"product_tag":[],"class_list":{"0":"post-15660","1":"product","2":"type-product","3":"status-publish","4":"has-post-thumbnail","6":"product_cat-uncategorized","7":"product_cat-vaikams-ir-paaugliams","8":"desktop-align-left","9":"tablet-align-left","10":"mobile-align-left","12":"first","13":"outofstock","14":"shipping-taxable","15":"purchasable","16":"product-type-simple"},"acf":[],"yoast_head":"<!-- This site is optimized with the Yoast SEO plugin v27.0 - https:\/\/yoast.com\/product\/yoast-seo-wordpress\/ -->\n<title>500 dalyk\u0173, kuriuos tur\u0117tum \u017einoti apie gyv\u016bnus<\/title>\n<meta name=\"description\" content=\"\u0160i knyga atvers duris \u012f kerint\u012f gyv\u016bn\u0173 pasaul\u012f. Susitiksite su dinozaurais, kurie po m\u016bs\u0173 planet\u0105 vaik\u0161tin\u0117jo prie\u0161 milijonus met\u0173: su\u017einosite apie ramius\" \/>\n<meta name=\"robots\" content=\"index, follow, max-snippet:-1, max-image-preview:large, max-video-preview:-1\" \/>\n<link rel=\"canonical\" href=\"https:\/\/skaitytaknyga.lt\/en\/produktas\/500-dalyku-kuriuos-turetum-zinoti-apie-gyvunus\/\" \/>\n<meta property=\"og:locale\" content=\"en_GB\" \/>\n<meta property=\"og:locale:alternate\" content=\"lt_LT\" \/>\n<meta property=\"og:type\" content=\"article\" \/>\n<meta property=\"og:title\" content=\"500 dalyk\u0173, kuriuos tur\u0117tum \u017einoti apie gyv\u016bnus\" \/>\n<meta property=\"og:description\" content=\"\u0160i knyga atvers duris \u012f kerint\u012f gyv\u016bn\u0173 pasaul\u012f. Susitiksite su dinozaurais, kurie po m\u016bs\u0173 planet\u0105 vaik\u0161tin\u0117jo prie\u0161 milijonus met\u0173: su\u017einosite apie ramius\" \/>\n<meta property=\"og:url\" content=\"https:\/\/skaitytaknyga.lt\/en\/produktas\/500-dalyku-kuriuos-turetum-zinoti-apie-gyvunus\/\" \/>\n<meta property=\"og:site_name\" content=\"Skaitytaknyga\" \/>\n<meta property=\"article:publisher\" content=\"https:\/\/www.facebook.com\/skaitytaknyga\/\" \/>\n<meta property=\"article:modified_time\" content=\"2025-01-15T04:50:16+00:00\" \/>\n<meta property=\"og:image\" content=\"https:\/\/skaitytaknyga.lt\/wp-content\/uploads\/2024\/12\/500-dalyku-kuriuos-turetum-zinoti-apie-gyvunus.webp\" \/>\n\t<meta property=\"og:image:width\" content=\"608\" \/>\n\t<meta property=\"og:image:height\" content=\"800\" \/>\n\t<meta property=\"og:image:type\" content=\"image\/webp\" \/>\n<meta name=\"twitter:card\" content=\"summary_large_image\" \/>\n<meta name=\"twitter:label1\" content=\"Estimated reading time\" \/>\n\t<meta name=\"twitter:data1\" content=\"1 minute\" \/>\n<script type=\"application\/ld+json\" class=\"yoast-schema-graph\">{\"@context\":\"https:\/\/schema.org\",\"@graph\":[{\"@type\":\"WebPage\",\"@id\":\"https:\/\/skaitytaknyga.lt\/produktas\/500-dalyku-kuriuos-turetum-zinoti-apie-gyvunus\/\",\"url\":\"https:\/\/skaitytaknyga.lt\/produktas\/500-dalyku-kuriuos-turetum-zinoti-apie-gyvunus\/\",\"name\":\"500 dalyk\u0173, kuriuos tur\u0117tum \u017einoti apie gyv\u016bnus\",\"isPartOf\":{\"@id\":\"https:\/\/skaitytaknyga.lt\/#website\"},\"primaryImageOfPage\":{\"@id\":\"https:\/\/skaitytaknyga.lt\/produktas\/500-dalyku-kuriuos-turetum-zinoti-apie-gyvunus\/#primaryimage\"},\"image\":{\"@id\":\"https:\/\/skaitytaknyga.lt\/produktas\/500-dalyku-kuriuos-turetum-zinoti-apie-gyvunus\/#primaryimage\"},\"thumbnailUrl\":\"https:\/\/skaitytaknyga.lt\/wp-content\/uploads\/2024\/12\/500-dalyku-kuriuos-turetum-zinoti-apie-gyvunus.webp\",\"datePublished\":\"2024-12-20T18:10:19+00:00\",\"dateModified\":\"2025-01-15T04:50:16+00:00\",\"description\":\"\u0160i knyga atvers duris \u012f kerint\u012f gyv\u016bn\u0173 pasaul\u012f. Susitiksite su dinozaurais, kurie po m\u016bs\u0173 planet\u0105 vaik\u0161tin\u0117jo prie\u0161 milijonus met\u0173: su\u017einosite apie ramius\",\"breadcrumb\":{\"@id\":\"https:\/\/skaitytaknyga.lt\/produktas\/500-dalyku-kuriuos-turetum-zinoti-apie-gyvunus\/#breadcrumb\"},\"inLanguage\":\"en-GB\",\"potentialAction\":[{\"@type\":\"ReadAction\",\"target\":[\"https:\/\/skaitytaknyga.lt\/produktas\/500-dalyku-kuriuos-turetum-zinoti-apie-gyvunus\/\"]}]},{\"@type\":\"ImageObject\",\"inLanguage\":\"en-GB\",\"@id\":\"https:\/\/skaitytaknyga.lt\/produktas\/500-dalyku-kuriuos-turetum-zinoti-apie-gyvunus\/#primaryimage\",\"url\":\"https:\/\/skaitytaknyga.lt\/wp-content\/uploads\/2024\/12\/500-dalyku-kuriuos-turetum-zinoti-apie-gyvunus.webp\",\"contentUrl\":\"https:\/\/skaitytaknyga.lt\/wp-content\/uploads\/2024\/12\/500-dalyku-kuriuos-turetum-zinoti-apie-gyvunus.webp\",\"width\":608,\"height\":800,\"caption\":\"500 dalyk\u0173, kuriuos tur\u0117tum \u017einoti apie gyv\u016bnus\"},{\"@type\":\"BreadcrumbList\",\"@id\":\"https:\/\/skaitytaknyga.lt\/produktas\/500-dalyku-kuriuos-turetum-zinoti-apie-gyvunus\/#breadcrumb\",\"itemListElement\":[{\"@type\":\"ListItem\",\"position\":1,\"name\":\"Home\",\"item\":\"https:\/\/skaitytaknyga.lt\/\"},{\"@type\":\"ListItem\",\"position\":2,\"name\":\"Parduotuv\u0117\",\"item\":\"https:\/\/skaitytaknyga.lt\/knygu-parduotuve\/\"},{\"@type\":\"ListItem\",\"position\":3,\"name\":\"500 dalyk\u0173, kuriuos tur\u0117tum \u017einoti apie gyv\u016bnus\"}]},{\"@type\":\"WebSite\",\"@id\":\"https:\/\/skaitytaknyga.lt\/#website\",\"url\":\"https:\/\/skaitytaknyga.lt\/\",\"name\":\"skaitytaknyga.lt\",\"description\":\"Skaitytaknyga.lt \u2013 tai ma\u017eas \u0161eimos verslas, kuris prasid\u0117jo nuo meil\u0117s knygoms ir siekio i\u0161gelb\u0117ti knygas nuo likimo prie konteinerio. Kas vienam nereikalingas daiktas \u2013 kitam lobis, o mes esame tarpininkai, kurie padeda abiems tapti laimingesniems ???? \u017dinome kaip nelengva i\u0161gyventi ma\u017eiems verslams, tad nuo \u0161iol, \u010dia rasite ir kit\u0173, ma\u017e\u0173 \u0161eim\u0173 versl\u0173, rank\u0173 darbo, dovan\u0173 sau ir artimiesiems.\",\"publisher\":{\"@id\":\"https:\/\/skaitytaknyga.lt\/#organization\"},\"potentialAction\":[{\"@type\":\"SearchAction\",\"target\":{\"@type\":\"EntryPoint\",\"urlTemplate\":\"https:\/\/skaitytaknyga.lt\/?s={search_term_string}\"},\"query-input\":{\"@type\":\"PropertyValueSpecification\",\"valueRequired\":true,\"valueName\":\"search_term_string\"}}],\"inLanguage\":\"en-GB\"},{\"@type\":\"Organization\",\"@id\":\"https:\/\/skaitytaknyga.lt\/#organization\",\"name\":\"skaitytaknyga.lt\",\"url\":\"https:\/\/skaitytaknyga.lt\/\",\"logo\":{\"@type\":\"ImageObject\",\"inLanguage\":\"en-GB\",\"@id\":\"https:\/\/skaitytaknyga.lt\/#\/schema\/logo\/image\/\",\"url\":\"https:\/\/skaitytaknyga.lt\/wp-content\/uploads\/2024\/05\/cropped-cropped-cropped-02_00843_jt3bggkj1j3HLc7SyY6rEUpg.jpeg\",\"contentUrl\":\"https:\/\/skaitytaknyga.lt\/wp-content\/uploads\/2024\/05\/cropped-cropped-cropped-02_00843_jt3bggkj1j3HLc7SyY6rEUpg.jpeg\",\"width\":1600,\"height\":1600,\"caption\":\"skaitytaknyga.lt\"},\"image\":{\"@id\":\"https:\/\/skaitytaknyga.lt\/#\/schema\/logo\/image\/\"},\"sameAs\":[\"https:\/\/www.facebook.com\/skaitytaknyga\/\"]}]}<\/script>\n<!-- \/ Yoast SEO plugin. -->","yoast_head_json":{"title":"500 dalyk\u0173, kuriuos tur\u0117tum \u017einoti apie gyv\u016bnus","description":"\u0160i knyga atvers duris \u012f kerint\u012f gyv\u016bn\u0173 pasaul\u012f. Susitiksite su dinozaurais, kurie po m\u016bs\u0173 planet\u0105 vaik\u0161tin\u0117jo prie\u0161 milijonus met\u0173: su\u017einosite apie ramius","robots":{"index":"index","follow":"follow","max-snippet":"max-snippet:-1","max-image-preview":"max-image-preview:large","max-video-preview":"max-video-preview:-1"},"canonical":"https:\/\/skaitytaknyga.lt\/en\/produktas\/500-dalyku-kuriuos-turetum-zinoti-apie-gyvunus\/","og_locale":"en_GB","og_type":"article","og_title":"[:lt]500 dalyk\u0173, kuriuos tur\u0117tum \u017einoti apie gyv\u016bnus[:] - Skaitytaknyga","og_description":"\u0160i knyga atvers duris \u012f kerint\u012f gyv\u016bn\u0173 pasaul\u012f. Susitiksite su dinozaurais, kurie po m\u016bs\u0173 planet\u0105 vaik\u0161tin\u0117jo prie\u0161 milijonus met\u0173: su\u017einosite apie ramius","og_url":"https:\/\/skaitytaknyga.lt\/en\/produktas\/500-dalyku-kuriuos-turetum-zinoti-apie-gyvunus\/","og_site_name":"Skaitytaknyga","article_publisher":"https:\/\/www.facebook.com\/skaitytaknyga\/","article_modified_time":"2025-01-15T04:50:16+00:00","og_image":[{"width":608,"height":800,"url":"https:\/\/skaitytaknyga.lt\/wp-content\/uploads\/2024\/12\/500-dalyku-kuriuos-turetum-zinoti-apie-gyvunus.webp","type":"image\/webp"}],"twitter_card":"summary_large_image","twitter_misc":{"Estimated reading time":"1 minute"},"schema":{"@context":"https:\/\/schema.org","@graph":[{"@type":"WebPage","@id":"https:\/\/skaitytaknyga.lt\/produktas\/500-dalyku-kuriuos-turetum-zinoti-apie-gyvunus\/","url":"https:\/\/skaitytaknyga.lt\/produktas\/500-dalyku-kuriuos-turetum-zinoti-apie-gyvunus\/","name":"500 dalyk\u0173, kuriuos tur\u0117tum \u017einoti apie gyv\u016bnus","isPartOf":{"@id":"https:\/\/skaitytaknyga.lt\/#website"},"primaryImageOfPage":{"@id":"https:\/\/skaitytaknyga.lt\/produktas\/500-dalyku-kuriuos-turetum-zinoti-apie-gyvunus\/#primaryimage"},"image":{"@id":"https:\/\/skaitytaknyga.lt\/produktas\/500-dalyku-kuriuos-turetum-zinoti-apie-gyvunus\/#primaryimage"},"thumbnailUrl":"https:\/\/skaitytaknyga.lt\/wp-content\/uploads\/2024\/12\/500-dalyku-kuriuos-turetum-zinoti-apie-gyvunus.webp","datePublished":"2024-12-20T18:10:19+00:00","dateModified":"2025-01-15T04:50:16+00:00","description":"\u0160i knyga atvers duris \u012f kerint\u012f gyv\u016bn\u0173 pasaul\u012f. Susitiksite su dinozaurais, kurie po m\u016bs\u0173 planet\u0105 vaik\u0161tin\u0117jo prie\u0161 milijonus met\u0173: su\u017einosite apie ramius","breadcrumb":{"@id":"https:\/\/skaitytaknyga.lt\/produktas\/500-dalyku-kuriuos-turetum-zinoti-apie-gyvunus\/#breadcrumb"},"inLanguage":"en-GB","potentialAction":[{"@type":"ReadAction","target":["https:\/\/skaitytaknyga.lt\/produktas\/500-dalyku-kuriuos-turetum-zinoti-apie-gyvunus\/"]}]},{"@type":"ImageObject","inLanguage":"en-GB","@id":"https:\/\/skaitytaknyga.lt\/produktas\/500-dalyku-kuriuos-turetum-zinoti-apie-gyvunus\/#primaryimage","url":"https:\/\/skaitytaknyga.lt\/wp-content\/uploads\/2024\/12\/500-dalyku-kuriuos-turetum-zinoti-apie-gyvunus.webp","contentUrl":"https:\/\/skaitytaknyga.lt\/wp-content\/uploads\/2024\/12\/500-dalyku-kuriuos-turetum-zinoti-apie-gyvunus.webp","width":608,"height":800,"caption":"500 dalyk\u0173, kuriuos tur\u0117tum \u017einoti apie gyv\u016bnus"},{"@type":"BreadcrumbList","@id":"https:\/\/skaitytaknyga.lt\/produktas\/500-dalyku-kuriuos-turetum-zinoti-apie-gyvunus\/#breadcrumb","itemListElement":[{"@type":"ListItem","position":1,"name":"Home","item":"https:\/\/skaitytaknyga.lt\/"},{"@type":"ListItem","position":2,"name":"Parduotuv\u0117","item":"https:\/\/skaitytaknyga.lt\/knygu-parduotuve\/"},{"@type":"ListItem","position":3,"name":"500 dalyk\u0173, kuriuos tur\u0117tum \u017einoti apie gyv\u016bnus"}]},{"@type":"WebSite","@id":"https:\/\/skaitytaknyga.lt\/#website","url":"https:\/\/skaitytaknyga.lt\/","name":"skaitytaknyga.lt","description":"Skaitytaknyga.lt \u2013 tai ma\u017eas \u0161eimos verslas, kuris prasid\u0117jo nuo meil\u0117s knygoms ir siekio i\u0161gelb\u0117ti knygas nuo likimo prie konteinerio. Kas vienam nereikalingas daiktas \u2013 kitam lobis, o mes esame tarpininkai, kurie padeda abiems tapti laimingesniems ???? \u017dinome kaip nelengva i\u0161gyventi ma\u017eiems verslams, tad nuo \u0161iol, \u010dia rasite ir kit\u0173, ma\u017e\u0173 \u0161eim\u0173 versl\u0173, rank\u0173 darbo, dovan\u0173 sau ir artimiesiems.","publisher":{"@id":"https:\/\/skaitytaknyga.lt\/#organization"},"potentialAction":[{"@type":"SearchAction","target":{"@type":"EntryPoint","urlTemplate":"https:\/\/skaitytaknyga.lt\/?s={search_term_string}"},"query-input":{"@type":"PropertyValueSpecification","valueRequired":true,"valueName":"search_term_string"}}],"inLanguage":"en-GB"},{"@type":"Organization","@id":"https:\/\/skaitytaknyga.lt\/#organization","name":"skaitytaknyga.lt","url":"https:\/\/skaitytaknyga.lt\/","logo":{"@type":"ImageObject","inLanguage":"en-GB","@id":"https:\/\/skaitytaknyga.lt\/#\/schema\/logo\/image\/","url":"https:\/\/skaitytaknyga.lt\/wp-content\/uploads\/2024\/05\/cropped-cropped-cropped-02_00843_jt3bggkj1j3HLc7SyY6rEUpg.jpeg","contentUrl":"https:\/\/skaitytaknyga.lt\/wp-content\/uploads\/2024\/05\/cropped-cropped-cropped-02_00843_jt3bggkj1j3HLc7SyY6rEUpg.jpeg","width":1600,"height":1600,"caption":"skaitytaknyga.lt"},"image":{"@id":"https:\/\/skaitytaknyga.lt\/#\/schema\/logo\/image\/"},"sameAs":["https:\/\/www.facebook.com\/skaitytaknyga\/"]}]}},"_links":{"self":[{"href":"https:\/\/skaitytaknyga.lt\/en\/wp-json\/wp\/v2\/product\/15660","targetHints":{"allow":["GET"]}}],"collection":[{"href":"https:\/\/skaitytaknyga.lt\/en\/wp-json\/wp\/v2\/product"}],"about":[{"href":"https:\/\/skaitytaknyga.lt\/en\/wp-json\/wp\/v2\/types\/product"}],"replies":[{"embeddable":true,"href":"https:\/\/skaitytaknyga.lt\/en\/wp-json\/wp\/v2\/comments?post=15660"}],"wp:featuredmedia":[{"embeddable":true,"href":"https:\/\/skaitytaknyga.lt\/en\/wp-json\/wp\/v2\/media\/15729"}],"wp:attachment":[{"href":"https:\/\/skaitytaknyga.lt\/en\/wp-json\/wp\/v2\/media?parent=15660"}],"wp:term":[{"taxonomy":"product_brand","embeddable":true,"href":"https:\/\/skaitytaknyga.lt\/en\/wp-json\/wp\/v2\/product_brand?post=15660"},{"taxonomy":"product_cat","embeddable":true,"href":"https:\/\/skaitytaknyga.lt\/en\/wp-json\/wp\/v2\/product_cat?post=15660"},{"taxonomy":"product_tag","embeddable":true,"href":"https:\/\/skaitytaknyga.lt\/en\/wp-json\/wp\/v2\/product_tag?post=15660"}],"curies":[{"name":"wp","href":"https:\/\/api.w.org\/{rel}","templated":true}]}}