{"id":15656,"date":"2024-12-20T19:49:29","date_gmt":"2024-12-20T17:49:29","guid":{"rendered":"https:\/\/skaitytaknyga.lt\/?post_type=product&#038;p=15656"},"modified":"2026-03-05T11:59:19","modified_gmt":"2026-03-05T09:59:19","slug":"megsta-muzika-megsta-sokti","status":"publish","type":"product","link":"https:\/\/skaitytaknyga.lt\/en\/produktas\/megsta-muzika-megsta-sokti\/","title":{"rendered":"M\u0117gsta muzik\u0105, m\u0117gsta \u0161okti"},"content":{"rendered":"<p>\u201eM\u0117gsta muzik\u0105, m\u0117gsta \u0161okti\u201c \u2013 dar viena \u012ftraukianti trileri\u0173 karalien\u0117s Mary Higgins Clark knyga.<\/p>\n<p>Geriausios draug\u0117s Dars\u0117 Skot ir Erina Keli gyvena Niujorke, kur daro karjer\u0105 ir m\u0117gaujasi didmies\u010dio malonumais. Ta\u010diau kai jos sutinka pagelb\u0117ti naujajai pa\u017e\u012fstamai Nonai, kurian\u010diai televizijos laid\u0105 apie pa\u017ein\u010di\u0173 skelbimus, mergin\u0173 gyvenimas negr\u012f\u017etamai pasikei\u010dia&#8230;<\/p>\n<p>Nonos papra\u0161ytos, Dars\u0117 ir Erina atsiliepia \u012f kelis pa\u017ein\u010di\u0173 skelbimus. I\u0161 prad\u017ei\u0173 viskas atrodo kaip pok\u0161tas, bet jis virsti kraupia tragedija, kuomet po vieno tokio pasimatymo Erina randama nu\u017eudyta. \u017diaurios draug\u0117s mirties priblok\u0161ta Dars\u0117 ry\u017etasi pavojingam \u017eaidimui, kad i\u0161siai\u0161kint\u0173 draug\u0117s \u017eudik\u0105. Dars\u0117 susitinka su visais vyrais, su kuriais Erina buvo susipa\u017einusi pagal pa\u017ein\u010di\u0173 skelbimus. Vienas j\u0173 tikrai turi b\u016bti Erinos \u017eudikas&#8230; Ta\u010diau kuris? O gal jis jau nusitaik\u0119s ir \u012f pa\u010di\u0105 Dars\u0119?<\/p>\n<ul class=\"about-product d-none d-xl-block mt-4\">\n<li><strong>Autorius:<\/strong>\u00a0Mary Higgins Clark<\/li>\n<li><strong>Leid\u0117jas:<\/strong>\u00a0Alma littera<\/li>\n<li><strong>Metai:<\/strong>\u00a02011<\/li>\n<li><strong>Puslapiai:<\/strong>\u00a0264<\/li>\n<li class=\"toggleable type-new-formats \"><strong>ISBN:<\/strong>\u00a09786090101513<\/li>\n<li><strong>Versijos kodas:<\/strong>\u00a0PT.<\/li>\n<li class=\"toggleable type-new-formats \"><strong>Formatas:<\/strong>\u00a015 x 24 cm, kieti vir\u0161eliai<\/li>\n<li><strong>Kalba:<\/strong>\u00a0Lietuvi\u0173<\/li>\n<li><strong>Vert\u0117jas:<\/strong>\u00a0Liudvikas Gadeikis<\/li>\n<\/ul>\n","protected":false},"excerpt":{"rendered":"<p>\u201eM\u0117gsta muzik\u0105, m\u0117gsta \u0161okti\u201c \u2013 dar viena \u012ftraukianti trileri\u0173 karalien\u0117s Mary Higgins Clark knyga. Geriausios draug\u0117s Dars\u0117 Skot ir Erina Keli gyvena Niujorke, kur daro karjer\u0105 ir m\u0117gaujasi didmies\u010dio malonumais. Ta\u010diau kai jos sutinka pagelb\u0117ti naujajai pa\u017e\u012fstamai Nonai, kurian\u010diai televizijos laid\u0105 apie pa\u017ein\u010di\u0173 skelbimus, mergin\u0173 gyvenimas negr\u012f\u017etamai pasikei\u010dia&#8230; Nonos papra\u0161ytos, Dars\u0117 ir Erina atsiliepia \u012f kelis pa\u017ein\u010di\u0173 skelbimus. I\u0161 prad\u017ei\u0173 viskas atrodo kaip pok\u0161tas, bet jis virsti kraupia tragedija, kuomet po vieno tokio pasimatymo Erina randama nu\u017eudyta. \u017diaurios draug\u0117s mirties priblok\u0161ta Dars\u0117 ry\u017etasi pavojingam \u017eaidimui, kad i\u0161siai\u0161kint\u0173 draug\u0117s \u017eudik\u0105. Dars\u0117 susitinka su visais vyrais, su kuriais Erina buvo susipa\u017einusi pagal pa\u017ein\u010di\u0173 skelbimus. Vienas j\u0173 tikrai turi b\u016bti Erinos \u017eudikas&#8230; Ta\u010diau kuris? O gal jis jau nusitaik\u0119s ir \u012f pa\u010di\u0105 Dars\u0119? Autorius:\u00a0Mary Higgins Clark Leid\u0117jas:\u00a0Alma littera Metai:\u00a02011 Puslapiai:\u00a0264 ISBN:\u00a09786090101513 Versijos kodas:\u00a0PT. Formatas:\u00a015 x 24 cm, kieti vir\u0161eliai Kalba:\u00a0Lietuvi\u0173 Vert\u0117jas:\u00a0Liudvikas Gadeikis<\/p>\n","protected":false},"featured_media":15663,"comment_status":"open","ping_status":"closed","template":"","meta":{"_acf_changed":false,"site-sidebar-layout":"default","site-content-layout":"","ast-site-content-layout":"default","site-content-style":"default","site-sidebar-style":"default","ast-global-header-display":"","ast-banner-title-visibility":"","ast-main-header-display":"","ast-hfb-above-header-display":"","ast-hfb-below-header-display":"","ast-hfb-mobile-header-display":"","site-post-title":"","ast-breadcrumbs-content":"","ast-featured-img":"","footer-sml-layout":"","ast-disable-related-posts":"","theme-transparent-header-meta":"default","adv-header-id-meta":"","stick-header-meta":"","header-above-stick-meta":"","header-main-stick-meta":"","header-below-stick-meta":"","astra-migrate-meta-layouts":"set","ast-page-background-enabled":"default","ast-page-background-meta":{"desktop":{"background-color":"","background-image":"","background-repeat":"repeat","background-position":"center center","background-size":"auto","background-attachment":"scroll","background-type":"","background-media":"","overlay-type":"","overlay-color":"","overlay-opacity":"","overlay-gradient":""},"tablet":{"background-color":"","background-image":"","background-repeat":"repeat","background-position":"center center","background-size":"auto","background-attachment":"scroll","background-type":"","background-media":"","overlay-type":"","overlay-color":"","overlay-opacity":"","overlay-gradient":""},"mobile":{"background-color":"","background-image":"","background-repeat":"repeat","background-position":"center center","background-size":"auto","background-attachment":"scroll","background-type":"","background-media":"","overlay-type":"","overlay-color":"","overlay-opacity":"","overlay-gradient":""}},"ast-content-background-meta":{"desktop":{"background-color":"var(--ast-global-color-4)","background-image":"","background-repeat":"repeat","background-position":"center center","background-size":"auto","background-attachment":"scroll","background-type":"","background-media":"","overlay-type":"","overlay-color":"","overlay-opacity":"","overlay-gradient":""},"tablet":{"background-color":"var(--ast-global-color-4)","background-image":"","background-repeat":"repeat","background-position":"center center","background-size":"auto","background-attachment":"scroll","background-type":"","background-media":"","overlay-type":"","overlay-color":"","overlay-opacity":"","overlay-gradient":""},"mobile":{"background-color":"var(--ast-global-color-4)","background-image":"","background-repeat":"repeat","background-position":"center center","background-size":"auto","background-attachment":"scroll","background-type":"","background-media":"","overlay-type":"","overlay-color":"","overlay-opacity":"","overlay-gradient":""}}},"product_brand":[],"product_cat":[9581],"product_tag":[],"class_list":{"0":"post-15656","1":"product","2":"type-product","3":"status-publish","4":"has-post-thumbnail","6":"product_cat-kriminaliniai-romanai","7":"desktop-align-left","8":"tablet-align-left","9":"mobile-align-left","11":"first","12":"instock","13":"shipping-taxable","14":"purchasable","15":"product-type-simple"},"acf":[],"yoast_head":"<!-- This site is optimized with the Yoast SEO plugin v27.0 - https:\/\/yoast.com\/product\/yoast-seo-wordpress\/ -->\n<title>M\u0117gsta muzik\u0105, m\u0117gsta \u0161okti<\/title>\n<meta name=\"description\" content=\"\u201eM\u0117gsta muzik\u0105, m\u0117gsta \u0161okti\u201c \u2013 dar viena \u012ftraukianti trileri\u0173 karalien\u0117s Mary Higgins Clark knyga. Geriausios draug\u0117s Dars\u0117 Skot ir Erina Keli gyvena\" \/>\n<meta name=\"robots\" content=\"index, follow, max-snippet:-1, max-image-preview:large, max-video-preview:-1\" \/>\n<link rel=\"canonical\" href=\"https:\/\/skaitytaknyga.lt\/en\/produktas\/megsta-muzika-megsta-sokti\/\" \/>\n<meta property=\"og:locale\" content=\"en_GB\" \/>\n<meta property=\"og:locale:alternate\" content=\"lt_LT\" \/>\n<meta property=\"og:type\" content=\"article\" \/>\n<meta property=\"og:title\" content=\"M\u0117gsta muzik\u0105, m\u0117gsta \u0161okti\" \/>\n<meta property=\"og:description\" content=\"\u201eM\u0117gsta muzik\u0105, m\u0117gsta \u0161okti\u201c \u2013 dar viena \u012ftraukianti trileri\u0173 karalien\u0117s Mary Higgins Clark knyga. Geriausios draug\u0117s Dars\u0117 Skot ir Erina Keli gyvena\" \/>\n<meta property=\"og:url\" content=\"https:\/\/skaitytaknyga.lt\/en\/produktas\/megsta-muzika-megsta-sokti\/\" \/>\n<meta property=\"og:site_name\" content=\"Skaitytaknyga\" \/>\n<meta property=\"article:publisher\" content=\"https:\/\/www.facebook.com\/skaitytaknyga\/\" \/>\n<meta property=\"article:modified_time\" content=\"2026-03-05T09:59:19+00:00\" \/>\n<meta property=\"og:image\" content=\"https:\/\/skaitytaknyga.lt\/wp-content\/uploads\/2024\/12\/Megsta-muzika-megsta-sokti.webp\" \/>\n\t<meta property=\"og:image:width\" content=\"425\" \/>\n\t<meta property=\"og:image:height\" content=\"701\" \/>\n\t<meta property=\"og:image:type\" content=\"image\/webp\" \/>\n<meta name=\"twitter:card\" content=\"summary_large_image\" \/>\n<meta name=\"twitter:label1\" content=\"Estimated reading time\" \/>\n\t<meta name=\"twitter:data1\" content=\"1 minute\" \/>\n<script type=\"application\/ld+json\" class=\"yoast-schema-graph\">{\"@context\":\"https:\/\/schema.org\",\"@graph\":[{\"@type\":\"WebPage\",\"@id\":\"https:\/\/skaitytaknyga.lt\/produktas\/megsta-muzika-megsta-sokti\/\",\"url\":\"https:\/\/skaitytaknyga.lt\/produktas\/megsta-muzika-megsta-sokti\/\",\"name\":\"M\u0117gsta muzik\u0105, m\u0117gsta \u0161okti\",\"isPartOf\":{\"@id\":\"https:\/\/skaitytaknyga.lt\/#website\"},\"primaryImageOfPage\":{\"@id\":\"https:\/\/skaitytaknyga.lt\/produktas\/megsta-muzika-megsta-sokti\/#primaryimage\"},\"image\":{\"@id\":\"https:\/\/skaitytaknyga.lt\/produktas\/megsta-muzika-megsta-sokti\/#primaryimage\"},\"thumbnailUrl\":\"https:\/\/skaitytaknyga.lt\/wp-content\/uploads\/2024\/12\/Megsta-muzika-megsta-sokti.webp\",\"datePublished\":\"2024-12-20T17:49:29+00:00\",\"dateModified\":\"2026-03-05T09:59:19+00:00\",\"description\":\"\u201eM\u0117gsta muzik\u0105, m\u0117gsta \u0161okti\u201c \u2013 dar viena \u012ftraukianti trileri\u0173 karalien\u0117s Mary Higgins Clark knyga. Geriausios draug\u0117s Dars\u0117 Skot ir Erina Keli gyvena\",\"breadcrumb\":{\"@id\":\"https:\/\/skaitytaknyga.lt\/produktas\/megsta-muzika-megsta-sokti\/#breadcrumb\"},\"inLanguage\":\"en-GB\",\"potentialAction\":[{\"@type\":\"ReadAction\",\"target\":[\"https:\/\/skaitytaknyga.lt\/produktas\/megsta-muzika-megsta-sokti\/\"]}]},{\"@type\":\"ImageObject\",\"inLanguage\":\"en-GB\",\"@id\":\"https:\/\/skaitytaknyga.lt\/produktas\/megsta-muzika-megsta-sokti\/#primaryimage\",\"url\":\"https:\/\/skaitytaknyga.lt\/wp-content\/uploads\/2024\/12\/Megsta-muzika-megsta-sokti.webp\",\"contentUrl\":\"https:\/\/skaitytaknyga.lt\/wp-content\/uploads\/2024\/12\/Megsta-muzika-megsta-sokti.webp\",\"width\":425,\"height\":701,\"caption\":\"M\u0117gsta muzik\u0105, m\u0117gsta \u0161okti\"},{\"@type\":\"BreadcrumbList\",\"@id\":\"https:\/\/skaitytaknyga.lt\/produktas\/megsta-muzika-megsta-sokti\/#breadcrumb\",\"itemListElement\":[{\"@type\":\"ListItem\",\"position\":1,\"name\":\"Home\",\"item\":\"https:\/\/skaitytaknyga.lt\/\"},{\"@type\":\"ListItem\",\"position\":2,\"name\":\"Parduotuv\u0117\",\"item\":\"https:\/\/skaitytaknyga.lt\/knygu-parduotuve\/\"},{\"@type\":\"ListItem\",\"position\":3,\"name\":\"M\u0117gsta muzik\u0105, m\u0117gsta \u0161okti\"}]},{\"@type\":\"WebSite\",\"@id\":\"https:\/\/skaitytaknyga.lt\/#website\",\"url\":\"https:\/\/skaitytaknyga.lt\/\",\"name\":\"skaitytaknyga.lt\",\"description\":\"Skaitytaknyga.lt \u2013 tai ma\u017eas \u0161eimos verslas, kuris prasid\u0117jo nuo meil\u0117s knygoms ir siekio i\u0161gelb\u0117ti knygas nuo likimo prie konteinerio. Kas vienam nereikalingas daiktas \u2013 kitam lobis, o mes esame tarpininkai, kurie padeda abiems tapti laimingesniems ???? \u017dinome kaip nelengva i\u0161gyventi ma\u017eiems verslams, tad nuo \u0161iol, \u010dia rasite ir kit\u0173, ma\u017e\u0173 \u0161eim\u0173 versl\u0173, rank\u0173 darbo, dovan\u0173 sau ir artimiesiems.\",\"publisher\":{\"@id\":\"https:\/\/skaitytaknyga.lt\/#organization\"},\"potentialAction\":[{\"@type\":\"SearchAction\",\"target\":{\"@type\":\"EntryPoint\",\"urlTemplate\":\"https:\/\/skaitytaknyga.lt\/?s={search_term_string}\"},\"query-input\":{\"@type\":\"PropertyValueSpecification\",\"valueRequired\":true,\"valueName\":\"search_term_string\"}}],\"inLanguage\":\"en-GB\"},{\"@type\":\"Organization\",\"@id\":\"https:\/\/skaitytaknyga.lt\/#organization\",\"name\":\"skaitytaknyga.lt\",\"url\":\"https:\/\/skaitytaknyga.lt\/\",\"logo\":{\"@type\":\"ImageObject\",\"inLanguage\":\"en-GB\",\"@id\":\"https:\/\/skaitytaknyga.lt\/#\/schema\/logo\/image\/\",\"url\":\"https:\/\/skaitytaknyga.lt\/wp-content\/uploads\/2024\/05\/cropped-cropped-cropped-02_00843_jt3bggkj1j3HLc7SyY6rEUpg.jpeg\",\"contentUrl\":\"https:\/\/skaitytaknyga.lt\/wp-content\/uploads\/2024\/05\/cropped-cropped-cropped-02_00843_jt3bggkj1j3HLc7SyY6rEUpg.jpeg\",\"width\":1600,\"height\":1600,\"caption\":\"skaitytaknyga.lt\"},\"image\":{\"@id\":\"https:\/\/skaitytaknyga.lt\/#\/schema\/logo\/image\/\"},\"sameAs\":[\"https:\/\/www.facebook.com\/skaitytaknyga\/\"]}]}<\/script>\n<!-- \/ Yoast SEO plugin. -->","yoast_head_json":{"title":"M\u0117gsta muzik\u0105, m\u0117gsta \u0161okti","description":"\u201eM\u0117gsta muzik\u0105, m\u0117gsta \u0161okti\u201c \u2013 dar viena \u012ftraukianti trileri\u0173 karalien\u0117s Mary Higgins Clark knyga. Geriausios draug\u0117s Dars\u0117 Skot ir Erina Keli gyvena","robots":{"index":"index","follow":"follow","max-snippet":"max-snippet:-1","max-image-preview":"max-image-preview:large","max-video-preview":"max-video-preview:-1"},"canonical":"https:\/\/skaitytaknyga.lt\/en\/produktas\/megsta-muzika-megsta-sokti\/","og_locale":"en_GB","og_type":"article","og_title":"[:lt]M\u0117gsta muzik\u0105, m\u0117gsta \u0161okti[:] - Skaitytaknyga","og_description":"\u201eM\u0117gsta muzik\u0105, m\u0117gsta \u0161okti\u201c \u2013 dar viena \u012ftraukianti trileri\u0173 karalien\u0117s Mary Higgins Clark knyga. Geriausios draug\u0117s Dars\u0117 Skot ir Erina Keli gyvena","og_url":"https:\/\/skaitytaknyga.lt\/en\/produktas\/megsta-muzika-megsta-sokti\/","og_site_name":"Skaitytaknyga","article_publisher":"https:\/\/www.facebook.com\/skaitytaknyga\/","article_modified_time":"2026-03-05T09:59:19+00:00","og_image":[{"width":425,"height":701,"url":"https:\/\/skaitytaknyga.lt\/wp-content\/uploads\/2024\/12\/Megsta-muzika-megsta-sokti.webp","type":"image\/webp"}],"twitter_card":"summary_large_image","twitter_misc":{"Estimated reading time":"1 minute"},"schema":{"@context":"https:\/\/schema.org","@graph":[{"@type":"WebPage","@id":"https:\/\/skaitytaknyga.lt\/produktas\/megsta-muzika-megsta-sokti\/","url":"https:\/\/skaitytaknyga.lt\/produktas\/megsta-muzika-megsta-sokti\/","name":"M\u0117gsta muzik\u0105, m\u0117gsta \u0161okti","isPartOf":{"@id":"https:\/\/skaitytaknyga.lt\/#website"},"primaryImageOfPage":{"@id":"https:\/\/skaitytaknyga.lt\/produktas\/megsta-muzika-megsta-sokti\/#primaryimage"},"image":{"@id":"https:\/\/skaitytaknyga.lt\/produktas\/megsta-muzika-megsta-sokti\/#primaryimage"},"thumbnailUrl":"https:\/\/skaitytaknyga.lt\/wp-content\/uploads\/2024\/12\/Megsta-muzika-megsta-sokti.webp","datePublished":"2024-12-20T17:49:29+00:00","dateModified":"2026-03-05T09:59:19+00:00","description":"\u201eM\u0117gsta muzik\u0105, m\u0117gsta \u0161okti\u201c \u2013 dar viena \u012ftraukianti trileri\u0173 karalien\u0117s Mary Higgins Clark knyga. Geriausios draug\u0117s Dars\u0117 Skot ir Erina Keli gyvena","breadcrumb":{"@id":"https:\/\/skaitytaknyga.lt\/produktas\/megsta-muzika-megsta-sokti\/#breadcrumb"},"inLanguage":"en-GB","potentialAction":[{"@type":"ReadAction","target":["https:\/\/skaitytaknyga.lt\/produktas\/megsta-muzika-megsta-sokti\/"]}]},{"@type":"ImageObject","inLanguage":"en-GB","@id":"https:\/\/skaitytaknyga.lt\/produktas\/megsta-muzika-megsta-sokti\/#primaryimage","url":"https:\/\/skaitytaknyga.lt\/wp-content\/uploads\/2024\/12\/Megsta-muzika-megsta-sokti.webp","contentUrl":"https:\/\/skaitytaknyga.lt\/wp-content\/uploads\/2024\/12\/Megsta-muzika-megsta-sokti.webp","width":425,"height":701,"caption":"M\u0117gsta muzik\u0105, m\u0117gsta \u0161okti"},{"@type":"BreadcrumbList","@id":"https:\/\/skaitytaknyga.lt\/produktas\/megsta-muzika-megsta-sokti\/#breadcrumb","itemListElement":[{"@type":"ListItem","position":1,"name":"Home","item":"https:\/\/skaitytaknyga.lt\/"},{"@type":"ListItem","position":2,"name":"Parduotuv\u0117","item":"https:\/\/skaitytaknyga.lt\/knygu-parduotuve\/"},{"@type":"ListItem","position":3,"name":"M\u0117gsta muzik\u0105, m\u0117gsta \u0161okti"}]},{"@type":"WebSite","@id":"https:\/\/skaitytaknyga.lt\/#website","url":"https:\/\/skaitytaknyga.lt\/","name":"skaitytaknyga.lt","description":"Skaitytaknyga.lt \u2013 tai ma\u017eas \u0161eimos verslas, kuris prasid\u0117jo nuo meil\u0117s knygoms ir siekio i\u0161gelb\u0117ti knygas nuo likimo prie konteinerio. Kas vienam nereikalingas daiktas \u2013 kitam lobis, o mes esame tarpininkai, kurie padeda abiems tapti laimingesniems ???? \u017dinome kaip nelengva i\u0161gyventi ma\u017eiems verslams, tad nuo \u0161iol, \u010dia rasite ir kit\u0173, ma\u017e\u0173 \u0161eim\u0173 versl\u0173, rank\u0173 darbo, dovan\u0173 sau ir artimiesiems.","publisher":{"@id":"https:\/\/skaitytaknyga.lt\/#organization"},"potentialAction":[{"@type":"SearchAction","target":{"@type":"EntryPoint","urlTemplate":"https:\/\/skaitytaknyga.lt\/?s={search_term_string}"},"query-input":{"@type":"PropertyValueSpecification","valueRequired":true,"valueName":"search_term_string"}}],"inLanguage":"en-GB"},{"@type":"Organization","@id":"https:\/\/skaitytaknyga.lt\/#organization","name":"skaitytaknyga.lt","url":"https:\/\/skaitytaknyga.lt\/","logo":{"@type":"ImageObject","inLanguage":"en-GB","@id":"https:\/\/skaitytaknyga.lt\/#\/schema\/logo\/image\/","url":"https:\/\/skaitytaknyga.lt\/wp-content\/uploads\/2024\/05\/cropped-cropped-cropped-02_00843_jt3bggkj1j3HLc7SyY6rEUpg.jpeg","contentUrl":"https:\/\/skaitytaknyga.lt\/wp-content\/uploads\/2024\/05\/cropped-cropped-cropped-02_00843_jt3bggkj1j3HLc7SyY6rEUpg.jpeg","width":1600,"height":1600,"caption":"skaitytaknyga.lt"},"image":{"@id":"https:\/\/skaitytaknyga.lt\/#\/schema\/logo\/image\/"},"sameAs":["https:\/\/www.facebook.com\/skaitytaknyga\/"]}]}},"_links":{"self":[{"href":"https:\/\/skaitytaknyga.lt\/en\/wp-json\/wp\/v2\/product\/15656","targetHints":{"allow":["GET"]}}],"collection":[{"href":"https:\/\/skaitytaknyga.lt\/en\/wp-json\/wp\/v2\/product"}],"about":[{"href":"https:\/\/skaitytaknyga.lt\/en\/wp-json\/wp\/v2\/types\/product"}],"replies":[{"embeddable":true,"href":"https:\/\/skaitytaknyga.lt\/en\/wp-json\/wp\/v2\/comments?post=15656"}],"wp:featuredmedia":[{"embeddable":true,"href":"https:\/\/skaitytaknyga.lt\/en\/wp-json\/wp\/v2\/media\/15663"}],"wp:attachment":[{"href":"https:\/\/skaitytaknyga.lt\/en\/wp-json\/wp\/v2\/media?parent=15656"}],"wp:term":[{"taxonomy":"product_brand","embeddable":true,"href":"https:\/\/skaitytaknyga.lt\/en\/wp-json\/wp\/v2\/product_brand?post=15656"},{"taxonomy":"product_cat","embeddable":true,"href":"https:\/\/skaitytaknyga.lt\/en\/wp-json\/wp\/v2\/product_cat?post=15656"},{"taxonomy":"product_tag","embeddable":true,"href":"https:\/\/skaitytaknyga.lt\/en\/wp-json\/wp\/v2\/product_tag?post=15656"}],"curies":[{"name":"wp","href":"https:\/\/api.w.org\/{rel}","templated":true}]}}