{"id":15654,"date":"2024-12-20T19:49:29","date_gmt":"2024-12-20T17:49:29","guid":{"rendered":"https:\/\/skaitytaknyga.lt\/?post_type=product&#038;p=15654"},"modified":"2026-03-05T13:54:02","modified_gmt":"2026-03-05T11:54:02","slug":"imperatoriaus-meiluze","status":"publish","type":"product","link":"https:\/\/skaitytaknyga.lt\/en\/produktas\/imperatoriaus-meiluze\/","title":{"rendered":"Imperatoriaus meilu\u017e\u0117"},"content":{"rendered":"<p>Jiedu susitiko 1812-\u0173j\u0173 pavasar\u012f, Rusijos karo su Pranc\u016bzija i\u0161vakar\u0117se. Ji \u2013 devyniolikmet\u0117 Sofija Tyzenhauzait\u0117, geid\u017eiamiausia Vilniaus nuotaka, gra\u017ei turtingo Lietuvos aristokrato, Roki\u0161kio grafo Ignacijaus Tyzenhauzo dukra. Jis \u2013 Rusijos imperatorius Aleksandras I, trisde\u0161imt penkeri\u0173 \u017eaviausias Europos monarchas, gra\u017eus ir eleganti\u0161kas, li\u016bdna \u0161ypsena pavergiantis moter\u0173 \u0161irdis.<\/p>\n<p>Netik\u0117tai \u012fsi\u017eiebusi Sofijos Tyzenhauzait\u0117s meil\u0117 Aleksandrui I atlaik\u0117 karo ir laiko i\u0161bandymus. Numojusi ranka \u012f apkalbas ir dvaro intrigas, Sofija pakluso \u0161irdies, o ne proto balsui, pasirinko meil\u0119 vyrui, kuris niekada nebus jos.<\/p>\n<p>Romanas \u201eImperatoriaus meilu\u017e\u0117\u201c leid\u017eia i\u0161 arti pa\u017evelgti \u012f XIX a. didik\u0173, aristokrat\u0173, valdov\u0173 gyvenim\u0105, supa\u017eindina su Vilniaus, Var\u0161uvos, Pary\u017eiaus dvar\u0173 kult\u016bra ir t\u0173 laik\u0173 kasdienybe. Ta\u010diau svarbiausia \u010dia \u2013 laikui ir atstumui nepavaldi meil\u0117s ir aistros istorija.<\/p>\n<ul class=\"about-product d-none d-xl-block mt-4\">\n<li><strong>Autorius:<\/strong>\u00a0Gina Vili\u016bn\u0117<\/li>\n<li><strong>Leid\u0117jas:<\/strong>\u00a0Alma littera<\/li>\n<li><strong>Metai:<\/strong>\u00a02022<\/li>\n<li><strong>Puslapiai:<\/strong>\u00a0312<\/li>\n<li class=\"toggleable type-new-formats \"><strong>ISBN:<\/strong>\u00a09786090125946<\/li>\n<li><strong>Versijos kodas:<\/strong>\u00a0PT.<\/li>\n<li class=\"toggleable type-new-formats \"><strong>Formatas:<\/strong>\u00a015 x 24 x 2,5 cm, kieti vir\u0161eliai<\/li>\n<li><strong>Kalba:<\/strong>\u00a0Lietuvi\u0173<\/li>\n<\/ul>\n","protected":false},"excerpt":{"rendered":"<p>Jiedu susitiko 1812-\u0173j\u0173 pavasar\u012f, Rusijos karo su Pranc\u016bzija i\u0161vakar\u0117se. Ji \u2013 devyniolikmet\u0117 Sofija Tyzenhauzait\u0117, geid\u017eiamiausia Vilniaus nuotaka, gra\u017ei turtingo Lietuvos aristokrato, Roki\u0161kio grafo Ignacijaus Tyzenhauzo dukra. Jis \u2013 Rusijos imperatorius Aleksandras I, trisde\u0161imt penkeri\u0173 \u017eaviausias Europos monarchas, gra\u017eus ir eleganti\u0161kas, li\u016bdna \u0161ypsena pavergiantis moter\u0173 \u0161irdis. Netik\u0117tai \u012fsi\u017eiebusi Sofijos Tyzenhauzait\u0117s meil\u0117 Aleksandrui I atlaik\u0117 karo ir laiko i\u0161bandymus. Numojusi ranka \u012f apkalbas ir dvaro intrigas, Sofija pakluso \u0161irdies, o ne proto balsui, pasirinko meil\u0119 vyrui, kuris niekada nebus jos. Romanas \u201eImperatoriaus meilu\u017e\u0117\u201c leid\u017eia i\u0161 arti pa\u017evelgti \u012f XIX a. didik\u0173, aristokrat\u0173, valdov\u0173 gyvenim\u0105, supa\u017eindina su Vilniaus, Var\u0161uvos, Pary\u017eiaus dvar\u0173 kult\u016bra ir t\u0173 laik\u0173 kasdienybe. Ta\u010diau svarbiausia \u010dia \u2013 laikui ir atstumui nepavaldi meil\u0117s ir aistros istorija. Autorius:\u00a0Gina Vili\u016bn\u0117 Leid\u0117jas:\u00a0Alma littera Metai:\u00a02022 Puslapiai:\u00a0312 ISBN:\u00a09786090125946 Versijos kodas:\u00a0PT. Formatas:\u00a015 x 24 x 2,5 cm, kieti vir\u0161eliai Kalba:\u00a0Lietuvi\u0173<\/p>\n","protected":false},"featured_media":15722,"comment_status":"open","ping_status":"closed","template":"","meta":{"_acf_changed":false,"site-sidebar-layout":"default","site-content-layout":"","ast-site-content-layout":"default","site-content-style":"default","site-sidebar-style":"default","ast-global-header-display":"","ast-banner-title-visibility":"","ast-main-header-display":"","ast-hfb-above-header-display":"","ast-hfb-below-header-display":"","ast-hfb-mobile-header-display":"","site-post-title":"","ast-breadcrumbs-content":"","ast-featured-img":"","footer-sml-layout":"","ast-disable-related-posts":"","theme-transparent-header-meta":"default","adv-header-id-meta":"","stick-header-meta":"","header-above-stick-meta":"","header-main-stick-meta":"","header-below-stick-meta":"","astra-migrate-meta-layouts":"set","ast-page-background-enabled":"default","ast-page-background-meta":{"desktop":{"background-color":"","background-image":"","background-repeat":"repeat","background-position":"center center","background-size":"auto","background-attachment":"scroll","background-type":"","background-media":"","overlay-type":"","overlay-color":"","overlay-opacity":"","overlay-gradient":""},"tablet":{"background-color":"","background-image":"","background-repeat":"repeat","background-position":"center center","background-size":"auto","background-attachment":"scroll","background-type":"","background-media":"","overlay-type":"","overlay-color":"","overlay-opacity":"","overlay-gradient":""},"mobile":{"background-color":"","background-image":"","background-repeat":"repeat","background-position":"center center","background-size":"auto","background-attachment":"scroll","background-type":"","background-media":"","overlay-type":"","overlay-color":"","overlay-opacity":"","overlay-gradient":""}},"ast-content-background-meta":{"desktop":{"background-color":"var(--ast-global-color-4)","background-image":"","background-repeat":"repeat","background-position":"center center","background-size":"auto","background-attachment":"scroll","background-type":"","background-media":"","overlay-type":"","overlay-color":"","overlay-opacity":"","overlay-gradient":""},"tablet":{"background-color":"var(--ast-global-color-4)","background-image":"","background-repeat":"repeat","background-position":"center center","background-size":"auto","background-attachment":"scroll","background-type":"","background-media":"","overlay-type":"","overlay-color":"","overlay-opacity":"","overlay-gradient":""},"mobile":{"background-color":"var(--ast-global-color-4)","background-image":"","background-repeat":"repeat","background-position":"center center","background-size":"auto","background-attachment":"scroll","background-type":"","background-media":"","overlay-type":"","overlay-color":"","overlay-opacity":"","overlay-gradient":""}}},"product_brand":[],"product_cat":[9618,9590],"product_tag":[5006,5000,5005,5001,5004,5003,5002],"class_list":{"0":"post-15654","1":"product","2":"type-product","3":"status-publish","4":"has-post-thumbnail","6":"product_cat-istoriniai-romanai","7":"product_cat-lietuviu-literatura","8":"product_tag-dvaru-kultura","9":"product_tag-gina-viliune","10":"product_tag-imperatoriai","11":"product_tag-istorine-meile","12":"product_tag-romanas-apie-meile","13":"product_tag-vilniaus-istorija","14":"product_tag-xix-a-aristokratija","15":"desktop-align-left","16":"tablet-align-left","17":"mobile-align-left","19":"first","20":"instock","21":"shipping-taxable","22":"purchasable","23":"product-type-simple"},"acf":[],"yoast_head":"<!-- This site is optimized with the Yoast SEO plugin v27.0 - https:\/\/yoast.com\/product\/yoast-seo-wordpress\/ -->\n<title>Imperatoriaus meilu\u017e\u0117<\/title>\n<meta name=\"description\" content=\"Jiedu susitiko 1812-\u0173j\u0173 pavasar\u012f, Rusijos karo su Pranc\u016bzija i\u0161vakar\u0117se. Ji \u2013 devyniolikmet\u0117 Sofija Tyzenhauzait\u0117, geid\u017eiamiausia Vilniaus nuotaka, gra\u017ei\" \/>\n<meta name=\"robots\" content=\"index, follow, max-snippet:-1, max-image-preview:large, max-video-preview:-1\" \/>\n<link rel=\"canonical\" href=\"https:\/\/skaitytaknyga.lt\/en\/produktas\/imperatoriaus-meiluze\/\" \/>\n<meta property=\"og:locale\" content=\"en_GB\" \/>\n<meta property=\"og:locale:alternate\" content=\"lt_LT\" \/>\n<meta property=\"og:type\" content=\"article\" \/>\n<meta property=\"og:title\" content=\"Imperatoriaus meilu\u017e\u0117\" \/>\n<meta property=\"og:description\" content=\"Jiedu susitiko 1812-\u0173j\u0173 pavasar\u012f, Rusijos karo su Pranc\u016bzija i\u0161vakar\u0117se. Ji \u2013 devyniolikmet\u0117 Sofija Tyzenhauzait\u0117, geid\u017eiamiausia Vilniaus nuotaka, gra\u017ei\" \/>\n<meta property=\"og:url\" content=\"https:\/\/skaitytaknyga.lt\/en\/produktas\/imperatoriaus-meiluze\/\" \/>\n<meta property=\"og:site_name\" content=\"Skaitytaknyga\" \/>\n<meta property=\"article:publisher\" content=\"https:\/\/www.facebook.com\/skaitytaknyga\/\" \/>\n<meta property=\"article:modified_time\" content=\"2026-03-05T11:54:02+00:00\" \/>\n<meta property=\"og:image\" content=\"https:\/\/skaitytaknyga.lt\/wp-content\/uploads\/2024\/12\/Imperatoriaus-meiluze.webp\" \/>\n\t<meta property=\"og:image:width\" content=\"243\" \/>\n\t<meta property=\"og:image:height\" content=\"398\" \/>\n\t<meta property=\"og:image:type\" content=\"image\/webp\" \/>\n<meta name=\"twitter:card\" content=\"summary_large_image\" \/>\n<meta name=\"twitter:label1\" content=\"Estimated reading time\" \/>\n\t<meta name=\"twitter:data1\" content=\"1 minute\" \/>\n<script type=\"application\/ld+json\" class=\"yoast-schema-graph\">{\"@context\":\"https:\/\/schema.org\",\"@graph\":[{\"@type\":\"WebPage\",\"@id\":\"https:\/\/skaitytaknyga.lt\/produktas\/imperatoriaus-meiluze\/\",\"url\":\"https:\/\/skaitytaknyga.lt\/produktas\/imperatoriaus-meiluze\/\",\"name\":\"Imperatoriaus meilu\u017e\u0117\",\"isPartOf\":{\"@id\":\"https:\/\/skaitytaknyga.lt\/#website\"},\"primaryImageOfPage\":{\"@id\":\"https:\/\/skaitytaknyga.lt\/produktas\/imperatoriaus-meiluze\/#primaryimage\"},\"image\":{\"@id\":\"https:\/\/skaitytaknyga.lt\/produktas\/imperatoriaus-meiluze\/#primaryimage\"},\"thumbnailUrl\":\"https:\/\/skaitytaknyga.lt\/wp-content\/uploads\/2024\/12\/Imperatoriaus-meiluze.webp\",\"datePublished\":\"2024-12-20T17:49:29+00:00\",\"dateModified\":\"2026-03-05T11:54:02+00:00\",\"description\":\"Jiedu susitiko 1812-\u0173j\u0173 pavasar\u012f, Rusijos karo su Pranc\u016bzija i\u0161vakar\u0117se. Ji \u2013 devyniolikmet\u0117 Sofija Tyzenhauzait\u0117, geid\u017eiamiausia Vilniaus nuotaka, gra\u017ei\",\"breadcrumb\":{\"@id\":\"https:\/\/skaitytaknyga.lt\/produktas\/imperatoriaus-meiluze\/#breadcrumb\"},\"inLanguage\":\"en-GB\",\"potentialAction\":[{\"@type\":\"ReadAction\",\"target\":[\"https:\/\/skaitytaknyga.lt\/produktas\/imperatoriaus-meiluze\/\"]}]},{\"@type\":\"ImageObject\",\"inLanguage\":\"en-GB\",\"@id\":\"https:\/\/skaitytaknyga.lt\/produktas\/imperatoriaus-meiluze\/#primaryimage\",\"url\":\"https:\/\/skaitytaknyga.lt\/wp-content\/uploads\/2024\/12\/Imperatoriaus-meiluze.webp\",\"contentUrl\":\"https:\/\/skaitytaknyga.lt\/wp-content\/uploads\/2024\/12\/Imperatoriaus-meiluze.webp\",\"width\":243,\"height\":398,\"caption\":\"Imperatoriaus meilu\u017e\u0117\"},{\"@type\":\"BreadcrumbList\",\"@id\":\"https:\/\/skaitytaknyga.lt\/produktas\/imperatoriaus-meiluze\/#breadcrumb\",\"itemListElement\":[{\"@type\":\"ListItem\",\"position\":1,\"name\":\"Home\",\"item\":\"https:\/\/skaitytaknyga.lt\/\"},{\"@type\":\"ListItem\",\"position\":2,\"name\":\"Parduotuv\u0117\",\"item\":\"https:\/\/skaitytaknyga.lt\/knygu-parduotuve\/\"},{\"@type\":\"ListItem\",\"position\":3,\"name\":\"Imperatoriaus meilu\u017e\u0117\"}]},{\"@type\":\"WebSite\",\"@id\":\"https:\/\/skaitytaknyga.lt\/#website\",\"url\":\"https:\/\/skaitytaknyga.lt\/\",\"name\":\"skaitytaknyga.lt\",\"description\":\"Skaitytaknyga.lt \u2013 tai ma\u017eas \u0161eimos verslas, kuris prasid\u0117jo nuo meil\u0117s knygoms ir siekio i\u0161gelb\u0117ti knygas nuo likimo prie konteinerio. Kas vienam nereikalingas daiktas \u2013 kitam lobis, o mes esame tarpininkai, kurie padeda abiems tapti laimingesniems ???? \u017dinome kaip nelengva i\u0161gyventi ma\u017eiems verslams, tad nuo \u0161iol, \u010dia rasite ir kit\u0173, ma\u017e\u0173 \u0161eim\u0173 versl\u0173, rank\u0173 darbo, dovan\u0173 sau ir artimiesiems.\",\"publisher\":{\"@id\":\"https:\/\/skaitytaknyga.lt\/#organization\"},\"potentialAction\":[{\"@type\":\"SearchAction\",\"target\":{\"@type\":\"EntryPoint\",\"urlTemplate\":\"https:\/\/skaitytaknyga.lt\/?s={search_term_string}\"},\"query-input\":{\"@type\":\"PropertyValueSpecification\",\"valueRequired\":true,\"valueName\":\"search_term_string\"}}],\"inLanguage\":\"en-GB\"},{\"@type\":\"Organization\",\"@id\":\"https:\/\/skaitytaknyga.lt\/#organization\",\"name\":\"skaitytaknyga.lt\",\"url\":\"https:\/\/skaitytaknyga.lt\/\",\"logo\":{\"@type\":\"ImageObject\",\"inLanguage\":\"en-GB\",\"@id\":\"https:\/\/skaitytaknyga.lt\/#\/schema\/logo\/image\/\",\"url\":\"https:\/\/skaitytaknyga.lt\/wp-content\/uploads\/2024\/05\/cropped-cropped-cropped-02_00843_jt3bggkj1j3HLc7SyY6rEUpg.jpeg\",\"contentUrl\":\"https:\/\/skaitytaknyga.lt\/wp-content\/uploads\/2024\/05\/cropped-cropped-cropped-02_00843_jt3bggkj1j3HLc7SyY6rEUpg.jpeg\",\"width\":1600,\"height\":1600,\"caption\":\"skaitytaknyga.lt\"},\"image\":{\"@id\":\"https:\/\/skaitytaknyga.lt\/#\/schema\/logo\/image\/\"},\"sameAs\":[\"https:\/\/www.facebook.com\/skaitytaknyga\/\"]}]}<\/script>\n<!-- \/ Yoast SEO plugin. -->","yoast_head_json":{"title":"Imperatoriaus meilu\u017e\u0117","description":"Jiedu susitiko 1812-\u0173j\u0173 pavasar\u012f, Rusijos karo su Pranc\u016bzija i\u0161vakar\u0117se. Ji \u2013 devyniolikmet\u0117 Sofija Tyzenhauzait\u0117, geid\u017eiamiausia Vilniaus nuotaka, gra\u017ei","robots":{"index":"index","follow":"follow","max-snippet":"max-snippet:-1","max-image-preview":"max-image-preview:large","max-video-preview":"max-video-preview:-1"},"canonical":"https:\/\/skaitytaknyga.lt\/en\/produktas\/imperatoriaus-meiluze\/","og_locale":"en_GB","og_type":"article","og_title":"[:lt]Imperatoriaus meilu\u017e\u0117[:] - Skaitytaknyga","og_description":"Jiedu susitiko 1812-\u0173j\u0173 pavasar\u012f, Rusijos karo su Pranc\u016bzija i\u0161vakar\u0117se. Ji \u2013 devyniolikmet\u0117 Sofija Tyzenhauzait\u0117, geid\u017eiamiausia Vilniaus nuotaka, gra\u017ei","og_url":"https:\/\/skaitytaknyga.lt\/en\/produktas\/imperatoriaus-meiluze\/","og_site_name":"Skaitytaknyga","article_publisher":"https:\/\/www.facebook.com\/skaitytaknyga\/","article_modified_time":"2026-03-05T11:54:02+00:00","og_image":[{"width":243,"height":398,"url":"https:\/\/skaitytaknyga.lt\/wp-content\/uploads\/2024\/12\/Imperatoriaus-meiluze.webp","type":"image\/webp"}],"twitter_card":"summary_large_image","twitter_misc":{"Estimated reading time":"1 minute"},"schema":{"@context":"https:\/\/schema.org","@graph":[{"@type":"WebPage","@id":"https:\/\/skaitytaknyga.lt\/produktas\/imperatoriaus-meiluze\/","url":"https:\/\/skaitytaknyga.lt\/produktas\/imperatoriaus-meiluze\/","name":"Imperatoriaus meilu\u017e\u0117","isPartOf":{"@id":"https:\/\/skaitytaknyga.lt\/#website"},"primaryImageOfPage":{"@id":"https:\/\/skaitytaknyga.lt\/produktas\/imperatoriaus-meiluze\/#primaryimage"},"image":{"@id":"https:\/\/skaitytaknyga.lt\/produktas\/imperatoriaus-meiluze\/#primaryimage"},"thumbnailUrl":"https:\/\/skaitytaknyga.lt\/wp-content\/uploads\/2024\/12\/Imperatoriaus-meiluze.webp","datePublished":"2024-12-20T17:49:29+00:00","dateModified":"2026-03-05T11:54:02+00:00","description":"Jiedu susitiko 1812-\u0173j\u0173 pavasar\u012f, Rusijos karo su Pranc\u016bzija i\u0161vakar\u0117se. Ji \u2013 devyniolikmet\u0117 Sofija Tyzenhauzait\u0117, geid\u017eiamiausia Vilniaus nuotaka, gra\u017ei","breadcrumb":{"@id":"https:\/\/skaitytaknyga.lt\/produktas\/imperatoriaus-meiluze\/#breadcrumb"},"inLanguage":"en-GB","potentialAction":[{"@type":"ReadAction","target":["https:\/\/skaitytaknyga.lt\/produktas\/imperatoriaus-meiluze\/"]}]},{"@type":"ImageObject","inLanguage":"en-GB","@id":"https:\/\/skaitytaknyga.lt\/produktas\/imperatoriaus-meiluze\/#primaryimage","url":"https:\/\/skaitytaknyga.lt\/wp-content\/uploads\/2024\/12\/Imperatoriaus-meiluze.webp","contentUrl":"https:\/\/skaitytaknyga.lt\/wp-content\/uploads\/2024\/12\/Imperatoriaus-meiluze.webp","width":243,"height":398,"caption":"Imperatoriaus meilu\u017e\u0117"},{"@type":"BreadcrumbList","@id":"https:\/\/skaitytaknyga.lt\/produktas\/imperatoriaus-meiluze\/#breadcrumb","itemListElement":[{"@type":"ListItem","position":1,"name":"Home","item":"https:\/\/skaitytaknyga.lt\/"},{"@type":"ListItem","position":2,"name":"Parduotuv\u0117","item":"https:\/\/skaitytaknyga.lt\/knygu-parduotuve\/"},{"@type":"ListItem","position":3,"name":"Imperatoriaus meilu\u017e\u0117"}]},{"@type":"WebSite","@id":"https:\/\/skaitytaknyga.lt\/#website","url":"https:\/\/skaitytaknyga.lt\/","name":"skaitytaknyga.lt","description":"Skaitytaknyga.lt \u2013 tai ma\u017eas \u0161eimos verslas, kuris prasid\u0117jo nuo meil\u0117s knygoms ir siekio i\u0161gelb\u0117ti knygas nuo likimo prie konteinerio. Kas vienam nereikalingas daiktas \u2013 kitam lobis, o mes esame tarpininkai, kurie padeda abiems tapti laimingesniems ???? \u017dinome kaip nelengva i\u0161gyventi ma\u017eiems verslams, tad nuo \u0161iol, \u010dia rasite ir kit\u0173, ma\u017e\u0173 \u0161eim\u0173 versl\u0173, rank\u0173 darbo, dovan\u0173 sau ir artimiesiems.","publisher":{"@id":"https:\/\/skaitytaknyga.lt\/#organization"},"potentialAction":[{"@type":"SearchAction","target":{"@type":"EntryPoint","urlTemplate":"https:\/\/skaitytaknyga.lt\/?s={search_term_string}"},"query-input":{"@type":"PropertyValueSpecification","valueRequired":true,"valueName":"search_term_string"}}],"inLanguage":"en-GB"},{"@type":"Organization","@id":"https:\/\/skaitytaknyga.lt\/#organization","name":"skaitytaknyga.lt","url":"https:\/\/skaitytaknyga.lt\/","logo":{"@type":"ImageObject","inLanguage":"en-GB","@id":"https:\/\/skaitytaknyga.lt\/#\/schema\/logo\/image\/","url":"https:\/\/skaitytaknyga.lt\/wp-content\/uploads\/2024\/05\/cropped-cropped-cropped-02_00843_jt3bggkj1j3HLc7SyY6rEUpg.jpeg","contentUrl":"https:\/\/skaitytaknyga.lt\/wp-content\/uploads\/2024\/05\/cropped-cropped-cropped-02_00843_jt3bggkj1j3HLc7SyY6rEUpg.jpeg","width":1600,"height":1600,"caption":"skaitytaknyga.lt"},"image":{"@id":"https:\/\/skaitytaknyga.lt\/#\/schema\/logo\/image\/"},"sameAs":["https:\/\/www.facebook.com\/skaitytaknyga\/"]}]}},"_links":{"self":[{"href":"https:\/\/skaitytaknyga.lt\/en\/wp-json\/wp\/v2\/product\/15654","targetHints":{"allow":["GET"]}}],"collection":[{"href":"https:\/\/skaitytaknyga.lt\/en\/wp-json\/wp\/v2\/product"}],"about":[{"href":"https:\/\/skaitytaknyga.lt\/en\/wp-json\/wp\/v2\/types\/product"}],"replies":[{"embeddable":true,"href":"https:\/\/skaitytaknyga.lt\/en\/wp-json\/wp\/v2\/comments?post=15654"}],"wp:featuredmedia":[{"embeddable":true,"href":"https:\/\/skaitytaknyga.lt\/en\/wp-json\/wp\/v2\/media\/15722"}],"wp:attachment":[{"href":"https:\/\/skaitytaknyga.lt\/en\/wp-json\/wp\/v2\/media?parent=15654"}],"wp:term":[{"taxonomy":"product_brand","embeddable":true,"href":"https:\/\/skaitytaknyga.lt\/en\/wp-json\/wp\/v2\/product_brand?post=15654"},{"taxonomy":"product_cat","embeddable":true,"href":"https:\/\/skaitytaknyga.lt\/en\/wp-json\/wp\/v2\/product_cat?post=15654"},{"taxonomy":"product_tag","embeddable":true,"href":"https:\/\/skaitytaknyga.lt\/en\/wp-json\/wp\/v2\/product_tag?post=15654"}],"curies":[{"name":"wp","href":"https:\/\/api.w.org\/{rel}","templated":true}]}}