{"id":15651,"date":"2024-12-20T19:49:29","date_gmt":"2024-12-20T17:49:29","guid":{"rendered":"https:\/\/skaitytaknyga.lt\/?post_type=product&#038;p=15651"},"modified":"2026-03-10T10:17:54","modified_gmt":"2026-03-10T08:17:54","slug":"bucikiukas-ir-pabaisa","status":"publish","type":"product","link":"https:\/\/skaitytaknyga.lt\/en\/produktas\/bucikiukas-ir-pabaisa\/","title":{"rendered":"Bucikiukas ir pabaisa"},"content":{"rendered":"<p>\u201eBucikiukas ir pabaisa\u201c \u2013 pirmoji \u017eaidybin\u0117 knyga Lietuvoje!<\/p>\n<p>Tai literat\u016brin\u0117 pasaka, edukacin\u0117 paveiksl\u0117li\u0173 knyga su \u017eaidimais ir u\u017eduotimis. Knyga unikali tuo, kad skaitytojas tampa k\u016brinio bendraautoriumi. Jis ne tik skaito, stebi paveiksl\u0117lius, bet ir aktyviai dalyvauja k\u016bryboje, knygos iliustravimo procese. Knygel\u0117je rasite specialius puslapius su detal\u0117mis spalvinimui, karpymui, klijavimui ir modeliavimui! Priedai modeliavimui pad\u0117s sukurti knygelei trimat\u0119 erdv\u0119.<\/p>\n<p>O apie k\u0105 pasaka? Apie Bucikiuk\u0105, kuris gyvena ma\u017eame laivelyje up\u0117s viduryje. Ir Gorgodil\u0105, kuri t\u016bno sutre\u0161usiame kelme g\u016bd\u017eioje girioje. Bucikiukui patinka debesys, \u017evaig\u017ed\u0117s ir blynai su uogiene. Gorgodila m\u0117gsta riaumoti kraupiu balsu, ma\u017edaug taip: uuuu\u016b\u016b hhhrrhaaffff!!! Bucikiukas kuria eiles. Gorgodila s\u0117ja baim\u0119. Vien\u0105 kart\u0105 jie susitinka. Ir g\u016bd\u0173 vidurnakt\u012f tarp smegduobi\u0173 ir akivar\u0173 Bumbambilijos \u0161alyje u\u017egimsta \u017eavi pasaka.<\/p>\n<p>Kaip elgtis susitikus pabais\u0105?<\/p>\n<p>Kur yra Bumbambilija?<\/p>\n<p>Kokios b\u016bna pabais\u0173 mamos?<\/p>\n<p>Skaityk pasak\u0105 apie Bucikiuk\u0105 ir Gorgodil\u0105, studijuok Bumbambilijos \u017einyn\u0105 ir b\u016bk knygos dailininku! U\u017esuk \u012f pasak\u0105 ir k\u016brybines dailininko dirbtuves!<\/p>\n<p>Knygos autorius Paulius Juodi\u0161ius 2006 metais tapo Geriausios met\u0173 knygos ma\u017eiausiems skaitytojams nominacijos laureatu. Apdovanojim\u0105 skyr\u0117 Tarptautin\u0117s vaik\u0173 ir jaunimo literat\u016bros asociacijos (IBBY) skyrius Lietuvoje.<\/p>\n","protected":false},"excerpt":{"rendered":"<p>\u201eBucikiukas ir pabaisa\u201c \u2013 pirmoji \u017eaidybin\u0117 knyga Lietuvoje! Tai literat\u016brin\u0117 pasaka, edukacin\u0117 paveiksl\u0117li\u0173 knyga su \u017eaidimais ir u\u017eduotimis. Knyga unikali tuo, kad skaitytojas tampa k\u016brinio bendraautoriumi. Jis ne tik skaito, stebi paveiksl\u0117lius, bet ir aktyviai dalyvauja k\u016bryboje, knygos iliustravimo procese. Knygel\u0117je rasite specialius puslapius su detal\u0117mis spalvinimui, karpymui, klijavimui ir modeliavimui! Priedai modeliavimui pad\u0117s sukurti knygelei trimat\u0119 erdv\u0119. O apie k\u0105 pasaka? Apie Bucikiuk\u0105, kuris gyvena ma\u017eame laivelyje up\u0117s viduryje. Ir Gorgodil\u0105, kuri t\u016bno sutre\u0161usiame kelme g\u016bd\u017eioje girioje. Bucikiukui patinka debesys, \u017evaig\u017ed\u0117s ir blynai su uogiene. Gorgodila m\u0117gsta riaumoti kraupiu balsu, ma\u017edaug taip: uuuu\u016b\u016b hhhrrhaaffff!!! Bucikiukas kuria eiles. Gorgodila s\u0117ja baim\u0119. Vien\u0105 kart\u0105 jie susitinka. Ir g\u016bd\u0173 vidurnakt\u012f tarp smegduobi\u0173 ir akivar\u0173 Bumbambilijos \u0161alyje u\u017egimsta \u017eavi pasaka. Kaip elgtis susitikus pabais\u0105? Kur yra Bumbambilija? Kokios b\u016bna pabais\u0173 mamos? Skaityk pasak\u0105 apie Bucikiuk\u0105 ir Gorgodil\u0105, studijuok Bumbambilijos \u017einyn\u0105 ir b\u016bk knygos dailininku! U\u017esuk \u012f pasak\u0105 ir k\u016brybines dailininko dirbtuves! Knygos autorius Paulius Juodi\u0161ius 2006 metais tapo Geriausios met\u0173 knygos ma\u017eiausiems skaitytojams nominacijos laureatu. Apdovanojim\u0105 skyr\u0117 Tarptautin\u0117s vaik\u0173 ir jaunimo literat\u016bros asociacijos (IBBY) skyrius Lietuvoje.<\/p>\n","protected":false},"featured_media":15725,"comment_status":"open","ping_status":"closed","template":"","meta":{"_acf_changed":false,"site-sidebar-layout":"default","site-content-layout":"","ast-site-content-layout":"default","site-content-style":"default","site-sidebar-style":"default","ast-global-header-display":"","ast-banner-title-visibility":"","ast-main-header-display":"","ast-hfb-above-header-display":"","ast-hfb-below-header-display":"","ast-hfb-mobile-header-display":"","site-post-title":"","ast-breadcrumbs-content":"","ast-featured-img":"","footer-sml-layout":"","ast-disable-related-posts":"","theme-transparent-header-meta":"default","adv-header-id-meta":"","stick-header-meta":"","header-above-stick-meta":"","header-main-stick-meta":"","header-below-stick-meta":"","astra-migrate-meta-layouts":"set","ast-page-background-enabled":"default","ast-page-background-meta":{"desktop":{"background-color":"","background-image":"","background-repeat":"repeat","background-position":"center center","background-size":"auto","background-attachment":"scroll","background-type":"","background-media":"","overlay-type":"","overlay-color":"","overlay-opacity":"","overlay-gradient":""},"tablet":{"background-color":"","background-image":"","background-repeat":"repeat","background-position":"center center","background-size":"auto","background-attachment":"scroll","background-type":"","background-media":"","overlay-type":"","overlay-color":"","overlay-opacity":"","overlay-gradient":""},"mobile":{"background-color":"","background-image":"","background-repeat":"repeat","background-position":"center center","background-size":"auto","background-attachment":"scroll","background-type":"","background-media":"","overlay-type":"","overlay-color":"","overlay-opacity":"","overlay-gradient":""}},"ast-content-background-meta":{"desktop":{"background-color":"var(--ast-global-color-4)","background-image":"","background-repeat":"repeat","background-position":"center center","background-size":"auto","background-attachment":"scroll","background-type":"","background-media":"","overlay-type":"","overlay-color":"","overlay-opacity":"","overlay-gradient":""},"tablet":{"background-color":"var(--ast-global-color-4)","background-image":"","background-repeat":"repeat","background-position":"center center","background-size":"auto","background-attachment":"scroll","background-type":"","background-media":"","overlay-type":"","overlay-color":"","overlay-opacity":"","overlay-gradient":""},"mobile":{"background-color":"var(--ast-global-color-4)","background-image":"","background-repeat":"repeat","background-position":"center center","background-size":"auto","background-attachment":"scroll","background-type":"","background-media":"","overlay-type":"","overlay-color":"","overlay-opacity":"","overlay-gradient":""}}},"product_brand":[],"product_cat":[9677],"product_tag":[],"class_list":{"0":"post-15651","1":"product","2":"type-product","3":"status-publish","4":"has-post-thumbnail","6":"product_cat-ikimokyklinukams","7":"desktop-align-left","8":"tablet-align-left","9":"mobile-align-left","11":"first","12":"instock","13":"shipping-taxable","14":"purchasable","15":"product-type-simple"},"acf":[],"yoast_head":"<!-- This site is optimized with the Yoast SEO plugin v27.0 - https:\/\/yoast.com\/product\/yoast-seo-wordpress\/ -->\n<title>Bucikiukas ir pabaisa<\/title>\n<meta name=\"description\" content=\"\u201eBucikiukas ir pabaisa\u201c \u2013 pirmoji \u017eaidybin\u0117 knyga Lietuvoje! Tai literat\u016brin\u0117 pasaka, edukacin\u0117 paveiksl\u0117li\u0173 knyga su \u017eaidimais ir u\u017eduotimis. Knyga\" \/>\n<meta name=\"robots\" content=\"index, follow, max-snippet:-1, max-image-preview:large, max-video-preview:-1\" \/>\n<link rel=\"canonical\" href=\"https:\/\/skaitytaknyga.lt\/en\/produktas\/bucikiukas-ir-pabaisa\/\" \/>\n<meta property=\"og:locale\" content=\"en_GB\" \/>\n<meta property=\"og:locale:alternate\" content=\"lt_LT\" \/>\n<meta property=\"og:type\" content=\"article\" \/>\n<meta property=\"og:title\" content=\"Bucikiukas ir pabaisa\" \/>\n<meta property=\"og:description\" content=\"\u201eBucikiukas ir pabaisa\u201c \u2013 pirmoji \u017eaidybin\u0117 knyga Lietuvoje! Tai literat\u016brin\u0117 pasaka, edukacin\u0117 paveiksl\u0117li\u0173 knyga su \u017eaidimais ir u\u017eduotimis. Knyga\" \/>\n<meta property=\"og:url\" content=\"https:\/\/skaitytaknyga.lt\/en\/produktas\/bucikiukas-ir-pabaisa\/\" \/>\n<meta property=\"og:site_name\" content=\"Skaitytaknyga\" \/>\n<meta property=\"article:publisher\" content=\"https:\/\/www.facebook.com\/skaitytaknyga\/\" \/>\n<meta property=\"article:modified_time\" content=\"2026-03-10T08:17:54+00:00\" \/>\n<meta property=\"og:image\" content=\"https:\/\/skaitytaknyga.lt\/wp-content\/uploads\/2024\/12\/Bucikiukas-ir-pabaisa.webp\" \/>\n\t<meta property=\"og:image:width\" content=\"543\" \/>\n\t<meta property=\"og:image:height\" content=\"507\" \/>\n\t<meta property=\"og:image:type\" content=\"image\/webp\" \/>\n<meta name=\"twitter:card\" content=\"summary_large_image\" \/>\n<meta name=\"twitter:label1\" content=\"Estimated reading time\" \/>\n\t<meta name=\"twitter:data1\" content=\"1 minute\" \/>\n<script type=\"application\/ld+json\" class=\"yoast-schema-graph\">{\"@context\":\"https:\/\/schema.org\",\"@graph\":[{\"@type\":\"WebPage\",\"@id\":\"https:\/\/skaitytaknyga.lt\/produktas\/bucikiukas-ir-pabaisa\/\",\"url\":\"https:\/\/skaitytaknyga.lt\/produktas\/bucikiukas-ir-pabaisa\/\",\"name\":\"Bucikiukas ir pabaisa\",\"isPartOf\":{\"@id\":\"https:\/\/skaitytaknyga.lt\/#website\"},\"primaryImageOfPage\":{\"@id\":\"https:\/\/skaitytaknyga.lt\/produktas\/bucikiukas-ir-pabaisa\/#primaryimage\"},\"image\":{\"@id\":\"https:\/\/skaitytaknyga.lt\/produktas\/bucikiukas-ir-pabaisa\/#primaryimage\"},\"thumbnailUrl\":\"https:\/\/skaitytaknyga.lt\/wp-content\/uploads\/2024\/12\/Bucikiukas-ir-pabaisa.webp\",\"datePublished\":\"2024-12-20T17:49:29+00:00\",\"dateModified\":\"2026-03-10T08:17:54+00:00\",\"description\":\"\u201eBucikiukas ir pabaisa\u201c \u2013 pirmoji \u017eaidybin\u0117 knyga Lietuvoje! Tai literat\u016brin\u0117 pasaka, edukacin\u0117 paveiksl\u0117li\u0173 knyga su \u017eaidimais ir u\u017eduotimis. Knyga\",\"breadcrumb\":{\"@id\":\"https:\/\/skaitytaknyga.lt\/produktas\/bucikiukas-ir-pabaisa\/#breadcrumb\"},\"inLanguage\":\"en-GB\",\"potentialAction\":[{\"@type\":\"ReadAction\",\"target\":[\"https:\/\/skaitytaknyga.lt\/produktas\/bucikiukas-ir-pabaisa\/\"]}]},{\"@type\":\"ImageObject\",\"inLanguage\":\"en-GB\",\"@id\":\"https:\/\/skaitytaknyga.lt\/produktas\/bucikiukas-ir-pabaisa\/#primaryimage\",\"url\":\"https:\/\/skaitytaknyga.lt\/wp-content\/uploads\/2024\/12\/Bucikiukas-ir-pabaisa.webp\",\"contentUrl\":\"https:\/\/skaitytaknyga.lt\/wp-content\/uploads\/2024\/12\/Bucikiukas-ir-pabaisa.webp\",\"width\":543,\"height\":507,\"caption\":\"Bucikiukas ir pabaisa\"},{\"@type\":\"BreadcrumbList\",\"@id\":\"https:\/\/skaitytaknyga.lt\/produktas\/bucikiukas-ir-pabaisa\/#breadcrumb\",\"itemListElement\":[{\"@type\":\"ListItem\",\"position\":1,\"name\":\"Home\",\"item\":\"https:\/\/skaitytaknyga.lt\/\"},{\"@type\":\"ListItem\",\"position\":2,\"name\":\"Parduotuv\u0117\",\"item\":\"https:\/\/skaitytaknyga.lt\/knygu-parduotuve\/\"},{\"@type\":\"ListItem\",\"position\":3,\"name\":\"Bucikiukas ir pabaisa\"}]},{\"@type\":\"WebSite\",\"@id\":\"https:\/\/skaitytaknyga.lt\/#website\",\"url\":\"https:\/\/skaitytaknyga.lt\/\",\"name\":\"skaitytaknyga.lt\",\"description\":\"Skaitytaknyga.lt \u2013 tai ma\u017eas \u0161eimos verslas, kuris prasid\u0117jo nuo meil\u0117s knygoms ir siekio i\u0161gelb\u0117ti knygas nuo likimo prie konteinerio. Kas vienam nereikalingas daiktas \u2013 kitam lobis, o mes esame tarpininkai, kurie padeda abiems tapti laimingesniems ???? \u017dinome kaip nelengva i\u0161gyventi ma\u017eiems verslams, tad nuo \u0161iol, \u010dia rasite ir kit\u0173, ma\u017e\u0173 \u0161eim\u0173 versl\u0173, rank\u0173 darbo, dovan\u0173 sau ir artimiesiems.\",\"publisher\":{\"@id\":\"https:\/\/skaitytaknyga.lt\/#organization\"},\"potentialAction\":[{\"@type\":\"SearchAction\",\"target\":{\"@type\":\"EntryPoint\",\"urlTemplate\":\"https:\/\/skaitytaknyga.lt\/?s={search_term_string}\"},\"query-input\":{\"@type\":\"PropertyValueSpecification\",\"valueRequired\":true,\"valueName\":\"search_term_string\"}}],\"inLanguage\":\"en-GB\"},{\"@type\":\"Organization\",\"@id\":\"https:\/\/skaitytaknyga.lt\/#organization\",\"name\":\"skaitytaknyga.lt\",\"url\":\"https:\/\/skaitytaknyga.lt\/\",\"logo\":{\"@type\":\"ImageObject\",\"inLanguage\":\"en-GB\",\"@id\":\"https:\/\/skaitytaknyga.lt\/#\/schema\/logo\/image\/\",\"url\":\"https:\/\/skaitytaknyga.lt\/wp-content\/uploads\/2024\/05\/cropped-cropped-cropped-02_00843_jt3bggkj1j3HLc7SyY6rEUpg.jpeg\",\"contentUrl\":\"https:\/\/skaitytaknyga.lt\/wp-content\/uploads\/2024\/05\/cropped-cropped-cropped-02_00843_jt3bggkj1j3HLc7SyY6rEUpg.jpeg\",\"width\":1600,\"height\":1600,\"caption\":\"skaitytaknyga.lt\"},\"image\":{\"@id\":\"https:\/\/skaitytaknyga.lt\/#\/schema\/logo\/image\/\"},\"sameAs\":[\"https:\/\/www.facebook.com\/skaitytaknyga\/\"]}]}<\/script>\n<!-- \/ Yoast SEO plugin. -->","yoast_head_json":{"title":"Bucikiukas ir pabaisa","description":"\u201eBucikiukas ir pabaisa\u201c \u2013 pirmoji \u017eaidybin\u0117 knyga Lietuvoje! Tai literat\u016brin\u0117 pasaka, edukacin\u0117 paveiksl\u0117li\u0173 knyga su \u017eaidimais ir u\u017eduotimis. Knyga","robots":{"index":"index","follow":"follow","max-snippet":"max-snippet:-1","max-image-preview":"max-image-preview:large","max-video-preview":"max-video-preview:-1"},"canonical":"https:\/\/skaitytaknyga.lt\/en\/produktas\/bucikiukas-ir-pabaisa\/","og_locale":"en_GB","og_type":"article","og_title":"[:lt]Bucikiukas ir pabaisa[:] - Skaitytaknyga","og_description":"\u201eBucikiukas ir pabaisa\u201c \u2013 pirmoji \u017eaidybin\u0117 knyga Lietuvoje! Tai literat\u016brin\u0117 pasaka, edukacin\u0117 paveiksl\u0117li\u0173 knyga su \u017eaidimais ir u\u017eduotimis. Knyga","og_url":"https:\/\/skaitytaknyga.lt\/en\/produktas\/bucikiukas-ir-pabaisa\/","og_site_name":"Skaitytaknyga","article_publisher":"https:\/\/www.facebook.com\/skaitytaknyga\/","article_modified_time":"2026-03-10T08:17:54+00:00","og_image":[{"width":543,"height":507,"url":"https:\/\/skaitytaknyga.lt\/wp-content\/uploads\/2024\/12\/Bucikiukas-ir-pabaisa.webp","type":"image\/webp"}],"twitter_card":"summary_large_image","twitter_misc":{"Estimated reading time":"1 minute"},"schema":{"@context":"https:\/\/schema.org","@graph":[{"@type":"WebPage","@id":"https:\/\/skaitytaknyga.lt\/produktas\/bucikiukas-ir-pabaisa\/","url":"https:\/\/skaitytaknyga.lt\/produktas\/bucikiukas-ir-pabaisa\/","name":"Bucikiukas ir pabaisa","isPartOf":{"@id":"https:\/\/skaitytaknyga.lt\/#website"},"primaryImageOfPage":{"@id":"https:\/\/skaitytaknyga.lt\/produktas\/bucikiukas-ir-pabaisa\/#primaryimage"},"image":{"@id":"https:\/\/skaitytaknyga.lt\/produktas\/bucikiukas-ir-pabaisa\/#primaryimage"},"thumbnailUrl":"https:\/\/skaitytaknyga.lt\/wp-content\/uploads\/2024\/12\/Bucikiukas-ir-pabaisa.webp","datePublished":"2024-12-20T17:49:29+00:00","dateModified":"2026-03-10T08:17:54+00:00","description":"\u201eBucikiukas ir pabaisa\u201c \u2013 pirmoji \u017eaidybin\u0117 knyga Lietuvoje! Tai literat\u016brin\u0117 pasaka, edukacin\u0117 paveiksl\u0117li\u0173 knyga su \u017eaidimais ir u\u017eduotimis. Knyga","breadcrumb":{"@id":"https:\/\/skaitytaknyga.lt\/produktas\/bucikiukas-ir-pabaisa\/#breadcrumb"},"inLanguage":"en-GB","potentialAction":[{"@type":"ReadAction","target":["https:\/\/skaitytaknyga.lt\/produktas\/bucikiukas-ir-pabaisa\/"]}]},{"@type":"ImageObject","inLanguage":"en-GB","@id":"https:\/\/skaitytaknyga.lt\/produktas\/bucikiukas-ir-pabaisa\/#primaryimage","url":"https:\/\/skaitytaknyga.lt\/wp-content\/uploads\/2024\/12\/Bucikiukas-ir-pabaisa.webp","contentUrl":"https:\/\/skaitytaknyga.lt\/wp-content\/uploads\/2024\/12\/Bucikiukas-ir-pabaisa.webp","width":543,"height":507,"caption":"Bucikiukas ir pabaisa"},{"@type":"BreadcrumbList","@id":"https:\/\/skaitytaknyga.lt\/produktas\/bucikiukas-ir-pabaisa\/#breadcrumb","itemListElement":[{"@type":"ListItem","position":1,"name":"Home","item":"https:\/\/skaitytaknyga.lt\/"},{"@type":"ListItem","position":2,"name":"Parduotuv\u0117","item":"https:\/\/skaitytaknyga.lt\/knygu-parduotuve\/"},{"@type":"ListItem","position":3,"name":"Bucikiukas ir pabaisa"}]},{"@type":"WebSite","@id":"https:\/\/skaitytaknyga.lt\/#website","url":"https:\/\/skaitytaknyga.lt\/","name":"skaitytaknyga.lt","description":"Skaitytaknyga.lt \u2013 tai ma\u017eas \u0161eimos verslas, kuris prasid\u0117jo nuo meil\u0117s knygoms ir siekio i\u0161gelb\u0117ti knygas nuo likimo prie konteinerio. Kas vienam nereikalingas daiktas \u2013 kitam lobis, o mes esame tarpininkai, kurie padeda abiems tapti laimingesniems ???? \u017dinome kaip nelengva i\u0161gyventi ma\u017eiems verslams, tad nuo \u0161iol, \u010dia rasite ir kit\u0173, ma\u017e\u0173 \u0161eim\u0173 versl\u0173, rank\u0173 darbo, dovan\u0173 sau ir artimiesiems.","publisher":{"@id":"https:\/\/skaitytaknyga.lt\/#organization"},"potentialAction":[{"@type":"SearchAction","target":{"@type":"EntryPoint","urlTemplate":"https:\/\/skaitytaknyga.lt\/?s={search_term_string}"},"query-input":{"@type":"PropertyValueSpecification","valueRequired":true,"valueName":"search_term_string"}}],"inLanguage":"en-GB"},{"@type":"Organization","@id":"https:\/\/skaitytaknyga.lt\/#organization","name":"skaitytaknyga.lt","url":"https:\/\/skaitytaknyga.lt\/","logo":{"@type":"ImageObject","inLanguage":"en-GB","@id":"https:\/\/skaitytaknyga.lt\/#\/schema\/logo\/image\/","url":"https:\/\/skaitytaknyga.lt\/wp-content\/uploads\/2024\/05\/cropped-cropped-cropped-02_00843_jt3bggkj1j3HLc7SyY6rEUpg.jpeg","contentUrl":"https:\/\/skaitytaknyga.lt\/wp-content\/uploads\/2024\/05\/cropped-cropped-cropped-02_00843_jt3bggkj1j3HLc7SyY6rEUpg.jpeg","width":1600,"height":1600,"caption":"skaitytaknyga.lt"},"image":{"@id":"https:\/\/skaitytaknyga.lt\/#\/schema\/logo\/image\/"},"sameAs":["https:\/\/www.facebook.com\/skaitytaknyga\/"]}]}},"_links":{"self":[{"href":"https:\/\/skaitytaknyga.lt\/en\/wp-json\/wp\/v2\/product\/15651","targetHints":{"allow":["GET"]}}],"collection":[{"href":"https:\/\/skaitytaknyga.lt\/en\/wp-json\/wp\/v2\/product"}],"about":[{"href":"https:\/\/skaitytaknyga.lt\/en\/wp-json\/wp\/v2\/types\/product"}],"replies":[{"embeddable":true,"href":"https:\/\/skaitytaknyga.lt\/en\/wp-json\/wp\/v2\/comments?post=15651"}],"wp:featuredmedia":[{"embeddable":true,"href":"https:\/\/skaitytaknyga.lt\/en\/wp-json\/wp\/v2\/media\/15725"}],"wp:attachment":[{"href":"https:\/\/skaitytaknyga.lt\/en\/wp-json\/wp\/v2\/media?parent=15651"}],"wp:term":[{"taxonomy":"product_brand","embeddable":true,"href":"https:\/\/skaitytaknyga.lt\/en\/wp-json\/wp\/v2\/product_brand?post=15651"},{"taxonomy":"product_cat","embeddable":true,"href":"https:\/\/skaitytaknyga.lt\/en\/wp-json\/wp\/v2\/product_cat?post=15651"},{"taxonomy":"product_tag","embeddable":true,"href":"https:\/\/skaitytaknyga.lt\/en\/wp-json\/wp\/v2\/product_tag?post=15651"}],"curies":[{"name":"wp","href":"https:\/\/api.w.org\/{rel}","templated":true}]}}