{"id":15650,"date":"2024-12-20T19:49:29","date_gmt":"2024-12-20T17:49:29","guid":{"rendered":"https:\/\/skaitytaknyga.lt\/?post_type=product&#038;p=15650"},"modified":"2026-03-18T11:09:41","modified_gmt":"2026-03-18T09:09:41","slug":"trys-muskietininkai-1-dalis","status":"publish","type":"product","link":"https:\/\/skaitytaknyga.lt\/en\/produktas\/trys-muskietininkai-1-dalis\/","title":{"rendered":"Trys mu\u0161kietininkai. 1 dalis"},"content":{"rendered":"<p>Jaunas gaskonas D`Artanjanas i\u0161vyksta \u012f Pary\u017ei\u0173 vydamasis savo svajon\u0119 \u2013 tapti karaliaus mu\u0161kietininku. Ta\u010diau \u012fvykiai pasisuka nenumatyta linkme ir jo rekomendacin\u012f lai\u0161k\u0105 pakeliui pavagia paslaptingas d\u017eentelmenas. Pirma diena mieste baigiasi dar pras\u010diau \u2013 jis i\u0161kvie\u010dia \u012f dvikov\u0105 tris vyrus, kurie, jo nelaimei, yra ne kas kita kaip mu\u0161kietininkai ir dar seni bi\u010diuliai \u2013 Atas, Potas ir Aramis. Ta\u010diau su\u017eav\u0117ti jaunuolio dvasios ir ry\u017eto mu\u0161kietininkai priima D`Artanjan\u0105 \u012f savo rat\u0105 ir \u012ftraukia \u012f pain\u0173 s\u0105moksl\u0173, politikos, kovos d\u0117l vald\u017eios tarp galingiausi\u0173 to meto \u017emoni\u0173 \u2013 kardinolo Ri\u0161elj\u0117, Onos Austrijiet\u0117s ir Bakingamo hercogo \u2013 labirint\u0105. Gra\u017eios ir mirtinai pavojingos moterys, ne\u012fkainojamos brangenyb\u0117s, skandalingos paslaptys \u2013 viskas virsta nutr\u016bktgalvi\u0161ku nuotykiu, kuriuo bus i\u0161m\u0117gintas kar\u0161takraujis gaskonas. Ar jam pavyks apginti karali\u0173, i\u0161saugoti karalien\u0117s garb\u0119 ir pelnyti viet\u0105 tarp \u0161loving\u0173j\u0173 karaliaus sargybini\u0173?<\/p>\n","protected":false},"excerpt":{"rendered":"<p>Jaunas gaskonas D`Artanjanas i\u0161vyksta \u012f Pary\u017ei\u0173 vydamasis savo svajon\u0119 \u2013 tapti karaliaus mu\u0161kietininku. Ta\u010diau \u012fvykiai pasisuka nenumatyta linkme ir jo rekomendacin\u012f lai\u0161k\u0105 pakeliui pavagia paslaptingas d\u017eentelmenas. Pirma diena mieste baigiasi dar pras\u010diau \u2013 jis i\u0161kvie\u010dia \u012f dvikov\u0105 tris vyrus, kurie, jo nelaimei, yra ne kas kita kaip mu\u0161kietininkai ir dar seni bi\u010diuliai \u2013 Atas, Potas ir Aramis. Ta\u010diau su\u017eav\u0117ti jaunuolio dvasios ir ry\u017eto mu\u0161kietininkai priima D`Artanjan\u0105 \u012f savo rat\u0105 ir \u012ftraukia \u012f pain\u0173 s\u0105moksl\u0173, politikos, kovos d\u0117l vald\u017eios tarp galingiausi\u0173 to meto \u017emoni\u0173 \u2013 kardinolo Ri\u0161elj\u0117, Onos Austrijiet\u0117s ir Bakingamo hercogo \u2013 labirint\u0105. Gra\u017eios ir mirtinai pavojingos moterys, ne\u012fkainojamos brangenyb\u0117s, skandalingos paslaptys \u2013 viskas virsta nutr\u016bktgalvi\u0161ku nuotykiu, kuriuo bus i\u0161m\u0117gintas kar\u0161takraujis gaskonas. Ar jam pavyks apginti karali\u0173, i\u0161saugoti karalien\u0117s garb\u0119 ir pelnyti viet\u0105 tarp \u0161loving\u0173j\u0173 karaliaus sargybini\u0173?<\/p>\n","protected":false},"featured_media":15726,"comment_status":"open","ping_status":"closed","template":"","meta":{"_acf_changed":false,"site-sidebar-layout":"default","site-content-layout":"","ast-site-content-layout":"default","site-content-style":"default","site-sidebar-style":"default","ast-global-header-display":"","ast-banner-title-visibility":"","ast-main-header-display":"","ast-hfb-above-header-display":"","ast-hfb-below-header-display":"","ast-hfb-mobile-header-display":"","site-post-title":"","ast-breadcrumbs-content":"","ast-featured-img":"","footer-sml-layout":"","ast-disable-related-posts":"","theme-transparent-header-meta":"default","adv-header-id-meta":"","stick-header-meta":"","header-above-stick-meta":"","header-main-stick-meta":"","header-below-stick-meta":"","astra-migrate-meta-layouts":"set","ast-page-background-enabled":"default","ast-page-background-meta":{"desktop":{"background-color":"","background-image":"","background-repeat":"repeat","background-position":"center center","background-size":"auto","background-attachment":"scroll","background-type":"","background-media":"","overlay-type":"","overlay-color":"","overlay-opacity":"","overlay-gradient":""},"tablet":{"background-color":"","background-image":"","background-repeat":"repeat","background-position":"center center","background-size":"auto","background-attachment":"scroll","background-type":"","background-media":"","overlay-type":"","overlay-color":"","overlay-opacity":"","overlay-gradient":""},"mobile":{"background-color":"","background-image":"","background-repeat":"repeat","background-position":"center center","background-size":"auto","background-attachment":"scroll","background-type":"","background-media":"","overlay-type":"","overlay-color":"","overlay-opacity":"","overlay-gradient":""}},"ast-content-background-meta":{"desktop":{"background-color":"var(--ast-global-color-4)","background-image":"","background-repeat":"repeat","background-position":"center center","background-size":"auto","background-attachment":"scroll","background-type":"","background-media":"","overlay-type":"","overlay-color":"","overlay-opacity":"","overlay-gradient":""},"tablet":{"background-color":"var(--ast-global-color-4)","background-image":"","background-repeat":"repeat","background-position":"center center","background-size":"auto","background-attachment":"scroll","background-type":"","background-media":"","overlay-type":"","overlay-color":"","overlay-opacity":"","overlay-gradient":""},"mobile":{"background-color":"var(--ast-global-color-4)","background-image":"","background-repeat":"repeat","background-position":"center center","background-size":"auto","background-attachment":"scroll","background-type":"","background-media":"","overlay-type":"","overlay-color":"","overlay-opacity":"","overlay-gradient":""}}},"product_brand":[],"product_cat":[28],"product_tag":[],"class_list":{"0":"post-15650","1":"product","2":"type-product","3":"status-publish","4":"has-post-thumbnail","6":"product_cat-klasika","7":"desktop-align-left","8":"tablet-align-left","9":"mobile-align-left","11":"first","12":"outofstock","13":"shipping-taxable","14":"purchasable","15":"product-type-simple"},"acf":[],"yoast_head":"<!-- This site is optimized with the Yoast SEO plugin v27.0 - https:\/\/yoast.com\/product\/yoast-seo-wordpress\/ -->\n<title>Trys mu\u0161kietininkai. 1 dalis<\/title>\n<meta name=\"description\" content=\"Jaunas gaskonas D`Artanjanas i\u0161vyksta \u012f Pary\u017ei\u0173 vydamasis savo svajon\u0119 \u2013 tapti karaliaus mu\u0161kietininku. Ta\u010diau \u012fvykiai pasisuka nenumatyta linkme ir jo\" \/>\n<meta name=\"robots\" content=\"index, follow, max-snippet:-1, max-image-preview:large, max-video-preview:-1\" \/>\n<link rel=\"canonical\" href=\"https:\/\/skaitytaknyga.lt\/en\/produktas\/trys-muskietininkai-1-dalis\/\" \/>\n<meta property=\"og:locale\" content=\"en_GB\" \/>\n<meta property=\"og:locale:alternate\" content=\"lt_LT\" \/>\n<meta property=\"og:type\" content=\"article\" \/>\n<meta property=\"og:title\" content=\"Trys mu\u0161kietininkai. 1 dalis\" \/>\n<meta property=\"og:description\" content=\"Jaunas gaskonas D`Artanjanas i\u0161vyksta \u012f Pary\u017ei\u0173 vydamasis savo svajon\u0119 \u2013 tapti karaliaus mu\u0161kietininku. Ta\u010diau \u012fvykiai pasisuka nenumatyta linkme ir jo\" \/>\n<meta property=\"og:url\" content=\"https:\/\/skaitytaknyga.lt\/en\/produktas\/trys-muskietininkai-1-dalis\/\" \/>\n<meta property=\"og:site_name\" content=\"Skaitytaknyga\" \/>\n<meta property=\"article:publisher\" content=\"https:\/\/www.facebook.com\/skaitytaknyga\/\" \/>\n<meta property=\"article:modified_time\" content=\"2026-03-18T09:09:41+00:00\" \/>\n<meta property=\"og:image\" content=\"https:\/\/skaitytaknyga.lt\/wp-content\/uploads\/2024\/12\/Trys-muskietininkai.-1-dalis.webp\" \/>\n\t<meta property=\"og:image:width\" content=\"535\" \/>\n\t<meta property=\"og:image:height\" content=\"800\" \/>\n\t<meta property=\"og:image:type\" content=\"image\/webp\" \/>\n<meta name=\"twitter:card\" content=\"summary_large_image\" \/>\n<meta name=\"twitter:label1\" content=\"Estimated reading time\" \/>\n\t<meta name=\"twitter:data1\" content=\"1 minute\" \/>\n<script type=\"application\/ld+json\" class=\"yoast-schema-graph\">{\"@context\":\"https:\/\/schema.org\",\"@graph\":[{\"@type\":\"WebPage\",\"@id\":\"https:\/\/skaitytaknyga.lt\/produktas\/trys-muskietininkai-1-dalis\/\",\"url\":\"https:\/\/skaitytaknyga.lt\/produktas\/trys-muskietininkai-1-dalis\/\",\"name\":\"Trys mu\u0161kietininkai. 1 dalis\",\"isPartOf\":{\"@id\":\"https:\/\/skaitytaknyga.lt\/#website\"},\"primaryImageOfPage\":{\"@id\":\"https:\/\/skaitytaknyga.lt\/produktas\/trys-muskietininkai-1-dalis\/#primaryimage\"},\"image\":{\"@id\":\"https:\/\/skaitytaknyga.lt\/produktas\/trys-muskietininkai-1-dalis\/#primaryimage\"},\"thumbnailUrl\":\"https:\/\/skaitytaknyga.lt\/wp-content\/uploads\/2024\/12\/Trys-muskietininkai.-1-dalis.webp\",\"datePublished\":\"2024-12-20T17:49:29+00:00\",\"dateModified\":\"2026-03-18T09:09:41+00:00\",\"description\":\"Jaunas gaskonas D`Artanjanas i\u0161vyksta \u012f Pary\u017ei\u0173 vydamasis savo svajon\u0119 \u2013 tapti karaliaus mu\u0161kietininku. Ta\u010diau \u012fvykiai pasisuka nenumatyta linkme ir jo\",\"breadcrumb\":{\"@id\":\"https:\/\/skaitytaknyga.lt\/produktas\/trys-muskietininkai-1-dalis\/#breadcrumb\"},\"inLanguage\":\"en-GB\",\"potentialAction\":[{\"@type\":\"ReadAction\",\"target\":[\"https:\/\/skaitytaknyga.lt\/produktas\/trys-muskietininkai-1-dalis\/\"]}]},{\"@type\":\"ImageObject\",\"inLanguage\":\"en-GB\",\"@id\":\"https:\/\/skaitytaknyga.lt\/produktas\/trys-muskietininkai-1-dalis\/#primaryimage\",\"url\":\"https:\/\/skaitytaknyga.lt\/wp-content\/uploads\/2024\/12\/Trys-muskietininkai.-1-dalis.webp\",\"contentUrl\":\"https:\/\/skaitytaknyga.lt\/wp-content\/uploads\/2024\/12\/Trys-muskietininkai.-1-dalis.webp\",\"width\":535,\"height\":800,\"caption\":\"Trys mu\u0161kietininkai. 1 dalis\"},{\"@type\":\"BreadcrumbList\",\"@id\":\"https:\/\/skaitytaknyga.lt\/produktas\/trys-muskietininkai-1-dalis\/#breadcrumb\",\"itemListElement\":[{\"@type\":\"ListItem\",\"position\":1,\"name\":\"Home\",\"item\":\"https:\/\/skaitytaknyga.lt\/\"},{\"@type\":\"ListItem\",\"position\":2,\"name\":\"Parduotuv\u0117\",\"item\":\"https:\/\/skaitytaknyga.lt\/knygu-parduotuve\/\"},{\"@type\":\"ListItem\",\"position\":3,\"name\":\"Trys mu\u0161kietininkai. 1 dalis\"}]},{\"@type\":\"WebSite\",\"@id\":\"https:\/\/skaitytaknyga.lt\/#website\",\"url\":\"https:\/\/skaitytaknyga.lt\/\",\"name\":\"skaitytaknyga.lt\",\"description\":\"Skaitytaknyga.lt \u2013 tai ma\u017eas \u0161eimos verslas, kuris prasid\u0117jo nuo meil\u0117s knygoms ir siekio i\u0161gelb\u0117ti knygas nuo likimo prie konteinerio. Kas vienam nereikalingas daiktas \u2013 kitam lobis, o mes esame tarpininkai, kurie padeda abiems tapti laimingesniems ???? \u017dinome kaip nelengva i\u0161gyventi ma\u017eiems verslams, tad nuo \u0161iol, \u010dia rasite ir kit\u0173, ma\u017e\u0173 \u0161eim\u0173 versl\u0173, rank\u0173 darbo, dovan\u0173 sau ir artimiesiems.\",\"publisher\":{\"@id\":\"https:\/\/skaitytaknyga.lt\/#organization\"},\"potentialAction\":[{\"@type\":\"SearchAction\",\"target\":{\"@type\":\"EntryPoint\",\"urlTemplate\":\"https:\/\/skaitytaknyga.lt\/?s={search_term_string}\"},\"query-input\":{\"@type\":\"PropertyValueSpecification\",\"valueRequired\":true,\"valueName\":\"search_term_string\"}}],\"inLanguage\":\"en-GB\"},{\"@type\":\"Organization\",\"@id\":\"https:\/\/skaitytaknyga.lt\/#organization\",\"name\":\"skaitytaknyga.lt\",\"url\":\"https:\/\/skaitytaknyga.lt\/\",\"logo\":{\"@type\":\"ImageObject\",\"inLanguage\":\"en-GB\",\"@id\":\"https:\/\/skaitytaknyga.lt\/#\/schema\/logo\/image\/\",\"url\":\"https:\/\/skaitytaknyga.lt\/wp-content\/uploads\/2024\/05\/cropped-cropped-cropped-02_00843_jt3bggkj1j3HLc7SyY6rEUpg.jpeg\",\"contentUrl\":\"https:\/\/skaitytaknyga.lt\/wp-content\/uploads\/2024\/05\/cropped-cropped-cropped-02_00843_jt3bggkj1j3HLc7SyY6rEUpg.jpeg\",\"width\":1600,\"height\":1600,\"caption\":\"skaitytaknyga.lt\"},\"image\":{\"@id\":\"https:\/\/skaitytaknyga.lt\/#\/schema\/logo\/image\/\"},\"sameAs\":[\"https:\/\/www.facebook.com\/skaitytaknyga\/\"]}]}<\/script>\n<!-- \/ Yoast SEO plugin. -->","yoast_head_json":{"title":"Trys mu\u0161kietininkai. 1 dalis","description":"Jaunas gaskonas D`Artanjanas i\u0161vyksta \u012f Pary\u017ei\u0173 vydamasis savo svajon\u0119 \u2013 tapti karaliaus mu\u0161kietininku. Ta\u010diau \u012fvykiai pasisuka nenumatyta linkme ir jo","robots":{"index":"index","follow":"follow","max-snippet":"max-snippet:-1","max-image-preview":"max-image-preview:large","max-video-preview":"max-video-preview:-1"},"canonical":"https:\/\/skaitytaknyga.lt\/en\/produktas\/trys-muskietininkai-1-dalis\/","og_locale":"en_GB","og_type":"article","og_title":"[:lt]Trys mu\u0161kietininkai. 1 dalis[:] - Skaitytaknyga","og_description":"Jaunas gaskonas D`Artanjanas i\u0161vyksta \u012f Pary\u017ei\u0173 vydamasis savo svajon\u0119 \u2013 tapti karaliaus mu\u0161kietininku. Ta\u010diau \u012fvykiai pasisuka nenumatyta linkme ir jo","og_url":"https:\/\/skaitytaknyga.lt\/en\/produktas\/trys-muskietininkai-1-dalis\/","og_site_name":"Skaitytaknyga","article_publisher":"https:\/\/www.facebook.com\/skaitytaknyga\/","article_modified_time":"2026-03-18T09:09:41+00:00","og_image":[{"width":535,"height":800,"url":"https:\/\/skaitytaknyga.lt\/wp-content\/uploads\/2024\/12\/Trys-muskietininkai.-1-dalis.webp","type":"image\/webp"}],"twitter_card":"summary_large_image","twitter_misc":{"Estimated reading time":"1 minute"},"schema":{"@context":"https:\/\/schema.org","@graph":[{"@type":"WebPage","@id":"https:\/\/skaitytaknyga.lt\/produktas\/trys-muskietininkai-1-dalis\/","url":"https:\/\/skaitytaknyga.lt\/produktas\/trys-muskietininkai-1-dalis\/","name":"Trys mu\u0161kietininkai. 1 dalis","isPartOf":{"@id":"https:\/\/skaitytaknyga.lt\/#website"},"primaryImageOfPage":{"@id":"https:\/\/skaitytaknyga.lt\/produktas\/trys-muskietininkai-1-dalis\/#primaryimage"},"image":{"@id":"https:\/\/skaitytaknyga.lt\/produktas\/trys-muskietininkai-1-dalis\/#primaryimage"},"thumbnailUrl":"https:\/\/skaitytaknyga.lt\/wp-content\/uploads\/2024\/12\/Trys-muskietininkai.-1-dalis.webp","datePublished":"2024-12-20T17:49:29+00:00","dateModified":"2026-03-18T09:09:41+00:00","description":"Jaunas gaskonas D`Artanjanas i\u0161vyksta \u012f Pary\u017ei\u0173 vydamasis savo svajon\u0119 \u2013 tapti karaliaus mu\u0161kietininku. Ta\u010diau \u012fvykiai pasisuka nenumatyta linkme ir jo","breadcrumb":{"@id":"https:\/\/skaitytaknyga.lt\/produktas\/trys-muskietininkai-1-dalis\/#breadcrumb"},"inLanguage":"en-GB","potentialAction":[{"@type":"ReadAction","target":["https:\/\/skaitytaknyga.lt\/produktas\/trys-muskietininkai-1-dalis\/"]}]},{"@type":"ImageObject","inLanguage":"en-GB","@id":"https:\/\/skaitytaknyga.lt\/produktas\/trys-muskietininkai-1-dalis\/#primaryimage","url":"https:\/\/skaitytaknyga.lt\/wp-content\/uploads\/2024\/12\/Trys-muskietininkai.-1-dalis.webp","contentUrl":"https:\/\/skaitytaknyga.lt\/wp-content\/uploads\/2024\/12\/Trys-muskietininkai.-1-dalis.webp","width":535,"height":800,"caption":"Trys mu\u0161kietininkai. 1 dalis"},{"@type":"BreadcrumbList","@id":"https:\/\/skaitytaknyga.lt\/produktas\/trys-muskietininkai-1-dalis\/#breadcrumb","itemListElement":[{"@type":"ListItem","position":1,"name":"Home","item":"https:\/\/skaitytaknyga.lt\/"},{"@type":"ListItem","position":2,"name":"Parduotuv\u0117","item":"https:\/\/skaitytaknyga.lt\/knygu-parduotuve\/"},{"@type":"ListItem","position":3,"name":"Trys mu\u0161kietininkai. 1 dalis"}]},{"@type":"WebSite","@id":"https:\/\/skaitytaknyga.lt\/#website","url":"https:\/\/skaitytaknyga.lt\/","name":"skaitytaknyga.lt","description":"Skaitytaknyga.lt \u2013 tai ma\u017eas \u0161eimos verslas, kuris prasid\u0117jo nuo meil\u0117s knygoms ir siekio i\u0161gelb\u0117ti knygas nuo likimo prie konteinerio. Kas vienam nereikalingas daiktas \u2013 kitam lobis, o mes esame tarpininkai, kurie padeda abiems tapti laimingesniems ???? \u017dinome kaip nelengva i\u0161gyventi ma\u017eiems verslams, tad nuo \u0161iol, \u010dia rasite ir kit\u0173, ma\u017e\u0173 \u0161eim\u0173 versl\u0173, rank\u0173 darbo, dovan\u0173 sau ir artimiesiems.","publisher":{"@id":"https:\/\/skaitytaknyga.lt\/#organization"},"potentialAction":[{"@type":"SearchAction","target":{"@type":"EntryPoint","urlTemplate":"https:\/\/skaitytaknyga.lt\/?s={search_term_string}"},"query-input":{"@type":"PropertyValueSpecification","valueRequired":true,"valueName":"search_term_string"}}],"inLanguage":"en-GB"},{"@type":"Organization","@id":"https:\/\/skaitytaknyga.lt\/#organization","name":"skaitytaknyga.lt","url":"https:\/\/skaitytaknyga.lt\/","logo":{"@type":"ImageObject","inLanguage":"en-GB","@id":"https:\/\/skaitytaknyga.lt\/#\/schema\/logo\/image\/","url":"https:\/\/skaitytaknyga.lt\/wp-content\/uploads\/2024\/05\/cropped-cropped-cropped-02_00843_jt3bggkj1j3HLc7SyY6rEUpg.jpeg","contentUrl":"https:\/\/skaitytaknyga.lt\/wp-content\/uploads\/2024\/05\/cropped-cropped-cropped-02_00843_jt3bggkj1j3HLc7SyY6rEUpg.jpeg","width":1600,"height":1600,"caption":"skaitytaknyga.lt"},"image":{"@id":"https:\/\/skaitytaknyga.lt\/#\/schema\/logo\/image\/"},"sameAs":["https:\/\/www.facebook.com\/skaitytaknyga\/"]}]}},"_links":{"self":[{"href":"https:\/\/skaitytaknyga.lt\/en\/wp-json\/wp\/v2\/product\/15650","targetHints":{"allow":["GET"]}}],"collection":[{"href":"https:\/\/skaitytaknyga.lt\/en\/wp-json\/wp\/v2\/product"}],"about":[{"href":"https:\/\/skaitytaknyga.lt\/en\/wp-json\/wp\/v2\/types\/product"}],"replies":[{"embeddable":true,"href":"https:\/\/skaitytaknyga.lt\/en\/wp-json\/wp\/v2\/comments?post=15650"}],"wp:featuredmedia":[{"embeddable":true,"href":"https:\/\/skaitytaknyga.lt\/en\/wp-json\/wp\/v2\/media\/15726"}],"wp:attachment":[{"href":"https:\/\/skaitytaknyga.lt\/en\/wp-json\/wp\/v2\/media?parent=15650"}],"wp:term":[{"taxonomy":"product_brand","embeddable":true,"href":"https:\/\/skaitytaknyga.lt\/en\/wp-json\/wp\/v2\/product_brand?post=15650"},{"taxonomy":"product_cat","embeddable":true,"href":"https:\/\/skaitytaknyga.lt\/en\/wp-json\/wp\/v2\/product_cat?post=15650"},{"taxonomy":"product_tag","embeddable":true,"href":"https:\/\/skaitytaknyga.lt\/en\/wp-json\/wp\/v2\/product_tag?post=15650"}],"curies":[{"name":"wp","href":"https:\/\/api.w.org\/{rel}","templated":true}]}}