{"id":15646,"date":"2024-12-20T17:07:19","date_gmt":"2024-12-20T15:07:19","guid":{"rendered":"https:\/\/skaitytaknyga.lt\/?post_type=product&#038;p=15646"},"modified":"2026-03-05T16:11:18","modified_gmt":"2026-03-05T14:11:18","slug":"broliu-grimu-graziausios-pasakos","status":"publish","type":"product","link":"https:\/\/skaitytaknyga.lt\/en\/produktas\/broliu-grimu-graziausios-pasakos\/","title":{"rendered":"Broli\u0173 Grim\u0173 gra\u017eiausios pasakos"},"content":{"rendered":"<p>Didel\u0117, dailiais pie\u0161iniais gausiai iliustruota knyga su trylika gra\u017eiausi\u0173 broli\u0173 Grim\u0173 pasak\u0173. Tekstas surinktas didel\u0117mis raid\u0117mis, kad knyg\u0105 nesunkiai gal\u0117t\u0173 skaityti dar neseniai ra\u0161to pramok\u0119 vaiku\u010diai, o taip pat ir ma\u017eyliai, kurie tik pradeda pa\u017einti raides. Rinkinyje rasite \u0161ias pasakas: \u201eJoniukas ir Grytut\u0117\u201d, \u201eRa\u017einis\u201d, \u201eBaltuol\u0117 ir Ro\u017eyt\u0117\u201d, \u201eVilkas ir septyni o\u017eiukai\u201d, \u201eKaralius Strazdabarzdis\u201d, \u201eRaudonkepurait\u0117\u201d, \u201eBroliukas ir sesut\u0117\u201d, \u201eBremeno muzikantai\u201d, \u201eLaimingasis Hansas\u201d, \u201epelen\u0117\u201d, \u201e\u017dvaig\u017ediniai taleriai\u201d, \u201eSnieguol\u0117 ir septyni nyk\u0161tukai\u201d, \u201eEr\u0161k\u0117tro\u017e\u0117\u201d.<\/p>\n","protected":false},"excerpt":{"rendered":"<p>Didel\u0117, dailiais pie\u0161iniais gausiai iliustruota knyga su trylika gra\u017eiausi\u0173 broli\u0173 Grim\u0173 pasak\u0173. Tekstas surinktas didel\u0117mis raid\u0117mis, kad knyg\u0105 nesunkiai gal\u0117t\u0173 skaityti dar neseniai ra\u0161to pramok\u0119 vaiku\u010diai, o taip pat ir ma\u017eyliai, kurie tik pradeda pa\u017einti raides. Rinkinyje rasite \u0161ias pasakas: \u201eJoniukas ir Grytut\u0117\u201d, \u201eRa\u017einis\u201d, \u201eBaltuol\u0117 ir Ro\u017eyt\u0117\u201d, \u201eVilkas ir septyni o\u017eiukai\u201d, \u201eKaralius Strazdabarzdis\u201d, \u201eRaudonkepurait\u0117\u201d, \u201eBroliukas ir sesut\u0117\u201d, \u201eBremeno muzikantai\u201d, \u201eLaimingasis Hansas\u201d, \u201epelen\u0117\u201d, \u201e\u017dvaig\u017ediniai taleriai\u201d, \u201eSnieguol\u0117 ir septyni nyk\u0161tukai\u201d, \u201eEr\u0161k\u0117tro\u017e\u0117\u201d.<\/p>\n","protected":false},"featured_media":15698,"comment_status":"open","ping_status":"closed","template":"","meta":{"_acf_changed":false,"site-sidebar-layout":"default","site-content-layout":"","ast-site-content-layout":"default","site-content-style":"default","site-sidebar-style":"default","ast-global-header-display":"","ast-banner-title-visibility":"","ast-main-header-display":"","ast-hfb-above-header-display":"","ast-hfb-below-header-display":"","ast-hfb-mobile-header-display":"","site-post-title":"","ast-breadcrumbs-content":"","ast-featured-img":"","footer-sml-layout":"","ast-disable-related-posts":"","theme-transparent-header-meta":"default","adv-header-id-meta":"","stick-header-meta":"","header-above-stick-meta":"","header-main-stick-meta":"","header-below-stick-meta":"","astra-migrate-meta-layouts":"set","ast-page-background-enabled":"default","ast-page-background-meta":{"desktop":{"background-color":"","background-image":"","background-repeat":"repeat","background-position":"center center","background-size":"auto","background-attachment":"scroll","background-type":"","background-media":"","overlay-type":"","overlay-color":"","overlay-opacity":"","overlay-gradient":""},"tablet":{"background-color":"","background-image":"","background-repeat":"repeat","background-position":"center center","background-size":"auto","background-attachment":"scroll","background-type":"","background-media":"","overlay-type":"","overlay-color":"","overlay-opacity":"","overlay-gradient":""},"mobile":{"background-color":"","background-image":"","background-repeat":"repeat","background-position":"center center","background-size":"auto","background-attachment":"scroll","background-type":"","background-media":"","overlay-type":"","overlay-color":"","overlay-opacity":"","overlay-gradient":""}},"ast-content-background-meta":{"desktop":{"background-color":"var(--ast-global-color-4)","background-image":"","background-repeat":"repeat","background-position":"center center","background-size":"auto","background-attachment":"scroll","background-type":"","background-media":"","overlay-type":"","overlay-color":"","overlay-opacity":"","overlay-gradient":""},"tablet":{"background-color":"var(--ast-global-color-4)","background-image":"","background-repeat":"repeat","background-position":"center center","background-size":"auto","background-attachment":"scroll","background-type":"","background-media":"","overlay-type":"","overlay-color":"","overlay-opacity":"","overlay-gradient":""},"mobile":{"background-color":"var(--ast-global-color-4)","background-image":"","background-repeat":"repeat","background-position":"center center","background-size":"auto","background-attachment":"scroll","background-type":"","background-media":"","overlay-type":"","overlay-color":"","overlay-opacity":"","overlay-gradient":""}}},"product_brand":[],"product_cat":[9672],"product_tag":[],"class_list":{"0":"post-15646","1":"product","2":"type-product","3":"status-publish","4":"has-post-thumbnail","6":"product_cat-pasakos","7":"desktop-align-left","8":"tablet-align-left","9":"mobile-align-left","11":"first","12":"outofstock","13":"shipping-taxable","14":"purchasable","15":"product-type-simple"},"acf":[],"yoast_head":"<!-- This site is optimized with the Yoast SEO plugin v27.0 - https:\/\/yoast.com\/product\/yoast-seo-wordpress\/ -->\n<title>Broli\u0173 Grim\u0173 gra\u017eiausios pasakos<\/title>\n<meta name=\"description\" content=\"Didel\u0117, dailiais pie\u0161iniais gausiai iliustruota knyga su trylika gra\u017eiausi\u0173 broli\u0173 Grim\u0173 pasak\u0173. Tekstas surinktas didel\u0117mis raid\u0117mis, kad knyg\u0105 nesunkiai\" \/>\n<meta name=\"robots\" content=\"index, follow, max-snippet:-1, max-image-preview:large, max-video-preview:-1\" \/>\n<link rel=\"canonical\" href=\"https:\/\/skaitytaknyga.lt\/en\/produktas\/broliu-grimu-graziausios-pasakos\/\" \/>\n<meta property=\"og:locale\" content=\"en_GB\" \/>\n<meta property=\"og:locale:alternate\" content=\"lt_LT\" \/>\n<meta property=\"og:type\" content=\"article\" \/>\n<meta property=\"og:title\" content=\"Broli\u0173 Grim\u0173 gra\u017eiausios pasakos\" \/>\n<meta property=\"og:description\" content=\"Didel\u0117, dailiais pie\u0161iniais gausiai iliustruota knyga su trylika gra\u017eiausi\u0173 broli\u0173 Grim\u0173 pasak\u0173. Tekstas surinktas didel\u0117mis raid\u0117mis, kad knyg\u0105 nesunkiai\" \/>\n<meta property=\"og:url\" content=\"https:\/\/skaitytaknyga.lt\/en\/produktas\/broliu-grimu-graziausios-pasakos\/\" \/>\n<meta property=\"og:site_name\" content=\"Skaitytaknyga\" \/>\n<meta property=\"article:publisher\" content=\"https:\/\/www.facebook.com\/skaitytaknyga\/\" \/>\n<meta property=\"article:modified_time\" content=\"2026-03-05T14:11:18+00:00\" \/>\n<meta property=\"og:image\" content=\"https:\/\/skaitytaknyga.lt\/wp-content\/uploads\/2024\/12\/Broliu-Grimu-graziausios-pasakos.webp\" \/>\n\t<meta property=\"og:image:width\" content=\"1600\" \/>\n\t<meta property=\"og:image:height\" content=\"2288\" \/>\n\t<meta property=\"og:image:type\" content=\"image\/webp\" \/>\n<meta name=\"twitter:card\" content=\"summary_large_image\" \/>\n<meta name=\"twitter:label1\" content=\"Estimated reading time\" \/>\n\t<meta name=\"twitter:data1\" content=\"1 minute\" \/>\n<script type=\"application\/ld+json\" class=\"yoast-schema-graph\">{\"@context\":\"https:\/\/schema.org\",\"@graph\":[{\"@type\":\"WebPage\",\"@id\":\"https:\/\/skaitytaknyga.lt\/produktas\/broliu-grimu-graziausios-pasakos\/\",\"url\":\"https:\/\/skaitytaknyga.lt\/produktas\/broliu-grimu-graziausios-pasakos\/\",\"name\":\"Broli\u0173 Grim\u0173 gra\u017eiausios pasakos\",\"isPartOf\":{\"@id\":\"https:\/\/skaitytaknyga.lt\/#website\"},\"primaryImageOfPage\":{\"@id\":\"https:\/\/skaitytaknyga.lt\/produktas\/broliu-grimu-graziausios-pasakos\/#primaryimage\"},\"image\":{\"@id\":\"https:\/\/skaitytaknyga.lt\/produktas\/broliu-grimu-graziausios-pasakos\/#primaryimage\"},\"thumbnailUrl\":\"https:\/\/skaitytaknyga.lt\/wp-content\/uploads\/2024\/12\/Broliu-Grimu-graziausios-pasakos.webp\",\"datePublished\":\"2024-12-20T15:07:19+00:00\",\"dateModified\":\"2026-03-05T14:11:18+00:00\",\"description\":\"Didel\u0117, dailiais pie\u0161iniais gausiai iliustruota knyga su trylika gra\u017eiausi\u0173 broli\u0173 Grim\u0173 pasak\u0173. Tekstas surinktas didel\u0117mis raid\u0117mis, kad knyg\u0105 nesunkiai\",\"breadcrumb\":{\"@id\":\"https:\/\/skaitytaknyga.lt\/produktas\/broliu-grimu-graziausios-pasakos\/#breadcrumb\"},\"inLanguage\":\"en-GB\",\"potentialAction\":[{\"@type\":\"ReadAction\",\"target\":[\"https:\/\/skaitytaknyga.lt\/produktas\/broliu-grimu-graziausios-pasakos\/\"]}]},{\"@type\":\"ImageObject\",\"inLanguage\":\"en-GB\",\"@id\":\"https:\/\/skaitytaknyga.lt\/produktas\/broliu-grimu-graziausios-pasakos\/#primaryimage\",\"url\":\"https:\/\/skaitytaknyga.lt\/wp-content\/uploads\/2024\/12\/Broliu-Grimu-graziausios-pasakos.webp\",\"contentUrl\":\"https:\/\/skaitytaknyga.lt\/wp-content\/uploads\/2024\/12\/Broliu-Grimu-graziausios-pasakos.webp\",\"width\":1600,\"height\":2288,\"caption\":\"Broli\u0173 Grim\u0173 gra\u017eiausios pasakos\"},{\"@type\":\"BreadcrumbList\",\"@id\":\"https:\/\/skaitytaknyga.lt\/produktas\/broliu-grimu-graziausios-pasakos\/#breadcrumb\",\"itemListElement\":[{\"@type\":\"ListItem\",\"position\":1,\"name\":\"Home\",\"item\":\"https:\/\/skaitytaknyga.lt\/\"},{\"@type\":\"ListItem\",\"position\":2,\"name\":\"Parduotuv\u0117\",\"item\":\"https:\/\/skaitytaknyga.lt\/knygu-parduotuve\/\"},{\"@type\":\"ListItem\",\"position\":3,\"name\":\"Broli\u0173 Grim\u0173 gra\u017eiausios pasakos\"}]},{\"@type\":\"WebSite\",\"@id\":\"https:\/\/skaitytaknyga.lt\/#website\",\"url\":\"https:\/\/skaitytaknyga.lt\/\",\"name\":\"skaitytaknyga.lt\",\"description\":\"Skaitytaknyga.lt \u2013 tai ma\u017eas \u0161eimos verslas, kuris prasid\u0117jo nuo meil\u0117s knygoms ir siekio i\u0161gelb\u0117ti knygas nuo likimo prie konteinerio. Kas vienam nereikalingas daiktas \u2013 kitam lobis, o mes esame tarpininkai, kurie padeda abiems tapti laimingesniems ???? \u017dinome kaip nelengva i\u0161gyventi ma\u017eiems verslams, tad nuo \u0161iol, \u010dia rasite ir kit\u0173, ma\u017e\u0173 \u0161eim\u0173 versl\u0173, rank\u0173 darbo, dovan\u0173 sau ir artimiesiems.\",\"publisher\":{\"@id\":\"https:\/\/skaitytaknyga.lt\/#organization\"},\"potentialAction\":[{\"@type\":\"SearchAction\",\"target\":{\"@type\":\"EntryPoint\",\"urlTemplate\":\"https:\/\/skaitytaknyga.lt\/?s={search_term_string}\"},\"query-input\":{\"@type\":\"PropertyValueSpecification\",\"valueRequired\":true,\"valueName\":\"search_term_string\"}}],\"inLanguage\":\"en-GB\"},{\"@type\":\"Organization\",\"@id\":\"https:\/\/skaitytaknyga.lt\/#organization\",\"name\":\"skaitytaknyga.lt\",\"url\":\"https:\/\/skaitytaknyga.lt\/\",\"logo\":{\"@type\":\"ImageObject\",\"inLanguage\":\"en-GB\",\"@id\":\"https:\/\/skaitytaknyga.lt\/#\/schema\/logo\/image\/\",\"url\":\"https:\/\/skaitytaknyga.lt\/wp-content\/uploads\/2024\/05\/cropped-cropped-cropped-02_00843_jt3bggkj1j3HLc7SyY6rEUpg.jpeg\",\"contentUrl\":\"https:\/\/skaitytaknyga.lt\/wp-content\/uploads\/2024\/05\/cropped-cropped-cropped-02_00843_jt3bggkj1j3HLc7SyY6rEUpg.jpeg\",\"width\":1600,\"height\":1600,\"caption\":\"skaitytaknyga.lt\"},\"image\":{\"@id\":\"https:\/\/skaitytaknyga.lt\/#\/schema\/logo\/image\/\"},\"sameAs\":[\"https:\/\/www.facebook.com\/skaitytaknyga\/\"]}]}<\/script>\n<!-- \/ Yoast SEO plugin. -->","yoast_head_json":{"title":"Broli\u0173 Grim\u0173 gra\u017eiausios pasakos","description":"Didel\u0117, dailiais pie\u0161iniais gausiai iliustruota knyga su trylika gra\u017eiausi\u0173 broli\u0173 Grim\u0173 pasak\u0173. Tekstas surinktas didel\u0117mis raid\u0117mis, kad knyg\u0105 nesunkiai","robots":{"index":"index","follow":"follow","max-snippet":"max-snippet:-1","max-image-preview":"max-image-preview:large","max-video-preview":"max-video-preview:-1"},"canonical":"https:\/\/skaitytaknyga.lt\/en\/produktas\/broliu-grimu-graziausios-pasakos\/","og_locale":"en_GB","og_type":"article","og_title":"[:lt]Broli\u0173 Grim\u0173 gra\u017eiausios pasakos[:] - Skaitytaknyga","og_description":"Didel\u0117, dailiais pie\u0161iniais gausiai iliustruota knyga su trylika gra\u017eiausi\u0173 broli\u0173 Grim\u0173 pasak\u0173. Tekstas surinktas didel\u0117mis raid\u0117mis, kad knyg\u0105 nesunkiai","og_url":"https:\/\/skaitytaknyga.lt\/en\/produktas\/broliu-grimu-graziausios-pasakos\/","og_site_name":"Skaitytaknyga","article_publisher":"https:\/\/www.facebook.com\/skaitytaknyga\/","article_modified_time":"2026-03-05T14:11:18+00:00","og_image":[{"width":1600,"height":2288,"url":"https:\/\/skaitytaknyga.lt\/wp-content\/uploads\/2024\/12\/Broliu-Grimu-graziausios-pasakos.webp","type":"image\/webp"}],"twitter_card":"summary_large_image","twitter_misc":{"Estimated reading time":"1 minute"},"schema":{"@context":"https:\/\/schema.org","@graph":[{"@type":"WebPage","@id":"https:\/\/skaitytaknyga.lt\/produktas\/broliu-grimu-graziausios-pasakos\/","url":"https:\/\/skaitytaknyga.lt\/produktas\/broliu-grimu-graziausios-pasakos\/","name":"Broli\u0173 Grim\u0173 gra\u017eiausios pasakos","isPartOf":{"@id":"https:\/\/skaitytaknyga.lt\/#website"},"primaryImageOfPage":{"@id":"https:\/\/skaitytaknyga.lt\/produktas\/broliu-grimu-graziausios-pasakos\/#primaryimage"},"image":{"@id":"https:\/\/skaitytaknyga.lt\/produktas\/broliu-grimu-graziausios-pasakos\/#primaryimage"},"thumbnailUrl":"https:\/\/skaitytaknyga.lt\/wp-content\/uploads\/2024\/12\/Broliu-Grimu-graziausios-pasakos.webp","datePublished":"2024-12-20T15:07:19+00:00","dateModified":"2026-03-05T14:11:18+00:00","description":"Didel\u0117, dailiais pie\u0161iniais gausiai iliustruota knyga su trylika gra\u017eiausi\u0173 broli\u0173 Grim\u0173 pasak\u0173. Tekstas surinktas didel\u0117mis raid\u0117mis, kad knyg\u0105 nesunkiai","breadcrumb":{"@id":"https:\/\/skaitytaknyga.lt\/produktas\/broliu-grimu-graziausios-pasakos\/#breadcrumb"},"inLanguage":"en-GB","potentialAction":[{"@type":"ReadAction","target":["https:\/\/skaitytaknyga.lt\/produktas\/broliu-grimu-graziausios-pasakos\/"]}]},{"@type":"ImageObject","inLanguage":"en-GB","@id":"https:\/\/skaitytaknyga.lt\/produktas\/broliu-grimu-graziausios-pasakos\/#primaryimage","url":"https:\/\/skaitytaknyga.lt\/wp-content\/uploads\/2024\/12\/Broliu-Grimu-graziausios-pasakos.webp","contentUrl":"https:\/\/skaitytaknyga.lt\/wp-content\/uploads\/2024\/12\/Broliu-Grimu-graziausios-pasakos.webp","width":1600,"height":2288,"caption":"Broli\u0173 Grim\u0173 gra\u017eiausios pasakos"},{"@type":"BreadcrumbList","@id":"https:\/\/skaitytaknyga.lt\/produktas\/broliu-grimu-graziausios-pasakos\/#breadcrumb","itemListElement":[{"@type":"ListItem","position":1,"name":"Home","item":"https:\/\/skaitytaknyga.lt\/"},{"@type":"ListItem","position":2,"name":"Parduotuv\u0117","item":"https:\/\/skaitytaknyga.lt\/knygu-parduotuve\/"},{"@type":"ListItem","position":3,"name":"Broli\u0173 Grim\u0173 gra\u017eiausios pasakos"}]},{"@type":"WebSite","@id":"https:\/\/skaitytaknyga.lt\/#website","url":"https:\/\/skaitytaknyga.lt\/","name":"skaitytaknyga.lt","description":"Skaitytaknyga.lt \u2013 tai ma\u017eas \u0161eimos verslas, kuris prasid\u0117jo nuo meil\u0117s knygoms ir siekio i\u0161gelb\u0117ti knygas nuo likimo prie konteinerio. Kas vienam nereikalingas daiktas \u2013 kitam lobis, o mes esame tarpininkai, kurie padeda abiems tapti laimingesniems ???? \u017dinome kaip nelengva i\u0161gyventi ma\u017eiems verslams, tad nuo \u0161iol, \u010dia rasite ir kit\u0173, ma\u017e\u0173 \u0161eim\u0173 versl\u0173, rank\u0173 darbo, dovan\u0173 sau ir artimiesiems.","publisher":{"@id":"https:\/\/skaitytaknyga.lt\/#organization"},"potentialAction":[{"@type":"SearchAction","target":{"@type":"EntryPoint","urlTemplate":"https:\/\/skaitytaknyga.lt\/?s={search_term_string}"},"query-input":{"@type":"PropertyValueSpecification","valueRequired":true,"valueName":"search_term_string"}}],"inLanguage":"en-GB"},{"@type":"Organization","@id":"https:\/\/skaitytaknyga.lt\/#organization","name":"skaitytaknyga.lt","url":"https:\/\/skaitytaknyga.lt\/","logo":{"@type":"ImageObject","inLanguage":"en-GB","@id":"https:\/\/skaitytaknyga.lt\/#\/schema\/logo\/image\/","url":"https:\/\/skaitytaknyga.lt\/wp-content\/uploads\/2024\/05\/cropped-cropped-cropped-02_00843_jt3bggkj1j3HLc7SyY6rEUpg.jpeg","contentUrl":"https:\/\/skaitytaknyga.lt\/wp-content\/uploads\/2024\/05\/cropped-cropped-cropped-02_00843_jt3bggkj1j3HLc7SyY6rEUpg.jpeg","width":1600,"height":1600,"caption":"skaitytaknyga.lt"},"image":{"@id":"https:\/\/skaitytaknyga.lt\/#\/schema\/logo\/image\/"},"sameAs":["https:\/\/www.facebook.com\/skaitytaknyga\/"]}]}},"_links":{"self":[{"href":"https:\/\/skaitytaknyga.lt\/en\/wp-json\/wp\/v2\/product\/15646","targetHints":{"allow":["GET"]}}],"collection":[{"href":"https:\/\/skaitytaknyga.lt\/en\/wp-json\/wp\/v2\/product"}],"about":[{"href":"https:\/\/skaitytaknyga.lt\/en\/wp-json\/wp\/v2\/types\/product"}],"replies":[{"embeddable":true,"href":"https:\/\/skaitytaknyga.lt\/en\/wp-json\/wp\/v2\/comments?post=15646"}],"wp:featuredmedia":[{"embeddable":true,"href":"https:\/\/skaitytaknyga.lt\/en\/wp-json\/wp\/v2\/media\/15698"}],"wp:attachment":[{"href":"https:\/\/skaitytaknyga.lt\/en\/wp-json\/wp\/v2\/media?parent=15646"}],"wp:term":[{"taxonomy":"product_brand","embeddable":true,"href":"https:\/\/skaitytaknyga.lt\/en\/wp-json\/wp\/v2\/product_brand?post=15646"},{"taxonomy":"product_cat","embeddable":true,"href":"https:\/\/skaitytaknyga.lt\/en\/wp-json\/wp\/v2\/product_cat?post=15646"},{"taxonomy":"product_tag","embeddable":true,"href":"https:\/\/skaitytaknyga.lt\/en\/wp-json\/wp\/v2\/product_tag?post=15646"}],"curies":[{"name":"wp","href":"https:\/\/api.w.org\/{rel}","templated":true}]}}