{"id":15638,"date":"2024-12-20T13:08:48","date_gmt":"2024-12-20T11:08:48","guid":{"rendered":"https:\/\/skaitytaknyga.lt\/?post_type=product&#038;p=15638"},"modified":"2025-04-30T14:47:44","modified_gmt":"2025-04-30T11:47:44","slug":"malones","status":"publish","type":"product","link":"https:\/\/skaitytaknyga.lt\/en\/produktas\/malones\/","title":{"rendered":"Malon\u0117s"},"content":{"rendered":"<p>\u201eTuomet ji e\u0307me\u0307 grimzti skrad\u017eiai uolu\u0328, kol atsidu\u0304re\u0307 ju\u0304ros dugne. Vir\u0161 galvos juodavo naktis be me\u0307nulio, vandens pavir\u0161iu\u0328 randais ai\u017ee\u0307 \u017evaig\u017ede\u0307s. Ir ji nuskendo, o tada gaudydama ora\u0328 kniostele\u0307jo i\u0161 miego pilnomis du\u0304mu\u0328 \u0161nerve\u0307mis ir galugerkliu. Burnoje dar ilgiai laike\u0307si deganc\u030ciu\u0328 tauku\u0328 smarve\u0307.&#8221;<\/p>\n<p>1617 metu\u0328 K\u016b\u010di\u0173 diena\u0328 Varde\u0307s saloje \u2013 labiausiai i\u0328 \u0161iaure\u0307s rytus nutolusiame Norvegijos ta\u0161ke \u2013 dvide\u0161imtmet\u0117 Marena Magnusdoter stebi tarsi i\u0161 niekur kilusi\u0105 u\u0304mi\u0105 audr\u0105. Lyg u\u017eker\u0117ta, audra akimirksniu pasiglem\u017eia visus keturiasde\u0161imt salos vyru\u0328, \u012fskaitant Marenos t\u0117v\u0105, brol\u012f ir su\u017ead\u0117tin\u012f. Likusioms vienoms Vard\u0117s salos moterims nelieka kito pasirinkimo \u2013 tik visas negandas ir i\u0161\u0161\u016bkius atremti pa\u010dioms.<\/p>\n<p>Neilgai trukus, did\u017eiuliam debesiui skandinant horizont\u0105, \u012f Vard\u0119 atplaukia gr\u0117smingas \u017emogus. Paskirtas paties karaliaus, komisaras Absalomas Kornetas atvyksta i\u0161 \u0160kotijos, kur, sklinda kalbos, reng\u0117 ragan\u0173 teismus. Jo jaunut\u0117 \u017emona Ursa Vard\u0117s saloje pamato tai, ko niekada anks\u010diau n\u0117ra reg\u0117jusi, \u2013 nepriklausomas moteris. Ta\u010diau Absalomas \u012f\u017evelgia tik Dievo nepaliest\u0105 \u017eem\u0119, u\u017etvindyt\u0105 \u0161ventvagi\u0161ko blogio.<\/p>\n<p>\u201eMalon\u0117s&#8221; \u2013 tai tikr\u0173 \u012fvyki\u0173 \u2013 Vard\u0117s salos audros ir 1621 met\u0173 ragan\u0173 teism\u0173 \u2013 \u012fkv\u0117pta istorija apie narsias moteris, pavojing\u0105 meil\u0119, galing\u0105 blog\u012f, pragai\u0161tingus prietarus ir kar\u0161tligi\u0161k\u0105 aps\u0117dim\u0105 pa\u010diame pasaulio pakra\u0161tyje.<\/p>\n<p>\u201eNune\u0161a mus ten, kur visa kibirk\u0161\u010diuoja ir knib\u017eda, kur moter\u0173 \u0161irdys \u016b\u017eauja garsiau nei audros.&#8221;<br \/>\nSamantha Shannon<\/p>\n","protected":false},"excerpt":{"rendered":"<p>\u201eTuomet ji e\u0307me\u0307 grimzti skrad\u017eiai uolu\u0328, kol atsidu\u0304re\u0307 ju\u0304ros dugne. Vir\u0161 galvos juodavo naktis be me\u0307nulio, vandens pavir\u0161iu\u0328 randais ai\u017ee\u0307 \u017evaig\u017ede\u0307s. Ir ji nuskendo, o tada gaudydama ora\u0328 kniostele\u0307jo i\u0161 miego pilnomis du\u0304mu\u0328 \u0161nerve\u0307mis ir galugerkliu. Burnoje dar ilgiai laike\u0307si deganc\u030ciu\u0328 tauku\u0328 smarve\u0307.&#8221; 1617 metu\u0328 K\u016b\u010di\u0173 diena\u0328 Varde\u0307s saloje \u2013 labiausiai i\u0328 \u0161iaure\u0307s rytus nutolusiame Norvegijos ta\u0161ke \u2013 dvide\u0161imtmet\u0117 Marena Magnusdoter stebi tarsi i\u0161 niekur kilusi\u0105 u\u0304mi\u0105 audr\u0105. Lyg u\u017eker\u0117ta, audra akimirksniu pasiglem\u017eia visus keturiasde\u0161imt salos vyru\u0328, \u012fskaitant Marenos t\u0117v\u0105, brol\u012f ir su\u017ead\u0117tin\u012f. Likusioms vienoms Vard\u0117s salos moterims nelieka kito pasirinkimo \u2013 tik visas negandas ir i\u0161\u0161\u016bkius atremti pa\u010dioms. Neilgai trukus, did\u017eiuliam debesiui skandinant horizont\u0105, \u012f Vard\u0119 atplaukia gr\u0117smingas \u017emogus. Paskirtas paties karaliaus, komisaras Absalomas Kornetas atvyksta i\u0161 \u0160kotijos, kur, sklinda kalbos, reng\u0117 ragan\u0173 teismus. Jo jaunut\u0117 \u017emona Ursa Vard\u0117s saloje pamato tai, ko niekada anks\u010diau n\u0117ra reg\u0117jusi, \u2013 nepriklausomas moteris. Ta\u010diau Absalomas \u012f\u017evelgia tik Dievo nepaliest\u0105 \u017eem\u0119, u\u017etvindyt\u0105 \u0161ventvagi\u0161ko blogio. \u201eMalon\u0117s&#8221; \u2013 tai tikr\u0173 \u012fvyki\u0173 \u2013 Vard\u0117s salos audros ir 1621 met\u0173 ragan\u0173 teism\u0173 \u2013 \u012fkv\u0117pta istorija apie narsias moteris, pavojing\u0105 meil\u0119, galing\u0105 blog\u012f, pragai\u0161tingus prietarus ir kar\u0161tligi\u0161k\u0105 aps\u0117dim\u0105 pa\u010diame pasaulio pakra\u0161tyje. \u201eNune\u0161a mus ten, kur visa kibirk\u0161\u010diuoja ir knib\u017eda, kur moter\u0173 \u0161irdys \u016b\u017eauja garsiau nei audros.&#8221; Samantha Shannon<\/p>\n","protected":false},"featured_media":15692,"comment_status":"open","ping_status":"closed","template":"","meta":{"_acf_changed":false,"site-sidebar-layout":"default","site-content-layout":"","ast-site-content-layout":"default","site-content-style":"default","site-sidebar-style":"default","ast-global-header-display":"","ast-banner-title-visibility":"","ast-main-header-display":"","ast-hfb-above-header-display":"","ast-hfb-below-header-display":"","ast-hfb-mobile-header-display":"","site-post-title":"","ast-breadcrumbs-content":"","ast-featured-img":"","footer-sml-layout":"","ast-disable-related-posts":"","theme-transparent-header-meta":"default","adv-header-id-meta":"","stick-header-meta":"","header-above-stick-meta":"","header-main-stick-meta":"","header-below-stick-meta":"","astra-migrate-meta-layouts":"set","ast-page-background-enabled":"default","ast-page-background-meta":{"desktop":{"background-color":"","background-image":"","background-repeat":"repeat","background-position":"center center","background-size":"auto","background-attachment":"scroll","background-type":"","background-media":"","overlay-type":"","overlay-color":"","overlay-opacity":"","overlay-gradient":""},"tablet":{"background-color":"","background-image":"","background-repeat":"repeat","background-position":"center center","background-size":"auto","background-attachment":"scroll","background-type":"","background-media":"","overlay-type":"","overlay-color":"","overlay-opacity":"","overlay-gradient":""},"mobile":{"background-color":"","background-image":"","background-repeat":"repeat","background-position":"center center","background-size":"auto","background-attachment":"scroll","background-type":"","background-media":"","overlay-type":"","overlay-color":"","overlay-opacity":"","overlay-gradient":""}},"ast-content-background-meta":{"desktop":{"background-color":"var(--ast-global-color-4)","background-image":"","background-repeat":"repeat","background-position":"center center","background-size":"auto","background-attachment":"scroll","background-type":"","background-media":"","overlay-type":"","overlay-color":"","overlay-opacity":"","overlay-gradient":""},"tablet":{"background-color":"var(--ast-global-color-4)","background-image":"","background-repeat":"repeat","background-position":"center center","background-size":"auto","background-attachment":"scroll","background-type":"","background-media":"","overlay-type":"","overlay-color":"","overlay-opacity":"","overlay-gradient":""},"mobile":{"background-color":"var(--ast-global-color-4)","background-image":"","background-repeat":"repeat","background-position":"center center","background-size":"auto","background-attachment":"scroll","background-type":"","background-media":"","overlay-type":"","overlay-color":"","overlay-opacity":"","overlay-gradient":""}}},"product_brand":[],"product_cat":[31,15],"product_tag":[1252],"class_list":{"0":"post-15638","1":"product","2":"type-product","3":"status-publish","4":"has-post-thumbnail","6":"product_cat-grozine-literatura","7":"product_cat-uncategorized","8":"product_tag-kiran-millwood-hargrave","9":"desktop-align-left","10":"tablet-align-left","11":"mobile-align-left","13":"first","14":"instock","15":"shipping-taxable","16":"purchasable","17":"product-type-simple"},"acf":[],"yoast_head":"<!-- This site is optimized with the Yoast SEO plugin v27.0 - https:\/\/yoast.com\/product\/yoast-seo-wordpress\/ -->\n<title>Malon\u0117s<\/title>\n<meta name=\"description\" content=\"\u201eTuomet ji e\u0307me\u0307 grimzti skrad\u017eiai uolu\u0328, kol atsidu\u0304re\u0307 ju\u0304ros dugne. Vir\u0161 galvos juodavo naktis be me\u0307nulio, vandens pavir\u0161iu\u0328 randais ai\u017ee\u0307 \u017evaig\u017ede\u0307s.\" \/>\n<meta name=\"robots\" content=\"index, follow, max-snippet:-1, max-image-preview:large, max-video-preview:-1\" \/>\n<link rel=\"canonical\" href=\"https:\/\/skaitytaknyga.lt\/en\/produktas\/malones\/\" \/>\n<meta property=\"og:locale\" content=\"en_GB\" \/>\n<meta property=\"og:locale:alternate\" content=\"lt_LT\" \/>\n<meta property=\"og:type\" content=\"article\" \/>\n<meta property=\"og:title\" content=\"Malon\u0117s\" \/>\n<meta property=\"og:description\" content=\"\u201eTuomet ji e\u0307me\u0307 grimzti skrad\u017eiai uolu\u0328, kol atsidu\u0304re\u0307 ju\u0304ros dugne. Vir\u0161 galvos juodavo naktis be me\u0307nulio, vandens pavir\u0161iu\u0328 randais ai\u017ee\u0307 \u017evaig\u017ede\u0307s.\" \/>\n<meta property=\"og:url\" content=\"https:\/\/skaitytaknyga.lt\/en\/produktas\/malones\/\" \/>\n<meta property=\"og:site_name\" content=\"Skaitytaknyga\" \/>\n<meta property=\"article:publisher\" content=\"https:\/\/www.facebook.com\/skaitytaknyga\/\" \/>\n<meta property=\"article:modified_time\" content=\"2025-04-30T11:47:44+00:00\" \/>\n<meta property=\"og:image\" content=\"https:\/\/skaitytaknyga.lt\/wp-content\/uploads\/2024\/12\/Malones.webp\" \/>\n\t<meta property=\"og:image:width\" content=\"451\" \/>\n\t<meta property=\"og:image:height\" content=\"652\" \/>\n\t<meta property=\"og:image:type\" content=\"image\/webp\" \/>\n<meta name=\"twitter:card\" content=\"summary_large_image\" \/>\n<meta name=\"twitter:label1\" content=\"Estimated reading time\" \/>\n\t<meta name=\"twitter:data1\" content=\"2 minutes\" \/>\n<script type=\"application\/ld+json\" class=\"yoast-schema-graph\">{\"@context\":\"https:\/\/schema.org\",\"@graph\":[{\"@type\":\"WebPage\",\"@id\":\"https:\/\/skaitytaknyga.lt\/produktas\/malones\/\",\"url\":\"https:\/\/skaitytaknyga.lt\/produktas\/malones\/\",\"name\":\"Malon\u0117s\",\"isPartOf\":{\"@id\":\"https:\/\/skaitytaknyga.lt\/#website\"},\"primaryImageOfPage\":{\"@id\":\"https:\/\/skaitytaknyga.lt\/produktas\/malones\/#primaryimage\"},\"image\":{\"@id\":\"https:\/\/skaitytaknyga.lt\/produktas\/malones\/#primaryimage\"},\"thumbnailUrl\":\"https:\/\/skaitytaknyga.lt\/wp-content\/uploads\/2024\/12\/Malones.webp\",\"datePublished\":\"2024-12-20T11:08:48+00:00\",\"dateModified\":\"2025-04-30T11:47:44+00:00\",\"description\":\"\u201eTuomet ji e\u0307me\u0307 grimzti skrad\u017eiai uolu\u0328, kol atsidu\u0304re\u0307 ju\u0304ros dugne. Vir\u0161 galvos juodavo naktis be me\u0307nulio, vandens pavir\u0161iu\u0328 randais ai\u017ee\u0307 \u017evaig\u017ede\u0307s.\",\"breadcrumb\":{\"@id\":\"https:\/\/skaitytaknyga.lt\/produktas\/malones\/#breadcrumb\"},\"inLanguage\":\"en-GB\",\"potentialAction\":[{\"@type\":\"ReadAction\",\"target\":[\"https:\/\/skaitytaknyga.lt\/produktas\/malones\/\"]}]},{\"@type\":\"ImageObject\",\"inLanguage\":\"en-GB\",\"@id\":\"https:\/\/skaitytaknyga.lt\/produktas\/malones\/#primaryimage\",\"url\":\"https:\/\/skaitytaknyga.lt\/wp-content\/uploads\/2024\/12\/Malones.webp\",\"contentUrl\":\"https:\/\/skaitytaknyga.lt\/wp-content\/uploads\/2024\/12\/Malones.webp\",\"width\":451,\"height\":652,\"caption\":\"Malon\u0117s\"},{\"@type\":\"BreadcrumbList\",\"@id\":\"https:\/\/skaitytaknyga.lt\/produktas\/malones\/#breadcrumb\",\"itemListElement\":[{\"@type\":\"ListItem\",\"position\":1,\"name\":\"Home\",\"item\":\"https:\/\/skaitytaknyga.lt\/\"},{\"@type\":\"ListItem\",\"position\":2,\"name\":\"Parduotuv\u0117\",\"item\":\"https:\/\/skaitytaknyga.lt\/knygu-parduotuve\/\"},{\"@type\":\"ListItem\",\"position\":3,\"name\":\"Malon\u0117s\"}]},{\"@type\":\"WebSite\",\"@id\":\"https:\/\/skaitytaknyga.lt\/#website\",\"url\":\"https:\/\/skaitytaknyga.lt\/\",\"name\":\"skaitytaknyga.lt\",\"description\":\"Skaitytaknyga.lt \u2013 tai ma\u017eas \u0161eimos verslas, kuris prasid\u0117jo nuo meil\u0117s knygoms ir siekio i\u0161gelb\u0117ti knygas nuo likimo prie konteinerio. Kas vienam nereikalingas daiktas \u2013 kitam lobis, o mes esame tarpininkai, kurie padeda abiems tapti laimingesniems ???? \u017dinome kaip nelengva i\u0161gyventi ma\u017eiems verslams, tad nuo \u0161iol, \u010dia rasite ir kit\u0173, ma\u017e\u0173 \u0161eim\u0173 versl\u0173, rank\u0173 darbo, dovan\u0173 sau ir artimiesiems.\",\"publisher\":{\"@id\":\"https:\/\/skaitytaknyga.lt\/#organization\"},\"potentialAction\":[{\"@type\":\"SearchAction\",\"target\":{\"@type\":\"EntryPoint\",\"urlTemplate\":\"https:\/\/skaitytaknyga.lt\/?s={search_term_string}\"},\"query-input\":{\"@type\":\"PropertyValueSpecification\",\"valueRequired\":true,\"valueName\":\"search_term_string\"}}],\"inLanguage\":\"en-GB\"},{\"@type\":\"Organization\",\"@id\":\"https:\/\/skaitytaknyga.lt\/#organization\",\"name\":\"skaitytaknyga.lt\",\"url\":\"https:\/\/skaitytaknyga.lt\/\",\"logo\":{\"@type\":\"ImageObject\",\"inLanguage\":\"en-GB\",\"@id\":\"https:\/\/skaitytaknyga.lt\/#\/schema\/logo\/image\/\",\"url\":\"https:\/\/skaitytaknyga.lt\/wp-content\/uploads\/2024\/05\/cropped-cropped-cropped-02_00843_jt3bggkj1j3HLc7SyY6rEUpg.jpeg\",\"contentUrl\":\"https:\/\/skaitytaknyga.lt\/wp-content\/uploads\/2024\/05\/cropped-cropped-cropped-02_00843_jt3bggkj1j3HLc7SyY6rEUpg.jpeg\",\"width\":1600,\"height\":1600,\"caption\":\"skaitytaknyga.lt\"},\"image\":{\"@id\":\"https:\/\/skaitytaknyga.lt\/#\/schema\/logo\/image\/\"},\"sameAs\":[\"https:\/\/www.facebook.com\/skaitytaknyga\/\"]}]}<\/script>\n<!-- \/ Yoast SEO plugin. -->","yoast_head_json":{"title":"Malon\u0117s","description":"\u201eTuomet ji e\u0307me\u0307 grimzti skrad\u017eiai uolu\u0328, kol atsidu\u0304re\u0307 ju\u0304ros dugne. Vir\u0161 galvos juodavo naktis be me\u0307nulio, vandens pavir\u0161iu\u0328 randais ai\u017ee\u0307 \u017evaig\u017ede\u0307s.","robots":{"index":"index","follow":"follow","max-snippet":"max-snippet:-1","max-image-preview":"max-image-preview:large","max-video-preview":"max-video-preview:-1"},"canonical":"https:\/\/skaitytaknyga.lt\/en\/produktas\/malones\/","og_locale":"en_GB","og_type":"article","og_title":"[:lt]Malon\u0117s[:] - Skaitytaknyga","og_description":"\u201eTuomet ji e\u0307me\u0307 grimzti skrad\u017eiai uolu\u0328, kol atsidu\u0304re\u0307 ju\u0304ros dugne. Vir\u0161 galvos juodavo naktis be me\u0307nulio, vandens pavir\u0161iu\u0328 randais ai\u017ee\u0307 \u017evaig\u017ede\u0307s.","og_url":"https:\/\/skaitytaknyga.lt\/en\/produktas\/malones\/","og_site_name":"Skaitytaknyga","article_publisher":"https:\/\/www.facebook.com\/skaitytaknyga\/","article_modified_time":"2025-04-30T11:47:44+00:00","og_image":[{"width":451,"height":652,"url":"https:\/\/skaitytaknyga.lt\/wp-content\/uploads\/2024\/12\/Malones.webp","type":"image\/webp"}],"twitter_card":"summary_large_image","twitter_misc":{"Estimated reading time":"2 minutes"},"schema":{"@context":"https:\/\/schema.org","@graph":[{"@type":"WebPage","@id":"https:\/\/skaitytaknyga.lt\/produktas\/malones\/","url":"https:\/\/skaitytaknyga.lt\/produktas\/malones\/","name":"Malon\u0117s","isPartOf":{"@id":"https:\/\/skaitytaknyga.lt\/#website"},"primaryImageOfPage":{"@id":"https:\/\/skaitytaknyga.lt\/produktas\/malones\/#primaryimage"},"image":{"@id":"https:\/\/skaitytaknyga.lt\/produktas\/malones\/#primaryimage"},"thumbnailUrl":"https:\/\/skaitytaknyga.lt\/wp-content\/uploads\/2024\/12\/Malones.webp","datePublished":"2024-12-20T11:08:48+00:00","dateModified":"2025-04-30T11:47:44+00:00","description":"\u201eTuomet ji e\u0307me\u0307 grimzti skrad\u017eiai uolu\u0328, kol atsidu\u0304re\u0307 ju\u0304ros dugne. Vir\u0161 galvos juodavo naktis be me\u0307nulio, vandens pavir\u0161iu\u0328 randais ai\u017ee\u0307 \u017evaig\u017ede\u0307s.","breadcrumb":{"@id":"https:\/\/skaitytaknyga.lt\/produktas\/malones\/#breadcrumb"},"inLanguage":"en-GB","potentialAction":[{"@type":"ReadAction","target":["https:\/\/skaitytaknyga.lt\/produktas\/malones\/"]}]},{"@type":"ImageObject","inLanguage":"en-GB","@id":"https:\/\/skaitytaknyga.lt\/produktas\/malones\/#primaryimage","url":"https:\/\/skaitytaknyga.lt\/wp-content\/uploads\/2024\/12\/Malones.webp","contentUrl":"https:\/\/skaitytaknyga.lt\/wp-content\/uploads\/2024\/12\/Malones.webp","width":451,"height":652,"caption":"Malon\u0117s"},{"@type":"BreadcrumbList","@id":"https:\/\/skaitytaknyga.lt\/produktas\/malones\/#breadcrumb","itemListElement":[{"@type":"ListItem","position":1,"name":"Home","item":"https:\/\/skaitytaknyga.lt\/"},{"@type":"ListItem","position":2,"name":"Parduotuv\u0117","item":"https:\/\/skaitytaknyga.lt\/knygu-parduotuve\/"},{"@type":"ListItem","position":3,"name":"Malon\u0117s"}]},{"@type":"WebSite","@id":"https:\/\/skaitytaknyga.lt\/#website","url":"https:\/\/skaitytaknyga.lt\/","name":"skaitytaknyga.lt","description":"Skaitytaknyga.lt \u2013 tai ma\u017eas \u0161eimos verslas, kuris prasid\u0117jo nuo meil\u0117s knygoms ir siekio i\u0161gelb\u0117ti knygas nuo likimo prie konteinerio. Kas vienam nereikalingas daiktas \u2013 kitam lobis, o mes esame tarpininkai, kurie padeda abiems tapti laimingesniems ???? \u017dinome kaip nelengva i\u0161gyventi ma\u017eiems verslams, tad nuo \u0161iol, \u010dia rasite ir kit\u0173, ma\u017e\u0173 \u0161eim\u0173 versl\u0173, rank\u0173 darbo, dovan\u0173 sau ir artimiesiems.","publisher":{"@id":"https:\/\/skaitytaknyga.lt\/#organization"},"potentialAction":[{"@type":"SearchAction","target":{"@type":"EntryPoint","urlTemplate":"https:\/\/skaitytaknyga.lt\/?s={search_term_string}"},"query-input":{"@type":"PropertyValueSpecification","valueRequired":true,"valueName":"search_term_string"}}],"inLanguage":"en-GB"},{"@type":"Organization","@id":"https:\/\/skaitytaknyga.lt\/#organization","name":"skaitytaknyga.lt","url":"https:\/\/skaitytaknyga.lt\/","logo":{"@type":"ImageObject","inLanguage":"en-GB","@id":"https:\/\/skaitytaknyga.lt\/#\/schema\/logo\/image\/","url":"https:\/\/skaitytaknyga.lt\/wp-content\/uploads\/2024\/05\/cropped-cropped-cropped-02_00843_jt3bggkj1j3HLc7SyY6rEUpg.jpeg","contentUrl":"https:\/\/skaitytaknyga.lt\/wp-content\/uploads\/2024\/05\/cropped-cropped-cropped-02_00843_jt3bggkj1j3HLc7SyY6rEUpg.jpeg","width":1600,"height":1600,"caption":"skaitytaknyga.lt"},"image":{"@id":"https:\/\/skaitytaknyga.lt\/#\/schema\/logo\/image\/"},"sameAs":["https:\/\/www.facebook.com\/skaitytaknyga\/"]}]}},"_links":{"self":[{"href":"https:\/\/skaitytaknyga.lt\/en\/wp-json\/wp\/v2\/product\/15638","targetHints":{"allow":["GET"]}}],"collection":[{"href":"https:\/\/skaitytaknyga.lt\/en\/wp-json\/wp\/v2\/product"}],"about":[{"href":"https:\/\/skaitytaknyga.lt\/en\/wp-json\/wp\/v2\/types\/product"}],"replies":[{"embeddable":true,"href":"https:\/\/skaitytaknyga.lt\/en\/wp-json\/wp\/v2\/comments?post=15638"}],"wp:featuredmedia":[{"embeddable":true,"href":"https:\/\/skaitytaknyga.lt\/en\/wp-json\/wp\/v2\/media\/15692"}],"wp:attachment":[{"href":"https:\/\/skaitytaknyga.lt\/en\/wp-json\/wp\/v2\/media?parent=15638"}],"wp:term":[{"taxonomy":"product_brand","embeddable":true,"href":"https:\/\/skaitytaknyga.lt\/en\/wp-json\/wp\/v2\/product_brand?post=15638"},{"taxonomy":"product_cat","embeddable":true,"href":"https:\/\/skaitytaknyga.lt\/en\/wp-json\/wp\/v2\/product_cat?post=15638"},{"taxonomy":"product_tag","embeddable":true,"href":"https:\/\/skaitytaknyga.lt\/en\/wp-json\/wp\/v2\/product_tag?post=15638"}],"curies":[{"name":"wp","href":"https:\/\/api.w.org\/{rel}","templated":true}]}}