{"id":15637,"date":"2024-12-20T13:08:48","date_gmt":"2024-12-20T11:08:48","guid":{"rendered":"https:\/\/skaitytaknyga.lt\/?post_type=product&#038;p=15637"},"modified":"2024-12-23T08:48:05","modified_gmt":"2024-12-23T06:48:05","slug":"auksine-garbana-ir-trys-lokiai","status":"publish","type":"product","link":"https:\/\/skaitytaknyga.lt\/en\/produktas\/auksine-garbana-ir-trys-lokiai\/","title":{"rendered":"Auksin\u0117 Garbana ir trys lokiai"},"content":{"rendered":"<p>Auksin\u0117 Garbana vaik\u0161tin\u0117ja po mi\u0161k\u0105 ir prieina nedidel\u0119 trobel\u0119. \u012e\u0117jusi \u012f vid\u0173 pamato tris kr\u0117slus, tris l\u0117k\u0161tes su ko\u0161e ir tris lovas. Bet kas nutiks, kai namo gr\u012f\u0161 lokiai?<\/p>\n<p>Spalvingai ir linksmai iliustruota pasaka patiks patiems ma\u017eiausiems ir jau skaitantiems vaikams.<\/p>\n<ul class=\"about-product d-none d-xl-block mt-4\">\n<li><strong>Leid\u0117jas:<\/strong>\u00a0Vaiga<\/li>\n<li><strong>Metai:<\/strong>\u00a02023<\/li>\n<li><strong>Puslapiai:<\/strong>\u00a026<\/li>\n<li class=\"toggleable type-new-formats \"><strong>ISBN:<\/strong>\u00a09786094407024<\/li>\n<li class=\"toggleable type-new-formats \"><strong>Formatas:<\/strong>\u00a017,5 x 22,5 x 0,8 cm, kieti vir\u0161eliai<\/li>\n<li><strong>Kalba:<\/strong>\u00a0Lietuvi\u0173<\/li>\n<li><strong>Vert\u0117jas:<\/strong>\u00a0Margarita \u0160e\u0161kuvien\u0117<\/li>\n<\/ul>\n","protected":false},"excerpt":{"rendered":"<p>Auksin\u0117 Garbana vaik\u0161tin\u0117ja po mi\u0161k\u0105 ir prieina nedidel\u0119 trobel\u0119. \u012e\u0117jusi \u012f vid\u0173 pamato tris kr\u0117slus, tris l\u0117k\u0161tes su ko\u0161e ir tris lovas. Bet kas nutiks, kai namo gr\u012f\u0161 lokiai? Spalvingai ir linksmai iliustruota pasaka patiks patiems ma\u017eiausiems ir jau skaitantiems vaikams. Leid\u0117jas:\u00a0Vaiga Metai:\u00a02023 Puslapiai:\u00a026 ISBN:\u00a09786094407024 Formatas:\u00a017,5 x 22,5 x 0,8 cm, kieti vir\u0161eliai Kalba:\u00a0Lietuvi\u0173 Vert\u0117jas:\u00a0Margarita \u0160e\u0161kuvien\u0117<\/p>\n","protected":false},"featured_media":15705,"comment_status":"open","ping_status":"closed","template":"","meta":{"_acf_changed":false,"site-sidebar-layout":"default","site-content-layout":"","ast-site-content-layout":"default","site-content-style":"default","site-sidebar-style":"default","ast-global-header-display":"","ast-banner-title-visibility":"","ast-main-header-display":"","ast-hfb-above-header-display":"","ast-hfb-below-header-display":"","ast-hfb-mobile-header-display":"","site-post-title":"","ast-breadcrumbs-content":"","ast-featured-img":"","footer-sml-layout":"","ast-disable-related-posts":"","theme-transparent-header-meta":"default","adv-header-id-meta":"","stick-header-meta":"","header-above-stick-meta":"","header-main-stick-meta":"","header-below-stick-meta":"","astra-migrate-meta-layouts":"set","ast-page-background-enabled":"default","ast-page-background-meta":{"desktop":{"background-color":"","background-image":"","background-repeat":"repeat","background-position":"center center","background-size":"auto","background-attachment":"scroll","background-type":"","background-media":"","overlay-type":"","overlay-color":"","overlay-opacity":"","overlay-gradient":""},"tablet":{"background-color":"","background-image":"","background-repeat":"repeat","background-position":"center center","background-size":"auto","background-attachment":"scroll","background-type":"","background-media":"","overlay-type":"","overlay-color":"","overlay-opacity":"","overlay-gradient":""},"mobile":{"background-color":"","background-image":"","background-repeat":"repeat","background-position":"center center","background-size":"auto","background-attachment":"scroll","background-type":"","background-media":"","overlay-type":"","overlay-color":"","overlay-opacity":"","overlay-gradient":""}},"ast-content-background-meta":{"desktop":{"background-color":"var(--ast-global-color-4)","background-image":"","background-repeat":"repeat","background-position":"center center","background-size":"auto","background-attachment":"scroll","background-type":"","background-media":"","overlay-type":"","overlay-color":"","overlay-opacity":"","overlay-gradient":""},"tablet":{"background-color":"var(--ast-global-color-4)","background-image":"","background-repeat":"repeat","background-position":"center center","background-size":"auto","background-attachment":"scroll","background-type":"","background-media":"","overlay-type":"","overlay-color":"","overlay-opacity":"","overlay-gradient":""},"mobile":{"background-color":"var(--ast-global-color-4)","background-image":"","background-repeat":"repeat","background-position":"center center","background-size":"auto","background-attachment":"scroll","background-type":"","background-media":"","overlay-type":"","overlay-color":"","overlay-opacity":"","overlay-gradient":""}}},"product_brand":[],"product_cat":[15,35],"product_tag":[],"class_list":{"0":"post-15637","1":"product","2":"type-product","3":"status-publish","4":"has-post-thumbnail","6":"product_cat-uncategorized","7":"product_cat-vaikams-ir-paaugliams","8":"desktop-align-left","9":"tablet-align-left","10":"mobile-align-left","12":"first","13":"instock","14":"shipping-taxable","15":"purchasable","16":"product-type-simple"},"acf":[],"yoast_head":"<!-- This site is optimized with the Yoast SEO plugin v27.0 - https:\/\/yoast.com\/product\/yoast-seo-wordpress\/ -->\n<title>Auksin\u0117 Garbana ir trys lokiai<\/title>\n<meta name=\"description\" content=\"Auksin\u0117 Garbana vaik\u0161tin\u0117ja po mi\u0161k\u0105 ir prieina nedidel\u0119 trobel\u0119. \u012e\u0117jusi \u012f vid\u0173 pamato tris kr\u0117slus, tris l\u0117k\u0161tes su ko\u0161e ir tris lovas. Bet kas nutiks,\" \/>\n<meta name=\"robots\" content=\"index, follow, max-snippet:-1, max-image-preview:large, max-video-preview:-1\" \/>\n<link rel=\"canonical\" href=\"https:\/\/skaitytaknyga.lt\/en\/produktas\/auksine-garbana-ir-trys-lokiai\/\" \/>\n<meta property=\"og:locale\" content=\"en_GB\" \/>\n<meta property=\"og:locale:alternate\" content=\"lt_LT\" \/>\n<meta property=\"og:type\" content=\"article\" \/>\n<meta property=\"og:title\" content=\"Auksin\u0117 Garbana ir trys lokiai\" \/>\n<meta property=\"og:description\" content=\"Auksin\u0117 Garbana vaik\u0161tin\u0117ja po mi\u0161k\u0105 ir prieina nedidel\u0119 trobel\u0119. \u012e\u0117jusi \u012f vid\u0173 pamato tris kr\u0117slus, tris l\u0117k\u0161tes su ko\u0161e ir tris lovas. Bet kas nutiks,\" \/>\n<meta property=\"og:url\" content=\"https:\/\/skaitytaknyga.lt\/en\/produktas\/auksine-garbana-ir-trys-lokiai\/\" \/>\n<meta property=\"og:site_name\" content=\"Skaitytaknyga\" \/>\n<meta property=\"article:publisher\" content=\"https:\/\/www.facebook.com\/skaitytaknyga\/\" \/>\n<meta property=\"article:modified_time\" content=\"2024-12-23T06:48:05+00:00\" \/>\n<meta property=\"og:image\" content=\"https:\/\/skaitytaknyga.lt\/wp-content\/uploads\/2024\/12\/Auksine-Garbana-ir-trys-lokiai.webp\" \/>\n\t<meta property=\"og:image:width\" content=\"627\" \/>\n\t<meta property=\"og:image:height\" content=\"800\" \/>\n\t<meta property=\"og:image:type\" content=\"image\/webp\" \/>\n<meta name=\"twitter:card\" content=\"summary_large_image\" \/>\n<meta name=\"twitter:label1\" content=\"Estimated reading time\" \/>\n\t<meta name=\"twitter:data1\" content=\"1 minute\" \/>\n<script type=\"application\/ld+json\" class=\"yoast-schema-graph\">{\"@context\":\"https:\/\/schema.org\",\"@graph\":[{\"@type\":\"WebPage\",\"@id\":\"https:\/\/skaitytaknyga.lt\/produktas\/auksine-garbana-ir-trys-lokiai\/\",\"url\":\"https:\/\/skaitytaknyga.lt\/produktas\/auksine-garbana-ir-trys-lokiai\/\",\"name\":\"Auksin\u0117 Garbana ir trys lokiai\",\"isPartOf\":{\"@id\":\"https:\/\/skaitytaknyga.lt\/#website\"},\"primaryImageOfPage\":{\"@id\":\"https:\/\/skaitytaknyga.lt\/produktas\/auksine-garbana-ir-trys-lokiai\/#primaryimage\"},\"image\":{\"@id\":\"https:\/\/skaitytaknyga.lt\/produktas\/auksine-garbana-ir-trys-lokiai\/#primaryimage\"},\"thumbnailUrl\":\"https:\/\/skaitytaknyga.lt\/wp-content\/uploads\/2024\/12\/Auksine-Garbana-ir-trys-lokiai.webp\",\"datePublished\":\"2024-12-20T11:08:48+00:00\",\"dateModified\":\"2024-12-23T06:48:05+00:00\",\"description\":\"Auksin\u0117 Garbana vaik\u0161tin\u0117ja po mi\u0161k\u0105 ir prieina nedidel\u0119 trobel\u0119. \u012e\u0117jusi \u012f vid\u0173 pamato tris kr\u0117slus, tris l\u0117k\u0161tes su ko\u0161e ir tris lovas. Bet kas nutiks,\",\"breadcrumb\":{\"@id\":\"https:\/\/skaitytaknyga.lt\/produktas\/auksine-garbana-ir-trys-lokiai\/#breadcrumb\"},\"inLanguage\":\"en-GB\",\"potentialAction\":[{\"@type\":\"ReadAction\",\"target\":[\"https:\/\/skaitytaknyga.lt\/produktas\/auksine-garbana-ir-trys-lokiai\/\"]}]},{\"@type\":\"ImageObject\",\"inLanguage\":\"en-GB\",\"@id\":\"https:\/\/skaitytaknyga.lt\/produktas\/auksine-garbana-ir-trys-lokiai\/#primaryimage\",\"url\":\"https:\/\/skaitytaknyga.lt\/wp-content\/uploads\/2024\/12\/Auksine-Garbana-ir-trys-lokiai.webp\",\"contentUrl\":\"https:\/\/skaitytaknyga.lt\/wp-content\/uploads\/2024\/12\/Auksine-Garbana-ir-trys-lokiai.webp\",\"width\":627,\"height\":800,\"caption\":\"Auksin\u0117 Garbana ir trys lokiai\"},{\"@type\":\"BreadcrumbList\",\"@id\":\"https:\/\/skaitytaknyga.lt\/produktas\/auksine-garbana-ir-trys-lokiai\/#breadcrumb\",\"itemListElement\":[{\"@type\":\"ListItem\",\"position\":1,\"name\":\"Home\",\"item\":\"https:\/\/skaitytaknyga.lt\/\"},{\"@type\":\"ListItem\",\"position\":2,\"name\":\"Parduotuv\u0117\",\"item\":\"https:\/\/skaitytaknyga.lt\/knygu-parduotuve\/\"},{\"@type\":\"ListItem\",\"position\":3,\"name\":\"Auksin\u0117 Garbana ir trys lokiai\"}]},{\"@type\":\"WebSite\",\"@id\":\"https:\/\/skaitytaknyga.lt\/#website\",\"url\":\"https:\/\/skaitytaknyga.lt\/\",\"name\":\"skaitytaknyga.lt\",\"description\":\"Skaitytaknyga.lt \u2013 tai ma\u017eas \u0161eimos verslas, kuris prasid\u0117jo nuo meil\u0117s knygoms ir siekio i\u0161gelb\u0117ti knygas nuo likimo prie konteinerio. Kas vienam nereikalingas daiktas \u2013 kitam lobis, o mes esame tarpininkai, kurie padeda abiems tapti laimingesniems ???? \u017dinome kaip nelengva i\u0161gyventi ma\u017eiems verslams, tad nuo \u0161iol, \u010dia rasite ir kit\u0173, ma\u017e\u0173 \u0161eim\u0173 versl\u0173, rank\u0173 darbo, dovan\u0173 sau ir artimiesiems.\",\"publisher\":{\"@id\":\"https:\/\/skaitytaknyga.lt\/#organization\"},\"potentialAction\":[{\"@type\":\"SearchAction\",\"target\":{\"@type\":\"EntryPoint\",\"urlTemplate\":\"https:\/\/skaitytaknyga.lt\/?s={search_term_string}\"},\"query-input\":{\"@type\":\"PropertyValueSpecification\",\"valueRequired\":true,\"valueName\":\"search_term_string\"}}],\"inLanguage\":\"en-GB\"},{\"@type\":\"Organization\",\"@id\":\"https:\/\/skaitytaknyga.lt\/#organization\",\"name\":\"skaitytaknyga.lt\",\"url\":\"https:\/\/skaitytaknyga.lt\/\",\"logo\":{\"@type\":\"ImageObject\",\"inLanguage\":\"en-GB\",\"@id\":\"https:\/\/skaitytaknyga.lt\/#\/schema\/logo\/image\/\",\"url\":\"https:\/\/skaitytaknyga.lt\/wp-content\/uploads\/2024\/05\/cropped-cropped-cropped-02_00843_jt3bggkj1j3HLc7SyY6rEUpg.jpeg\",\"contentUrl\":\"https:\/\/skaitytaknyga.lt\/wp-content\/uploads\/2024\/05\/cropped-cropped-cropped-02_00843_jt3bggkj1j3HLc7SyY6rEUpg.jpeg\",\"width\":1600,\"height\":1600,\"caption\":\"skaitytaknyga.lt\"},\"image\":{\"@id\":\"https:\/\/skaitytaknyga.lt\/#\/schema\/logo\/image\/\"},\"sameAs\":[\"https:\/\/www.facebook.com\/skaitytaknyga\/\"]}]}<\/script>\n<!-- \/ Yoast SEO plugin. -->","yoast_head_json":{"title":"Auksin\u0117 Garbana ir trys lokiai","description":"Auksin\u0117 Garbana vaik\u0161tin\u0117ja po mi\u0161k\u0105 ir prieina nedidel\u0119 trobel\u0119. \u012e\u0117jusi \u012f vid\u0173 pamato tris kr\u0117slus, tris l\u0117k\u0161tes su ko\u0161e ir tris lovas. Bet kas nutiks,","robots":{"index":"index","follow":"follow","max-snippet":"max-snippet:-1","max-image-preview":"max-image-preview:large","max-video-preview":"max-video-preview:-1"},"canonical":"https:\/\/skaitytaknyga.lt\/en\/produktas\/auksine-garbana-ir-trys-lokiai\/","og_locale":"en_GB","og_type":"article","og_title":"[:lt]Auksin\u0117 Garbana ir trys lokiai[:] - Skaitytaknyga","og_description":"Auksin\u0117 Garbana vaik\u0161tin\u0117ja po mi\u0161k\u0105 ir prieina nedidel\u0119 trobel\u0119. \u012e\u0117jusi \u012f vid\u0173 pamato tris kr\u0117slus, tris l\u0117k\u0161tes su ko\u0161e ir tris lovas. Bet kas nutiks,","og_url":"https:\/\/skaitytaknyga.lt\/en\/produktas\/auksine-garbana-ir-trys-lokiai\/","og_site_name":"Skaitytaknyga","article_publisher":"https:\/\/www.facebook.com\/skaitytaknyga\/","article_modified_time":"2024-12-23T06:48:05+00:00","og_image":[{"width":627,"height":800,"url":"https:\/\/skaitytaknyga.lt\/wp-content\/uploads\/2024\/12\/Auksine-Garbana-ir-trys-lokiai.webp","type":"image\/webp"}],"twitter_card":"summary_large_image","twitter_misc":{"Estimated reading time":"1 minute"},"schema":{"@context":"https:\/\/schema.org","@graph":[{"@type":"WebPage","@id":"https:\/\/skaitytaknyga.lt\/produktas\/auksine-garbana-ir-trys-lokiai\/","url":"https:\/\/skaitytaknyga.lt\/produktas\/auksine-garbana-ir-trys-lokiai\/","name":"Auksin\u0117 Garbana ir trys lokiai","isPartOf":{"@id":"https:\/\/skaitytaknyga.lt\/#website"},"primaryImageOfPage":{"@id":"https:\/\/skaitytaknyga.lt\/produktas\/auksine-garbana-ir-trys-lokiai\/#primaryimage"},"image":{"@id":"https:\/\/skaitytaknyga.lt\/produktas\/auksine-garbana-ir-trys-lokiai\/#primaryimage"},"thumbnailUrl":"https:\/\/skaitytaknyga.lt\/wp-content\/uploads\/2024\/12\/Auksine-Garbana-ir-trys-lokiai.webp","datePublished":"2024-12-20T11:08:48+00:00","dateModified":"2024-12-23T06:48:05+00:00","description":"Auksin\u0117 Garbana vaik\u0161tin\u0117ja po mi\u0161k\u0105 ir prieina nedidel\u0119 trobel\u0119. \u012e\u0117jusi \u012f vid\u0173 pamato tris kr\u0117slus, tris l\u0117k\u0161tes su ko\u0161e ir tris lovas. Bet kas nutiks,","breadcrumb":{"@id":"https:\/\/skaitytaknyga.lt\/produktas\/auksine-garbana-ir-trys-lokiai\/#breadcrumb"},"inLanguage":"en-GB","potentialAction":[{"@type":"ReadAction","target":["https:\/\/skaitytaknyga.lt\/produktas\/auksine-garbana-ir-trys-lokiai\/"]}]},{"@type":"ImageObject","inLanguage":"en-GB","@id":"https:\/\/skaitytaknyga.lt\/produktas\/auksine-garbana-ir-trys-lokiai\/#primaryimage","url":"https:\/\/skaitytaknyga.lt\/wp-content\/uploads\/2024\/12\/Auksine-Garbana-ir-trys-lokiai.webp","contentUrl":"https:\/\/skaitytaknyga.lt\/wp-content\/uploads\/2024\/12\/Auksine-Garbana-ir-trys-lokiai.webp","width":627,"height":800,"caption":"Auksin\u0117 Garbana ir trys lokiai"},{"@type":"BreadcrumbList","@id":"https:\/\/skaitytaknyga.lt\/produktas\/auksine-garbana-ir-trys-lokiai\/#breadcrumb","itemListElement":[{"@type":"ListItem","position":1,"name":"Home","item":"https:\/\/skaitytaknyga.lt\/"},{"@type":"ListItem","position":2,"name":"Parduotuv\u0117","item":"https:\/\/skaitytaknyga.lt\/knygu-parduotuve\/"},{"@type":"ListItem","position":3,"name":"Auksin\u0117 Garbana ir trys lokiai"}]},{"@type":"WebSite","@id":"https:\/\/skaitytaknyga.lt\/#website","url":"https:\/\/skaitytaknyga.lt\/","name":"skaitytaknyga.lt","description":"Skaitytaknyga.lt \u2013 tai ma\u017eas \u0161eimos verslas, kuris prasid\u0117jo nuo meil\u0117s knygoms ir siekio i\u0161gelb\u0117ti knygas nuo likimo prie konteinerio. Kas vienam nereikalingas daiktas \u2013 kitam lobis, o mes esame tarpininkai, kurie padeda abiems tapti laimingesniems ???? \u017dinome kaip nelengva i\u0161gyventi ma\u017eiems verslams, tad nuo \u0161iol, \u010dia rasite ir kit\u0173, ma\u017e\u0173 \u0161eim\u0173 versl\u0173, rank\u0173 darbo, dovan\u0173 sau ir artimiesiems.","publisher":{"@id":"https:\/\/skaitytaknyga.lt\/#organization"},"potentialAction":[{"@type":"SearchAction","target":{"@type":"EntryPoint","urlTemplate":"https:\/\/skaitytaknyga.lt\/?s={search_term_string}"},"query-input":{"@type":"PropertyValueSpecification","valueRequired":true,"valueName":"search_term_string"}}],"inLanguage":"en-GB"},{"@type":"Organization","@id":"https:\/\/skaitytaknyga.lt\/#organization","name":"skaitytaknyga.lt","url":"https:\/\/skaitytaknyga.lt\/","logo":{"@type":"ImageObject","inLanguage":"en-GB","@id":"https:\/\/skaitytaknyga.lt\/#\/schema\/logo\/image\/","url":"https:\/\/skaitytaknyga.lt\/wp-content\/uploads\/2024\/05\/cropped-cropped-cropped-02_00843_jt3bggkj1j3HLc7SyY6rEUpg.jpeg","contentUrl":"https:\/\/skaitytaknyga.lt\/wp-content\/uploads\/2024\/05\/cropped-cropped-cropped-02_00843_jt3bggkj1j3HLc7SyY6rEUpg.jpeg","width":1600,"height":1600,"caption":"skaitytaknyga.lt"},"image":{"@id":"https:\/\/skaitytaknyga.lt\/#\/schema\/logo\/image\/"},"sameAs":["https:\/\/www.facebook.com\/skaitytaknyga\/"]}]}},"_links":{"self":[{"href":"https:\/\/skaitytaknyga.lt\/en\/wp-json\/wp\/v2\/product\/15637","targetHints":{"allow":["GET"]}}],"collection":[{"href":"https:\/\/skaitytaknyga.lt\/en\/wp-json\/wp\/v2\/product"}],"about":[{"href":"https:\/\/skaitytaknyga.lt\/en\/wp-json\/wp\/v2\/types\/product"}],"replies":[{"embeddable":true,"href":"https:\/\/skaitytaknyga.lt\/en\/wp-json\/wp\/v2\/comments?post=15637"}],"wp:featuredmedia":[{"embeddable":true,"href":"https:\/\/skaitytaknyga.lt\/en\/wp-json\/wp\/v2\/media\/15705"}],"wp:attachment":[{"href":"https:\/\/skaitytaknyga.lt\/en\/wp-json\/wp\/v2\/media?parent=15637"}],"wp:term":[{"taxonomy":"product_brand","embeddable":true,"href":"https:\/\/skaitytaknyga.lt\/en\/wp-json\/wp\/v2\/product_brand?post=15637"},{"taxonomy":"product_cat","embeddable":true,"href":"https:\/\/skaitytaknyga.lt\/en\/wp-json\/wp\/v2\/product_cat?post=15637"},{"taxonomy":"product_tag","embeddable":true,"href":"https:\/\/skaitytaknyga.lt\/en\/wp-json\/wp\/v2\/product_tag?post=15637"}],"curies":[{"name":"wp","href":"https:\/\/api.w.org\/{rel}","templated":true}]}}