{"id":15636,"date":"2024-12-20T13:08:48","date_gmt":"2024-12-20T11:08:48","guid":{"rendered":"https:\/\/skaitytaknyga.lt\/?post_type=product&#038;p=15636"},"modified":"2024-12-23T08:47:46","modified_gmt":"2024-12-23T06:47:46","slug":"senelis-ir-paselusi-jo-komanda","status":"publish","type":"product","link":"https:\/\/skaitytaknyga.lt\/en\/produktas\/senelis-ir-paselusi-jo-komanda\/","title":{"rendered":"Senelis ir pa\u0161\u0117lusi jo komanda"},"content":{"rendered":"<p>Senelis, Ab\u0117 ir jos ma\u017easis broliukas Flinas Karali\u0161kajame atrakcion\u0173 parke imasi pavojingos MISIJOS (arba leid\u017eiasi \u012f pavojing\u0105 misij\u0105). Jiems b\u016btina patekti \u012f prekybos paviljon\u0105, prasibrauti pro pirk\u0117j\u0173 mini\u0105 (arba kovingai nusiteikusius pirk\u0117jus), nugal\u0117ti pavojingus prie\u0161us, \u012fveikti nemenk\u0105 atstum\u0105 ir gauti (arba i\u0161kovoti) mai\u0161el\u012f \u0160OKOLADINI\u0172 IRIS\u0172 SU VY\u0160NIOMIS.<\/p>\n<ul class=\"about-product d-none d-xl-block mt-4\">\n<li><strong>Originalus pavadinimas:<\/strong>\u00a0The Poppa Platoon in World War Chew<\/li>\n<li><strong>Autorius:<\/strong>\u00a0Danny Katz<\/li>\n<li><strong>Leid\u0117jas:<\/strong>\u00a0Alma littera<\/li>\n<li><strong>Metai:<\/strong>\u00a02019<\/li>\n<li><strong>Puslapiai:<\/strong>\u00a0192<\/li>\n<li class=\"toggleable type-new-formats \"><strong>ISBN:<\/strong>\u00a09786090136768<\/li>\n<li><strong>Versijos kodas:<\/strong>\u00a0PT.<\/li>\n<li class=\"toggleable type-new-formats \"><strong>Formatas:<\/strong>\u00a015,5 x 19,5 x 1,7 cm, kieti vir\u0161eliai<\/li>\n<li><strong>Kalba:<\/strong>\u00a0Lietuvi\u0173<\/li>\n<li><strong>Vert\u0117jas:<\/strong>\u00a0Ina Jakait\u0117<\/li>\n<\/ul>\n","protected":false},"excerpt":{"rendered":"<p>Senelis, Ab\u0117 ir jos ma\u017easis broliukas Flinas Karali\u0161kajame atrakcion\u0173 parke imasi pavojingos MISIJOS (arba leid\u017eiasi \u012f pavojing\u0105 misij\u0105). Jiems b\u016btina patekti \u012f prekybos paviljon\u0105, prasibrauti pro pirk\u0117j\u0173 mini\u0105 (arba kovingai nusiteikusius pirk\u0117jus), nugal\u0117ti pavojingus prie\u0161us, \u012fveikti nemenk\u0105 atstum\u0105 ir gauti (arba i\u0161kovoti) mai\u0161el\u012f \u0160OKOLADINI\u0172 IRIS\u0172 SU VY\u0160NIOMIS. Originalus pavadinimas:\u00a0The Poppa Platoon in World War Chew Autorius:\u00a0Danny Katz Leid\u0117jas:\u00a0Alma littera Metai:\u00a02019 Puslapiai:\u00a0192 ISBN:\u00a09786090136768 Versijos kodas:\u00a0PT. Formatas:\u00a015,5 x 19,5 x 1,7 cm, kieti vir\u0161eliai Kalba:\u00a0Lietuvi\u0173 Vert\u0117jas:\u00a0Ina Jakait\u0117<\/p>\n","protected":false},"featured_media":15704,"comment_status":"open","ping_status":"closed","template":"","meta":{"_acf_changed":false,"site-sidebar-layout":"default","site-content-layout":"","ast-site-content-layout":"default","site-content-style":"default","site-sidebar-style":"default","ast-global-header-display":"","ast-banner-title-visibility":"","ast-main-header-display":"","ast-hfb-above-header-display":"","ast-hfb-below-header-display":"","ast-hfb-mobile-header-display":"","site-post-title":"","ast-breadcrumbs-content":"","ast-featured-img":"","footer-sml-layout":"","ast-disable-related-posts":"","theme-transparent-header-meta":"default","adv-header-id-meta":"","stick-header-meta":"","header-above-stick-meta":"","header-main-stick-meta":"","header-below-stick-meta":"","astra-migrate-meta-layouts":"set","ast-page-background-enabled":"default","ast-page-background-meta":{"desktop":{"background-color":"","background-image":"","background-repeat":"repeat","background-position":"center center","background-size":"auto","background-attachment":"scroll","background-type":"","background-media":"","overlay-type":"","overlay-color":"","overlay-opacity":"","overlay-gradient":""},"tablet":{"background-color":"","background-image":"","background-repeat":"repeat","background-position":"center center","background-size":"auto","background-attachment":"scroll","background-type":"","background-media":"","overlay-type":"","overlay-color":"","overlay-opacity":"","overlay-gradient":""},"mobile":{"background-color":"","background-image":"","background-repeat":"repeat","background-position":"center center","background-size":"auto","background-attachment":"scroll","background-type":"","background-media":"","overlay-type":"","overlay-color":"","overlay-opacity":"","overlay-gradient":""}},"ast-content-background-meta":{"desktop":{"background-color":"var(--ast-global-color-4)","background-image":"","background-repeat":"repeat","background-position":"center center","background-size":"auto","background-attachment":"scroll","background-type":"","background-media":"","overlay-type":"","overlay-color":"","overlay-opacity":"","overlay-gradient":""},"tablet":{"background-color":"var(--ast-global-color-4)","background-image":"","background-repeat":"repeat","background-position":"center center","background-size":"auto","background-attachment":"scroll","background-type":"","background-media":"","overlay-type":"","overlay-color":"","overlay-opacity":"","overlay-gradient":""},"mobile":{"background-color":"var(--ast-global-color-4)","background-image":"","background-repeat":"repeat","background-position":"center center","background-size":"auto","background-attachment":"scroll","background-type":"","background-media":"","overlay-type":"","overlay-color":"","overlay-opacity":"","overlay-gradient":""}}},"product_brand":[],"product_cat":[15,35],"product_tag":[],"class_list":{"0":"post-15636","1":"product","2":"type-product","3":"status-publish","4":"has-post-thumbnail","6":"product_cat-uncategorized","7":"product_cat-vaikams-ir-paaugliams","8":"desktop-align-left","9":"tablet-align-left","10":"mobile-align-left","12":"first","13":"instock","14":"shipping-taxable","15":"purchasable","16":"product-type-simple"},"acf":[],"yoast_head":"<!-- This site is optimized with the Yoast SEO plugin v27.0 - https:\/\/yoast.com\/product\/yoast-seo-wordpress\/ -->\n<title>Senelis ir pa\u0161\u0117lusi jo komanda<\/title>\n<meta name=\"description\" content=\"Senelis, Ab\u0117 ir jos ma\u017easis broliukas Flinas Karali\u0161kajame atrakcion\u0173 parke imasi pavojingos MISIJOS (arba leid\u017eiasi \u012f pavojing\u0105 misij\u0105). Jiems b\u016btina\" \/>\n<meta name=\"robots\" content=\"index, follow, max-snippet:-1, max-image-preview:large, max-video-preview:-1\" \/>\n<link rel=\"canonical\" href=\"https:\/\/skaitytaknyga.lt\/en\/produktas\/senelis-ir-paselusi-jo-komanda\/\" \/>\n<meta property=\"og:locale\" content=\"en_GB\" \/>\n<meta property=\"og:locale:alternate\" content=\"lt_LT\" \/>\n<meta property=\"og:type\" content=\"article\" \/>\n<meta property=\"og:title\" content=\"Senelis ir pa\u0161\u0117lusi jo komanda\" \/>\n<meta property=\"og:description\" content=\"Senelis, Ab\u0117 ir jos ma\u017easis broliukas Flinas Karali\u0161kajame atrakcion\u0173 parke imasi pavojingos MISIJOS (arba leid\u017eiasi \u012f pavojing\u0105 misij\u0105). Jiems b\u016btina\" \/>\n<meta property=\"og:url\" content=\"https:\/\/skaitytaknyga.lt\/en\/produktas\/senelis-ir-paselusi-jo-komanda\/\" \/>\n<meta property=\"og:site_name\" content=\"Skaitytaknyga\" \/>\n<meta property=\"article:publisher\" content=\"https:\/\/www.facebook.com\/skaitytaknyga\/\" \/>\n<meta property=\"article:modified_time\" content=\"2024-12-23T06:47:46+00:00\" \/>\n<meta property=\"og:image\" content=\"https:\/\/skaitytaknyga.lt\/wp-content\/uploads\/2024\/12\/Senelis-ir-paselusi-jo-komanda.webp\" \/>\n\t<meta property=\"og:image:width\" content=\"472\" \/>\n\t<meta property=\"og:image:height\" content=\"600\" \/>\n\t<meta property=\"og:image:type\" content=\"image\/webp\" \/>\n<meta name=\"twitter:card\" content=\"summary_large_image\" \/>\n<meta name=\"twitter:label1\" content=\"Estimated reading time\" \/>\n\t<meta name=\"twitter:data1\" content=\"1 minute\" \/>\n<script type=\"application\/ld+json\" class=\"yoast-schema-graph\">{\"@context\":\"https:\/\/schema.org\",\"@graph\":[{\"@type\":\"WebPage\",\"@id\":\"https:\/\/skaitytaknyga.lt\/produktas\/senelis-ir-paselusi-jo-komanda\/\",\"url\":\"https:\/\/skaitytaknyga.lt\/produktas\/senelis-ir-paselusi-jo-komanda\/\",\"name\":\"Senelis ir pa\u0161\u0117lusi jo komanda\",\"isPartOf\":{\"@id\":\"https:\/\/skaitytaknyga.lt\/#website\"},\"primaryImageOfPage\":{\"@id\":\"https:\/\/skaitytaknyga.lt\/produktas\/senelis-ir-paselusi-jo-komanda\/#primaryimage\"},\"image\":{\"@id\":\"https:\/\/skaitytaknyga.lt\/produktas\/senelis-ir-paselusi-jo-komanda\/#primaryimage\"},\"thumbnailUrl\":\"https:\/\/skaitytaknyga.lt\/wp-content\/uploads\/2024\/12\/Senelis-ir-paselusi-jo-komanda.webp\",\"datePublished\":\"2024-12-20T11:08:48+00:00\",\"dateModified\":\"2024-12-23T06:47:46+00:00\",\"description\":\"Senelis, Ab\u0117 ir jos ma\u017easis broliukas Flinas Karali\u0161kajame atrakcion\u0173 parke imasi pavojingos MISIJOS (arba leid\u017eiasi \u012f pavojing\u0105 misij\u0105). Jiems b\u016btina\",\"breadcrumb\":{\"@id\":\"https:\/\/skaitytaknyga.lt\/produktas\/senelis-ir-paselusi-jo-komanda\/#breadcrumb\"},\"inLanguage\":\"en-GB\",\"potentialAction\":[{\"@type\":\"ReadAction\",\"target\":[\"https:\/\/skaitytaknyga.lt\/produktas\/senelis-ir-paselusi-jo-komanda\/\"]}]},{\"@type\":\"ImageObject\",\"inLanguage\":\"en-GB\",\"@id\":\"https:\/\/skaitytaknyga.lt\/produktas\/senelis-ir-paselusi-jo-komanda\/#primaryimage\",\"url\":\"https:\/\/skaitytaknyga.lt\/wp-content\/uploads\/2024\/12\/Senelis-ir-paselusi-jo-komanda.webp\",\"contentUrl\":\"https:\/\/skaitytaknyga.lt\/wp-content\/uploads\/2024\/12\/Senelis-ir-paselusi-jo-komanda.webp\",\"width\":472,\"height\":600,\"caption\":\"Senelis ir pa\u0161\u0117lusi jo komanda\"},{\"@type\":\"BreadcrumbList\",\"@id\":\"https:\/\/skaitytaknyga.lt\/produktas\/senelis-ir-paselusi-jo-komanda\/#breadcrumb\",\"itemListElement\":[{\"@type\":\"ListItem\",\"position\":1,\"name\":\"Home\",\"item\":\"https:\/\/skaitytaknyga.lt\/\"},{\"@type\":\"ListItem\",\"position\":2,\"name\":\"Parduotuv\u0117\",\"item\":\"https:\/\/skaitytaknyga.lt\/knygu-parduotuve\/\"},{\"@type\":\"ListItem\",\"position\":3,\"name\":\"Senelis ir pa\u0161\u0117lusi jo komanda\"}]},{\"@type\":\"WebSite\",\"@id\":\"https:\/\/skaitytaknyga.lt\/#website\",\"url\":\"https:\/\/skaitytaknyga.lt\/\",\"name\":\"skaitytaknyga.lt\",\"description\":\"Skaitytaknyga.lt \u2013 tai ma\u017eas \u0161eimos verslas, kuris prasid\u0117jo nuo meil\u0117s knygoms ir siekio i\u0161gelb\u0117ti knygas nuo likimo prie konteinerio. Kas vienam nereikalingas daiktas \u2013 kitam lobis, o mes esame tarpininkai, kurie padeda abiems tapti laimingesniems ???? \u017dinome kaip nelengva i\u0161gyventi ma\u017eiems verslams, tad nuo \u0161iol, \u010dia rasite ir kit\u0173, ma\u017e\u0173 \u0161eim\u0173 versl\u0173, rank\u0173 darbo, dovan\u0173 sau ir artimiesiems.\",\"publisher\":{\"@id\":\"https:\/\/skaitytaknyga.lt\/#organization\"},\"potentialAction\":[{\"@type\":\"SearchAction\",\"target\":{\"@type\":\"EntryPoint\",\"urlTemplate\":\"https:\/\/skaitytaknyga.lt\/?s={search_term_string}\"},\"query-input\":{\"@type\":\"PropertyValueSpecification\",\"valueRequired\":true,\"valueName\":\"search_term_string\"}}],\"inLanguage\":\"en-GB\"},{\"@type\":\"Organization\",\"@id\":\"https:\/\/skaitytaknyga.lt\/#organization\",\"name\":\"skaitytaknyga.lt\",\"url\":\"https:\/\/skaitytaknyga.lt\/\",\"logo\":{\"@type\":\"ImageObject\",\"inLanguage\":\"en-GB\",\"@id\":\"https:\/\/skaitytaknyga.lt\/#\/schema\/logo\/image\/\",\"url\":\"https:\/\/skaitytaknyga.lt\/wp-content\/uploads\/2024\/05\/cropped-cropped-cropped-02_00843_jt3bggkj1j3HLc7SyY6rEUpg.jpeg\",\"contentUrl\":\"https:\/\/skaitytaknyga.lt\/wp-content\/uploads\/2024\/05\/cropped-cropped-cropped-02_00843_jt3bggkj1j3HLc7SyY6rEUpg.jpeg\",\"width\":1600,\"height\":1600,\"caption\":\"skaitytaknyga.lt\"},\"image\":{\"@id\":\"https:\/\/skaitytaknyga.lt\/#\/schema\/logo\/image\/\"},\"sameAs\":[\"https:\/\/www.facebook.com\/skaitytaknyga\/\"]}]}<\/script>\n<!-- \/ Yoast SEO plugin. -->","yoast_head_json":{"title":"Senelis ir pa\u0161\u0117lusi jo komanda","description":"Senelis, Ab\u0117 ir jos ma\u017easis broliukas Flinas Karali\u0161kajame atrakcion\u0173 parke imasi pavojingos MISIJOS (arba leid\u017eiasi \u012f pavojing\u0105 misij\u0105). Jiems b\u016btina","robots":{"index":"index","follow":"follow","max-snippet":"max-snippet:-1","max-image-preview":"max-image-preview:large","max-video-preview":"max-video-preview:-1"},"canonical":"https:\/\/skaitytaknyga.lt\/en\/produktas\/senelis-ir-paselusi-jo-komanda\/","og_locale":"en_GB","og_type":"article","og_title":"[:lt]Senelis ir pa\u0161\u0117lusi jo komanda[:] - Skaitytaknyga","og_description":"Senelis, Ab\u0117 ir jos ma\u017easis broliukas Flinas Karali\u0161kajame atrakcion\u0173 parke imasi pavojingos MISIJOS (arba leid\u017eiasi \u012f pavojing\u0105 misij\u0105). Jiems b\u016btina","og_url":"https:\/\/skaitytaknyga.lt\/en\/produktas\/senelis-ir-paselusi-jo-komanda\/","og_site_name":"Skaitytaknyga","article_publisher":"https:\/\/www.facebook.com\/skaitytaknyga\/","article_modified_time":"2024-12-23T06:47:46+00:00","og_image":[{"width":472,"height":600,"url":"https:\/\/skaitytaknyga.lt\/wp-content\/uploads\/2024\/12\/Senelis-ir-paselusi-jo-komanda.webp","type":"image\/webp"}],"twitter_card":"summary_large_image","twitter_misc":{"Estimated reading time":"1 minute"},"schema":{"@context":"https:\/\/schema.org","@graph":[{"@type":"WebPage","@id":"https:\/\/skaitytaknyga.lt\/produktas\/senelis-ir-paselusi-jo-komanda\/","url":"https:\/\/skaitytaknyga.lt\/produktas\/senelis-ir-paselusi-jo-komanda\/","name":"Senelis ir pa\u0161\u0117lusi jo komanda","isPartOf":{"@id":"https:\/\/skaitytaknyga.lt\/#website"},"primaryImageOfPage":{"@id":"https:\/\/skaitytaknyga.lt\/produktas\/senelis-ir-paselusi-jo-komanda\/#primaryimage"},"image":{"@id":"https:\/\/skaitytaknyga.lt\/produktas\/senelis-ir-paselusi-jo-komanda\/#primaryimage"},"thumbnailUrl":"https:\/\/skaitytaknyga.lt\/wp-content\/uploads\/2024\/12\/Senelis-ir-paselusi-jo-komanda.webp","datePublished":"2024-12-20T11:08:48+00:00","dateModified":"2024-12-23T06:47:46+00:00","description":"Senelis, Ab\u0117 ir jos ma\u017easis broliukas Flinas Karali\u0161kajame atrakcion\u0173 parke imasi pavojingos MISIJOS (arba leid\u017eiasi \u012f pavojing\u0105 misij\u0105). Jiems b\u016btina","breadcrumb":{"@id":"https:\/\/skaitytaknyga.lt\/produktas\/senelis-ir-paselusi-jo-komanda\/#breadcrumb"},"inLanguage":"en-GB","potentialAction":[{"@type":"ReadAction","target":["https:\/\/skaitytaknyga.lt\/produktas\/senelis-ir-paselusi-jo-komanda\/"]}]},{"@type":"ImageObject","inLanguage":"en-GB","@id":"https:\/\/skaitytaknyga.lt\/produktas\/senelis-ir-paselusi-jo-komanda\/#primaryimage","url":"https:\/\/skaitytaknyga.lt\/wp-content\/uploads\/2024\/12\/Senelis-ir-paselusi-jo-komanda.webp","contentUrl":"https:\/\/skaitytaknyga.lt\/wp-content\/uploads\/2024\/12\/Senelis-ir-paselusi-jo-komanda.webp","width":472,"height":600,"caption":"Senelis ir pa\u0161\u0117lusi jo komanda"},{"@type":"BreadcrumbList","@id":"https:\/\/skaitytaknyga.lt\/produktas\/senelis-ir-paselusi-jo-komanda\/#breadcrumb","itemListElement":[{"@type":"ListItem","position":1,"name":"Home","item":"https:\/\/skaitytaknyga.lt\/"},{"@type":"ListItem","position":2,"name":"Parduotuv\u0117","item":"https:\/\/skaitytaknyga.lt\/knygu-parduotuve\/"},{"@type":"ListItem","position":3,"name":"Senelis ir pa\u0161\u0117lusi jo komanda"}]},{"@type":"WebSite","@id":"https:\/\/skaitytaknyga.lt\/#website","url":"https:\/\/skaitytaknyga.lt\/","name":"skaitytaknyga.lt","description":"Skaitytaknyga.lt \u2013 tai ma\u017eas \u0161eimos verslas, kuris prasid\u0117jo nuo meil\u0117s knygoms ir siekio i\u0161gelb\u0117ti knygas nuo likimo prie konteinerio. Kas vienam nereikalingas daiktas \u2013 kitam lobis, o mes esame tarpininkai, kurie padeda abiems tapti laimingesniems ???? \u017dinome kaip nelengva i\u0161gyventi ma\u017eiems verslams, tad nuo \u0161iol, \u010dia rasite ir kit\u0173, ma\u017e\u0173 \u0161eim\u0173 versl\u0173, rank\u0173 darbo, dovan\u0173 sau ir artimiesiems.","publisher":{"@id":"https:\/\/skaitytaknyga.lt\/#organization"},"potentialAction":[{"@type":"SearchAction","target":{"@type":"EntryPoint","urlTemplate":"https:\/\/skaitytaknyga.lt\/?s={search_term_string}"},"query-input":{"@type":"PropertyValueSpecification","valueRequired":true,"valueName":"search_term_string"}}],"inLanguage":"en-GB"},{"@type":"Organization","@id":"https:\/\/skaitytaknyga.lt\/#organization","name":"skaitytaknyga.lt","url":"https:\/\/skaitytaknyga.lt\/","logo":{"@type":"ImageObject","inLanguage":"en-GB","@id":"https:\/\/skaitytaknyga.lt\/#\/schema\/logo\/image\/","url":"https:\/\/skaitytaknyga.lt\/wp-content\/uploads\/2024\/05\/cropped-cropped-cropped-02_00843_jt3bggkj1j3HLc7SyY6rEUpg.jpeg","contentUrl":"https:\/\/skaitytaknyga.lt\/wp-content\/uploads\/2024\/05\/cropped-cropped-cropped-02_00843_jt3bggkj1j3HLc7SyY6rEUpg.jpeg","width":1600,"height":1600,"caption":"skaitytaknyga.lt"},"image":{"@id":"https:\/\/skaitytaknyga.lt\/#\/schema\/logo\/image\/"},"sameAs":["https:\/\/www.facebook.com\/skaitytaknyga\/"]}]}},"_links":{"self":[{"href":"https:\/\/skaitytaknyga.lt\/en\/wp-json\/wp\/v2\/product\/15636","targetHints":{"allow":["GET"]}}],"collection":[{"href":"https:\/\/skaitytaknyga.lt\/en\/wp-json\/wp\/v2\/product"}],"about":[{"href":"https:\/\/skaitytaknyga.lt\/en\/wp-json\/wp\/v2\/types\/product"}],"replies":[{"embeddable":true,"href":"https:\/\/skaitytaknyga.lt\/en\/wp-json\/wp\/v2\/comments?post=15636"}],"wp:featuredmedia":[{"embeddable":true,"href":"https:\/\/skaitytaknyga.lt\/en\/wp-json\/wp\/v2\/media\/15704"}],"wp:attachment":[{"href":"https:\/\/skaitytaknyga.lt\/en\/wp-json\/wp\/v2\/media?parent=15636"}],"wp:term":[{"taxonomy":"product_brand","embeddable":true,"href":"https:\/\/skaitytaknyga.lt\/en\/wp-json\/wp\/v2\/product_brand?post=15636"},{"taxonomy":"product_cat","embeddable":true,"href":"https:\/\/skaitytaknyga.lt\/en\/wp-json\/wp\/v2\/product_cat?post=15636"},{"taxonomy":"product_tag","embeddable":true,"href":"https:\/\/skaitytaknyga.lt\/en\/wp-json\/wp\/v2\/product_tag?post=15636"}],"curies":[{"name":"wp","href":"https:\/\/api.w.org\/{rel}","templated":true}]}}