{"id":15635,"date":"2024-12-20T13:08:48","date_gmt":"2024-12-20T11:08:48","guid":{"rendered":"https:\/\/skaitytaknyga.lt\/?post_type=product&#038;p=15635"},"modified":"2024-12-23T08:51:48","modified_gmt":"2024-12-23T06:51:48","slug":"hormonu-valsas-2-mergaite-mergina-moteris-vyro-partija-soka-visi","status":"publish","type":"product","link":"https:\/\/skaitytaknyga.lt\/en\/produktas\/hormonu-valsas-2-mergaite-mergina-moteris-vyro-partija-soka-visi\/","title":{"rendered":"Hormon\u0173 valsas 2: mergait\u0117, mergina, moteris + vyro partija. \u0160oka visi!"},"content":{"rendered":"<p>Naujojoje knygoje \u2013 unikalios \u017einios, kurios sukels tikr\u0105 revoliucij\u0105 galvoje! Niekur neskelbta informacija apie imunitet\u0105, moters sveikat\u0105, PMS, kontraceptikus, celiulit\u0105, ankstyv\u0105 \u017eil\u0119, n\u0117\u0161tum\u0105, nat\u016bral\u0173 k\u016bdikio maitinim\u0105 ir daug kit\u0173 dalyk\u0173!<\/p>\n<p>Lig\u0173, anks\u010diau laikyt\u0173 nei\u0161gydomomis, gydymo (siekiant nuolatin\u0117s remisijos) paslaptys. Ir ilgai laukta vyro partija, kurios taip tr\u016bko pirmojoje knygoje\u00a0\u201eHormon\u0173 valsas&#8221;\u00a0ir kurios pra\u0161\u0117 \u0161imtai t\u016bkstan\u010di\u0173 skaitytoj\u0173! Rasite svarbiausi\u0105 informacij\u0105 apie vyri\u0161kus hormonus, stres\u0105, plikim\u0105, alaus pilvuk\u0105, tinkam\u0105 mityb\u0105, andropauz\u0119.<\/p>\n<ul class=\"about-product d-none d-xl-block mt-4\">\n<li><strong>Autorius:<\/strong>\u00a0Natalija Zubareva<\/li>\n<li><strong>Leid\u0117jas:<\/strong>\u00a0Li\u016btai ne avys<\/li>\n<li><strong>Metai:<\/strong>\u00a02020<\/li>\n<li><strong>Puslapiai:<\/strong>\u00a0368<\/li>\n<li class=\"toggleable type-new-formats \"><strong>ISBN:<\/strong>\u00a09786098254280<\/li>\n<li><strong>Versijos kodas:<\/strong>\u00a03<\/li>\n<li class=\"toggleable type-new-formats \"><strong>Formatas:<\/strong>\u00a014,5 x 21 x 0,3 cm, kieti vir\u0161eliai<\/li>\n<li><strong>Kalba:<\/strong>\u00a0Lietuvi\u0173<\/li>\n<li><strong>Vert\u0117jas:<\/strong>\u00a0Rima Misi\u016bnien\u0117<\/li>\n<li><strong>Knyg\u0173 serija:<\/strong>\u00a0Li\u016bt\u0117ms<\/li>\n<\/ul>\n","protected":false},"excerpt":{"rendered":"<p>Naujojoje knygoje \u2013 unikalios \u017einios, kurios sukels tikr\u0105 revoliucij\u0105 galvoje! Niekur neskelbta informacija apie imunitet\u0105, moters sveikat\u0105, PMS, kontraceptikus, celiulit\u0105, ankstyv\u0105 \u017eil\u0119, n\u0117\u0161tum\u0105, nat\u016bral\u0173 k\u016bdikio maitinim\u0105 ir daug kit\u0173 dalyk\u0173! Lig\u0173, anks\u010diau laikyt\u0173 nei\u0161gydomomis, gydymo (siekiant nuolatin\u0117s remisijos) paslaptys. Ir ilgai laukta vyro partija, kurios taip tr\u016bko pirmojoje knygoje\u00a0\u201eHormon\u0173 valsas&#8221;\u00a0ir kurios pra\u0161\u0117 \u0161imtai t\u016bkstan\u010di\u0173 skaitytoj\u0173! Rasite svarbiausi\u0105 informacij\u0105 apie vyri\u0161kus hormonus, stres\u0105, plikim\u0105, alaus pilvuk\u0105, tinkam\u0105 mityb\u0105, andropauz\u0119. Autorius:\u00a0Natalija Zubareva Leid\u0117jas:\u00a0Li\u016btai ne avys Metai:\u00a02020 Puslapiai:\u00a0368 ISBN:\u00a09786098254280 Versijos kodas:\u00a03 Formatas:\u00a014,5 x 21 x 0,3 cm, kieti vir\u0161eliai Kalba:\u00a0Lietuvi\u0173 Vert\u0117jas:\u00a0Rima Misi\u016bnien\u0117 Knyg\u0173 serija:\u00a0Li\u016bt\u0117ms<\/p>\n","protected":false},"featured_media":15708,"comment_status":"open","ping_status":"closed","template":"","meta":{"_acf_changed":false,"site-sidebar-layout":"default","site-content-layout":"","ast-site-content-layout":"default","site-content-style":"default","site-sidebar-style":"default","ast-global-header-display":"","ast-banner-title-visibility":"","ast-main-header-display":"","ast-hfb-above-header-display":"","ast-hfb-below-header-display":"","ast-hfb-mobile-header-display":"","site-post-title":"","ast-breadcrumbs-content":"","ast-featured-img":"","footer-sml-layout":"","ast-disable-related-posts":"","theme-transparent-header-meta":"default","adv-header-id-meta":"","stick-header-meta":"","header-above-stick-meta":"","header-main-stick-meta":"","header-below-stick-meta":"","astra-migrate-meta-layouts":"set","ast-page-background-enabled":"default","ast-page-background-meta":{"desktop":{"background-color":"","background-image":"","background-repeat":"repeat","background-position":"center center","background-size":"auto","background-attachment":"scroll","background-type":"","background-media":"","overlay-type":"","overlay-color":"","overlay-opacity":"","overlay-gradient":""},"tablet":{"background-color":"","background-image":"","background-repeat":"repeat","background-position":"center center","background-size":"auto","background-attachment":"scroll","background-type":"","background-media":"","overlay-type":"","overlay-color":"","overlay-opacity":"","overlay-gradient":""},"mobile":{"background-color":"","background-image":"","background-repeat":"repeat","background-position":"center center","background-size":"auto","background-attachment":"scroll","background-type":"","background-media":"","overlay-type":"","overlay-color":"","overlay-opacity":"","overlay-gradient":""}},"ast-content-background-meta":{"desktop":{"background-color":"var(--ast-global-color-4)","background-image":"","background-repeat":"repeat","background-position":"center center","background-size":"auto","background-attachment":"scroll","background-type":"","background-media":"","overlay-type":"","overlay-color":"","overlay-opacity":"","overlay-gradient":""},"tablet":{"background-color":"var(--ast-global-color-4)","background-image":"","background-repeat":"repeat","background-position":"center center","background-size":"auto","background-attachment":"scroll","background-type":"","background-media":"","overlay-type":"","overlay-color":"","overlay-opacity":"","overlay-gradient":""},"mobile":{"background-color":"var(--ast-global-color-4)","background-image":"","background-repeat":"repeat","background-position":"center center","background-size":"auto","background-attachment":"scroll","background-type":"","background-media":"","overlay-type":"","overlay-color":"","overlay-opacity":"","overlay-gradient":""}}},"product_brand":[],"product_cat":[15,55],"product_tag":[],"class_list":{"0":"post-15635","1":"product","2":"type-product","3":"status-publish","4":"has-post-thumbnail","6":"product_cat-uncategorized","7":"product_cat-sveikata-ir-sveika-mityba","8":"desktop-align-left","9":"tablet-align-left","10":"mobile-align-left","12":"first","13":"instock","14":"shipping-taxable","15":"purchasable","16":"product-type-simple"},"acf":[],"yoast_head":"<!-- This site is optimized with the Yoast SEO plugin v27.0 - https:\/\/yoast.com\/product\/yoast-seo-wordpress\/ -->\n<title>Hormon\u0173 valsas 2: mergait\u0117, mergina, moteris + vyro partija. \u0160oka visi!<\/title>\n<meta name=\"description\" content=\"Naujojoje knygoje \u2013 unikalios \u017einios, kurios sukels tikr\u0105 revoliucij\u0105 galvoje! Niekur neskelbta informacija apie imunitet\u0105, moters sveikat\u0105, PMS,\" \/>\n<meta name=\"robots\" content=\"index, follow, max-snippet:-1, max-image-preview:large, max-video-preview:-1\" \/>\n<link rel=\"canonical\" href=\"https:\/\/skaitytaknyga.lt\/en\/produktas\/hormonu-valsas-2-mergaite-mergina-moteris-vyro-partija-soka-visi\/\" \/>\n<meta property=\"og:locale\" content=\"en_GB\" \/>\n<meta property=\"og:locale:alternate\" content=\"lt_LT\" \/>\n<meta property=\"og:type\" content=\"article\" \/>\n<meta property=\"og:title\" content=\"Hormon\u0173 valsas 2: mergait\u0117, mergina, moteris + vyro partija. \u0160oka visi!\" \/>\n<meta property=\"og:description\" content=\"Naujojoje knygoje \u2013 unikalios \u017einios, kurios sukels tikr\u0105 revoliucij\u0105 galvoje! Niekur neskelbta informacija apie imunitet\u0105, moters sveikat\u0105, PMS,\" \/>\n<meta property=\"og:url\" content=\"https:\/\/skaitytaknyga.lt\/en\/produktas\/hormonu-valsas-2-mergaite-mergina-moteris-vyro-partija-soka-visi\/\" \/>\n<meta property=\"og:site_name\" content=\"Skaitytaknyga\" \/>\n<meta property=\"article:publisher\" content=\"https:\/\/www.facebook.com\/skaitytaknyga\/\" \/>\n<meta property=\"article:modified_time\" content=\"2024-12-23T06:51:48+00:00\" \/>\n<meta property=\"og:image\" content=\"https:\/\/skaitytaknyga.lt\/wp-content\/uploads\/2024\/12\/Hormonu-valsas-2mergaite-mergina-moteris-vyro-partija.-Soka-visi.webp\" \/>\n\t<meta property=\"og:image:width\" content=\"564\" \/>\n\t<meta property=\"og:image:height\" content=\"800\" \/>\n\t<meta property=\"og:image:type\" content=\"image\/webp\" \/>\n<meta name=\"twitter:card\" content=\"summary_large_image\" \/>\n<meta name=\"twitter:label1\" content=\"Estimated reading time\" \/>\n\t<meta name=\"twitter:data1\" content=\"1 minute\" \/>\n<script type=\"application\/ld+json\" class=\"yoast-schema-graph\">{\"@context\":\"https:\/\/schema.org\",\"@graph\":[{\"@type\":\"WebPage\",\"@id\":\"https:\/\/skaitytaknyga.lt\/produktas\/hormonu-valsas-2-mergaite-mergina-moteris-vyro-partija-soka-visi\/\",\"url\":\"https:\/\/skaitytaknyga.lt\/produktas\/hormonu-valsas-2-mergaite-mergina-moteris-vyro-partija-soka-visi\/\",\"name\":\"Hormon\u0173 valsas 2: mergait\u0117, mergina, moteris + vyro partija. \u0160oka visi!\",\"isPartOf\":{\"@id\":\"https:\/\/skaitytaknyga.lt\/#website\"},\"primaryImageOfPage\":{\"@id\":\"https:\/\/skaitytaknyga.lt\/produktas\/hormonu-valsas-2-mergaite-mergina-moteris-vyro-partija-soka-visi\/#primaryimage\"},\"image\":{\"@id\":\"https:\/\/skaitytaknyga.lt\/produktas\/hormonu-valsas-2-mergaite-mergina-moteris-vyro-partija-soka-visi\/#primaryimage\"},\"thumbnailUrl\":\"https:\/\/skaitytaknyga.lt\/wp-content\/uploads\/2024\/12\/Hormonu-valsas-2mergaite-mergina-moteris-vyro-partija.-Soka-visi.webp\",\"datePublished\":\"2024-12-20T11:08:48+00:00\",\"dateModified\":\"2024-12-23T06:51:48+00:00\",\"description\":\"Naujojoje knygoje \u2013 unikalios \u017einios, kurios sukels tikr\u0105 revoliucij\u0105 galvoje! Niekur neskelbta informacija apie imunitet\u0105, moters sveikat\u0105, PMS,\",\"breadcrumb\":{\"@id\":\"https:\/\/skaitytaknyga.lt\/produktas\/hormonu-valsas-2-mergaite-mergina-moteris-vyro-partija-soka-visi\/#breadcrumb\"},\"inLanguage\":\"en-GB\",\"potentialAction\":[{\"@type\":\"ReadAction\",\"target\":[\"https:\/\/skaitytaknyga.lt\/produktas\/hormonu-valsas-2-mergaite-mergina-moteris-vyro-partija-soka-visi\/\"]}]},{\"@type\":\"ImageObject\",\"inLanguage\":\"en-GB\",\"@id\":\"https:\/\/skaitytaknyga.lt\/produktas\/hormonu-valsas-2-mergaite-mergina-moteris-vyro-partija-soka-visi\/#primaryimage\",\"url\":\"https:\/\/skaitytaknyga.lt\/wp-content\/uploads\/2024\/12\/Hormonu-valsas-2mergaite-mergina-moteris-vyro-partija.-Soka-visi.webp\",\"contentUrl\":\"https:\/\/skaitytaknyga.lt\/wp-content\/uploads\/2024\/12\/Hormonu-valsas-2mergaite-mergina-moteris-vyro-partija.-Soka-visi.webp\",\"width\":564,\"height\":800,\"caption\":\"Hormon\u0173 valsas 2: mergait\u0117, mergina, moteris + vyro partija. \u0160oka visi!\"},{\"@type\":\"BreadcrumbList\",\"@id\":\"https:\/\/skaitytaknyga.lt\/produktas\/hormonu-valsas-2-mergaite-mergina-moteris-vyro-partija-soka-visi\/#breadcrumb\",\"itemListElement\":[{\"@type\":\"ListItem\",\"position\":1,\"name\":\"Home\",\"item\":\"https:\/\/skaitytaknyga.lt\/\"},{\"@type\":\"ListItem\",\"position\":2,\"name\":\"Parduotuv\u0117\",\"item\":\"https:\/\/skaitytaknyga.lt\/knygu-parduotuve\/\"},{\"@type\":\"ListItem\",\"position\":3,\"name\":\"Hormon\u0173 valsas 2: mergait\u0117, mergina, moteris + vyro partija. \u0160oka visi!\"}]},{\"@type\":\"WebSite\",\"@id\":\"https:\/\/skaitytaknyga.lt\/#website\",\"url\":\"https:\/\/skaitytaknyga.lt\/\",\"name\":\"skaitytaknyga.lt\",\"description\":\"Skaitytaknyga.lt \u2013 tai ma\u017eas \u0161eimos verslas, kuris prasid\u0117jo nuo meil\u0117s knygoms ir siekio i\u0161gelb\u0117ti knygas nuo likimo prie konteinerio. Kas vienam nereikalingas daiktas \u2013 kitam lobis, o mes esame tarpininkai, kurie padeda abiems tapti laimingesniems ???? \u017dinome kaip nelengva i\u0161gyventi ma\u017eiems verslams, tad nuo \u0161iol, \u010dia rasite ir kit\u0173, ma\u017e\u0173 \u0161eim\u0173 versl\u0173, rank\u0173 darbo, dovan\u0173 sau ir artimiesiems.\",\"publisher\":{\"@id\":\"https:\/\/skaitytaknyga.lt\/#organization\"},\"potentialAction\":[{\"@type\":\"SearchAction\",\"target\":{\"@type\":\"EntryPoint\",\"urlTemplate\":\"https:\/\/skaitytaknyga.lt\/?s={search_term_string}\"},\"query-input\":{\"@type\":\"PropertyValueSpecification\",\"valueRequired\":true,\"valueName\":\"search_term_string\"}}],\"inLanguage\":\"en-GB\"},{\"@type\":\"Organization\",\"@id\":\"https:\/\/skaitytaknyga.lt\/#organization\",\"name\":\"skaitytaknyga.lt\",\"url\":\"https:\/\/skaitytaknyga.lt\/\",\"logo\":{\"@type\":\"ImageObject\",\"inLanguage\":\"en-GB\",\"@id\":\"https:\/\/skaitytaknyga.lt\/#\/schema\/logo\/image\/\",\"url\":\"https:\/\/skaitytaknyga.lt\/wp-content\/uploads\/2024\/05\/cropped-cropped-cropped-02_00843_jt3bggkj1j3HLc7SyY6rEUpg.jpeg\",\"contentUrl\":\"https:\/\/skaitytaknyga.lt\/wp-content\/uploads\/2024\/05\/cropped-cropped-cropped-02_00843_jt3bggkj1j3HLc7SyY6rEUpg.jpeg\",\"width\":1600,\"height\":1600,\"caption\":\"skaitytaknyga.lt\"},\"image\":{\"@id\":\"https:\/\/skaitytaknyga.lt\/#\/schema\/logo\/image\/\"},\"sameAs\":[\"https:\/\/www.facebook.com\/skaitytaknyga\/\"]}]}<\/script>\n<!-- \/ Yoast SEO plugin. -->","yoast_head_json":{"title":"Hormon\u0173 valsas 2: mergait\u0117, mergina, moteris + vyro partija. \u0160oka visi!","description":"Naujojoje knygoje \u2013 unikalios \u017einios, kurios sukels tikr\u0105 revoliucij\u0105 galvoje! Niekur neskelbta informacija apie imunitet\u0105, moters sveikat\u0105, PMS,","robots":{"index":"index","follow":"follow","max-snippet":"max-snippet:-1","max-image-preview":"max-image-preview:large","max-video-preview":"max-video-preview:-1"},"canonical":"https:\/\/skaitytaknyga.lt\/en\/produktas\/hormonu-valsas-2-mergaite-mergina-moteris-vyro-partija-soka-visi\/","og_locale":"en_GB","og_type":"article","og_title":"[:lt]Hormon\u0173 valsas 2: mergait\u0117, mergina, moteris + vyro partija. \u0160oka visi![:] - Skaitytaknyga","og_description":"Naujojoje knygoje \u2013 unikalios \u017einios, kurios sukels tikr\u0105 revoliucij\u0105 galvoje! Niekur neskelbta informacija apie imunitet\u0105, moters sveikat\u0105, PMS,","og_url":"https:\/\/skaitytaknyga.lt\/en\/produktas\/hormonu-valsas-2-mergaite-mergina-moteris-vyro-partija-soka-visi\/","og_site_name":"Skaitytaknyga","article_publisher":"https:\/\/www.facebook.com\/skaitytaknyga\/","article_modified_time":"2024-12-23T06:51:48+00:00","og_image":[{"width":564,"height":800,"url":"https:\/\/skaitytaknyga.lt\/wp-content\/uploads\/2024\/12\/Hormonu-valsas-2mergaite-mergina-moteris-vyro-partija.-Soka-visi.webp","type":"image\/webp"}],"twitter_card":"summary_large_image","twitter_misc":{"Estimated reading time":"1 minute"},"schema":{"@context":"https:\/\/schema.org","@graph":[{"@type":"WebPage","@id":"https:\/\/skaitytaknyga.lt\/produktas\/hormonu-valsas-2-mergaite-mergina-moteris-vyro-partija-soka-visi\/","url":"https:\/\/skaitytaknyga.lt\/produktas\/hormonu-valsas-2-mergaite-mergina-moteris-vyro-partija-soka-visi\/","name":"Hormon\u0173 valsas 2: mergait\u0117, mergina, moteris + vyro partija. \u0160oka visi!","isPartOf":{"@id":"https:\/\/skaitytaknyga.lt\/#website"},"primaryImageOfPage":{"@id":"https:\/\/skaitytaknyga.lt\/produktas\/hormonu-valsas-2-mergaite-mergina-moteris-vyro-partija-soka-visi\/#primaryimage"},"image":{"@id":"https:\/\/skaitytaknyga.lt\/produktas\/hormonu-valsas-2-mergaite-mergina-moteris-vyro-partija-soka-visi\/#primaryimage"},"thumbnailUrl":"https:\/\/skaitytaknyga.lt\/wp-content\/uploads\/2024\/12\/Hormonu-valsas-2mergaite-mergina-moteris-vyro-partija.-Soka-visi.webp","datePublished":"2024-12-20T11:08:48+00:00","dateModified":"2024-12-23T06:51:48+00:00","description":"Naujojoje knygoje \u2013 unikalios \u017einios, kurios sukels tikr\u0105 revoliucij\u0105 galvoje! Niekur neskelbta informacija apie imunitet\u0105, moters sveikat\u0105, PMS,","breadcrumb":{"@id":"https:\/\/skaitytaknyga.lt\/produktas\/hormonu-valsas-2-mergaite-mergina-moteris-vyro-partija-soka-visi\/#breadcrumb"},"inLanguage":"en-GB","potentialAction":[{"@type":"ReadAction","target":["https:\/\/skaitytaknyga.lt\/produktas\/hormonu-valsas-2-mergaite-mergina-moteris-vyro-partija-soka-visi\/"]}]},{"@type":"ImageObject","inLanguage":"en-GB","@id":"https:\/\/skaitytaknyga.lt\/produktas\/hormonu-valsas-2-mergaite-mergina-moteris-vyro-partija-soka-visi\/#primaryimage","url":"https:\/\/skaitytaknyga.lt\/wp-content\/uploads\/2024\/12\/Hormonu-valsas-2mergaite-mergina-moteris-vyro-partija.-Soka-visi.webp","contentUrl":"https:\/\/skaitytaknyga.lt\/wp-content\/uploads\/2024\/12\/Hormonu-valsas-2mergaite-mergina-moteris-vyro-partija.-Soka-visi.webp","width":564,"height":800,"caption":"Hormon\u0173 valsas 2: mergait\u0117, mergina, moteris + vyro partija. \u0160oka visi!"},{"@type":"BreadcrumbList","@id":"https:\/\/skaitytaknyga.lt\/produktas\/hormonu-valsas-2-mergaite-mergina-moteris-vyro-partija-soka-visi\/#breadcrumb","itemListElement":[{"@type":"ListItem","position":1,"name":"Home","item":"https:\/\/skaitytaknyga.lt\/"},{"@type":"ListItem","position":2,"name":"Parduotuv\u0117","item":"https:\/\/skaitytaknyga.lt\/knygu-parduotuve\/"},{"@type":"ListItem","position":3,"name":"Hormon\u0173 valsas 2: mergait\u0117, mergina, moteris + vyro partija. \u0160oka visi!"}]},{"@type":"WebSite","@id":"https:\/\/skaitytaknyga.lt\/#website","url":"https:\/\/skaitytaknyga.lt\/","name":"skaitytaknyga.lt","description":"Skaitytaknyga.lt \u2013 tai ma\u017eas \u0161eimos verslas, kuris prasid\u0117jo nuo meil\u0117s knygoms ir siekio i\u0161gelb\u0117ti knygas nuo likimo prie konteinerio. Kas vienam nereikalingas daiktas \u2013 kitam lobis, o mes esame tarpininkai, kurie padeda abiems tapti laimingesniems ???? \u017dinome kaip nelengva i\u0161gyventi ma\u017eiems verslams, tad nuo \u0161iol, \u010dia rasite ir kit\u0173, ma\u017e\u0173 \u0161eim\u0173 versl\u0173, rank\u0173 darbo, dovan\u0173 sau ir artimiesiems.","publisher":{"@id":"https:\/\/skaitytaknyga.lt\/#organization"},"potentialAction":[{"@type":"SearchAction","target":{"@type":"EntryPoint","urlTemplate":"https:\/\/skaitytaknyga.lt\/?s={search_term_string}"},"query-input":{"@type":"PropertyValueSpecification","valueRequired":true,"valueName":"search_term_string"}}],"inLanguage":"en-GB"},{"@type":"Organization","@id":"https:\/\/skaitytaknyga.lt\/#organization","name":"skaitytaknyga.lt","url":"https:\/\/skaitytaknyga.lt\/","logo":{"@type":"ImageObject","inLanguage":"en-GB","@id":"https:\/\/skaitytaknyga.lt\/#\/schema\/logo\/image\/","url":"https:\/\/skaitytaknyga.lt\/wp-content\/uploads\/2024\/05\/cropped-cropped-cropped-02_00843_jt3bggkj1j3HLc7SyY6rEUpg.jpeg","contentUrl":"https:\/\/skaitytaknyga.lt\/wp-content\/uploads\/2024\/05\/cropped-cropped-cropped-02_00843_jt3bggkj1j3HLc7SyY6rEUpg.jpeg","width":1600,"height":1600,"caption":"skaitytaknyga.lt"},"image":{"@id":"https:\/\/skaitytaknyga.lt\/#\/schema\/logo\/image\/"},"sameAs":["https:\/\/www.facebook.com\/skaitytaknyga\/"]}]}},"_links":{"self":[{"href":"https:\/\/skaitytaknyga.lt\/en\/wp-json\/wp\/v2\/product\/15635","targetHints":{"allow":["GET"]}}],"collection":[{"href":"https:\/\/skaitytaknyga.lt\/en\/wp-json\/wp\/v2\/product"}],"about":[{"href":"https:\/\/skaitytaknyga.lt\/en\/wp-json\/wp\/v2\/types\/product"}],"replies":[{"embeddable":true,"href":"https:\/\/skaitytaknyga.lt\/en\/wp-json\/wp\/v2\/comments?post=15635"}],"wp:featuredmedia":[{"embeddable":true,"href":"https:\/\/skaitytaknyga.lt\/en\/wp-json\/wp\/v2\/media\/15708"}],"wp:attachment":[{"href":"https:\/\/skaitytaknyga.lt\/en\/wp-json\/wp\/v2\/media?parent=15635"}],"wp:term":[{"taxonomy":"product_brand","embeddable":true,"href":"https:\/\/skaitytaknyga.lt\/en\/wp-json\/wp\/v2\/product_brand?post=15635"},{"taxonomy":"product_cat","embeddable":true,"href":"https:\/\/skaitytaknyga.lt\/en\/wp-json\/wp\/v2\/product_cat?post=15635"},{"taxonomy":"product_tag","embeddable":true,"href":"https:\/\/skaitytaknyga.lt\/en\/wp-json\/wp\/v2\/product_tag?post=15635"}],"curies":[{"name":"wp","href":"https:\/\/api.w.org\/{rel}","templated":true}]}}