{"id":15633,"date":"2024-12-20T09:52:46","date_gmt":"2024-12-20T07:52:46","guid":{"rendered":"https:\/\/skaitytaknyga.lt\/?post_type=product&#038;p=15633"},"modified":"2025-06-11T11:12:21","modified_gmt":"2025-06-11T08:12:21","slug":"pienas-su-medum","status":"publish","type":"product","link":"https:\/\/skaitytaknyga.lt\/en\/produktas\/pienas-su-medum\/","title":{"rendered":"pienas su medum"},"content":{"rendered":"<p><em>tai kelion\u0117<\/em><br \/>\n<em>i\u0161likimas per poezij\u0105<\/em><br \/>\n<em>tai kraujas prakaitas a\u0161aros<\/em><br \/>\n<em>dvide\u0161imt vien\u0173 met\u0173<\/em><br \/>\n<em>tai mano \u0161irdis<\/em><br \/>\n<em>tavo rankose<\/em><br \/>\n<em>tai<\/em><br \/>\n<em>skausmas<\/em><br \/>\n<em>meil\u0117<\/em><br \/>\n<em>skyrybos<\/em><br \/>\n<em>i\u0161gijimas<\/em><\/p>\n<p>rupi kaur<\/p>\n<p><strong>Rupi Kaur<\/strong>\u00a0(g. 1992) \u2013 Kanadoje augusi ind\u0173 kilm\u0117s poet\u0117, iliustrator\u0117 ir gyv\u0173 poezijos skaitym\u0173 autor\u0117. Debiutin\u0117 Kaur poezijos knyga\u00a0<strong>\u201epienas su medum&#8221;<\/strong>\u00a0\u2013 tai jautriai ir atvirai apie meil\u0119, praradimus, smurt\u0105, seksualin\u012f priekabiavim\u0105 ir moteri\u0161kum\u0105 pasakojantys poezijos ir prozos tekstai. Vos pasirod\u017eiusi, knyga tapo tarptautiniu hitu, o auk\u0161\u010diausioje \u201eNew York Times&#8221; bestseleri\u0173 s\u0105ra\u0161o pozicijoje i\u0161silaik\u0117 net 100 savai\u010di\u0173 i\u0161 eil\u0117s.<strong>\u00a0\u201epienas su medum&#8221;<\/strong>\u00a0i\u0161verstas \u012f daugiau nei 35 kalbas, o 2018 m. vasar\u0105 tapo 20-uoju Emmos Watson feministinio knyg\u0173 klubo skaitomu k\u016briniu.<\/p>\n<ul class=\"about-product d-none d-xl-block mt-4\">\n<li><strong>Originalus pavadinimas:<\/strong>\u00a0milk and honey<\/li>\n<li><strong>Autorius:<\/strong>\u00a0Rupi Kaur<\/li>\n<li><strong>Leid\u0117jas:<\/strong>\u00a0Baltos lankos<\/li>\n<li><strong>Metai:<\/strong>\u00a02021<\/li>\n<li><strong>Puslapiai:<\/strong>\u00a0208<\/li>\n<li class=\"toggleable type-new-formats \"><strong>ISBN:<\/strong>\u00a09786094791178<\/li>\n<li><strong>Versijos kodas:<\/strong>\u00a0PT.<\/li>\n<li class=\"toggleable type-new-formats \"><strong>Formatas:<\/strong>\u00a012,7 x 19,7 x 1 cm, mink\u0161ti vir\u0161eliai<\/li>\n<li><strong>Kalba:<\/strong>\u00a0Lietuvi\u0173<\/li>\n<li><strong>Vert\u0117jas:<\/strong>\u00a0Gabriel\u0117 Gaili\u016bt\u0117-Bernotien\u0117<\/li>\n<\/ul>\n","protected":false},"excerpt":{"rendered":"<p>tai kelion\u0117 i\u0161likimas per poezij\u0105 tai kraujas prakaitas a\u0161aros dvide\u0161imt vien\u0173 met\u0173 tai mano \u0161irdis tavo rankose tai skausmas meil\u0117 skyrybos i\u0161gijimas rupi kaur Rupi Kaur\u00a0(g. 1992) \u2013 Kanadoje augusi ind\u0173 kilm\u0117s poet\u0117, iliustrator\u0117 ir gyv\u0173 poezijos skaitym\u0173 autor\u0117. Debiutin\u0117 Kaur poezijos knyga\u00a0\u201epienas su medum&#8221;\u00a0\u2013 tai jautriai ir atvirai apie meil\u0119, praradimus, smurt\u0105, seksualin\u012f priekabiavim\u0105 ir moteri\u0161kum\u0105 pasakojantys poezijos ir prozos tekstai. Vos pasirod\u017eiusi, knyga tapo tarptautiniu hitu, o auk\u0161\u010diausioje \u201eNew York Times&#8221; bestseleri\u0173 s\u0105ra\u0161o pozicijoje i\u0161silaik\u0117 net 100 savai\u010di\u0173 i\u0161 eil\u0117s.\u00a0\u201epienas su medum&#8221;\u00a0i\u0161verstas \u012f daugiau nei 35 kalbas, o 2018 m. vasar\u0105 tapo 20-uoju Emmos Watson feministinio knyg\u0173 klubo skaitomu k\u016briniu. Originalus pavadinimas:\u00a0milk and honey Autorius:\u00a0Rupi Kaur Leid\u0117jas:\u00a0Baltos lankos Metai:\u00a02021 Puslapiai:\u00a0208 ISBN:\u00a09786094791178 Versijos kodas:\u00a0PT. Formatas:\u00a012,7 x 19,7 x 1 cm, mink\u0161ti vir\u0161eliai Kalba:\u00a0Lietuvi\u0173 Vert\u0117jas:\u00a0Gabriel\u0117 Gaili\u016bt\u0117-Bernotien\u0117<\/p>\n","protected":false},"featured_media":15709,"comment_status":"open","ping_status":"closed","template":"","meta":{"_acf_changed":false,"site-sidebar-layout":"default","site-content-layout":"","ast-site-content-layout":"default","site-content-style":"default","site-sidebar-style":"default","ast-global-header-display":"","ast-banner-title-visibility":"","ast-main-header-display":"","ast-hfb-above-header-display":"","ast-hfb-below-header-display":"","ast-hfb-mobile-header-display":"","site-post-title":"","ast-breadcrumbs-content":"","ast-featured-img":"","footer-sml-layout":"","ast-disable-related-posts":"","theme-transparent-header-meta":"default","adv-header-id-meta":"","stick-header-meta":"","header-above-stick-meta":"","header-main-stick-meta":"","header-below-stick-meta":"","astra-migrate-meta-layouts":"set","ast-page-background-enabled":"default","ast-page-background-meta":{"desktop":{"background-color":"","background-image":"","background-repeat":"repeat","background-position":"center center","background-size":"auto","background-attachment":"scroll","background-type":"","background-media":"","overlay-type":"","overlay-color":"","overlay-opacity":"","overlay-gradient":""},"tablet":{"background-color":"","background-image":"","background-repeat":"repeat","background-position":"center center","background-size":"auto","background-attachment":"scroll","background-type":"","background-media":"","overlay-type":"","overlay-color":"","overlay-opacity":"","overlay-gradient":""},"mobile":{"background-color":"","background-image":"","background-repeat":"repeat","background-position":"center center","background-size":"auto","background-attachment":"scroll","background-type":"","background-media":"","overlay-type":"","overlay-color":"","overlay-opacity":"","overlay-gradient":""}},"ast-content-background-meta":{"desktop":{"background-color":"var(--ast-global-color-4)","background-image":"","background-repeat":"repeat","background-position":"center center","background-size":"auto","background-attachment":"scroll","background-type":"","background-media":"","overlay-type":"","overlay-color":"","overlay-opacity":"","overlay-gradient":""},"tablet":{"background-color":"var(--ast-global-color-4)","background-image":"","background-repeat":"repeat","background-position":"center center","background-size":"auto","background-attachment":"scroll","background-type":"","background-media":"","overlay-type":"","overlay-color":"","overlay-opacity":"","overlay-gradient":""},"mobile":{"background-color":"var(--ast-global-color-4)","background-image":"","background-repeat":"repeat","background-position":"center center","background-size":"auto","background-attachment":"scroll","background-type":"","background-media":"","overlay-type":"","overlay-color":"","overlay-opacity":"","overlay-gradient":""}}},"product_brand":[],"product_cat":[31,15],"product_tag":[1525,5026,1796,5024,1809,5027,5025,2922],"class_list":{"0":"post-15633","1":"product","2":"type-product","3":"status-publish","4":"has-post-thumbnail","6":"product_cat-grozine-literatura","7":"product_cat-uncategorized","8":"product_tag-emocijos","9":"product_tag-gydymasis","10":"product_tag-meile","11":"product_tag-moteriskumas","12":"product_tag-poezija","13":"product_tag-rupi-kaur","14":"product_tag-seksualinis-priekabiavimas","15":"product_tag-smurtas","16":"desktop-align-left","17":"tablet-align-left","18":"mobile-align-left","20":"first","21":"outofstock","22":"shipping-taxable","23":"purchasable","24":"product-type-simple"},"acf":[],"yoast_head":"<!-- This site is optimized with the Yoast SEO plugin v27.0 - https:\/\/yoast.com\/product\/yoast-seo-wordpress\/ -->\n<title>pienas su medum<\/title>\n<meta name=\"description\" content=\"tai kelion\u0117 i\u0161likimas per poezij\u0105 tai kraujas prakaitas a\u0161aros dvide\u0161imt vien\u0173 met\u0173 tai mano \u0161irdis tavo rankose tai skausmas meil\u0117 skyrybos i\u0161gijimas\" \/>\n<meta name=\"robots\" content=\"index, follow, max-snippet:-1, max-image-preview:large, max-video-preview:-1\" \/>\n<link rel=\"canonical\" href=\"https:\/\/skaitytaknyga.lt\/en\/produktas\/pienas-su-medum\/\" \/>\n<meta property=\"og:locale\" content=\"en_GB\" \/>\n<meta property=\"og:locale:alternate\" content=\"lt_LT\" \/>\n<meta property=\"og:type\" content=\"article\" \/>\n<meta property=\"og:title\" content=\"pienas su medum\" \/>\n<meta property=\"og:description\" content=\"tai kelion\u0117 i\u0161likimas per poezij\u0105 tai kraujas prakaitas a\u0161aros dvide\u0161imt vien\u0173 met\u0173 tai mano \u0161irdis tavo rankose tai skausmas meil\u0117 skyrybos i\u0161gijimas\" \/>\n<meta property=\"og:url\" content=\"https:\/\/skaitytaknyga.lt\/en\/produktas\/pienas-su-medum\/\" \/>\n<meta property=\"og:site_name\" content=\"Skaitytaknyga\" \/>\n<meta property=\"article:publisher\" content=\"https:\/\/www.facebook.com\/skaitytaknyga\/\" \/>\n<meta property=\"article:modified_time\" content=\"2025-06-11T08:12:21+00:00\" \/>\n<meta property=\"og:image\" content=\"https:\/\/skaitytaknyga.lt\/wp-content\/uploads\/2024\/12\/pienas-su-medum.webp\" \/>\n\t<meta property=\"og:image:width\" content=\"420\" \/>\n\t<meta property=\"og:image:height\" content=\"652\" \/>\n\t<meta property=\"og:image:type\" content=\"image\/webp\" \/>\n<meta name=\"twitter:card\" content=\"summary_large_image\" \/>\n<meta name=\"twitter:label1\" content=\"Estimated reading time\" \/>\n\t<meta name=\"twitter:data1\" content=\"1 minute\" \/>\n<script type=\"application\/ld+json\" class=\"yoast-schema-graph\">{\"@context\":\"https:\/\/schema.org\",\"@graph\":[{\"@type\":\"WebPage\",\"@id\":\"https:\/\/skaitytaknyga.lt\/produktas\/pienas-su-medum\/\",\"url\":\"https:\/\/skaitytaknyga.lt\/produktas\/pienas-su-medum\/\",\"name\":\"pienas su medum\",\"isPartOf\":{\"@id\":\"https:\/\/skaitytaknyga.lt\/#website\"},\"primaryImageOfPage\":{\"@id\":\"https:\/\/skaitytaknyga.lt\/produktas\/pienas-su-medum\/#primaryimage\"},\"image\":{\"@id\":\"https:\/\/skaitytaknyga.lt\/produktas\/pienas-su-medum\/#primaryimage\"},\"thumbnailUrl\":\"https:\/\/skaitytaknyga.lt\/wp-content\/uploads\/2024\/12\/pienas-su-medum.webp\",\"datePublished\":\"2024-12-20T07:52:46+00:00\",\"dateModified\":\"2025-06-11T08:12:21+00:00\",\"description\":\"tai kelion\u0117 i\u0161likimas per poezij\u0105 tai kraujas prakaitas a\u0161aros dvide\u0161imt vien\u0173 met\u0173 tai mano \u0161irdis tavo rankose tai skausmas meil\u0117 skyrybos i\u0161gijimas\",\"breadcrumb\":{\"@id\":\"https:\/\/skaitytaknyga.lt\/produktas\/pienas-su-medum\/#breadcrumb\"},\"inLanguage\":\"en-GB\",\"potentialAction\":[{\"@type\":\"ReadAction\",\"target\":[\"https:\/\/skaitytaknyga.lt\/produktas\/pienas-su-medum\/\"]}]},{\"@type\":\"ImageObject\",\"inLanguage\":\"en-GB\",\"@id\":\"https:\/\/skaitytaknyga.lt\/produktas\/pienas-su-medum\/#primaryimage\",\"url\":\"https:\/\/skaitytaknyga.lt\/wp-content\/uploads\/2024\/12\/pienas-su-medum.webp\",\"contentUrl\":\"https:\/\/skaitytaknyga.lt\/wp-content\/uploads\/2024\/12\/pienas-su-medum.webp\",\"width\":420,\"height\":652,\"caption\":\"pienas su medum\"},{\"@type\":\"BreadcrumbList\",\"@id\":\"https:\/\/skaitytaknyga.lt\/produktas\/pienas-su-medum\/#breadcrumb\",\"itemListElement\":[{\"@type\":\"ListItem\",\"position\":1,\"name\":\"Home\",\"item\":\"https:\/\/skaitytaknyga.lt\/\"},{\"@type\":\"ListItem\",\"position\":2,\"name\":\"Parduotuv\u0117\",\"item\":\"https:\/\/skaitytaknyga.lt\/knygu-parduotuve\/\"},{\"@type\":\"ListItem\",\"position\":3,\"name\":\"pienas su medum\"}]},{\"@type\":\"WebSite\",\"@id\":\"https:\/\/skaitytaknyga.lt\/#website\",\"url\":\"https:\/\/skaitytaknyga.lt\/\",\"name\":\"skaitytaknyga.lt\",\"description\":\"Skaitytaknyga.lt \u2013 tai ma\u017eas \u0161eimos verslas, kuris prasid\u0117jo nuo meil\u0117s knygoms ir siekio i\u0161gelb\u0117ti knygas nuo likimo prie konteinerio. Kas vienam nereikalingas daiktas \u2013 kitam lobis, o mes esame tarpininkai, kurie padeda abiems tapti laimingesniems ???? \u017dinome kaip nelengva i\u0161gyventi ma\u017eiems verslams, tad nuo \u0161iol, \u010dia rasite ir kit\u0173, ma\u017e\u0173 \u0161eim\u0173 versl\u0173, rank\u0173 darbo, dovan\u0173 sau ir artimiesiems.\",\"publisher\":{\"@id\":\"https:\/\/skaitytaknyga.lt\/#organization\"},\"potentialAction\":[{\"@type\":\"SearchAction\",\"target\":{\"@type\":\"EntryPoint\",\"urlTemplate\":\"https:\/\/skaitytaknyga.lt\/?s={search_term_string}\"},\"query-input\":{\"@type\":\"PropertyValueSpecification\",\"valueRequired\":true,\"valueName\":\"search_term_string\"}}],\"inLanguage\":\"en-GB\"},{\"@type\":\"Organization\",\"@id\":\"https:\/\/skaitytaknyga.lt\/#organization\",\"name\":\"skaitytaknyga.lt\",\"url\":\"https:\/\/skaitytaknyga.lt\/\",\"logo\":{\"@type\":\"ImageObject\",\"inLanguage\":\"en-GB\",\"@id\":\"https:\/\/skaitytaknyga.lt\/#\/schema\/logo\/image\/\",\"url\":\"https:\/\/skaitytaknyga.lt\/wp-content\/uploads\/2024\/05\/cropped-cropped-cropped-02_00843_jt3bggkj1j3HLc7SyY6rEUpg.jpeg\",\"contentUrl\":\"https:\/\/skaitytaknyga.lt\/wp-content\/uploads\/2024\/05\/cropped-cropped-cropped-02_00843_jt3bggkj1j3HLc7SyY6rEUpg.jpeg\",\"width\":1600,\"height\":1600,\"caption\":\"skaitytaknyga.lt\"},\"image\":{\"@id\":\"https:\/\/skaitytaknyga.lt\/#\/schema\/logo\/image\/\"},\"sameAs\":[\"https:\/\/www.facebook.com\/skaitytaknyga\/\"]}]}<\/script>\n<!-- \/ Yoast SEO plugin. -->","yoast_head_json":{"title":"pienas su medum","description":"tai kelion\u0117 i\u0161likimas per poezij\u0105 tai kraujas prakaitas a\u0161aros dvide\u0161imt vien\u0173 met\u0173 tai mano \u0161irdis tavo rankose tai skausmas meil\u0117 skyrybos i\u0161gijimas","robots":{"index":"index","follow":"follow","max-snippet":"max-snippet:-1","max-image-preview":"max-image-preview:large","max-video-preview":"max-video-preview:-1"},"canonical":"https:\/\/skaitytaknyga.lt\/en\/produktas\/pienas-su-medum\/","og_locale":"en_GB","og_type":"article","og_title":"[:lt]pienas su medum[:] - Skaitytaknyga","og_description":"tai kelion\u0117 i\u0161likimas per poezij\u0105 tai kraujas prakaitas a\u0161aros dvide\u0161imt vien\u0173 met\u0173 tai mano \u0161irdis tavo rankose tai skausmas meil\u0117 skyrybos i\u0161gijimas","og_url":"https:\/\/skaitytaknyga.lt\/en\/produktas\/pienas-su-medum\/","og_site_name":"Skaitytaknyga","article_publisher":"https:\/\/www.facebook.com\/skaitytaknyga\/","article_modified_time":"2025-06-11T08:12:21+00:00","og_image":[{"width":420,"height":652,"url":"https:\/\/skaitytaknyga.lt\/wp-content\/uploads\/2024\/12\/pienas-su-medum.webp","type":"image\/webp"}],"twitter_card":"summary_large_image","twitter_misc":{"Estimated reading time":"1 minute"},"schema":{"@context":"https:\/\/schema.org","@graph":[{"@type":"WebPage","@id":"https:\/\/skaitytaknyga.lt\/produktas\/pienas-su-medum\/","url":"https:\/\/skaitytaknyga.lt\/produktas\/pienas-su-medum\/","name":"pienas su medum","isPartOf":{"@id":"https:\/\/skaitytaknyga.lt\/#website"},"primaryImageOfPage":{"@id":"https:\/\/skaitytaknyga.lt\/produktas\/pienas-su-medum\/#primaryimage"},"image":{"@id":"https:\/\/skaitytaknyga.lt\/produktas\/pienas-su-medum\/#primaryimage"},"thumbnailUrl":"https:\/\/skaitytaknyga.lt\/wp-content\/uploads\/2024\/12\/pienas-su-medum.webp","datePublished":"2024-12-20T07:52:46+00:00","dateModified":"2025-06-11T08:12:21+00:00","description":"tai kelion\u0117 i\u0161likimas per poezij\u0105 tai kraujas prakaitas a\u0161aros dvide\u0161imt vien\u0173 met\u0173 tai mano \u0161irdis tavo rankose tai skausmas meil\u0117 skyrybos i\u0161gijimas","breadcrumb":{"@id":"https:\/\/skaitytaknyga.lt\/produktas\/pienas-su-medum\/#breadcrumb"},"inLanguage":"en-GB","potentialAction":[{"@type":"ReadAction","target":["https:\/\/skaitytaknyga.lt\/produktas\/pienas-su-medum\/"]}]},{"@type":"ImageObject","inLanguage":"en-GB","@id":"https:\/\/skaitytaknyga.lt\/produktas\/pienas-su-medum\/#primaryimage","url":"https:\/\/skaitytaknyga.lt\/wp-content\/uploads\/2024\/12\/pienas-su-medum.webp","contentUrl":"https:\/\/skaitytaknyga.lt\/wp-content\/uploads\/2024\/12\/pienas-su-medum.webp","width":420,"height":652,"caption":"pienas su medum"},{"@type":"BreadcrumbList","@id":"https:\/\/skaitytaknyga.lt\/produktas\/pienas-su-medum\/#breadcrumb","itemListElement":[{"@type":"ListItem","position":1,"name":"Home","item":"https:\/\/skaitytaknyga.lt\/"},{"@type":"ListItem","position":2,"name":"Parduotuv\u0117","item":"https:\/\/skaitytaknyga.lt\/knygu-parduotuve\/"},{"@type":"ListItem","position":3,"name":"pienas su medum"}]},{"@type":"WebSite","@id":"https:\/\/skaitytaknyga.lt\/#website","url":"https:\/\/skaitytaknyga.lt\/","name":"skaitytaknyga.lt","description":"Skaitytaknyga.lt \u2013 tai ma\u017eas \u0161eimos verslas, kuris prasid\u0117jo nuo meil\u0117s knygoms ir siekio i\u0161gelb\u0117ti knygas nuo likimo prie konteinerio. Kas vienam nereikalingas daiktas \u2013 kitam lobis, o mes esame tarpininkai, kurie padeda abiems tapti laimingesniems ???? \u017dinome kaip nelengva i\u0161gyventi ma\u017eiems verslams, tad nuo \u0161iol, \u010dia rasite ir kit\u0173, ma\u017e\u0173 \u0161eim\u0173 versl\u0173, rank\u0173 darbo, dovan\u0173 sau ir artimiesiems.","publisher":{"@id":"https:\/\/skaitytaknyga.lt\/#organization"},"potentialAction":[{"@type":"SearchAction","target":{"@type":"EntryPoint","urlTemplate":"https:\/\/skaitytaknyga.lt\/?s={search_term_string}"},"query-input":{"@type":"PropertyValueSpecification","valueRequired":true,"valueName":"search_term_string"}}],"inLanguage":"en-GB"},{"@type":"Organization","@id":"https:\/\/skaitytaknyga.lt\/#organization","name":"skaitytaknyga.lt","url":"https:\/\/skaitytaknyga.lt\/","logo":{"@type":"ImageObject","inLanguage":"en-GB","@id":"https:\/\/skaitytaknyga.lt\/#\/schema\/logo\/image\/","url":"https:\/\/skaitytaknyga.lt\/wp-content\/uploads\/2024\/05\/cropped-cropped-cropped-02_00843_jt3bggkj1j3HLc7SyY6rEUpg.jpeg","contentUrl":"https:\/\/skaitytaknyga.lt\/wp-content\/uploads\/2024\/05\/cropped-cropped-cropped-02_00843_jt3bggkj1j3HLc7SyY6rEUpg.jpeg","width":1600,"height":1600,"caption":"skaitytaknyga.lt"},"image":{"@id":"https:\/\/skaitytaknyga.lt\/#\/schema\/logo\/image\/"},"sameAs":["https:\/\/www.facebook.com\/skaitytaknyga\/"]}]}},"_links":{"self":[{"href":"https:\/\/skaitytaknyga.lt\/en\/wp-json\/wp\/v2\/product\/15633","targetHints":{"allow":["GET"]}}],"collection":[{"href":"https:\/\/skaitytaknyga.lt\/en\/wp-json\/wp\/v2\/product"}],"about":[{"href":"https:\/\/skaitytaknyga.lt\/en\/wp-json\/wp\/v2\/types\/product"}],"replies":[{"embeddable":true,"href":"https:\/\/skaitytaknyga.lt\/en\/wp-json\/wp\/v2\/comments?post=15633"}],"wp:featuredmedia":[{"embeddable":true,"href":"https:\/\/skaitytaknyga.lt\/en\/wp-json\/wp\/v2\/media\/15709"}],"wp:attachment":[{"href":"https:\/\/skaitytaknyga.lt\/en\/wp-json\/wp\/v2\/media?parent=15633"}],"wp:term":[{"taxonomy":"product_brand","embeddable":true,"href":"https:\/\/skaitytaknyga.lt\/en\/wp-json\/wp\/v2\/product_brand?post=15633"},{"taxonomy":"product_cat","embeddable":true,"href":"https:\/\/skaitytaknyga.lt\/en\/wp-json\/wp\/v2\/product_cat?post=15633"},{"taxonomy":"product_tag","embeddable":true,"href":"https:\/\/skaitytaknyga.lt\/en\/wp-json\/wp\/v2\/product_tag?post=15633"}],"curies":[{"name":"wp","href":"https:\/\/api.w.org\/{rel}","templated":true}]}}