{"id":15632,"date":"2024-12-20T09:52:46","date_gmt":"2024-12-20T07:52:46","guid":{"rendered":"https:\/\/skaitytaknyga.lt\/?post_type=product&#038;p=15632"},"modified":"2025-03-03T19:27:24","modified_gmt":"2025-03-03T17:27:24","slug":"zaidimai-kuriuos-zaidzia-zmones","status":"publish","type":"product","link":"https:\/\/skaitytaknyga.lt\/en\/produktas\/zaidimai-kuriuos-zaidzia-zmones\/","title":{"rendered":"\u017daidimai, kuriuos \u017eaid\u017eia \u017emon\u0117s"},"content":{"rendered":"<p><strong>Dr. Ericas Berne&#8217;as<\/strong>\u00a0(1910\u20131970) \u2013 \u017eymus JAV psichoanalitikas, suk\u016br\u0119s nauj\u0105, revoliucin\u0119 teorij\u0105 \u2013 transakcin\u0119 analiz\u0119, kurios principus apra\u0161\u0117 knygoje\u00a0<strong>\u201e\u017daidimai, kuriuos \u017eaid\u017eia \u017emon\u0117s&#8221;<\/strong>\u00a0(1964).<\/p>\n<p>Klasika tapusioje knygoje<strong>\u00a0E. Berne&#8217;as<\/strong>\u00a0pla\u010diajam skaitytoj\u0173 ratui atskleid\u017eia yding\u0173 \u201e\u017eaidim\u0173&#8221;, kuriais \u017emon\u0117s traumuoja ir emoci\u0161kai i\u0161naudoja vienas kit\u0105, mechanik\u0105. Pasak autoriaus, \u017emoni\u0173 \u017eaidimai yra ritualin\u0117s transakcijos arba tarpasmeninio elgesio modeliai, kurie gali b\u016bti nuoroda \u012f u\u017esl\u0117ptus jausmus ar emocijas. Knygoje apra\u0161omi principai padeda suprasti ir koreguoti savo elges\u012f, moko atpa\u017einti ir nesivelti \u012f \u017ealingas manipuliacijas tarpusavio santykiuose.<\/p>\n<p>\u0160is veikalas tur\u0117jo \u012ftakos milijonams \u017emoni\u0173. Knyga per 50 met\u0173 i\u0161leista daugiau kaip 5 mln. egzempliori\u0173 tira\u017eu ir iki \u0161iol yra aktuali tiek psichoterapeutams, tiek pla\u010diajai visuomenei.<\/p>\n","protected":false},"excerpt":{"rendered":"<p>Dr. Ericas Berne&#8217;as\u00a0(1910\u20131970) \u2013 \u017eymus JAV psichoanalitikas, suk\u016br\u0119s nauj\u0105, revoliucin\u0119 teorij\u0105 \u2013 transakcin\u0119 analiz\u0119, kurios principus apra\u0161\u0117 knygoje\u00a0\u201e\u017daidimai, kuriuos \u017eaid\u017eia \u017emon\u0117s&#8221;\u00a0(1964). Klasika tapusioje knygoje\u00a0E. Berne&#8217;as\u00a0pla\u010diajam skaitytoj\u0173 ratui atskleid\u017eia yding\u0173 \u201e\u017eaidim\u0173&#8221;, kuriais \u017emon\u0117s traumuoja ir emoci\u0161kai i\u0161naudoja vienas kit\u0105, mechanik\u0105. Pasak autoriaus, \u017emoni\u0173 \u017eaidimai yra ritualin\u0117s transakcijos arba tarpasmeninio elgesio modeliai, kurie gali b\u016bti nuoroda \u012f u\u017esl\u0117ptus jausmus ar emocijas. Knygoje apra\u0161omi principai padeda suprasti ir koreguoti savo elges\u012f, moko atpa\u017einti ir nesivelti \u012f \u017ealingas manipuliacijas tarpusavio santykiuose. \u0160is veikalas tur\u0117jo \u012ftakos milijonams \u017emoni\u0173. Knyga per 50 met\u0173 i\u0161leista daugiau kaip 5 mln. egzempliori\u0173 tira\u017eu ir iki \u0161iol yra aktuali tiek psichoterapeutams, tiek pla\u010diajai visuomenei.<\/p>\n","protected":false},"featured_media":15717,"comment_status":"open","ping_status":"closed","template":"","meta":{"_acf_changed":false,"site-sidebar-layout":"default","site-content-layout":"","ast-site-content-layout":"default","site-content-style":"default","site-sidebar-style":"default","ast-global-header-display":"","ast-banner-title-visibility":"","ast-main-header-display":"","ast-hfb-above-header-display":"","ast-hfb-below-header-display":"","ast-hfb-mobile-header-display":"","site-post-title":"","ast-breadcrumbs-content":"","ast-featured-img":"","footer-sml-layout":"","ast-disable-related-posts":"","theme-transparent-header-meta":"default","adv-header-id-meta":"","stick-header-meta":"","header-above-stick-meta":"","header-main-stick-meta":"","header-below-stick-meta":"","astra-migrate-meta-layouts":"set","ast-page-background-enabled":"default","ast-page-background-meta":{"desktop":{"background-color":"","background-image":"","background-repeat":"repeat","background-position":"center center","background-size":"auto","background-attachment":"scroll","background-type":"","background-media":"","overlay-type":"","overlay-color":"","overlay-opacity":"","overlay-gradient":""},"tablet":{"background-color":"","background-image":"","background-repeat":"repeat","background-position":"center center","background-size":"auto","background-attachment":"scroll","background-type":"","background-media":"","overlay-type":"","overlay-color":"","overlay-opacity":"","overlay-gradient":""},"mobile":{"background-color":"","background-image":"","background-repeat":"repeat","background-position":"center center","background-size":"auto","background-attachment":"scroll","background-type":"","background-media":"","overlay-type":"","overlay-color":"","overlay-opacity":"","overlay-gradient":""}},"ast-content-background-meta":{"desktop":{"background-color":"var(--ast-global-color-4)","background-image":"","background-repeat":"repeat","background-position":"center center","background-size":"auto","background-attachment":"scroll","background-type":"","background-media":"","overlay-type":"","overlay-color":"","overlay-opacity":"","overlay-gradient":""},"tablet":{"background-color":"var(--ast-global-color-4)","background-image":"","background-repeat":"repeat","background-position":"center center","background-size":"auto","background-attachment":"scroll","background-type":"","background-media":"","overlay-type":"","overlay-color":"","overlay-opacity":"","overlay-gradient":""},"mobile":{"background-color":"var(--ast-global-color-4)","background-image":"","background-repeat":"repeat","background-position":"center center","background-size":"auto","background-attachment":"scroll","background-type":"","background-media":"","overlay-type":"","overlay-color":"","overlay-opacity":"","overlay-gradient":""}}},"product_brand":[],"product_cat":[15,30],"product_tag":[],"class_list":{"0":"post-15632","1":"product","2":"type-product","3":"status-publish","4":"has-post-thumbnail","6":"product_cat-uncategorized","7":"product_cat-psichologija-ir-saviugda","8":"desktop-align-left","9":"tablet-align-left","10":"mobile-align-left","12":"first","13":"outofstock","14":"shipping-taxable","15":"purchasable","16":"product-type-simple"},"acf":[],"yoast_head":"<!-- This site is optimized with the Yoast SEO plugin v27.0 - https:\/\/yoast.com\/product\/yoast-seo-wordpress\/ -->\n<title>\u017daidimai, kuriuos \u017eaid\u017eia \u017emon\u0117s<\/title>\n<meta name=\"description\" content=\"Dr. Ericas Berne&#039;as\u00a0(1910\u20131970) \u2013 \u017eymus JAV psichoanalitikas, suk\u016br\u0119s nauj\u0105, revoliucin\u0119 teorij\u0105 \u2013 transakcin\u0119 analiz\u0119, kurios principus apra\u0161\u0117\" \/>\n<meta name=\"robots\" content=\"index, follow, max-snippet:-1, max-image-preview:large, max-video-preview:-1\" \/>\n<link rel=\"canonical\" href=\"https:\/\/skaitytaknyga.lt\/en\/produktas\/zaidimai-kuriuos-zaidzia-zmones\/\" \/>\n<meta property=\"og:locale\" content=\"en_GB\" \/>\n<meta property=\"og:locale:alternate\" content=\"lt_LT\" \/>\n<meta property=\"og:type\" content=\"article\" \/>\n<meta property=\"og:title\" content=\"\u017daidimai, kuriuos \u017eaid\u017eia \u017emon\u0117s\" \/>\n<meta property=\"og:description\" content=\"Dr. Ericas Berne&#039;as\u00a0(1910\u20131970) \u2013 \u017eymus JAV psichoanalitikas, suk\u016br\u0119s nauj\u0105, revoliucin\u0119 teorij\u0105 \u2013 transakcin\u0119 analiz\u0119, kurios principus apra\u0161\u0117\" \/>\n<meta property=\"og:url\" content=\"https:\/\/skaitytaknyga.lt\/en\/produktas\/zaidimai-kuriuos-zaidzia-zmones\/\" \/>\n<meta property=\"og:site_name\" content=\"Skaitytaknyga\" \/>\n<meta property=\"article:publisher\" content=\"https:\/\/www.facebook.com\/skaitytaknyga\/\" \/>\n<meta property=\"article:modified_time\" content=\"2025-03-03T17:27:24+00:00\" \/>\n<meta property=\"og:image\" content=\"https:\/\/skaitytaknyga.lt\/wp-content\/uploads\/2024\/12\/Zaidimai-kuriuos-zaidzia-zmones.webp\" \/>\n\t<meta property=\"og:image:width\" content=\"335\" \/>\n\t<meta property=\"og:image:height\" content=\"500\" \/>\n\t<meta property=\"og:image:type\" content=\"image\/webp\" \/>\n<meta name=\"twitter:card\" content=\"summary_large_image\" \/>\n<meta name=\"twitter:label1\" content=\"Estimated reading time\" \/>\n\t<meta name=\"twitter:data1\" content=\"1 minute\" \/>\n<script type=\"application\/ld+json\" class=\"yoast-schema-graph\">{\"@context\":\"https:\/\/schema.org\",\"@graph\":[{\"@type\":\"WebPage\",\"@id\":\"https:\/\/skaitytaknyga.lt\/produktas\/zaidimai-kuriuos-zaidzia-zmones\/\",\"url\":\"https:\/\/skaitytaknyga.lt\/produktas\/zaidimai-kuriuos-zaidzia-zmones\/\",\"name\":\"\u017daidimai, kuriuos \u017eaid\u017eia \u017emon\u0117s\",\"isPartOf\":{\"@id\":\"https:\/\/skaitytaknyga.lt\/#website\"},\"primaryImageOfPage\":{\"@id\":\"https:\/\/skaitytaknyga.lt\/produktas\/zaidimai-kuriuos-zaidzia-zmones\/#primaryimage\"},\"image\":{\"@id\":\"https:\/\/skaitytaknyga.lt\/produktas\/zaidimai-kuriuos-zaidzia-zmones\/#primaryimage\"},\"thumbnailUrl\":\"https:\/\/skaitytaknyga.lt\/wp-content\/uploads\/2024\/12\/Zaidimai-kuriuos-zaidzia-zmones.webp\",\"datePublished\":\"2024-12-20T07:52:46+00:00\",\"dateModified\":\"2025-03-03T17:27:24+00:00\",\"description\":\"Dr. Ericas Berne'as\u00a0(1910\u20131970) \u2013 \u017eymus JAV psichoanalitikas, suk\u016br\u0119s nauj\u0105, revoliucin\u0119 teorij\u0105 \u2013 transakcin\u0119 analiz\u0119, kurios principus apra\u0161\u0117\",\"breadcrumb\":{\"@id\":\"https:\/\/skaitytaknyga.lt\/produktas\/zaidimai-kuriuos-zaidzia-zmones\/#breadcrumb\"},\"inLanguage\":\"en-GB\",\"potentialAction\":[{\"@type\":\"ReadAction\",\"target\":[\"https:\/\/skaitytaknyga.lt\/produktas\/zaidimai-kuriuos-zaidzia-zmones\/\"]}]},{\"@type\":\"ImageObject\",\"inLanguage\":\"en-GB\",\"@id\":\"https:\/\/skaitytaknyga.lt\/produktas\/zaidimai-kuriuos-zaidzia-zmones\/#primaryimage\",\"url\":\"https:\/\/skaitytaknyga.lt\/wp-content\/uploads\/2024\/12\/Zaidimai-kuriuos-zaidzia-zmones.webp\",\"contentUrl\":\"https:\/\/skaitytaknyga.lt\/wp-content\/uploads\/2024\/12\/Zaidimai-kuriuos-zaidzia-zmones.webp\",\"width\":335,\"height\":500,\"caption\":\"\u017daidimai, kuriuos \u017eaid\u017eia \u017emon\u0117s\"},{\"@type\":\"BreadcrumbList\",\"@id\":\"https:\/\/skaitytaknyga.lt\/produktas\/zaidimai-kuriuos-zaidzia-zmones\/#breadcrumb\",\"itemListElement\":[{\"@type\":\"ListItem\",\"position\":1,\"name\":\"Home\",\"item\":\"https:\/\/skaitytaknyga.lt\/\"},{\"@type\":\"ListItem\",\"position\":2,\"name\":\"Parduotuv\u0117\",\"item\":\"https:\/\/skaitytaknyga.lt\/knygu-parduotuve\/\"},{\"@type\":\"ListItem\",\"position\":3,\"name\":\"\u017daidimai, kuriuos \u017eaid\u017eia \u017emon\u0117s\"}]},{\"@type\":\"WebSite\",\"@id\":\"https:\/\/skaitytaknyga.lt\/#website\",\"url\":\"https:\/\/skaitytaknyga.lt\/\",\"name\":\"skaitytaknyga.lt\",\"description\":\"Skaitytaknyga.lt \u2013 tai ma\u017eas \u0161eimos verslas, kuris prasid\u0117jo nuo meil\u0117s knygoms ir siekio i\u0161gelb\u0117ti knygas nuo likimo prie konteinerio. Kas vienam nereikalingas daiktas \u2013 kitam lobis, o mes esame tarpininkai, kurie padeda abiems tapti laimingesniems ???? \u017dinome kaip nelengva i\u0161gyventi ma\u017eiems verslams, tad nuo \u0161iol, \u010dia rasite ir kit\u0173, ma\u017e\u0173 \u0161eim\u0173 versl\u0173, rank\u0173 darbo, dovan\u0173 sau ir artimiesiems.\",\"publisher\":{\"@id\":\"https:\/\/skaitytaknyga.lt\/#organization\"},\"potentialAction\":[{\"@type\":\"SearchAction\",\"target\":{\"@type\":\"EntryPoint\",\"urlTemplate\":\"https:\/\/skaitytaknyga.lt\/?s={search_term_string}\"},\"query-input\":{\"@type\":\"PropertyValueSpecification\",\"valueRequired\":true,\"valueName\":\"search_term_string\"}}],\"inLanguage\":\"en-GB\"},{\"@type\":\"Organization\",\"@id\":\"https:\/\/skaitytaknyga.lt\/#organization\",\"name\":\"skaitytaknyga.lt\",\"url\":\"https:\/\/skaitytaknyga.lt\/\",\"logo\":{\"@type\":\"ImageObject\",\"inLanguage\":\"en-GB\",\"@id\":\"https:\/\/skaitytaknyga.lt\/#\/schema\/logo\/image\/\",\"url\":\"https:\/\/skaitytaknyga.lt\/wp-content\/uploads\/2024\/05\/cropped-cropped-cropped-02_00843_jt3bggkj1j3HLc7SyY6rEUpg.jpeg\",\"contentUrl\":\"https:\/\/skaitytaknyga.lt\/wp-content\/uploads\/2024\/05\/cropped-cropped-cropped-02_00843_jt3bggkj1j3HLc7SyY6rEUpg.jpeg\",\"width\":1600,\"height\":1600,\"caption\":\"skaitytaknyga.lt\"},\"image\":{\"@id\":\"https:\/\/skaitytaknyga.lt\/#\/schema\/logo\/image\/\"},\"sameAs\":[\"https:\/\/www.facebook.com\/skaitytaknyga\/\"]}]}<\/script>\n<!-- \/ Yoast SEO plugin. -->","yoast_head_json":{"title":"\u017daidimai, kuriuos \u017eaid\u017eia \u017emon\u0117s","description":"Dr. Ericas Berne'as\u00a0(1910\u20131970) \u2013 \u017eymus JAV psichoanalitikas, suk\u016br\u0119s nauj\u0105, revoliucin\u0119 teorij\u0105 \u2013 transakcin\u0119 analiz\u0119, kurios principus apra\u0161\u0117","robots":{"index":"index","follow":"follow","max-snippet":"max-snippet:-1","max-image-preview":"max-image-preview:large","max-video-preview":"max-video-preview:-1"},"canonical":"https:\/\/skaitytaknyga.lt\/en\/produktas\/zaidimai-kuriuos-zaidzia-zmones\/","og_locale":"en_GB","og_type":"article","og_title":"[:lt]\u017daidimai, kuriuos \u017eaid\u017eia \u017emon\u0117s[:] - Skaitytaknyga","og_description":"Dr. Ericas Berne'as\u00a0(1910\u20131970) \u2013 \u017eymus JAV psichoanalitikas, suk\u016br\u0119s nauj\u0105, revoliucin\u0119 teorij\u0105 \u2013 transakcin\u0119 analiz\u0119, kurios principus apra\u0161\u0117","og_url":"https:\/\/skaitytaknyga.lt\/en\/produktas\/zaidimai-kuriuos-zaidzia-zmones\/","og_site_name":"Skaitytaknyga","article_publisher":"https:\/\/www.facebook.com\/skaitytaknyga\/","article_modified_time":"2025-03-03T17:27:24+00:00","og_image":[{"width":335,"height":500,"url":"https:\/\/skaitytaknyga.lt\/wp-content\/uploads\/2024\/12\/Zaidimai-kuriuos-zaidzia-zmones.webp","type":"image\/webp"}],"twitter_card":"summary_large_image","twitter_misc":{"Estimated reading time":"1 minute"},"schema":{"@context":"https:\/\/schema.org","@graph":[{"@type":"WebPage","@id":"https:\/\/skaitytaknyga.lt\/produktas\/zaidimai-kuriuos-zaidzia-zmones\/","url":"https:\/\/skaitytaknyga.lt\/produktas\/zaidimai-kuriuos-zaidzia-zmones\/","name":"\u017daidimai, kuriuos \u017eaid\u017eia \u017emon\u0117s","isPartOf":{"@id":"https:\/\/skaitytaknyga.lt\/#website"},"primaryImageOfPage":{"@id":"https:\/\/skaitytaknyga.lt\/produktas\/zaidimai-kuriuos-zaidzia-zmones\/#primaryimage"},"image":{"@id":"https:\/\/skaitytaknyga.lt\/produktas\/zaidimai-kuriuos-zaidzia-zmones\/#primaryimage"},"thumbnailUrl":"https:\/\/skaitytaknyga.lt\/wp-content\/uploads\/2024\/12\/Zaidimai-kuriuos-zaidzia-zmones.webp","datePublished":"2024-12-20T07:52:46+00:00","dateModified":"2025-03-03T17:27:24+00:00","description":"Dr. Ericas Berne'as\u00a0(1910\u20131970) \u2013 \u017eymus JAV psichoanalitikas, suk\u016br\u0119s nauj\u0105, revoliucin\u0119 teorij\u0105 \u2013 transakcin\u0119 analiz\u0119, kurios principus apra\u0161\u0117","breadcrumb":{"@id":"https:\/\/skaitytaknyga.lt\/produktas\/zaidimai-kuriuos-zaidzia-zmones\/#breadcrumb"},"inLanguage":"en-GB","potentialAction":[{"@type":"ReadAction","target":["https:\/\/skaitytaknyga.lt\/produktas\/zaidimai-kuriuos-zaidzia-zmones\/"]}]},{"@type":"ImageObject","inLanguage":"en-GB","@id":"https:\/\/skaitytaknyga.lt\/produktas\/zaidimai-kuriuos-zaidzia-zmones\/#primaryimage","url":"https:\/\/skaitytaknyga.lt\/wp-content\/uploads\/2024\/12\/Zaidimai-kuriuos-zaidzia-zmones.webp","contentUrl":"https:\/\/skaitytaknyga.lt\/wp-content\/uploads\/2024\/12\/Zaidimai-kuriuos-zaidzia-zmones.webp","width":335,"height":500,"caption":"\u017daidimai, kuriuos \u017eaid\u017eia \u017emon\u0117s"},{"@type":"BreadcrumbList","@id":"https:\/\/skaitytaknyga.lt\/produktas\/zaidimai-kuriuos-zaidzia-zmones\/#breadcrumb","itemListElement":[{"@type":"ListItem","position":1,"name":"Home","item":"https:\/\/skaitytaknyga.lt\/"},{"@type":"ListItem","position":2,"name":"Parduotuv\u0117","item":"https:\/\/skaitytaknyga.lt\/knygu-parduotuve\/"},{"@type":"ListItem","position":3,"name":"\u017daidimai, kuriuos \u017eaid\u017eia \u017emon\u0117s"}]},{"@type":"WebSite","@id":"https:\/\/skaitytaknyga.lt\/#website","url":"https:\/\/skaitytaknyga.lt\/","name":"skaitytaknyga.lt","description":"Skaitytaknyga.lt \u2013 tai ma\u017eas \u0161eimos verslas, kuris prasid\u0117jo nuo meil\u0117s knygoms ir siekio i\u0161gelb\u0117ti knygas nuo likimo prie konteinerio. Kas vienam nereikalingas daiktas \u2013 kitam lobis, o mes esame tarpininkai, kurie padeda abiems tapti laimingesniems ???? \u017dinome kaip nelengva i\u0161gyventi ma\u017eiems verslams, tad nuo \u0161iol, \u010dia rasite ir kit\u0173, ma\u017e\u0173 \u0161eim\u0173 versl\u0173, rank\u0173 darbo, dovan\u0173 sau ir artimiesiems.","publisher":{"@id":"https:\/\/skaitytaknyga.lt\/#organization"},"potentialAction":[{"@type":"SearchAction","target":{"@type":"EntryPoint","urlTemplate":"https:\/\/skaitytaknyga.lt\/?s={search_term_string}"},"query-input":{"@type":"PropertyValueSpecification","valueRequired":true,"valueName":"search_term_string"}}],"inLanguage":"en-GB"},{"@type":"Organization","@id":"https:\/\/skaitytaknyga.lt\/#organization","name":"skaitytaknyga.lt","url":"https:\/\/skaitytaknyga.lt\/","logo":{"@type":"ImageObject","inLanguage":"en-GB","@id":"https:\/\/skaitytaknyga.lt\/#\/schema\/logo\/image\/","url":"https:\/\/skaitytaknyga.lt\/wp-content\/uploads\/2024\/05\/cropped-cropped-cropped-02_00843_jt3bggkj1j3HLc7SyY6rEUpg.jpeg","contentUrl":"https:\/\/skaitytaknyga.lt\/wp-content\/uploads\/2024\/05\/cropped-cropped-cropped-02_00843_jt3bggkj1j3HLc7SyY6rEUpg.jpeg","width":1600,"height":1600,"caption":"skaitytaknyga.lt"},"image":{"@id":"https:\/\/skaitytaknyga.lt\/#\/schema\/logo\/image\/"},"sameAs":["https:\/\/www.facebook.com\/skaitytaknyga\/"]}]}},"_links":{"self":[{"href":"https:\/\/skaitytaknyga.lt\/en\/wp-json\/wp\/v2\/product\/15632","targetHints":{"allow":["GET"]}}],"collection":[{"href":"https:\/\/skaitytaknyga.lt\/en\/wp-json\/wp\/v2\/product"}],"about":[{"href":"https:\/\/skaitytaknyga.lt\/en\/wp-json\/wp\/v2\/types\/product"}],"replies":[{"embeddable":true,"href":"https:\/\/skaitytaknyga.lt\/en\/wp-json\/wp\/v2\/comments?post=15632"}],"wp:featuredmedia":[{"embeddable":true,"href":"https:\/\/skaitytaknyga.lt\/en\/wp-json\/wp\/v2\/media\/15717"}],"wp:attachment":[{"href":"https:\/\/skaitytaknyga.lt\/en\/wp-json\/wp\/v2\/media?parent=15632"}],"wp:term":[{"taxonomy":"product_brand","embeddable":true,"href":"https:\/\/skaitytaknyga.lt\/en\/wp-json\/wp\/v2\/product_brand?post=15632"},{"taxonomy":"product_cat","embeddable":true,"href":"https:\/\/skaitytaknyga.lt\/en\/wp-json\/wp\/v2\/product_cat?post=15632"},{"taxonomy":"product_tag","embeddable":true,"href":"https:\/\/skaitytaknyga.lt\/en\/wp-json\/wp\/v2\/product_tag?post=15632"}],"curies":[{"name":"wp","href":"https:\/\/api.w.org\/{rel}","templated":true}]}}