{"id":15631,"date":"2024-12-20T09:52:46","date_gmt":"2024-12-20T07:52:46","guid":{"rendered":"https:\/\/skaitytaknyga.lt\/?post_type=product&#038;p=15631"},"modified":"2025-10-02T17:05:06","modified_gmt":"2025-10-02T14:05:06","slug":"meile-kaip-apsedimas","status":"publish","type":"product","link":"https:\/\/skaitytaknyga.lt\/en\/produktas\/meile-kaip-apsedimas\/","title":{"rendered":"Meil\u0117 kaip aps\u0117dimas"},"content":{"rendered":"<p>Nepaj\u0117giate paleisti, kad ir kaip skaudu?<\/p>\n<p>Kankinat\u0117s d\u0117l \u017emogaus, kuris fizi\u0161kai ar emoci\u0161kai jums yra nepasiekiamas?<br \/>\nManote, kad jei labai stipriai myl\u0117site, ir jus prival\u0117s myl\u0117ti?<br \/>\nKai jau\u010diat\u0117s nesaugiai kito \u017emogaus trok\u0161tate dar stipriau?<\/p>\n<p>Nor\u0117tum\u0117te, kad jus paleist\u0173?<\/p>\n<p>Buv\u0119s mylimasis atsisako tik\u0117ti, kad j\u016bs\u0173 santykiai baigti?<br \/>\nSulaukiate nepageidaujam\u0173 skambu\u010di\u0173, lai\u0161k\u0173, dovan\u0173 ar vizit\u0173?<br \/>\nAr siekis su jumis palaikyti \/ atkurti ry\u0161\u012f neigiamai jus veikia?<\/p>\n<p>Praktini\u0173 \u012f\u017evalg\u0173 kupinoje psichologin\u0117je knygoje Meil\u0117 kaip aps\u0117dimas pasaulini\u0173 bestseleri\u0173 autor\u0117\u00a0<strong>dr. Susana Forward<\/strong>\u00a0kartu su\u00a0<strong>Craigu Bucku<\/strong>\u00a0pristato reali\u0173 \u017emoni\u0173 \u2013 vyr\u0173 ir moter\u0173, \u012fkalint\u0173 obsesyvios meil\u0117s ir aistros gniau\u017etuose \u2013 atvejus ir patirtis; moko j\u0173 aidus pasteb\u0117ti arba atpa\u017einti asmeniniuose santykiuose.<\/p>\n<p>Kas beb\u016btum\u0117te \u2013 obsesijos valdomas \u012fsimyl\u0117j\u0117lis ar meile aps\u0117sto \u017emogaus taikinys \u2013 \u0161i knyga bus naudinga, nes supa\u017eindins su i\u0161samia savistabos bei veiksm\u0173 programa, kuri pad\u0117s i\u0161tr\u016bkti i\u0161 fizine ar emocine prasme neigiamai veikian\u010di\u0173 santyki\u0173, atgauti savo gyvenimo kontrol\u0119, kurti sveikus ir ilgalaikius meil\u0117s ry\u0161ius.<\/p>\n<ul class=\"about-product d-none d-xl-block mt-4\">\n<li><strong>Originalus pavadinimas:<\/strong>\u00a0Obsessive Love<\/li>\n<li><strong>Autorius:<\/strong>\u00a0Susan Forward,\u00a0Craig Buck<\/li>\n<li><strong>Leid\u0117jas:<\/strong>\u00a0Vaga<\/li>\n<li><strong>Metai:<\/strong>\u00a02020<\/li>\n<li><strong>Puslapiai:<\/strong>\u00a0368<\/li>\n<li class=\"toggleable type-new-formats \"><strong>ISBN:<\/strong>\u00a09785415025930<\/li>\n<li><strong>Versijos kodas:<\/strong>\u00a0PT.<\/li>\n<li class=\"toggleable type-new-formats \"><strong>Formatas:<\/strong>\u00a014,5 x 21,5 x 3,5 cm, kieti vir\u0161eliai<\/li>\n<li><strong>Kalba:<\/strong>\u00a0Lietuvi\u0173<\/li>\n<li><strong>Vert\u0117jas:<\/strong>\u00a0Irena Jomantien\u0117, Milda Dyke<\/li>\n<\/ul>\n","protected":false},"excerpt":{"rendered":"<p>Nepaj\u0117giate paleisti, kad ir kaip skaudu? Kankinat\u0117s d\u0117l \u017emogaus, kuris fizi\u0161kai ar emoci\u0161kai jums yra nepasiekiamas? Manote, kad jei labai stipriai myl\u0117site, ir jus prival\u0117s myl\u0117ti? Kai jau\u010diat\u0117s nesaugiai kito \u017emogaus trok\u0161tate dar stipriau? Nor\u0117tum\u0117te, kad jus paleist\u0173? Buv\u0119s mylimasis atsisako tik\u0117ti, kad j\u016bs\u0173 santykiai baigti? Sulaukiate nepageidaujam\u0173 skambu\u010di\u0173, lai\u0161k\u0173, dovan\u0173 ar vizit\u0173? Ar siekis su jumis palaikyti \/ atkurti ry\u0161\u012f neigiamai jus veikia? Praktini\u0173 \u012f\u017evalg\u0173 kupinoje psichologin\u0117je knygoje Meil\u0117 kaip aps\u0117dimas pasaulini\u0173 bestseleri\u0173 autor\u0117\u00a0dr. Susana Forward\u00a0kartu su\u00a0Craigu Bucku\u00a0pristato reali\u0173 \u017emoni\u0173 \u2013 vyr\u0173 ir moter\u0173, \u012fkalint\u0173 obsesyvios meil\u0117s ir aistros gniau\u017etuose \u2013 atvejus ir patirtis; moko j\u0173 aidus pasteb\u0117ti arba atpa\u017einti asmeniniuose santykiuose. Kas beb\u016btum\u0117te \u2013 obsesijos valdomas \u012fsimyl\u0117j\u0117lis ar meile aps\u0117sto \u017emogaus taikinys \u2013 \u0161i knyga bus naudinga, nes supa\u017eindins su i\u0161samia savistabos bei veiksm\u0173 programa, kuri pad\u0117s i\u0161tr\u016bkti i\u0161 fizine ar emocine prasme neigiamai veikian\u010di\u0173 santyki\u0173, atgauti savo gyvenimo kontrol\u0119, kurti sveikus ir ilgalaikius meil\u0117s ry\u0161ius. Originalus pavadinimas:\u00a0Obsessive Love Autorius:\u00a0Susan Forward,\u00a0Craig Buck Leid\u0117jas:\u00a0Vaga Metai:\u00a02020 Puslapiai:\u00a0368 ISBN:\u00a09785415025930 Versijos kodas:\u00a0PT. Formatas:\u00a014,5 x 21,5 x 3,5 cm, kieti vir\u0161eliai Kalba:\u00a0Lietuvi\u0173 Vert\u0117jas:\u00a0Irena Jomantien\u0117, Milda Dyke<\/p>\n","protected":false},"featured_media":15715,"comment_status":"open","ping_status":"closed","template":"","meta":{"_acf_changed":false,"site-sidebar-layout":"default","site-content-layout":"","ast-site-content-layout":"default","site-content-style":"default","site-sidebar-style":"default","ast-global-header-display":"","ast-banner-title-visibility":"","ast-main-header-display":"","ast-hfb-above-header-display":"","ast-hfb-below-header-display":"","ast-hfb-mobile-header-display":"","site-post-title":"","ast-breadcrumbs-content":"","ast-featured-img":"","footer-sml-layout":"","ast-disable-related-posts":"","theme-transparent-header-meta":"default","adv-header-id-meta":"","stick-header-meta":"","header-above-stick-meta":"","header-main-stick-meta":"","header-below-stick-meta":"","astra-migrate-meta-layouts":"set","ast-page-background-enabled":"default","ast-page-background-meta":{"desktop":{"background-color":"","background-image":"","background-repeat":"repeat","background-position":"center center","background-size":"auto","background-attachment":"scroll","background-type":"","background-media":"","overlay-type":"","overlay-color":"","overlay-opacity":"","overlay-gradient":""},"tablet":{"background-color":"","background-image":"","background-repeat":"repeat","background-position":"center center","background-size":"auto","background-attachment":"scroll","background-type":"","background-media":"","overlay-type":"","overlay-color":"","overlay-opacity":"","overlay-gradient":""},"mobile":{"background-color":"","background-image":"","background-repeat":"repeat","background-position":"center center","background-size":"auto","background-attachment":"scroll","background-type":"","background-media":"","overlay-type":"","overlay-color":"","overlay-opacity":"","overlay-gradient":""}},"ast-content-background-meta":{"desktop":{"background-color":"var(--ast-global-color-4)","background-image":"","background-repeat":"repeat","background-position":"center center","background-size":"auto","background-attachment":"scroll","background-type":"","background-media":"","overlay-type":"","overlay-color":"","overlay-opacity":"","overlay-gradient":""},"tablet":{"background-color":"var(--ast-global-color-4)","background-image":"","background-repeat":"repeat","background-position":"center center","background-size":"auto","background-attachment":"scroll","background-type":"","background-media":"","overlay-type":"","overlay-color":"","overlay-opacity":"","overlay-gradient":""},"mobile":{"background-color":"var(--ast-global-color-4)","background-image":"","background-repeat":"repeat","background-position":"center center","background-size":"auto","background-attachment":"scroll","background-type":"","background-media":"","overlay-type":"","overlay-color":"","overlay-opacity":"","overlay-gradient":""}}},"product_brand":[],"product_cat":[15,30],"product_tag":[5022,5020,5019,1392,1417,2027,5021],"class_list":{"0":"post-15631","1":"product","2":"type-product","3":"status-publish","4":"has-post-thumbnail","6":"product_cat-uncategorized","7":"product_cat-psichologija-ir-saviugda","8":"product_tag-craig-buck","9":"product_tag-emocine-priklausomybe","10":"product_tag-obsesine-meile","11":"product_tag-psichologija","12":"product_tag-santykiai","13":"product_tag-savipagalba","14":"product_tag-susan-forward","15":"desktop-align-left","16":"tablet-align-left","17":"mobile-align-left","19":"first","20":"instock","21":"shipping-taxable","22":"purchasable","23":"product-type-simple"},"acf":[],"yoast_head":"<!-- This site is optimized with the Yoast SEO plugin v27.0 - https:\/\/yoast.com\/product\/yoast-seo-wordpress\/ -->\n<title>Meil\u0117 kaip aps\u0117dimas<\/title>\n<meta name=\"description\" content=\"Nepaj\u0117giate paleisti, kad ir kaip skaudu? Kankinat\u0117s d\u0117l \u017emogaus, kuris fizi\u0161kai ar emoci\u0161kai jums yra nepasiekiamas? Manote, kad jei labai stipriai\" \/>\n<meta name=\"robots\" content=\"index, follow, max-snippet:-1, max-image-preview:large, max-video-preview:-1\" \/>\n<link rel=\"canonical\" href=\"https:\/\/skaitytaknyga.lt\/en\/produktas\/meile-kaip-apsedimas\/\" \/>\n<meta property=\"og:locale\" content=\"en_GB\" \/>\n<meta property=\"og:locale:alternate\" content=\"lt_LT\" \/>\n<meta property=\"og:type\" content=\"article\" \/>\n<meta property=\"og:title\" content=\"Meil\u0117 kaip aps\u0117dimas\" \/>\n<meta property=\"og:description\" content=\"Nepaj\u0117giate paleisti, kad ir kaip skaudu? Kankinat\u0117s d\u0117l \u017emogaus, kuris fizi\u0161kai ar emoci\u0161kai jums yra nepasiekiamas? Manote, kad jei labai stipriai\" \/>\n<meta property=\"og:url\" content=\"https:\/\/skaitytaknyga.lt\/en\/produktas\/meile-kaip-apsedimas\/\" \/>\n<meta property=\"og:site_name\" content=\"Skaitytaknyga\" \/>\n<meta property=\"article:publisher\" content=\"https:\/\/www.facebook.com\/skaitytaknyga\/\" \/>\n<meta property=\"article:modified_time\" content=\"2025-10-02T14:05:06+00:00\" \/>\n<meta property=\"og:image\" content=\"https:\/\/skaitytaknyga.lt\/wp-content\/uploads\/2024\/12\/Meile-kaip-apsedimas.webp\" \/>\n\t<meta property=\"og:image:width\" content=\"500\" \/>\n\t<meta property=\"og:image:height\" content=\"726\" \/>\n\t<meta property=\"og:image:type\" content=\"image\/webp\" \/>\n<meta name=\"twitter:card\" content=\"summary_large_image\" \/>\n<meta name=\"twitter:label1\" content=\"Estimated reading time\" \/>\n\t<meta name=\"twitter:data1\" content=\"2 minutes\" \/>\n<script type=\"application\/ld+json\" class=\"yoast-schema-graph\">{\"@context\":\"https:\/\/schema.org\",\"@graph\":[{\"@type\":\"WebPage\",\"@id\":\"https:\/\/skaitytaknyga.lt\/produktas\/meile-kaip-apsedimas\/\",\"url\":\"https:\/\/skaitytaknyga.lt\/produktas\/meile-kaip-apsedimas\/\",\"name\":\"Meil\u0117 kaip aps\u0117dimas\",\"isPartOf\":{\"@id\":\"https:\/\/skaitytaknyga.lt\/#website\"},\"primaryImageOfPage\":{\"@id\":\"https:\/\/skaitytaknyga.lt\/produktas\/meile-kaip-apsedimas\/#primaryimage\"},\"image\":{\"@id\":\"https:\/\/skaitytaknyga.lt\/produktas\/meile-kaip-apsedimas\/#primaryimage\"},\"thumbnailUrl\":\"https:\/\/skaitytaknyga.lt\/wp-content\/uploads\/2024\/12\/Meile-kaip-apsedimas.webp\",\"datePublished\":\"2024-12-20T07:52:46+00:00\",\"dateModified\":\"2025-10-02T14:05:06+00:00\",\"description\":\"Nepaj\u0117giate paleisti, kad ir kaip skaudu? Kankinat\u0117s d\u0117l \u017emogaus, kuris fizi\u0161kai ar emoci\u0161kai jums yra nepasiekiamas? Manote, kad jei labai stipriai\",\"breadcrumb\":{\"@id\":\"https:\/\/skaitytaknyga.lt\/produktas\/meile-kaip-apsedimas\/#breadcrumb\"},\"inLanguage\":\"en-GB\",\"potentialAction\":[{\"@type\":\"ReadAction\",\"target\":[\"https:\/\/skaitytaknyga.lt\/produktas\/meile-kaip-apsedimas\/\"]}]},{\"@type\":\"ImageObject\",\"inLanguage\":\"en-GB\",\"@id\":\"https:\/\/skaitytaknyga.lt\/produktas\/meile-kaip-apsedimas\/#primaryimage\",\"url\":\"https:\/\/skaitytaknyga.lt\/wp-content\/uploads\/2024\/12\/Meile-kaip-apsedimas.webp\",\"contentUrl\":\"https:\/\/skaitytaknyga.lt\/wp-content\/uploads\/2024\/12\/Meile-kaip-apsedimas.webp\",\"width\":500,\"height\":726,\"caption\":\"Meil\u0117 kaip aps\u0117dimas\"},{\"@type\":\"BreadcrumbList\",\"@id\":\"https:\/\/skaitytaknyga.lt\/produktas\/meile-kaip-apsedimas\/#breadcrumb\",\"itemListElement\":[{\"@type\":\"ListItem\",\"position\":1,\"name\":\"Home\",\"item\":\"https:\/\/skaitytaknyga.lt\/\"},{\"@type\":\"ListItem\",\"position\":2,\"name\":\"Parduotuv\u0117\",\"item\":\"https:\/\/skaitytaknyga.lt\/knygu-parduotuve\/\"},{\"@type\":\"ListItem\",\"position\":3,\"name\":\"Meil\u0117 kaip aps\u0117dimas\"}]},{\"@type\":\"WebSite\",\"@id\":\"https:\/\/skaitytaknyga.lt\/#website\",\"url\":\"https:\/\/skaitytaknyga.lt\/\",\"name\":\"skaitytaknyga.lt\",\"description\":\"Skaitytaknyga.lt \u2013 tai ma\u017eas \u0161eimos verslas, kuris prasid\u0117jo nuo meil\u0117s knygoms ir siekio i\u0161gelb\u0117ti knygas nuo likimo prie konteinerio. Kas vienam nereikalingas daiktas \u2013 kitam lobis, o mes esame tarpininkai, kurie padeda abiems tapti laimingesniems ???? \u017dinome kaip nelengva i\u0161gyventi ma\u017eiems verslams, tad nuo \u0161iol, \u010dia rasite ir kit\u0173, ma\u017e\u0173 \u0161eim\u0173 versl\u0173, rank\u0173 darbo, dovan\u0173 sau ir artimiesiems.\",\"publisher\":{\"@id\":\"https:\/\/skaitytaknyga.lt\/#organization\"},\"potentialAction\":[{\"@type\":\"SearchAction\",\"target\":{\"@type\":\"EntryPoint\",\"urlTemplate\":\"https:\/\/skaitytaknyga.lt\/?s={search_term_string}\"},\"query-input\":{\"@type\":\"PropertyValueSpecification\",\"valueRequired\":true,\"valueName\":\"search_term_string\"}}],\"inLanguage\":\"en-GB\"},{\"@type\":\"Organization\",\"@id\":\"https:\/\/skaitytaknyga.lt\/#organization\",\"name\":\"skaitytaknyga.lt\",\"url\":\"https:\/\/skaitytaknyga.lt\/\",\"logo\":{\"@type\":\"ImageObject\",\"inLanguage\":\"en-GB\",\"@id\":\"https:\/\/skaitytaknyga.lt\/#\/schema\/logo\/image\/\",\"url\":\"https:\/\/skaitytaknyga.lt\/wp-content\/uploads\/2024\/05\/cropped-cropped-cropped-02_00843_jt3bggkj1j3HLc7SyY6rEUpg.jpeg\",\"contentUrl\":\"https:\/\/skaitytaknyga.lt\/wp-content\/uploads\/2024\/05\/cropped-cropped-cropped-02_00843_jt3bggkj1j3HLc7SyY6rEUpg.jpeg\",\"width\":1600,\"height\":1600,\"caption\":\"skaitytaknyga.lt\"},\"image\":{\"@id\":\"https:\/\/skaitytaknyga.lt\/#\/schema\/logo\/image\/\"},\"sameAs\":[\"https:\/\/www.facebook.com\/skaitytaknyga\/\"]}]}<\/script>\n<!-- \/ Yoast SEO plugin. -->","yoast_head_json":{"title":"Meil\u0117 kaip aps\u0117dimas","description":"Nepaj\u0117giate paleisti, kad ir kaip skaudu? Kankinat\u0117s d\u0117l \u017emogaus, kuris fizi\u0161kai ar emoci\u0161kai jums yra nepasiekiamas? Manote, kad jei labai stipriai","robots":{"index":"index","follow":"follow","max-snippet":"max-snippet:-1","max-image-preview":"max-image-preview:large","max-video-preview":"max-video-preview:-1"},"canonical":"https:\/\/skaitytaknyga.lt\/en\/produktas\/meile-kaip-apsedimas\/","og_locale":"en_GB","og_type":"article","og_title":"[:lt]Meil\u0117 kaip aps\u0117dimas[:] - Skaitytaknyga","og_description":"Nepaj\u0117giate paleisti, kad ir kaip skaudu? Kankinat\u0117s d\u0117l \u017emogaus, kuris fizi\u0161kai ar emoci\u0161kai jums yra nepasiekiamas? Manote, kad jei labai stipriai","og_url":"https:\/\/skaitytaknyga.lt\/en\/produktas\/meile-kaip-apsedimas\/","og_site_name":"Skaitytaknyga","article_publisher":"https:\/\/www.facebook.com\/skaitytaknyga\/","article_modified_time":"2025-10-02T14:05:06+00:00","og_image":[{"width":500,"height":726,"url":"https:\/\/skaitytaknyga.lt\/wp-content\/uploads\/2024\/12\/Meile-kaip-apsedimas.webp","type":"image\/webp"}],"twitter_card":"summary_large_image","twitter_misc":{"Estimated reading time":"2 minutes"},"schema":{"@context":"https:\/\/schema.org","@graph":[{"@type":"WebPage","@id":"https:\/\/skaitytaknyga.lt\/produktas\/meile-kaip-apsedimas\/","url":"https:\/\/skaitytaknyga.lt\/produktas\/meile-kaip-apsedimas\/","name":"Meil\u0117 kaip aps\u0117dimas","isPartOf":{"@id":"https:\/\/skaitytaknyga.lt\/#website"},"primaryImageOfPage":{"@id":"https:\/\/skaitytaknyga.lt\/produktas\/meile-kaip-apsedimas\/#primaryimage"},"image":{"@id":"https:\/\/skaitytaknyga.lt\/produktas\/meile-kaip-apsedimas\/#primaryimage"},"thumbnailUrl":"https:\/\/skaitytaknyga.lt\/wp-content\/uploads\/2024\/12\/Meile-kaip-apsedimas.webp","datePublished":"2024-12-20T07:52:46+00:00","dateModified":"2025-10-02T14:05:06+00:00","description":"Nepaj\u0117giate paleisti, kad ir kaip skaudu? Kankinat\u0117s d\u0117l \u017emogaus, kuris fizi\u0161kai ar emoci\u0161kai jums yra nepasiekiamas? Manote, kad jei labai stipriai","breadcrumb":{"@id":"https:\/\/skaitytaknyga.lt\/produktas\/meile-kaip-apsedimas\/#breadcrumb"},"inLanguage":"en-GB","potentialAction":[{"@type":"ReadAction","target":["https:\/\/skaitytaknyga.lt\/produktas\/meile-kaip-apsedimas\/"]}]},{"@type":"ImageObject","inLanguage":"en-GB","@id":"https:\/\/skaitytaknyga.lt\/produktas\/meile-kaip-apsedimas\/#primaryimage","url":"https:\/\/skaitytaknyga.lt\/wp-content\/uploads\/2024\/12\/Meile-kaip-apsedimas.webp","contentUrl":"https:\/\/skaitytaknyga.lt\/wp-content\/uploads\/2024\/12\/Meile-kaip-apsedimas.webp","width":500,"height":726,"caption":"Meil\u0117 kaip aps\u0117dimas"},{"@type":"BreadcrumbList","@id":"https:\/\/skaitytaknyga.lt\/produktas\/meile-kaip-apsedimas\/#breadcrumb","itemListElement":[{"@type":"ListItem","position":1,"name":"Home","item":"https:\/\/skaitytaknyga.lt\/"},{"@type":"ListItem","position":2,"name":"Parduotuv\u0117","item":"https:\/\/skaitytaknyga.lt\/knygu-parduotuve\/"},{"@type":"ListItem","position":3,"name":"Meil\u0117 kaip aps\u0117dimas"}]},{"@type":"WebSite","@id":"https:\/\/skaitytaknyga.lt\/#website","url":"https:\/\/skaitytaknyga.lt\/","name":"skaitytaknyga.lt","description":"Skaitytaknyga.lt \u2013 tai ma\u017eas \u0161eimos verslas, kuris prasid\u0117jo nuo meil\u0117s knygoms ir siekio i\u0161gelb\u0117ti knygas nuo likimo prie konteinerio. Kas vienam nereikalingas daiktas \u2013 kitam lobis, o mes esame tarpininkai, kurie padeda abiems tapti laimingesniems ???? \u017dinome kaip nelengva i\u0161gyventi ma\u017eiems verslams, tad nuo \u0161iol, \u010dia rasite ir kit\u0173, ma\u017e\u0173 \u0161eim\u0173 versl\u0173, rank\u0173 darbo, dovan\u0173 sau ir artimiesiems.","publisher":{"@id":"https:\/\/skaitytaknyga.lt\/#organization"},"potentialAction":[{"@type":"SearchAction","target":{"@type":"EntryPoint","urlTemplate":"https:\/\/skaitytaknyga.lt\/?s={search_term_string}"},"query-input":{"@type":"PropertyValueSpecification","valueRequired":true,"valueName":"search_term_string"}}],"inLanguage":"en-GB"},{"@type":"Organization","@id":"https:\/\/skaitytaknyga.lt\/#organization","name":"skaitytaknyga.lt","url":"https:\/\/skaitytaknyga.lt\/","logo":{"@type":"ImageObject","inLanguage":"en-GB","@id":"https:\/\/skaitytaknyga.lt\/#\/schema\/logo\/image\/","url":"https:\/\/skaitytaknyga.lt\/wp-content\/uploads\/2024\/05\/cropped-cropped-cropped-02_00843_jt3bggkj1j3HLc7SyY6rEUpg.jpeg","contentUrl":"https:\/\/skaitytaknyga.lt\/wp-content\/uploads\/2024\/05\/cropped-cropped-cropped-02_00843_jt3bggkj1j3HLc7SyY6rEUpg.jpeg","width":1600,"height":1600,"caption":"skaitytaknyga.lt"},"image":{"@id":"https:\/\/skaitytaknyga.lt\/#\/schema\/logo\/image\/"},"sameAs":["https:\/\/www.facebook.com\/skaitytaknyga\/"]}]}},"_links":{"self":[{"href":"https:\/\/skaitytaknyga.lt\/en\/wp-json\/wp\/v2\/product\/15631","targetHints":{"allow":["GET"]}}],"collection":[{"href":"https:\/\/skaitytaknyga.lt\/en\/wp-json\/wp\/v2\/product"}],"about":[{"href":"https:\/\/skaitytaknyga.lt\/en\/wp-json\/wp\/v2\/types\/product"}],"replies":[{"embeddable":true,"href":"https:\/\/skaitytaknyga.lt\/en\/wp-json\/wp\/v2\/comments?post=15631"}],"wp:featuredmedia":[{"embeddable":true,"href":"https:\/\/skaitytaknyga.lt\/en\/wp-json\/wp\/v2\/media\/15715"}],"wp:attachment":[{"href":"https:\/\/skaitytaknyga.lt\/en\/wp-json\/wp\/v2\/media?parent=15631"}],"wp:term":[{"taxonomy":"product_brand","embeddable":true,"href":"https:\/\/skaitytaknyga.lt\/en\/wp-json\/wp\/v2\/product_brand?post=15631"},{"taxonomy":"product_cat","embeddable":true,"href":"https:\/\/skaitytaknyga.lt\/en\/wp-json\/wp\/v2\/product_cat?post=15631"},{"taxonomy":"product_tag","embeddable":true,"href":"https:\/\/skaitytaknyga.lt\/en\/wp-json\/wp\/v2\/product_tag?post=15631"}],"curies":[{"name":"wp","href":"https:\/\/api.w.org\/{rel}","templated":true}]}}