{"id":15628,"date":"2024-12-20T09:52:45","date_gmt":"2024-12-20T07:52:45","guid":{"rendered":"https:\/\/skaitytaknyga.lt\/?post_type=product&#038;p=15628"},"modified":"2025-11-14T23:44:33","modified_gmt":"2025-11-14T21:44:33","slug":"senasis-lietuviu-sapnininkas","status":"publish","type":"product","link":"https:\/\/skaitytaknyga.lt\/en\/produktas\/senasis-lietuviu-sapnininkas\/","title":{"rendered":"Senasis lietuvi\u0173 sapnininkas"},"content":{"rendered":"<p>\u201e&#8230;sapnas i\u0161 tikr\u0173j\u0173 ne\u0161a rimt\u0105 informacij\u0105, kuri\u0105 suprasti ir interpretuoti reikia labai individualiai.\u201c<\/p>\n<p>Nuo seniausi\u0173 ra\u0161ytini\u0173 \u0161altini\u0173 visuose tik\u0117jimuose sapnams teikiama didel\u0117 reik\u0161m\u0117. Senov\u0117je sapnai buvo laikomi Dievo ir diev\u0173 aprei\u0161kimais, tod\u0117l juos ai\u0161kindavo dvasininkai. Net \u0160ventajame Ra\u0161te nema\u017eai apie sapnus prira\u0161yta. Daug gra\u017ei\u0173 legend\u0173, biblini\u0173 istorij\u0173, padavim\u0173 susieta su sapnais. Sapnus ai\u0161kinantys \u017emon\u0117s labai gerbiami, j\u0173 b\u016bta visose bent kiek i\u0161sivys\u010diusiose kult\u016brose.<\/p>\n<p>Sapnus da\u017eniausiai sudaro daug daikt\u0173 ar \u012fvyki\u0173. Pirmiausia reikia pagalvoti, kas padar\u0117 did\u017eiausi\u0105 \u012fsp\u016bd\u012f, paskui prisiminti, ar tamsta pats dalyvavai \u012fvykiuose, ar tik steb\u0117tojas buvai. Tada \u2013 koks buvo svarbiausio daikto, rei\u0161kinio, \u012fvykio ry\u0161ys su antraeiliais dalykais (nat\u016bralus, koks b\u016bna tikrov\u0117je, ar nematytas, kokio tikrov\u0117je nepasitaiko). Atkreipk d\u0117mes\u012f, kaip \u012fvykiai klost\u0117si, kokius \u0161alutinius garsus gird\u0117jai, jausmus ar \u012fsp\u016bd\u017eius patyrei. Atsimink sapnuot\u0173 daikt\u0173, rei\u0161kini\u0173, \u012fvyki\u0173 eig\u0105, kaip viskas siejosi, ar vyko be s\u0105ry\u0161io, atkarpomis, kaip paprastai sapnuose atsitinka. Nuojauta ir sapno ry\u0161kumas pad\u0117s atskirti, \u012f k\u0105 sapnas nor\u0117jo atkreipti tamstos d\u0117mes\u012f.<\/p>\n<p>Mes tikime, kad vyresnio am\u017eiaus \u017emon\u0117s, vartydami \u0161\u012f \u201eSen\u0105j\u012f lietuvi\u0173 sapninink\u0105\u201c, prisimins savo jaunyst\u0119. O jaunimui teb\u016bnie tai kelion\u0117 \u012f XX am\u017eiaus prad\u017ei\u0105.<\/p>\n<p>Sald\u017ei\u0173 sapn\u0173!<\/p>\n<ul class=\"about-product d-none d-xl-block mt-4\">\n<li><strong>Leid\u0117jas:<\/strong>\u00a0Magil\u0117<\/li>\n<li><strong>Metai:<\/strong>\u00a01996<\/li>\n<li><strong>Puslapiai:<\/strong>\u00a0478<\/li>\n<li class=\"toggleable type-new-formats \"><strong>ISBN:<\/strong>\u00a09986697042<\/li>\n<li class=\"toggleable type-new-formats \"><strong>Formatas:<\/strong>\u00a09,5 x 13,8 cm, kieti vir\u0161eliai<\/li>\n<li><strong>Kalba:<\/strong>\u00a0Lietuvi\u0173<\/li>\n<\/ul>\n","protected":false},"excerpt":{"rendered":"<p>\u201e&#8230;sapnas i\u0161 tikr\u0173j\u0173 ne\u0161a rimt\u0105 informacij\u0105, kuri\u0105 suprasti ir interpretuoti reikia labai individualiai.\u201c Nuo seniausi\u0173 ra\u0161ytini\u0173 \u0161altini\u0173 visuose tik\u0117jimuose sapnams teikiama didel\u0117 reik\u0161m\u0117. Senov\u0117je sapnai buvo laikomi Dievo ir diev\u0173 aprei\u0161kimais, tod\u0117l juos ai\u0161kindavo dvasininkai. Net \u0160ventajame Ra\u0161te nema\u017eai apie sapnus prira\u0161yta. Daug gra\u017ei\u0173 legend\u0173, biblini\u0173 istorij\u0173, padavim\u0173 susieta su sapnais. Sapnus ai\u0161kinantys \u017emon\u0117s labai gerbiami, j\u0173 b\u016bta visose bent kiek i\u0161sivys\u010diusiose kult\u016brose. Sapnus da\u017eniausiai sudaro daug daikt\u0173 ar \u012fvyki\u0173. Pirmiausia reikia pagalvoti, kas padar\u0117 did\u017eiausi\u0105 \u012fsp\u016bd\u012f, paskui prisiminti, ar tamsta pats dalyvavai \u012fvykiuose, ar tik steb\u0117tojas buvai. Tada \u2013 koks buvo svarbiausio daikto, rei\u0161kinio, \u012fvykio ry\u0161ys su antraeiliais dalykais (nat\u016bralus, koks b\u016bna tikrov\u0117je, ar nematytas, kokio tikrov\u0117je nepasitaiko). Atkreipk d\u0117mes\u012f, kaip \u012fvykiai klost\u0117si, kokius \u0161alutinius garsus gird\u0117jai, jausmus ar \u012fsp\u016bd\u017eius patyrei. Atsimink sapnuot\u0173 daikt\u0173, rei\u0161kini\u0173, \u012fvyki\u0173 eig\u0105, kaip viskas siejosi, ar vyko be s\u0105ry\u0161io, atkarpomis, kaip paprastai sapnuose atsitinka. Nuojauta ir sapno ry\u0161kumas pad\u0117s atskirti, \u012f k\u0105 sapnas nor\u0117jo atkreipti tamstos d\u0117mes\u012f. Mes tikime, kad vyresnio am\u017eiaus \u017emon\u0117s, vartydami \u0161\u012f \u201eSen\u0105j\u012f lietuvi\u0173 sapninink\u0105\u201c, prisimins savo jaunyst\u0119. O jaunimui teb\u016bnie tai kelion\u0117 \u012f XX am\u017eiaus prad\u017ei\u0105. Sald\u017ei\u0173 sapn\u0173! Leid\u0117jas:\u00a0Magil\u0117 Metai:\u00a01996 Puslapiai:\u00a0478 ISBN:\u00a09986697042 Formatas:\u00a09,5 x 13,8 cm, kieti vir\u0161eliai Kalba:\u00a0Lietuvi\u0173<\/p>\n","protected":false},"featured_media":15718,"comment_status":"open","ping_status":"closed","template":"","meta":{"_acf_changed":false,"site-sidebar-layout":"default","site-content-layout":"","ast-site-content-layout":"default","site-content-style":"default","site-sidebar-style":"default","ast-global-header-display":"","ast-banner-title-visibility":"","ast-main-header-display":"","ast-hfb-above-header-display":"","ast-hfb-below-header-display":"","ast-hfb-mobile-header-display":"","site-post-title":"","ast-breadcrumbs-content":"","ast-featured-img":"","footer-sml-layout":"","ast-disable-related-posts":"","theme-transparent-header-meta":"default","adv-header-id-meta":"","stick-header-meta":"","header-above-stick-meta":"","header-main-stick-meta":"","header-below-stick-meta":"","astra-migrate-meta-layouts":"set","ast-page-background-enabled":"default","ast-page-background-meta":{"desktop":{"background-color":"","background-image":"","background-repeat":"repeat","background-position":"center center","background-size":"auto","background-attachment":"scroll","background-type":"","background-media":"","overlay-type":"","overlay-color":"","overlay-opacity":"","overlay-gradient":""},"tablet":{"background-color":"","background-image":"","background-repeat":"repeat","background-position":"center center","background-size":"auto","background-attachment":"scroll","background-type":"","background-media":"","overlay-type":"","overlay-color":"","overlay-opacity":"","overlay-gradient":""},"mobile":{"background-color":"","background-image":"","background-repeat":"repeat","background-position":"center center","background-size":"auto","background-attachment":"scroll","background-type":"","background-media":"","overlay-type":"","overlay-color":"","overlay-opacity":"","overlay-gradient":""}},"ast-content-background-meta":{"desktop":{"background-color":"var(--ast-global-color-4)","background-image":"","background-repeat":"repeat","background-position":"center center","background-size":"auto","background-attachment":"scroll","background-type":"","background-media":"","overlay-type":"","overlay-color":"","overlay-opacity":"","overlay-gradient":""},"tablet":{"background-color":"var(--ast-global-color-4)","background-image":"","background-repeat":"repeat","background-position":"center center","background-size":"auto","background-attachment":"scroll","background-type":"","background-media":"","overlay-type":"","overlay-color":"","overlay-opacity":"","overlay-gradient":""},"mobile":{"background-color":"var(--ast-global-color-4)","background-image":"","background-repeat":"repeat","background-position":"center center","background-size":"auto","background-attachment":"scroll","background-type":"","background-media":"","overlay-type":"","overlay-color":"","overlay-opacity":"","overlay-gradient":""}}},"product_brand":[],"product_cat":[15],"product_tag":[],"class_list":{"0":"post-15628","1":"product","2":"type-product","3":"status-publish","4":"has-post-thumbnail","6":"product_cat-uncategorized","7":"desktop-align-left","8":"tablet-align-left","9":"mobile-align-left","11":"first","12":"outofstock","13":"shipping-taxable","14":"purchasable","15":"product-type-simple"},"acf":[],"yoast_head":"<!-- This site is optimized with the Yoast SEO plugin v27.0 - https:\/\/yoast.com\/product\/yoast-seo-wordpress\/ -->\n<title>Senasis lietuvi\u0173 sapnininkas<\/title>\n<meta name=\"description\" content=\"\u201e...sapnas i\u0161 tikr\u0173j\u0173 ne\u0161a rimt\u0105 informacij\u0105, kuri\u0105 suprasti ir interpretuoti reikia labai individualiai.\u201c Nuo seniausi\u0173 ra\u0161ytini\u0173 \u0161altini\u0173 visuose\" \/>\n<meta name=\"robots\" content=\"index, follow, max-snippet:-1, max-image-preview:large, max-video-preview:-1\" \/>\n<link rel=\"canonical\" href=\"https:\/\/skaitytaknyga.lt\/en\/produktas\/senasis-lietuviu-sapnininkas\/\" \/>\n<meta property=\"og:locale\" content=\"en_GB\" \/>\n<meta property=\"og:locale:alternate\" content=\"lt_LT\" \/>\n<meta property=\"og:type\" content=\"article\" \/>\n<meta property=\"og:title\" content=\"Senasis lietuvi\u0173 sapnininkas\" \/>\n<meta property=\"og:description\" content=\"\u201e...sapnas i\u0161 tikr\u0173j\u0173 ne\u0161a rimt\u0105 informacij\u0105, kuri\u0105 suprasti ir interpretuoti reikia labai individualiai.\u201c Nuo seniausi\u0173 ra\u0161ytini\u0173 \u0161altini\u0173 visuose\" \/>\n<meta property=\"og:url\" content=\"https:\/\/skaitytaknyga.lt\/en\/produktas\/senasis-lietuviu-sapnininkas\/\" \/>\n<meta property=\"og:site_name\" content=\"Skaitytaknyga\" \/>\n<meta property=\"article:publisher\" content=\"https:\/\/www.facebook.com\/skaitytaknyga\/\" \/>\n<meta property=\"article:modified_time\" content=\"2025-11-14T21:44:33+00:00\" \/>\n<meta property=\"og:image\" content=\"https:\/\/skaitytaknyga.lt\/wp-content\/uploads\/2024\/12\/Senasis-lietuviu-sapnininkas.webp\" \/>\n\t<meta property=\"og:image:width\" content=\"540\" \/>\n\t<meta property=\"og:image:height\" content=\"800\" \/>\n\t<meta property=\"og:image:type\" content=\"image\/webp\" \/>\n<meta name=\"twitter:card\" content=\"summary_large_image\" \/>\n<meta name=\"twitter:label1\" content=\"Estimated reading time\" \/>\n\t<meta name=\"twitter:data1\" content=\"2 minutes\" \/>\n<script type=\"application\/ld+json\" class=\"yoast-schema-graph\">{\"@context\":\"https:\/\/schema.org\",\"@graph\":[{\"@type\":\"WebPage\",\"@id\":\"https:\/\/skaitytaknyga.lt\/produktas\/senasis-lietuviu-sapnininkas\/\",\"url\":\"https:\/\/skaitytaknyga.lt\/produktas\/senasis-lietuviu-sapnininkas\/\",\"name\":\"Senasis lietuvi\u0173 sapnininkas\",\"isPartOf\":{\"@id\":\"https:\/\/skaitytaknyga.lt\/#website\"},\"primaryImageOfPage\":{\"@id\":\"https:\/\/skaitytaknyga.lt\/produktas\/senasis-lietuviu-sapnininkas\/#primaryimage\"},\"image\":{\"@id\":\"https:\/\/skaitytaknyga.lt\/produktas\/senasis-lietuviu-sapnininkas\/#primaryimage\"},\"thumbnailUrl\":\"https:\/\/skaitytaknyga.lt\/wp-content\/uploads\/2024\/12\/Senasis-lietuviu-sapnininkas.webp\",\"datePublished\":\"2024-12-20T07:52:45+00:00\",\"dateModified\":\"2025-11-14T21:44:33+00:00\",\"description\":\"\u201e...sapnas i\u0161 tikr\u0173j\u0173 ne\u0161a rimt\u0105 informacij\u0105, kuri\u0105 suprasti ir interpretuoti reikia labai individualiai.\u201c Nuo seniausi\u0173 ra\u0161ytini\u0173 \u0161altini\u0173 visuose\",\"breadcrumb\":{\"@id\":\"https:\/\/skaitytaknyga.lt\/produktas\/senasis-lietuviu-sapnininkas\/#breadcrumb\"},\"inLanguage\":\"en-GB\",\"potentialAction\":[{\"@type\":\"ReadAction\",\"target\":[\"https:\/\/skaitytaknyga.lt\/produktas\/senasis-lietuviu-sapnininkas\/\"]}]},{\"@type\":\"ImageObject\",\"inLanguage\":\"en-GB\",\"@id\":\"https:\/\/skaitytaknyga.lt\/produktas\/senasis-lietuviu-sapnininkas\/#primaryimage\",\"url\":\"https:\/\/skaitytaknyga.lt\/wp-content\/uploads\/2024\/12\/Senasis-lietuviu-sapnininkas.webp\",\"contentUrl\":\"https:\/\/skaitytaknyga.lt\/wp-content\/uploads\/2024\/12\/Senasis-lietuviu-sapnininkas.webp\",\"width\":540,\"height\":800,\"caption\":\"Senasis lietuvi\u0173 sapnininkas\"},{\"@type\":\"BreadcrumbList\",\"@id\":\"https:\/\/skaitytaknyga.lt\/produktas\/senasis-lietuviu-sapnininkas\/#breadcrumb\",\"itemListElement\":[{\"@type\":\"ListItem\",\"position\":1,\"name\":\"Home\",\"item\":\"https:\/\/skaitytaknyga.lt\/\"},{\"@type\":\"ListItem\",\"position\":2,\"name\":\"Parduotuv\u0117\",\"item\":\"https:\/\/skaitytaknyga.lt\/knygu-parduotuve\/\"},{\"@type\":\"ListItem\",\"position\":3,\"name\":\"Senasis lietuvi\u0173 sapnininkas\"}]},{\"@type\":\"WebSite\",\"@id\":\"https:\/\/skaitytaknyga.lt\/#website\",\"url\":\"https:\/\/skaitytaknyga.lt\/\",\"name\":\"skaitytaknyga.lt\",\"description\":\"Skaitytaknyga.lt \u2013 tai ma\u017eas \u0161eimos verslas, kuris prasid\u0117jo nuo meil\u0117s knygoms ir siekio i\u0161gelb\u0117ti knygas nuo likimo prie konteinerio. Kas vienam nereikalingas daiktas \u2013 kitam lobis, o mes esame tarpininkai, kurie padeda abiems tapti laimingesniems ???? \u017dinome kaip nelengva i\u0161gyventi ma\u017eiems verslams, tad nuo \u0161iol, \u010dia rasite ir kit\u0173, ma\u017e\u0173 \u0161eim\u0173 versl\u0173, rank\u0173 darbo, dovan\u0173 sau ir artimiesiems.\",\"publisher\":{\"@id\":\"https:\/\/skaitytaknyga.lt\/#organization\"},\"potentialAction\":[{\"@type\":\"SearchAction\",\"target\":{\"@type\":\"EntryPoint\",\"urlTemplate\":\"https:\/\/skaitytaknyga.lt\/?s={search_term_string}\"},\"query-input\":{\"@type\":\"PropertyValueSpecification\",\"valueRequired\":true,\"valueName\":\"search_term_string\"}}],\"inLanguage\":\"en-GB\"},{\"@type\":\"Organization\",\"@id\":\"https:\/\/skaitytaknyga.lt\/#organization\",\"name\":\"skaitytaknyga.lt\",\"url\":\"https:\/\/skaitytaknyga.lt\/\",\"logo\":{\"@type\":\"ImageObject\",\"inLanguage\":\"en-GB\",\"@id\":\"https:\/\/skaitytaknyga.lt\/#\/schema\/logo\/image\/\",\"url\":\"https:\/\/skaitytaknyga.lt\/wp-content\/uploads\/2024\/05\/cropped-cropped-cropped-02_00843_jt3bggkj1j3HLc7SyY6rEUpg.jpeg\",\"contentUrl\":\"https:\/\/skaitytaknyga.lt\/wp-content\/uploads\/2024\/05\/cropped-cropped-cropped-02_00843_jt3bggkj1j3HLc7SyY6rEUpg.jpeg\",\"width\":1600,\"height\":1600,\"caption\":\"skaitytaknyga.lt\"},\"image\":{\"@id\":\"https:\/\/skaitytaknyga.lt\/#\/schema\/logo\/image\/\"},\"sameAs\":[\"https:\/\/www.facebook.com\/skaitytaknyga\/\"]}]}<\/script>\n<!-- \/ Yoast SEO plugin. -->","yoast_head_json":{"title":"Senasis lietuvi\u0173 sapnininkas","description":"\u201e...sapnas i\u0161 tikr\u0173j\u0173 ne\u0161a rimt\u0105 informacij\u0105, kuri\u0105 suprasti ir interpretuoti reikia labai individualiai.\u201c Nuo seniausi\u0173 ra\u0161ytini\u0173 \u0161altini\u0173 visuose","robots":{"index":"index","follow":"follow","max-snippet":"max-snippet:-1","max-image-preview":"max-image-preview:large","max-video-preview":"max-video-preview:-1"},"canonical":"https:\/\/skaitytaknyga.lt\/en\/produktas\/senasis-lietuviu-sapnininkas\/","og_locale":"en_GB","og_type":"article","og_title":"[:lt]Senasis lietuvi\u0173 sapnininkas[:] - Skaitytaknyga","og_description":"\u201e...sapnas i\u0161 tikr\u0173j\u0173 ne\u0161a rimt\u0105 informacij\u0105, kuri\u0105 suprasti ir interpretuoti reikia labai individualiai.\u201c Nuo seniausi\u0173 ra\u0161ytini\u0173 \u0161altini\u0173 visuose","og_url":"https:\/\/skaitytaknyga.lt\/en\/produktas\/senasis-lietuviu-sapnininkas\/","og_site_name":"Skaitytaknyga","article_publisher":"https:\/\/www.facebook.com\/skaitytaknyga\/","article_modified_time":"2025-11-14T21:44:33+00:00","og_image":[{"width":540,"height":800,"url":"https:\/\/skaitytaknyga.lt\/wp-content\/uploads\/2024\/12\/Senasis-lietuviu-sapnininkas.webp","type":"image\/webp"}],"twitter_card":"summary_large_image","twitter_misc":{"Estimated reading time":"2 minutes"},"schema":{"@context":"https:\/\/schema.org","@graph":[{"@type":"WebPage","@id":"https:\/\/skaitytaknyga.lt\/produktas\/senasis-lietuviu-sapnininkas\/","url":"https:\/\/skaitytaknyga.lt\/produktas\/senasis-lietuviu-sapnininkas\/","name":"Senasis lietuvi\u0173 sapnininkas","isPartOf":{"@id":"https:\/\/skaitytaknyga.lt\/#website"},"primaryImageOfPage":{"@id":"https:\/\/skaitytaknyga.lt\/produktas\/senasis-lietuviu-sapnininkas\/#primaryimage"},"image":{"@id":"https:\/\/skaitytaknyga.lt\/produktas\/senasis-lietuviu-sapnininkas\/#primaryimage"},"thumbnailUrl":"https:\/\/skaitytaknyga.lt\/wp-content\/uploads\/2024\/12\/Senasis-lietuviu-sapnininkas.webp","datePublished":"2024-12-20T07:52:45+00:00","dateModified":"2025-11-14T21:44:33+00:00","description":"\u201e...sapnas i\u0161 tikr\u0173j\u0173 ne\u0161a rimt\u0105 informacij\u0105, kuri\u0105 suprasti ir interpretuoti reikia labai individualiai.\u201c Nuo seniausi\u0173 ra\u0161ytini\u0173 \u0161altini\u0173 visuose","breadcrumb":{"@id":"https:\/\/skaitytaknyga.lt\/produktas\/senasis-lietuviu-sapnininkas\/#breadcrumb"},"inLanguage":"en-GB","potentialAction":[{"@type":"ReadAction","target":["https:\/\/skaitytaknyga.lt\/produktas\/senasis-lietuviu-sapnininkas\/"]}]},{"@type":"ImageObject","inLanguage":"en-GB","@id":"https:\/\/skaitytaknyga.lt\/produktas\/senasis-lietuviu-sapnininkas\/#primaryimage","url":"https:\/\/skaitytaknyga.lt\/wp-content\/uploads\/2024\/12\/Senasis-lietuviu-sapnininkas.webp","contentUrl":"https:\/\/skaitytaknyga.lt\/wp-content\/uploads\/2024\/12\/Senasis-lietuviu-sapnininkas.webp","width":540,"height":800,"caption":"Senasis lietuvi\u0173 sapnininkas"},{"@type":"BreadcrumbList","@id":"https:\/\/skaitytaknyga.lt\/produktas\/senasis-lietuviu-sapnininkas\/#breadcrumb","itemListElement":[{"@type":"ListItem","position":1,"name":"Home","item":"https:\/\/skaitytaknyga.lt\/"},{"@type":"ListItem","position":2,"name":"Parduotuv\u0117","item":"https:\/\/skaitytaknyga.lt\/knygu-parduotuve\/"},{"@type":"ListItem","position":3,"name":"Senasis lietuvi\u0173 sapnininkas"}]},{"@type":"WebSite","@id":"https:\/\/skaitytaknyga.lt\/#website","url":"https:\/\/skaitytaknyga.lt\/","name":"skaitytaknyga.lt","description":"Skaitytaknyga.lt \u2013 tai ma\u017eas \u0161eimos verslas, kuris prasid\u0117jo nuo meil\u0117s knygoms ir siekio i\u0161gelb\u0117ti knygas nuo likimo prie konteinerio. Kas vienam nereikalingas daiktas \u2013 kitam lobis, o mes esame tarpininkai, kurie padeda abiems tapti laimingesniems ???? \u017dinome kaip nelengva i\u0161gyventi ma\u017eiems verslams, tad nuo \u0161iol, \u010dia rasite ir kit\u0173, ma\u017e\u0173 \u0161eim\u0173 versl\u0173, rank\u0173 darbo, dovan\u0173 sau ir artimiesiems.","publisher":{"@id":"https:\/\/skaitytaknyga.lt\/#organization"},"potentialAction":[{"@type":"SearchAction","target":{"@type":"EntryPoint","urlTemplate":"https:\/\/skaitytaknyga.lt\/?s={search_term_string}"},"query-input":{"@type":"PropertyValueSpecification","valueRequired":true,"valueName":"search_term_string"}}],"inLanguage":"en-GB"},{"@type":"Organization","@id":"https:\/\/skaitytaknyga.lt\/#organization","name":"skaitytaknyga.lt","url":"https:\/\/skaitytaknyga.lt\/","logo":{"@type":"ImageObject","inLanguage":"en-GB","@id":"https:\/\/skaitytaknyga.lt\/#\/schema\/logo\/image\/","url":"https:\/\/skaitytaknyga.lt\/wp-content\/uploads\/2024\/05\/cropped-cropped-cropped-02_00843_jt3bggkj1j3HLc7SyY6rEUpg.jpeg","contentUrl":"https:\/\/skaitytaknyga.lt\/wp-content\/uploads\/2024\/05\/cropped-cropped-cropped-02_00843_jt3bggkj1j3HLc7SyY6rEUpg.jpeg","width":1600,"height":1600,"caption":"skaitytaknyga.lt"},"image":{"@id":"https:\/\/skaitytaknyga.lt\/#\/schema\/logo\/image\/"},"sameAs":["https:\/\/www.facebook.com\/skaitytaknyga\/"]}]}},"_links":{"self":[{"href":"https:\/\/skaitytaknyga.lt\/en\/wp-json\/wp\/v2\/product\/15628","targetHints":{"allow":["GET"]}}],"collection":[{"href":"https:\/\/skaitytaknyga.lt\/en\/wp-json\/wp\/v2\/product"}],"about":[{"href":"https:\/\/skaitytaknyga.lt\/en\/wp-json\/wp\/v2\/types\/product"}],"replies":[{"embeddable":true,"href":"https:\/\/skaitytaknyga.lt\/en\/wp-json\/wp\/v2\/comments?post=15628"}],"wp:featuredmedia":[{"embeddable":true,"href":"https:\/\/skaitytaknyga.lt\/en\/wp-json\/wp\/v2\/media\/15718"}],"wp:attachment":[{"href":"https:\/\/skaitytaknyga.lt\/en\/wp-json\/wp\/v2\/media?parent=15628"}],"wp:term":[{"taxonomy":"product_brand","embeddable":true,"href":"https:\/\/skaitytaknyga.lt\/en\/wp-json\/wp\/v2\/product_brand?post=15628"},{"taxonomy":"product_cat","embeddable":true,"href":"https:\/\/skaitytaknyga.lt\/en\/wp-json\/wp\/v2\/product_cat?post=15628"},{"taxonomy":"product_tag","embeddable":true,"href":"https:\/\/skaitytaknyga.lt\/en\/wp-json\/wp\/v2\/product_tag?post=15628"}],"curies":[{"name":"wp","href":"https:\/\/api.w.org\/{rel}","templated":true}]}}