{"id":15627,"date":"2024-12-20T09:52:45","date_gmt":"2024-12-20T07:52:45","guid":{"rendered":"https:\/\/skaitytaknyga.lt\/?post_type=product&#038;p=15627"},"modified":"2026-03-18T13:15:54","modified_gmt":"2026-03-18T11:15:54","slug":"zarnynas-organizmo-variklis","status":"publish","type":"product","link":"https:\/\/skaitytaknyga.lt\/en\/produktas\/zarnynas-organizmo-variklis\/","title":{"rendered":"\u017darnynas \u2013 organizmo variklis"},"content":{"rendered":"<p>Ar kada pagalvojote, kad b\u016btent \u017earnynas yra viso organizmo karalius? \u0160tai kod\u0117l jis Natalijos Zubarevos knygos vir\u0161elyje puikuojasi su kar\u016bna! O kaip gi kitaip, juk nuo \u017earnyno priklauso j\u016bs\u0173 energija, emocin\u0117 savijauta, i\u0161vaizda ir, galima sakyti \u2013 tiesiog laim\u0117. Tod\u0117l kiekvienam absoliu\u010diai b\u016btina \u017einoti, kas j\u016bs\u0173 \u017earnynui padeda, o kas \u2013 trukdo, koks maistas jam leid\u017eia r\u016bpintis j\u016bs\u0173 laime, o koks \u2013 j\u0105 tiesiog triu\u0161kina. Nes \u017earnynas, mielieji \u2013 tai m\u016bs\u0173 antrosios smegenys.<\/p>\n<p>Knygoje \u201e\u017darnynas \u2013 organizmo variklis&#8221; su\u017einosite vis\u0105 ties\u0105 apie:<\/p>\n<p>tai, kaip alergija, tam tikr\u0173 maisto produkt\u0173 netolerancija ir autoimunin\u0117s ligos susijusios su \u017earnyno veikla;<br \/>\npavojing\u0105 pienlig\u0119, vardu Candida;<br \/>\nod\u0105 ir odos problemas, kuri\u0173 didel\u0117 dalis atspindi apgail\u0117tin\u0105 j\u016bs\u0173 \u017earnyno b\u016bkl\u0119;<br \/>\n\u017earnyno s\u0105sajas su smegen\u0173 veikla ir kaip j\u0105 pagerinti;<br \/>\n\u017earnyno ir emocin\u0117s sveikatos ry\u0161\u012f.<br \/>\nKnygos \u201e\u017darnynas \u2013 organizmo variklis. Oda, svoris, imunitetas ir laim\u0117 \u2013 \u0161tai kas slypi antr\u0173j\u0173 \u201esmegen\u0173\u201c vingiuose&#8221; autor\u0117 N. Zubareva \u2013 integralios medicinos specialist\u0117 ir gydytoja, besivadovaujanti funkcin\u0117s medicinos paradigma ir \u017emogaus organizm\u0105 matanti kaip unikali\u0105 visum\u0105. Tai jau tre\u010dioji N. Zubarevos knyga lietuvi\u0161kai, skaitytojai (o ypa\u010d skaitytojos!) jau \u012fvertino jos medicinine patirtimi paremtas knygas \u201eHormon\u0173 valsas&#8221; ir \u201eHormon\u0173 valsas 2&#8243;.<\/p>\n<ul class=\"about-product d-none d-xl-block mt-4\">\n<li><strong>Autorius:<\/strong>\u00a0Natalija Zubareva<\/li>\n<li><strong>Leid\u0117jas:<\/strong>\u00a0Li\u016btai ne avys<\/li>\n<li><strong>Metai:<\/strong>\u00a02021<\/li>\n<li><strong>Puslapiai:<\/strong>\u00a0408<\/li>\n<li class=\"toggleable type-new-formats \"><strong>ISBN:<\/strong>\u00a09786098254822<\/li>\n<li><strong>Versijos kodas:<\/strong>\u00a04<\/li>\n<li class=\"toggleable type-new-formats \"><strong>Formatas:<\/strong>\u00a015 x 21,5 x 3 cm, kieti vir\u0161eliai<\/li>\n<li><strong>Kalba:<\/strong>\u00a0Lietuvi\u0173<\/li>\n<li><strong>Vert\u0117jas:<\/strong>\u00a0Rima Misi\u016bnien\u0117<\/li>\n<li><strong>Knyg\u0173 serija:<\/strong>\u00a0Li\u016bt\u0117ms<\/li>\n<\/ul>\n","protected":false},"excerpt":{"rendered":"<p>Ar kada pagalvojote, kad b\u016btent \u017earnynas yra viso organizmo karalius? \u0160tai kod\u0117l jis Natalijos Zubarevos knygos vir\u0161elyje puikuojasi su kar\u016bna! O kaip gi kitaip, juk nuo \u017earnyno priklauso j\u016bs\u0173 energija, emocin\u0117 savijauta, i\u0161vaizda ir, galima sakyti \u2013 tiesiog laim\u0117. Tod\u0117l kiekvienam absoliu\u010diai b\u016btina \u017einoti, kas j\u016bs\u0173 \u017earnynui padeda, o kas \u2013 trukdo, koks maistas jam leid\u017eia r\u016bpintis j\u016bs\u0173 laime, o koks \u2013 j\u0105 tiesiog triu\u0161kina. Nes \u017earnynas, mielieji \u2013 tai m\u016bs\u0173 antrosios smegenys. Knygoje \u201e\u017darnynas \u2013 organizmo variklis&#8221; su\u017einosite vis\u0105 ties\u0105 apie: tai, kaip alergija, tam tikr\u0173 maisto produkt\u0173 netolerancija ir autoimunin\u0117s ligos susijusios su \u017earnyno veikla; pavojing\u0105 pienlig\u0119, vardu Candida; od\u0105 ir odos problemas, kuri\u0173 didel\u0117 dalis atspindi apgail\u0117tin\u0105 j\u016bs\u0173 \u017earnyno b\u016bkl\u0119; \u017earnyno s\u0105sajas su smegen\u0173 veikla ir kaip j\u0105 pagerinti; \u017earnyno ir emocin\u0117s sveikatos ry\u0161\u012f. Knygos \u201e\u017darnynas \u2013 organizmo variklis. Oda, svoris, imunitetas ir laim\u0117 \u2013 \u0161tai kas slypi antr\u0173j\u0173 \u201esmegen\u0173\u201c vingiuose&#8221; autor\u0117 N. Zubareva \u2013 integralios medicinos specialist\u0117 ir gydytoja, besivadovaujanti funkcin\u0117s medicinos paradigma ir \u017emogaus organizm\u0105 matanti kaip unikali\u0105 visum\u0105. Tai jau tre\u010dioji N. Zubarevos knyga lietuvi\u0161kai, skaitytojai (o ypa\u010d skaitytojos!) jau \u012fvertino jos medicinine patirtimi paremtas knygas \u201eHormon\u0173 valsas&#8221; ir \u201eHormon\u0173 valsas 2&#8243;. Autorius:\u00a0Natalija Zubareva Leid\u0117jas:\u00a0Li\u016btai ne avys Metai:\u00a02021 Puslapiai:\u00a0408 ISBN:\u00a09786098254822 Versijos kodas:\u00a04 Formatas:\u00a015 x 21,5 x 3 cm, kieti vir\u0161eliai Kalba:\u00a0Lietuvi\u0173 Vert\u0117jas:\u00a0Rima Misi\u016bnien\u0117 Knyg\u0173 serija:\u00a0Li\u016bt\u0117ms<\/p>\n","protected":false},"featured_media":15710,"comment_status":"open","ping_status":"closed","template":"","meta":{"_acf_changed":false,"site-sidebar-layout":"default","site-content-layout":"","ast-site-content-layout":"default","site-content-style":"default","site-sidebar-style":"default","ast-global-header-display":"","ast-banner-title-visibility":"","ast-main-header-display":"","ast-hfb-above-header-display":"","ast-hfb-below-header-display":"","ast-hfb-mobile-header-display":"","site-post-title":"","ast-breadcrumbs-content":"","ast-featured-img":"","footer-sml-layout":"","ast-disable-related-posts":"","theme-transparent-header-meta":"default","adv-header-id-meta":"","stick-header-meta":"","header-above-stick-meta":"","header-main-stick-meta":"","header-below-stick-meta":"","astra-migrate-meta-layouts":"set","ast-page-background-enabled":"default","ast-page-background-meta":{"desktop":{"background-color":"","background-image":"","background-repeat":"repeat","background-position":"center center","background-size":"auto","background-attachment":"scroll","background-type":"","background-media":"","overlay-type":"","overlay-color":"","overlay-opacity":"","overlay-gradient":""},"tablet":{"background-color":"","background-image":"","background-repeat":"repeat","background-position":"center center","background-size":"auto","background-attachment":"scroll","background-type":"","background-media":"","overlay-type":"","overlay-color":"","overlay-opacity":"","overlay-gradient":""},"mobile":{"background-color":"","background-image":"","background-repeat":"repeat","background-position":"center center","background-size":"auto","background-attachment":"scroll","background-type":"","background-media":"","overlay-type":"","overlay-color":"","overlay-opacity":"","overlay-gradient":""}},"ast-content-background-meta":{"desktop":{"background-color":"var(--ast-global-color-4)","background-image":"","background-repeat":"repeat","background-position":"center center","background-size":"auto","background-attachment":"scroll","background-type":"","background-media":"","overlay-type":"","overlay-color":"","overlay-opacity":"","overlay-gradient":""},"tablet":{"background-color":"var(--ast-global-color-4)","background-image":"","background-repeat":"repeat","background-position":"center center","background-size":"auto","background-attachment":"scroll","background-type":"","background-media":"","overlay-type":"","overlay-color":"","overlay-opacity":"","overlay-gradient":""},"mobile":{"background-color":"var(--ast-global-color-4)","background-image":"","background-repeat":"repeat","background-position":"center center","background-size":"auto","background-attachment":"scroll","background-type":"","background-media":"","overlay-type":"","overlay-color":"","overlay-opacity":"","overlay-gradient":""}}},"product_brand":[],"product_cat":[9854,15,55],"product_tag":[],"class_list":{"0":"post-15627","1":"product","2":"type-product","3":"status-publish","4":"has-post-thumbnail","6":"product_cat-medicina","7":"product_cat-uncategorized","8":"product_cat-sveikata-ir-sveika-mityba","9":"desktop-align-left","10":"tablet-align-left","11":"mobile-align-left","13":"first","14":"instock","15":"shipping-taxable","16":"purchasable","17":"product-type-simple"},"acf":[],"yoast_head":"<!-- This site is optimized with the Yoast SEO plugin v27.0 - https:\/\/yoast.com\/product\/yoast-seo-wordpress\/ -->\n<title>\u017darnynas \u2013 organizmo variklis<\/title>\n<meta name=\"description\" content=\"Ar kada pagalvojote, kad b\u016btent \u017earnynas yra viso organizmo karalius? \u0160tai kod\u0117l jis Natalijos Zubarevos knygos vir\u0161elyje puikuojasi su kar\u016bna! O kaip gi\" \/>\n<meta name=\"robots\" content=\"index, follow, max-snippet:-1, max-image-preview:large, max-video-preview:-1\" \/>\n<link rel=\"canonical\" href=\"https:\/\/skaitytaknyga.lt\/en\/produktas\/zarnynas-organizmo-variklis\/\" \/>\n<meta property=\"og:locale\" content=\"en_GB\" \/>\n<meta property=\"og:locale:alternate\" content=\"lt_LT\" \/>\n<meta property=\"og:type\" content=\"article\" \/>\n<meta property=\"og:title\" content=\"\u017darnynas \u2013 organizmo variklis\" \/>\n<meta property=\"og:description\" content=\"Ar kada pagalvojote, kad b\u016btent \u017earnynas yra viso organizmo karalius? \u0160tai kod\u0117l jis Natalijos Zubarevos knygos vir\u0161elyje puikuojasi su kar\u016bna! O kaip gi\" \/>\n<meta property=\"og:url\" content=\"https:\/\/skaitytaknyga.lt\/en\/produktas\/zarnynas-organizmo-variklis\/\" \/>\n<meta property=\"og:site_name\" content=\"Skaitytaknyga\" \/>\n<meta property=\"article:publisher\" content=\"https:\/\/www.facebook.com\/skaitytaknyga\/\" \/>\n<meta property=\"article:modified_time\" content=\"2026-03-18T11:15:54+00:00\" \/>\n<meta property=\"og:image\" content=\"https:\/\/skaitytaknyga.lt\/wp-content\/uploads\/2024\/12\/Zarnynas-\u2013-organizmo-variklis.webp\" \/>\n\t<meta property=\"og:image:width\" content=\"564\" \/>\n\t<meta property=\"og:image:height\" content=\"800\" \/>\n\t<meta property=\"og:image:type\" content=\"image\/webp\" \/>\n<meta name=\"twitter:card\" content=\"summary_large_image\" \/>\n<meta name=\"twitter:label1\" content=\"Estimated reading time\" \/>\n\t<meta name=\"twitter:data1\" content=\"2 minutes\" \/>\n<script type=\"application\/ld+json\" class=\"yoast-schema-graph\">{\"@context\":\"https:\/\/schema.org\",\"@graph\":[{\"@type\":\"WebPage\",\"@id\":\"https:\/\/skaitytaknyga.lt\/produktas\/zarnynas-organizmo-variklis\/\",\"url\":\"https:\/\/skaitytaknyga.lt\/produktas\/zarnynas-organizmo-variklis\/\",\"name\":\"\u017darnynas \u2013 organizmo variklis\",\"isPartOf\":{\"@id\":\"https:\/\/skaitytaknyga.lt\/#website\"},\"primaryImageOfPage\":{\"@id\":\"https:\/\/skaitytaknyga.lt\/produktas\/zarnynas-organizmo-variklis\/#primaryimage\"},\"image\":{\"@id\":\"https:\/\/skaitytaknyga.lt\/produktas\/zarnynas-organizmo-variklis\/#primaryimage\"},\"thumbnailUrl\":\"https:\/\/skaitytaknyga.lt\/wp-content\/uploads\/2024\/12\/Zarnynas-\u2013-organizmo-variklis.webp\",\"datePublished\":\"2024-12-20T07:52:45+00:00\",\"dateModified\":\"2026-03-18T11:15:54+00:00\",\"description\":\"Ar kada pagalvojote, kad b\u016btent \u017earnynas yra viso organizmo karalius? \u0160tai kod\u0117l jis Natalijos Zubarevos knygos vir\u0161elyje puikuojasi su kar\u016bna! O kaip gi\",\"breadcrumb\":{\"@id\":\"https:\/\/skaitytaknyga.lt\/produktas\/zarnynas-organizmo-variklis\/#breadcrumb\"},\"inLanguage\":\"en-GB\",\"potentialAction\":[{\"@type\":\"ReadAction\",\"target\":[\"https:\/\/skaitytaknyga.lt\/produktas\/zarnynas-organizmo-variklis\/\"]}]},{\"@type\":\"ImageObject\",\"inLanguage\":\"en-GB\",\"@id\":\"https:\/\/skaitytaknyga.lt\/produktas\/zarnynas-organizmo-variklis\/#primaryimage\",\"url\":\"https:\/\/skaitytaknyga.lt\/wp-content\/uploads\/2024\/12\/Zarnynas-\u2013-organizmo-variklis.webp\",\"contentUrl\":\"https:\/\/skaitytaknyga.lt\/wp-content\/uploads\/2024\/12\/Zarnynas-\u2013-organizmo-variklis.webp\",\"width\":564,\"height\":800,\"caption\":\"\u017darnynas \u2013 organizmo variklis\"},{\"@type\":\"BreadcrumbList\",\"@id\":\"https:\/\/skaitytaknyga.lt\/produktas\/zarnynas-organizmo-variklis\/#breadcrumb\",\"itemListElement\":[{\"@type\":\"ListItem\",\"position\":1,\"name\":\"Home\",\"item\":\"https:\/\/skaitytaknyga.lt\/\"},{\"@type\":\"ListItem\",\"position\":2,\"name\":\"Parduotuv\u0117\",\"item\":\"https:\/\/skaitytaknyga.lt\/knygu-parduotuve\/\"},{\"@type\":\"ListItem\",\"position\":3,\"name\":\"\u017darnynas \u2013 organizmo variklis\"}]},{\"@type\":\"WebSite\",\"@id\":\"https:\/\/skaitytaknyga.lt\/#website\",\"url\":\"https:\/\/skaitytaknyga.lt\/\",\"name\":\"skaitytaknyga.lt\",\"description\":\"Skaitytaknyga.lt \u2013 tai ma\u017eas \u0161eimos verslas, kuris prasid\u0117jo nuo meil\u0117s knygoms ir siekio i\u0161gelb\u0117ti knygas nuo likimo prie konteinerio. Kas vienam nereikalingas daiktas \u2013 kitam lobis, o mes esame tarpininkai, kurie padeda abiems tapti laimingesniems ???? \u017dinome kaip nelengva i\u0161gyventi ma\u017eiems verslams, tad nuo \u0161iol, \u010dia rasite ir kit\u0173, ma\u017e\u0173 \u0161eim\u0173 versl\u0173, rank\u0173 darbo, dovan\u0173 sau ir artimiesiems.\",\"publisher\":{\"@id\":\"https:\/\/skaitytaknyga.lt\/#organization\"},\"potentialAction\":[{\"@type\":\"SearchAction\",\"target\":{\"@type\":\"EntryPoint\",\"urlTemplate\":\"https:\/\/skaitytaknyga.lt\/?s={search_term_string}\"},\"query-input\":{\"@type\":\"PropertyValueSpecification\",\"valueRequired\":true,\"valueName\":\"search_term_string\"}}],\"inLanguage\":\"en-GB\"},{\"@type\":\"Organization\",\"@id\":\"https:\/\/skaitytaknyga.lt\/#organization\",\"name\":\"skaitytaknyga.lt\",\"url\":\"https:\/\/skaitytaknyga.lt\/\",\"logo\":{\"@type\":\"ImageObject\",\"inLanguage\":\"en-GB\",\"@id\":\"https:\/\/skaitytaknyga.lt\/#\/schema\/logo\/image\/\",\"url\":\"https:\/\/skaitytaknyga.lt\/wp-content\/uploads\/2024\/05\/cropped-cropped-cropped-02_00843_jt3bggkj1j3HLc7SyY6rEUpg.jpeg\",\"contentUrl\":\"https:\/\/skaitytaknyga.lt\/wp-content\/uploads\/2024\/05\/cropped-cropped-cropped-02_00843_jt3bggkj1j3HLc7SyY6rEUpg.jpeg\",\"width\":1600,\"height\":1600,\"caption\":\"skaitytaknyga.lt\"},\"image\":{\"@id\":\"https:\/\/skaitytaknyga.lt\/#\/schema\/logo\/image\/\"},\"sameAs\":[\"https:\/\/www.facebook.com\/skaitytaknyga\/\"]}]}<\/script>\n<!-- \/ Yoast SEO plugin. -->","yoast_head_json":{"title":"\u017darnynas \u2013 organizmo variklis","description":"Ar kada pagalvojote, kad b\u016btent \u017earnynas yra viso organizmo karalius? \u0160tai kod\u0117l jis Natalijos Zubarevos knygos vir\u0161elyje puikuojasi su kar\u016bna! O kaip gi","robots":{"index":"index","follow":"follow","max-snippet":"max-snippet:-1","max-image-preview":"max-image-preview:large","max-video-preview":"max-video-preview:-1"},"canonical":"https:\/\/skaitytaknyga.lt\/en\/produktas\/zarnynas-organizmo-variklis\/","og_locale":"en_GB","og_type":"article","og_title":"[:lt]\u017darnynas \u2013 organizmo variklis[:] - Skaitytaknyga","og_description":"Ar kada pagalvojote, kad b\u016btent \u017earnynas yra viso organizmo karalius? \u0160tai kod\u0117l jis Natalijos Zubarevos knygos vir\u0161elyje puikuojasi su kar\u016bna! O kaip gi","og_url":"https:\/\/skaitytaknyga.lt\/en\/produktas\/zarnynas-organizmo-variklis\/","og_site_name":"Skaitytaknyga","article_publisher":"https:\/\/www.facebook.com\/skaitytaknyga\/","article_modified_time":"2026-03-18T11:15:54+00:00","og_image":[{"width":564,"height":800,"url":"https:\/\/skaitytaknyga.lt\/wp-content\/uploads\/2024\/12\/Zarnynas-\u2013-organizmo-variklis.webp","type":"image\/webp"}],"twitter_card":"summary_large_image","twitter_misc":{"Estimated reading time":"2 minutes"},"schema":{"@context":"https:\/\/schema.org","@graph":[{"@type":"WebPage","@id":"https:\/\/skaitytaknyga.lt\/produktas\/zarnynas-organizmo-variklis\/","url":"https:\/\/skaitytaknyga.lt\/produktas\/zarnynas-organizmo-variklis\/","name":"\u017darnynas \u2013 organizmo variklis","isPartOf":{"@id":"https:\/\/skaitytaknyga.lt\/#website"},"primaryImageOfPage":{"@id":"https:\/\/skaitytaknyga.lt\/produktas\/zarnynas-organizmo-variklis\/#primaryimage"},"image":{"@id":"https:\/\/skaitytaknyga.lt\/produktas\/zarnynas-organizmo-variklis\/#primaryimage"},"thumbnailUrl":"https:\/\/skaitytaknyga.lt\/wp-content\/uploads\/2024\/12\/Zarnynas-\u2013-organizmo-variklis.webp","datePublished":"2024-12-20T07:52:45+00:00","dateModified":"2026-03-18T11:15:54+00:00","description":"Ar kada pagalvojote, kad b\u016btent \u017earnynas yra viso organizmo karalius? \u0160tai kod\u0117l jis Natalijos Zubarevos knygos vir\u0161elyje puikuojasi su kar\u016bna! O kaip gi","breadcrumb":{"@id":"https:\/\/skaitytaknyga.lt\/produktas\/zarnynas-organizmo-variklis\/#breadcrumb"},"inLanguage":"en-GB","potentialAction":[{"@type":"ReadAction","target":["https:\/\/skaitytaknyga.lt\/produktas\/zarnynas-organizmo-variklis\/"]}]},{"@type":"ImageObject","inLanguage":"en-GB","@id":"https:\/\/skaitytaknyga.lt\/produktas\/zarnynas-organizmo-variklis\/#primaryimage","url":"https:\/\/skaitytaknyga.lt\/wp-content\/uploads\/2024\/12\/Zarnynas-\u2013-organizmo-variklis.webp","contentUrl":"https:\/\/skaitytaknyga.lt\/wp-content\/uploads\/2024\/12\/Zarnynas-\u2013-organizmo-variklis.webp","width":564,"height":800,"caption":"\u017darnynas \u2013 organizmo variklis"},{"@type":"BreadcrumbList","@id":"https:\/\/skaitytaknyga.lt\/produktas\/zarnynas-organizmo-variklis\/#breadcrumb","itemListElement":[{"@type":"ListItem","position":1,"name":"Home","item":"https:\/\/skaitytaknyga.lt\/"},{"@type":"ListItem","position":2,"name":"Parduotuv\u0117","item":"https:\/\/skaitytaknyga.lt\/knygu-parduotuve\/"},{"@type":"ListItem","position":3,"name":"\u017darnynas \u2013 organizmo variklis"}]},{"@type":"WebSite","@id":"https:\/\/skaitytaknyga.lt\/#website","url":"https:\/\/skaitytaknyga.lt\/","name":"skaitytaknyga.lt","description":"Skaitytaknyga.lt \u2013 tai ma\u017eas \u0161eimos verslas, kuris prasid\u0117jo nuo meil\u0117s knygoms ir siekio i\u0161gelb\u0117ti knygas nuo likimo prie konteinerio. Kas vienam nereikalingas daiktas \u2013 kitam lobis, o mes esame tarpininkai, kurie padeda abiems tapti laimingesniems ???? \u017dinome kaip nelengva i\u0161gyventi ma\u017eiems verslams, tad nuo \u0161iol, \u010dia rasite ir kit\u0173, ma\u017e\u0173 \u0161eim\u0173 versl\u0173, rank\u0173 darbo, dovan\u0173 sau ir artimiesiems.","publisher":{"@id":"https:\/\/skaitytaknyga.lt\/#organization"},"potentialAction":[{"@type":"SearchAction","target":{"@type":"EntryPoint","urlTemplate":"https:\/\/skaitytaknyga.lt\/?s={search_term_string}"},"query-input":{"@type":"PropertyValueSpecification","valueRequired":true,"valueName":"search_term_string"}}],"inLanguage":"en-GB"},{"@type":"Organization","@id":"https:\/\/skaitytaknyga.lt\/#organization","name":"skaitytaknyga.lt","url":"https:\/\/skaitytaknyga.lt\/","logo":{"@type":"ImageObject","inLanguage":"en-GB","@id":"https:\/\/skaitytaknyga.lt\/#\/schema\/logo\/image\/","url":"https:\/\/skaitytaknyga.lt\/wp-content\/uploads\/2024\/05\/cropped-cropped-cropped-02_00843_jt3bggkj1j3HLc7SyY6rEUpg.jpeg","contentUrl":"https:\/\/skaitytaknyga.lt\/wp-content\/uploads\/2024\/05\/cropped-cropped-cropped-02_00843_jt3bggkj1j3HLc7SyY6rEUpg.jpeg","width":1600,"height":1600,"caption":"skaitytaknyga.lt"},"image":{"@id":"https:\/\/skaitytaknyga.lt\/#\/schema\/logo\/image\/"},"sameAs":["https:\/\/www.facebook.com\/skaitytaknyga\/"]}]}},"_links":{"self":[{"href":"https:\/\/skaitytaknyga.lt\/en\/wp-json\/wp\/v2\/product\/15627","targetHints":{"allow":["GET"]}}],"collection":[{"href":"https:\/\/skaitytaknyga.lt\/en\/wp-json\/wp\/v2\/product"}],"about":[{"href":"https:\/\/skaitytaknyga.lt\/en\/wp-json\/wp\/v2\/types\/product"}],"replies":[{"embeddable":true,"href":"https:\/\/skaitytaknyga.lt\/en\/wp-json\/wp\/v2\/comments?post=15627"}],"wp:featuredmedia":[{"embeddable":true,"href":"https:\/\/skaitytaknyga.lt\/en\/wp-json\/wp\/v2\/media\/15710"}],"wp:attachment":[{"href":"https:\/\/skaitytaknyga.lt\/en\/wp-json\/wp\/v2\/media?parent=15627"}],"wp:term":[{"taxonomy":"product_brand","embeddable":true,"href":"https:\/\/skaitytaknyga.lt\/en\/wp-json\/wp\/v2\/product_brand?post=15627"},{"taxonomy":"product_cat","embeddable":true,"href":"https:\/\/skaitytaknyga.lt\/en\/wp-json\/wp\/v2\/product_cat?post=15627"},{"taxonomy":"product_tag","embeddable":true,"href":"https:\/\/skaitytaknyga.lt\/en\/wp-json\/wp\/v2\/product_tag?post=15627"}],"curies":[{"name":"wp","href":"https:\/\/api.w.org\/{rel}","templated":true}]}}