{"id":15623,"date":"2024-12-20T08:09:36","date_gmt":"2024-12-20T06:09:36","guid":{"rendered":"https:\/\/skaitytaknyga.lt\/?post_type=product&#038;p=15623"},"modified":"2026-02-06T11:06:46","modified_gmt":"2026-02-06T09:06:46","slug":"visi-meluoja-bet-internetas-zino-kas-esame-is-tikruju","status":"publish","type":"product","link":"https:\/\/skaitytaknyga.lt\/en\/produktas\/visi-meluoja-bet-internetas-zino-kas-esame-is-tikruju\/","title":{"rendered":"Visi meluoja. Bet internetas \u017eino, kas esame i\u0161 tikr\u0173j\u0173"},"content":{"rendered":"<p>Baigiantis eilinei dvide\u0161imt pirmojo am\u017eiaus prad\u017eios dienai internete nar\u0161anti \u017emonija paliks a\u0161tuonis trilijonus gigabait\u0173 duomen\u0173. \u0160itas stulbinamas informacijos kiekis gali atskleisti apie mus \u2013 m\u016bs\u0173 baimes, tro\u0161kimus, elges\u012f, s\u0105moningus ir nes\u0105moningus sprendimus \u2013 daugiau, nei \u012fsivaizduojame, nuo buiti\u0161kiausi\u0173 iki giliausi\u0173 \u017eini\u0173 apie \u017emoni\u0173 psichik\u0105, kuri\u0173 dar prie\u0161 dvide\u0161imt met\u0173 ne\u012fsivaizdavome.<\/p>\n<ul class=\"about-product d-none d-xl-block mt-4\">\n<li><strong>Originalus pavadinimas:<\/strong>\u00a0Everybody Lies. Big data, New data, and what the Internet can tell us about who we really are<\/li>\n<li><strong>Autorius:<\/strong>\u00a0Seth Stephens-Davidowitz<\/li>\n<li><strong>Leid\u0117jas:<\/strong>\u00a0BALTO leidybos namai<\/li>\n<li><strong>Metai:<\/strong>\u00a02018<\/li>\n<li><strong>Puslapiai:<\/strong>\u00a0320<\/li>\n<li class=\"toggleable type-new-formats \"><strong>ISBN:<\/strong>\u00a09786099603483<\/li>\n<li><strong>Versijos kodas:<\/strong>\u00a0PT.<\/li>\n<li class=\"toggleable type-new-formats \"><strong>Formatas:<\/strong>\u00a014,5 x 21,5 x 2,7 cm, kieti vir\u0161eliai<\/li>\n<li><strong>Kalba:<\/strong>\u00a0Lietuvi\u0173<\/li>\n<li><strong>Vert\u0117jas:<\/strong>\u00a0Jurgita J\u0117rinait\u0117<\/li>\n<\/ul>\n","protected":false},"excerpt":{"rendered":"<p>Baigiantis eilinei dvide\u0161imt pirmojo am\u017eiaus prad\u017eios dienai internete nar\u0161anti \u017emonija paliks a\u0161tuonis trilijonus gigabait\u0173 duomen\u0173. \u0160itas stulbinamas informacijos kiekis gali atskleisti apie mus \u2013 m\u016bs\u0173 baimes, tro\u0161kimus, elges\u012f, s\u0105moningus ir nes\u0105moningus sprendimus \u2013 daugiau, nei \u012fsivaizduojame, nuo buiti\u0161kiausi\u0173 iki giliausi\u0173 \u017eini\u0173 apie \u017emoni\u0173 psichik\u0105, kuri\u0173 dar prie\u0161 dvide\u0161imt met\u0173 ne\u012fsivaizdavome. Originalus pavadinimas:\u00a0Everybody Lies. Big data, New data, and what the Internet can tell us about who we really are Autorius:\u00a0Seth Stephens-Davidowitz Leid\u0117jas:\u00a0BALTO leidybos namai Metai:\u00a02018 Puslapiai:\u00a0320 ISBN:\u00a09786099603483 Versijos kodas:\u00a0PT. Formatas:\u00a014,5 x 21,5 x 2,7 cm, kieti vir\u0161eliai Kalba:\u00a0Lietuvi\u0173 Vert\u0117jas:\u00a0Jurgita J\u0117rinait\u0117<\/p>\n","protected":false},"featured_media":15720,"comment_status":"open","ping_status":"closed","template":"","meta":{"_acf_changed":false,"site-sidebar-layout":"default","site-content-layout":"","ast-site-content-layout":"default","site-content-style":"default","site-sidebar-style":"default","ast-global-header-display":"","ast-banner-title-visibility":"","ast-main-header-display":"","ast-hfb-above-header-display":"","ast-hfb-below-header-display":"","ast-hfb-mobile-header-display":"","site-post-title":"","ast-breadcrumbs-content":"","ast-featured-img":"","footer-sml-layout":"","ast-disable-related-posts":"","theme-transparent-header-meta":"default","adv-header-id-meta":"","stick-header-meta":"","header-above-stick-meta":"","header-main-stick-meta":"","header-below-stick-meta":"","astra-migrate-meta-layouts":"set","ast-page-background-enabled":"default","ast-page-background-meta":{"desktop":{"background-color":"","background-image":"","background-repeat":"repeat","background-position":"center center","background-size":"auto","background-attachment":"scroll","background-type":"","background-media":"","overlay-type":"","overlay-color":"","overlay-opacity":"","overlay-gradient":""},"tablet":{"background-color":"","background-image":"","background-repeat":"repeat","background-position":"center center","background-size":"auto","background-attachment":"scroll","background-type":"","background-media":"","overlay-type":"","overlay-color":"","overlay-opacity":"","overlay-gradient":""},"mobile":{"background-color":"","background-image":"","background-repeat":"repeat","background-position":"center center","background-size":"auto","background-attachment":"scroll","background-type":"","background-media":"","overlay-type":"","overlay-color":"","overlay-opacity":"","overlay-gradient":""}},"ast-content-background-meta":{"desktop":{"background-color":"var(--ast-global-color-4)","background-image":"","background-repeat":"repeat","background-position":"center center","background-size":"auto","background-attachment":"scroll","background-type":"","background-media":"","overlay-type":"","overlay-color":"","overlay-opacity":"","overlay-gradient":""},"tablet":{"background-color":"var(--ast-global-color-4)","background-image":"","background-repeat":"repeat","background-position":"center center","background-size":"auto","background-attachment":"scroll","background-type":"","background-media":"","overlay-type":"","overlay-color":"","overlay-opacity":"","overlay-gradient":""},"mobile":{"background-color":"var(--ast-global-color-4)","background-image":"","background-repeat":"repeat","background-position":"center center","background-size":"auto","background-attachment":"scroll","background-type":"","background-media":"","overlay-type":"","overlay-color":"","overlay-opacity":"","overlay-gradient":""}}},"product_brand":[],"product_cat":[15,30],"product_tag":[],"class_list":{"0":"post-15623","1":"product","2":"type-product","3":"status-publish","4":"has-post-thumbnail","6":"product_cat-uncategorized","7":"product_cat-psichologija-ir-saviugda","8":"desktop-align-left","9":"tablet-align-left","10":"mobile-align-left","12":"first","13":"outofstock","14":"shipping-taxable","15":"purchasable","16":"product-type-simple"},"acf":[],"yoast_head":"<!-- This site is optimized with the Yoast SEO plugin v27.0 - https:\/\/yoast.com\/product\/yoast-seo-wordpress\/ -->\n<title>Visi meluoja. Bet internetas \u017eino, kas esame i\u0161 tikr\u0173j\u0173<\/title>\n<meta name=\"description\" content=\"Baigiantis eilinei dvide\u0161imt pirmojo am\u017eiaus prad\u017eios dienai internete nar\u0161anti \u017emonija paliks a\u0161tuonis trilijonus gigabait\u0173 duomen\u0173. \u0160itas stulbinamas\" \/>\n<meta name=\"robots\" content=\"index, follow, max-snippet:-1, max-image-preview:large, max-video-preview:-1\" \/>\n<link rel=\"canonical\" href=\"https:\/\/skaitytaknyga.lt\/en\/produktas\/visi-meluoja-bet-internetas-zino-kas-esame-is-tikruju\/\" \/>\n<meta property=\"og:locale\" content=\"en_GB\" \/>\n<meta property=\"og:locale:alternate\" content=\"lt_LT\" \/>\n<meta property=\"og:type\" content=\"article\" \/>\n<meta property=\"og:title\" content=\"Visi meluoja. Bet internetas \u017eino, kas esame i\u0161 tikr\u0173j\u0173\" \/>\n<meta property=\"og:description\" content=\"Baigiantis eilinei dvide\u0161imt pirmojo am\u017eiaus prad\u017eios dienai internete nar\u0161anti \u017emonija paliks a\u0161tuonis trilijonus gigabait\u0173 duomen\u0173. \u0160itas stulbinamas\" \/>\n<meta property=\"og:url\" content=\"https:\/\/skaitytaknyga.lt\/en\/produktas\/visi-meluoja-bet-internetas-zino-kas-esame-is-tikruju\/\" \/>\n<meta property=\"og:site_name\" content=\"Skaitytaknyga\" \/>\n<meta property=\"article:publisher\" content=\"https:\/\/www.facebook.com\/skaitytaknyga\/\" \/>\n<meta property=\"article:modified_time\" content=\"2026-02-06T09:06:46+00:00\" \/>\n<meta property=\"og:image\" content=\"https:\/\/skaitytaknyga.lt\/wp-content\/uploads\/2024\/12\/Visi-meluoja.-Bet-internetas-zino-kas-esame-is-tikruju.webp\" \/>\n\t<meta property=\"og:image:width\" content=\"537\" \/>\n\t<meta property=\"og:image:height\" content=\"800\" \/>\n\t<meta property=\"og:image:type\" content=\"image\/webp\" \/>\n<meta name=\"twitter:card\" content=\"summary_large_image\" \/>\n<meta name=\"twitter:label1\" content=\"Estimated reading time\" \/>\n\t<meta name=\"twitter:data1\" content=\"1 minute\" \/>\n<script type=\"application\/ld+json\" class=\"yoast-schema-graph\">{\"@context\":\"https:\/\/schema.org\",\"@graph\":[{\"@type\":\"WebPage\",\"@id\":\"https:\/\/skaitytaknyga.lt\/produktas\/visi-meluoja-bet-internetas-zino-kas-esame-is-tikruju\/\",\"url\":\"https:\/\/skaitytaknyga.lt\/produktas\/visi-meluoja-bet-internetas-zino-kas-esame-is-tikruju\/\",\"name\":\"Visi meluoja. Bet internetas \u017eino, kas esame i\u0161 tikr\u0173j\u0173\",\"isPartOf\":{\"@id\":\"https:\/\/skaitytaknyga.lt\/#website\"},\"primaryImageOfPage\":{\"@id\":\"https:\/\/skaitytaknyga.lt\/produktas\/visi-meluoja-bet-internetas-zino-kas-esame-is-tikruju\/#primaryimage\"},\"image\":{\"@id\":\"https:\/\/skaitytaknyga.lt\/produktas\/visi-meluoja-bet-internetas-zino-kas-esame-is-tikruju\/#primaryimage\"},\"thumbnailUrl\":\"https:\/\/skaitytaknyga.lt\/wp-content\/uploads\/2024\/12\/Visi-meluoja.-Bet-internetas-zino-kas-esame-is-tikruju.webp\",\"datePublished\":\"2024-12-20T06:09:36+00:00\",\"dateModified\":\"2026-02-06T09:06:46+00:00\",\"description\":\"Baigiantis eilinei dvide\u0161imt pirmojo am\u017eiaus prad\u017eios dienai internete nar\u0161anti \u017emonija paliks a\u0161tuonis trilijonus gigabait\u0173 duomen\u0173. \u0160itas stulbinamas\",\"breadcrumb\":{\"@id\":\"https:\/\/skaitytaknyga.lt\/produktas\/visi-meluoja-bet-internetas-zino-kas-esame-is-tikruju\/#breadcrumb\"},\"inLanguage\":\"en-GB\",\"potentialAction\":[{\"@type\":\"ReadAction\",\"target\":[\"https:\/\/skaitytaknyga.lt\/produktas\/visi-meluoja-bet-internetas-zino-kas-esame-is-tikruju\/\"]}]},{\"@type\":\"ImageObject\",\"inLanguage\":\"en-GB\",\"@id\":\"https:\/\/skaitytaknyga.lt\/produktas\/visi-meluoja-bet-internetas-zino-kas-esame-is-tikruju\/#primaryimage\",\"url\":\"https:\/\/skaitytaknyga.lt\/wp-content\/uploads\/2024\/12\/Visi-meluoja.-Bet-internetas-zino-kas-esame-is-tikruju.webp\",\"contentUrl\":\"https:\/\/skaitytaknyga.lt\/wp-content\/uploads\/2024\/12\/Visi-meluoja.-Bet-internetas-zino-kas-esame-is-tikruju.webp\",\"width\":537,\"height\":800,\"caption\":\"Visi meluoja. Bet internetas \u017eino, kas esame i\u0161 tikr\u0173j\u0173\"},{\"@type\":\"BreadcrumbList\",\"@id\":\"https:\/\/skaitytaknyga.lt\/produktas\/visi-meluoja-bet-internetas-zino-kas-esame-is-tikruju\/#breadcrumb\",\"itemListElement\":[{\"@type\":\"ListItem\",\"position\":1,\"name\":\"Home\",\"item\":\"https:\/\/skaitytaknyga.lt\/\"},{\"@type\":\"ListItem\",\"position\":2,\"name\":\"Parduotuv\u0117\",\"item\":\"https:\/\/skaitytaknyga.lt\/knygu-parduotuve\/\"},{\"@type\":\"ListItem\",\"position\":3,\"name\":\"Visi meluoja. Bet internetas \u017eino, kas esame i\u0161 tikr\u0173j\u0173\"}]},{\"@type\":\"WebSite\",\"@id\":\"https:\/\/skaitytaknyga.lt\/#website\",\"url\":\"https:\/\/skaitytaknyga.lt\/\",\"name\":\"skaitytaknyga.lt\",\"description\":\"Skaitytaknyga.lt \u2013 tai ma\u017eas \u0161eimos verslas, kuris prasid\u0117jo nuo meil\u0117s knygoms ir siekio i\u0161gelb\u0117ti knygas nuo likimo prie konteinerio. Kas vienam nereikalingas daiktas \u2013 kitam lobis, o mes esame tarpininkai, kurie padeda abiems tapti laimingesniems ???? \u017dinome kaip nelengva i\u0161gyventi ma\u017eiems verslams, tad nuo \u0161iol, \u010dia rasite ir kit\u0173, ma\u017e\u0173 \u0161eim\u0173 versl\u0173, rank\u0173 darbo, dovan\u0173 sau ir artimiesiems.\",\"publisher\":{\"@id\":\"https:\/\/skaitytaknyga.lt\/#organization\"},\"potentialAction\":[{\"@type\":\"SearchAction\",\"target\":{\"@type\":\"EntryPoint\",\"urlTemplate\":\"https:\/\/skaitytaknyga.lt\/?s={search_term_string}\"},\"query-input\":{\"@type\":\"PropertyValueSpecification\",\"valueRequired\":true,\"valueName\":\"search_term_string\"}}],\"inLanguage\":\"en-GB\"},{\"@type\":\"Organization\",\"@id\":\"https:\/\/skaitytaknyga.lt\/#organization\",\"name\":\"skaitytaknyga.lt\",\"url\":\"https:\/\/skaitytaknyga.lt\/\",\"logo\":{\"@type\":\"ImageObject\",\"inLanguage\":\"en-GB\",\"@id\":\"https:\/\/skaitytaknyga.lt\/#\/schema\/logo\/image\/\",\"url\":\"https:\/\/skaitytaknyga.lt\/wp-content\/uploads\/2024\/05\/cropped-cropped-cropped-02_00843_jt3bggkj1j3HLc7SyY6rEUpg.jpeg\",\"contentUrl\":\"https:\/\/skaitytaknyga.lt\/wp-content\/uploads\/2024\/05\/cropped-cropped-cropped-02_00843_jt3bggkj1j3HLc7SyY6rEUpg.jpeg\",\"width\":1600,\"height\":1600,\"caption\":\"skaitytaknyga.lt\"},\"image\":{\"@id\":\"https:\/\/skaitytaknyga.lt\/#\/schema\/logo\/image\/\"},\"sameAs\":[\"https:\/\/www.facebook.com\/skaitytaknyga\/\"]}]}<\/script>\n<!-- \/ Yoast SEO plugin. -->","yoast_head_json":{"title":"Visi meluoja. Bet internetas \u017eino, kas esame i\u0161 tikr\u0173j\u0173","description":"Baigiantis eilinei dvide\u0161imt pirmojo am\u017eiaus prad\u017eios dienai internete nar\u0161anti \u017emonija paliks a\u0161tuonis trilijonus gigabait\u0173 duomen\u0173. \u0160itas stulbinamas","robots":{"index":"index","follow":"follow","max-snippet":"max-snippet:-1","max-image-preview":"max-image-preview:large","max-video-preview":"max-video-preview:-1"},"canonical":"https:\/\/skaitytaknyga.lt\/en\/produktas\/visi-meluoja-bet-internetas-zino-kas-esame-is-tikruju\/","og_locale":"en_GB","og_type":"article","og_title":"[:lt]Visi meluoja. Bet internetas \u017eino, kas esame i\u0161 tikr\u0173j\u0173[:] - Skaitytaknyga","og_description":"Baigiantis eilinei dvide\u0161imt pirmojo am\u017eiaus prad\u017eios dienai internete nar\u0161anti \u017emonija paliks a\u0161tuonis trilijonus gigabait\u0173 duomen\u0173. \u0160itas stulbinamas","og_url":"https:\/\/skaitytaknyga.lt\/en\/produktas\/visi-meluoja-bet-internetas-zino-kas-esame-is-tikruju\/","og_site_name":"Skaitytaknyga","article_publisher":"https:\/\/www.facebook.com\/skaitytaknyga\/","article_modified_time":"2026-02-06T09:06:46+00:00","og_image":[{"width":537,"height":800,"url":"https:\/\/skaitytaknyga.lt\/wp-content\/uploads\/2024\/12\/Visi-meluoja.-Bet-internetas-zino-kas-esame-is-tikruju.webp","type":"image\/webp"}],"twitter_card":"summary_large_image","twitter_misc":{"Estimated reading time":"1 minute"},"schema":{"@context":"https:\/\/schema.org","@graph":[{"@type":"WebPage","@id":"https:\/\/skaitytaknyga.lt\/produktas\/visi-meluoja-bet-internetas-zino-kas-esame-is-tikruju\/","url":"https:\/\/skaitytaknyga.lt\/produktas\/visi-meluoja-bet-internetas-zino-kas-esame-is-tikruju\/","name":"Visi meluoja. Bet internetas \u017eino, kas esame i\u0161 tikr\u0173j\u0173","isPartOf":{"@id":"https:\/\/skaitytaknyga.lt\/#website"},"primaryImageOfPage":{"@id":"https:\/\/skaitytaknyga.lt\/produktas\/visi-meluoja-bet-internetas-zino-kas-esame-is-tikruju\/#primaryimage"},"image":{"@id":"https:\/\/skaitytaknyga.lt\/produktas\/visi-meluoja-bet-internetas-zino-kas-esame-is-tikruju\/#primaryimage"},"thumbnailUrl":"https:\/\/skaitytaknyga.lt\/wp-content\/uploads\/2024\/12\/Visi-meluoja.-Bet-internetas-zino-kas-esame-is-tikruju.webp","datePublished":"2024-12-20T06:09:36+00:00","dateModified":"2026-02-06T09:06:46+00:00","description":"Baigiantis eilinei dvide\u0161imt pirmojo am\u017eiaus prad\u017eios dienai internete nar\u0161anti \u017emonija paliks a\u0161tuonis trilijonus gigabait\u0173 duomen\u0173. \u0160itas stulbinamas","breadcrumb":{"@id":"https:\/\/skaitytaknyga.lt\/produktas\/visi-meluoja-bet-internetas-zino-kas-esame-is-tikruju\/#breadcrumb"},"inLanguage":"en-GB","potentialAction":[{"@type":"ReadAction","target":["https:\/\/skaitytaknyga.lt\/produktas\/visi-meluoja-bet-internetas-zino-kas-esame-is-tikruju\/"]}]},{"@type":"ImageObject","inLanguage":"en-GB","@id":"https:\/\/skaitytaknyga.lt\/produktas\/visi-meluoja-bet-internetas-zino-kas-esame-is-tikruju\/#primaryimage","url":"https:\/\/skaitytaknyga.lt\/wp-content\/uploads\/2024\/12\/Visi-meluoja.-Bet-internetas-zino-kas-esame-is-tikruju.webp","contentUrl":"https:\/\/skaitytaknyga.lt\/wp-content\/uploads\/2024\/12\/Visi-meluoja.-Bet-internetas-zino-kas-esame-is-tikruju.webp","width":537,"height":800,"caption":"Visi meluoja. Bet internetas \u017eino, kas esame i\u0161 tikr\u0173j\u0173"},{"@type":"BreadcrumbList","@id":"https:\/\/skaitytaknyga.lt\/produktas\/visi-meluoja-bet-internetas-zino-kas-esame-is-tikruju\/#breadcrumb","itemListElement":[{"@type":"ListItem","position":1,"name":"Home","item":"https:\/\/skaitytaknyga.lt\/"},{"@type":"ListItem","position":2,"name":"Parduotuv\u0117","item":"https:\/\/skaitytaknyga.lt\/knygu-parduotuve\/"},{"@type":"ListItem","position":3,"name":"Visi meluoja. Bet internetas \u017eino, kas esame i\u0161 tikr\u0173j\u0173"}]},{"@type":"WebSite","@id":"https:\/\/skaitytaknyga.lt\/#website","url":"https:\/\/skaitytaknyga.lt\/","name":"skaitytaknyga.lt","description":"Skaitytaknyga.lt \u2013 tai ma\u017eas \u0161eimos verslas, kuris prasid\u0117jo nuo meil\u0117s knygoms ir siekio i\u0161gelb\u0117ti knygas nuo likimo prie konteinerio. Kas vienam nereikalingas daiktas \u2013 kitam lobis, o mes esame tarpininkai, kurie padeda abiems tapti laimingesniems ???? \u017dinome kaip nelengva i\u0161gyventi ma\u017eiems verslams, tad nuo \u0161iol, \u010dia rasite ir kit\u0173, ma\u017e\u0173 \u0161eim\u0173 versl\u0173, rank\u0173 darbo, dovan\u0173 sau ir artimiesiems.","publisher":{"@id":"https:\/\/skaitytaknyga.lt\/#organization"},"potentialAction":[{"@type":"SearchAction","target":{"@type":"EntryPoint","urlTemplate":"https:\/\/skaitytaknyga.lt\/?s={search_term_string}"},"query-input":{"@type":"PropertyValueSpecification","valueRequired":true,"valueName":"search_term_string"}}],"inLanguage":"en-GB"},{"@type":"Organization","@id":"https:\/\/skaitytaknyga.lt\/#organization","name":"skaitytaknyga.lt","url":"https:\/\/skaitytaknyga.lt\/","logo":{"@type":"ImageObject","inLanguage":"en-GB","@id":"https:\/\/skaitytaknyga.lt\/#\/schema\/logo\/image\/","url":"https:\/\/skaitytaknyga.lt\/wp-content\/uploads\/2024\/05\/cropped-cropped-cropped-02_00843_jt3bggkj1j3HLc7SyY6rEUpg.jpeg","contentUrl":"https:\/\/skaitytaknyga.lt\/wp-content\/uploads\/2024\/05\/cropped-cropped-cropped-02_00843_jt3bggkj1j3HLc7SyY6rEUpg.jpeg","width":1600,"height":1600,"caption":"skaitytaknyga.lt"},"image":{"@id":"https:\/\/skaitytaknyga.lt\/#\/schema\/logo\/image\/"},"sameAs":["https:\/\/www.facebook.com\/skaitytaknyga\/"]}]}},"_links":{"self":[{"href":"https:\/\/skaitytaknyga.lt\/en\/wp-json\/wp\/v2\/product\/15623","targetHints":{"allow":["GET"]}}],"collection":[{"href":"https:\/\/skaitytaknyga.lt\/en\/wp-json\/wp\/v2\/product"}],"about":[{"href":"https:\/\/skaitytaknyga.lt\/en\/wp-json\/wp\/v2\/types\/product"}],"replies":[{"embeddable":true,"href":"https:\/\/skaitytaknyga.lt\/en\/wp-json\/wp\/v2\/comments?post=15623"}],"wp:featuredmedia":[{"embeddable":true,"href":"https:\/\/skaitytaknyga.lt\/en\/wp-json\/wp\/v2\/media\/15720"}],"wp:attachment":[{"href":"https:\/\/skaitytaknyga.lt\/en\/wp-json\/wp\/v2\/media?parent=15623"}],"wp:term":[{"taxonomy":"product_brand","embeddable":true,"href":"https:\/\/skaitytaknyga.lt\/en\/wp-json\/wp\/v2\/product_brand?post=15623"},{"taxonomy":"product_cat","embeddable":true,"href":"https:\/\/skaitytaknyga.lt\/en\/wp-json\/wp\/v2\/product_cat?post=15623"},{"taxonomy":"product_tag","embeddable":true,"href":"https:\/\/skaitytaknyga.lt\/en\/wp-json\/wp\/v2\/product_tag?post=15623"}],"curies":[{"name":"wp","href":"https:\/\/api.w.org\/{rel}","templated":true}]}}