{"id":15620,"date":"2024-12-20T08:09:36","date_gmt":"2024-12-20T06:09:36","guid":{"rendered":"https:\/\/skaitytaknyga.lt\/?post_type=product&#038;p=15620"},"modified":"2024-12-23T09:38:50","modified_gmt":"2024-12-23T07:38:50","slug":"gerasis-sunelis-bo-sirdis-visada-parves-namo","status":"publish","type":"product","link":"https:\/\/skaitytaknyga.lt\/en\/produktas\/gerasis-sunelis-bo-sirdis-visada-parves-namo\/","title":{"rendered":"Gerasis \u0161unelis Bo. \u0160irdis visada parves namo"},"content":{"rendered":"<p>Vaikams nuo 5 met\u0173<\/p>\n<p>Susipa\u017einkite \u2013 tai Bo Deivisas!<\/p>\n<p>Jis \u2013 i\u0161dyk\u0119s, bet labai geras \u0161unelis, turintis auksin\u0119 \u0161ird\u012f.<br \/>\nBo papasakos apie visus savo draugus, nuotykius ir i\u0161daigas: kaip kvailioja, laksto, voliojasi purve ir aukl\u0117ja \u0161eimininkus.<\/p>\n<p>Vien\u0105 dien\u0105 \u0161unelis pameta savo pakabut\u012f. Jis labai brangus \u2013 ant jo u\u017era\u0161ytas Bo vardas ir adresas, kad visada rast\u0173 namus. Ar pavyks Bo surasti savo pakabut\u012f? Ar kiti \u016bkio gyv\u016bnai jam pad\u0117s?<\/p>\n<p>Serija\u00a0<strong>\u201eGerasis \u0161unelis Bo&#8221;<\/strong>\u00a0skirta skaityti pradedantiems vaikams. Knygos para\u0161ytos lengvai ir \u017eaismingai, o kone kiekviename puslapyje yra paveiksl\u0117li\u0173!<\/p>\n<p><strong>\u201eGerasis \u0161unelis Bo. \u0160irdis visada parves namo&#8221;:<\/strong><\/p>\n<ul>\n<li>moko gerumo ir su visais elgtis gra\u017eiai;<\/li>\n<li>ugdo empatij\u0105 ir padeda suprasti gyv\u016bn\u0173 poreikius;<\/li>\n<li>prajuokina, nes \u010dia daug humoro ir juoking\u0173 situacij\u0173;<\/li>\n<li>\u017eavi \u0161auniomis iliustracijomis;<\/li>\n<li><strong>pritaikyta skaityti pradedantiems vaikams: nesud\u0117tingas tekstas, trumpi skyreliai.<\/strong><\/li>\n<\/ul>\n<p><strong>Cam Higgins<\/strong>\u00a0savo pirm\u0105j\u0105 knyg\u0105 apie kat\u0119, kuri gyveno al\u0117joje, para\u0161\u0117 b\u016bdama a\u0161tuoneri\u0173. Vaikyst\u0117je autor\u0117 m\u0117go lankytis kaimyniniame \u016bkyje, kur steb\u0117davo visus gyv\u016bnus. O dabar ra\u0161ytoja su vyru ir dviem vaikais gyvena Niujorke bei augina labai i\u0161dykusi\u0105 \u0161unyt\u0119 Lail\u0105. Ir iki \u0161iol tebem\u0117gsta ra\u0161yti apie gyv\u016bnus. \u0160i knyga \u2013 puikus to \u012frodymas!<\/p>\n<p><strong>Ariel Landy<\/strong>\u00a0\u017einojo, kad nori b\u016bti iliustruotoja, vos tik i\u0161moko i\u0161 m\u0117lynos linijos nupie\u0161ti dang\u0173. Augo Bostono provincijoje, kur j\u0105 supo spalvinimo knygel\u0117s ir kreidel\u0117s, o dabar ji iliustruoja i\u0161daig\u0173 ir nuotyki\u0173 kupinas knygas, tokias kaip \u0161i, savo namuose Pranc\u016bzijoje, kur gyvena su vyru ir \u0161unimi Sidu.<\/p>\n<ul class=\"about-product d-none d-xl-block mt-4\">\n<li><strong>Originalus pavadinimas:<\/strong>\u00a0Home Is Where the Heart Is<\/li>\n<li><strong>Autorius:<\/strong>\u00a0Cam Higgins<\/li>\n<li><strong>Leid\u0117jas:<\/strong>\u00a0Alma littera<\/li>\n<li><strong>Metai:<\/strong>\u00a02022<\/li>\n<li><strong>Puslapiai:<\/strong>\u00a0128<\/li>\n<li class=\"toggleable type-new-formats \"><strong>ISBN:<\/strong>\u00a09786090150269<\/li>\n<li><strong>Versijos kodas:<\/strong>\u00a0PT.<\/li>\n<li class=\"toggleable type-new-formats \"><strong>Formatas:<\/strong>\u00a014,3 x 19,8 x 1,5 cm, kieti vir\u0161eliai<\/li>\n<li><strong>Kalba:<\/strong>\u00a0Lietuvi\u0173<\/li>\n<li><strong>Vert\u0117jas:<\/strong>\u00a0Mindaugas Eidimtas<\/li>\n<\/ul>\n","protected":false},"excerpt":{"rendered":"<p>Vaikams nuo 5 met\u0173 Susipa\u017einkite \u2013 tai Bo Deivisas! Jis \u2013 i\u0161dyk\u0119s, bet labai geras \u0161unelis, turintis auksin\u0119 \u0161ird\u012f. Bo papasakos apie visus savo draugus, nuotykius ir i\u0161daigas: kaip kvailioja, laksto, voliojasi purve ir aukl\u0117ja \u0161eimininkus. Vien\u0105 dien\u0105 \u0161unelis pameta savo pakabut\u012f. Jis labai brangus \u2013 ant jo u\u017era\u0161ytas Bo vardas ir adresas, kad visada rast\u0173 namus. Ar pavyks Bo surasti savo pakabut\u012f? Ar kiti \u016bkio gyv\u016bnai jam pad\u0117s? Serija\u00a0\u201eGerasis \u0161unelis Bo&#8221;\u00a0skirta skaityti pradedantiems vaikams. Knygos para\u0161ytos lengvai ir \u017eaismingai, o kone kiekviename puslapyje yra paveiksl\u0117li\u0173! \u201eGerasis \u0161unelis Bo. \u0160irdis visada parves namo&#8221;: moko gerumo ir su visais elgtis gra\u017eiai; ugdo empatij\u0105 ir padeda suprasti gyv\u016bn\u0173 poreikius; prajuokina, nes \u010dia daug humoro ir juoking\u0173 situacij\u0173; \u017eavi \u0161auniomis iliustracijomis; pritaikyta skaityti pradedantiems vaikams: nesud\u0117tingas tekstas, trumpi skyreliai. Cam Higgins\u00a0savo pirm\u0105j\u0105 knyg\u0105 apie kat\u0119, kuri gyveno al\u0117joje, para\u0161\u0117 b\u016bdama a\u0161tuoneri\u0173. Vaikyst\u0117je autor\u0117 m\u0117go lankytis kaimyniniame \u016bkyje, kur steb\u0117davo visus gyv\u016bnus. O dabar ra\u0161ytoja su vyru ir dviem vaikais gyvena Niujorke bei augina labai i\u0161dykusi\u0105 \u0161unyt\u0119 Lail\u0105. Ir iki \u0161iol tebem\u0117gsta ra\u0161yti apie gyv\u016bnus. \u0160i knyga \u2013 puikus to \u012frodymas! Ariel Landy\u00a0\u017einojo, kad nori b\u016bti iliustruotoja, vos tik i\u0161moko i\u0161 m\u0117lynos linijos nupie\u0161ti dang\u0173. Augo Bostono provincijoje, kur j\u0105 supo spalvinimo knygel\u0117s ir kreidel\u0117s, o dabar ji iliustruoja i\u0161daig\u0173 ir nuotyki\u0173 kupinas knygas, tokias kaip \u0161i, savo namuose Pranc\u016bzijoje, kur gyvena su vyru ir \u0161unimi Sidu. Originalus pavadinimas:\u00a0Home Is Where the Heart Is Autorius:\u00a0Cam Higgins Leid\u0117jas:\u00a0Alma littera Metai:\u00a02022 Puslapiai:\u00a0128 ISBN:\u00a09786090150269 Versijos kodas:\u00a0PT. Formatas:\u00a014,3 x 19,8 x 1,5 cm, kieti vir\u0161eliai Kalba:\u00a0Lietuvi\u0173 Vert\u0117jas:\u00a0Mindaugas Eidimtas<\/p>\n","protected":false},"featured_media":15732,"comment_status":"open","ping_status":"closed","template":"","meta":{"_acf_changed":false,"site-sidebar-layout":"default","site-content-layout":"","ast-site-content-layout":"default","site-content-style":"default","site-sidebar-style":"default","ast-global-header-display":"","ast-banner-title-visibility":"","ast-main-header-display":"","ast-hfb-above-header-display":"","ast-hfb-below-header-display":"","ast-hfb-mobile-header-display":"","site-post-title":"","ast-breadcrumbs-content":"","ast-featured-img":"","footer-sml-layout":"","ast-disable-related-posts":"","theme-transparent-header-meta":"default","adv-header-id-meta":"","stick-header-meta":"","header-above-stick-meta":"","header-main-stick-meta":"","header-below-stick-meta":"","astra-migrate-meta-layouts":"set","ast-page-background-enabled":"default","ast-page-background-meta":{"desktop":{"background-color":"","background-image":"","background-repeat":"repeat","background-position":"center center","background-size":"auto","background-attachment":"scroll","background-type":"","background-media":"","overlay-type":"","overlay-color":"","overlay-opacity":"","overlay-gradient":""},"tablet":{"background-color":"","background-image":"","background-repeat":"repeat","background-position":"center center","background-size":"auto","background-attachment":"scroll","background-type":"","background-media":"","overlay-type":"","overlay-color":"","overlay-opacity":"","overlay-gradient":""},"mobile":{"background-color":"","background-image":"","background-repeat":"repeat","background-position":"center center","background-size":"auto","background-attachment":"scroll","background-type":"","background-media":"","overlay-type":"","overlay-color":"","overlay-opacity":"","overlay-gradient":""}},"ast-content-background-meta":{"desktop":{"background-color":"var(--ast-global-color-4)","background-image":"","background-repeat":"repeat","background-position":"center center","background-size":"auto","background-attachment":"scroll","background-type":"","background-media":"","overlay-type":"","overlay-color":"","overlay-opacity":"","overlay-gradient":""},"tablet":{"background-color":"var(--ast-global-color-4)","background-image":"","background-repeat":"repeat","background-position":"center center","background-size":"auto","background-attachment":"scroll","background-type":"","background-media":"","overlay-type":"","overlay-color":"","overlay-opacity":"","overlay-gradient":""},"mobile":{"background-color":"var(--ast-global-color-4)","background-image":"","background-repeat":"repeat","background-position":"center center","background-size":"auto","background-attachment":"scroll","background-type":"","background-media":"","overlay-type":"","overlay-color":"","overlay-opacity":"","overlay-gradient":""}}},"product_brand":[],"product_cat":[15,35],"product_tag":[],"class_list":{"0":"post-15620","1":"product","2":"type-product","3":"status-publish","4":"has-post-thumbnail","6":"product_cat-uncategorized","7":"product_cat-vaikams-ir-paaugliams","8":"desktop-align-left","9":"tablet-align-left","10":"mobile-align-left","12":"first","13":"instock","14":"shipping-taxable","15":"purchasable","16":"product-type-simple"},"acf":[],"yoast_head":"<!-- This site is optimized with the Yoast SEO plugin v27.0 - https:\/\/yoast.com\/product\/yoast-seo-wordpress\/ -->\n<title>Gerasis \u0161unelis Bo. \u0160irdis visada parves namo<\/title>\n<meta name=\"description\" content=\"Vaikams nuo 5 met\u0173 Susipa\u017einkite \u2013 tai Bo Deivisas! Jis \u2013 i\u0161dyk\u0119s, bet labai geras \u0161unelis, turintis auksin\u0119 \u0161ird\u012f. Bo papasakos apie visus savo draugus,\" \/>\n<meta name=\"robots\" content=\"index, follow, max-snippet:-1, max-image-preview:large, max-video-preview:-1\" \/>\n<link rel=\"canonical\" href=\"https:\/\/skaitytaknyga.lt\/en\/produktas\/gerasis-sunelis-bo-sirdis-visada-parves-namo\/\" \/>\n<meta property=\"og:locale\" content=\"en_GB\" \/>\n<meta property=\"og:locale:alternate\" content=\"lt_LT\" \/>\n<meta property=\"og:type\" content=\"article\" \/>\n<meta property=\"og:title\" content=\"Gerasis \u0161unelis Bo. \u0160irdis visada parves namo\" \/>\n<meta property=\"og:description\" content=\"Vaikams nuo 5 met\u0173 Susipa\u017einkite \u2013 tai Bo Deivisas! Jis \u2013 i\u0161dyk\u0119s, bet labai geras \u0161unelis, turintis auksin\u0119 \u0161ird\u012f. Bo papasakos apie visus savo draugus,\" \/>\n<meta property=\"og:url\" content=\"https:\/\/skaitytaknyga.lt\/en\/produktas\/gerasis-sunelis-bo-sirdis-visada-parves-namo\/\" \/>\n<meta property=\"og:site_name\" content=\"Skaitytaknyga\" \/>\n<meta property=\"article:publisher\" content=\"https:\/\/www.facebook.com\/skaitytaknyga\/\" \/>\n<meta property=\"article:modified_time\" content=\"2024-12-23T07:38:50+00:00\" \/>\n<meta property=\"og:image\" content=\"https:\/\/skaitytaknyga.lt\/wp-content\/uploads\/2024\/12\/Gerasis-sunelis-Bo.-Sirdis-visada-parves-namo.webp\" \/>\n\t<meta property=\"og:image:width\" content=\"432\" \/>\n\t<meta property=\"og:image:height\" content=\"600\" \/>\n\t<meta property=\"og:image:type\" content=\"image\/webp\" \/>\n<meta name=\"twitter:card\" content=\"summary_large_image\" \/>\n<meta name=\"twitter:label1\" content=\"Estimated reading time\" \/>\n\t<meta name=\"twitter:data1\" content=\"2 minutes\" \/>\n<script type=\"application\/ld+json\" class=\"yoast-schema-graph\">{\"@context\":\"https:\/\/schema.org\",\"@graph\":[{\"@type\":\"WebPage\",\"@id\":\"https:\/\/skaitytaknyga.lt\/produktas\/gerasis-sunelis-bo-sirdis-visada-parves-namo\/\",\"url\":\"https:\/\/skaitytaknyga.lt\/produktas\/gerasis-sunelis-bo-sirdis-visada-parves-namo\/\",\"name\":\"Gerasis \u0161unelis Bo. \u0160irdis visada parves namo\",\"isPartOf\":{\"@id\":\"https:\/\/skaitytaknyga.lt\/#website\"},\"primaryImageOfPage\":{\"@id\":\"https:\/\/skaitytaknyga.lt\/produktas\/gerasis-sunelis-bo-sirdis-visada-parves-namo\/#primaryimage\"},\"image\":{\"@id\":\"https:\/\/skaitytaknyga.lt\/produktas\/gerasis-sunelis-bo-sirdis-visada-parves-namo\/#primaryimage\"},\"thumbnailUrl\":\"https:\/\/skaitytaknyga.lt\/wp-content\/uploads\/2024\/12\/Gerasis-sunelis-Bo.-Sirdis-visada-parves-namo.webp\",\"datePublished\":\"2024-12-20T06:09:36+00:00\",\"dateModified\":\"2024-12-23T07:38:50+00:00\",\"description\":\"Vaikams nuo 5 met\u0173 Susipa\u017einkite \u2013 tai Bo Deivisas! Jis \u2013 i\u0161dyk\u0119s, bet labai geras \u0161unelis, turintis auksin\u0119 \u0161ird\u012f. Bo papasakos apie visus savo draugus,\",\"breadcrumb\":{\"@id\":\"https:\/\/skaitytaknyga.lt\/produktas\/gerasis-sunelis-bo-sirdis-visada-parves-namo\/#breadcrumb\"},\"inLanguage\":\"en-GB\",\"potentialAction\":[{\"@type\":\"ReadAction\",\"target\":[\"https:\/\/skaitytaknyga.lt\/produktas\/gerasis-sunelis-bo-sirdis-visada-parves-namo\/\"]}]},{\"@type\":\"ImageObject\",\"inLanguage\":\"en-GB\",\"@id\":\"https:\/\/skaitytaknyga.lt\/produktas\/gerasis-sunelis-bo-sirdis-visada-parves-namo\/#primaryimage\",\"url\":\"https:\/\/skaitytaknyga.lt\/wp-content\/uploads\/2024\/12\/Gerasis-sunelis-Bo.-Sirdis-visada-parves-namo.webp\",\"contentUrl\":\"https:\/\/skaitytaknyga.lt\/wp-content\/uploads\/2024\/12\/Gerasis-sunelis-Bo.-Sirdis-visada-parves-namo.webp\",\"width\":432,\"height\":600,\"caption\":\"Gerasis \u0161unelis Bo. \u0160irdis visada parves namo\"},{\"@type\":\"BreadcrumbList\",\"@id\":\"https:\/\/skaitytaknyga.lt\/produktas\/gerasis-sunelis-bo-sirdis-visada-parves-namo\/#breadcrumb\",\"itemListElement\":[{\"@type\":\"ListItem\",\"position\":1,\"name\":\"Home\",\"item\":\"https:\/\/skaitytaknyga.lt\/\"},{\"@type\":\"ListItem\",\"position\":2,\"name\":\"Parduotuv\u0117\",\"item\":\"https:\/\/skaitytaknyga.lt\/knygu-parduotuve\/\"},{\"@type\":\"ListItem\",\"position\":3,\"name\":\"Gerasis \u0161unelis Bo. \u0160irdis visada parves namo\"}]},{\"@type\":\"WebSite\",\"@id\":\"https:\/\/skaitytaknyga.lt\/#website\",\"url\":\"https:\/\/skaitytaknyga.lt\/\",\"name\":\"skaitytaknyga.lt\",\"description\":\"Skaitytaknyga.lt \u2013 tai ma\u017eas \u0161eimos verslas, kuris prasid\u0117jo nuo meil\u0117s knygoms ir siekio i\u0161gelb\u0117ti knygas nuo likimo prie konteinerio. Kas vienam nereikalingas daiktas \u2013 kitam lobis, o mes esame tarpininkai, kurie padeda abiems tapti laimingesniems ???? \u017dinome kaip nelengva i\u0161gyventi ma\u017eiems verslams, tad nuo \u0161iol, \u010dia rasite ir kit\u0173, ma\u017e\u0173 \u0161eim\u0173 versl\u0173, rank\u0173 darbo, dovan\u0173 sau ir artimiesiems.\",\"publisher\":{\"@id\":\"https:\/\/skaitytaknyga.lt\/#organization\"},\"potentialAction\":[{\"@type\":\"SearchAction\",\"target\":{\"@type\":\"EntryPoint\",\"urlTemplate\":\"https:\/\/skaitytaknyga.lt\/?s={search_term_string}\"},\"query-input\":{\"@type\":\"PropertyValueSpecification\",\"valueRequired\":true,\"valueName\":\"search_term_string\"}}],\"inLanguage\":\"en-GB\"},{\"@type\":\"Organization\",\"@id\":\"https:\/\/skaitytaknyga.lt\/#organization\",\"name\":\"skaitytaknyga.lt\",\"url\":\"https:\/\/skaitytaknyga.lt\/\",\"logo\":{\"@type\":\"ImageObject\",\"inLanguage\":\"en-GB\",\"@id\":\"https:\/\/skaitytaknyga.lt\/#\/schema\/logo\/image\/\",\"url\":\"https:\/\/skaitytaknyga.lt\/wp-content\/uploads\/2024\/05\/cropped-cropped-cropped-02_00843_jt3bggkj1j3HLc7SyY6rEUpg.jpeg\",\"contentUrl\":\"https:\/\/skaitytaknyga.lt\/wp-content\/uploads\/2024\/05\/cropped-cropped-cropped-02_00843_jt3bggkj1j3HLc7SyY6rEUpg.jpeg\",\"width\":1600,\"height\":1600,\"caption\":\"skaitytaknyga.lt\"},\"image\":{\"@id\":\"https:\/\/skaitytaknyga.lt\/#\/schema\/logo\/image\/\"},\"sameAs\":[\"https:\/\/www.facebook.com\/skaitytaknyga\/\"]}]}<\/script>\n<!-- \/ Yoast SEO plugin. -->","yoast_head_json":{"title":"Gerasis \u0161unelis Bo. \u0160irdis visada parves namo","description":"Vaikams nuo 5 met\u0173 Susipa\u017einkite \u2013 tai Bo Deivisas! Jis \u2013 i\u0161dyk\u0119s, bet labai geras \u0161unelis, turintis auksin\u0119 \u0161ird\u012f. Bo papasakos apie visus savo draugus,","robots":{"index":"index","follow":"follow","max-snippet":"max-snippet:-1","max-image-preview":"max-image-preview:large","max-video-preview":"max-video-preview:-1"},"canonical":"https:\/\/skaitytaknyga.lt\/en\/produktas\/gerasis-sunelis-bo-sirdis-visada-parves-namo\/","og_locale":"en_GB","og_type":"article","og_title":"[:lt]Gerasis \u0161unelis Bo. \u0160irdis visada parves namo[:] - Skaitytaknyga","og_description":"Vaikams nuo 5 met\u0173 Susipa\u017einkite \u2013 tai Bo Deivisas! Jis \u2013 i\u0161dyk\u0119s, bet labai geras \u0161unelis, turintis auksin\u0119 \u0161ird\u012f. Bo papasakos apie visus savo draugus,","og_url":"https:\/\/skaitytaknyga.lt\/en\/produktas\/gerasis-sunelis-bo-sirdis-visada-parves-namo\/","og_site_name":"Skaitytaknyga","article_publisher":"https:\/\/www.facebook.com\/skaitytaknyga\/","article_modified_time":"2024-12-23T07:38:50+00:00","og_image":[{"width":432,"height":600,"url":"https:\/\/skaitytaknyga.lt\/wp-content\/uploads\/2024\/12\/Gerasis-sunelis-Bo.-Sirdis-visada-parves-namo.webp","type":"image\/webp"}],"twitter_card":"summary_large_image","twitter_misc":{"Estimated reading time":"2 minutes"},"schema":{"@context":"https:\/\/schema.org","@graph":[{"@type":"WebPage","@id":"https:\/\/skaitytaknyga.lt\/produktas\/gerasis-sunelis-bo-sirdis-visada-parves-namo\/","url":"https:\/\/skaitytaknyga.lt\/produktas\/gerasis-sunelis-bo-sirdis-visada-parves-namo\/","name":"Gerasis \u0161unelis Bo. \u0160irdis visada parves namo","isPartOf":{"@id":"https:\/\/skaitytaknyga.lt\/#website"},"primaryImageOfPage":{"@id":"https:\/\/skaitytaknyga.lt\/produktas\/gerasis-sunelis-bo-sirdis-visada-parves-namo\/#primaryimage"},"image":{"@id":"https:\/\/skaitytaknyga.lt\/produktas\/gerasis-sunelis-bo-sirdis-visada-parves-namo\/#primaryimage"},"thumbnailUrl":"https:\/\/skaitytaknyga.lt\/wp-content\/uploads\/2024\/12\/Gerasis-sunelis-Bo.-Sirdis-visada-parves-namo.webp","datePublished":"2024-12-20T06:09:36+00:00","dateModified":"2024-12-23T07:38:50+00:00","description":"Vaikams nuo 5 met\u0173 Susipa\u017einkite \u2013 tai Bo Deivisas! Jis \u2013 i\u0161dyk\u0119s, bet labai geras \u0161unelis, turintis auksin\u0119 \u0161ird\u012f. Bo papasakos apie visus savo draugus,","breadcrumb":{"@id":"https:\/\/skaitytaknyga.lt\/produktas\/gerasis-sunelis-bo-sirdis-visada-parves-namo\/#breadcrumb"},"inLanguage":"en-GB","potentialAction":[{"@type":"ReadAction","target":["https:\/\/skaitytaknyga.lt\/produktas\/gerasis-sunelis-bo-sirdis-visada-parves-namo\/"]}]},{"@type":"ImageObject","inLanguage":"en-GB","@id":"https:\/\/skaitytaknyga.lt\/produktas\/gerasis-sunelis-bo-sirdis-visada-parves-namo\/#primaryimage","url":"https:\/\/skaitytaknyga.lt\/wp-content\/uploads\/2024\/12\/Gerasis-sunelis-Bo.-Sirdis-visada-parves-namo.webp","contentUrl":"https:\/\/skaitytaknyga.lt\/wp-content\/uploads\/2024\/12\/Gerasis-sunelis-Bo.-Sirdis-visada-parves-namo.webp","width":432,"height":600,"caption":"Gerasis \u0161unelis Bo. \u0160irdis visada parves namo"},{"@type":"BreadcrumbList","@id":"https:\/\/skaitytaknyga.lt\/produktas\/gerasis-sunelis-bo-sirdis-visada-parves-namo\/#breadcrumb","itemListElement":[{"@type":"ListItem","position":1,"name":"Home","item":"https:\/\/skaitytaknyga.lt\/"},{"@type":"ListItem","position":2,"name":"Parduotuv\u0117","item":"https:\/\/skaitytaknyga.lt\/knygu-parduotuve\/"},{"@type":"ListItem","position":3,"name":"Gerasis \u0161unelis Bo. \u0160irdis visada parves namo"}]},{"@type":"WebSite","@id":"https:\/\/skaitytaknyga.lt\/#website","url":"https:\/\/skaitytaknyga.lt\/","name":"skaitytaknyga.lt","description":"Skaitytaknyga.lt \u2013 tai ma\u017eas \u0161eimos verslas, kuris prasid\u0117jo nuo meil\u0117s knygoms ir siekio i\u0161gelb\u0117ti knygas nuo likimo prie konteinerio. Kas vienam nereikalingas daiktas \u2013 kitam lobis, o mes esame tarpininkai, kurie padeda abiems tapti laimingesniems ???? \u017dinome kaip nelengva i\u0161gyventi ma\u017eiems verslams, tad nuo \u0161iol, \u010dia rasite ir kit\u0173, ma\u017e\u0173 \u0161eim\u0173 versl\u0173, rank\u0173 darbo, dovan\u0173 sau ir artimiesiems.","publisher":{"@id":"https:\/\/skaitytaknyga.lt\/#organization"},"potentialAction":[{"@type":"SearchAction","target":{"@type":"EntryPoint","urlTemplate":"https:\/\/skaitytaknyga.lt\/?s={search_term_string}"},"query-input":{"@type":"PropertyValueSpecification","valueRequired":true,"valueName":"search_term_string"}}],"inLanguage":"en-GB"},{"@type":"Organization","@id":"https:\/\/skaitytaknyga.lt\/#organization","name":"skaitytaknyga.lt","url":"https:\/\/skaitytaknyga.lt\/","logo":{"@type":"ImageObject","inLanguage":"en-GB","@id":"https:\/\/skaitytaknyga.lt\/#\/schema\/logo\/image\/","url":"https:\/\/skaitytaknyga.lt\/wp-content\/uploads\/2024\/05\/cropped-cropped-cropped-02_00843_jt3bggkj1j3HLc7SyY6rEUpg.jpeg","contentUrl":"https:\/\/skaitytaknyga.lt\/wp-content\/uploads\/2024\/05\/cropped-cropped-cropped-02_00843_jt3bggkj1j3HLc7SyY6rEUpg.jpeg","width":1600,"height":1600,"caption":"skaitytaknyga.lt"},"image":{"@id":"https:\/\/skaitytaknyga.lt\/#\/schema\/logo\/image\/"},"sameAs":["https:\/\/www.facebook.com\/skaitytaknyga\/"]}]}},"_links":{"self":[{"href":"https:\/\/skaitytaknyga.lt\/en\/wp-json\/wp\/v2\/product\/15620","targetHints":{"allow":["GET"]}}],"collection":[{"href":"https:\/\/skaitytaknyga.lt\/en\/wp-json\/wp\/v2\/product"}],"about":[{"href":"https:\/\/skaitytaknyga.lt\/en\/wp-json\/wp\/v2\/types\/product"}],"replies":[{"embeddable":true,"href":"https:\/\/skaitytaknyga.lt\/en\/wp-json\/wp\/v2\/comments?post=15620"}],"wp:featuredmedia":[{"embeddable":true,"href":"https:\/\/skaitytaknyga.lt\/en\/wp-json\/wp\/v2\/media\/15732"}],"wp:attachment":[{"href":"https:\/\/skaitytaknyga.lt\/en\/wp-json\/wp\/v2\/media?parent=15620"}],"wp:term":[{"taxonomy":"product_brand","embeddable":true,"href":"https:\/\/skaitytaknyga.lt\/en\/wp-json\/wp\/v2\/product_brand?post=15620"},{"taxonomy":"product_cat","embeddable":true,"href":"https:\/\/skaitytaknyga.lt\/en\/wp-json\/wp\/v2\/product_cat?post=15620"},{"taxonomy":"product_tag","embeddable":true,"href":"https:\/\/skaitytaknyga.lt\/en\/wp-json\/wp\/v2\/product_tag?post=15620"}],"curies":[{"name":"wp","href":"https:\/\/api.w.org\/{rel}","templated":true}]}}