{"id":15617,"date":"2024-12-20T08:09:35","date_gmt":"2024-12-20T06:09:35","guid":{"rendered":"https:\/\/skaitytaknyga.lt\/?post_type=product&#038;p=15617"},"modified":"2024-12-23T09:39:58","modified_gmt":"2024-12-23T07:39:58","slug":"istorija-apie-nameli-kuris-norejo-buti-namais","status":"publish","type":"product","link":"https:\/\/skaitytaknyga.lt\/en\/produktas\/istorija-apie-nameli-kuris-norejo-buti-namais\/","title":{"rendered":"Istorija apie namel\u012f, kuris nor\u0117jo b\u016bti namais"},"content":{"rendered":"<p>\u0160iuolaikin\u0117 est\u0173 ra\u0161ytoja ir iliustrator\u0117\u00a0<strong>Piret Raud<\/strong>\u00a0yra labai populiari ne tik Estijoje \u2013 j\u0105 puikiai pa\u017e\u012fsta ir Lietuvos skaitytojai.<\/p>\n<p>Naujausia \u012f lietuvi\u0173 kalb\u0105 i\u0161versta\u00a0<strong>Piret Raud<\/strong>\u00a0knygel\u0117 \u2013<strong>\u00a0\u201eIstorija apie namel\u012f, kuris nor\u0117jo b\u016bti namais&#8221;.<\/strong>\u00a0Tai \u2013 nepaprastai jautri vieno tolimoje \u0161alyje gyvenan\u010dio namelio istorija. Vieni\u0161as, niekam nereikalingas namelis turi gana paprast\u0105 svajon\u0119. Jis nori tapti namais. \u0160i svajon\u0117 paskatina j\u012f leistis \u012f sud\u0117tingas paie\u0161kas. Kas nor\u0117t\u0173 jame apsigyventi? Gal \u0161uo, gal \u017euvis ar pauk\u0161tis? Ar benamis Jurgis? O gal kas nors kitas?<\/p>\n<p>Perskait\u0119 knyg\u0105 su\u017einosite, kaip baig\u0117si namelio paie\u0161kos ir kas yra naujasis jo gyventojas.<\/p>\n<p>2018 m. P. Raud\u00a0<strong>\u201eIstorija apie namel\u012f, kuris nor\u0117jo b\u016bti namais&#8221;<\/strong>\u00a0peln\u0117 special\u0173 priz\u0105 Estijos Grafikos dizaino s\u0105jungos penki\u0173 geriausio dizaino knyg\u0173 vaikams kategorijoje.<\/p>\n<ul class=\"about-product d-none d-xl-block mt-4\">\n<li><strong>Autorius:<\/strong>\u00a0Piret Raud<\/li>\n<li><strong>Leid\u0117jas:<\/strong>\u00a0700 eilu\u010di\u0173<\/li>\n<li><strong>Metai:<\/strong>\u00a02020<\/li>\n<li><strong>Puslapiai:<\/strong>\u00a032<\/li>\n<li class=\"toggleable type-new-formats \"><strong>ISBN:<\/strong>\u00a09786099578682<\/li>\n<li><strong>Versijos kodas:<\/strong>\u00a010<\/li>\n<li class=\"toggleable type-new-formats \"><strong>Formatas:<\/strong>\u00a017,5 x 23 x 1 cm, kieti vir\u0161eliai<\/li>\n<li><strong>Kalba:<\/strong>\u00a0Lietuvi\u0173<\/li>\n<li><strong>Vert\u0117jas:<\/strong>\u00a0Viltar\u0117 Urbait\u0117<\/li>\n<\/ul>\n","protected":false},"excerpt":{"rendered":"<p>\u0160iuolaikin\u0117 est\u0173 ra\u0161ytoja ir iliustrator\u0117\u00a0Piret Raud\u00a0yra labai populiari ne tik Estijoje \u2013 j\u0105 puikiai pa\u017e\u012fsta ir Lietuvos skaitytojai. Naujausia \u012f lietuvi\u0173 kalb\u0105 i\u0161versta\u00a0Piret Raud\u00a0knygel\u0117 \u2013\u00a0\u201eIstorija apie namel\u012f, kuris nor\u0117jo b\u016bti namais&#8221;.\u00a0Tai \u2013 nepaprastai jautri vieno tolimoje \u0161alyje gyvenan\u010dio namelio istorija. Vieni\u0161as, niekam nereikalingas namelis turi gana paprast\u0105 svajon\u0119. Jis nori tapti namais. \u0160i svajon\u0117 paskatina j\u012f leistis \u012f sud\u0117tingas paie\u0161kas. Kas nor\u0117t\u0173 jame apsigyventi? Gal \u0161uo, gal \u017euvis ar pauk\u0161tis? Ar benamis Jurgis? O gal kas nors kitas? Perskait\u0119 knyg\u0105 su\u017einosite, kaip baig\u0117si namelio paie\u0161kos ir kas yra naujasis jo gyventojas. 2018 m. P. Raud\u00a0\u201eIstorija apie namel\u012f, kuris nor\u0117jo b\u016bti namais&#8221;\u00a0peln\u0117 special\u0173 priz\u0105 Estijos Grafikos dizaino s\u0105jungos penki\u0173 geriausio dizaino knyg\u0173 vaikams kategorijoje. Autorius:\u00a0Piret Raud Leid\u0117jas:\u00a0700 eilu\u010di\u0173 Metai:\u00a02020 Puslapiai:\u00a032 ISBN:\u00a09786099578682 Versijos kodas:\u00a010 Formatas:\u00a017,5 x 23 x 1 cm, kieti vir\u0161eliai Kalba:\u00a0Lietuvi\u0173 Vert\u0117jas:\u00a0Viltar\u0117 Urbait\u0117<\/p>\n","protected":false},"featured_media":15734,"comment_status":"open","ping_status":"closed","template":"","meta":{"_acf_changed":false,"site-sidebar-layout":"default","site-content-layout":"","ast-site-content-layout":"default","site-content-style":"default","site-sidebar-style":"default","ast-global-header-display":"","ast-banner-title-visibility":"","ast-main-header-display":"","ast-hfb-above-header-display":"","ast-hfb-below-header-display":"","ast-hfb-mobile-header-display":"","site-post-title":"","ast-breadcrumbs-content":"","ast-featured-img":"","footer-sml-layout":"","ast-disable-related-posts":"","theme-transparent-header-meta":"default","adv-header-id-meta":"","stick-header-meta":"","header-above-stick-meta":"","header-main-stick-meta":"","header-below-stick-meta":"","astra-migrate-meta-layouts":"set","ast-page-background-enabled":"default","ast-page-background-meta":{"desktop":{"background-color":"","background-image":"","background-repeat":"repeat","background-position":"center center","background-size":"auto","background-attachment":"scroll","background-type":"","background-media":"","overlay-type":"","overlay-color":"","overlay-opacity":"","overlay-gradient":""},"tablet":{"background-color":"","background-image":"","background-repeat":"repeat","background-position":"center center","background-size":"auto","background-attachment":"scroll","background-type":"","background-media":"","overlay-type":"","overlay-color":"","overlay-opacity":"","overlay-gradient":""},"mobile":{"background-color":"","background-image":"","background-repeat":"repeat","background-position":"center center","background-size":"auto","background-attachment":"scroll","background-type":"","background-media":"","overlay-type":"","overlay-color":"","overlay-opacity":"","overlay-gradient":""}},"ast-content-background-meta":{"desktop":{"background-color":"var(--ast-global-color-4)","background-image":"","background-repeat":"repeat","background-position":"center center","background-size":"auto","background-attachment":"scroll","background-type":"","background-media":"","overlay-type":"","overlay-color":"","overlay-opacity":"","overlay-gradient":""},"tablet":{"background-color":"var(--ast-global-color-4)","background-image":"","background-repeat":"repeat","background-position":"center center","background-size":"auto","background-attachment":"scroll","background-type":"","background-media":"","overlay-type":"","overlay-color":"","overlay-opacity":"","overlay-gradient":""},"mobile":{"background-color":"var(--ast-global-color-4)","background-image":"","background-repeat":"repeat","background-position":"center center","background-size":"auto","background-attachment":"scroll","background-type":"","background-media":"","overlay-type":"","overlay-color":"","overlay-opacity":"","overlay-gradient":""}}},"product_brand":[],"product_cat":[15,35],"product_tag":[],"class_list":{"0":"post-15617","1":"product","2":"type-product","3":"status-publish","4":"has-post-thumbnail","6":"product_cat-uncategorized","7":"product_cat-vaikams-ir-paaugliams","8":"desktop-align-left","9":"tablet-align-left","10":"mobile-align-left","12":"first","13":"instock","14":"shipping-taxable","15":"purchasable","16":"product-type-simple"},"acf":[],"yoast_head":"<!-- This site is optimized with the Yoast SEO plugin v27.0 - https:\/\/yoast.com\/product\/yoast-seo-wordpress\/ -->\n<title>Istorija apie namel\u012f, kuris nor\u0117jo b\u016bti namais<\/title>\n<meta name=\"description\" content=\"\u0160iuolaikin\u0117 est\u0173 ra\u0161ytoja ir iliustrator\u0117\u00a0Piret Raud\u00a0yra labai populiari ne tik Estijoje \u2013 j\u0105 puikiai pa\u017e\u012fsta ir Lietuvos skaitytojai. Naujausia \u012f\" \/>\n<meta name=\"robots\" content=\"index, follow, max-snippet:-1, max-image-preview:large, max-video-preview:-1\" \/>\n<link rel=\"canonical\" href=\"https:\/\/skaitytaknyga.lt\/en\/produktas\/istorija-apie-nameli-kuris-norejo-buti-namais\/\" \/>\n<meta property=\"og:locale\" content=\"en_GB\" \/>\n<meta property=\"og:locale:alternate\" content=\"lt_LT\" \/>\n<meta property=\"og:type\" content=\"article\" \/>\n<meta property=\"og:title\" content=\"Istorija apie namel\u012f, kuris nor\u0117jo b\u016bti namais\" \/>\n<meta property=\"og:description\" content=\"\u0160iuolaikin\u0117 est\u0173 ra\u0161ytoja ir iliustrator\u0117\u00a0Piret Raud\u00a0yra labai populiari ne tik Estijoje \u2013 j\u0105 puikiai pa\u017e\u012fsta ir Lietuvos skaitytojai. Naujausia \u012f\" \/>\n<meta property=\"og:url\" content=\"https:\/\/skaitytaknyga.lt\/en\/produktas\/istorija-apie-nameli-kuris-norejo-buti-namais\/\" \/>\n<meta property=\"og:site_name\" content=\"Skaitytaknyga\" \/>\n<meta property=\"article:publisher\" content=\"https:\/\/www.facebook.com\/skaitytaknyga\/\" \/>\n<meta property=\"article:modified_time\" content=\"2024-12-23T07:39:58+00:00\" \/>\n<meta property=\"og:image\" content=\"https:\/\/skaitytaknyga.lt\/wp-content\/uploads\/2024\/12\/Istorija-apie-nameli-kuris-norejo-buti-namais.webp\" \/>\n\t<meta property=\"og:image:width\" content=\"590\" \/>\n\t<meta property=\"og:image:height\" content=\"800\" \/>\n\t<meta property=\"og:image:type\" content=\"image\/webp\" \/>\n<meta name=\"twitter:card\" content=\"summary_large_image\" \/>\n<meta name=\"twitter:label1\" content=\"Estimated reading time\" \/>\n\t<meta name=\"twitter:data1\" content=\"1 minute\" \/>\n<script type=\"application\/ld+json\" class=\"yoast-schema-graph\">{\"@context\":\"https:\/\/schema.org\",\"@graph\":[{\"@type\":\"WebPage\",\"@id\":\"https:\/\/skaitytaknyga.lt\/produktas\/istorija-apie-nameli-kuris-norejo-buti-namais\/\",\"url\":\"https:\/\/skaitytaknyga.lt\/produktas\/istorija-apie-nameli-kuris-norejo-buti-namais\/\",\"name\":\"Istorija apie namel\u012f, kuris nor\u0117jo b\u016bti namais\",\"isPartOf\":{\"@id\":\"https:\/\/skaitytaknyga.lt\/#website\"},\"primaryImageOfPage\":{\"@id\":\"https:\/\/skaitytaknyga.lt\/produktas\/istorija-apie-nameli-kuris-norejo-buti-namais\/#primaryimage\"},\"image\":{\"@id\":\"https:\/\/skaitytaknyga.lt\/produktas\/istorija-apie-nameli-kuris-norejo-buti-namais\/#primaryimage\"},\"thumbnailUrl\":\"https:\/\/skaitytaknyga.lt\/wp-content\/uploads\/2024\/12\/Istorija-apie-nameli-kuris-norejo-buti-namais.webp\",\"datePublished\":\"2024-12-20T06:09:35+00:00\",\"dateModified\":\"2024-12-23T07:39:58+00:00\",\"description\":\"\u0160iuolaikin\u0117 est\u0173 ra\u0161ytoja ir iliustrator\u0117\u00a0Piret Raud\u00a0yra labai populiari ne tik Estijoje \u2013 j\u0105 puikiai pa\u017e\u012fsta ir Lietuvos skaitytojai. Naujausia \u012f\",\"breadcrumb\":{\"@id\":\"https:\/\/skaitytaknyga.lt\/produktas\/istorija-apie-nameli-kuris-norejo-buti-namais\/#breadcrumb\"},\"inLanguage\":\"en-GB\",\"potentialAction\":[{\"@type\":\"ReadAction\",\"target\":[\"https:\/\/skaitytaknyga.lt\/produktas\/istorija-apie-nameli-kuris-norejo-buti-namais\/\"]}]},{\"@type\":\"ImageObject\",\"inLanguage\":\"en-GB\",\"@id\":\"https:\/\/skaitytaknyga.lt\/produktas\/istorija-apie-nameli-kuris-norejo-buti-namais\/#primaryimage\",\"url\":\"https:\/\/skaitytaknyga.lt\/wp-content\/uploads\/2024\/12\/Istorija-apie-nameli-kuris-norejo-buti-namais.webp\",\"contentUrl\":\"https:\/\/skaitytaknyga.lt\/wp-content\/uploads\/2024\/12\/Istorija-apie-nameli-kuris-norejo-buti-namais.webp\",\"width\":590,\"height\":800,\"caption\":\"Istorija apie namel\u012f, kuris nor\u0117jo b\u016bti namais\"},{\"@type\":\"BreadcrumbList\",\"@id\":\"https:\/\/skaitytaknyga.lt\/produktas\/istorija-apie-nameli-kuris-norejo-buti-namais\/#breadcrumb\",\"itemListElement\":[{\"@type\":\"ListItem\",\"position\":1,\"name\":\"Home\",\"item\":\"https:\/\/skaitytaknyga.lt\/\"},{\"@type\":\"ListItem\",\"position\":2,\"name\":\"Parduotuv\u0117\",\"item\":\"https:\/\/skaitytaknyga.lt\/knygu-parduotuve\/\"},{\"@type\":\"ListItem\",\"position\":3,\"name\":\"Istorija apie namel\u012f, kuris nor\u0117jo b\u016bti namais\"}]},{\"@type\":\"WebSite\",\"@id\":\"https:\/\/skaitytaknyga.lt\/#website\",\"url\":\"https:\/\/skaitytaknyga.lt\/\",\"name\":\"skaitytaknyga.lt\",\"description\":\"Skaitytaknyga.lt \u2013 tai ma\u017eas \u0161eimos verslas, kuris prasid\u0117jo nuo meil\u0117s knygoms ir siekio i\u0161gelb\u0117ti knygas nuo likimo prie konteinerio. Kas vienam nereikalingas daiktas \u2013 kitam lobis, o mes esame tarpininkai, kurie padeda abiems tapti laimingesniems ???? \u017dinome kaip nelengva i\u0161gyventi ma\u017eiems verslams, tad nuo \u0161iol, \u010dia rasite ir kit\u0173, ma\u017e\u0173 \u0161eim\u0173 versl\u0173, rank\u0173 darbo, dovan\u0173 sau ir artimiesiems.\",\"publisher\":{\"@id\":\"https:\/\/skaitytaknyga.lt\/#organization\"},\"potentialAction\":[{\"@type\":\"SearchAction\",\"target\":{\"@type\":\"EntryPoint\",\"urlTemplate\":\"https:\/\/skaitytaknyga.lt\/?s={search_term_string}\"},\"query-input\":{\"@type\":\"PropertyValueSpecification\",\"valueRequired\":true,\"valueName\":\"search_term_string\"}}],\"inLanguage\":\"en-GB\"},{\"@type\":\"Organization\",\"@id\":\"https:\/\/skaitytaknyga.lt\/#organization\",\"name\":\"skaitytaknyga.lt\",\"url\":\"https:\/\/skaitytaknyga.lt\/\",\"logo\":{\"@type\":\"ImageObject\",\"inLanguage\":\"en-GB\",\"@id\":\"https:\/\/skaitytaknyga.lt\/#\/schema\/logo\/image\/\",\"url\":\"https:\/\/skaitytaknyga.lt\/wp-content\/uploads\/2024\/05\/cropped-cropped-cropped-02_00843_jt3bggkj1j3HLc7SyY6rEUpg.jpeg\",\"contentUrl\":\"https:\/\/skaitytaknyga.lt\/wp-content\/uploads\/2024\/05\/cropped-cropped-cropped-02_00843_jt3bggkj1j3HLc7SyY6rEUpg.jpeg\",\"width\":1600,\"height\":1600,\"caption\":\"skaitytaknyga.lt\"},\"image\":{\"@id\":\"https:\/\/skaitytaknyga.lt\/#\/schema\/logo\/image\/\"},\"sameAs\":[\"https:\/\/www.facebook.com\/skaitytaknyga\/\"]}]}<\/script>\n<!-- \/ Yoast SEO plugin. -->","yoast_head_json":{"title":"Istorija apie namel\u012f, kuris nor\u0117jo b\u016bti namais","description":"\u0160iuolaikin\u0117 est\u0173 ra\u0161ytoja ir iliustrator\u0117\u00a0Piret Raud\u00a0yra labai populiari ne tik Estijoje \u2013 j\u0105 puikiai pa\u017e\u012fsta ir Lietuvos skaitytojai. Naujausia \u012f","robots":{"index":"index","follow":"follow","max-snippet":"max-snippet:-1","max-image-preview":"max-image-preview:large","max-video-preview":"max-video-preview:-1"},"canonical":"https:\/\/skaitytaknyga.lt\/en\/produktas\/istorija-apie-nameli-kuris-norejo-buti-namais\/","og_locale":"en_GB","og_type":"article","og_title":"[:lt]Istorija apie namel\u012f, kuris nor\u0117jo b\u016bti namais[:] - Skaitytaknyga","og_description":"\u0160iuolaikin\u0117 est\u0173 ra\u0161ytoja ir iliustrator\u0117\u00a0Piret Raud\u00a0yra labai populiari ne tik Estijoje \u2013 j\u0105 puikiai pa\u017e\u012fsta ir Lietuvos skaitytojai. Naujausia \u012f","og_url":"https:\/\/skaitytaknyga.lt\/en\/produktas\/istorija-apie-nameli-kuris-norejo-buti-namais\/","og_site_name":"Skaitytaknyga","article_publisher":"https:\/\/www.facebook.com\/skaitytaknyga\/","article_modified_time":"2024-12-23T07:39:58+00:00","og_image":[{"width":590,"height":800,"url":"https:\/\/skaitytaknyga.lt\/wp-content\/uploads\/2024\/12\/Istorija-apie-nameli-kuris-norejo-buti-namais.webp","type":"image\/webp"}],"twitter_card":"summary_large_image","twitter_misc":{"Estimated reading time":"1 minute"},"schema":{"@context":"https:\/\/schema.org","@graph":[{"@type":"WebPage","@id":"https:\/\/skaitytaknyga.lt\/produktas\/istorija-apie-nameli-kuris-norejo-buti-namais\/","url":"https:\/\/skaitytaknyga.lt\/produktas\/istorija-apie-nameli-kuris-norejo-buti-namais\/","name":"Istorija apie namel\u012f, kuris nor\u0117jo b\u016bti namais","isPartOf":{"@id":"https:\/\/skaitytaknyga.lt\/#website"},"primaryImageOfPage":{"@id":"https:\/\/skaitytaknyga.lt\/produktas\/istorija-apie-nameli-kuris-norejo-buti-namais\/#primaryimage"},"image":{"@id":"https:\/\/skaitytaknyga.lt\/produktas\/istorija-apie-nameli-kuris-norejo-buti-namais\/#primaryimage"},"thumbnailUrl":"https:\/\/skaitytaknyga.lt\/wp-content\/uploads\/2024\/12\/Istorija-apie-nameli-kuris-norejo-buti-namais.webp","datePublished":"2024-12-20T06:09:35+00:00","dateModified":"2024-12-23T07:39:58+00:00","description":"\u0160iuolaikin\u0117 est\u0173 ra\u0161ytoja ir iliustrator\u0117\u00a0Piret Raud\u00a0yra labai populiari ne tik Estijoje \u2013 j\u0105 puikiai pa\u017e\u012fsta ir Lietuvos skaitytojai. Naujausia \u012f","breadcrumb":{"@id":"https:\/\/skaitytaknyga.lt\/produktas\/istorija-apie-nameli-kuris-norejo-buti-namais\/#breadcrumb"},"inLanguage":"en-GB","potentialAction":[{"@type":"ReadAction","target":["https:\/\/skaitytaknyga.lt\/produktas\/istorija-apie-nameli-kuris-norejo-buti-namais\/"]}]},{"@type":"ImageObject","inLanguage":"en-GB","@id":"https:\/\/skaitytaknyga.lt\/produktas\/istorija-apie-nameli-kuris-norejo-buti-namais\/#primaryimage","url":"https:\/\/skaitytaknyga.lt\/wp-content\/uploads\/2024\/12\/Istorija-apie-nameli-kuris-norejo-buti-namais.webp","contentUrl":"https:\/\/skaitytaknyga.lt\/wp-content\/uploads\/2024\/12\/Istorija-apie-nameli-kuris-norejo-buti-namais.webp","width":590,"height":800,"caption":"Istorija apie namel\u012f, kuris nor\u0117jo b\u016bti namais"},{"@type":"BreadcrumbList","@id":"https:\/\/skaitytaknyga.lt\/produktas\/istorija-apie-nameli-kuris-norejo-buti-namais\/#breadcrumb","itemListElement":[{"@type":"ListItem","position":1,"name":"Home","item":"https:\/\/skaitytaknyga.lt\/"},{"@type":"ListItem","position":2,"name":"Parduotuv\u0117","item":"https:\/\/skaitytaknyga.lt\/knygu-parduotuve\/"},{"@type":"ListItem","position":3,"name":"Istorija apie namel\u012f, kuris nor\u0117jo b\u016bti namais"}]},{"@type":"WebSite","@id":"https:\/\/skaitytaknyga.lt\/#website","url":"https:\/\/skaitytaknyga.lt\/","name":"skaitytaknyga.lt","description":"Skaitytaknyga.lt \u2013 tai ma\u017eas \u0161eimos verslas, kuris prasid\u0117jo nuo meil\u0117s knygoms ir siekio i\u0161gelb\u0117ti knygas nuo likimo prie konteinerio. Kas vienam nereikalingas daiktas \u2013 kitam lobis, o mes esame tarpininkai, kurie padeda abiems tapti laimingesniems ???? \u017dinome kaip nelengva i\u0161gyventi ma\u017eiems verslams, tad nuo \u0161iol, \u010dia rasite ir kit\u0173, ma\u017e\u0173 \u0161eim\u0173 versl\u0173, rank\u0173 darbo, dovan\u0173 sau ir artimiesiems.","publisher":{"@id":"https:\/\/skaitytaknyga.lt\/#organization"},"potentialAction":[{"@type":"SearchAction","target":{"@type":"EntryPoint","urlTemplate":"https:\/\/skaitytaknyga.lt\/?s={search_term_string}"},"query-input":{"@type":"PropertyValueSpecification","valueRequired":true,"valueName":"search_term_string"}}],"inLanguage":"en-GB"},{"@type":"Organization","@id":"https:\/\/skaitytaknyga.lt\/#organization","name":"skaitytaknyga.lt","url":"https:\/\/skaitytaknyga.lt\/","logo":{"@type":"ImageObject","inLanguage":"en-GB","@id":"https:\/\/skaitytaknyga.lt\/#\/schema\/logo\/image\/","url":"https:\/\/skaitytaknyga.lt\/wp-content\/uploads\/2024\/05\/cropped-cropped-cropped-02_00843_jt3bggkj1j3HLc7SyY6rEUpg.jpeg","contentUrl":"https:\/\/skaitytaknyga.lt\/wp-content\/uploads\/2024\/05\/cropped-cropped-cropped-02_00843_jt3bggkj1j3HLc7SyY6rEUpg.jpeg","width":1600,"height":1600,"caption":"skaitytaknyga.lt"},"image":{"@id":"https:\/\/skaitytaknyga.lt\/#\/schema\/logo\/image\/"},"sameAs":["https:\/\/www.facebook.com\/skaitytaknyga\/"]}]}},"_links":{"self":[{"href":"https:\/\/skaitytaknyga.lt\/en\/wp-json\/wp\/v2\/product\/15617","targetHints":{"allow":["GET"]}}],"collection":[{"href":"https:\/\/skaitytaknyga.lt\/en\/wp-json\/wp\/v2\/product"}],"about":[{"href":"https:\/\/skaitytaknyga.lt\/en\/wp-json\/wp\/v2\/types\/product"}],"replies":[{"embeddable":true,"href":"https:\/\/skaitytaknyga.lt\/en\/wp-json\/wp\/v2\/comments?post=15617"}],"wp:featuredmedia":[{"embeddable":true,"href":"https:\/\/skaitytaknyga.lt\/en\/wp-json\/wp\/v2\/media\/15734"}],"wp:attachment":[{"href":"https:\/\/skaitytaknyga.lt\/en\/wp-json\/wp\/v2\/media?parent=15617"}],"wp:term":[{"taxonomy":"product_brand","embeddable":true,"href":"https:\/\/skaitytaknyga.lt\/en\/wp-json\/wp\/v2\/product_brand?post=15617"},{"taxonomy":"product_cat","embeddable":true,"href":"https:\/\/skaitytaknyga.lt\/en\/wp-json\/wp\/v2\/product_cat?post=15617"},{"taxonomy":"product_tag","embeddable":true,"href":"https:\/\/skaitytaknyga.lt\/en\/wp-json\/wp\/v2\/product_tag?post=15617"}],"curies":[{"name":"wp","href":"https:\/\/api.w.org\/{rel}","templated":true}]}}