{"id":15616,"date":"2024-12-20T08:09:35","date_gmt":"2024-12-20T06:09:35","guid":{"rendered":"https:\/\/skaitytaknyga.lt\/?post_type=product&#038;p=15616"},"modified":"2025-02-08T15:30:44","modified_gmt":"2025-02-08T13:30:44","slug":"kiskis-ir-meska-kas-traska-nakti","status":"publish","type":"product","link":"https:\/\/skaitytaknyga.lt\/en\/produktas\/kiskis-ir-meska-kas-traska-nakti\/","title":{"rendered":"Ki\u0161kis ir me\u0161ka. Kas tra\u0161ka nakt\u012f?"},"content":{"rendered":"<p>Ki\u0161kis nustemba: kai kurie med\u017eiai, regis, i\u0161skrido \u017eiemoti \u012f pietus.<\/p>\n<p>Jo draug\u0117 me\u0161ka yra tikra, kad med\u017eiai neskraido.<br \/>\nStaiga visai \u0161alia pasigirsta garsus TRAK\u0160T!<\/p>\n<p>Atrodyt\u0173, lyg did\u017eiausias pasaulio ki\u0161kis grau\u017et\u0173 did\u017eiausi\u0105 pasaulio mork\u0105.<\/p>\n<p>\u012e ki\u0161kio ir me\u0161kos sl\u0117n\u012f atsikrausto naujas padaras ir bando visk\u0105 pakeisti.<\/p>\n<p>Tai pasaka apie draugyst\u0119, pa\u017eang\u0105 ir \u012fvairiausius b\u016bdus, kaip galima i\u0161siterlioti purvais.<\/p>\n<ul class=\"about-product d-none d-xl-block mt-4\">\n<li><strong>Originalus pavadinimas:<\/strong>\u00a0Rabbit &#038; Bear. A Bite in the Night<\/li>\n<li><strong>Autorius:<\/strong>\u00a0Julian Gough,\u00a0Jim Field<\/li>\n<li><strong>Leid\u0117jas:<\/strong>\u00a0Alma littera<\/li>\n<li><strong>Metai:<\/strong>\u00a02021<\/li>\n<li><strong>Puslapiai:<\/strong>\u00a0112<\/li>\n<li class=\"toggleable type-new-formats \"><strong>ISBN:<\/strong>\u00a09786090144657<\/li>\n<li><strong>Versijos kodas:<\/strong>\u00a0PT.<\/li>\n<li class=\"toggleable type-new-formats \"><strong>Formatas:<\/strong>\u00a012,9 x 18,1 x 1 cm, kieti vir\u0161eliai<\/li>\n<li><strong>Kalba:<\/strong>\u00a0Lietuvi\u0173<\/li>\n<li><strong>Vert\u0117jas:<\/strong>\u00a0Asta Tobulevi\u010dien\u0117<\/li>\n<li><strong>Knyg\u0173 serija:<\/strong>\u00a0SKAITAU PATS<\/li>\n<\/ul>\n","protected":false},"excerpt":{"rendered":"<p>Ki\u0161kis nustemba: kai kurie med\u017eiai, regis, i\u0161skrido \u017eiemoti \u012f pietus. Jo draug\u0117 me\u0161ka yra tikra, kad med\u017eiai neskraido. Staiga visai \u0161alia pasigirsta garsus TRAK\u0160T! Atrodyt\u0173, lyg did\u017eiausias pasaulio ki\u0161kis grau\u017et\u0173 did\u017eiausi\u0105 pasaulio mork\u0105. \u012e ki\u0161kio ir me\u0161kos sl\u0117n\u012f atsikrausto naujas padaras ir bando visk\u0105 pakeisti. Tai pasaka apie draugyst\u0119, pa\u017eang\u0105 ir \u012fvairiausius b\u016bdus, kaip galima i\u0161siterlioti purvais. Originalus pavadinimas:\u00a0Rabbit &#038; Bear. A Bite in the Night Autorius:\u00a0Julian Gough,\u00a0Jim Field Leid\u0117jas:\u00a0Alma littera Metai:\u00a02021 Puslapiai:\u00a0112 ISBN:\u00a09786090144657 Versijos kodas:\u00a0PT. Formatas:\u00a012,9 x 18,1 x 1 cm, kieti vir\u0161eliai Kalba:\u00a0Lietuvi\u0173 Vert\u0117jas:\u00a0Asta Tobulevi\u010dien\u0117 Knyg\u0173 serija:\u00a0SKAITAU PATS<\/p>\n","protected":false},"featured_media":15738,"comment_status":"open","ping_status":"closed","template":"","meta":{"_acf_changed":false,"site-sidebar-layout":"default","site-content-layout":"","ast-site-content-layout":"default","site-content-style":"default","site-sidebar-style":"default","ast-global-header-display":"","ast-banner-title-visibility":"","ast-main-header-display":"","ast-hfb-above-header-display":"","ast-hfb-below-header-display":"","ast-hfb-mobile-header-display":"","site-post-title":"","ast-breadcrumbs-content":"","ast-featured-img":"","footer-sml-layout":"","ast-disable-related-posts":"","theme-transparent-header-meta":"default","adv-header-id-meta":"","stick-header-meta":"","header-above-stick-meta":"","header-main-stick-meta":"","header-below-stick-meta":"","astra-migrate-meta-layouts":"set","ast-page-background-enabled":"default","ast-page-background-meta":{"desktop":{"background-color":"","background-image":"","background-repeat":"repeat","background-position":"center center","background-size":"auto","background-attachment":"scroll","background-type":"","background-media":"","overlay-type":"","overlay-color":"","overlay-opacity":"","overlay-gradient":""},"tablet":{"background-color":"","background-image":"","background-repeat":"repeat","background-position":"center center","background-size":"auto","background-attachment":"scroll","background-type":"","background-media":"","overlay-type":"","overlay-color":"","overlay-opacity":"","overlay-gradient":""},"mobile":{"background-color":"","background-image":"","background-repeat":"repeat","background-position":"center center","background-size":"auto","background-attachment":"scroll","background-type":"","background-media":"","overlay-type":"","overlay-color":"","overlay-opacity":"","overlay-gradient":""}},"ast-content-background-meta":{"desktop":{"background-color":"var(--ast-global-color-4)","background-image":"","background-repeat":"repeat","background-position":"center center","background-size":"auto","background-attachment":"scroll","background-type":"","background-media":"","overlay-type":"","overlay-color":"","overlay-opacity":"","overlay-gradient":""},"tablet":{"background-color":"var(--ast-global-color-4)","background-image":"","background-repeat":"repeat","background-position":"center center","background-size":"auto","background-attachment":"scroll","background-type":"","background-media":"","overlay-type":"","overlay-color":"","overlay-opacity":"","overlay-gradient":""},"mobile":{"background-color":"var(--ast-global-color-4)","background-image":"","background-repeat":"repeat","background-position":"center center","background-size":"auto","background-attachment":"scroll","background-type":"","background-media":"","overlay-type":"","overlay-color":"","overlay-opacity":"","overlay-gradient":""}}},"product_brand":[],"product_cat":[15,35],"product_tag":[],"class_list":{"0":"post-15616","1":"product","2":"type-product","3":"status-publish","4":"has-post-thumbnail","6":"product_cat-uncategorized","7":"product_cat-vaikams-ir-paaugliams","8":"desktop-align-left","9":"tablet-align-left","10":"mobile-align-left","12":"first","13":"outofstock","14":"shipping-taxable","15":"purchasable","16":"product-type-simple"},"acf":[],"yoast_head":"<!-- This site is optimized with the Yoast SEO plugin v27.0 - https:\/\/yoast.com\/product\/yoast-seo-wordpress\/ -->\n<title>Ki\u0161kis ir me\u0161ka. Kas tra\u0161ka nakt\u012f?<\/title>\n<meta name=\"description\" content=\"Ki\u0161kis nustemba: kai kurie med\u017eiai, regis, i\u0161skrido \u017eiemoti \u012f pietus. Jo draug\u0117 me\u0161ka yra tikra, kad med\u017eiai neskraido. Staiga visai \u0161alia pasigirsta\" \/>\n<meta name=\"robots\" content=\"index, follow, max-snippet:-1, max-image-preview:large, max-video-preview:-1\" \/>\n<link rel=\"canonical\" href=\"https:\/\/skaitytaknyga.lt\/en\/produktas\/kiskis-ir-meska-kas-traska-nakti\/\" \/>\n<meta property=\"og:locale\" content=\"en_GB\" \/>\n<meta property=\"og:locale:alternate\" content=\"lt_LT\" \/>\n<meta property=\"og:type\" content=\"article\" \/>\n<meta property=\"og:title\" content=\"Ki\u0161kis ir me\u0161ka. Kas tra\u0161ka nakt\u012f?\" \/>\n<meta property=\"og:description\" content=\"Ki\u0161kis nustemba: kai kurie med\u017eiai, regis, i\u0161skrido \u017eiemoti \u012f pietus. Jo draug\u0117 me\u0161ka yra tikra, kad med\u017eiai neskraido. Staiga visai \u0161alia pasigirsta\" \/>\n<meta property=\"og:url\" content=\"https:\/\/skaitytaknyga.lt\/en\/produktas\/kiskis-ir-meska-kas-traska-nakti\/\" \/>\n<meta property=\"og:site_name\" content=\"Skaitytaknyga\" \/>\n<meta property=\"article:publisher\" content=\"https:\/\/www.facebook.com\/skaitytaknyga\/\" \/>\n<meta property=\"article:modified_time\" content=\"2025-02-08T13:30:44+00:00\" \/>\n<meta property=\"og:image\" content=\"https:\/\/skaitytaknyga.lt\/wp-content\/uploads\/2024\/12\/Kiskis-ir-meska.-Kas-traska-nakti.webp\" \/>\n\t<meta property=\"og:image:width\" content=\"433\" \/>\n\t<meta property=\"og:image:height\" content=\"600\" \/>\n\t<meta property=\"og:image:type\" content=\"image\/webp\" \/>\n<meta name=\"twitter:card\" content=\"summary_large_image\" \/>\n<meta name=\"twitter:label1\" content=\"Estimated reading time\" \/>\n\t<meta name=\"twitter:data1\" content=\"1 minute\" \/>\n<script type=\"application\/ld+json\" class=\"yoast-schema-graph\">{\"@context\":\"https:\/\/schema.org\",\"@graph\":[{\"@type\":\"WebPage\",\"@id\":\"https:\/\/skaitytaknyga.lt\/produktas\/kiskis-ir-meska-kas-traska-nakti\/\",\"url\":\"https:\/\/skaitytaknyga.lt\/produktas\/kiskis-ir-meska-kas-traska-nakti\/\",\"name\":\"Ki\u0161kis ir me\u0161ka. Kas tra\u0161ka nakt\u012f?\",\"isPartOf\":{\"@id\":\"https:\/\/skaitytaknyga.lt\/#website\"},\"primaryImageOfPage\":{\"@id\":\"https:\/\/skaitytaknyga.lt\/produktas\/kiskis-ir-meska-kas-traska-nakti\/#primaryimage\"},\"image\":{\"@id\":\"https:\/\/skaitytaknyga.lt\/produktas\/kiskis-ir-meska-kas-traska-nakti\/#primaryimage\"},\"thumbnailUrl\":\"https:\/\/skaitytaknyga.lt\/wp-content\/uploads\/2024\/12\/Kiskis-ir-meska.-Kas-traska-nakti.webp\",\"datePublished\":\"2024-12-20T06:09:35+00:00\",\"dateModified\":\"2025-02-08T13:30:44+00:00\",\"description\":\"Ki\u0161kis nustemba: kai kurie med\u017eiai, regis, i\u0161skrido \u017eiemoti \u012f pietus. Jo draug\u0117 me\u0161ka yra tikra, kad med\u017eiai neskraido. Staiga visai \u0161alia pasigirsta\",\"breadcrumb\":{\"@id\":\"https:\/\/skaitytaknyga.lt\/produktas\/kiskis-ir-meska-kas-traska-nakti\/#breadcrumb\"},\"inLanguage\":\"en-GB\",\"potentialAction\":[{\"@type\":\"ReadAction\",\"target\":[\"https:\/\/skaitytaknyga.lt\/produktas\/kiskis-ir-meska-kas-traska-nakti\/\"]}]},{\"@type\":\"ImageObject\",\"inLanguage\":\"en-GB\",\"@id\":\"https:\/\/skaitytaknyga.lt\/produktas\/kiskis-ir-meska-kas-traska-nakti\/#primaryimage\",\"url\":\"https:\/\/skaitytaknyga.lt\/wp-content\/uploads\/2024\/12\/Kiskis-ir-meska.-Kas-traska-nakti.webp\",\"contentUrl\":\"https:\/\/skaitytaknyga.lt\/wp-content\/uploads\/2024\/12\/Kiskis-ir-meska.-Kas-traska-nakti.webp\",\"width\":433,\"height\":600,\"caption\":\"Ki\u0161kis ir me\u0161ka. Kas tra\u0161ka nakt\u012f\"},{\"@type\":\"BreadcrumbList\",\"@id\":\"https:\/\/skaitytaknyga.lt\/produktas\/kiskis-ir-meska-kas-traska-nakti\/#breadcrumb\",\"itemListElement\":[{\"@type\":\"ListItem\",\"position\":1,\"name\":\"Home\",\"item\":\"https:\/\/skaitytaknyga.lt\/\"},{\"@type\":\"ListItem\",\"position\":2,\"name\":\"Parduotuv\u0117\",\"item\":\"https:\/\/skaitytaknyga.lt\/knygu-parduotuve\/\"},{\"@type\":\"ListItem\",\"position\":3,\"name\":\"Ki\u0161kis ir me\u0161ka. Kas tra\u0161ka nakt\u012f?\"}]},{\"@type\":\"WebSite\",\"@id\":\"https:\/\/skaitytaknyga.lt\/#website\",\"url\":\"https:\/\/skaitytaknyga.lt\/\",\"name\":\"skaitytaknyga.lt\",\"description\":\"Skaitytaknyga.lt \u2013 tai ma\u017eas \u0161eimos verslas, kuris prasid\u0117jo nuo meil\u0117s knygoms ir siekio i\u0161gelb\u0117ti knygas nuo likimo prie konteinerio. Kas vienam nereikalingas daiktas \u2013 kitam lobis, o mes esame tarpininkai, kurie padeda abiems tapti laimingesniems ???? \u017dinome kaip nelengva i\u0161gyventi ma\u017eiems verslams, tad nuo \u0161iol, \u010dia rasite ir kit\u0173, ma\u017e\u0173 \u0161eim\u0173 versl\u0173, rank\u0173 darbo, dovan\u0173 sau ir artimiesiems.\",\"publisher\":{\"@id\":\"https:\/\/skaitytaknyga.lt\/#organization\"},\"potentialAction\":[{\"@type\":\"SearchAction\",\"target\":{\"@type\":\"EntryPoint\",\"urlTemplate\":\"https:\/\/skaitytaknyga.lt\/?s={search_term_string}\"},\"query-input\":{\"@type\":\"PropertyValueSpecification\",\"valueRequired\":true,\"valueName\":\"search_term_string\"}}],\"inLanguage\":\"en-GB\"},{\"@type\":\"Organization\",\"@id\":\"https:\/\/skaitytaknyga.lt\/#organization\",\"name\":\"skaitytaknyga.lt\",\"url\":\"https:\/\/skaitytaknyga.lt\/\",\"logo\":{\"@type\":\"ImageObject\",\"inLanguage\":\"en-GB\",\"@id\":\"https:\/\/skaitytaknyga.lt\/#\/schema\/logo\/image\/\",\"url\":\"https:\/\/skaitytaknyga.lt\/wp-content\/uploads\/2024\/05\/cropped-cropped-cropped-02_00843_jt3bggkj1j3HLc7SyY6rEUpg.jpeg\",\"contentUrl\":\"https:\/\/skaitytaknyga.lt\/wp-content\/uploads\/2024\/05\/cropped-cropped-cropped-02_00843_jt3bggkj1j3HLc7SyY6rEUpg.jpeg\",\"width\":1600,\"height\":1600,\"caption\":\"skaitytaknyga.lt\"},\"image\":{\"@id\":\"https:\/\/skaitytaknyga.lt\/#\/schema\/logo\/image\/\"},\"sameAs\":[\"https:\/\/www.facebook.com\/skaitytaknyga\/\"]}]}<\/script>\n<!-- \/ Yoast SEO plugin. -->","yoast_head_json":{"title":"Ki\u0161kis ir me\u0161ka. Kas tra\u0161ka nakt\u012f?","description":"Ki\u0161kis nustemba: kai kurie med\u017eiai, regis, i\u0161skrido \u017eiemoti \u012f pietus. Jo draug\u0117 me\u0161ka yra tikra, kad med\u017eiai neskraido. Staiga visai \u0161alia pasigirsta","robots":{"index":"index","follow":"follow","max-snippet":"max-snippet:-1","max-image-preview":"max-image-preview:large","max-video-preview":"max-video-preview:-1"},"canonical":"https:\/\/skaitytaknyga.lt\/en\/produktas\/kiskis-ir-meska-kas-traska-nakti\/","og_locale":"en_GB","og_type":"article","og_title":"[:lt]Ki\u0161kis ir me\u0161ka. Kas tra\u0161ka nakt\u012f?[:] - Skaitytaknyga","og_description":"Ki\u0161kis nustemba: kai kurie med\u017eiai, regis, i\u0161skrido \u017eiemoti \u012f pietus. Jo draug\u0117 me\u0161ka yra tikra, kad med\u017eiai neskraido. Staiga visai \u0161alia pasigirsta","og_url":"https:\/\/skaitytaknyga.lt\/en\/produktas\/kiskis-ir-meska-kas-traska-nakti\/","og_site_name":"Skaitytaknyga","article_publisher":"https:\/\/www.facebook.com\/skaitytaknyga\/","article_modified_time":"2025-02-08T13:30:44+00:00","og_image":[{"width":433,"height":600,"url":"https:\/\/skaitytaknyga.lt\/wp-content\/uploads\/2024\/12\/Kiskis-ir-meska.-Kas-traska-nakti.webp","type":"image\/webp"}],"twitter_card":"summary_large_image","twitter_misc":{"Estimated reading time":"1 minute"},"schema":{"@context":"https:\/\/schema.org","@graph":[{"@type":"WebPage","@id":"https:\/\/skaitytaknyga.lt\/produktas\/kiskis-ir-meska-kas-traska-nakti\/","url":"https:\/\/skaitytaknyga.lt\/produktas\/kiskis-ir-meska-kas-traska-nakti\/","name":"Ki\u0161kis ir me\u0161ka. Kas tra\u0161ka nakt\u012f?","isPartOf":{"@id":"https:\/\/skaitytaknyga.lt\/#website"},"primaryImageOfPage":{"@id":"https:\/\/skaitytaknyga.lt\/produktas\/kiskis-ir-meska-kas-traska-nakti\/#primaryimage"},"image":{"@id":"https:\/\/skaitytaknyga.lt\/produktas\/kiskis-ir-meska-kas-traska-nakti\/#primaryimage"},"thumbnailUrl":"https:\/\/skaitytaknyga.lt\/wp-content\/uploads\/2024\/12\/Kiskis-ir-meska.-Kas-traska-nakti.webp","datePublished":"2024-12-20T06:09:35+00:00","dateModified":"2025-02-08T13:30:44+00:00","description":"Ki\u0161kis nustemba: kai kurie med\u017eiai, regis, i\u0161skrido \u017eiemoti \u012f pietus. Jo draug\u0117 me\u0161ka yra tikra, kad med\u017eiai neskraido. Staiga visai \u0161alia pasigirsta","breadcrumb":{"@id":"https:\/\/skaitytaknyga.lt\/produktas\/kiskis-ir-meska-kas-traska-nakti\/#breadcrumb"},"inLanguage":"en-GB","potentialAction":[{"@type":"ReadAction","target":["https:\/\/skaitytaknyga.lt\/produktas\/kiskis-ir-meska-kas-traska-nakti\/"]}]},{"@type":"ImageObject","inLanguage":"en-GB","@id":"https:\/\/skaitytaknyga.lt\/produktas\/kiskis-ir-meska-kas-traska-nakti\/#primaryimage","url":"https:\/\/skaitytaknyga.lt\/wp-content\/uploads\/2024\/12\/Kiskis-ir-meska.-Kas-traska-nakti.webp","contentUrl":"https:\/\/skaitytaknyga.lt\/wp-content\/uploads\/2024\/12\/Kiskis-ir-meska.-Kas-traska-nakti.webp","width":433,"height":600,"caption":"Ki\u0161kis ir me\u0161ka. Kas tra\u0161ka nakt\u012f"},{"@type":"BreadcrumbList","@id":"https:\/\/skaitytaknyga.lt\/produktas\/kiskis-ir-meska-kas-traska-nakti\/#breadcrumb","itemListElement":[{"@type":"ListItem","position":1,"name":"Home","item":"https:\/\/skaitytaknyga.lt\/"},{"@type":"ListItem","position":2,"name":"Parduotuv\u0117","item":"https:\/\/skaitytaknyga.lt\/knygu-parduotuve\/"},{"@type":"ListItem","position":3,"name":"Ki\u0161kis ir me\u0161ka. Kas tra\u0161ka nakt\u012f?"}]},{"@type":"WebSite","@id":"https:\/\/skaitytaknyga.lt\/#website","url":"https:\/\/skaitytaknyga.lt\/","name":"skaitytaknyga.lt","description":"Skaitytaknyga.lt \u2013 tai ma\u017eas \u0161eimos verslas, kuris prasid\u0117jo nuo meil\u0117s knygoms ir siekio i\u0161gelb\u0117ti knygas nuo likimo prie konteinerio. Kas vienam nereikalingas daiktas \u2013 kitam lobis, o mes esame tarpininkai, kurie padeda abiems tapti laimingesniems ???? \u017dinome kaip nelengva i\u0161gyventi ma\u017eiems verslams, tad nuo \u0161iol, \u010dia rasite ir kit\u0173, ma\u017e\u0173 \u0161eim\u0173 versl\u0173, rank\u0173 darbo, dovan\u0173 sau ir artimiesiems.","publisher":{"@id":"https:\/\/skaitytaknyga.lt\/#organization"},"potentialAction":[{"@type":"SearchAction","target":{"@type":"EntryPoint","urlTemplate":"https:\/\/skaitytaknyga.lt\/?s={search_term_string}"},"query-input":{"@type":"PropertyValueSpecification","valueRequired":true,"valueName":"search_term_string"}}],"inLanguage":"en-GB"},{"@type":"Organization","@id":"https:\/\/skaitytaknyga.lt\/#organization","name":"skaitytaknyga.lt","url":"https:\/\/skaitytaknyga.lt\/","logo":{"@type":"ImageObject","inLanguage":"en-GB","@id":"https:\/\/skaitytaknyga.lt\/#\/schema\/logo\/image\/","url":"https:\/\/skaitytaknyga.lt\/wp-content\/uploads\/2024\/05\/cropped-cropped-cropped-02_00843_jt3bggkj1j3HLc7SyY6rEUpg.jpeg","contentUrl":"https:\/\/skaitytaknyga.lt\/wp-content\/uploads\/2024\/05\/cropped-cropped-cropped-02_00843_jt3bggkj1j3HLc7SyY6rEUpg.jpeg","width":1600,"height":1600,"caption":"skaitytaknyga.lt"},"image":{"@id":"https:\/\/skaitytaknyga.lt\/#\/schema\/logo\/image\/"},"sameAs":["https:\/\/www.facebook.com\/skaitytaknyga\/"]}]}},"_links":{"self":[{"href":"https:\/\/skaitytaknyga.lt\/en\/wp-json\/wp\/v2\/product\/15616","targetHints":{"allow":["GET"]}}],"collection":[{"href":"https:\/\/skaitytaknyga.lt\/en\/wp-json\/wp\/v2\/product"}],"about":[{"href":"https:\/\/skaitytaknyga.lt\/en\/wp-json\/wp\/v2\/types\/product"}],"replies":[{"embeddable":true,"href":"https:\/\/skaitytaknyga.lt\/en\/wp-json\/wp\/v2\/comments?post=15616"}],"wp:featuredmedia":[{"embeddable":true,"href":"https:\/\/skaitytaknyga.lt\/en\/wp-json\/wp\/v2\/media\/15738"}],"wp:attachment":[{"href":"https:\/\/skaitytaknyga.lt\/en\/wp-json\/wp\/v2\/media?parent=15616"}],"wp:term":[{"taxonomy":"product_brand","embeddable":true,"href":"https:\/\/skaitytaknyga.lt\/en\/wp-json\/wp\/v2\/product_brand?post=15616"},{"taxonomy":"product_cat","embeddable":true,"href":"https:\/\/skaitytaknyga.lt\/en\/wp-json\/wp\/v2\/product_cat?post=15616"},{"taxonomy":"product_tag","embeddable":true,"href":"https:\/\/skaitytaknyga.lt\/en\/wp-json\/wp\/v2\/product_tag?post=15616"}],"curies":[{"name":"wp","href":"https:\/\/api.w.org\/{rel}","templated":true}]}}