{"id":15615,"date":"2024-12-20T08:09:35","date_gmt":"2024-12-20T06:09:35","guid":{"rendered":"https:\/\/skaitytaknyga.lt\/?post_type=product&#038;p=15615"},"modified":"2025-05-15T08:58:04","modified_gmt":"2025-05-15T05:58:04","slug":"kuku-is-pasto-dezutes","status":"publish","type":"product","link":"https:\/\/skaitytaknyga.lt\/en\/produktas\/kuku-is-pasto-dezutes\/","title":{"rendered":"Kuk\u016b i\u0161 pa\u0161to d\u0117\u017eut\u0117s"},"content":{"rendered":"<p>7\u201310 m. vaikams.<\/p>\n<p>Ma\u017eieji Mykolas ir Adel\u0117 susigalvojo nauj\u0105 \u017eaidim\u0105: kaskart, prab\u0117gant pro pa\u0161to d\u0117\u017eut\u0119, kuo juokingesniu balsu su\u0161ukti: \u201eKuk\u016b!&#8221; Taip lakst\u0117, r\u0117kavo ir linksminosi, kol vien\u0105 kart\u0105 \u0117m\u0117 ir i\u0161girdo ka\u017ek\u0105 i\u0161 pa\u0161to d\u0117\u017eut\u0117s atsi\u0161aukiant.<\/p>\n<p>Pasirodo, pa\u0161to d\u0117\u017eut\u0117je kai kas gyvena! Jis i\u0161 ties\u0173 vardu Kuk\u016b ir turi tiek \u0161auni\u0173 id\u0117j\u0173, kad Mykolo ir Adel\u0117s dienos jau niekad nebus nuobod\u017eios.<\/p>\n<p>A\u0161tuoneri\u0173 met\u0173 Mykolas, \u017eaisdamas su ketveri\u0173 met\u0173 sesute Adele, nam\u0173 pa\u0161to d\u0117\u017eut\u0117je atranda keist\u0105 padar\u0117l\u012f, vardu Kuk\u016b. Jis tampa slaptu brolio ir sesers \u017eaidim\u0173 draugu ir daugelio linksm\u0173 i\u0161daig\u0173 bendrininku. Visos \u0161eimos gyvenimas pasidaro kur kas \u012fdomesnis.<\/p>\n<p>Alvil\u0117 Rimait\u0117 \u2013 lietuvi\u0173 vaik\u0173 ra\u0161ytoja, suk\u016brusi knygas \u201eKliukliukas&#8221; ir \u201e\u0160niurpio atostogos&#8221;. Trump\u0173 istorij\u0173 rinkin\u012f ma\u017eiesiems apie brolio, ses\u0117s ir \u0161auniojo Kuk\u016b nuotykius iliustravo dailinink\u0117 Neringa \u017dukauskait\u0117.<\/p>\n<p>&nbsp;<\/p>\n","protected":false},"excerpt":{"rendered":"<p>7\u201310 m. vaikams. Ma\u017eieji Mykolas ir Adel\u0117 susigalvojo nauj\u0105 \u017eaidim\u0105: kaskart, prab\u0117gant pro pa\u0161to d\u0117\u017eut\u0119, kuo juokingesniu balsu su\u0161ukti: \u201eKuk\u016b!&#8221; Taip lakst\u0117, r\u0117kavo ir linksminosi, kol vien\u0105 kart\u0105 \u0117m\u0117 ir i\u0161girdo ka\u017ek\u0105 i\u0161 pa\u0161to d\u0117\u017eut\u0117s atsi\u0161aukiant. Pasirodo, pa\u0161to d\u0117\u017eut\u0117je kai kas gyvena! Jis i\u0161 ties\u0173 vardu Kuk\u016b ir turi tiek \u0161auni\u0173 id\u0117j\u0173, kad Mykolo ir Adel\u0117s dienos jau niekad nebus nuobod\u017eios. A\u0161tuoneri\u0173 met\u0173 Mykolas, \u017eaisdamas su ketveri\u0173 met\u0173 sesute Adele, nam\u0173 pa\u0161to d\u0117\u017eut\u0117je atranda keist\u0105 padar\u0117l\u012f, vardu Kuk\u016b. Jis tampa slaptu brolio ir sesers \u017eaidim\u0173 draugu ir daugelio linksm\u0173 i\u0161daig\u0173 bendrininku. Visos \u0161eimos gyvenimas pasidaro kur kas \u012fdomesnis. Alvil\u0117 Rimait\u0117 \u2013 lietuvi\u0173 vaik\u0173 ra\u0161ytoja, suk\u016brusi knygas \u201eKliukliukas&#8221; ir \u201e\u0160niurpio atostogos&#8221;. Trump\u0173 istorij\u0173 rinkin\u012f ma\u017eiesiems apie brolio, ses\u0117s ir \u0161auniojo Kuk\u016b nuotykius iliustravo dailinink\u0117 Neringa \u017dukauskait\u0117. &nbsp;<\/p>\n","protected":false},"featured_media":15736,"comment_status":"open","ping_status":"closed","template":"","meta":{"_acf_changed":false,"site-sidebar-layout":"default","site-content-layout":"","ast-site-content-layout":"default","site-content-style":"default","site-sidebar-style":"default","ast-global-header-display":"","ast-banner-title-visibility":"","ast-main-header-display":"","ast-hfb-above-header-display":"","ast-hfb-below-header-display":"","ast-hfb-mobile-header-display":"","site-post-title":"","ast-breadcrumbs-content":"","ast-featured-img":"","footer-sml-layout":"","ast-disable-related-posts":"","theme-transparent-header-meta":"default","adv-header-id-meta":"","stick-header-meta":"","header-above-stick-meta":"","header-main-stick-meta":"","header-below-stick-meta":"","astra-migrate-meta-layouts":"set","ast-page-background-enabled":"default","ast-page-background-meta":{"desktop":{"background-color":"","background-image":"","background-repeat":"repeat","background-position":"center center","background-size":"auto","background-attachment":"scroll","background-type":"","background-media":"","overlay-type":"","overlay-color":"","overlay-opacity":"","overlay-gradient":""},"tablet":{"background-color":"","background-image":"","background-repeat":"repeat","background-position":"center center","background-size":"auto","background-attachment":"scroll","background-type":"","background-media":"","overlay-type":"","overlay-color":"","overlay-opacity":"","overlay-gradient":""},"mobile":{"background-color":"","background-image":"","background-repeat":"repeat","background-position":"center center","background-size":"auto","background-attachment":"scroll","background-type":"","background-media":"","overlay-type":"","overlay-color":"","overlay-opacity":"","overlay-gradient":""}},"ast-content-background-meta":{"desktop":{"background-color":"var(--ast-global-color-4)","background-image":"","background-repeat":"repeat","background-position":"center center","background-size":"auto","background-attachment":"scroll","background-type":"","background-media":"","overlay-type":"","overlay-color":"","overlay-opacity":"","overlay-gradient":""},"tablet":{"background-color":"var(--ast-global-color-4)","background-image":"","background-repeat":"repeat","background-position":"center center","background-size":"auto","background-attachment":"scroll","background-type":"","background-media":"","overlay-type":"","overlay-color":"","overlay-opacity":"","overlay-gradient":""},"mobile":{"background-color":"var(--ast-global-color-4)","background-image":"","background-repeat":"repeat","background-position":"center center","background-size":"auto","background-attachment":"scroll","background-type":"","background-media":"","overlay-type":"","overlay-color":"","overlay-opacity":"","overlay-gradient":""}}},"product_brand":[],"product_cat":[15,35],"product_tag":[2718,2720,2719,1645],"class_list":{"0":"post-15615","1":"product","2":"type-product","3":"status-publish","4":"has-post-thumbnail","6":"product_cat-uncategorized","7":"product_cat-vaikams-ir-paaugliams","8":"product_tag-nuotykiu-pasaka","9":"product_tag-paslaptis","10":"product_tag-seimos-vertybes","11":"product_tag-vaiku-literatura","12":"desktop-align-left","13":"tablet-align-left","14":"mobile-align-left","16":"first","17":"instock","18":"shipping-taxable","19":"purchasable","20":"product-type-simple"},"acf":[],"yoast_head":"<!-- This site is optimized with the Yoast SEO plugin v27.0 - https:\/\/yoast.com\/product\/yoast-seo-wordpress\/ -->\n<title>Kuk\u016b i\u0161 pa\u0161to d\u0117\u017eut\u0117s<\/title>\n<meta name=\"description\" content=\"7\u201310 m. vaikams. Ma\u017eieji Mykolas ir Adel\u0117 susigalvojo nauj\u0105 \u017eaidim\u0105: kaskart, prab\u0117gant pro pa\u0161to d\u0117\u017eut\u0119, kuo juokingesniu balsu su\u0161ukti: \u201eKuk\u016b!&quot; Taip\" \/>\n<meta name=\"robots\" content=\"index, follow, max-snippet:-1, max-image-preview:large, max-video-preview:-1\" \/>\n<link rel=\"canonical\" href=\"https:\/\/skaitytaknyga.lt\/en\/produktas\/kuku-is-pasto-dezutes\/\" \/>\n<meta property=\"og:locale\" content=\"en_GB\" \/>\n<meta property=\"og:locale:alternate\" content=\"lt_LT\" \/>\n<meta property=\"og:type\" content=\"article\" \/>\n<meta property=\"og:title\" content=\"Kuk\u016b i\u0161 pa\u0161to d\u0117\u017eut\u0117s\" \/>\n<meta property=\"og:description\" content=\"7\u201310 m. vaikams. Ma\u017eieji Mykolas ir Adel\u0117 susigalvojo nauj\u0105 \u017eaidim\u0105: kaskart, prab\u0117gant pro pa\u0161to d\u0117\u017eut\u0119, kuo juokingesniu balsu su\u0161ukti: \u201eKuk\u016b!&quot; Taip\" \/>\n<meta property=\"og:url\" content=\"https:\/\/skaitytaknyga.lt\/en\/produktas\/kuku-is-pasto-dezutes\/\" \/>\n<meta property=\"og:site_name\" content=\"Skaitytaknyga\" \/>\n<meta property=\"article:publisher\" content=\"https:\/\/www.facebook.com\/skaitytaknyga\/\" \/>\n<meta property=\"article:modified_time\" content=\"2025-05-15T05:58:04+00:00\" \/>\n<meta property=\"og:image\" content=\"https:\/\/skaitytaknyga.lt\/wp-content\/uploads\/2024\/12\/Kuku-is-pasto-dezutes.webp\" \/>\n\t<meta property=\"og:image:width\" content=\"545\" \/>\n\t<meta property=\"og:image:height\" content=\"800\" \/>\n\t<meta property=\"og:image:type\" content=\"image\/webp\" \/>\n<meta name=\"twitter:card\" content=\"summary_large_image\" \/>\n<meta name=\"twitter:label1\" content=\"Estimated reading time\" \/>\n\t<meta name=\"twitter:data1\" content=\"1 minute\" \/>\n<script type=\"application\/ld+json\" class=\"yoast-schema-graph\">{\"@context\":\"https:\/\/schema.org\",\"@graph\":[{\"@type\":\"WebPage\",\"@id\":\"https:\/\/skaitytaknyga.lt\/produktas\/kuku-is-pasto-dezutes\/\",\"url\":\"https:\/\/skaitytaknyga.lt\/produktas\/kuku-is-pasto-dezutes\/\",\"name\":\"Kuk\u016b i\u0161 pa\u0161to d\u0117\u017eut\u0117s\",\"isPartOf\":{\"@id\":\"https:\/\/skaitytaknyga.lt\/#website\"},\"primaryImageOfPage\":{\"@id\":\"https:\/\/skaitytaknyga.lt\/produktas\/kuku-is-pasto-dezutes\/#primaryimage\"},\"image\":{\"@id\":\"https:\/\/skaitytaknyga.lt\/produktas\/kuku-is-pasto-dezutes\/#primaryimage\"},\"thumbnailUrl\":\"https:\/\/skaitytaknyga.lt\/wp-content\/uploads\/2024\/12\/Kuku-is-pasto-dezutes.webp\",\"datePublished\":\"2024-12-20T06:09:35+00:00\",\"dateModified\":\"2025-05-15T05:58:04+00:00\",\"description\":\"7\u201310 m. vaikams. Ma\u017eieji Mykolas ir Adel\u0117 susigalvojo nauj\u0105 \u017eaidim\u0105: kaskart, prab\u0117gant pro pa\u0161to d\u0117\u017eut\u0119, kuo juokingesniu balsu su\u0161ukti: \u201eKuk\u016b!\\\" Taip\",\"breadcrumb\":{\"@id\":\"https:\/\/skaitytaknyga.lt\/produktas\/kuku-is-pasto-dezutes\/#breadcrumb\"},\"inLanguage\":\"en-GB\",\"potentialAction\":[{\"@type\":\"ReadAction\",\"target\":[\"https:\/\/skaitytaknyga.lt\/produktas\/kuku-is-pasto-dezutes\/\"]}]},{\"@type\":\"ImageObject\",\"inLanguage\":\"en-GB\",\"@id\":\"https:\/\/skaitytaknyga.lt\/produktas\/kuku-is-pasto-dezutes\/#primaryimage\",\"url\":\"https:\/\/skaitytaknyga.lt\/wp-content\/uploads\/2024\/12\/Kuku-is-pasto-dezutes.webp\",\"contentUrl\":\"https:\/\/skaitytaknyga.lt\/wp-content\/uploads\/2024\/12\/Kuku-is-pasto-dezutes.webp\",\"width\":545,\"height\":800,\"caption\":\"Kuk\u016b i\u0161 pa\u0161to d\u0117\u017eut\u0117s\"},{\"@type\":\"BreadcrumbList\",\"@id\":\"https:\/\/skaitytaknyga.lt\/produktas\/kuku-is-pasto-dezutes\/#breadcrumb\",\"itemListElement\":[{\"@type\":\"ListItem\",\"position\":1,\"name\":\"Home\",\"item\":\"https:\/\/skaitytaknyga.lt\/\"},{\"@type\":\"ListItem\",\"position\":2,\"name\":\"Parduotuv\u0117\",\"item\":\"https:\/\/skaitytaknyga.lt\/knygu-parduotuve\/\"},{\"@type\":\"ListItem\",\"position\":3,\"name\":\"Kuk\u016b i\u0161 pa\u0161to d\u0117\u017eut\u0117s\"}]},{\"@type\":\"WebSite\",\"@id\":\"https:\/\/skaitytaknyga.lt\/#website\",\"url\":\"https:\/\/skaitytaknyga.lt\/\",\"name\":\"skaitytaknyga.lt\",\"description\":\"Skaitytaknyga.lt \u2013 tai ma\u017eas \u0161eimos verslas, kuris prasid\u0117jo nuo meil\u0117s knygoms ir siekio i\u0161gelb\u0117ti knygas nuo likimo prie konteinerio. Kas vienam nereikalingas daiktas \u2013 kitam lobis, o mes esame tarpininkai, kurie padeda abiems tapti laimingesniems ???? \u017dinome kaip nelengva i\u0161gyventi ma\u017eiems verslams, tad nuo \u0161iol, \u010dia rasite ir kit\u0173, ma\u017e\u0173 \u0161eim\u0173 versl\u0173, rank\u0173 darbo, dovan\u0173 sau ir artimiesiems.\",\"publisher\":{\"@id\":\"https:\/\/skaitytaknyga.lt\/#organization\"},\"potentialAction\":[{\"@type\":\"SearchAction\",\"target\":{\"@type\":\"EntryPoint\",\"urlTemplate\":\"https:\/\/skaitytaknyga.lt\/?s={search_term_string}\"},\"query-input\":{\"@type\":\"PropertyValueSpecification\",\"valueRequired\":true,\"valueName\":\"search_term_string\"}}],\"inLanguage\":\"en-GB\"},{\"@type\":\"Organization\",\"@id\":\"https:\/\/skaitytaknyga.lt\/#organization\",\"name\":\"skaitytaknyga.lt\",\"url\":\"https:\/\/skaitytaknyga.lt\/\",\"logo\":{\"@type\":\"ImageObject\",\"inLanguage\":\"en-GB\",\"@id\":\"https:\/\/skaitytaknyga.lt\/#\/schema\/logo\/image\/\",\"url\":\"https:\/\/skaitytaknyga.lt\/wp-content\/uploads\/2024\/05\/cropped-cropped-cropped-02_00843_jt3bggkj1j3HLc7SyY6rEUpg.jpeg\",\"contentUrl\":\"https:\/\/skaitytaknyga.lt\/wp-content\/uploads\/2024\/05\/cropped-cropped-cropped-02_00843_jt3bggkj1j3HLc7SyY6rEUpg.jpeg\",\"width\":1600,\"height\":1600,\"caption\":\"skaitytaknyga.lt\"},\"image\":{\"@id\":\"https:\/\/skaitytaknyga.lt\/#\/schema\/logo\/image\/\"},\"sameAs\":[\"https:\/\/www.facebook.com\/skaitytaknyga\/\"]}]}<\/script>\n<!-- \/ Yoast SEO plugin. -->","yoast_head_json":{"title":"Kuk\u016b i\u0161 pa\u0161to d\u0117\u017eut\u0117s","description":"7\u201310 m. vaikams. Ma\u017eieji Mykolas ir Adel\u0117 susigalvojo nauj\u0105 \u017eaidim\u0105: kaskart, prab\u0117gant pro pa\u0161to d\u0117\u017eut\u0119, kuo juokingesniu balsu su\u0161ukti: \u201eKuk\u016b!\" Taip","robots":{"index":"index","follow":"follow","max-snippet":"max-snippet:-1","max-image-preview":"max-image-preview:large","max-video-preview":"max-video-preview:-1"},"canonical":"https:\/\/skaitytaknyga.lt\/en\/produktas\/kuku-is-pasto-dezutes\/","og_locale":"en_GB","og_type":"article","og_title":"[:lt]Kuk\u016b i\u0161 pa\u0161to d\u0117\u017eut\u0117s[:] - Skaitytaknyga","og_description":"7\u201310 m. vaikams. Ma\u017eieji Mykolas ir Adel\u0117 susigalvojo nauj\u0105 \u017eaidim\u0105: kaskart, prab\u0117gant pro pa\u0161to d\u0117\u017eut\u0119, kuo juokingesniu balsu su\u0161ukti: \u201eKuk\u016b!\" Taip","og_url":"https:\/\/skaitytaknyga.lt\/en\/produktas\/kuku-is-pasto-dezutes\/","og_site_name":"Skaitytaknyga","article_publisher":"https:\/\/www.facebook.com\/skaitytaknyga\/","article_modified_time":"2025-05-15T05:58:04+00:00","og_image":[{"width":545,"height":800,"url":"https:\/\/skaitytaknyga.lt\/wp-content\/uploads\/2024\/12\/Kuku-is-pasto-dezutes.webp","type":"image\/webp"}],"twitter_card":"summary_large_image","twitter_misc":{"Estimated reading time":"1 minute"},"schema":{"@context":"https:\/\/schema.org","@graph":[{"@type":"WebPage","@id":"https:\/\/skaitytaknyga.lt\/produktas\/kuku-is-pasto-dezutes\/","url":"https:\/\/skaitytaknyga.lt\/produktas\/kuku-is-pasto-dezutes\/","name":"Kuk\u016b i\u0161 pa\u0161to d\u0117\u017eut\u0117s","isPartOf":{"@id":"https:\/\/skaitytaknyga.lt\/#website"},"primaryImageOfPage":{"@id":"https:\/\/skaitytaknyga.lt\/produktas\/kuku-is-pasto-dezutes\/#primaryimage"},"image":{"@id":"https:\/\/skaitytaknyga.lt\/produktas\/kuku-is-pasto-dezutes\/#primaryimage"},"thumbnailUrl":"https:\/\/skaitytaknyga.lt\/wp-content\/uploads\/2024\/12\/Kuku-is-pasto-dezutes.webp","datePublished":"2024-12-20T06:09:35+00:00","dateModified":"2025-05-15T05:58:04+00:00","description":"7\u201310 m. vaikams. Ma\u017eieji Mykolas ir Adel\u0117 susigalvojo nauj\u0105 \u017eaidim\u0105: kaskart, prab\u0117gant pro pa\u0161to d\u0117\u017eut\u0119, kuo juokingesniu balsu su\u0161ukti: \u201eKuk\u016b!\" Taip","breadcrumb":{"@id":"https:\/\/skaitytaknyga.lt\/produktas\/kuku-is-pasto-dezutes\/#breadcrumb"},"inLanguage":"en-GB","potentialAction":[{"@type":"ReadAction","target":["https:\/\/skaitytaknyga.lt\/produktas\/kuku-is-pasto-dezutes\/"]}]},{"@type":"ImageObject","inLanguage":"en-GB","@id":"https:\/\/skaitytaknyga.lt\/produktas\/kuku-is-pasto-dezutes\/#primaryimage","url":"https:\/\/skaitytaknyga.lt\/wp-content\/uploads\/2024\/12\/Kuku-is-pasto-dezutes.webp","contentUrl":"https:\/\/skaitytaknyga.lt\/wp-content\/uploads\/2024\/12\/Kuku-is-pasto-dezutes.webp","width":545,"height":800,"caption":"Kuk\u016b i\u0161 pa\u0161to d\u0117\u017eut\u0117s"},{"@type":"BreadcrumbList","@id":"https:\/\/skaitytaknyga.lt\/produktas\/kuku-is-pasto-dezutes\/#breadcrumb","itemListElement":[{"@type":"ListItem","position":1,"name":"Home","item":"https:\/\/skaitytaknyga.lt\/"},{"@type":"ListItem","position":2,"name":"Parduotuv\u0117","item":"https:\/\/skaitytaknyga.lt\/knygu-parduotuve\/"},{"@type":"ListItem","position":3,"name":"Kuk\u016b i\u0161 pa\u0161to d\u0117\u017eut\u0117s"}]},{"@type":"WebSite","@id":"https:\/\/skaitytaknyga.lt\/#website","url":"https:\/\/skaitytaknyga.lt\/","name":"skaitytaknyga.lt","description":"Skaitytaknyga.lt \u2013 tai ma\u017eas \u0161eimos verslas, kuris prasid\u0117jo nuo meil\u0117s knygoms ir siekio i\u0161gelb\u0117ti knygas nuo likimo prie konteinerio. Kas vienam nereikalingas daiktas \u2013 kitam lobis, o mes esame tarpininkai, kurie padeda abiems tapti laimingesniems ???? \u017dinome kaip nelengva i\u0161gyventi ma\u017eiems verslams, tad nuo \u0161iol, \u010dia rasite ir kit\u0173, ma\u017e\u0173 \u0161eim\u0173 versl\u0173, rank\u0173 darbo, dovan\u0173 sau ir artimiesiems.","publisher":{"@id":"https:\/\/skaitytaknyga.lt\/#organization"},"potentialAction":[{"@type":"SearchAction","target":{"@type":"EntryPoint","urlTemplate":"https:\/\/skaitytaknyga.lt\/?s={search_term_string}"},"query-input":{"@type":"PropertyValueSpecification","valueRequired":true,"valueName":"search_term_string"}}],"inLanguage":"en-GB"},{"@type":"Organization","@id":"https:\/\/skaitytaknyga.lt\/#organization","name":"skaitytaknyga.lt","url":"https:\/\/skaitytaknyga.lt\/","logo":{"@type":"ImageObject","inLanguage":"en-GB","@id":"https:\/\/skaitytaknyga.lt\/#\/schema\/logo\/image\/","url":"https:\/\/skaitytaknyga.lt\/wp-content\/uploads\/2024\/05\/cropped-cropped-cropped-02_00843_jt3bggkj1j3HLc7SyY6rEUpg.jpeg","contentUrl":"https:\/\/skaitytaknyga.lt\/wp-content\/uploads\/2024\/05\/cropped-cropped-cropped-02_00843_jt3bggkj1j3HLc7SyY6rEUpg.jpeg","width":1600,"height":1600,"caption":"skaitytaknyga.lt"},"image":{"@id":"https:\/\/skaitytaknyga.lt\/#\/schema\/logo\/image\/"},"sameAs":["https:\/\/www.facebook.com\/skaitytaknyga\/"]}]}},"_links":{"self":[{"href":"https:\/\/skaitytaknyga.lt\/en\/wp-json\/wp\/v2\/product\/15615","targetHints":{"allow":["GET"]}}],"collection":[{"href":"https:\/\/skaitytaknyga.lt\/en\/wp-json\/wp\/v2\/product"}],"about":[{"href":"https:\/\/skaitytaknyga.lt\/en\/wp-json\/wp\/v2\/types\/product"}],"replies":[{"embeddable":true,"href":"https:\/\/skaitytaknyga.lt\/en\/wp-json\/wp\/v2\/comments?post=15615"}],"wp:featuredmedia":[{"embeddable":true,"href":"https:\/\/skaitytaknyga.lt\/en\/wp-json\/wp\/v2\/media\/15736"}],"wp:attachment":[{"href":"https:\/\/skaitytaknyga.lt\/en\/wp-json\/wp\/v2\/media?parent=15615"}],"wp:term":[{"taxonomy":"product_brand","embeddable":true,"href":"https:\/\/skaitytaknyga.lt\/en\/wp-json\/wp\/v2\/product_brand?post=15615"},{"taxonomy":"product_cat","embeddable":true,"href":"https:\/\/skaitytaknyga.lt\/en\/wp-json\/wp\/v2\/product_cat?post=15615"},{"taxonomy":"product_tag","embeddable":true,"href":"https:\/\/skaitytaknyga.lt\/en\/wp-json\/wp\/v2\/product_tag?post=15615"}],"curies":[{"name":"wp","href":"https:\/\/api.w.org\/{rel}","templated":true}]}}