{"id":15614,"date":"2024-12-20T08:09:35","date_gmt":"2024-12-20T06:09:35","guid":{"rendered":"https:\/\/skaitytaknyga.lt\/?post_type=product&#038;p=15614"},"modified":"2024-12-23T09:41:25","modified_gmt":"2024-12-23T07:41:25","slug":"saunusis-misko-ketvertas-padeda-iveikti-namu-ilgesi","status":"publish","type":"product","link":"https:\/\/skaitytaknyga.lt\/en\/produktas\/saunusis-misko-ketvertas-padeda-iveikti-namu-ilgesi\/","title":{"rendered":"\u0160aunusis mi\u0161ko ketvertas. Padeda \u012fveikti nam\u0173 ilges\u012f"},"content":{"rendered":"<p>Keturi dr\u0105s\u016bs, linksmi ir suman\u016bs \u017ev\u0117reliai visada pasiruo\u0161\u0119 pad\u0117ti ir atlikti sunkias u\u017eduotis!<\/p>\n<p>Pavyzd\u017eiui, nuraminti ir pralinksminti ma\u017e\u0105j\u012f Vili\u0173. Mat pirm\u0105 dien\u0105 vaik\u0173 dar\u017eelyje berniukui li\u016bdna ir neramu. Jis ilgisi mamos ir nam\u0173! Ta\u010diau \u0160aunusis mi\u0161ko ketvertukas skuba j\u012f paguosti.<\/p>\n<p>Vaikams nuo 4-eri\u0173 met\u0173.<\/p>\n<ul class=\"about-product d-none d-xl-block mt-4\">\n<li><strong>Originalus pavadinimas:<\/strong>\u00a0Die wilden Waldhelden<\/li>\n<li><strong>Autorius:<\/strong>\u00a0Andrea Sch\u00fctze<\/li>\n<li><strong>Leid\u0117jas:<\/strong>\u00a0Presvika<\/li>\n<li><strong>Metai:<\/strong>\u00a02021<\/li>\n<li><strong>Puslapiai:<\/strong>\u00a096<\/li>\n<li class=\"toggleable type-new-formats \"><strong>ISBN:<\/strong>\u00a09786094831669<\/li>\n<li class=\"toggleable type-new-formats \"><strong>Formatas:<\/strong>\u00a017 x 24 x 1 cm, kieti vir\u0161eliai<\/li>\n<li><strong>Kalba:<\/strong>\u00a0Lietuvi\u0173<\/li>\n<li><strong>Vert\u0117jas:<\/strong>\u00a0J\u016brat\u0117 \u017di\u017eyt\u0117<\/li>\n<\/ul>\n","protected":false},"excerpt":{"rendered":"<p>Keturi dr\u0105s\u016bs, linksmi ir suman\u016bs \u017ev\u0117reliai visada pasiruo\u0161\u0119 pad\u0117ti ir atlikti sunkias u\u017eduotis! Pavyzd\u017eiui, nuraminti ir pralinksminti ma\u017e\u0105j\u012f Vili\u0173. Mat pirm\u0105 dien\u0105 vaik\u0173 dar\u017eelyje berniukui li\u016bdna ir neramu. Jis ilgisi mamos ir nam\u0173! Ta\u010diau \u0160aunusis mi\u0161ko ketvertukas skuba j\u012f paguosti. Vaikams nuo 4-eri\u0173 met\u0173. Originalus pavadinimas:\u00a0Die wilden Waldhelden Autorius:\u00a0Andrea Sch\u00fctze Leid\u0117jas:\u00a0Presvika Metai:\u00a02021 Puslapiai:\u00a096 ISBN:\u00a09786094831669 Formatas:\u00a017 x 24 x 1 cm, kieti vir\u0161eliai Kalba:\u00a0Lietuvi\u0173 Vert\u0117jas:\u00a0J\u016brat\u0117 \u017di\u017eyt\u0117<\/p>\n","protected":false},"featured_media":15737,"comment_status":"open","ping_status":"closed","template":"","meta":{"_acf_changed":false,"site-sidebar-layout":"default","site-content-layout":"","ast-site-content-layout":"default","site-content-style":"default","site-sidebar-style":"default","ast-global-header-display":"","ast-banner-title-visibility":"","ast-main-header-display":"","ast-hfb-above-header-display":"","ast-hfb-below-header-display":"","ast-hfb-mobile-header-display":"","site-post-title":"","ast-breadcrumbs-content":"","ast-featured-img":"","footer-sml-layout":"","ast-disable-related-posts":"","theme-transparent-header-meta":"default","adv-header-id-meta":"","stick-header-meta":"","header-above-stick-meta":"","header-main-stick-meta":"","header-below-stick-meta":"","astra-migrate-meta-layouts":"set","ast-page-background-enabled":"default","ast-page-background-meta":{"desktop":{"background-color":"","background-image":"","background-repeat":"repeat","background-position":"center center","background-size":"auto","background-attachment":"scroll","background-type":"","background-media":"","overlay-type":"","overlay-color":"","overlay-opacity":"","overlay-gradient":""},"tablet":{"background-color":"","background-image":"","background-repeat":"repeat","background-position":"center center","background-size":"auto","background-attachment":"scroll","background-type":"","background-media":"","overlay-type":"","overlay-color":"","overlay-opacity":"","overlay-gradient":""},"mobile":{"background-color":"","background-image":"","background-repeat":"repeat","background-position":"center center","background-size":"auto","background-attachment":"scroll","background-type":"","background-media":"","overlay-type":"","overlay-color":"","overlay-opacity":"","overlay-gradient":""}},"ast-content-background-meta":{"desktop":{"background-color":"var(--ast-global-color-4)","background-image":"","background-repeat":"repeat","background-position":"center center","background-size":"auto","background-attachment":"scroll","background-type":"","background-media":"","overlay-type":"","overlay-color":"","overlay-opacity":"","overlay-gradient":""},"tablet":{"background-color":"var(--ast-global-color-4)","background-image":"","background-repeat":"repeat","background-position":"center center","background-size":"auto","background-attachment":"scroll","background-type":"","background-media":"","overlay-type":"","overlay-color":"","overlay-opacity":"","overlay-gradient":""},"mobile":{"background-color":"var(--ast-global-color-4)","background-image":"","background-repeat":"repeat","background-position":"center center","background-size":"auto","background-attachment":"scroll","background-type":"","background-media":"","overlay-type":"","overlay-color":"","overlay-opacity":"","overlay-gradient":""}}},"product_brand":[],"product_cat":[15,35],"product_tag":[],"class_list":{"0":"post-15614","1":"product","2":"type-product","3":"status-publish","4":"has-post-thumbnail","6":"product_cat-uncategorized","7":"product_cat-vaikams-ir-paaugliams","8":"desktop-align-left","9":"tablet-align-left","10":"mobile-align-left","12":"first","13":"instock","14":"shipping-taxable","15":"purchasable","16":"product-type-simple"},"acf":[],"yoast_head":"<!-- This site is optimized with the Yoast SEO plugin v27.0 - https:\/\/yoast.com\/product\/yoast-seo-wordpress\/ -->\n<title>\u0160aunusis mi\u0161ko ketvertas. Padeda \u012fveikti nam\u0173 ilges\u012f<\/title>\n<meta name=\"description\" content=\"Keturi dr\u0105s\u016bs, linksmi ir suman\u016bs \u017ev\u0117reliai visada pasiruo\u0161\u0119 pad\u0117ti ir atlikti sunkias u\u017eduotis! Pavyzd\u017eiui, nuraminti ir pralinksminti ma\u017e\u0105j\u012f Vili\u0173. Mat\" \/>\n<meta name=\"robots\" content=\"index, follow, max-snippet:-1, max-image-preview:large, max-video-preview:-1\" \/>\n<link rel=\"canonical\" href=\"https:\/\/skaitytaknyga.lt\/en\/produktas\/saunusis-misko-ketvertas-padeda-iveikti-namu-ilgesi\/\" \/>\n<meta property=\"og:locale\" content=\"en_GB\" \/>\n<meta property=\"og:locale:alternate\" content=\"lt_LT\" \/>\n<meta property=\"og:type\" content=\"article\" \/>\n<meta property=\"og:title\" content=\"\u0160aunusis mi\u0161ko ketvertas. Padeda \u012fveikti nam\u0173 ilges\u012f\" \/>\n<meta property=\"og:description\" content=\"Keturi dr\u0105s\u016bs, linksmi ir suman\u016bs \u017ev\u0117reliai visada pasiruo\u0161\u0119 pad\u0117ti ir atlikti sunkias u\u017eduotis! Pavyzd\u017eiui, nuraminti ir pralinksminti ma\u017e\u0105j\u012f Vili\u0173. Mat\" \/>\n<meta property=\"og:url\" content=\"https:\/\/skaitytaknyga.lt\/en\/produktas\/saunusis-misko-ketvertas-padeda-iveikti-namu-ilgesi\/\" \/>\n<meta property=\"og:site_name\" content=\"Skaitytaknyga\" \/>\n<meta property=\"article:publisher\" content=\"https:\/\/www.facebook.com\/skaitytaknyga\/\" \/>\n<meta property=\"article:modified_time\" content=\"2024-12-23T07:41:25+00:00\" \/>\n<meta property=\"og:image\" content=\"https:\/\/skaitytaknyga.lt\/wp-content\/uploads\/2024\/12\/Saunusis-misko-ketvertas.-Padeda-iveikti-namu-ilgesi.webp\" \/>\n\t<meta property=\"og:image:width\" content=\"555\" \/>\n\t<meta property=\"og:image:height\" content=\"800\" \/>\n\t<meta property=\"og:image:type\" content=\"image\/webp\" \/>\n<meta name=\"twitter:card\" content=\"summary_large_image\" \/>\n<meta name=\"twitter:label1\" content=\"Estimated reading time\" \/>\n\t<meta name=\"twitter:data1\" content=\"1 minute\" \/>\n<script type=\"application\/ld+json\" class=\"yoast-schema-graph\">{\"@context\":\"https:\/\/schema.org\",\"@graph\":[{\"@type\":\"WebPage\",\"@id\":\"https:\/\/skaitytaknyga.lt\/produktas\/saunusis-misko-ketvertas-padeda-iveikti-namu-ilgesi\/\",\"url\":\"https:\/\/skaitytaknyga.lt\/produktas\/saunusis-misko-ketvertas-padeda-iveikti-namu-ilgesi\/\",\"name\":\"\u0160aunusis mi\u0161ko ketvertas. Padeda \u012fveikti nam\u0173 ilges\u012f\",\"isPartOf\":{\"@id\":\"https:\/\/skaitytaknyga.lt\/#website\"},\"primaryImageOfPage\":{\"@id\":\"https:\/\/skaitytaknyga.lt\/produktas\/saunusis-misko-ketvertas-padeda-iveikti-namu-ilgesi\/#primaryimage\"},\"image\":{\"@id\":\"https:\/\/skaitytaknyga.lt\/produktas\/saunusis-misko-ketvertas-padeda-iveikti-namu-ilgesi\/#primaryimage\"},\"thumbnailUrl\":\"https:\/\/skaitytaknyga.lt\/wp-content\/uploads\/2024\/12\/Saunusis-misko-ketvertas.-Padeda-iveikti-namu-ilgesi.webp\",\"datePublished\":\"2024-12-20T06:09:35+00:00\",\"dateModified\":\"2024-12-23T07:41:25+00:00\",\"description\":\"Keturi dr\u0105s\u016bs, linksmi ir suman\u016bs \u017ev\u0117reliai visada pasiruo\u0161\u0119 pad\u0117ti ir atlikti sunkias u\u017eduotis! Pavyzd\u017eiui, nuraminti ir pralinksminti ma\u017e\u0105j\u012f Vili\u0173. Mat\",\"breadcrumb\":{\"@id\":\"https:\/\/skaitytaknyga.lt\/produktas\/saunusis-misko-ketvertas-padeda-iveikti-namu-ilgesi\/#breadcrumb\"},\"inLanguage\":\"en-GB\",\"potentialAction\":[{\"@type\":\"ReadAction\",\"target\":[\"https:\/\/skaitytaknyga.lt\/produktas\/saunusis-misko-ketvertas-padeda-iveikti-namu-ilgesi\/\"]}]},{\"@type\":\"ImageObject\",\"inLanguage\":\"en-GB\",\"@id\":\"https:\/\/skaitytaknyga.lt\/produktas\/saunusis-misko-ketvertas-padeda-iveikti-namu-ilgesi\/#primaryimage\",\"url\":\"https:\/\/skaitytaknyga.lt\/wp-content\/uploads\/2024\/12\/Saunusis-misko-ketvertas.-Padeda-iveikti-namu-ilgesi.webp\",\"contentUrl\":\"https:\/\/skaitytaknyga.lt\/wp-content\/uploads\/2024\/12\/Saunusis-misko-ketvertas.-Padeda-iveikti-namu-ilgesi.webp\",\"width\":555,\"height\":800,\"caption\":\"\u0160aunusis mi\u0161ko ketvertas. Padeda \u012fveikti nam\u0173 ilges\u012f\"},{\"@type\":\"BreadcrumbList\",\"@id\":\"https:\/\/skaitytaknyga.lt\/produktas\/saunusis-misko-ketvertas-padeda-iveikti-namu-ilgesi\/#breadcrumb\",\"itemListElement\":[{\"@type\":\"ListItem\",\"position\":1,\"name\":\"Home\",\"item\":\"https:\/\/skaitytaknyga.lt\/\"},{\"@type\":\"ListItem\",\"position\":2,\"name\":\"Parduotuv\u0117\",\"item\":\"https:\/\/skaitytaknyga.lt\/knygu-parduotuve\/\"},{\"@type\":\"ListItem\",\"position\":3,\"name\":\"\u0160aunusis mi\u0161ko ketvertas. Padeda \u012fveikti nam\u0173 ilges\u012f\"}]},{\"@type\":\"WebSite\",\"@id\":\"https:\/\/skaitytaknyga.lt\/#website\",\"url\":\"https:\/\/skaitytaknyga.lt\/\",\"name\":\"skaitytaknyga.lt\",\"description\":\"Skaitytaknyga.lt \u2013 tai ma\u017eas \u0161eimos verslas, kuris prasid\u0117jo nuo meil\u0117s knygoms ir siekio i\u0161gelb\u0117ti knygas nuo likimo prie konteinerio. Kas vienam nereikalingas daiktas \u2013 kitam lobis, o mes esame tarpininkai, kurie padeda abiems tapti laimingesniems ???? \u017dinome kaip nelengva i\u0161gyventi ma\u017eiems verslams, tad nuo \u0161iol, \u010dia rasite ir kit\u0173, ma\u017e\u0173 \u0161eim\u0173 versl\u0173, rank\u0173 darbo, dovan\u0173 sau ir artimiesiems.\",\"publisher\":{\"@id\":\"https:\/\/skaitytaknyga.lt\/#organization\"},\"potentialAction\":[{\"@type\":\"SearchAction\",\"target\":{\"@type\":\"EntryPoint\",\"urlTemplate\":\"https:\/\/skaitytaknyga.lt\/?s={search_term_string}\"},\"query-input\":{\"@type\":\"PropertyValueSpecification\",\"valueRequired\":true,\"valueName\":\"search_term_string\"}}],\"inLanguage\":\"en-GB\"},{\"@type\":\"Organization\",\"@id\":\"https:\/\/skaitytaknyga.lt\/#organization\",\"name\":\"skaitytaknyga.lt\",\"url\":\"https:\/\/skaitytaknyga.lt\/\",\"logo\":{\"@type\":\"ImageObject\",\"inLanguage\":\"en-GB\",\"@id\":\"https:\/\/skaitytaknyga.lt\/#\/schema\/logo\/image\/\",\"url\":\"https:\/\/skaitytaknyga.lt\/wp-content\/uploads\/2024\/05\/cropped-cropped-cropped-02_00843_jt3bggkj1j3HLc7SyY6rEUpg.jpeg\",\"contentUrl\":\"https:\/\/skaitytaknyga.lt\/wp-content\/uploads\/2024\/05\/cropped-cropped-cropped-02_00843_jt3bggkj1j3HLc7SyY6rEUpg.jpeg\",\"width\":1600,\"height\":1600,\"caption\":\"skaitytaknyga.lt\"},\"image\":{\"@id\":\"https:\/\/skaitytaknyga.lt\/#\/schema\/logo\/image\/\"},\"sameAs\":[\"https:\/\/www.facebook.com\/skaitytaknyga\/\"]}]}<\/script>\n<!-- \/ Yoast SEO plugin. -->","yoast_head_json":{"title":"\u0160aunusis mi\u0161ko ketvertas. Padeda \u012fveikti nam\u0173 ilges\u012f","description":"Keturi dr\u0105s\u016bs, linksmi ir suman\u016bs \u017ev\u0117reliai visada pasiruo\u0161\u0119 pad\u0117ti ir atlikti sunkias u\u017eduotis! Pavyzd\u017eiui, nuraminti ir pralinksminti ma\u017e\u0105j\u012f Vili\u0173. Mat","robots":{"index":"index","follow":"follow","max-snippet":"max-snippet:-1","max-image-preview":"max-image-preview:large","max-video-preview":"max-video-preview:-1"},"canonical":"https:\/\/skaitytaknyga.lt\/en\/produktas\/saunusis-misko-ketvertas-padeda-iveikti-namu-ilgesi\/","og_locale":"en_GB","og_type":"article","og_title":"[:lt]\u0160aunusis mi\u0161ko ketvertas. Padeda \u012fveikti nam\u0173 ilges\u012f[:] - Skaitytaknyga","og_description":"Keturi dr\u0105s\u016bs, linksmi ir suman\u016bs \u017ev\u0117reliai visada pasiruo\u0161\u0119 pad\u0117ti ir atlikti sunkias u\u017eduotis! Pavyzd\u017eiui, nuraminti ir pralinksminti ma\u017e\u0105j\u012f Vili\u0173. Mat","og_url":"https:\/\/skaitytaknyga.lt\/en\/produktas\/saunusis-misko-ketvertas-padeda-iveikti-namu-ilgesi\/","og_site_name":"Skaitytaknyga","article_publisher":"https:\/\/www.facebook.com\/skaitytaknyga\/","article_modified_time":"2024-12-23T07:41:25+00:00","og_image":[{"width":555,"height":800,"url":"https:\/\/skaitytaknyga.lt\/wp-content\/uploads\/2024\/12\/Saunusis-misko-ketvertas.-Padeda-iveikti-namu-ilgesi.webp","type":"image\/webp"}],"twitter_card":"summary_large_image","twitter_misc":{"Estimated reading time":"1 minute"},"schema":{"@context":"https:\/\/schema.org","@graph":[{"@type":"WebPage","@id":"https:\/\/skaitytaknyga.lt\/produktas\/saunusis-misko-ketvertas-padeda-iveikti-namu-ilgesi\/","url":"https:\/\/skaitytaknyga.lt\/produktas\/saunusis-misko-ketvertas-padeda-iveikti-namu-ilgesi\/","name":"\u0160aunusis mi\u0161ko ketvertas. Padeda \u012fveikti nam\u0173 ilges\u012f","isPartOf":{"@id":"https:\/\/skaitytaknyga.lt\/#website"},"primaryImageOfPage":{"@id":"https:\/\/skaitytaknyga.lt\/produktas\/saunusis-misko-ketvertas-padeda-iveikti-namu-ilgesi\/#primaryimage"},"image":{"@id":"https:\/\/skaitytaknyga.lt\/produktas\/saunusis-misko-ketvertas-padeda-iveikti-namu-ilgesi\/#primaryimage"},"thumbnailUrl":"https:\/\/skaitytaknyga.lt\/wp-content\/uploads\/2024\/12\/Saunusis-misko-ketvertas.-Padeda-iveikti-namu-ilgesi.webp","datePublished":"2024-12-20T06:09:35+00:00","dateModified":"2024-12-23T07:41:25+00:00","description":"Keturi dr\u0105s\u016bs, linksmi ir suman\u016bs \u017ev\u0117reliai visada pasiruo\u0161\u0119 pad\u0117ti ir atlikti sunkias u\u017eduotis! Pavyzd\u017eiui, nuraminti ir pralinksminti ma\u017e\u0105j\u012f Vili\u0173. Mat","breadcrumb":{"@id":"https:\/\/skaitytaknyga.lt\/produktas\/saunusis-misko-ketvertas-padeda-iveikti-namu-ilgesi\/#breadcrumb"},"inLanguage":"en-GB","potentialAction":[{"@type":"ReadAction","target":["https:\/\/skaitytaknyga.lt\/produktas\/saunusis-misko-ketvertas-padeda-iveikti-namu-ilgesi\/"]}]},{"@type":"ImageObject","inLanguage":"en-GB","@id":"https:\/\/skaitytaknyga.lt\/produktas\/saunusis-misko-ketvertas-padeda-iveikti-namu-ilgesi\/#primaryimage","url":"https:\/\/skaitytaknyga.lt\/wp-content\/uploads\/2024\/12\/Saunusis-misko-ketvertas.-Padeda-iveikti-namu-ilgesi.webp","contentUrl":"https:\/\/skaitytaknyga.lt\/wp-content\/uploads\/2024\/12\/Saunusis-misko-ketvertas.-Padeda-iveikti-namu-ilgesi.webp","width":555,"height":800,"caption":"\u0160aunusis mi\u0161ko ketvertas. Padeda \u012fveikti nam\u0173 ilges\u012f"},{"@type":"BreadcrumbList","@id":"https:\/\/skaitytaknyga.lt\/produktas\/saunusis-misko-ketvertas-padeda-iveikti-namu-ilgesi\/#breadcrumb","itemListElement":[{"@type":"ListItem","position":1,"name":"Home","item":"https:\/\/skaitytaknyga.lt\/"},{"@type":"ListItem","position":2,"name":"Parduotuv\u0117","item":"https:\/\/skaitytaknyga.lt\/knygu-parduotuve\/"},{"@type":"ListItem","position":3,"name":"\u0160aunusis mi\u0161ko ketvertas. Padeda \u012fveikti nam\u0173 ilges\u012f"}]},{"@type":"WebSite","@id":"https:\/\/skaitytaknyga.lt\/#website","url":"https:\/\/skaitytaknyga.lt\/","name":"skaitytaknyga.lt","description":"Skaitytaknyga.lt \u2013 tai ma\u017eas \u0161eimos verslas, kuris prasid\u0117jo nuo meil\u0117s knygoms ir siekio i\u0161gelb\u0117ti knygas nuo likimo prie konteinerio. Kas vienam nereikalingas daiktas \u2013 kitam lobis, o mes esame tarpininkai, kurie padeda abiems tapti laimingesniems ???? \u017dinome kaip nelengva i\u0161gyventi ma\u017eiems verslams, tad nuo \u0161iol, \u010dia rasite ir kit\u0173, ma\u017e\u0173 \u0161eim\u0173 versl\u0173, rank\u0173 darbo, dovan\u0173 sau ir artimiesiems.","publisher":{"@id":"https:\/\/skaitytaknyga.lt\/#organization"},"potentialAction":[{"@type":"SearchAction","target":{"@type":"EntryPoint","urlTemplate":"https:\/\/skaitytaknyga.lt\/?s={search_term_string}"},"query-input":{"@type":"PropertyValueSpecification","valueRequired":true,"valueName":"search_term_string"}}],"inLanguage":"en-GB"},{"@type":"Organization","@id":"https:\/\/skaitytaknyga.lt\/#organization","name":"skaitytaknyga.lt","url":"https:\/\/skaitytaknyga.lt\/","logo":{"@type":"ImageObject","inLanguage":"en-GB","@id":"https:\/\/skaitytaknyga.lt\/#\/schema\/logo\/image\/","url":"https:\/\/skaitytaknyga.lt\/wp-content\/uploads\/2024\/05\/cropped-cropped-cropped-02_00843_jt3bggkj1j3HLc7SyY6rEUpg.jpeg","contentUrl":"https:\/\/skaitytaknyga.lt\/wp-content\/uploads\/2024\/05\/cropped-cropped-cropped-02_00843_jt3bggkj1j3HLc7SyY6rEUpg.jpeg","width":1600,"height":1600,"caption":"skaitytaknyga.lt"},"image":{"@id":"https:\/\/skaitytaknyga.lt\/#\/schema\/logo\/image\/"},"sameAs":["https:\/\/www.facebook.com\/skaitytaknyga\/"]}]}},"_links":{"self":[{"href":"https:\/\/skaitytaknyga.lt\/en\/wp-json\/wp\/v2\/product\/15614","targetHints":{"allow":["GET"]}}],"collection":[{"href":"https:\/\/skaitytaknyga.lt\/en\/wp-json\/wp\/v2\/product"}],"about":[{"href":"https:\/\/skaitytaknyga.lt\/en\/wp-json\/wp\/v2\/types\/product"}],"replies":[{"embeddable":true,"href":"https:\/\/skaitytaknyga.lt\/en\/wp-json\/wp\/v2\/comments?post=15614"}],"wp:featuredmedia":[{"embeddable":true,"href":"https:\/\/skaitytaknyga.lt\/en\/wp-json\/wp\/v2\/media\/15737"}],"wp:attachment":[{"href":"https:\/\/skaitytaknyga.lt\/en\/wp-json\/wp\/v2\/media?parent=15614"}],"wp:term":[{"taxonomy":"product_brand","embeddable":true,"href":"https:\/\/skaitytaknyga.lt\/en\/wp-json\/wp\/v2\/product_brand?post=15614"},{"taxonomy":"product_cat","embeddable":true,"href":"https:\/\/skaitytaknyga.lt\/en\/wp-json\/wp\/v2\/product_cat?post=15614"},{"taxonomy":"product_tag","embeddable":true,"href":"https:\/\/skaitytaknyga.lt\/en\/wp-json\/wp\/v2\/product_tag?post=15614"}],"curies":[{"name":"wp","href":"https:\/\/api.w.org\/{rel}","templated":true}]}}