{"id":15604,"date":"2024-12-19T14:54:59","date_gmt":"2024-12-19T12:54:59","guid":{"rendered":"https:\/\/skaitytaknyga.lt\/?post_type=product&#038;p=15604"},"modified":"2025-06-11T11:12:21","modified_gmt":"2025-06-11T08:12:21","slug":"pelkinukas","status":"publish","type":"product","link":"https:\/\/skaitytaknyga.lt\/en\/produktas\/pelkinukas\/","title":{"rendered":"Pelkinukas"},"content":{"rendered":"<p>Kiek pana\u0161\u016bs \u012f mus turi b\u016bti \u017emon\u0117s, kad gal\u0117tume juos myl\u0117ti?<br \/>\nBorio \u0161eima pasakyt\u0173, kad \u0161is klausimas visai nesvarbus. Svarbiausia yra pati meil\u0117.<br \/>\nT\u0117vai Bor\u012f vos gimus\u012f rado pelk\u0117je, ma\u017eylio akys didel\u0117s, o \u017evynai blizga saul\u0117je.<br \/>\nIr jis yra labai mylimas s\u016bnus.<\/p>\n<p>Ta\u010diau vien\u0105 dien\u0105 Boris pajunta pelk\u0117s \u0161auksm\u0105 \u2013 galb\u016bt jo tikrieji namai yra ten, o ne \u010dia?<\/p>\n<p>Boris \u2013 toks kaip ir kiti vaikai: va\u017ein\u0117jasi dvira\u010diu, eina \u012f mokykl\u0105 ir karstosi po med\u017eius. Na ir kas, kad turi \u017eiaunas ir \u017evynus, o t\u0117vai j\u012f dar visai ma\u017eyt\u012f rado pelk\u0117je. Bor\u012f visa \u0161eima labai myli nepaisydami joki\u0173 nereik\u0161ming\u0173 skirtum\u0173. Ta\u010diau kart\u0105 v\u0117l u\u017euod\u0119s s\u016br\u0173 gimtosios pelk\u0117s kvap\u0105 ma\u017eylis ima abejoti, ar jo vieta \u2013 tarp kit\u0173 \u017emoni\u0173. Boris i\u0161keliauja atgal \u012f pelk\u0119, ie\u0161kodamas atsakymo \u012f klausim\u0105, kas jis toks ir kur jo tikrieji namai. Eleganti\u0161ka ir jautri istorija paskatins tiek ma\u017euosius, tiek suaugusius skaitytojus susim\u0105styti apie \u0161eimos svarb\u0105 ir bes\u0105lygi\u0161kos meil\u0117s j\u0117g\u0105.<\/p>\n<p>\u0160veicar\u0173 kilm\u0117s ital\u0173 ra\u0161ytojas\u00a0<strong>Davide&#8217;as Cal\u00ec<\/strong>\u00a0suk\u016br\u0117 daugyb\u0119 paveiksl\u0117li\u0173 knyg\u0173 vaikams ir grafini\u0173 roman\u0173 jaunimui. Jo k\u016briniai leid\u017eiami dvide\u0161imt penkiose pasaulio \u0161alyse. Knyg\u0105 meni\u0161kai ir subtiliai iliustravo \u017eymus ital\u0173 dailininkas Marco Som\u00e0.<\/p>\n<p>Skirta 5-8 met\u0173 vaikams.<\/p>\n<ul class=\"about-product d-none d-xl-block mt-4\">\n<li><strong>Originalus pavadinimas:<\/strong>\u00a0IL RICHIAMO DELLA PALUDE<\/li>\n<li><strong>Autorius:<\/strong>\u00a0Davide Cali<\/li>\n<li><strong>Leid\u0117jas:<\/strong>\u00a0Nieko rimto<\/li>\n<li><strong>Metai:<\/strong>\u00a02020<\/li>\n<li><strong>Puslapiai:<\/strong>\u00a026<\/li>\n<li class=\"toggleable type-new-formats \"><strong>ISBN:<\/strong>\u00a09786094416798<\/li>\n<li><strong>Versijos kodas:<\/strong>\u00a0PT.<\/li>\n<li class=\"toggleable type-new-formats \"><strong>Formatas:<\/strong>\u00a017,4 x 24,6 x 0,7 cm, kieti vir\u0161eliai<\/li>\n<li><strong>Kalba:<\/strong>\u00a0Lietuvi\u0173<\/li>\n<li><strong>Vert\u0117jas:<\/strong>\u00a0Laura Vilkait\u0117<\/li>\n<\/ul>\n","protected":false},"excerpt":{"rendered":"<p>Kiek pana\u0161\u016bs \u012f mus turi b\u016bti \u017emon\u0117s, kad gal\u0117tume juos myl\u0117ti? Borio \u0161eima pasakyt\u0173, kad \u0161is klausimas visai nesvarbus. Svarbiausia yra pati meil\u0117. T\u0117vai Bor\u012f vos gimus\u012f rado pelk\u0117je, ma\u017eylio akys didel\u0117s, o \u017evynai blizga saul\u0117je. Ir jis yra labai mylimas s\u016bnus. Ta\u010diau vien\u0105 dien\u0105 Boris pajunta pelk\u0117s \u0161auksm\u0105 \u2013 galb\u016bt jo tikrieji namai yra ten, o ne \u010dia? Boris \u2013 toks kaip ir kiti vaikai: va\u017ein\u0117jasi dvira\u010diu, eina \u012f mokykl\u0105 ir karstosi po med\u017eius. Na ir kas, kad turi \u017eiaunas ir \u017evynus, o t\u0117vai j\u012f dar visai ma\u017eyt\u012f rado pelk\u0117je. Bor\u012f visa \u0161eima labai myli nepaisydami joki\u0173 nereik\u0161ming\u0173 skirtum\u0173. Ta\u010diau kart\u0105 v\u0117l u\u017euod\u0119s s\u016br\u0173 gimtosios pelk\u0117s kvap\u0105 ma\u017eylis ima abejoti, ar jo vieta \u2013 tarp kit\u0173 \u017emoni\u0173. Boris i\u0161keliauja atgal \u012f pelk\u0119, ie\u0161kodamas atsakymo \u012f klausim\u0105, kas jis toks ir kur jo tikrieji namai. Eleganti\u0161ka ir jautri istorija paskatins tiek ma\u017euosius, tiek suaugusius skaitytojus susim\u0105styti apie \u0161eimos svarb\u0105 ir bes\u0105lygi\u0161kos meil\u0117s j\u0117g\u0105. \u0160veicar\u0173 kilm\u0117s ital\u0173 ra\u0161ytojas\u00a0Davide&#8217;as Cal\u00ec\u00a0suk\u016br\u0117 daugyb\u0119 paveiksl\u0117li\u0173 knyg\u0173 vaikams ir grafini\u0173 roman\u0173 jaunimui. Jo k\u016briniai leid\u017eiami dvide\u0161imt penkiose pasaulio \u0161alyse. Knyg\u0105 meni\u0161kai ir subtiliai iliustravo \u017eymus ital\u0173 dailininkas Marco Som\u00e0. Skirta 5-8 met\u0173 vaikams. Originalus pavadinimas:\u00a0IL RICHIAMO DELLA PALUDE Autorius:\u00a0Davide Cali Leid\u0117jas:\u00a0Nieko rimto Metai:\u00a02020 Puslapiai:\u00a026 ISBN:\u00a09786094416798 Versijos kodas:\u00a0PT. Formatas:\u00a017,4 x 24,6 x 0,7 cm, kieti vir\u0161eliai Kalba:\u00a0Lietuvi\u0173 Vert\u0117jas:\u00a0Laura Vilkait\u0117<\/p>\n","protected":false},"featured_media":15612,"comment_status":"open","ping_status":"closed","template":"","meta":{"_acf_changed":false,"site-sidebar-layout":"default","site-content-layout":"","ast-site-content-layout":"default","site-content-style":"default","site-sidebar-style":"default","ast-global-header-display":"","ast-banner-title-visibility":"","ast-main-header-display":"","ast-hfb-above-header-display":"","ast-hfb-below-header-display":"","ast-hfb-mobile-header-display":"","site-post-title":"","ast-breadcrumbs-content":"","ast-featured-img":"","footer-sml-layout":"","ast-disable-related-posts":"","theme-transparent-header-meta":"default","adv-header-id-meta":"","stick-header-meta":"","header-above-stick-meta":"","header-main-stick-meta":"","header-below-stick-meta":"","astra-migrate-meta-layouts":"set","ast-page-background-enabled":"default","ast-page-background-meta":{"desktop":{"background-color":"","background-image":"","background-repeat":"repeat","background-position":"center center","background-size":"auto","background-attachment":"scroll","background-type":"","background-media":"","overlay-type":"","overlay-color":"","overlay-opacity":"","overlay-gradient":""},"tablet":{"background-color":"","background-image":"","background-repeat":"repeat","background-position":"center center","background-size":"auto","background-attachment":"scroll","background-type":"","background-media":"","overlay-type":"","overlay-color":"","overlay-opacity":"","overlay-gradient":""},"mobile":{"background-color":"","background-image":"","background-repeat":"repeat","background-position":"center center","background-size":"auto","background-attachment":"scroll","background-type":"","background-media":"","overlay-type":"","overlay-color":"","overlay-opacity":"","overlay-gradient":""}},"ast-content-background-meta":{"desktop":{"background-color":"var(--ast-global-color-4)","background-image":"","background-repeat":"repeat","background-position":"center center","background-size":"auto","background-attachment":"scroll","background-type":"","background-media":"","overlay-type":"","overlay-color":"","overlay-opacity":"","overlay-gradient":""},"tablet":{"background-color":"var(--ast-global-color-4)","background-image":"","background-repeat":"repeat","background-position":"center center","background-size":"auto","background-attachment":"scroll","background-type":"","background-media":"","overlay-type":"","overlay-color":"","overlay-opacity":"","overlay-gradient":""},"mobile":{"background-color":"var(--ast-global-color-4)","background-image":"","background-repeat":"repeat","background-position":"center center","background-size":"auto","background-attachment":"scroll","background-type":"","background-media":"","overlay-type":"","overlay-color":"","overlay-opacity":"","overlay-gradient":""}}},"product_brand":[],"product_cat":[15,35],"product_tag":[5016,1796,4367,5015,1646,1479,1785],"class_list":{"0":"post-15604","1":"product","2":"type-product","3":"status-publish","4":"has-post-thumbnail","6":"product_cat-uncategorized","7":"product_cat-vaikams-ir-paaugliams","8":"product_tag-davide-cali","9":"product_tag-meile","10":"product_tag-paveiksleliu-knygos","11":"product_tag-pelke","12":"product_tag-seima","13":"product_tag-tapatybe","14":"product_tag-vaikams","15":"desktop-align-left","16":"tablet-align-left","17":"mobile-align-left","19":"first","20":"instock","21":"shipping-taxable","22":"purchasable","23":"product-type-simple"},"acf":[],"yoast_head":"<!-- This site is optimized with the Yoast SEO plugin v27.0 - https:\/\/yoast.com\/product\/yoast-seo-wordpress\/ -->\n<title>Pelkinukas<\/title>\n<meta name=\"description\" content=\"Kiek pana\u0161\u016bs \u012f mus turi b\u016bti \u017emon\u0117s, kad gal\u0117tume juos myl\u0117ti? Borio \u0161eima pasakyt\u0173, kad \u0161is klausimas visai nesvarbus. Svarbiausia yra pati meil\u0117. T\u0117vai\" \/>\n<meta name=\"robots\" content=\"index, follow, max-snippet:-1, max-image-preview:large, max-video-preview:-1\" \/>\n<link rel=\"canonical\" href=\"https:\/\/skaitytaknyga.lt\/en\/produktas\/pelkinukas\/\" \/>\n<meta property=\"og:locale\" content=\"en_GB\" \/>\n<meta property=\"og:locale:alternate\" content=\"lt_LT\" \/>\n<meta property=\"og:type\" content=\"article\" \/>\n<meta property=\"og:title\" content=\"Pelkinukas\" \/>\n<meta property=\"og:description\" content=\"Kiek pana\u0161\u016bs \u012f mus turi b\u016bti \u017emon\u0117s, kad gal\u0117tume juos myl\u0117ti? Borio \u0161eima pasakyt\u0173, kad \u0161is klausimas visai nesvarbus. Svarbiausia yra pati meil\u0117. T\u0117vai\" \/>\n<meta property=\"og:url\" content=\"https:\/\/skaitytaknyga.lt\/en\/produktas\/pelkinukas\/\" \/>\n<meta property=\"og:site_name\" content=\"Skaitytaknyga\" \/>\n<meta property=\"article:publisher\" content=\"https:\/\/www.facebook.com\/skaitytaknyga\/\" \/>\n<meta property=\"article:modified_time\" content=\"2025-06-11T08:12:21+00:00\" \/>\n<meta property=\"og:image\" content=\"https:\/\/skaitytaknyga.lt\/wp-content\/uploads\/2024\/12\/Pelkinukas.webp\" \/>\n\t<meta property=\"og:image:width\" content=\"556\" \/>\n\t<meta property=\"og:image:height\" content=\"800\" \/>\n\t<meta property=\"og:image:type\" content=\"image\/webp\" \/>\n<meta name=\"twitter:card\" content=\"summary_large_image\" \/>\n<meta name=\"twitter:label1\" content=\"Estimated reading time\" \/>\n\t<meta name=\"twitter:data1\" content=\"2 minutes\" \/>\n<script type=\"application\/ld+json\" class=\"yoast-schema-graph\">{\"@context\":\"https:\/\/schema.org\",\"@graph\":[{\"@type\":\"WebPage\",\"@id\":\"https:\/\/skaitytaknyga.lt\/produktas\/pelkinukas\/\",\"url\":\"https:\/\/skaitytaknyga.lt\/produktas\/pelkinukas\/\",\"name\":\"Pelkinukas\",\"isPartOf\":{\"@id\":\"https:\/\/skaitytaknyga.lt\/#website\"},\"primaryImageOfPage\":{\"@id\":\"https:\/\/skaitytaknyga.lt\/produktas\/pelkinukas\/#primaryimage\"},\"image\":{\"@id\":\"https:\/\/skaitytaknyga.lt\/produktas\/pelkinukas\/#primaryimage\"},\"thumbnailUrl\":\"https:\/\/skaitytaknyga.lt\/wp-content\/uploads\/2024\/12\/Pelkinukas.webp\",\"datePublished\":\"2024-12-19T12:54:59+00:00\",\"dateModified\":\"2025-06-11T08:12:21+00:00\",\"description\":\"Kiek pana\u0161\u016bs \u012f mus turi b\u016bti \u017emon\u0117s, kad gal\u0117tume juos myl\u0117ti? Borio \u0161eima pasakyt\u0173, kad \u0161is klausimas visai nesvarbus. Svarbiausia yra pati meil\u0117. T\u0117vai\",\"breadcrumb\":{\"@id\":\"https:\/\/skaitytaknyga.lt\/produktas\/pelkinukas\/#breadcrumb\"},\"inLanguage\":\"en-GB\",\"potentialAction\":[{\"@type\":\"ReadAction\",\"target\":[\"https:\/\/skaitytaknyga.lt\/produktas\/pelkinukas\/\"]}]},{\"@type\":\"ImageObject\",\"inLanguage\":\"en-GB\",\"@id\":\"https:\/\/skaitytaknyga.lt\/produktas\/pelkinukas\/#primaryimage\",\"url\":\"https:\/\/skaitytaknyga.lt\/wp-content\/uploads\/2024\/12\/Pelkinukas.webp\",\"contentUrl\":\"https:\/\/skaitytaknyga.lt\/wp-content\/uploads\/2024\/12\/Pelkinukas.webp\",\"width\":556,\"height\":800,\"caption\":\"Pelkinukas\"},{\"@type\":\"BreadcrumbList\",\"@id\":\"https:\/\/skaitytaknyga.lt\/produktas\/pelkinukas\/#breadcrumb\",\"itemListElement\":[{\"@type\":\"ListItem\",\"position\":1,\"name\":\"Home\",\"item\":\"https:\/\/skaitytaknyga.lt\/\"},{\"@type\":\"ListItem\",\"position\":2,\"name\":\"Parduotuv\u0117\",\"item\":\"https:\/\/skaitytaknyga.lt\/knygu-parduotuve\/\"},{\"@type\":\"ListItem\",\"position\":3,\"name\":\"Pelkinukas\"}]},{\"@type\":\"WebSite\",\"@id\":\"https:\/\/skaitytaknyga.lt\/#website\",\"url\":\"https:\/\/skaitytaknyga.lt\/\",\"name\":\"skaitytaknyga.lt\",\"description\":\"Skaitytaknyga.lt \u2013 tai ma\u017eas \u0161eimos verslas, kuris prasid\u0117jo nuo meil\u0117s knygoms ir siekio i\u0161gelb\u0117ti knygas nuo likimo prie konteinerio. Kas vienam nereikalingas daiktas \u2013 kitam lobis, o mes esame tarpininkai, kurie padeda abiems tapti laimingesniems ???? \u017dinome kaip nelengva i\u0161gyventi ma\u017eiems verslams, tad nuo \u0161iol, \u010dia rasite ir kit\u0173, ma\u017e\u0173 \u0161eim\u0173 versl\u0173, rank\u0173 darbo, dovan\u0173 sau ir artimiesiems.\",\"publisher\":{\"@id\":\"https:\/\/skaitytaknyga.lt\/#organization\"},\"potentialAction\":[{\"@type\":\"SearchAction\",\"target\":{\"@type\":\"EntryPoint\",\"urlTemplate\":\"https:\/\/skaitytaknyga.lt\/?s={search_term_string}\"},\"query-input\":{\"@type\":\"PropertyValueSpecification\",\"valueRequired\":true,\"valueName\":\"search_term_string\"}}],\"inLanguage\":\"en-GB\"},{\"@type\":\"Organization\",\"@id\":\"https:\/\/skaitytaknyga.lt\/#organization\",\"name\":\"skaitytaknyga.lt\",\"url\":\"https:\/\/skaitytaknyga.lt\/\",\"logo\":{\"@type\":\"ImageObject\",\"inLanguage\":\"en-GB\",\"@id\":\"https:\/\/skaitytaknyga.lt\/#\/schema\/logo\/image\/\",\"url\":\"https:\/\/skaitytaknyga.lt\/wp-content\/uploads\/2024\/05\/cropped-cropped-cropped-02_00843_jt3bggkj1j3HLc7SyY6rEUpg.jpeg\",\"contentUrl\":\"https:\/\/skaitytaknyga.lt\/wp-content\/uploads\/2024\/05\/cropped-cropped-cropped-02_00843_jt3bggkj1j3HLc7SyY6rEUpg.jpeg\",\"width\":1600,\"height\":1600,\"caption\":\"skaitytaknyga.lt\"},\"image\":{\"@id\":\"https:\/\/skaitytaknyga.lt\/#\/schema\/logo\/image\/\"},\"sameAs\":[\"https:\/\/www.facebook.com\/skaitytaknyga\/\"]}]}<\/script>\n<!-- \/ Yoast SEO plugin. -->","yoast_head_json":{"title":"Pelkinukas","description":"Kiek pana\u0161\u016bs \u012f mus turi b\u016bti \u017emon\u0117s, kad gal\u0117tume juos myl\u0117ti? Borio \u0161eima pasakyt\u0173, kad \u0161is klausimas visai nesvarbus. Svarbiausia yra pati meil\u0117. T\u0117vai","robots":{"index":"index","follow":"follow","max-snippet":"max-snippet:-1","max-image-preview":"max-image-preview:large","max-video-preview":"max-video-preview:-1"},"canonical":"https:\/\/skaitytaknyga.lt\/en\/produktas\/pelkinukas\/","og_locale":"en_GB","og_type":"article","og_title":"[:lt]Pelkinukas[:] - Skaitytaknyga","og_description":"Kiek pana\u0161\u016bs \u012f mus turi b\u016bti \u017emon\u0117s, kad gal\u0117tume juos myl\u0117ti? Borio \u0161eima pasakyt\u0173, kad \u0161is klausimas visai nesvarbus. Svarbiausia yra pati meil\u0117. T\u0117vai","og_url":"https:\/\/skaitytaknyga.lt\/en\/produktas\/pelkinukas\/","og_site_name":"Skaitytaknyga","article_publisher":"https:\/\/www.facebook.com\/skaitytaknyga\/","article_modified_time":"2025-06-11T08:12:21+00:00","og_image":[{"width":556,"height":800,"url":"https:\/\/skaitytaknyga.lt\/wp-content\/uploads\/2024\/12\/Pelkinukas.webp","type":"image\/webp"}],"twitter_card":"summary_large_image","twitter_misc":{"Estimated reading time":"2 minutes"},"schema":{"@context":"https:\/\/schema.org","@graph":[{"@type":"WebPage","@id":"https:\/\/skaitytaknyga.lt\/produktas\/pelkinukas\/","url":"https:\/\/skaitytaknyga.lt\/produktas\/pelkinukas\/","name":"Pelkinukas","isPartOf":{"@id":"https:\/\/skaitytaknyga.lt\/#website"},"primaryImageOfPage":{"@id":"https:\/\/skaitytaknyga.lt\/produktas\/pelkinukas\/#primaryimage"},"image":{"@id":"https:\/\/skaitytaknyga.lt\/produktas\/pelkinukas\/#primaryimage"},"thumbnailUrl":"https:\/\/skaitytaknyga.lt\/wp-content\/uploads\/2024\/12\/Pelkinukas.webp","datePublished":"2024-12-19T12:54:59+00:00","dateModified":"2025-06-11T08:12:21+00:00","description":"Kiek pana\u0161\u016bs \u012f mus turi b\u016bti \u017emon\u0117s, kad gal\u0117tume juos myl\u0117ti? Borio \u0161eima pasakyt\u0173, kad \u0161is klausimas visai nesvarbus. Svarbiausia yra pati meil\u0117. T\u0117vai","breadcrumb":{"@id":"https:\/\/skaitytaknyga.lt\/produktas\/pelkinukas\/#breadcrumb"},"inLanguage":"en-GB","potentialAction":[{"@type":"ReadAction","target":["https:\/\/skaitytaknyga.lt\/produktas\/pelkinukas\/"]}]},{"@type":"ImageObject","inLanguage":"en-GB","@id":"https:\/\/skaitytaknyga.lt\/produktas\/pelkinukas\/#primaryimage","url":"https:\/\/skaitytaknyga.lt\/wp-content\/uploads\/2024\/12\/Pelkinukas.webp","contentUrl":"https:\/\/skaitytaknyga.lt\/wp-content\/uploads\/2024\/12\/Pelkinukas.webp","width":556,"height":800,"caption":"Pelkinukas"},{"@type":"BreadcrumbList","@id":"https:\/\/skaitytaknyga.lt\/produktas\/pelkinukas\/#breadcrumb","itemListElement":[{"@type":"ListItem","position":1,"name":"Home","item":"https:\/\/skaitytaknyga.lt\/"},{"@type":"ListItem","position":2,"name":"Parduotuv\u0117","item":"https:\/\/skaitytaknyga.lt\/knygu-parduotuve\/"},{"@type":"ListItem","position":3,"name":"Pelkinukas"}]},{"@type":"WebSite","@id":"https:\/\/skaitytaknyga.lt\/#website","url":"https:\/\/skaitytaknyga.lt\/","name":"skaitytaknyga.lt","description":"Skaitytaknyga.lt \u2013 tai ma\u017eas \u0161eimos verslas, kuris prasid\u0117jo nuo meil\u0117s knygoms ir siekio i\u0161gelb\u0117ti knygas nuo likimo prie konteinerio. Kas vienam nereikalingas daiktas \u2013 kitam lobis, o mes esame tarpininkai, kurie padeda abiems tapti laimingesniems ???? \u017dinome kaip nelengva i\u0161gyventi ma\u017eiems verslams, tad nuo \u0161iol, \u010dia rasite ir kit\u0173, ma\u017e\u0173 \u0161eim\u0173 versl\u0173, rank\u0173 darbo, dovan\u0173 sau ir artimiesiems.","publisher":{"@id":"https:\/\/skaitytaknyga.lt\/#organization"},"potentialAction":[{"@type":"SearchAction","target":{"@type":"EntryPoint","urlTemplate":"https:\/\/skaitytaknyga.lt\/?s={search_term_string}"},"query-input":{"@type":"PropertyValueSpecification","valueRequired":true,"valueName":"search_term_string"}}],"inLanguage":"en-GB"},{"@type":"Organization","@id":"https:\/\/skaitytaknyga.lt\/#organization","name":"skaitytaknyga.lt","url":"https:\/\/skaitytaknyga.lt\/","logo":{"@type":"ImageObject","inLanguage":"en-GB","@id":"https:\/\/skaitytaknyga.lt\/#\/schema\/logo\/image\/","url":"https:\/\/skaitytaknyga.lt\/wp-content\/uploads\/2024\/05\/cropped-cropped-cropped-02_00843_jt3bggkj1j3HLc7SyY6rEUpg.jpeg","contentUrl":"https:\/\/skaitytaknyga.lt\/wp-content\/uploads\/2024\/05\/cropped-cropped-cropped-02_00843_jt3bggkj1j3HLc7SyY6rEUpg.jpeg","width":1600,"height":1600,"caption":"skaitytaknyga.lt"},"image":{"@id":"https:\/\/skaitytaknyga.lt\/#\/schema\/logo\/image\/"},"sameAs":["https:\/\/www.facebook.com\/skaitytaknyga\/"]}]}},"_links":{"self":[{"href":"https:\/\/skaitytaknyga.lt\/en\/wp-json\/wp\/v2\/product\/15604","targetHints":{"allow":["GET"]}}],"collection":[{"href":"https:\/\/skaitytaknyga.lt\/en\/wp-json\/wp\/v2\/product"}],"about":[{"href":"https:\/\/skaitytaknyga.lt\/en\/wp-json\/wp\/v2\/types\/product"}],"replies":[{"embeddable":true,"href":"https:\/\/skaitytaknyga.lt\/en\/wp-json\/wp\/v2\/comments?post=15604"}],"wp:featuredmedia":[{"embeddable":true,"href":"https:\/\/skaitytaknyga.lt\/en\/wp-json\/wp\/v2\/media\/15612"}],"wp:attachment":[{"href":"https:\/\/skaitytaknyga.lt\/en\/wp-json\/wp\/v2\/media?parent=15604"}],"wp:term":[{"taxonomy":"product_brand","embeddable":true,"href":"https:\/\/skaitytaknyga.lt\/en\/wp-json\/wp\/v2\/product_brand?post=15604"},{"taxonomy":"product_cat","embeddable":true,"href":"https:\/\/skaitytaknyga.lt\/en\/wp-json\/wp\/v2\/product_cat?post=15604"},{"taxonomy":"product_tag","embeddable":true,"href":"https:\/\/skaitytaknyga.lt\/en\/wp-json\/wp\/v2\/product_tag?post=15604"}],"curies":[{"name":"wp","href":"https:\/\/api.w.org\/{rel}","templated":true}]}}