{"id":15603,"date":"2024-12-19T14:37:14","date_gmt":"2024-12-19T12:37:14","guid":{"rendered":"https:\/\/skaitytaknyga.lt\/?post_type=product&#038;p=15603"},"modified":"2024-12-23T09:58:11","modified_gmt":"2024-12-23T07:58:11","slug":"slykstukas","status":"publish","type":"product","link":"https:\/\/skaitytaknyga.lt\/en\/produktas\/slykstukas\/","title":{"rendered":"\u0160lyk\u0161tukas"},"content":{"rendered":"<p>David Walliams (Deividas Valjamsas) \u2013 brit\u0173 ra\u0161ytojas, d\u0117l kurio juoking\u0173 ir \u012fdomi\u0173 knyg\u0173 visi Jungtin\u0117s Karalyst\u0117s vaikai eina i\u0161 proto. Jis \u0161iuo metu \u2013 pats m\u0117gstamiausias vaik\u0173 ra\u0161ytojas pasaulyje!<\/p>\n<p>Jei nori su\u017einoti, kaip, kur ir kada atsirado tie rankose smagiai t\u012fstantys \u0160LYK\u0160TUKAI, d\u0117l kuri\u0173 viso pasaulio vaikai eina i\u0161 proto, dr\u0105siai \u010diupk \u0161i\u0105 knyg\u0105.<\/p>\n<p>Sveiki atvyk\u0119 \u012f MUL\u010cIO SAL\u0104! Sala nedidel\u0117, bet joje gyvena daugyb\u0117 bjauri\u0173 suaugusi\u0173j\u0173\u00b8 kurie gadina gyvenim\u0105 visiems salos vaikams. Mokykl\u0105, park\u0105, \u017eaisl\u0173 parduotuv\u0119 ir net vienintel\u012f saloje led\u0173 furgon\u0105 valdo \u0161ie siaub\u016bnai. O sala priklauso pa\u010diai blogiausiai \u2013 Gretai Gob\u0161ei. Ji neken\u010dia vaik\u0173 labiau nei kas kitas, o ypa\u010d savo s\u016bn\u0117no Nedo. NEDAS \u2013 gudrus ir pa\u0161\u0117l\u0119s vienuolikmetis. Jis nuo ma\u017eens negali vaik\u0161\u010dioti, tod\u0117l laksto po vis\u0105 Mul\u010dio sal\u0105 ve\u017eim\u0117lyje su ratukais. O \u0161i istorija prasideda tuomet, kai savo gimtadienio i\u0161vakar\u0117se Nedas netik\u0117tai sukuria mil\u017eini\u0161k\u0105 gleiv\u0117t\u0105 padar\u0105 \u2013 \u0160LYK\u0160TUK\u0104! \u0160lyk\u0161tukas ne tik kalba, bet ir turi galios tapti bet kuo: skraidan\u010dia l\u0117k\u0161te, did\u017eiule mink\u0161t\u0173 led\u0173 porcija, mil\u017eini\u0161ku kamuoliu, tramplinu, motociklu, j\u016bros pabaisa ar net reaktyvine kuprine&#8230; O svarbiausia, jis pa\u017eada i\u0161pildyti begal\u0119 berniuko nor\u0173! PAGALIAU Nedas gal\u0117s atsilyginti ir i\u0161kr\u0117sti smagi\u0173 \u0161unybi\u0173 salos piktadariams! Kovoti ne tik d\u0117l sav\u0119s, bet ir d\u0117l vis\u0173 vaik\u0173!<\/p>\n<p>I\u0161mu\u0161\u0117 ker\u0161to valanda&#8230; Tad PIRMYN!<\/p>\n<ul class=\"about-product d-none d-xl-block mt-4\">\n<li><strong>Originalus pavadinimas:<\/strong>\u00a0SLIME<\/li>\n<li><strong>Autorius:<\/strong>\u00a0David Walliams<\/li>\n<li><strong>Leid\u0117jas:<\/strong>\u00a0Tyto alba<\/li>\n<li><strong>Metai:<\/strong>\u00a02021<\/li>\n<li><strong>Puslapiai:<\/strong>\u00a0320<\/li>\n<li class=\"toggleable type-new-formats \"><strong>ISBN:<\/strong>\u00a09786094665592<\/li>\n<li><strong>Versijos kodas:<\/strong>\u00a0PT.<\/li>\n<li class=\"toggleable type-new-formats \"><strong>Formatas:<\/strong>\u00a013,5 x 21 x 3 cm, kieti vir\u0161eliai<\/li>\n<li><strong>Kalba:<\/strong>\u00a0Lietuvi\u0173<\/li>\n<li><strong>Vert\u0117jas:<\/strong>\u00a0Gediminas Au\u0161kalnis<\/li>\n<\/ul>\n","protected":false},"excerpt":{"rendered":"<p>David Walliams (Deividas Valjamsas) \u2013 brit\u0173 ra\u0161ytojas, d\u0117l kurio juoking\u0173 ir \u012fdomi\u0173 knyg\u0173 visi Jungtin\u0117s Karalyst\u0117s vaikai eina i\u0161 proto. Jis \u0161iuo metu \u2013 pats m\u0117gstamiausias vaik\u0173 ra\u0161ytojas pasaulyje! Jei nori su\u017einoti, kaip, kur ir kada atsirado tie rankose smagiai t\u012fstantys \u0160LYK\u0160TUKAI, d\u0117l kuri\u0173 viso pasaulio vaikai eina i\u0161 proto, dr\u0105siai \u010diupk \u0161i\u0105 knyg\u0105. Sveiki atvyk\u0119 \u012f MUL\u010cIO SAL\u0104! Sala nedidel\u0117, bet joje gyvena daugyb\u0117 bjauri\u0173 suaugusi\u0173j\u0173\u00b8 kurie gadina gyvenim\u0105 visiems salos vaikams. Mokykl\u0105, park\u0105, \u017eaisl\u0173 parduotuv\u0119 ir net vienintel\u012f saloje led\u0173 furgon\u0105 valdo \u0161ie siaub\u016bnai. O sala priklauso pa\u010diai blogiausiai \u2013 Gretai Gob\u0161ei. Ji neken\u010dia vaik\u0173 labiau nei kas kitas, o ypa\u010d savo s\u016bn\u0117no Nedo. NEDAS \u2013 gudrus ir pa\u0161\u0117l\u0119s vienuolikmetis. Jis nuo ma\u017eens negali vaik\u0161\u010dioti, tod\u0117l laksto po vis\u0105 Mul\u010dio sal\u0105 ve\u017eim\u0117lyje su ratukais. O \u0161i istorija prasideda tuomet, kai savo gimtadienio i\u0161vakar\u0117se Nedas netik\u0117tai sukuria mil\u017eini\u0161k\u0105 gleiv\u0117t\u0105 padar\u0105 \u2013 \u0160LYK\u0160TUK\u0104! \u0160lyk\u0161tukas ne tik kalba, bet ir turi galios tapti bet kuo: skraidan\u010dia l\u0117k\u0161te, did\u017eiule mink\u0161t\u0173 led\u0173 porcija, mil\u017eini\u0161ku kamuoliu, tramplinu, motociklu, j\u016bros pabaisa ar net reaktyvine kuprine&#8230; O svarbiausia, jis pa\u017eada i\u0161pildyti begal\u0119 berniuko nor\u0173! PAGALIAU Nedas gal\u0117s atsilyginti ir i\u0161kr\u0117sti smagi\u0173 \u0161unybi\u0173 salos piktadariams! Kovoti ne tik d\u0117l sav\u0119s, bet ir d\u0117l vis\u0173 vaik\u0173! I\u0161mu\u0161\u0117 ker\u0161to valanda&#8230; Tad PIRMYN! Originalus pavadinimas:\u00a0SLIME Autorius:\u00a0David Walliams Leid\u0117jas:\u00a0Tyto alba Metai:\u00a02021 Puslapiai:\u00a0320 ISBN:\u00a09786094665592 Versijos kodas:\u00a0PT. Formatas:\u00a013,5 x 21 x 3 cm, kieti vir\u0161eliai Kalba:\u00a0Lietuvi\u0173 Vert\u0117jas:\u00a0Gediminas Au\u0161kalnis<\/p>\n","protected":false},"featured_media":15742,"comment_status":"open","ping_status":"closed","template":"","meta":{"_acf_changed":false,"site-sidebar-layout":"default","site-content-layout":"","ast-site-content-layout":"default","site-content-style":"default","site-sidebar-style":"default","ast-global-header-display":"","ast-banner-title-visibility":"","ast-main-header-display":"","ast-hfb-above-header-display":"","ast-hfb-below-header-display":"","ast-hfb-mobile-header-display":"","site-post-title":"","ast-breadcrumbs-content":"","ast-featured-img":"","footer-sml-layout":"","ast-disable-related-posts":"","theme-transparent-header-meta":"default","adv-header-id-meta":"","stick-header-meta":"","header-above-stick-meta":"","header-main-stick-meta":"","header-below-stick-meta":"","astra-migrate-meta-layouts":"set","ast-page-background-enabled":"default","ast-page-background-meta":{"desktop":{"background-color":"","background-image":"","background-repeat":"repeat","background-position":"center center","background-size":"auto","background-attachment":"scroll","background-type":"","background-media":"","overlay-type":"","overlay-color":"","overlay-opacity":"","overlay-gradient":""},"tablet":{"background-color":"","background-image":"","background-repeat":"repeat","background-position":"center center","background-size":"auto","background-attachment":"scroll","background-type":"","background-media":"","overlay-type":"","overlay-color":"","overlay-opacity":"","overlay-gradient":""},"mobile":{"background-color":"","background-image":"","background-repeat":"repeat","background-position":"center center","background-size":"auto","background-attachment":"scroll","background-type":"","background-media":"","overlay-type":"","overlay-color":"","overlay-opacity":"","overlay-gradient":""}},"ast-content-background-meta":{"desktop":{"background-color":"var(--ast-global-color-4)","background-image":"","background-repeat":"repeat","background-position":"center center","background-size":"auto","background-attachment":"scroll","background-type":"","background-media":"","overlay-type":"","overlay-color":"","overlay-opacity":"","overlay-gradient":""},"tablet":{"background-color":"var(--ast-global-color-4)","background-image":"","background-repeat":"repeat","background-position":"center center","background-size":"auto","background-attachment":"scroll","background-type":"","background-media":"","overlay-type":"","overlay-color":"","overlay-opacity":"","overlay-gradient":""},"mobile":{"background-color":"var(--ast-global-color-4)","background-image":"","background-repeat":"repeat","background-position":"center center","background-size":"auto","background-attachment":"scroll","background-type":"","background-media":"","overlay-type":"","overlay-color":"","overlay-opacity":"","overlay-gradient":""}}},"product_brand":[],"product_cat":[15],"product_tag":[],"class_list":{"0":"post-15603","1":"product","2":"type-product","3":"status-publish","4":"has-post-thumbnail","6":"product_cat-uncategorized","7":"desktop-align-left","8":"tablet-align-left","9":"mobile-align-left","11":"first","12":"instock","13":"shipping-taxable","14":"purchasable","15":"product-type-simple"},"acf":[],"yoast_head":"<!-- This site is optimized with the Yoast SEO plugin v27.0 - https:\/\/yoast.com\/product\/yoast-seo-wordpress\/ -->\n<title>\u0160lyk\u0161tukas<\/title>\n<meta name=\"description\" content=\"David Walliams (Deividas Valjamsas) \u2013 brit\u0173 ra\u0161ytojas, d\u0117l kurio juoking\u0173 ir \u012fdomi\u0173 knyg\u0173 visi Jungtin\u0117s Karalyst\u0117s vaikai eina i\u0161 proto. Jis \u0161iuo metu \u2013\" \/>\n<meta name=\"robots\" content=\"index, follow, max-snippet:-1, max-image-preview:large, max-video-preview:-1\" \/>\n<link rel=\"canonical\" href=\"https:\/\/skaitytaknyga.lt\/en\/produktas\/slykstukas\/\" \/>\n<meta property=\"og:locale\" content=\"en_GB\" \/>\n<meta property=\"og:locale:alternate\" content=\"lt_LT\" \/>\n<meta property=\"og:type\" content=\"article\" \/>\n<meta property=\"og:title\" content=\"\u0160lyk\u0161tukas\" \/>\n<meta property=\"og:description\" content=\"David Walliams (Deividas Valjamsas) \u2013 brit\u0173 ra\u0161ytojas, d\u0117l kurio juoking\u0173 ir \u012fdomi\u0173 knyg\u0173 visi Jungtin\u0117s Karalyst\u0117s vaikai eina i\u0161 proto. Jis \u0161iuo metu \u2013\" \/>\n<meta property=\"og:url\" content=\"https:\/\/skaitytaknyga.lt\/en\/produktas\/slykstukas\/\" \/>\n<meta property=\"og:site_name\" content=\"Skaitytaknyga\" \/>\n<meta property=\"article:publisher\" content=\"https:\/\/www.facebook.com\/skaitytaknyga\/\" \/>\n<meta property=\"article:modified_time\" content=\"2024-12-23T07:58:11+00:00\" \/>\n<meta property=\"og:image\" content=\"https:\/\/skaitytaknyga.lt\/wp-content\/uploads\/2024\/12\/Slykstukas.webp\" \/>\n\t<meta property=\"og:image:width\" content=\"533\" \/>\n\t<meta property=\"og:image:height\" content=\"800\" \/>\n\t<meta property=\"og:image:type\" content=\"image\/webp\" \/>\n<meta name=\"twitter:card\" content=\"summary_large_image\" \/>\n<meta name=\"twitter:label1\" content=\"Estimated reading time\" \/>\n\t<meta name=\"twitter:data1\" content=\"2 minutes\" \/>\n<script type=\"application\/ld+json\" class=\"yoast-schema-graph\">{\"@context\":\"https:\/\/schema.org\",\"@graph\":[{\"@type\":\"WebPage\",\"@id\":\"https:\/\/skaitytaknyga.lt\/produktas\/slykstukas\/\",\"url\":\"https:\/\/skaitytaknyga.lt\/produktas\/slykstukas\/\",\"name\":\"\u0160lyk\u0161tukas\",\"isPartOf\":{\"@id\":\"https:\/\/skaitytaknyga.lt\/#website\"},\"primaryImageOfPage\":{\"@id\":\"https:\/\/skaitytaknyga.lt\/produktas\/slykstukas\/#primaryimage\"},\"image\":{\"@id\":\"https:\/\/skaitytaknyga.lt\/produktas\/slykstukas\/#primaryimage\"},\"thumbnailUrl\":\"https:\/\/skaitytaknyga.lt\/wp-content\/uploads\/2024\/12\/Slykstukas.webp\",\"datePublished\":\"2024-12-19T12:37:14+00:00\",\"dateModified\":\"2024-12-23T07:58:11+00:00\",\"description\":\"David Walliams (Deividas Valjamsas) \u2013 brit\u0173 ra\u0161ytojas, d\u0117l kurio juoking\u0173 ir \u012fdomi\u0173 knyg\u0173 visi Jungtin\u0117s Karalyst\u0117s vaikai eina i\u0161 proto. Jis \u0161iuo metu \u2013\",\"breadcrumb\":{\"@id\":\"https:\/\/skaitytaknyga.lt\/produktas\/slykstukas\/#breadcrumb\"},\"inLanguage\":\"en-GB\",\"potentialAction\":[{\"@type\":\"ReadAction\",\"target\":[\"https:\/\/skaitytaknyga.lt\/produktas\/slykstukas\/\"]}]},{\"@type\":\"ImageObject\",\"inLanguage\":\"en-GB\",\"@id\":\"https:\/\/skaitytaknyga.lt\/produktas\/slykstukas\/#primaryimage\",\"url\":\"https:\/\/skaitytaknyga.lt\/wp-content\/uploads\/2024\/12\/Slykstukas.webp\",\"contentUrl\":\"https:\/\/skaitytaknyga.lt\/wp-content\/uploads\/2024\/12\/Slykstukas.webp\",\"width\":533,\"height\":800,\"caption\":\"\u0160lyk\u0161tukas\"},{\"@type\":\"BreadcrumbList\",\"@id\":\"https:\/\/skaitytaknyga.lt\/produktas\/slykstukas\/#breadcrumb\",\"itemListElement\":[{\"@type\":\"ListItem\",\"position\":1,\"name\":\"Home\",\"item\":\"https:\/\/skaitytaknyga.lt\/\"},{\"@type\":\"ListItem\",\"position\":2,\"name\":\"Parduotuv\u0117\",\"item\":\"https:\/\/skaitytaknyga.lt\/knygu-parduotuve\/\"},{\"@type\":\"ListItem\",\"position\":3,\"name\":\"\u0160lyk\u0161tukas\"}]},{\"@type\":\"WebSite\",\"@id\":\"https:\/\/skaitytaknyga.lt\/#website\",\"url\":\"https:\/\/skaitytaknyga.lt\/\",\"name\":\"skaitytaknyga.lt\",\"description\":\"Skaitytaknyga.lt \u2013 tai ma\u017eas \u0161eimos verslas, kuris prasid\u0117jo nuo meil\u0117s knygoms ir siekio i\u0161gelb\u0117ti knygas nuo likimo prie konteinerio. Kas vienam nereikalingas daiktas \u2013 kitam lobis, o mes esame tarpininkai, kurie padeda abiems tapti laimingesniems ???? \u017dinome kaip nelengva i\u0161gyventi ma\u017eiems verslams, tad nuo \u0161iol, \u010dia rasite ir kit\u0173, ma\u017e\u0173 \u0161eim\u0173 versl\u0173, rank\u0173 darbo, dovan\u0173 sau ir artimiesiems.\",\"publisher\":{\"@id\":\"https:\/\/skaitytaknyga.lt\/#organization\"},\"potentialAction\":[{\"@type\":\"SearchAction\",\"target\":{\"@type\":\"EntryPoint\",\"urlTemplate\":\"https:\/\/skaitytaknyga.lt\/?s={search_term_string}\"},\"query-input\":{\"@type\":\"PropertyValueSpecification\",\"valueRequired\":true,\"valueName\":\"search_term_string\"}}],\"inLanguage\":\"en-GB\"},{\"@type\":\"Organization\",\"@id\":\"https:\/\/skaitytaknyga.lt\/#organization\",\"name\":\"skaitytaknyga.lt\",\"url\":\"https:\/\/skaitytaknyga.lt\/\",\"logo\":{\"@type\":\"ImageObject\",\"inLanguage\":\"en-GB\",\"@id\":\"https:\/\/skaitytaknyga.lt\/#\/schema\/logo\/image\/\",\"url\":\"https:\/\/skaitytaknyga.lt\/wp-content\/uploads\/2024\/05\/cropped-cropped-cropped-02_00843_jt3bggkj1j3HLc7SyY6rEUpg.jpeg\",\"contentUrl\":\"https:\/\/skaitytaknyga.lt\/wp-content\/uploads\/2024\/05\/cropped-cropped-cropped-02_00843_jt3bggkj1j3HLc7SyY6rEUpg.jpeg\",\"width\":1600,\"height\":1600,\"caption\":\"skaitytaknyga.lt\"},\"image\":{\"@id\":\"https:\/\/skaitytaknyga.lt\/#\/schema\/logo\/image\/\"},\"sameAs\":[\"https:\/\/www.facebook.com\/skaitytaknyga\/\"]}]}<\/script>\n<!-- \/ Yoast SEO plugin. -->","yoast_head_json":{"title":"\u0160lyk\u0161tukas","description":"David Walliams (Deividas Valjamsas) \u2013 brit\u0173 ra\u0161ytojas, d\u0117l kurio juoking\u0173 ir \u012fdomi\u0173 knyg\u0173 visi Jungtin\u0117s Karalyst\u0117s vaikai eina i\u0161 proto. Jis \u0161iuo metu \u2013","robots":{"index":"index","follow":"follow","max-snippet":"max-snippet:-1","max-image-preview":"max-image-preview:large","max-video-preview":"max-video-preview:-1"},"canonical":"https:\/\/skaitytaknyga.lt\/en\/produktas\/slykstukas\/","og_locale":"en_GB","og_type":"article","og_title":"[:lt]\u0160lyk\u0161tukas[:] - Skaitytaknyga","og_description":"David Walliams (Deividas Valjamsas) \u2013 brit\u0173 ra\u0161ytojas, d\u0117l kurio juoking\u0173 ir \u012fdomi\u0173 knyg\u0173 visi Jungtin\u0117s Karalyst\u0117s vaikai eina i\u0161 proto. Jis \u0161iuo metu \u2013","og_url":"https:\/\/skaitytaknyga.lt\/en\/produktas\/slykstukas\/","og_site_name":"Skaitytaknyga","article_publisher":"https:\/\/www.facebook.com\/skaitytaknyga\/","article_modified_time":"2024-12-23T07:58:11+00:00","og_image":[{"width":533,"height":800,"url":"https:\/\/skaitytaknyga.lt\/wp-content\/uploads\/2024\/12\/Slykstukas.webp","type":"image\/webp"}],"twitter_card":"summary_large_image","twitter_misc":{"Estimated reading time":"2 minutes"},"schema":{"@context":"https:\/\/schema.org","@graph":[{"@type":"WebPage","@id":"https:\/\/skaitytaknyga.lt\/produktas\/slykstukas\/","url":"https:\/\/skaitytaknyga.lt\/produktas\/slykstukas\/","name":"\u0160lyk\u0161tukas","isPartOf":{"@id":"https:\/\/skaitytaknyga.lt\/#website"},"primaryImageOfPage":{"@id":"https:\/\/skaitytaknyga.lt\/produktas\/slykstukas\/#primaryimage"},"image":{"@id":"https:\/\/skaitytaknyga.lt\/produktas\/slykstukas\/#primaryimage"},"thumbnailUrl":"https:\/\/skaitytaknyga.lt\/wp-content\/uploads\/2024\/12\/Slykstukas.webp","datePublished":"2024-12-19T12:37:14+00:00","dateModified":"2024-12-23T07:58:11+00:00","description":"David Walliams (Deividas Valjamsas) \u2013 brit\u0173 ra\u0161ytojas, d\u0117l kurio juoking\u0173 ir \u012fdomi\u0173 knyg\u0173 visi Jungtin\u0117s Karalyst\u0117s vaikai eina i\u0161 proto. Jis \u0161iuo metu \u2013","breadcrumb":{"@id":"https:\/\/skaitytaknyga.lt\/produktas\/slykstukas\/#breadcrumb"},"inLanguage":"en-GB","potentialAction":[{"@type":"ReadAction","target":["https:\/\/skaitytaknyga.lt\/produktas\/slykstukas\/"]}]},{"@type":"ImageObject","inLanguage":"en-GB","@id":"https:\/\/skaitytaknyga.lt\/produktas\/slykstukas\/#primaryimage","url":"https:\/\/skaitytaknyga.lt\/wp-content\/uploads\/2024\/12\/Slykstukas.webp","contentUrl":"https:\/\/skaitytaknyga.lt\/wp-content\/uploads\/2024\/12\/Slykstukas.webp","width":533,"height":800,"caption":"\u0160lyk\u0161tukas"},{"@type":"BreadcrumbList","@id":"https:\/\/skaitytaknyga.lt\/produktas\/slykstukas\/#breadcrumb","itemListElement":[{"@type":"ListItem","position":1,"name":"Home","item":"https:\/\/skaitytaknyga.lt\/"},{"@type":"ListItem","position":2,"name":"Parduotuv\u0117","item":"https:\/\/skaitytaknyga.lt\/knygu-parduotuve\/"},{"@type":"ListItem","position":3,"name":"\u0160lyk\u0161tukas"}]},{"@type":"WebSite","@id":"https:\/\/skaitytaknyga.lt\/#website","url":"https:\/\/skaitytaknyga.lt\/","name":"skaitytaknyga.lt","description":"Skaitytaknyga.lt \u2013 tai ma\u017eas \u0161eimos verslas, kuris prasid\u0117jo nuo meil\u0117s knygoms ir siekio i\u0161gelb\u0117ti knygas nuo likimo prie konteinerio. Kas vienam nereikalingas daiktas \u2013 kitam lobis, o mes esame tarpininkai, kurie padeda abiems tapti laimingesniems ???? \u017dinome kaip nelengva i\u0161gyventi ma\u017eiems verslams, tad nuo \u0161iol, \u010dia rasite ir kit\u0173, ma\u017e\u0173 \u0161eim\u0173 versl\u0173, rank\u0173 darbo, dovan\u0173 sau ir artimiesiems.","publisher":{"@id":"https:\/\/skaitytaknyga.lt\/#organization"},"potentialAction":[{"@type":"SearchAction","target":{"@type":"EntryPoint","urlTemplate":"https:\/\/skaitytaknyga.lt\/?s={search_term_string}"},"query-input":{"@type":"PropertyValueSpecification","valueRequired":true,"valueName":"search_term_string"}}],"inLanguage":"en-GB"},{"@type":"Organization","@id":"https:\/\/skaitytaknyga.lt\/#organization","name":"skaitytaknyga.lt","url":"https:\/\/skaitytaknyga.lt\/","logo":{"@type":"ImageObject","inLanguage":"en-GB","@id":"https:\/\/skaitytaknyga.lt\/#\/schema\/logo\/image\/","url":"https:\/\/skaitytaknyga.lt\/wp-content\/uploads\/2024\/05\/cropped-cropped-cropped-02_00843_jt3bggkj1j3HLc7SyY6rEUpg.jpeg","contentUrl":"https:\/\/skaitytaknyga.lt\/wp-content\/uploads\/2024\/05\/cropped-cropped-cropped-02_00843_jt3bggkj1j3HLc7SyY6rEUpg.jpeg","width":1600,"height":1600,"caption":"skaitytaknyga.lt"},"image":{"@id":"https:\/\/skaitytaknyga.lt\/#\/schema\/logo\/image\/"},"sameAs":["https:\/\/www.facebook.com\/skaitytaknyga\/"]}]}},"_links":{"self":[{"href":"https:\/\/skaitytaknyga.lt\/en\/wp-json\/wp\/v2\/product\/15603","targetHints":{"allow":["GET"]}}],"collection":[{"href":"https:\/\/skaitytaknyga.lt\/en\/wp-json\/wp\/v2\/product"}],"about":[{"href":"https:\/\/skaitytaknyga.lt\/en\/wp-json\/wp\/v2\/types\/product"}],"replies":[{"embeddable":true,"href":"https:\/\/skaitytaknyga.lt\/en\/wp-json\/wp\/v2\/comments?post=15603"}],"wp:featuredmedia":[{"embeddable":true,"href":"https:\/\/skaitytaknyga.lt\/en\/wp-json\/wp\/v2\/media\/15742"}],"wp:attachment":[{"href":"https:\/\/skaitytaknyga.lt\/en\/wp-json\/wp\/v2\/media?parent=15603"}],"wp:term":[{"taxonomy":"product_brand","embeddable":true,"href":"https:\/\/skaitytaknyga.lt\/en\/wp-json\/wp\/v2\/product_brand?post=15603"},{"taxonomy":"product_cat","embeddable":true,"href":"https:\/\/skaitytaknyga.lt\/en\/wp-json\/wp\/v2\/product_cat?post=15603"},{"taxonomy":"product_tag","embeddable":true,"href":"https:\/\/skaitytaknyga.lt\/en\/wp-json\/wp\/v2\/product_tag?post=15603"}],"curies":[{"name":"wp","href":"https:\/\/api.w.org\/{rel}","templated":true}]}}