{"id":15602,"date":"2024-12-19T14:37:14","date_gmt":"2024-12-19T12:37:14","guid":{"rendered":"https:\/\/skaitytaknyga.lt\/?post_type=product&#038;p=15602"},"modified":"2024-12-23T09:43:35","modified_gmt":"2024-12-23T07:43:35","slug":"paikas-funius","status":"publish","type":"product","link":"https:\/\/skaitytaknyga.lt\/en\/produktas\/paikas-funius\/","title":{"rendered":"Paikas Funius"},"content":{"rendered":"<p>Ar \u017einojai, kad \u0161alia gyvena paslaptingi ma\u017ei padar\u0117liai, kurie labai nori tau pad\u0117ti? Jie nuolat r\u016bpinasi, kad sumu\u0161tiniai krist\u0173 sviestu \u012f apa\u010di\u0105, u\u017ekliudytos vazos sudu\u017et\u0173, o m\u0117gstami \u017eaislai kartais sugest\u0173. Juk \u017emon\u0117ms reikia duoti b\u016btent tai, ko jie tikisi!<\/p>\n<p>Paikas Funius \u2013 kaip tik toks padar\u0117lis. Jis irgi labai trok\u0161ta b\u016bti naudingas. Tik niekaip nesugalvoja, k\u0105 gal\u0117t\u0173 nuveikti.<\/p>\n<p>&nbsp;<\/p>\n<p>\u017dmon\u0117s to ne\u017eino, ta\u010diau kiekvienuose namuose gyvena daugyb\u0117 keist\u0173 padar\u0117li\u0173, kurie nuolat stengiasi visaip pagelb\u0117ti \u017emon\u0117ms. Vieni pradangina kojines, kiti pagarsina televizori\u0173 per reklam\u0105, dar kiti r\u016bpinasi, kad sumu\u0161tinis visad krist\u0173 sviest\u0173 \u012f apa\u010di\u0105 ar sergantiems vaikams \u012fnirtingai varo nuobodul\u012f. Tik vienas Funius dar nerado savo pa\u0161aukimo. Nuotaikingoje istorijoje jaunesnio mokyklinio am\u017eiaus vaikams pasakojama, kaip ma\u017easis Funius ie\u0161kojo, kuo gal\u0117t\u0173 b\u016bti naudingas \u017emon\u0117ms.<\/p>\n<p>O kod\u0117l tie padar\u0117liai taip elgiasi ir dar galvoja, kad i\u0161 ties\u0173 mums padeda? Nes klausosi m\u016bs\u0173 kaskart, kai sakome, kad sirgti nuobodu, sumu\u0161tinis visad krenta sviestu \u012f apa\u010di\u0105, viena poros kojin\u0117 b\u016btinai turi pradingti, o b\u0117da viena nevaik\u0161to. Jiems atrodo, kad kai mes \u0161itaip skund\u017eiam\u0117s, tai tarsi sakome, kad \u0161i\u0173 dalyk\u0173 ir tikim\u0117s, kad taip ir turi b\u016bti. Tad jie ir puola mums pad\u0117ti \u2013 kad pasaulio tvarka nesugri\u016bt\u0173 ir dalykai vykt\u0173 b\u016btent taip, kaip \u017emon\u0117s tikisi!<\/p>\n<p>\u0160i itin eleganti\u0161ka knyga suteiks ne tik malonum\u0105 visai \u0161eimai j\u0105 garsiai skaityti drauge, bet bus ir puiki proga pakalb\u0117ti apie tai, koki\u0105 gali\u0105 turi \u017eodis ir optimistinis ar pesimistinis \u017emogaus po\u017ei\u016bris \u012f aplink\u0105 ir \u012fvykius. Juk ar tikrai pad\u0117si sau, jei visuomet tik\u0117sies ir lauksi blogiausio?<\/p>\n<p>Taip pat tai itin puikus k\u016brinys visiems, svarstantiems, kaip prad\u0117ti pokalb\u012f su vaiku apie tai, kad jis netrukus sulauks broliuko ar sesut\u0117s. Vaiko t\u0117veliai knygoje kaip tik nerimauja d\u0117l to, kaip jis priims \u017eini\u0105, kad nuo \u0161iol bus vyresnysis brolis ir knygoje randama gra\u017ei\u0173 b\u016bd\u0173, kaip vaikui parodyti, kad r\u016bpintis ma\u017eesniu yra smagu.<\/p>\n","protected":false},"excerpt":{"rendered":"<p>Ar \u017einojai, kad \u0161alia gyvena paslaptingi ma\u017ei padar\u0117liai, kurie labai nori tau pad\u0117ti? Jie nuolat r\u016bpinasi, kad sumu\u0161tiniai krist\u0173 sviestu \u012f apa\u010di\u0105, u\u017ekliudytos vazos sudu\u017et\u0173, o m\u0117gstami \u017eaislai kartais sugest\u0173. Juk \u017emon\u0117ms reikia duoti b\u016btent tai, ko jie tikisi! Paikas Funius \u2013 kaip tik toks padar\u0117lis. Jis irgi labai trok\u0161ta b\u016bti naudingas. Tik niekaip nesugalvoja, k\u0105 gal\u0117t\u0173 nuveikti. &nbsp; \u017dmon\u0117s to ne\u017eino, ta\u010diau kiekvienuose namuose gyvena daugyb\u0117 keist\u0173 padar\u0117li\u0173, kurie nuolat stengiasi visaip pagelb\u0117ti \u017emon\u0117ms. Vieni pradangina kojines, kiti pagarsina televizori\u0173 per reklam\u0105, dar kiti r\u016bpinasi, kad sumu\u0161tinis visad krist\u0173 sviest\u0173 \u012f apa\u010di\u0105 ar sergantiems vaikams \u012fnirtingai varo nuobodul\u012f. Tik vienas Funius dar nerado savo pa\u0161aukimo. Nuotaikingoje istorijoje jaunesnio mokyklinio am\u017eiaus vaikams pasakojama, kaip ma\u017easis Funius ie\u0161kojo, kuo gal\u0117t\u0173 b\u016bti naudingas \u017emon\u0117ms. O kod\u0117l tie padar\u0117liai taip elgiasi ir dar galvoja, kad i\u0161 ties\u0173 mums padeda? Nes klausosi m\u016bs\u0173 kaskart, kai sakome, kad sirgti nuobodu, sumu\u0161tinis visad krenta sviestu \u012f apa\u010di\u0105, viena poros kojin\u0117 b\u016btinai turi pradingti, o b\u0117da viena nevaik\u0161to. Jiems atrodo, kad kai mes \u0161itaip skund\u017eiam\u0117s, tai tarsi sakome, kad \u0161i\u0173 dalyk\u0173 ir tikim\u0117s, kad taip ir turi b\u016bti. Tad jie ir puola mums pad\u0117ti \u2013 kad pasaulio tvarka nesugri\u016bt\u0173 ir dalykai vykt\u0173 b\u016btent taip, kaip \u017emon\u0117s tikisi! \u0160i itin eleganti\u0161ka knyga suteiks ne tik malonum\u0105 visai \u0161eimai j\u0105 garsiai skaityti drauge, bet bus ir puiki proga pakalb\u0117ti apie tai, koki\u0105 gali\u0105 turi \u017eodis ir optimistinis ar pesimistinis \u017emogaus po\u017ei\u016bris \u012f aplink\u0105 ir \u012fvykius. Juk ar tikrai pad\u0117si sau, jei visuomet tik\u0117sies ir lauksi blogiausio? Taip pat tai itin puikus k\u016brinys visiems, svarstantiems, kaip prad\u0117ti pokalb\u012f su vaiku apie tai, kad jis netrukus sulauks broliuko ar sesut\u0117s. Vaiko t\u0117veliai knygoje kaip tik nerimauja d\u0117l to, kaip jis priims \u017eini\u0105, kad nuo \u0161iol bus vyresnysis brolis ir knygoje randama gra\u017ei\u0173 b\u016bd\u0173, kaip vaikui parodyti, kad r\u016bpintis ma\u017eesniu yra smagu.<\/p>\n","protected":false},"featured_media":15739,"comment_status":"open","ping_status":"closed","template":"","meta":{"_acf_changed":false,"site-sidebar-layout":"default","site-content-layout":"","ast-site-content-layout":"default","site-content-style":"default","site-sidebar-style":"default","ast-global-header-display":"","ast-banner-title-visibility":"","ast-main-header-display":"","ast-hfb-above-header-display":"","ast-hfb-below-header-display":"","ast-hfb-mobile-header-display":"","site-post-title":"","ast-breadcrumbs-content":"","ast-featured-img":"","footer-sml-layout":"","ast-disable-related-posts":"","theme-transparent-header-meta":"default","adv-header-id-meta":"","stick-header-meta":"","header-above-stick-meta":"","header-main-stick-meta":"","header-below-stick-meta":"","astra-migrate-meta-layouts":"set","ast-page-background-enabled":"default","ast-page-background-meta":{"desktop":{"background-color":"","background-image":"","background-repeat":"repeat","background-position":"center center","background-size":"auto","background-attachment":"scroll","background-type":"","background-media":"","overlay-type":"","overlay-color":"","overlay-opacity":"","overlay-gradient":""},"tablet":{"background-color":"","background-image":"","background-repeat":"repeat","background-position":"center center","background-size":"auto","background-attachment":"scroll","background-type":"","background-media":"","overlay-type":"","overlay-color":"","overlay-opacity":"","overlay-gradient":""},"mobile":{"background-color":"","background-image":"","background-repeat":"repeat","background-position":"center center","background-size":"auto","background-attachment":"scroll","background-type":"","background-media":"","overlay-type":"","overlay-color":"","overlay-opacity":"","overlay-gradient":""}},"ast-content-background-meta":{"desktop":{"background-color":"var(--ast-global-color-4)","background-image":"","background-repeat":"repeat","background-position":"center center","background-size":"auto","background-attachment":"scroll","background-type":"","background-media":"","overlay-type":"","overlay-color":"","overlay-opacity":"","overlay-gradient":""},"tablet":{"background-color":"var(--ast-global-color-4)","background-image":"","background-repeat":"repeat","background-position":"center center","background-size":"auto","background-attachment":"scroll","background-type":"","background-media":"","overlay-type":"","overlay-color":"","overlay-opacity":"","overlay-gradient":""},"mobile":{"background-color":"var(--ast-global-color-4)","background-image":"","background-repeat":"repeat","background-position":"center center","background-size":"auto","background-attachment":"scroll","background-type":"","background-media":"","overlay-type":"","overlay-color":"","overlay-opacity":"","overlay-gradient":""}}},"product_brand":[],"product_cat":[15],"product_tag":[],"class_list":{"0":"post-15602","1":"product","2":"type-product","3":"status-publish","4":"has-post-thumbnail","6":"product_cat-uncategorized","7":"desktop-align-left","8":"tablet-align-left","9":"mobile-align-left","11":"first","12":"instock","13":"shipping-taxable","14":"purchasable","15":"product-type-simple"},"acf":[],"yoast_head":"<!-- This site is optimized with the Yoast SEO plugin v27.0 - https:\/\/yoast.com\/product\/yoast-seo-wordpress\/ -->\n<title>Paikas Funius<\/title>\n<meta name=\"description\" content=\"Ar \u017einojai, kad \u0161alia gyvena paslaptingi ma\u017ei padar\u0117liai, kurie labai nori tau pad\u0117ti? Jie nuolat r\u016bpinasi, kad sumu\u0161tiniai krist\u0173 sviestu \u012f apa\u010di\u0105,\" \/>\n<meta name=\"robots\" content=\"index, follow, max-snippet:-1, max-image-preview:large, max-video-preview:-1\" \/>\n<link rel=\"canonical\" href=\"https:\/\/skaitytaknyga.lt\/en\/produktas\/paikas-funius\/\" \/>\n<meta property=\"og:locale\" content=\"en_GB\" \/>\n<meta property=\"og:locale:alternate\" content=\"lt_LT\" \/>\n<meta property=\"og:type\" content=\"article\" \/>\n<meta property=\"og:title\" content=\"Paikas Funius\" \/>\n<meta property=\"og:description\" content=\"Ar \u017einojai, kad \u0161alia gyvena paslaptingi ma\u017ei padar\u0117liai, kurie labai nori tau pad\u0117ti? Jie nuolat r\u016bpinasi, kad sumu\u0161tiniai krist\u0173 sviestu \u012f apa\u010di\u0105,\" \/>\n<meta property=\"og:url\" content=\"https:\/\/skaitytaknyga.lt\/en\/produktas\/paikas-funius\/\" \/>\n<meta property=\"og:site_name\" content=\"Skaitytaknyga\" \/>\n<meta property=\"article:publisher\" content=\"https:\/\/www.facebook.com\/skaitytaknyga\/\" \/>\n<meta property=\"article:modified_time\" content=\"2024-12-23T07:43:35+00:00\" \/>\n<meta property=\"og:image\" content=\"https:\/\/skaitytaknyga.lt\/wp-content\/uploads\/2024\/12\/Paikas-Funius-e1734939809796.jpg\" \/>\n\t<meta property=\"og:image:width\" content=\"422\" \/>\n\t<meta property=\"og:image:height\" content=\"588\" \/>\n\t<meta property=\"og:image:type\" content=\"image\/jpeg\" \/>\n<meta name=\"twitter:card\" content=\"summary_large_image\" \/>\n<meta name=\"twitter:label1\" content=\"Estimated reading time\" \/>\n\t<meta name=\"twitter:data1\" content=\"2 minutes\" \/>\n<script type=\"application\/ld+json\" class=\"yoast-schema-graph\">{\"@context\":\"https:\/\/schema.org\",\"@graph\":[{\"@type\":\"WebPage\",\"@id\":\"https:\/\/skaitytaknyga.lt\/produktas\/paikas-funius\/\",\"url\":\"https:\/\/skaitytaknyga.lt\/produktas\/paikas-funius\/\",\"name\":\"Paikas Funius\",\"isPartOf\":{\"@id\":\"https:\/\/skaitytaknyga.lt\/#website\"},\"primaryImageOfPage\":{\"@id\":\"https:\/\/skaitytaknyga.lt\/produktas\/paikas-funius\/#primaryimage\"},\"image\":{\"@id\":\"https:\/\/skaitytaknyga.lt\/produktas\/paikas-funius\/#primaryimage\"},\"thumbnailUrl\":\"https:\/\/skaitytaknyga.lt\/wp-content\/uploads\/2024\/12\/Paikas-Funius-e1734939809796.jpg\",\"datePublished\":\"2024-12-19T12:37:14+00:00\",\"dateModified\":\"2024-12-23T07:43:35+00:00\",\"description\":\"Ar \u017einojai, kad \u0161alia gyvena paslaptingi ma\u017ei padar\u0117liai, kurie labai nori tau pad\u0117ti? Jie nuolat r\u016bpinasi, kad sumu\u0161tiniai krist\u0173 sviestu \u012f apa\u010di\u0105,\",\"breadcrumb\":{\"@id\":\"https:\/\/skaitytaknyga.lt\/produktas\/paikas-funius\/#breadcrumb\"},\"inLanguage\":\"en-GB\",\"potentialAction\":[{\"@type\":\"ReadAction\",\"target\":[\"https:\/\/skaitytaknyga.lt\/produktas\/paikas-funius\/\"]}]},{\"@type\":\"ImageObject\",\"inLanguage\":\"en-GB\",\"@id\":\"https:\/\/skaitytaknyga.lt\/produktas\/paikas-funius\/#primaryimage\",\"url\":\"https:\/\/skaitytaknyga.lt\/wp-content\/uploads\/2024\/12\/Paikas-Funius-e1734939809796.jpg\",\"contentUrl\":\"https:\/\/skaitytaknyga.lt\/wp-content\/uploads\/2024\/12\/Paikas-Funius-e1734939809796.jpg\",\"width\":422,\"height\":588,\"caption\":\"Paikas Funius\"},{\"@type\":\"BreadcrumbList\",\"@id\":\"https:\/\/skaitytaknyga.lt\/produktas\/paikas-funius\/#breadcrumb\",\"itemListElement\":[{\"@type\":\"ListItem\",\"position\":1,\"name\":\"Home\",\"item\":\"https:\/\/skaitytaknyga.lt\/\"},{\"@type\":\"ListItem\",\"position\":2,\"name\":\"Parduotuv\u0117\",\"item\":\"https:\/\/skaitytaknyga.lt\/knygu-parduotuve\/\"},{\"@type\":\"ListItem\",\"position\":3,\"name\":\"Paikas Funius\"}]},{\"@type\":\"WebSite\",\"@id\":\"https:\/\/skaitytaknyga.lt\/#website\",\"url\":\"https:\/\/skaitytaknyga.lt\/\",\"name\":\"skaitytaknyga.lt\",\"description\":\"Skaitytaknyga.lt \u2013 tai ma\u017eas \u0161eimos verslas, kuris prasid\u0117jo nuo meil\u0117s knygoms ir siekio i\u0161gelb\u0117ti knygas nuo likimo prie konteinerio. Kas vienam nereikalingas daiktas \u2013 kitam lobis, o mes esame tarpininkai, kurie padeda abiems tapti laimingesniems ???? \u017dinome kaip nelengva i\u0161gyventi ma\u017eiems verslams, tad nuo \u0161iol, \u010dia rasite ir kit\u0173, ma\u017e\u0173 \u0161eim\u0173 versl\u0173, rank\u0173 darbo, dovan\u0173 sau ir artimiesiems.\",\"publisher\":{\"@id\":\"https:\/\/skaitytaknyga.lt\/#organization\"},\"potentialAction\":[{\"@type\":\"SearchAction\",\"target\":{\"@type\":\"EntryPoint\",\"urlTemplate\":\"https:\/\/skaitytaknyga.lt\/?s={search_term_string}\"},\"query-input\":{\"@type\":\"PropertyValueSpecification\",\"valueRequired\":true,\"valueName\":\"search_term_string\"}}],\"inLanguage\":\"en-GB\"},{\"@type\":\"Organization\",\"@id\":\"https:\/\/skaitytaknyga.lt\/#organization\",\"name\":\"skaitytaknyga.lt\",\"url\":\"https:\/\/skaitytaknyga.lt\/\",\"logo\":{\"@type\":\"ImageObject\",\"inLanguage\":\"en-GB\",\"@id\":\"https:\/\/skaitytaknyga.lt\/#\/schema\/logo\/image\/\",\"url\":\"https:\/\/skaitytaknyga.lt\/wp-content\/uploads\/2024\/05\/cropped-cropped-cropped-02_00843_jt3bggkj1j3HLc7SyY6rEUpg.jpeg\",\"contentUrl\":\"https:\/\/skaitytaknyga.lt\/wp-content\/uploads\/2024\/05\/cropped-cropped-cropped-02_00843_jt3bggkj1j3HLc7SyY6rEUpg.jpeg\",\"width\":1600,\"height\":1600,\"caption\":\"skaitytaknyga.lt\"},\"image\":{\"@id\":\"https:\/\/skaitytaknyga.lt\/#\/schema\/logo\/image\/\"},\"sameAs\":[\"https:\/\/www.facebook.com\/skaitytaknyga\/\"]}]}<\/script>\n<!-- \/ Yoast SEO plugin. -->","yoast_head_json":{"title":"Paikas Funius","description":"Ar \u017einojai, kad \u0161alia gyvena paslaptingi ma\u017ei padar\u0117liai, kurie labai nori tau pad\u0117ti? Jie nuolat r\u016bpinasi, kad sumu\u0161tiniai krist\u0173 sviestu \u012f apa\u010di\u0105,","robots":{"index":"index","follow":"follow","max-snippet":"max-snippet:-1","max-image-preview":"max-image-preview:large","max-video-preview":"max-video-preview:-1"},"canonical":"https:\/\/skaitytaknyga.lt\/en\/produktas\/paikas-funius\/","og_locale":"en_GB","og_type":"article","og_title":"[:lt]Paikas Funius[:] - Skaitytaknyga","og_description":"Ar \u017einojai, kad \u0161alia gyvena paslaptingi ma\u017ei padar\u0117liai, kurie labai nori tau pad\u0117ti? Jie nuolat r\u016bpinasi, kad sumu\u0161tiniai krist\u0173 sviestu \u012f apa\u010di\u0105,","og_url":"https:\/\/skaitytaknyga.lt\/en\/produktas\/paikas-funius\/","og_site_name":"Skaitytaknyga","article_publisher":"https:\/\/www.facebook.com\/skaitytaknyga\/","article_modified_time":"2024-12-23T07:43:35+00:00","og_image":[{"width":422,"height":588,"url":"https:\/\/skaitytaknyga.lt\/wp-content\/uploads\/2024\/12\/Paikas-Funius-e1734939809796.jpg","type":"image\/jpeg"}],"twitter_card":"summary_large_image","twitter_misc":{"Estimated reading time":"2 minutes"},"schema":{"@context":"https:\/\/schema.org","@graph":[{"@type":"WebPage","@id":"https:\/\/skaitytaknyga.lt\/produktas\/paikas-funius\/","url":"https:\/\/skaitytaknyga.lt\/produktas\/paikas-funius\/","name":"Paikas Funius","isPartOf":{"@id":"https:\/\/skaitytaknyga.lt\/#website"},"primaryImageOfPage":{"@id":"https:\/\/skaitytaknyga.lt\/produktas\/paikas-funius\/#primaryimage"},"image":{"@id":"https:\/\/skaitytaknyga.lt\/produktas\/paikas-funius\/#primaryimage"},"thumbnailUrl":"https:\/\/skaitytaknyga.lt\/wp-content\/uploads\/2024\/12\/Paikas-Funius-e1734939809796.jpg","datePublished":"2024-12-19T12:37:14+00:00","dateModified":"2024-12-23T07:43:35+00:00","description":"Ar \u017einojai, kad \u0161alia gyvena paslaptingi ma\u017ei padar\u0117liai, kurie labai nori tau pad\u0117ti? Jie nuolat r\u016bpinasi, kad sumu\u0161tiniai krist\u0173 sviestu \u012f apa\u010di\u0105,","breadcrumb":{"@id":"https:\/\/skaitytaknyga.lt\/produktas\/paikas-funius\/#breadcrumb"},"inLanguage":"en-GB","potentialAction":[{"@type":"ReadAction","target":["https:\/\/skaitytaknyga.lt\/produktas\/paikas-funius\/"]}]},{"@type":"ImageObject","inLanguage":"en-GB","@id":"https:\/\/skaitytaknyga.lt\/produktas\/paikas-funius\/#primaryimage","url":"https:\/\/skaitytaknyga.lt\/wp-content\/uploads\/2024\/12\/Paikas-Funius-e1734939809796.jpg","contentUrl":"https:\/\/skaitytaknyga.lt\/wp-content\/uploads\/2024\/12\/Paikas-Funius-e1734939809796.jpg","width":422,"height":588,"caption":"Paikas Funius"},{"@type":"BreadcrumbList","@id":"https:\/\/skaitytaknyga.lt\/produktas\/paikas-funius\/#breadcrumb","itemListElement":[{"@type":"ListItem","position":1,"name":"Home","item":"https:\/\/skaitytaknyga.lt\/"},{"@type":"ListItem","position":2,"name":"Parduotuv\u0117","item":"https:\/\/skaitytaknyga.lt\/knygu-parduotuve\/"},{"@type":"ListItem","position":3,"name":"Paikas Funius"}]},{"@type":"WebSite","@id":"https:\/\/skaitytaknyga.lt\/#website","url":"https:\/\/skaitytaknyga.lt\/","name":"skaitytaknyga.lt","description":"Skaitytaknyga.lt \u2013 tai ma\u017eas \u0161eimos verslas, kuris prasid\u0117jo nuo meil\u0117s knygoms ir siekio i\u0161gelb\u0117ti knygas nuo likimo prie konteinerio. Kas vienam nereikalingas daiktas \u2013 kitam lobis, o mes esame tarpininkai, kurie padeda abiems tapti laimingesniems ???? \u017dinome kaip nelengva i\u0161gyventi ma\u017eiems verslams, tad nuo \u0161iol, \u010dia rasite ir kit\u0173, ma\u017e\u0173 \u0161eim\u0173 versl\u0173, rank\u0173 darbo, dovan\u0173 sau ir artimiesiems.","publisher":{"@id":"https:\/\/skaitytaknyga.lt\/#organization"},"potentialAction":[{"@type":"SearchAction","target":{"@type":"EntryPoint","urlTemplate":"https:\/\/skaitytaknyga.lt\/?s={search_term_string}"},"query-input":{"@type":"PropertyValueSpecification","valueRequired":true,"valueName":"search_term_string"}}],"inLanguage":"en-GB"},{"@type":"Organization","@id":"https:\/\/skaitytaknyga.lt\/#organization","name":"skaitytaknyga.lt","url":"https:\/\/skaitytaknyga.lt\/","logo":{"@type":"ImageObject","inLanguage":"en-GB","@id":"https:\/\/skaitytaknyga.lt\/#\/schema\/logo\/image\/","url":"https:\/\/skaitytaknyga.lt\/wp-content\/uploads\/2024\/05\/cropped-cropped-cropped-02_00843_jt3bggkj1j3HLc7SyY6rEUpg.jpeg","contentUrl":"https:\/\/skaitytaknyga.lt\/wp-content\/uploads\/2024\/05\/cropped-cropped-cropped-02_00843_jt3bggkj1j3HLc7SyY6rEUpg.jpeg","width":1600,"height":1600,"caption":"skaitytaknyga.lt"},"image":{"@id":"https:\/\/skaitytaknyga.lt\/#\/schema\/logo\/image\/"},"sameAs":["https:\/\/www.facebook.com\/skaitytaknyga\/"]}]}},"_links":{"self":[{"href":"https:\/\/skaitytaknyga.lt\/en\/wp-json\/wp\/v2\/product\/15602","targetHints":{"allow":["GET"]}}],"collection":[{"href":"https:\/\/skaitytaknyga.lt\/en\/wp-json\/wp\/v2\/product"}],"about":[{"href":"https:\/\/skaitytaknyga.lt\/en\/wp-json\/wp\/v2\/types\/product"}],"replies":[{"embeddable":true,"href":"https:\/\/skaitytaknyga.lt\/en\/wp-json\/wp\/v2\/comments?post=15602"}],"wp:featuredmedia":[{"embeddable":true,"href":"https:\/\/skaitytaknyga.lt\/en\/wp-json\/wp\/v2\/media\/15739"}],"wp:attachment":[{"href":"https:\/\/skaitytaknyga.lt\/en\/wp-json\/wp\/v2\/media?parent=15602"}],"wp:term":[{"taxonomy":"product_brand","embeddable":true,"href":"https:\/\/skaitytaknyga.lt\/en\/wp-json\/wp\/v2\/product_brand?post=15602"},{"taxonomy":"product_cat","embeddable":true,"href":"https:\/\/skaitytaknyga.lt\/en\/wp-json\/wp\/v2\/product_cat?post=15602"},{"taxonomy":"product_tag","embeddable":true,"href":"https:\/\/skaitytaknyga.lt\/en\/wp-json\/wp\/v2\/product_tag?post=15602"}],"curies":[{"name":"wp","href":"https:\/\/api.w.org\/{rel}","templated":true}]}}