{"id":15601,"date":"2024-12-19T14:37:14","date_gmt":"2024-12-19T12:37:14","guid":{"rendered":"https:\/\/skaitytaknyga.lt\/?post_type=product&#038;p=15601"},"modified":"2025-06-11T13:19:34","modified_gmt":"2025-06-11T10:19:34","slug":"baltoji-iltis","status":"publish","type":"product","link":"https:\/\/skaitytaknyga.lt\/en\/produktas\/baltoji-iltis\/","title":{"rendered":"Baltoji iltis"},"content":{"rendered":"<p>Vaikams nuo 7 m.<\/p>\n<p>Nuostab\u016bs bebaimio ir protingo pusiau vilko, pusiau \u0161uns nuotykiai Amerikos \u0161iaur\u0117je.<\/p>\n<p>\u0160is didingas gyv\u016bnas, pavadintas Balt\u0105ja Iltimi, tur\u0117s i\u0161tverti daug neteisyb\u0117s, i\u0161davys\u010di\u0173, kovoti d\u0117l i\u0161likimo ir nuolat jausti nevar\u017eomos laisv\u0117s ilges\u012f. Jam teks pa\u017einti ir ger\u0173, ir blog\u0173 \u017emoni\u0173, keliauti i\u0161 rank\u0173 \u012f rankas, kol pagaliau ras tikr\u0105j\u012f savo \u0161eiminink\u0105 ir apdovanos j\u012f begaline meile ir i\u0161tikimybe.<\/p>\n<p>\u201eBaltoji Iltis&#8221;:<\/p>\n<p>\u2022 padeda suprasti gamtos d\u0117snius, gyv\u016bn\u0173 prigimt\u012f ir instinktus;<br \/>\n\u2022 ugdo emocin\u012f intelekt\u0105;<br \/>\n\u2022 skatina u\u017euojaut\u0105 ir teisyb\u0117s jausm\u0105.<\/p>\n<p>Jackas Londonas \u2013 XIX a. pabaigos \u2013 XX a. prad\u017eios amerikie\u010di\u0173 ra\u0161ytojas, \u017einomas ir vertinamas visame pasaulyje. \u201eBaltoji Iltis&#8221; \u2013 vienas garsiausi\u0173 ra\u0161ytojo k\u016brini\u0173, kur\u012f jau \u0161imtmet\u012f su malonumu skaito tiek paaugliai, tiek suaugusieji.<\/p>\n<p>Elisa Mazzoti \u2013 ital\u0173 vaik\u0173 ra\u0161ytoja, klasikin\u012f roman\u0105 \u201eBaltoji Iltis&#8221; pritaikiusi ma\u017eiesiems skaitytojams. Puikias iliustracijas \u0161iam leidimui pie\u0161\u0117 ital\u0173 dailininkas Roberto Vetrano.<\/p>\n<ul class=\"about-product d-none d-xl-block mt-4\">\n<li><strong>Originalus pavadinimas:<\/strong>\u00a0White Fang<\/li>\n<li><strong>Autorius:<\/strong>\u00a0Jack London<\/li>\n<li><strong>Leid\u0117jas:<\/strong>\u00a0Alma littera<\/li>\n<li><strong>Metai:<\/strong>\u00a02021<\/li>\n<li><strong>Puslapiai:<\/strong>\u00a092<\/li>\n<li class=\"toggleable type-new-formats \"><strong>ISBN:<\/strong>\u00a09786090144718<\/li>\n<li><strong>Versijos kodas:<\/strong>\u00a0PT.<\/li>\n<li class=\"toggleable type-new-formats \"><strong>Formatas:<\/strong>\u00a019 x 22 x 1,7 cm, kieti vir\u0161eliai<\/li>\n<li><strong>Kalba:<\/strong>\u00a0Lietuvi\u0173<\/li>\n<li><strong>Vert\u0117jas:<\/strong>\u00a0Lina B\u016bgien\u0117<\/li>\n<\/ul>\n","protected":false},"excerpt":{"rendered":"<p>Vaikams nuo 7 m. Nuostab\u016bs bebaimio ir protingo pusiau vilko, pusiau \u0161uns nuotykiai Amerikos \u0161iaur\u0117je. \u0160is didingas gyv\u016bnas, pavadintas Balt\u0105ja Iltimi, tur\u0117s i\u0161tverti daug neteisyb\u0117s, i\u0161davys\u010di\u0173, kovoti d\u0117l i\u0161likimo ir nuolat jausti nevar\u017eomos laisv\u0117s ilges\u012f. Jam teks pa\u017einti ir ger\u0173, ir blog\u0173 \u017emoni\u0173, keliauti i\u0161 rank\u0173 \u012f rankas, kol pagaliau ras tikr\u0105j\u012f savo \u0161eiminink\u0105 ir apdovanos j\u012f begaline meile ir i\u0161tikimybe. \u201eBaltoji Iltis&#8221;: \u2022 padeda suprasti gamtos d\u0117snius, gyv\u016bn\u0173 prigimt\u012f ir instinktus; \u2022 ugdo emocin\u012f intelekt\u0105; \u2022 skatina u\u017euojaut\u0105 ir teisyb\u0117s jausm\u0105. Jackas Londonas \u2013 XIX a. pabaigos \u2013 XX a. prad\u017eios amerikie\u010di\u0173 ra\u0161ytojas, \u017einomas ir vertinamas visame pasaulyje. \u201eBaltoji Iltis&#8221; \u2013 vienas garsiausi\u0173 ra\u0161ytojo k\u016brini\u0173, kur\u012f jau \u0161imtmet\u012f su malonumu skaito tiek paaugliai, tiek suaugusieji. Elisa Mazzoti \u2013 ital\u0173 vaik\u0173 ra\u0161ytoja, klasikin\u012f roman\u0105 \u201eBaltoji Iltis&#8221; pritaikiusi ma\u017eiesiems skaitytojams. Puikias iliustracijas \u0161iam leidimui pie\u0161\u0117 ital\u0173 dailininkas Roberto Vetrano. Originalus pavadinimas:\u00a0White Fang Autorius:\u00a0Jack London Leid\u0117jas:\u00a0Alma littera Metai:\u00a02021 Puslapiai:\u00a092 ISBN:\u00a09786090144718 Versijos kodas:\u00a0PT. Formatas:\u00a019 x 22 x 1,7 cm, kieti vir\u0161eliai Kalba:\u00a0Lietuvi\u0173 Vert\u0117jas:\u00a0Lina B\u016bgien\u0117<\/p>\n","protected":false},"featured_media":15605,"comment_status":"open","ping_status":"closed","template":"","meta":{"_acf_changed":false,"site-sidebar-layout":"default","site-content-layout":"","ast-site-content-layout":"default","site-content-style":"default","site-sidebar-style":"default","ast-global-header-display":"","ast-banner-title-visibility":"","ast-main-header-display":"","ast-hfb-above-header-display":"","ast-hfb-below-header-display":"","ast-hfb-mobile-header-display":"","site-post-title":"","ast-breadcrumbs-content":"","ast-featured-img":"","footer-sml-layout":"","ast-disable-related-posts":"","theme-transparent-header-meta":"default","adv-header-id-meta":"","stick-header-meta":"","header-above-stick-meta":"","header-main-stick-meta":"","header-below-stick-meta":"","astra-migrate-meta-layouts":"set","ast-page-background-enabled":"default","ast-page-background-meta":{"desktop":{"background-color":"","background-image":"","background-repeat":"repeat","background-position":"center center","background-size":"auto","background-attachment":"scroll","background-type":"","background-media":"","overlay-type":"","overlay-color":"","overlay-opacity":"","overlay-gradient":""},"tablet":{"background-color":"","background-image":"","background-repeat":"repeat","background-position":"center center","background-size":"auto","background-attachment":"scroll","background-type":"","background-media":"","overlay-type":"","overlay-color":"","overlay-opacity":"","overlay-gradient":""},"mobile":{"background-color":"","background-image":"","background-repeat":"repeat","background-position":"center center","background-size":"auto","background-attachment":"scroll","background-type":"","background-media":"","overlay-type":"","overlay-color":"","overlay-opacity":"","overlay-gradient":""}},"ast-content-background-meta":{"desktop":{"background-color":"var(--ast-global-color-4)","background-image":"","background-repeat":"repeat","background-position":"center center","background-size":"auto","background-attachment":"scroll","background-type":"","background-media":"","overlay-type":"","overlay-color":"","overlay-opacity":"","overlay-gradient":""},"tablet":{"background-color":"var(--ast-global-color-4)","background-image":"","background-repeat":"repeat","background-position":"center center","background-size":"auto","background-attachment":"scroll","background-type":"","background-media":"","overlay-type":"","overlay-color":"","overlay-opacity":"","overlay-gradient":""},"mobile":{"background-color":"var(--ast-global-color-4)","background-image":"","background-repeat":"repeat","background-position":"center center","background-size":"auto","background-attachment":"scroll","background-type":"","background-media":"","overlay-type":"","overlay-color":"","overlay-opacity":"","overlay-gradient":""}}},"product_brand":[],"product_cat":[15,35],"product_tag":[1802,2054,4021,1437,1451],"class_list":{"0":"post-15601","1":"product","2":"type-product","3":"status-publish","4":"has-post-thumbnail","6":"product_cat-uncategorized","7":"product_cat-vaikams-ir-paaugliams","8":"product_tag-gamta","9":"product_tag-gyvunai","10":"product_tag-jack-london","11":"product_tag-klasika","12":"product_tag-nuotykiai","13":"desktop-align-left","14":"tablet-align-left","15":"mobile-align-left","17":"first","18":"instock","19":"shipping-taxable","20":"purchasable","21":"product-type-simple"},"acf":[],"yoast_head":"<!-- This site is optimized with the Yoast SEO plugin v27.0 - https:\/\/yoast.com\/product\/yoast-seo-wordpress\/ -->\n<title>Baltoji iltis<\/title>\n<meta name=\"description\" content=\"Vaikams nuo 7 m. Nuostab\u016bs bebaimio ir protingo pusiau vilko, pusiau \u0161uns nuotykiai Amerikos \u0161iaur\u0117je. \u0160is didingas gyv\u016bnas, pavadintas Balt\u0105ja Iltimi,\" \/>\n<meta name=\"robots\" content=\"index, follow, max-snippet:-1, max-image-preview:large, max-video-preview:-1\" \/>\n<link rel=\"canonical\" href=\"https:\/\/skaitytaknyga.lt\/en\/produktas\/baltoji-iltis\/\" \/>\n<meta property=\"og:locale\" content=\"en_GB\" \/>\n<meta property=\"og:locale:alternate\" content=\"lt_LT\" \/>\n<meta property=\"og:type\" content=\"article\" \/>\n<meta property=\"og:title\" content=\"Baltoji iltis\" \/>\n<meta property=\"og:description\" content=\"Vaikams nuo 7 m. Nuostab\u016bs bebaimio ir protingo pusiau vilko, pusiau \u0161uns nuotykiai Amerikos \u0161iaur\u0117je. \u0160is didingas gyv\u016bnas, pavadintas Balt\u0105ja Iltimi,\" \/>\n<meta property=\"og:url\" content=\"https:\/\/skaitytaknyga.lt\/en\/produktas\/baltoji-iltis\/\" \/>\n<meta property=\"og:site_name\" content=\"Skaitytaknyga\" \/>\n<meta property=\"article:publisher\" content=\"https:\/\/www.facebook.com\/skaitytaknyga\/\" \/>\n<meta property=\"article:modified_time\" content=\"2025-06-11T10:19:34+00:00\" \/>\n<meta property=\"og:image\" content=\"https:\/\/skaitytaknyga.lt\/wp-content\/uploads\/2024\/12\/Baltoji-iltis.webp\" \/>\n\t<meta property=\"og:image:width\" content=\"518\" \/>\n\t<meta property=\"og:image:height\" content=\"600\" \/>\n\t<meta property=\"og:image:type\" content=\"image\/webp\" \/>\n<meta name=\"twitter:card\" content=\"summary_large_image\" \/>\n<meta name=\"twitter:label1\" content=\"Estimated reading time\" \/>\n\t<meta name=\"twitter:data1\" content=\"2 minutes\" \/>\n<script type=\"application\/ld+json\" class=\"yoast-schema-graph\">{\"@context\":\"https:\/\/schema.org\",\"@graph\":[{\"@type\":\"WebPage\",\"@id\":\"https:\/\/skaitytaknyga.lt\/produktas\/baltoji-iltis\/\",\"url\":\"https:\/\/skaitytaknyga.lt\/produktas\/baltoji-iltis\/\",\"name\":\"Baltoji iltis\",\"isPartOf\":{\"@id\":\"https:\/\/skaitytaknyga.lt\/#website\"},\"primaryImageOfPage\":{\"@id\":\"https:\/\/skaitytaknyga.lt\/produktas\/baltoji-iltis\/#primaryimage\"},\"image\":{\"@id\":\"https:\/\/skaitytaknyga.lt\/produktas\/baltoji-iltis\/#primaryimage\"},\"thumbnailUrl\":\"https:\/\/skaitytaknyga.lt\/wp-content\/uploads\/2024\/12\/Baltoji-iltis.webp\",\"datePublished\":\"2024-12-19T12:37:14+00:00\",\"dateModified\":\"2025-06-11T10:19:34+00:00\",\"description\":\"Vaikams nuo 7 m. Nuostab\u016bs bebaimio ir protingo pusiau vilko, pusiau \u0161uns nuotykiai Amerikos \u0161iaur\u0117je. \u0160is didingas gyv\u016bnas, pavadintas Balt\u0105ja Iltimi,\",\"breadcrumb\":{\"@id\":\"https:\/\/skaitytaknyga.lt\/produktas\/baltoji-iltis\/#breadcrumb\"},\"inLanguage\":\"en-GB\",\"potentialAction\":[{\"@type\":\"ReadAction\",\"target\":[\"https:\/\/skaitytaknyga.lt\/produktas\/baltoji-iltis\/\"]}]},{\"@type\":\"ImageObject\",\"inLanguage\":\"en-GB\",\"@id\":\"https:\/\/skaitytaknyga.lt\/produktas\/baltoji-iltis\/#primaryimage\",\"url\":\"https:\/\/skaitytaknyga.lt\/wp-content\/uploads\/2024\/12\/Baltoji-iltis.webp\",\"contentUrl\":\"https:\/\/skaitytaknyga.lt\/wp-content\/uploads\/2024\/12\/Baltoji-iltis.webp\",\"width\":518,\"height\":600,\"caption\":\"Baltoji iltis\"},{\"@type\":\"BreadcrumbList\",\"@id\":\"https:\/\/skaitytaknyga.lt\/produktas\/baltoji-iltis\/#breadcrumb\",\"itemListElement\":[{\"@type\":\"ListItem\",\"position\":1,\"name\":\"Home\",\"item\":\"https:\/\/skaitytaknyga.lt\/\"},{\"@type\":\"ListItem\",\"position\":2,\"name\":\"Parduotuv\u0117\",\"item\":\"https:\/\/skaitytaknyga.lt\/knygu-parduotuve\/\"},{\"@type\":\"ListItem\",\"position\":3,\"name\":\"Baltoji iltis\"}]},{\"@type\":\"WebSite\",\"@id\":\"https:\/\/skaitytaknyga.lt\/#website\",\"url\":\"https:\/\/skaitytaknyga.lt\/\",\"name\":\"skaitytaknyga.lt\",\"description\":\"Skaitytaknyga.lt \u2013 tai ma\u017eas \u0161eimos verslas, kuris prasid\u0117jo nuo meil\u0117s knygoms ir siekio i\u0161gelb\u0117ti knygas nuo likimo prie konteinerio. Kas vienam nereikalingas daiktas \u2013 kitam lobis, o mes esame tarpininkai, kurie padeda abiems tapti laimingesniems ???? \u017dinome kaip nelengva i\u0161gyventi ma\u017eiems verslams, tad nuo \u0161iol, \u010dia rasite ir kit\u0173, ma\u017e\u0173 \u0161eim\u0173 versl\u0173, rank\u0173 darbo, dovan\u0173 sau ir artimiesiems.\",\"publisher\":{\"@id\":\"https:\/\/skaitytaknyga.lt\/#organization\"},\"potentialAction\":[{\"@type\":\"SearchAction\",\"target\":{\"@type\":\"EntryPoint\",\"urlTemplate\":\"https:\/\/skaitytaknyga.lt\/?s={search_term_string}\"},\"query-input\":{\"@type\":\"PropertyValueSpecification\",\"valueRequired\":true,\"valueName\":\"search_term_string\"}}],\"inLanguage\":\"en-GB\"},{\"@type\":\"Organization\",\"@id\":\"https:\/\/skaitytaknyga.lt\/#organization\",\"name\":\"skaitytaknyga.lt\",\"url\":\"https:\/\/skaitytaknyga.lt\/\",\"logo\":{\"@type\":\"ImageObject\",\"inLanguage\":\"en-GB\",\"@id\":\"https:\/\/skaitytaknyga.lt\/#\/schema\/logo\/image\/\",\"url\":\"https:\/\/skaitytaknyga.lt\/wp-content\/uploads\/2024\/05\/cropped-cropped-cropped-02_00843_jt3bggkj1j3HLc7SyY6rEUpg.jpeg\",\"contentUrl\":\"https:\/\/skaitytaknyga.lt\/wp-content\/uploads\/2024\/05\/cropped-cropped-cropped-02_00843_jt3bggkj1j3HLc7SyY6rEUpg.jpeg\",\"width\":1600,\"height\":1600,\"caption\":\"skaitytaknyga.lt\"},\"image\":{\"@id\":\"https:\/\/skaitytaknyga.lt\/#\/schema\/logo\/image\/\"},\"sameAs\":[\"https:\/\/www.facebook.com\/skaitytaknyga\/\"]}]}<\/script>\n<!-- \/ Yoast SEO plugin. -->","yoast_head_json":{"title":"Baltoji iltis","description":"Vaikams nuo 7 m. Nuostab\u016bs bebaimio ir protingo pusiau vilko, pusiau \u0161uns nuotykiai Amerikos \u0161iaur\u0117je. \u0160is didingas gyv\u016bnas, pavadintas Balt\u0105ja Iltimi,","robots":{"index":"index","follow":"follow","max-snippet":"max-snippet:-1","max-image-preview":"max-image-preview:large","max-video-preview":"max-video-preview:-1"},"canonical":"https:\/\/skaitytaknyga.lt\/en\/produktas\/baltoji-iltis\/","og_locale":"en_GB","og_type":"article","og_title":"[:lt]Baltoji iltis[:] - Skaitytaknyga","og_description":"Vaikams nuo 7 m. Nuostab\u016bs bebaimio ir protingo pusiau vilko, pusiau \u0161uns nuotykiai Amerikos \u0161iaur\u0117je. \u0160is didingas gyv\u016bnas, pavadintas Balt\u0105ja Iltimi,","og_url":"https:\/\/skaitytaknyga.lt\/en\/produktas\/baltoji-iltis\/","og_site_name":"Skaitytaknyga","article_publisher":"https:\/\/www.facebook.com\/skaitytaknyga\/","article_modified_time":"2025-06-11T10:19:34+00:00","og_image":[{"width":518,"height":600,"url":"https:\/\/skaitytaknyga.lt\/wp-content\/uploads\/2024\/12\/Baltoji-iltis.webp","type":"image\/webp"}],"twitter_card":"summary_large_image","twitter_misc":{"Estimated reading time":"2 minutes"},"schema":{"@context":"https:\/\/schema.org","@graph":[{"@type":"WebPage","@id":"https:\/\/skaitytaknyga.lt\/produktas\/baltoji-iltis\/","url":"https:\/\/skaitytaknyga.lt\/produktas\/baltoji-iltis\/","name":"Baltoji iltis","isPartOf":{"@id":"https:\/\/skaitytaknyga.lt\/#website"},"primaryImageOfPage":{"@id":"https:\/\/skaitytaknyga.lt\/produktas\/baltoji-iltis\/#primaryimage"},"image":{"@id":"https:\/\/skaitytaknyga.lt\/produktas\/baltoji-iltis\/#primaryimage"},"thumbnailUrl":"https:\/\/skaitytaknyga.lt\/wp-content\/uploads\/2024\/12\/Baltoji-iltis.webp","datePublished":"2024-12-19T12:37:14+00:00","dateModified":"2025-06-11T10:19:34+00:00","description":"Vaikams nuo 7 m. Nuostab\u016bs bebaimio ir protingo pusiau vilko, pusiau \u0161uns nuotykiai Amerikos \u0161iaur\u0117je. \u0160is didingas gyv\u016bnas, pavadintas Balt\u0105ja Iltimi,","breadcrumb":{"@id":"https:\/\/skaitytaknyga.lt\/produktas\/baltoji-iltis\/#breadcrumb"},"inLanguage":"en-GB","potentialAction":[{"@type":"ReadAction","target":["https:\/\/skaitytaknyga.lt\/produktas\/baltoji-iltis\/"]}]},{"@type":"ImageObject","inLanguage":"en-GB","@id":"https:\/\/skaitytaknyga.lt\/produktas\/baltoji-iltis\/#primaryimage","url":"https:\/\/skaitytaknyga.lt\/wp-content\/uploads\/2024\/12\/Baltoji-iltis.webp","contentUrl":"https:\/\/skaitytaknyga.lt\/wp-content\/uploads\/2024\/12\/Baltoji-iltis.webp","width":518,"height":600,"caption":"Baltoji iltis"},{"@type":"BreadcrumbList","@id":"https:\/\/skaitytaknyga.lt\/produktas\/baltoji-iltis\/#breadcrumb","itemListElement":[{"@type":"ListItem","position":1,"name":"Home","item":"https:\/\/skaitytaknyga.lt\/"},{"@type":"ListItem","position":2,"name":"Parduotuv\u0117","item":"https:\/\/skaitytaknyga.lt\/knygu-parduotuve\/"},{"@type":"ListItem","position":3,"name":"Baltoji iltis"}]},{"@type":"WebSite","@id":"https:\/\/skaitytaknyga.lt\/#website","url":"https:\/\/skaitytaknyga.lt\/","name":"skaitytaknyga.lt","description":"Skaitytaknyga.lt \u2013 tai ma\u017eas \u0161eimos verslas, kuris prasid\u0117jo nuo meil\u0117s knygoms ir siekio i\u0161gelb\u0117ti knygas nuo likimo prie konteinerio. Kas vienam nereikalingas daiktas \u2013 kitam lobis, o mes esame tarpininkai, kurie padeda abiems tapti laimingesniems ???? \u017dinome kaip nelengva i\u0161gyventi ma\u017eiems verslams, tad nuo \u0161iol, \u010dia rasite ir kit\u0173, ma\u017e\u0173 \u0161eim\u0173 versl\u0173, rank\u0173 darbo, dovan\u0173 sau ir artimiesiems.","publisher":{"@id":"https:\/\/skaitytaknyga.lt\/#organization"},"potentialAction":[{"@type":"SearchAction","target":{"@type":"EntryPoint","urlTemplate":"https:\/\/skaitytaknyga.lt\/?s={search_term_string}"},"query-input":{"@type":"PropertyValueSpecification","valueRequired":true,"valueName":"search_term_string"}}],"inLanguage":"en-GB"},{"@type":"Organization","@id":"https:\/\/skaitytaknyga.lt\/#organization","name":"skaitytaknyga.lt","url":"https:\/\/skaitytaknyga.lt\/","logo":{"@type":"ImageObject","inLanguage":"en-GB","@id":"https:\/\/skaitytaknyga.lt\/#\/schema\/logo\/image\/","url":"https:\/\/skaitytaknyga.lt\/wp-content\/uploads\/2024\/05\/cropped-cropped-cropped-02_00843_jt3bggkj1j3HLc7SyY6rEUpg.jpeg","contentUrl":"https:\/\/skaitytaknyga.lt\/wp-content\/uploads\/2024\/05\/cropped-cropped-cropped-02_00843_jt3bggkj1j3HLc7SyY6rEUpg.jpeg","width":1600,"height":1600,"caption":"skaitytaknyga.lt"},"image":{"@id":"https:\/\/skaitytaknyga.lt\/#\/schema\/logo\/image\/"},"sameAs":["https:\/\/www.facebook.com\/skaitytaknyga\/"]}]}},"_links":{"self":[{"href":"https:\/\/skaitytaknyga.lt\/en\/wp-json\/wp\/v2\/product\/15601","targetHints":{"allow":["GET"]}}],"collection":[{"href":"https:\/\/skaitytaknyga.lt\/en\/wp-json\/wp\/v2\/product"}],"about":[{"href":"https:\/\/skaitytaknyga.lt\/en\/wp-json\/wp\/v2\/types\/product"}],"replies":[{"embeddable":true,"href":"https:\/\/skaitytaknyga.lt\/en\/wp-json\/wp\/v2\/comments?post=15601"}],"wp:featuredmedia":[{"embeddable":true,"href":"https:\/\/skaitytaknyga.lt\/en\/wp-json\/wp\/v2\/media\/15605"}],"wp:attachment":[{"href":"https:\/\/skaitytaknyga.lt\/en\/wp-json\/wp\/v2\/media?parent=15601"}],"wp:term":[{"taxonomy":"product_brand","embeddable":true,"href":"https:\/\/skaitytaknyga.lt\/en\/wp-json\/wp\/v2\/product_brand?post=15601"},{"taxonomy":"product_cat","embeddable":true,"href":"https:\/\/skaitytaknyga.lt\/en\/wp-json\/wp\/v2\/product_cat?post=15601"},{"taxonomy":"product_tag","embeddable":true,"href":"https:\/\/skaitytaknyga.lt\/en\/wp-json\/wp\/v2\/product_tag?post=15601"}],"curies":[{"name":"wp","href":"https:\/\/api.w.org\/{rel}","templated":true}]}}